{"id":1513,"date":"2023-11-21T12:07:24","date_gmt":"2023-11-21T12:07:24","guid":{"rendered":"https:\/\/centro-cee.com\/web\/?post_type=product&#038;p=1513"},"modified":"2026-03-13T16:57:52","modified_gmt":"2026-03-13T16:57:52","slug":"entrenador-de-fisioculturismo-coaching-mentoring","status":"publish","type":"product","link":"https:\/\/centro-cee.com\/web\/producto\/entrenador-de-fisioculturismo-coaching-mentoring\/","title":{"rendered":"Entrenador de f\u00edsicoculturismo + coaching &#038; mentoring"},"content":{"rendered":"<p><a href=\"https:\/\/centro-cee.com\/web\/formaciones\/\">Atr\u00e1s<\/a><\/p>\n<p><em><strong>Entrenador de fisioculturismo + coaching &amp; mentoring<\/strong><\/em><\/p>\n<p>Toda esta informaci\u00f3n se realiza 100% online en nuestro campus online de formaci\u00f3n.<\/p>\n<p>Las tutorias se realizan directamente desde el campus de estudio con la opci\u00f3n de mensajer\u00eda a profesores. Las tutorias son \u201ca demanda\u201d, cuando necesites soporte nos lo pides.<\/p>\n<p>Los t\u00edtulos de Centro CEE est\u00e1n autenticados por la firma de notario que valida contenidos y autenticidad a nivel internacional. Nuestra organizaci\u00f3n pertenece a la Asociaci\u00f3n Espa\u00f1ola de Calidad, organizaci\u00f3n Espa\u00f1ola de referencia para la calidad\u00a0en la formaci\u00f3n de auxiliar de enfermer\u00eda. La certificaci\u00f3n se puede apostillar por la Haya para cualquier pa\u00eds firmante del convenio de la Haya.<\/p>\n<p>Formaci\u00f3n certificada por la <strong>Universidad CLEA<\/strong> con reconocimiento de 50 cr\u00e9ditos acad\u00e9micos.<\/p>\n<p>Se puede pagar a plazos.<\/p>\n<p>Carga horaria de la formaci\u00f3n: 400h<\/p>\n<p>&nbsp;<\/p>\n<h2>Temario<\/h2>\n<hr \/>\n<p>UNIDAD DID\u00c1CTICA 1. FISIOLOG\u00cdA Y ANATOM\u00cdA DEL SER HUMANO<br \/>\n1. Sistema \u00f3seo<br \/>\n2. &#8211; Huesos de la cabeza<br \/>\n3. &#8211; Huesos del t\u00f3rax<br \/>\n4. &#8211; Huesos vertebrales<br \/>\n5. &#8211; Huesos de las extremidades superiores<br \/>\n6. &#8211; Huesos de las extremidades inferiores<br \/>\n7. Deformaciones de la columna vertebral<br \/>\n8. El m\u00fasculo<br \/>\n9. &#8211; Contracci\u00f3n<br \/>\n10. -..<br \/>\nUNIDAD DID\u00c1CTICA 2. MIOLOG\u00cdA APLICADA<br \/>\n1. Introducci\u00f3n a la Miolog\u00eda<br \/>\n2. Tipos de Tejido Muscular<br \/>\n3. &#8211; Tejido muscular liso<br \/>\n4. &#8211; Tejido muscular esquel\u00e9tico o estriado<br \/>\n5. &#8211; Tejido muscular cardiaco<br \/>\n6. Caracter\u00edsticas del tejido muscular<br \/>\n7. &#8211; Regeneraci\u00f3n del tejido muscular<br \/>\n8. El M\u00fasculo Esquel\u00e9tico<br \/>\n9. ..<br \/>\nUNIDAD DID\u00c1CTICA 3. FISIOLOG\u00cdA DEL EJERCICIO F\u00cdSICO<br \/>\n1. Introducci\u00f3n a la fisiolog\u00eda del ejercicio<br \/>\n2. &#8211; Conceptos<br \/>\n3. &#8211; Actividad f\u00edsica y salud cardiovascular<br \/>\n4. Ejercicio f\u00edsico<br \/>\n5. &#8211; Clasificaci\u00f3n<br \/>\n6. &#8211; Factores que influyen en el desgaste f\u00edsico<br \/>\n7. &#8211; Efectos fisiol\u00f3gicos producidos mediante el ejercicio f\u00edsico<br \/>\n8. &#8211; Fases del ejercicio f\u00edsico<br \/>\n9. Adaptaciones org\u00e1nicas en el ejercicio<br \/>\n10. &#8211; Adaptaciones metab\u00f3licas<br \/>\n11. \u2026<br \/>\nUNIDAD DID\u00c1CTICA 4. EJERCICIO Y ACONDICIONAMIENTO FISICOCULTURISTA<br \/>\n1. Gimnasia de musculaci\u00f3n. Equipo b\u00e1sico<br \/>\n2. &#8211; Barras<br \/>\n3. &#8211; Mancuernas<br \/>\n4. &#8211; Soportes y jaulas<br \/>\n5. &#8211; M\u00e1quinas<br \/>\n6. &#8211; Bancos<br \/>\n7. Terminolog\u00eda de la musculaci\u00f3n<br \/>\n8. &#8211; Horario \u00f3ptimo<br \/>\n9. &#8211; La importancia de la respiraci\u00f3n<br \/>\n10. Ejercicios de musculaci\u00f3n<br \/>\n11. &#8211; Pectorales<br \/>\n12. &#8211; Dorsales<br \/>\n13. &#8211; Oblicuos<br \/>\n14. &#8211; Hombros<br \/>\n15. &#8211; ..<br \/>\nUNIDAD DID\u00c1CTICA 5. SUPLEMENTACI\u00d3N DEPORTIVA<br \/>\n1. Concepto de Suplementaci\u00f3n Deportiva y biotipos<br \/>\n2. Suplementos deportivos<br \/>\n3. &#8211; Prote\u00ednas<br \/>\n4. &#8211; Carbohidratos<br \/>\n5. &#8211; Amino\u00e1cidos<br \/>\n6. ..<br \/>\nUNIDAD DID\u00c1CTICA 6. AYUDAS ERGOG\u00c9NICAS<br \/>\n1. Ayuda ergog\u00e9nica<br \/>\n2. &#8211; Principales caracter\u00edsticas<br \/>\n3. &#8211; Estudios e investigaciones<br \/>\n4. Ayudas ergog\u00e9nicas de tipo lip\u00eddico y sustancias relacionadas<br \/>\n5. Ayudas ergog\u00e9nicas de tipo proteico, amino\u00e1cidos y otras sustancias \u2026<br \/>\nUNIDAD DID\u00c1CTICA 7. T\u00c9CNICAS DE ENTRENAMIENTO<br \/>\n1. Ejercicios de musculaci\u00f3n<br \/>\n2. T\u00e9cnicas b\u00e1sicas de entrenamiento culturista<br \/>\n3. ..<br \/>\nUNIDAD DID\u00c1CTICA 8. DOPAJE<br \/>\n1. Dopaje<br \/>\n2. &#8211; Definici\u00f3n<br \/>\n3. &#8211; Sustancias prohibidas por el Comit\u00e9 Ol\u00edmpico Internacional<br \/>\n4. &#8211; Motivos de la lucha antidopaje<br \/>\n5. &#8211; Historia del dopaje y la relaci\u00f3n del mismo con las drogodependencias<br \/>\n6. Sustancias y m\u00e9todos de dopaje<br \/>\n7. &#8211; Las sustancias dopantes. Sus metabolitos. Sus precursores<br \/>\n8. &#8211; Los m\u00e9todos de dopaje<br \/>\n9. Organizaci\u00f3n de los controles de dopaje<br \/>\n10. Recogida y extracci\u00f3n de muestras<br \/>\n11. &#8211; Derechos y deberes de los agentes de control de dopaje Notificaci\u00f3n a los deportistas<br \/>\n12. &#8211; Preparaci\u00f3n y realizaci\u00f3n de los procesos de toma de muestras<br \/>\n13. &#8211; Directrices para realizar el proceso de recogida de muestras de orina en un control del dopaje<br \/>\n14. &#8211; Directrices para realizar el proceso de recogida de muestras de sangre en un control del dopaje<br \/>\n15. &#8211; \u2026.<br \/>\nUNIDAD DID\u00c1CTICA 9. LESIONES DEPORTIVAS. PREVENCI\u00d3N Y TRATAMIENTO<br \/>\n1. Introducci\u00f3n a las lesiones deportivas<br \/>\n2. Definici\u00f3n<br \/>\n3. La prevenci\u00f3n<br \/>\n4. Tratamiento<br \/>\n5. Lesiones deportivas frecuentes<br \/>\n6. &#8211; ..<br \/>\nUNIDAD DID\u00c1CTICA 10. PRIMEROS AUXILIOS<br \/>\n1. Introducci\u00f3n a los Primeros Auxilios<br \/>\n2. &#8211; Principios b\u00e1sicos de actuaci\u00f3n en primeros auxilios<br \/>\n3. &#8211; La respiraci\u00f3n<br \/>\n4. &#8211; El pulso<br \/>\n5. Actuaciones en primeros auxilios<br \/>\n6. &#8211; Ahogamiento<br \/>\n7. &#8211; Las p\u00e9rdidas de consciencia<br \/>\n8. &#8211; Las crisis cardiacas<br \/>\n9. &#8211; Hemorragias<br \/>\n10. ..<\/p>\n<p>COACHING &amp; MENTORING<br \/>\nTEMA 1. \u00bfQU\u00c9 ES EL COACHING?<br \/>\n1. El cambio, la crisis y la construcci\u00f3n de la identidad<br \/>\n2. Concepto de coaching<br \/>\n3. Etimolog\u00eda del coaching<br \/>\n4. ..<br \/>\nTEMA 2. IMPORTANCIA DEL COACHING<br \/>\n1. \u00bfPor qu\u00e9 es importante el coaching?<br \/>\n2. Principios y valores<br \/>\n3. Tipos de coaching<br \/>\n4. Beneficios de un coaching eficaz<br \/>\n5. Mitos sobre coaching<br \/>\nTEMA 3. ASPECTOS FUNDAMENTALES DEL COACHING (I)<br \/>\n1. Introducci\u00f3n: los elementos claves para el \u00e9xito<br \/>\n2. Motivaci\u00f3n<br \/>\n3. Autoestima<br \/>\n4. Autoconfianza<br \/>\nTEMA 4. ASPECTOS FUNDAMENTALES DEL COACHING (II)<br \/>\n1. Responsabilidad y compromiso<br \/>\n2. Acci\u00f3n<br \/>\n3. Creatividad<br \/>\n4. \u2026<br \/>\nTEMA 5. \u00c9TICA Y COACHING<br \/>\n1. Liderazgo, poder y \u00e9tica<br \/>\n2. Confidencialidad del Proceso<br \/>\n3. \u00c9tica y Deontolog\u00eda del coach<br \/>\n4. \u2026<br \/>\nTEMA 6. COACHING, CAMBIO Y APRENDIZAJE<br \/>\n1. La superaci\u00f3n de los bloqueos<br \/>\n2. El deseo de avanzar<br \/>\n3. Coaching y aprendizaje<br \/>\n4. Factores que afectan al proceso de aprendizaje<br \/>\n5. \u2026<br \/>\nTEMA 7. EL PROCESO DE COACHING: ASPECTOS GENERALES<br \/>\n1. Coaching \u00bfherramienta o proceso?<br \/>\n2. Motivaci\u00f3n en el proceso<br \/>\n3. La voluntad como requisito del inicio del proceso<br \/>\n4. Riesgos del proceso de coaching<br \/>\nTEMA 8. HABILIDADES RELACIONADAS CON EL PROCESO<br \/>\n1. Introducci\u00f3n<br \/>\n2. Escucha<br \/>\n3. Empat\u00eda<br \/>\n4. May\u00e9utica e influencia<br \/>\n5. La capacidad diagn\u00f3stica<br \/>\nTEMA 9. FASES EN EL PROCESO DE COACHING<br \/>\n1. Primera fase: establecer la relaci\u00f3n de coaching<br \/>\n2. Segunda fase: planificaci\u00f3n de la acci\u00f3n<br \/>\n3. Tercera fase: ciclo de coaching<br \/>\n4. Cuarta Fase: evaluaci\u00f3n y seguimiento<br \/>\n5. Una sesi\u00f3n inicial de coaching<br \/>\nTEMA 10. EVALUACI\u00d3N (I)<br \/>\n1. \u00bfPor qu\u00e9 es necesaria la evaluaci\u00f3n?<br \/>\n2. Beneficios de los programas de evaluaci\u00f3n de coaching<br \/>\n3. Factores que pueden interferir en la evaluaci\u00f3n<br \/>\n4. \u00bf\u2026<br \/>\nTEMA 11. EVALUACI\u00d3N (II)<br \/>\n1. El final de la evaluaci\u00f3n<br \/>\n2. Evaluaci\u00f3n externa<br \/>\n3. Sesiones de evaluaci\u00f3n continua<br \/>\n4. \u2026<br \/>\nTEMA 12. EL COACH<br \/>\n1. La figura del coach<br \/>\n2. Tipos de coach<br \/>\n3. Papel del coach en el proceso de coaching ejecutivo<br \/>\nTEMA 13. COMPETENCIAS DEL COACH<br \/>\n1. Competencias clave y actuaci\u00f3n del coach<br \/>\n2. Las caracter\u00edsticas del coach efectivo para el desarrollo de competencias<br \/>\n3. Dos competencias clave para el desarrollo de una empresa liberadora<br \/>\nTEMA 14. LA PREPARACI\u00d3N DE UN BUEN COACH<br \/>\n1. Preparaci\u00f3n t\u00e9cnica: formaci\u00f3n y experiencia empresarial<br \/>\n2. Errores m\u00e1s comunes del coach<br \/>\n3. Capacitaci\u00f3n para conducir las sesiones de coaching<br \/>\nTEMA 15. LA FIGURA DEL COACHEE<br \/>\n1. La figura del coachee<br \/>\n2. Caracter\u00edsticas del destinatario del coaching<br \/>\n3. La capacidad para recibir el coaching<br \/>\n4. \u2026<br \/>\nTEMA 16. COACHING Y DEPORTE<br \/>\n1. El origen del coaching<br \/>\n2. La estrategia deportiva<br \/>\n3. Coaching deportivo: aprender a fluir<br \/>\nTEMA 17. VALORES DEL DEPORTE<br \/>\n1. El deporte: crisol de valores<br \/>\n2. La sana competitividad<br \/>\n3. Beneficios del deporte<br \/>\n4. Coaching deportivo y salud<br \/>\nTEMA 18. EL ENTRENADOR: COACH<br \/>\n1. Descripci\u00f3n del buen entrenador<br \/>\n2. Objetivos, misi\u00f3n y valores del entrenador<br \/>\n3. Claves del entrenador-coach<br \/>\n4. Gestionar deportistas<br \/>\nTEMA 19. EL ENTRENAMIENTO<br \/>\n1. \u00bfQu\u00e9 significa entrenar?<br \/>\n2. Claves para un buen entrenamiento<br \/>\n3. Tipos de entrenamiento<br \/>\n4. \u2026<br \/>\nTEMA 20. CONCIENCIA PERSONAL<br \/>\n1. El deportista: concentraci\u00f3n<br \/>\n2. Regulaci\u00f3n emocional en el deporte y las atribuciones<br \/>\n3. Autoestima y autoconfianza<br \/>\n4. Prevenci\u00f3n de lesiones<br \/>\nTEMA 21. CONCIENCIA GRUPAL<br \/>\n1. El equipo: sinergia grupal<br \/>\n2. Grupo vs. Equipo<br \/>\n3. El \u00e9xito colectivo<br \/>\nTEMA 22. GESTI\u00d3N DE LAS EMOCIONES<br \/>\n1. Mantener una actitud positiva<br \/>\n2. Motivaci\u00f3n<br \/>\n3. Reconocer las posibilidades: autovaloraci\u00f3n<br \/>\n4. Energ\u00eda emocional<br \/>\n5. Intenci\u00f3n ganadora<br \/>\nTEMA 23. EL CUERPO, LA MENTE Y EL DEPORTE<br \/>\n1. Cuerpo<br \/>\n2. Mente<br \/>\n3. Equilibrio cuerpo y mente<br \/>\nTEMA 24. L\u00cdDER Y LIDERAZGO<br \/>\n1. El l\u00edder<br \/>\n2. Liderazgo<br \/>\n3. Enfoques centrados en el l\u00edder<br \/>\n4. Teor\u00edas situacionales o de contingencia<br \/>\n5. Estilos de liderazgo<br \/>\n6. M\u00d3DULO VI. T\u00c9CNICAS<br \/>\nTEMA 25. T\u00c9CNICAS DEPORTIVAS<br \/>\n1. Introducci\u00f3n a las t\u00e9cnicas de coaching en positivo<br \/>\n2. Visualizaci\u00f3n<br \/>\n3. Relajaci\u00f3n<br \/>\n4. \u2026<br \/>\nTEMA 26. T\u00c9CNICAS DE EQUIPO<br \/>\n1. Definici\u00f3n y clasificaci\u00f3n<br \/>\n2. T\u00e9cnicas de grupo grande<br \/>\n3. Grupo mediano<br \/>\n4. T\u00e9cnicas de grupo peque\u00f1o<br \/>\n5. T\u00e9cnicas que requieren del coach<br \/>\n6. \u2026<br \/>\nTEMA 27. LAS METAS EN EL DEPORTE<br \/>\n1. \u00bfQu\u00e9 entendemos por meta?<br \/>\n2. Pautas para establecer una buena meta<br \/>\n3. Dise\u00f1o de un sistema de establecimiento de metas<br \/>\nTEMA 28. ESTABLECER OBJETIVOS<br \/>\n1. Diferencia entre objetivo y meta<br \/>\n2. Pautas para enunciar objetivos<br \/>\n3. Fases para establecer objetivos<br \/>\nTEMA 29. PREPARACI\u00d3N PARA ALCANZAR LA META<br \/>\n1. Plantear las metas<br \/>\n2. Conseguir las metas<br \/>\n3. M\u00d3DULO VIII. COACHING DEPORTIVO Y OTRAS DISCIPLINAS<br \/>\nTEMA 30. COACHING, PSICOLOG\u00cdA DEL DEPORTE Y DEPORTE<br \/>\n1. \u00bfQu\u00e9 es la psicolog\u00eda del deporte?<br \/>\n2. Herramientas, ejercicios y principios de la psicolog\u00eda del deporte<br \/>\n3. Aportaciones de la psicolog\u00eda al deporte<br \/>\nTEMA 31. COACHING, MENTORING Y DEPORTE<br \/>\n1. \u00bfQu\u00e9 es el mentoring?<br \/>\n2. Semejanzas y diferencias entre coaching y mentoring<br \/>\n3. Principios y leyes del mentoring<br \/>\n4. Herramientas y t\u00e9cnicas del mentoring<br \/>\nTEMA 32. COACHING, INTELIGENCIA EMOCIONAL Y DEPORTE<br \/>\n1. \u00bfQu\u00e9 es la Inteligencia Emocional?<br \/>\n2. Componentes de la inteligencia emocional<br \/>\n3. ..<br \/>\nTEMA 33. COACHING, PNL Y DEPORTE<br \/>\n1. \u00bfQu\u00e9 es la Programaci\u00f3n Neuroling\u00fc\u00edstica?<br \/>\n2. Principios de la PNL<br \/>\n3. \u2026<\/p>\n<p><em><strong>Entrenador de fisioculturismo + coaching &amp; mentoring<\/strong><\/em><\/p>\n<hr \/>\n","protected":false},"excerpt":{"rendered":"<p><a href=\"https:\/\/centro-cee.com\/web\/formaciones\/\">Atr\u00e1s<\/a><\/p>\n<p>Esta programa combina los conocimientos para que seas Entrenador de Fisioculturismo + Coaching &amp; Mentoring, esta formaci\u00f3n est\u00e1 dise\u00f1ada debido a la demanda, el ejercicio, salud, y concretamente el acondicionamiento f\u00edsico, los cuales son especialidades que todos los centros deportivos, gimnasios, etc, ofertan al p\u00fablico, por ello es necesario formas profesionales de esta especialidad. Con los contenidos del curso tendr\u00e1s todas las herramientas t\u00e9cnicas que despu\u00e9s podr\u00e1s aplicar en tu rutina deportiva, incluso podr\u00e1s crear rutinas personalizadas para tus clientes y alumnos.<\/p>\n","protected":false},"featured_media":1514,"comment_status":"closed","ping_status":"closed","template":"","meta":[],"product_brand":[],"product_cat":[2052,1798,34],"product_tag":[714,711,715,720,718,712,716,719,717,713],"class_list":{"0":"post-1513","1":"product","2":"type-product","3":"status-publish","4":"has-post-thumbnail","6":"product_cat-cursos-educacion","7":"product_cat-cursos-fef","8":"product_cat-tecnicos","9":"product_tag-certificacion-de-entrenador-personal","10":"product_tag-curso-de-entrenador-de-fisicoculturismo","11":"product_tag-curso-online-de-fisicoculturismo","12":"product_tag-entrenamiento-y-fisiologia-en-fisicoculturismo","13":"product_tag-especializacion-en-fisicoculturismo","14":"product_tag-formacion-en-fisicoculturismo","15":"product_tag-nutricion-para-fisicoculturismo","16":"product_tag-preparacion-para-competiciones-de-fisicoculturismo","17":"product_tag-programas-de-entrenamiento-en-fisicoculturismo","18":"product_tag-tecnicas-de-entrenamiento-en-fisicoculturismo","20":"first","21":"instock","22":"sale","23":"shipping-taxable","24":"purchasable","25":"product-type-simple"},"yoast_head":"<!-- This site is optimized with the Yoast SEO plugin v27.4 - https:\/\/yoast.com\/product\/yoast-seo-wordpress\/ -->\n<title>Entrenador de fisioculturismo + coaching &amp; mentoring<\/title>\n<meta name=\"description\" content=\"Desarrolla tus habilidades y mejora tus conocimientos con nuestro curso de Entrenador de fisioculturismo + coaching &amp; mentoring\" \/>\n<meta name=\"robots\" content=\"index, follow, max-snippet:-1, max-image-preview:large, max-video-preview:-1\" \/>\n<link rel=\"canonical\" href=\"https:\/\/centro-cee.com\/web\/producto\/entrenador-de-fisioculturismo-coaching-mentoring\/\" \/>\n<meta property=\"og:locale\" content=\"es_ES\" \/>\n<meta property=\"og:type\" content=\"article\" \/>\n<meta property=\"og:title\" content=\"Entrenador de fisioculturismo + coaching &amp; mentoring\" \/>\n<meta property=\"og:description\" content=\"Desarrolla tus habilidades y mejora tus conocimientos con nuestro curso de Entrenador de fisioculturismo + coaching &amp; mentoring\" \/>\n<meta property=\"og:url\" content=\"https:\/\/centro-cee.com\/web\/producto\/entrenador-de-fisioculturismo-coaching-mentoring\/\" \/>\n<meta property=\"og:site_name\" content=\"CEE Centro Europeo E-learning - Cursos online\" \/>\n<meta property=\"article:modified_time\" content=\"2026-03-13T16:57:52+00:00\" \/>\n<meta property=\"og:image\" content=\"https:\/\/centro-cee.com\/web\/wp-content\/uploads\/2023\/11\/imagen_2023-11-21_130849603.png\" \/>\n\t<meta property=\"og:image:width\" content=\"698\" \/>\n\t<meta property=\"og:image:height\" content=\"466\" \/>\n\t<meta property=\"og:image:type\" content=\"image\/png\" \/>\n<meta name=\"twitter:card\" content=\"summary_large_image\" \/>\n<meta name=\"twitter:label1\" content=\"Tiempo de lectura\" \/>\n\t<meta name=\"twitter:data1\" content=\"7 minutos\" \/>\n<script type=\"application\/ld+json\" class=\"yoast-schema-graph\">{\"@context\":\"https:\\\/\\\/schema.org\",\"@graph\":[{\"@type\":\"WebPage\",\"@id\":\"https:\\\/\\\/centro-cee.com\\\/web\\\/producto\\\/entrenador-de-fisioculturismo-coaching-mentoring\\\/\",\"url\":\"https:\\\/\\\/centro-cee.com\\\/web\\\/producto\\\/entrenador-de-fisioculturismo-coaching-mentoring\\\/\",\"name\":\"Entrenador de fisioculturismo + coaching & mentoring\",\"isPartOf\":{\"@id\":\"https:\\\/\\\/centro-cee.com\\\/web\\\/#website\"},\"primaryImageOfPage\":{\"@id\":\"https:\\\/\\\/centro-cee.com\\\/web\\\/producto\\\/entrenador-de-fisioculturismo-coaching-mentoring\\\/#primaryimage\"},\"image\":{\"@id\":\"https:\\\/\\\/centro-cee.com\\\/web\\\/producto\\\/entrenador-de-fisioculturismo-coaching-mentoring\\\/#primaryimage\"},\"thumbnailUrl\":\"https:\\\/\\\/centro-cee.com\\\/web\\\/wp-content\\\/uploads\\\/2023\\\/11\\\/imagen_2023-11-21_130849603.png\",\"datePublished\":\"2023-11-21T12:07:24+00:00\",\"dateModified\":\"2026-03-13T16:57:52+00:00\",\"description\":\"Desarrolla tus habilidades y mejora tus conocimientos con nuestro curso de Entrenador de fisioculturismo + coaching & mentoring\",\"breadcrumb\":{\"@id\":\"https:\\\/\\\/centro-cee.com\\\/web\\\/producto\\\/entrenador-de-fisioculturismo-coaching-mentoring\\\/#breadcrumb\"},\"inLanguage\":\"es\",\"potentialAction\":[{\"@type\":\"ReadAction\",\"target\":[\"https:\\\/\\\/centro-cee.com\\\/web\\\/producto\\\/entrenador-de-fisioculturismo-coaching-mentoring\\\/\"]}]},{\"@type\":\"ImageObject\",\"inLanguage\":\"es\",\"@id\":\"https:\\\/\\\/centro-cee.com\\\/web\\\/producto\\\/entrenador-de-fisioculturismo-coaching-mentoring\\\/#primaryimage\",\"url\":\"https:\\\/\\\/centro-cee.com\\\/web\\\/wp-content\\\/uploads\\\/2023\\\/11\\\/imagen_2023-11-21_130849603.png\",\"contentUrl\":\"https:\\\/\\\/centro-cee.com\\\/web\\\/wp-content\\\/uploads\\\/2023\\\/11\\\/imagen_2023-11-21_130849603.png\",\"width\":698,\"height\":466,\"caption\":\"Entrenador de fisioculturismo + coaching & mentoring\"},{\"@type\":\"BreadcrumbList\",\"@id\":\"https:\\\/\\\/centro-cee.com\\\/web\\\/producto\\\/entrenador-de-fisioculturismo-coaching-mentoring\\\/#breadcrumb\",\"itemListElement\":[{\"@type\":\"ListItem\",\"position\":1,\"name\":\"Portada\",\"item\":\"https:\\\/\\\/centro-cee.com\\\/web\\\/\"},{\"@type\":\"ListItem\",\"position\":2,\"name\":\"Entrenador de f\u00edsicoculturismo + coaching &#038; mentoring\"}]},{\"@type\":\"WebSite\",\"@id\":\"https:\\\/\\\/centro-cee.com\\\/web\\\/#website\",\"url\":\"https:\\\/\\\/centro-cee.com\\\/web\\\/\",\"name\":\"Centro Europeo E-learning\",\"description\":\"CEE Formaci\u00f3n Online\",\"publisher\":{\"@id\":\"https:\\\/\\\/centro-cee.com\\\/web\\\/#organization\"},\"alternateName\":\"Centro Online de Formaci\u00f3n\",\"potentialAction\":[{\"@type\":\"SearchAction\",\"target\":{\"@type\":\"EntryPoint\",\"urlTemplate\":\"https:\\\/\\\/centro-cee.com\\\/web\\\/?s={search_term_string}\"},\"query-input\":{\"@type\":\"PropertyValueSpecification\",\"valueRequired\":true,\"valueName\":\"search_term_string\"}}],\"inLanguage\":\"es\"},{\"@type\":\"Organization\",\"@id\":\"https:\\\/\\\/centro-cee.com\\\/web\\\/#organization\",\"name\":\"Centro Europeo E-learning CEE\",\"url\":\"https:\\\/\\\/centro-cee.com\\\/web\\\/\",\"logo\":{\"@type\":\"ImageObject\",\"inLanguage\":\"es\",\"@id\":\"https:\\\/\\\/centro-cee.com\\\/web\\\/#\\\/schema\\\/logo\\\/image\\\/\",\"url\":\"https:\\\/\\\/centro-cee.com\\\/web\\\/wp-content\\\/uploads\\\/2022\\\/12\\\/cropped-logo_educa.png\",\"contentUrl\":\"https:\\\/\\\/centro-cee.com\\\/web\\\/wp-content\\\/uploads\\\/2022\\\/12\\\/cropped-logo_educa.png\",\"width\":157,\"height\":63,\"caption\":\"Centro Europeo E-learning CEE\"},\"image\":{\"@id\":\"https:\\\/\\\/centro-cee.com\\\/web\\\/#\\\/schema\\\/logo\\\/image\\\/\"},\"sameAs\":[\"https:\\\/\\\/www.instagram.com\\\/centroeuropeo_cee\"]}]}<\/script>\n<!-- \/ Yoast SEO plugin. -->","yoast_head_json":{"title":"Entrenador de fisioculturismo + coaching & mentoring","description":"Desarrolla tus habilidades y mejora tus conocimientos con nuestro curso de Entrenador de fisioculturismo + coaching & mentoring","robots":{"index":"index","follow":"follow","max-snippet":"max-snippet:-1","max-image-preview":"max-image-preview:large","max-video-preview":"max-video-preview:-1"},"canonical":"https:\/\/centro-cee.com\/web\/producto\/entrenador-de-fisioculturismo-coaching-mentoring\/","og_locale":"es_ES","og_type":"article","og_title":"Entrenador de fisioculturismo + coaching & mentoring","og_description":"Desarrolla tus habilidades y mejora tus conocimientos con nuestro curso de Entrenador de fisioculturismo + coaching & mentoring","og_url":"https:\/\/centro-cee.com\/web\/producto\/entrenador-de-fisioculturismo-coaching-mentoring\/","og_site_name":"CEE Centro Europeo E-learning - Cursos online","article_modified_time":"2026-03-13T16:57:52+00:00","og_image":[{"width":698,"height":466,"url":"https:\/\/centro-cee.com\/web\/wp-content\/uploads\/2023\/11\/imagen_2023-11-21_130849603.png","type":"image\/png"}],"twitter_card":"summary_large_image","twitter_misc":{"Tiempo de lectura":"7 minutos"},"schema":{"@context":"https:\/\/schema.org","@graph":[{"@type":"WebPage","@id":"https:\/\/centro-cee.com\/web\/producto\/entrenador-de-fisioculturismo-coaching-mentoring\/","url":"https:\/\/centro-cee.com\/web\/producto\/entrenador-de-fisioculturismo-coaching-mentoring\/","name":"Entrenador de fisioculturismo + coaching & mentoring","isPartOf":{"@id":"https:\/\/centro-cee.com\/web\/#website"},"primaryImageOfPage":{"@id":"https:\/\/centro-cee.com\/web\/producto\/entrenador-de-fisioculturismo-coaching-mentoring\/#primaryimage"},"image":{"@id":"https:\/\/centro-cee.com\/web\/producto\/entrenador-de-fisioculturismo-coaching-mentoring\/#primaryimage"},"thumbnailUrl":"https:\/\/centro-cee.com\/web\/wp-content\/uploads\/2023\/11\/imagen_2023-11-21_130849603.png","datePublished":"2023-11-21T12:07:24+00:00","dateModified":"2026-03-13T16:57:52+00:00","description":"Desarrolla tus habilidades y mejora tus conocimientos con nuestro curso de Entrenador de fisioculturismo + coaching & mentoring","breadcrumb":{"@id":"https:\/\/centro-cee.com\/web\/producto\/entrenador-de-fisioculturismo-coaching-mentoring\/#breadcrumb"},"inLanguage":"es","potentialAction":[{"@type":"ReadAction","target":["https:\/\/centro-cee.com\/web\/producto\/entrenador-de-fisioculturismo-coaching-mentoring\/"]}]},{"@type":"ImageObject","inLanguage":"es","@id":"https:\/\/centro-cee.com\/web\/producto\/entrenador-de-fisioculturismo-coaching-mentoring\/#primaryimage","url":"https:\/\/centro-cee.com\/web\/wp-content\/uploads\/2023\/11\/imagen_2023-11-21_130849603.png","contentUrl":"https:\/\/centro-cee.com\/web\/wp-content\/uploads\/2023\/11\/imagen_2023-11-21_130849603.png","width":698,"height":466,"caption":"Entrenador de fisioculturismo + coaching & mentoring"},{"@type":"BreadcrumbList","@id":"https:\/\/centro-cee.com\/web\/producto\/entrenador-de-fisioculturismo-coaching-mentoring\/#breadcrumb","itemListElement":[{"@type":"ListItem","position":1,"name":"Portada","item":"https:\/\/centro-cee.com\/web\/"},{"@type":"ListItem","position":2,"name":"Entrenador de f\u00edsicoculturismo + coaching &#038; mentoring"}]},{"@type":"WebSite","@id":"https:\/\/centro-cee.com\/web\/#website","url":"https:\/\/centro-cee.com\/web\/","name":"Centro Europeo E-learning","description":"CEE Formaci\u00f3n Online","publisher":{"@id":"https:\/\/centro-cee.com\/web\/#organization"},"alternateName":"Centro Online de Formaci\u00f3n","potentialAction":[{"@type":"SearchAction","target":{"@type":"EntryPoint","urlTemplate":"https:\/\/centro-cee.com\/web\/?s={search_term_string}"},"query-input":{"@type":"PropertyValueSpecification","valueRequired":true,"valueName":"search_term_string"}}],"inLanguage":"es"},{"@type":"Organization","@id":"https:\/\/centro-cee.com\/web\/#organization","name":"Centro Europeo E-learning CEE","url":"https:\/\/centro-cee.com\/web\/","logo":{"@type":"ImageObject","inLanguage":"es","@id":"https:\/\/centro-cee.com\/web\/#\/schema\/logo\/image\/","url":"https:\/\/centro-cee.com\/web\/wp-content\/uploads\/2022\/12\/cropped-logo_educa.png","contentUrl":"https:\/\/centro-cee.com\/web\/wp-content\/uploads\/2022\/12\/cropped-logo_educa.png","width":157,"height":63,"caption":"Centro Europeo E-learning CEE"},"image":{"@id":"https:\/\/centro-cee.com\/web\/#\/schema\/logo\/image\/"},"sameAs":["https:\/\/www.instagram.com\/centroeuropeo_cee"]}]}},"_links":{"self":[{"href":"https:\/\/centro-cee.com\/web\/wp-json\/wp\/v2\/product\/1513","targetHints":{"allow":["GET"]}}],"collection":[{"href":"https:\/\/centro-cee.com\/web\/wp-json\/wp\/v2\/product"}],"about":[{"href":"https:\/\/centro-cee.com\/web\/wp-json\/wp\/v2\/types\/product"}],"replies":[{"embeddable":true,"href":"https:\/\/centro-cee.com\/web\/wp-json\/wp\/v2\/comments?post=1513"}],"wp:featuredmedia":[{"embeddable":true,"href":"https:\/\/centro-cee.com\/web\/wp-json\/wp\/v2\/media\/1514"}],"wp:attachment":[{"href":"https:\/\/centro-cee.com\/web\/wp-json\/wp\/v2\/media?parent=1513"}],"wp:term":[{"taxonomy":"product_brand","embeddable":true,"href":"https:\/\/centro-cee.com\/web\/wp-json\/wp\/v2\/product_brand?post=1513"},{"taxonomy":"product_cat","embeddable":true,"href":"https:\/\/centro-cee.com\/web\/wp-json\/wp\/v2\/product_cat?post=1513"},{"taxonomy":"product_tag","embeddable":true,"href":"https:\/\/centro-cee.com\/web\/wp-json\/wp\/v2\/product_tag?post=1513"}],"curies":[{"name":"wp","href":"https:\/\/api.w.org\/{rel}","templated":true}]}}