{"id":1511,"date":"2023-11-21T12:04:04","date_gmt":"2023-11-21T12:04:04","guid":{"rendered":"https:\/\/centro-cee.com\/web\/?post_type=product&#038;p=1511"},"modified":"2026-03-13T16:58:08","modified_gmt":"2026-03-13T16:58:08","slug":"monitor-de-aerobic-y-step-coaching-deportivo","status":"publish","type":"product","link":"https:\/\/centro-cee.com\/web\/producto\/monitor-de-aerobic-y-step-coaching-deportivo\/","title":{"rendered":"Monitor de aer\u00f3bic y step + coaching deportivo"},"content":{"rendered":"<p><a href=\"https:\/\/centro-cee.com\/web\/formaciones\/\">Atr\u00e1s<\/a><\/p>\n<p><em><strong>Monitor de aer\u00f3bic y step + coaching deportivo<\/strong><\/em><\/p>\n<p>Toda esta informaci\u00f3n se realiza 100% online en nuestro campus online de formaci\u00f3n.<\/p>\n<p>Las tutorias se realizan directamente desde el campus de estudio con la opci\u00f3n de mensajer\u00eda a profesores. Las tutorias son \u201ca demanda\u201d, cuando necesites soporte nos lo pides.<\/p>\n<p>Los t\u00edtulos de Centro CEE est\u00e1n autenticados por la firma de notario que valida contenidos y autenticidad a nivel internacional. Nuestra organizaci\u00f3n pertenece a la Asociaci\u00f3n Espa\u00f1ola de Calidad, organizaci\u00f3n Espa\u00f1ola de referencia para la calidad\u00a0en la formaci\u00f3n de auxiliar de enfermer\u00eda. La certificaci\u00f3n se puede apostillar por la Haya para cualquier pa\u00eds firmante del convenio de la Haya.<\/p>\n<p>Formaci\u00f3n certificada por la <strong>Universidad CLEA<\/strong> con reconocimiento de 50 cr\u00e9ditos acad\u00e9micos.<\/p>\n<p>Se puede pagar a plazos.<\/p>\n<p>Carga horaria de la formaci\u00f3n: 400h<\/p>\n<p>&nbsp;<\/p>\n<h2>Temario<\/h2>\n<hr \/>\n<p>1. M\u00d3DULO 1. MONITOR DE AER\u00d3BIC Y STEP<br \/>\nUNIDAD DID\u00c1CTICA 1. ESTRUCTURA Y FUNCIONAMIENTO DEL CUERPO HUMANO<br \/>\n1. El aparato locomotor<br \/>\n2. Los huesos<br \/>\n3. \u2026<br \/>\nUNIDAD DID\u00c1CTICA 2. REACCI\u00d3N Y CAMBIOS EN EL CUERPO ANTE EL EJERCICIO F\u00cdSICO<br \/>\n1. Introducci\u00f3n<br \/>\n2. Utilizaci\u00f3n de sustratos metab\u00f3licos durante el ejercicio f\u00edsico<br \/>\n3. Hidratos de carbono<br \/>\n4. \u2026<br \/>\nUNIDAD DID\u00c1CTICA 3. NUTRICI\u00d3N DEPORTIVA<br \/>\n1. Introducci\u00f3n: la nutrici\u00f3n deportiva<br \/>\n2. Los alimentos: clasificaci\u00f3n y caracter\u00edsticas<br \/>\n3. Los nutrientes<br \/>\n4. Las dietas en las personas que realizan actividad f\u00edsica<br \/>\nUNIDAD DID\u00c1CTICA 4. EL AER\u00d3BIC<br \/>\n1. Origen y evoluci\u00f3n del aer\u00f3bic<br \/>\n2. Definici\u00f3n del concepto de aer\u00f3bic y sus objetivos<br \/>\n3. Beneficios del aer\u00f3bic<br \/>\n4. \u2026<br \/>\nUNIDAD DID\u00c1CTICA 5. CUALIDADES F\u00cdSICAS B\u00c1SICAS PARA EL AER\u00d3BIC<br \/>\n1. Introducci\u00f3n: definici\u00f3n y caracter\u00edsticas de las cualidades f\u00edsicas b\u00e1sicas<br \/>\n2. Resistencia<br \/>\n3. Fuerza<br \/>\n4. Velocidad<br \/>\n5. Flexibilidad<br \/>\nUNIDAD DID\u00c1CTICA 6. OTRAS CUALIDADES F\u00cdSICAS IMPORTANTES PARA EL AER\u00d3BIC<br \/>\n1. Introducci\u00f3n<br \/>\n2. Coordinaci\u00f3n<br \/>\n3. Equilibrio<br \/>\nUNIDAD DID\u00c1CTICA 7. LA CLASE DE AER\u00d3BIC<br \/>\n1. Partes de una sesi\u00f3n de aer\u00f3bic<br \/>\n2. La m\u00fasica en una sesi\u00f3n de aer\u00f3bic<br \/>\n3. Pasos b\u00e1sicos de aer\u00f3bic<br \/>\n4. Dise\u00f1o de coreograf\u00edas<br \/>\nUNIDAD DID\u00c1CTICA 8. LESIONES DEPORTIVAS EN AER\u00d3BIC: PREVENCI\u00d3N Y TRATAMIENTO<br \/>\n1. Introducci\u00f3n a las lesiones deportivas: definici\u00f3n del concepto<br \/>\n2. Prevenci\u00f3n de las lesiones deportivas<br \/>\n3. Las lesiones deportivas leves<br \/>\n4. \u2026.<\/p>\n<p>COACHING DEPORTIVO<br \/>\nTEMA 1. \u00bfQU\u00c9 ES EL COACHING?<br \/>\n1. El cambio, la crisis y la construcci\u00f3n de la identidad<br \/>\n2. Concepto de coaching<br \/>\n3. Etimolog\u00eda del coaching<br \/>\n4. \u2026<br \/>\nTEMA 2. IMPORTANCIA DEL COACHING<br \/>\n1. \u00bfPor qu\u00e9 es importante el coaching?<br \/>\n2. Principios y valores<br \/>\n3. Tipos de coaching<br \/>\n4. \u2026<br \/>\nTEMA 3. ASPECTOS FUNDAMENTALES DEL COACHING (I)<br \/>\n1. Introducci\u00f3n: los elementos claves para el \u00e9xito<br \/>\n2. Motivaci\u00f3n<br \/>\n3. Autoestima<br \/>\n4. Autoconfianza<br \/>\nTEMA 4. ASPECTOS FUNDAMENTALES DEL COACHING (II)<br \/>\n1. Responsabilidad y compromiso<br \/>\n2. Acci\u00f3n<br \/>\n3. Creatividad<br \/>\n4. \u2026.<br \/>\nTEMA 5. \u00c9TICA Y COACHING<br \/>\n1. Liderazgo, poder y \u00e9tica<br \/>\n2. Confidencialidad del Proceso<br \/>\n3. \u00c9tica y Deontolog\u00eda del coach<br \/>\n4. \u2026<\/p>\n<p>TEMA 6. COACHING, CAMBIO Y APRENDIZAJE<br \/>\n1. La superaci\u00f3n de los bloqueos<br \/>\n2. El deseo de avanzar<br \/>\n3. Coaching y aprendizaje<br \/>\n4. Factores que afectan al proceso de aprendizaje<br \/>\n5. Niveles de aprendizaje<br \/>\nTEMA 7. EL PROCESO DE COACHING: ASPECTOS GENERALES<br \/>\n1. Coaching \u00bfherramienta o proceso?<br \/>\n2. Motivaci\u00f3n en el proceso<br \/>\n3. \u2026<br \/>\nTEMA 8. HABILIDADES RELACIONADAS CON EL PROCESO<br \/>\n1. Introducci\u00f3n<br \/>\n2. Escucha<br \/>\n3. Empat\u00eda<br \/>\n4. May\u00e9utica e influencia<br \/>\n5. La capacidad diagn\u00f3stica<br \/>\nTEMA 9. FASES EN EL PROCESO DE COACHING<br \/>\n1. Primera fase: establecer la relaci\u00f3n de coaching<br \/>\n2. Segunda fase: planificaci\u00f3n de la acci\u00f3n<br \/>\n3. Tercera fase: ciclo de coaching<br \/>\n4. \u2026<br \/>\nTEMA 10. EVALUACI\u00d3N (I)<br \/>\n1. \u00bfPor qu\u00e9 es necesaria la evaluaci\u00f3n?<br \/>\n2. Beneficios de los programas de evaluaci\u00f3n de coaching<br \/>\n3. Factores que pueden interferir en la evaluaci\u00f3n<br \/>\n4. \u00bf\u2026<br \/>\nTEMA 11. EVALUACI\u00d3N (II)<br \/>\n1. El final de la evaluaci\u00f3n<br \/>\n2. Evaluaci\u00f3n externa<br \/>\n3. Sesiones de evaluaci\u00f3n continua<br \/>\n4. \u2026.<br \/>\nTEMA 12. EL COACH<br \/>\n1. La figura del coach<br \/>\n2. Tipos de coach<br \/>\n3. Papel del coach en el proceso de coaching ejecutivo<br \/>\nTEMA 13. COMPETENCIAS DEL COACH<br \/>\n1. Competencias clave y actuaci\u00f3n del coach<br \/>\n2. Las caracter\u00edsticas del coach efectivo para el desarrollo de competencias<br \/>\n3. Dos competencias clave para el desarrollo de una empresa liberadora<br \/>\nTEMA 14. LA PREPARACI\u00d3N DE UN BUEN COACH<br \/>\n1. Preparaci\u00f3n t\u00e9cnica: formaci\u00f3n y experiencia empresarial<br \/>\n2. Errores m\u00e1s comunes del coach<br \/>\n3. Capacitaci\u00f3n para conducir las sesiones de coaching<br \/>\nTEMA 15. LA FIGURA DEL COACHEE<br \/>\n1. La figura del coachee<br \/>\n2. Caracter\u00edsticas del destinatario del coaching<br \/>\n3. La capacidad para recibir el coaching<br \/>\n4. La autoconciencia del cliente<br \/>\n5. M\u00d3DULO IV. COACHING Y DEPORTE<br \/>\nTEMA 16. COACHING Y DEPORTE<br \/>\n1. El origen del coaching<br \/>\n2. La estrategia deportiva<br \/>\n3. Coaching deportivo: aprender a fluir<br \/>\nTEMA 17. VALORES DEL DEPORTE<br \/>\n1. El deporte: crisol de valores<br \/>\n2. La sana competitividad<br \/>\n3. Beneficios del deporte<br \/>\n4. Coaching deportivo y salud<br \/>\nTEMA 18. EL ENTRENADOR: COACH<br \/>\n1. Descripci\u00f3n del buen entrenador<br \/>\n2. Objetivos, misi\u00f3n y valores del entrenador<br \/>\n3. Claves del entrenador-coach<br \/>\n4. \u2026<br \/>\nTEMA 19. EL ENTRENAMIENTO<br \/>\n1. \u00bfQu\u00e9 significa entrenar?<br \/>\n2. Claves para un buen entrenamiento<br \/>\n3. \u2026<br \/>\nTEMA 20. CONCIENCIA PERSONAL<br \/>\n1. El deportista: concentraci\u00f3n<br \/>\n2. Regulaci\u00f3n emocional en el deporte y las atribuciones<br \/>\n3. \u2026<br \/>\nTEMA 21. CONCIENCIA GRUPAL<br \/>\n1. El equipo: sinergia grupal<br \/>\n2. Grupo vs. Equipo<br \/>\n3. El \u00e9xito colectivo<br \/>\nTEMA 22. GESTI\u00d3N DE LAS EMOCIONES<br \/>\n1. Mantener una actitud positiva<br \/>\n2. Motivaci\u00f3n<br \/>\n3. Reconocer las posibilidades: autovaloraci\u00f3n<br \/>\n4. Energ\u00eda emocional<br \/>\n5. Intenci\u00f3n ganadora<br \/>\nTEMA 23. EL CUERPO, LA MENTE Y EL DEPORTE<br \/>\n1. Cuerpo<br \/>\n2. Mente<br \/>\n3. Equilibrio cuerpo y mente<br \/>\nTEMA 24. L\u00cdDER Y LIDERAZGO<br \/>\n1. El l\u00edder<br \/>\n2. Liderazgo<br \/>\n3. \u2026<br \/>\nTEMA 25. T\u00c9CNICAS DEPORTIVAS<br \/>\n1. Introducci\u00f3n a las t\u00e9cnicas de coaching en positivo<br \/>\n2. Visualizaci\u00f3n<br \/>\n3. \u2026<br \/>\nTEMA 26. T\u00c9CNICAS DE EQUIPO<br \/>\n1. Definici\u00f3n y clasificaci\u00f3n<br \/>\n2. T\u00e9cnicas de grupo grande<br \/>\n3. Grupo mediano<br \/>\n4. \u2026.<br \/>\nTEMA 27. LAS METAS EN EL DEPORTE<br \/>\n1. \u00bfQu\u00e9 entendemos por meta?<br \/>\n2. Pautas para establecer una buena meta<br \/>\n3. Dise\u00f1o de un sistema de establecimiento de metas<br \/>\nTEMA 28. ESTABLECER OBJETIVOS<br \/>\n1. Diferencia entre objetivo y meta<br \/>\n2. Pautas para enunciar objetivos<br \/>\n3. Fases para establecer objetivos<br \/>\nTEMA 29. PREPARACI\u00d3N PARA ALCANZAR LA META<br \/>\n1. Plantear las metas<br \/>\n2. Conseguir las metas<br \/>\n3. M\u00d3DULO VIII. COACHING DEPORTIVO Y OTRAS DISCIPLINAS<br \/>\nTEMA 30. COACHING, PSICOLOG\u00cdA DEL DEPORTE Y DEPORTE<br \/>\n1. \u00bfQu\u00e9 es la psicolog\u00eda del deporte?<br \/>\n2. Herramientas, ejercicios y principios de la psicolog\u00eda del deporte<br \/>\n3. Aportaciones de la psicolog\u00eda al deporte<br \/>\nTEMA 31. COACHING, MENTORING Y DEPORTE<br \/>\n1. \u00bfQu\u00e9 es el mentoring?<br \/>\n2. Semejanzas y diferencias entre coaching y mentoring<br \/>\n3. Principios y leyes del mentoring<br \/>\n4. \u2026<br \/>\nTEMA 32. COACHING, INTELIGENCIA EMOCIONAL Y DEPORTE<br \/>\n1. \u00bfQu\u00e9 es la Inteligencia Emocional?<br \/>\n2. Componentes de la inteligencia emocional<br \/>\n3. \u2026<br \/>\nTEMA 33. COACHING, PNL Y DEPORTE<br \/>\n1. \u00bfQu\u00e9 es la Programaci\u00f3n Neuroling\u00fc\u00edstica?<br \/>\n2. Principios de la PNL<br \/>\n3. \u2026.<\/p>\n<p><em><strong>Monitor de aer\u00f3bic y step + coaching deportivo<\/strong><\/em><\/p>\n<hr \/>\n","protected":false},"excerpt":{"rendered":"<p><a href=\"https:\/\/centro-cee.com\/web\/formaciones\/\">Atr\u00e1s<\/a><\/p>\n<p>Conoce el programa practico que te ofrece los conocimientos como Monitor de Aer\u00f3bic y Step + Coaching Deportivo. Est\u00e1 dirigido a aquellas personas que deseen especializarse en el acondicionamiento f\u00edsico o que deseen ingresar al mercado laboral. Aprender\u00e1s todo lo relacionado con esta pr\u00e1ctica deportiva, como el funcionamiento del cuerpo humano, la nutrici\u00f3n deportiva, el material necesario para las clases, las variantes del aer\u00f3bic, entre otros aspectos del ejercicio aer\u00f3bico, el cual  es ideal para reducir la grasa subcut\u00e1nea localizada entre los m\u00fasculos.<\/p>\n<p>Pide informaci\u00f3n, si est\u00e1 interesado y los asesores se pondr\u00e1n en contacto lo antes posible para resolver sus dudas.<\/p>\n<p>Cantidad<\/p>\n","protected":false},"featured_media":1512,"comment_status":"closed","ping_status":"closed","template":"","meta":[],"product_brand":[],"product_cat":[2047,34],"product_tag":[726,730,721,722,727,729,723,728,724,725],"class_list":{"0":"post-1511","1":"product","2":"type-product","3":"status-publish","4":"has-post-thumbnail","6":"product_cat-cursos-online-deporte","7":"product_cat-tecnicos","8":"product_tag-certificacion-de-monitor-de-aerobic-y-step","9":"product_tag-curso-de-fitness-y-aerobic","10":"product_tag-curso-de-monitor-de-aerobic","11":"product_tag-curso-de-monitor-de-step","12":"product_tag-curso-online-de-aerobic-y-step","13":"product_tag-entrenamiento-en-step","14":"product_tag-formacion-en-aerobic-y-step","15":"product_tag-programas-de-entrenamiento-de-aerobic","16":"product_tag-tecnicas-de-aerobic","17":"product_tag-tecnicas-de-step","19":"first","20":"instock","21":"sale","22":"shipping-taxable","23":"purchasable","24":"product-type-simple"},"yoast_head":"<!-- This site is optimized with the Yoast SEO plugin v27.4 - https:\/\/yoast.com\/product\/yoast-seo-wordpress\/ -->\n<title>Monitor de aer\u00f3bic y step + coaching deportivo<\/title>\n<meta name=\"description\" content=\"Desarrolla tus habilidades y mejora tus conocimientos con nuestro curso de Monitor de aer\u00f3bic y step + coaching deportivo\" \/>\n<meta name=\"robots\" content=\"index, follow, max-snippet:-1, max-image-preview:large, max-video-preview:-1\" \/>\n<link rel=\"canonical\" href=\"https:\/\/centro-cee.com\/web\/producto\/monitor-de-aerobic-y-step-coaching-deportivo\/\" \/>\n<meta property=\"og:locale\" content=\"es_ES\" \/>\n<meta property=\"og:type\" content=\"article\" \/>\n<meta property=\"og:title\" content=\"Monitor de aer\u00f3bic y step + coaching deportivo\" \/>\n<meta property=\"og:description\" content=\"Desarrolla tus habilidades y mejora tus conocimientos con nuestro curso de Monitor de aer\u00f3bic y step + coaching deportivo\" \/>\n<meta property=\"og:url\" content=\"https:\/\/centro-cee.com\/web\/producto\/monitor-de-aerobic-y-step-coaching-deportivo\/\" \/>\n<meta property=\"og:site_name\" content=\"CEE Centro Europeo E-learning - Cursos online\" \/>\n<meta property=\"article:modified_time\" content=\"2026-03-13T16:58:08+00:00\" \/>\n<meta property=\"og:image\" content=\"https:\/\/centro-cee.com\/web\/wp-content\/uploads\/2023\/11\/imagen_2023-11-21_130604437.png\" \/>\n\t<meta property=\"og:image:width\" content=\"701\" \/>\n\t<meta property=\"og:image:height\" content=\"465\" \/>\n\t<meta property=\"og:image:type\" content=\"image\/png\" \/>\n<meta name=\"twitter:card\" content=\"summary_large_image\" \/>\n<meta name=\"twitter:label1\" content=\"Tiempo de lectura\" \/>\n\t<meta name=\"twitter:data1\" content=\"4 minutos\" \/>\n<script type=\"application\/ld+json\" class=\"yoast-schema-graph\">{\"@context\":\"https:\\\/\\\/schema.org\",\"@graph\":[{\"@type\":\"WebPage\",\"@id\":\"https:\\\/\\\/centro-cee.com\\\/web\\\/producto\\\/monitor-de-aerobic-y-step-coaching-deportivo\\\/\",\"url\":\"https:\\\/\\\/centro-cee.com\\\/web\\\/producto\\\/monitor-de-aerobic-y-step-coaching-deportivo\\\/\",\"name\":\"Monitor de aer\u00f3bic y step + coaching deportivo\",\"isPartOf\":{\"@id\":\"https:\\\/\\\/centro-cee.com\\\/web\\\/#website\"},\"primaryImageOfPage\":{\"@id\":\"https:\\\/\\\/centro-cee.com\\\/web\\\/producto\\\/monitor-de-aerobic-y-step-coaching-deportivo\\\/#primaryimage\"},\"image\":{\"@id\":\"https:\\\/\\\/centro-cee.com\\\/web\\\/producto\\\/monitor-de-aerobic-y-step-coaching-deportivo\\\/#primaryimage\"},\"thumbnailUrl\":\"https:\\\/\\\/centro-cee.com\\\/web\\\/wp-content\\\/uploads\\\/2023\\\/11\\\/imagen_2023-11-21_130604437.png\",\"datePublished\":\"2023-11-21T12:04:04+00:00\",\"dateModified\":\"2026-03-13T16:58:08+00:00\",\"description\":\"Desarrolla tus habilidades y mejora tus conocimientos con nuestro curso de Monitor de aer\u00f3bic y step + coaching deportivo\",\"breadcrumb\":{\"@id\":\"https:\\\/\\\/centro-cee.com\\\/web\\\/producto\\\/monitor-de-aerobic-y-step-coaching-deportivo\\\/#breadcrumb\"},\"inLanguage\":\"es\",\"potentialAction\":[{\"@type\":\"ReadAction\",\"target\":[\"https:\\\/\\\/centro-cee.com\\\/web\\\/producto\\\/monitor-de-aerobic-y-step-coaching-deportivo\\\/\"]}]},{\"@type\":\"ImageObject\",\"inLanguage\":\"es\",\"@id\":\"https:\\\/\\\/centro-cee.com\\\/web\\\/producto\\\/monitor-de-aerobic-y-step-coaching-deportivo\\\/#primaryimage\",\"url\":\"https:\\\/\\\/centro-cee.com\\\/web\\\/wp-content\\\/uploads\\\/2023\\\/11\\\/imagen_2023-11-21_130604437.png\",\"contentUrl\":\"https:\\\/\\\/centro-cee.com\\\/web\\\/wp-content\\\/uploads\\\/2023\\\/11\\\/imagen_2023-11-21_130604437.png\",\"width\":701,\"height\":465,\"caption\":\"Monitor de aer\u00f3bic y step + coaching deportivo\"},{\"@type\":\"BreadcrumbList\",\"@id\":\"https:\\\/\\\/centro-cee.com\\\/web\\\/producto\\\/monitor-de-aerobic-y-step-coaching-deportivo\\\/#breadcrumb\",\"itemListElement\":[{\"@type\":\"ListItem\",\"position\":1,\"name\":\"Portada\",\"item\":\"https:\\\/\\\/centro-cee.com\\\/web\\\/\"},{\"@type\":\"ListItem\",\"position\":2,\"name\":\"Monitor de aer\u00f3bic y step + coaching deportivo\"}]},{\"@type\":\"WebSite\",\"@id\":\"https:\\\/\\\/centro-cee.com\\\/web\\\/#website\",\"url\":\"https:\\\/\\\/centro-cee.com\\\/web\\\/\",\"name\":\"Centro Europeo E-learning\",\"description\":\"CEE Formaci\u00f3n Online\",\"publisher\":{\"@id\":\"https:\\\/\\\/centro-cee.com\\\/web\\\/#organization\"},\"alternateName\":\"Centro Online de Formaci\u00f3n\",\"potentialAction\":[{\"@type\":\"SearchAction\",\"target\":{\"@type\":\"EntryPoint\",\"urlTemplate\":\"https:\\\/\\\/centro-cee.com\\\/web\\\/?s={search_term_string}\"},\"query-input\":{\"@type\":\"PropertyValueSpecification\",\"valueRequired\":true,\"valueName\":\"search_term_string\"}}],\"inLanguage\":\"es\"},{\"@type\":\"Organization\",\"@id\":\"https:\\\/\\\/centro-cee.com\\\/web\\\/#organization\",\"name\":\"Centro Europeo E-learning CEE\",\"url\":\"https:\\\/\\\/centro-cee.com\\\/web\\\/\",\"logo\":{\"@type\":\"ImageObject\",\"inLanguage\":\"es\",\"@id\":\"https:\\\/\\\/centro-cee.com\\\/web\\\/#\\\/schema\\\/logo\\\/image\\\/\",\"url\":\"https:\\\/\\\/centro-cee.com\\\/web\\\/wp-content\\\/uploads\\\/2022\\\/12\\\/cropped-logo_educa.png\",\"contentUrl\":\"https:\\\/\\\/centro-cee.com\\\/web\\\/wp-content\\\/uploads\\\/2022\\\/12\\\/cropped-logo_educa.png\",\"width\":157,\"height\":63,\"caption\":\"Centro Europeo E-learning CEE\"},\"image\":{\"@id\":\"https:\\\/\\\/centro-cee.com\\\/web\\\/#\\\/schema\\\/logo\\\/image\\\/\"},\"sameAs\":[\"https:\\\/\\\/www.instagram.com\\\/centroeuropeo_cee\"]}]}<\/script>\n<!-- \/ Yoast SEO plugin. -->","yoast_head_json":{"title":"Monitor de aer\u00f3bic y step + coaching deportivo","description":"Desarrolla tus habilidades y mejora tus conocimientos con nuestro curso de Monitor de aer\u00f3bic y step + coaching deportivo","robots":{"index":"index","follow":"follow","max-snippet":"max-snippet:-1","max-image-preview":"max-image-preview:large","max-video-preview":"max-video-preview:-1"},"canonical":"https:\/\/centro-cee.com\/web\/producto\/monitor-de-aerobic-y-step-coaching-deportivo\/","og_locale":"es_ES","og_type":"article","og_title":"Monitor de aer\u00f3bic y step + coaching deportivo","og_description":"Desarrolla tus habilidades y mejora tus conocimientos con nuestro curso de Monitor de aer\u00f3bic y step + coaching deportivo","og_url":"https:\/\/centro-cee.com\/web\/producto\/monitor-de-aerobic-y-step-coaching-deportivo\/","og_site_name":"CEE Centro Europeo E-learning - Cursos online","article_modified_time":"2026-03-13T16:58:08+00:00","og_image":[{"width":701,"height":465,"url":"https:\/\/centro-cee.com\/web\/wp-content\/uploads\/2023\/11\/imagen_2023-11-21_130604437.png","type":"image\/png"}],"twitter_card":"summary_large_image","twitter_misc":{"Tiempo de lectura":"4 minutos"},"schema":{"@context":"https:\/\/schema.org","@graph":[{"@type":"WebPage","@id":"https:\/\/centro-cee.com\/web\/producto\/monitor-de-aerobic-y-step-coaching-deportivo\/","url":"https:\/\/centro-cee.com\/web\/producto\/monitor-de-aerobic-y-step-coaching-deportivo\/","name":"Monitor de aer\u00f3bic y step + coaching deportivo","isPartOf":{"@id":"https:\/\/centro-cee.com\/web\/#website"},"primaryImageOfPage":{"@id":"https:\/\/centro-cee.com\/web\/producto\/monitor-de-aerobic-y-step-coaching-deportivo\/#primaryimage"},"image":{"@id":"https:\/\/centro-cee.com\/web\/producto\/monitor-de-aerobic-y-step-coaching-deportivo\/#primaryimage"},"thumbnailUrl":"https:\/\/centro-cee.com\/web\/wp-content\/uploads\/2023\/11\/imagen_2023-11-21_130604437.png","datePublished":"2023-11-21T12:04:04+00:00","dateModified":"2026-03-13T16:58:08+00:00","description":"Desarrolla tus habilidades y mejora tus conocimientos con nuestro curso de Monitor de aer\u00f3bic y step + coaching deportivo","breadcrumb":{"@id":"https:\/\/centro-cee.com\/web\/producto\/monitor-de-aerobic-y-step-coaching-deportivo\/#breadcrumb"},"inLanguage":"es","potentialAction":[{"@type":"ReadAction","target":["https:\/\/centro-cee.com\/web\/producto\/monitor-de-aerobic-y-step-coaching-deportivo\/"]}]},{"@type":"ImageObject","inLanguage":"es","@id":"https:\/\/centro-cee.com\/web\/producto\/monitor-de-aerobic-y-step-coaching-deportivo\/#primaryimage","url":"https:\/\/centro-cee.com\/web\/wp-content\/uploads\/2023\/11\/imagen_2023-11-21_130604437.png","contentUrl":"https:\/\/centro-cee.com\/web\/wp-content\/uploads\/2023\/11\/imagen_2023-11-21_130604437.png","width":701,"height":465,"caption":"Monitor de aer\u00f3bic y step + coaching deportivo"},{"@type":"BreadcrumbList","@id":"https:\/\/centro-cee.com\/web\/producto\/monitor-de-aerobic-y-step-coaching-deportivo\/#breadcrumb","itemListElement":[{"@type":"ListItem","position":1,"name":"Portada","item":"https:\/\/centro-cee.com\/web\/"},{"@type":"ListItem","position":2,"name":"Monitor de aer\u00f3bic y step + coaching deportivo"}]},{"@type":"WebSite","@id":"https:\/\/centro-cee.com\/web\/#website","url":"https:\/\/centro-cee.com\/web\/","name":"Centro Europeo E-learning","description":"CEE Formaci\u00f3n Online","publisher":{"@id":"https:\/\/centro-cee.com\/web\/#organization"},"alternateName":"Centro Online de Formaci\u00f3n","potentialAction":[{"@type":"SearchAction","target":{"@type":"EntryPoint","urlTemplate":"https:\/\/centro-cee.com\/web\/?s={search_term_string}"},"query-input":{"@type":"PropertyValueSpecification","valueRequired":true,"valueName":"search_term_string"}}],"inLanguage":"es"},{"@type":"Organization","@id":"https:\/\/centro-cee.com\/web\/#organization","name":"Centro Europeo E-learning CEE","url":"https:\/\/centro-cee.com\/web\/","logo":{"@type":"ImageObject","inLanguage":"es","@id":"https:\/\/centro-cee.com\/web\/#\/schema\/logo\/image\/","url":"https:\/\/centro-cee.com\/web\/wp-content\/uploads\/2022\/12\/cropped-logo_educa.png","contentUrl":"https:\/\/centro-cee.com\/web\/wp-content\/uploads\/2022\/12\/cropped-logo_educa.png","width":157,"height":63,"caption":"Centro Europeo E-learning CEE"},"image":{"@id":"https:\/\/centro-cee.com\/web\/#\/schema\/logo\/image\/"},"sameAs":["https:\/\/www.instagram.com\/centroeuropeo_cee"]}]}},"_links":{"self":[{"href":"https:\/\/centro-cee.com\/web\/wp-json\/wp\/v2\/product\/1511","targetHints":{"allow":["GET"]}}],"collection":[{"href":"https:\/\/centro-cee.com\/web\/wp-json\/wp\/v2\/product"}],"about":[{"href":"https:\/\/centro-cee.com\/web\/wp-json\/wp\/v2\/types\/product"}],"replies":[{"embeddable":true,"href":"https:\/\/centro-cee.com\/web\/wp-json\/wp\/v2\/comments?post=1511"}],"wp:featuredmedia":[{"embeddable":true,"href":"https:\/\/centro-cee.com\/web\/wp-json\/wp\/v2\/media\/1512"}],"wp:attachment":[{"href":"https:\/\/centro-cee.com\/web\/wp-json\/wp\/v2\/media?parent=1511"}],"wp:term":[{"taxonomy":"product_brand","embeddable":true,"href":"https:\/\/centro-cee.com\/web\/wp-json\/wp\/v2\/product_brand?post=1511"},{"taxonomy":"product_cat","embeddable":true,"href":"https:\/\/centro-cee.com\/web\/wp-json\/wp\/v2\/product_cat?post=1511"},{"taxonomy":"product_tag","embeddable":true,"href":"https:\/\/centro-cee.com\/web\/wp-json\/wp\/v2\/product_tag?post=1511"}],"curies":[{"name":"wp","href":"https:\/\/api.w.org\/{rel}","templated":true}]}}