{"id":1509,"date":"2023-11-21T09:17:24","date_gmt":"2023-11-21T09:17:24","guid":{"rendered":"https:\/\/centro-cee.com\/web\/?post_type=product&#038;p=1509"},"modified":"2026-03-13T16:58:16","modified_gmt":"2026-03-13T16:58:16","slug":"master-en-nutricion-y-dietetica-experto-en-obesidad-y-sobrepeso","status":"publish","type":"product","link":"https:\/\/centro-cee.com\/web\/producto\/master-en-nutricion-y-dietetica-experto-en-obesidad-y-sobrepeso\/","title":{"rendered":"M\u00e1ster en nutrici\u00f3n y diet\u00e9tica experto en obesidad y sobrepeso"},"content":{"rendered":"<p><a href=\"https:\/\/centro-cee.com\/web\/formaciones\/\">Atr\u00e1s<\/a><\/p>\n<p><em><strong>M\u00e1ster en nutrici\u00f3n y diet\u00e9tica experto en obesidad y sobrepeso<\/strong><\/em><\/p>\n<p>Toda esta informaci\u00f3n se realiza 100% online en nuestro campus online de formaci\u00f3n.<\/p>\n<p>Las tutorias se realizan directamente desde el campus de estudio con la opci\u00f3n de mensajer\u00eda a profesores. Las tutorias son \u201ca demanda\u201d, cuando necesites soporte nos lo pides.<\/p>\n<p>Los t\u00edtulos de Centro CEE est\u00e1n autenticados por la firma de notario que valida contenidos y autenticidad a nivel internacional. Nuestra organizaci\u00f3n pertenece a la Asociaci\u00f3n Espa\u00f1ola de Calidad, organizaci\u00f3n Espa\u00f1ola de referencia para la calidad\u00a0en la formaci\u00f3n de auxiliar de enfermer\u00eda. La certificaci\u00f3n se puede apostillar por la Haya para cualquier pa\u00eds firmante del convenio de la Haya.<\/p>\n<p>Formaci\u00f3n certificada por la <strong>Universidad CLEA<\/strong> con reconocimiento de 50 cr\u00e9ditos acad\u00e9micos.<\/p>\n<p>Se puede pagar a plazos.<\/p>\n<p>Carga horaria de la formaci\u00f3n: 400h<\/p>\n<p>&nbsp;<\/p>\n<h2>Temario<\/h2>\n<hr \/>\n<p>M\u00d3DULO 1: INTRODUCCI\u00d3N A LA DIET\u00c9TICA Y LA NUTRICI\u00d3N. CONCEPTOS B\u00c1SICOS<\/p>\n<p>Introducci\u00f3n<\/p>\n<p>1. Conceptos B\u00e1sicos de Alimentaci\u00f3n y Nutrici\u00f3n<br \/>\n1.1. Alimentaci\u00f3n y Alimento<br \/>\n1.2. Nutrici\u00f3n y Nutriente<br \/>\n1.3. \u2026<\/p>\n<p>2. Clasificaci\u00f3n de los Alimentos<br \/>\n2.1. Clasificaci\u00f3n de los Alimentos<br \/>\n2.1.1. Seg\u00fan Composici\u00f3n<br \/>\n2.1.2. Seg\u00fan Funci\u00f3n<br \/>\n2.2. Nutrientes Energ\u00e9ticos<br \/>\n2.2.1. \u2026<\/p>\n<p>3. La Pir\u00e1mide Nutricional<br \/>\n3.1. La Pir\u00e1mide Nutricional<br \/>\n3.2. Otras Pir\u00e1mides Nutricionales<\/p>\n<p>4. Sistema Gastrointestinal<br \/>\n4.1. Conceptos B\u00e1sicos<br \/>\n4.2. Fisiolog\u00eda y Anatom\u00eda del Aparato Digestivo<\/p>\n<p>5. El Proceso de la Digesti\u00f3n<br \/>\n5.1. La Digesti\u00f3n<br \/>\n5.2. Trastornos Digestivos<br \/>\n5.3. \u2026.<\/p>\n<p>M\u00d3DULO 2: LOS NUTRIENTES<\/p>\n<p>Introducci\u00f3n<\/p>\n<p>1. Nutrientes Energ\u00e9ticos<br \/>\n1.1. Definici\u00f3n<br \/>\n1.2. Prote\u00ednas<br \/>\n1.2.1. Clasificaci\u00f3n<br \/>\n1.2.2. \u2026<br \/>\n1.3. L\u00edpidos<br \/>\n1.3.1. Clasificaci\u00f3n<br \/>\n1.3.2. Funci\u00f3n de los L\u00edpidos<br \/>\n1.3.3. ..<br \/>\n1.4. Hidratos de Carbono<br \/>\n1.4.1. Clasificaci\u00f3n<br \/>\n1.4.2. Funci\u00f3n de los Hidratos de Carbono<br \/>\n1.4.3. \u2026<\/p>\n<p>2. Nutrientes No Energ\u00e9ticos<br \/>\n2.1. Definici\u00f3n<br \/>\n2.2. Vitaminas<br \/>\n2.2.1. ..<br \/>\n2.3. Minerales<br \/>\n2.3.1. Funciones Generales<br \/>\n2.3.2. Macroelementos<br \/>\n2.3.3. ..<br \/>\n2.4. Agua<br \/>\n2.4.1. Propiedades y Necesidades de Agua<br \/>\n2.4.2. Trastornos Relacionados con el Agua<br \/>\n2.4.3. Aspectos a Tener en Cuenta<\/p>\n<p>3. Valores Nutritivos de los Principales Grupos de Alimentos<br \/>\n3.1. Valor nutritivo seg\u00fan su origen<br \/>\n3.1.1. De Origen Animal<br \/>\n3.1.2. ..<\/p>\n<p>M\u00d3DULO 3. ALIMENTACI\u00d3N Y NUTRICI\u00d3N A LO LARGO DE LA VIDA<\/p>\n<p>Introducci\u00f3n<\/p>\n<p>1. Diet\u00e9tica<br \/>\n1.1. Definici\u00f3n<br \/>\n1.2. Calor\u00edas<br \/>\n1.2.1. \u2026<\/p>\n<p>2. Dieta Equilibrada<br \/>\n2.1. Dieta Equilibrada<br \/>\n2.2. Mitos en Nutrici\u00f3n y Diet\u00e9tica<br \/>\n2.3. Dieta Mediterr\u00e1nea<br \/>\n2.4. ..<\/p>\n<p>3. Nutrici\u00f3n Durante la Gestaci\u00f3n, Primer A\u00f1o de Vida e Infancia<br \/>\n3.1. Alimentaci\u00f3n Durante la Gestaci\u00f3n y la Lactancia<br \/>\n3.1.1. Gestaci\u00f3n<br \/>\n3.1.2. ..<br \/>\n3.2. Alimentaci\u00f3n Durante el Primer A\u00f1o de Vida<br \/>\n3.2.1. Tipos de Lactancia<br \/>\n3.2.2. ..<br \/>\n3.3. Alimentaci\u00f3n Durante la Infancia<br \/>\n3.3.1. Aspectos Fundamentales<br \/>\n3.3.2. \u2026<\/p>\n<p>4. Nutrici\u00f3n Durante la Adolescencia y la Edad Adulta<br \/>\n4.1. Alimentaci\u00f3n Durante la Adolescencia<br \/>\n4.1.1. Aspectos Fundamentales<br \/>\n4.1.2. \u2026<\/p>\n<p>5. Nutrici\u00f3n Durante Menopausia\/Andropausia y la Tercera Edad<br \/>\n5.1. Alimentaci\u00f3n Durante la Menopausia\/Andropausia<br \/>\n5.1.1. Requerimientos Nutricionales y H\u00e1bitos Saludables<br \/>\n5.2. Alimentaci\u00f3n Durante la Tercera Edad<br \/>\n5.3. \u2026.<\/p>\n<p>M\u00d3DULO 4. DIETOTERAPIA<\/p>\n<p>Introducci\u00f3n<\/p>\n<p>1. Consejos de Elaboraci\u00f3n de Dietas Especiales I<br \/>\n1.1. Definici\u00f3n de Dietoterapia<br \/>\n1.2. H\u00e1bitos Alimenticios Saludables<br \/>\n1.3. \u2026..<\/p>\n<p>2. Consejos de Elaboraci\u00f3n de Dietas Especiales II<br \/>\n2.1. Los Trastornos Gastrointestinales<br \/>\n2.2. Enfermedades Cardiovasculares<br \/>\n2.3. \u2026<\/p>\n<p>3. Consejos de Elaboraci\u00f3n de Dietas Especiales III<br \/>\n3.1. La Insuficiencia Renal<br \/>\n3.2. Las Alergias e Intolerancias<br \/>\n3.3. \u2026<\/p>\n<p>ESPECIALISTA EN OBESIDAD Y SOBREPESO<\/p>\n<p>1. NUTRICI\u00d3N Y ALIMENTACI\u00d3N<br \/>\n1. Alimentaci\u00f3n<br \/>\n2. &#8211; Clasificaci\u00f3n de los alimentos<br \/>\n3. Valor energ\u00e9tico de los alimentos<br \/>\n4. \u2026<\/p>\n<p>2. DIETA SALUDABLE<br \/>\n1. Concepto de dieta y su clasificaci\u00f3n<br \/>\n2. Dieta equilibrada<br \/>\n3. \u2026<\/p>\n<p>3. NUTRICI\u00d3N A LO LARGO DEL CICLO VITAL<br \/>\n1. Alimentaci\u00f3n del beb\u00e9<br \/>\n2. &#8211; Lactancia natural y artificial<br \/>\n3. &#8211; Necesidades nutricionales en el primer a\u00f1o de vida<br \/>\n4. Nutrici\u00f3n en la infancia<br \/>\n5. \u2026<\/p>\n<p>4. OBESIDAD Y SOBREPESO<br \/>\n1. Aspectos generales de la obesidad y el sobrepeso<br \/>\n2. &#8211; Epidemiolog\u00eda<br \/>\n3. &#8211; El tejido adiposo<br \/>\n4. Causas de sobrepeso y obesidad<br \/>\n5. \u2026<\/p>\n<p>5. RIESGOS Y PROBLEMAS DE SALUD ASOCIADOS AL SOBREPESO Y LA OBESIDAD<br \/>\n1. Comorbilidades y riesgos del sobrepeso y la obesidad<br \/>\n2. S\u00edndrome metab\u00f3lico<br \/>\n3. &#8211; Causas del s\u00edndrome metab\u00f3lico<br \/>\n4. Diabetes mellitus tipo II<br \/>\n5. &#8211; Clasificaci\u00f3n de la diabetes<br \/>\n6. \u2026<\/p>\n<p>6. VALORACI\u00d3N DE PACIENTES CON OBESIDAD<br \/>\n1. Entrevista con el paciente<br \/>\n2. Evaluaci\u00f3n diet\u00e9tica<br \/>\n3. \u2026<\/p>\n<p>7. TRATAMIENTO DE LA OBESIDAD<br \/>\n1. Intervenci\u00f3n diet\u00e9tica<br \/>\n2. &#8211; Dietas hipocal\u00f3ricas<br \/>\n3. &#8211; Planificaci\u00f3n de la dieta<br \/>\n4. Sustitutivos de comidas<br \/>\n5. \u2026<\/p>\n<p>8. PREVENCI\u00d3N DEL SOBREPESO Y DE LA OBESIDAD<br \/>\n1. Prevenci\u00f3n<br \/>\n2. &#8211; Niveles de prevenci\u00f3n<br \/>\n3. Establecimiento adecuado de las ingestas recomendadas<br \/>\n4. \u2026<\/p>\n<p>9. ASPECTOS PSICOL\u00d3GICOS DE LA OBESIDAD<br \/>\n1. Psicolog\u00eda y obesidad<br \/>\n2. Problemas psicol\u00f3gicos en la obesidad<br \/>\n3. &#8211; Imagen corporal distorsionada<br \/>\n4. &#8211; Descontrol alimentario<br \/>\n5. &#8211; Ansiedad<br \/>\n6. &#8211; Depresi\u00f3n<br \/>\n7. \u2026.<\/p>\n<p>10. OBESIDAD INFANTIL<br \/>\n1. La obesidad infantil<br \/>\n2. &#8211; Factores que aumentan la probabilidad de padecer obesidad<br \/>\n3. Nutrici\u00f3n infantil<br \/>\n4. \u2026.<\/p>\n<p><em><strong>M\u00e1ster en nutrici\u00f3n y diet\u00e9tica experto en obesidad y sobrepeso<\/strong><\/em><\/p>\n<hr \/>\n","protected":false},"excerpt":{"rendered":"<p><a href=\"https:\/\/centro-cee.com\/web\/formaciones\/\">Atr\u00e1s<\/a><\/p>\n<p>F\u00f3rmate y especial\u00edzate en todos los aspectos relacionados con la gesti\u00f3n comercial y de ventas gracias a con contenidos actualizados.<\/p>\n<p>La formaci\u00f3n obtenida es de alto nivel y con gran cantidad de contenidos que dotaran a las\/los alumnas\/os de unos conocimientos excelentes.<\/p>\n<p>Los departamentos comerciales tienen cada vez mas peso dentro de las organizaciones empresariales, ya que de ellos depende en gran parte el crecimiento de la empresa.<\/p>\n<p>Con este curso puedes asegurarte un futuro profesional dentro del campo de la gesti\u00f3n comercial.<\/p>\n","protected":false},"featured_media":1269,"comment_status":"closed","ping_status":"closed","template":"","meta":[],"product_brand":[],"product_cat":[2046,17],"product_tag":[735,738,734,739,732,733,736,731,740,737],"class_list":{"0":"post-1509","1":"product","2":"type-product","3":"status-publish","4":"has-post-thumbnail","6":"product_cat-cursos-salud","7":"product_cat-master","8":"product_tag-curso-de-nutricion-y-obesidad","9":"product_tag-curso-online-de-nutricion-y-dietetica","10":"product_tag-especializacion-en-dietetica","11":"product_tag-estrategias-de-perdida-de-peso","12":"product_tag-experto-en-obesidad-y-sobrepeso","13":"product_tag-formacion-en-nutricion","14":"product_tag-intervencion-en-sobrepeso","15":"product_tag-master-en-nutricion-y-dietetica","16":"product_tag-master-en-salud-y-nutricion","17":"product_tag-nutricion-clinica","19":"first","20":"instock","21":"sale","22":"shipping-taxable","23":"purchasable","24":"product-type-simple"},"yoast_head":"<!-- This site is optimized with the Yoast SEO plugin v27.4 - https:\/\/yoast.com\/product\/yoast-seo-wordpress\/ -->\n<title>M\u00e1ster en nutrici\u00f3n y diet\u00e9tica experto en obesidad y sobrepeso<\/title>\n<meta name=\"description\" content=\"Desarrolla tus habilidades y mejora tus conocimientos con nuestro M\u00e1ster en nutrici\u00f3n y diet\u00e9tica experto en obesidad y sobrepeso\" \/>\n<meta name=\"robots\" content=\"index, follow, max-snippet:-1, max-image-preview:large, max-video-preview:-1\" \/>\n<link rel=\"canonical\" href=\"https:\/\/centro-cee.com\/web\/producto\/master-en-nutricion-y-dietetica-experto-en-obesidad-y-sobrepeso\/\" \/>\n<meta property=\"og:locale\" content=\"es_ES\" \/>\n<meta property=\"og:type\" content=\"article\" \/>\n<meta property=\"og:title\" content=\"M\u00e1ster en nutrici\u00f3n y diet\u00e9tica experto en obesidad y sobrepeso\" \/>\n<meta property=\"og:description\" content=\"Desarrolla tus habilidades y mejora tus conocimientos con nuestro M\u00e1ster en nutrici\u00f3n y diet\u00e9tica experto en obesidad y sobrepeso\" \/>\n<meta property=\"og:url\" content=\"https:\/\/centro-cee.com\/web\/producto\/master-en-nutricion-y-dietetica-experto-en-obesidad-y-sobrepeso\/\" \/>\n<meta property=\"og:site_name\" content=\"CEE Centro Europeo E-learning - Cursos online\" \/>\n<meta property=\"article:modified_time\" content=\"2026-03-13T16:58:16+00:00\" \/>\n<meta property=\"og:image\" content=\"https:\/\/centro-cee.com\/web\/wp-content\/uploads\/2023\/05\/imagen_2023-05-23_122515731.png\" \/>\n\t<meta property=\"og:image:width\" content=\"451\" \/>\n\t<meta property=\"og:image:height\" content=\"299\" \/>\n\t<meta property=\"og:image:type\" content=\"image\/png\" \/>\n<meta name=\"twitter:card\" content=\"summary_large_image\" \/>\n<meta name=\"twitter:label1\" content=\"Tiempo de lectura\" \/>\n\t<meta name=\"twitter:data1\" content=\"4 minutos\" \/>\n<script type=\"application\/ld+json\" class=\"yoast-schema-graph\">{\"@context\":\"https:\\\/\\\/schema.org\",\"@graph\":[{\"@type\":\"WebPage\",\"@id\":\"https:\\\/\\\/centro-cee.com\\\/web\\\/producto\\\/master-en-nutricion-y-dietetica-experto-en-obesidad-y-sobrepeso\\\/\",\"url\":\"https:\\\/\\\/centro-cee.com\\\/web\\\/producto\\\/master-en-nutricion-y-dietetica-experto-en-obesidad-y-sobrepeso\\\/\",\"name\":\"M\u00e1ster en nutrici\u00f3n y diet\u00e9tica experto en obesidad y sobrepeso\",\"isPartOf\":{\"@id\":\"https:\\\/\\\/centro-cee.com\\\/web\\\/#website\"},\"primaryImageOfPage\":{\"@id\":\"https:\\\/\\\/centro-cee.com\\\/web\\\/producto\\\/master-en-nutricion-y-dietetica-experto-en-obesidad-y-sobrepeso\\\/#primaryimage\"},\"image\":{\"@id\":\"https:\\\/\\\/centro-cee.com\\\/web\\\/producto\\\/master-en-nutricion-y-dietetica-experto-en-obesidad-y-sobrepeso\\\/#primaryimage\"},\"thumbnailUrl\":\"https:\\\/\\\/centro-cee.com\\\/web\\\/wp-content\\\/uploads\\\/2023\\\/05\\\/imagen_2023-05-23_122515731.png\",\"datePublished\":\"2023-11-21T09:17:24+00:00\",\"dateModified\":\"2026-03-13T16:58:16+00:00\",\"description\":\"Desarrolla tus habilidades y mejora tus conocimientos con nuestro M\u00e1ster en nutrici\u00f3n y diet\u00e9tica experto en obesidad y sobrepeso\",\"breadcrumb\":{\"@id\":\"https:\\\/\\\/centro-cee.com\\\/web\\\/producto\\\/master-en-nutricion-y-dietetica-experto-en-obesidad-y-sobrepeso\\\/#breadcrumb\"},\"inLanguage\":\"es\",\"potentialAction\":[{\"@type\":\"ReadAction\",\"target\":[\"https:\\\/\\\/centro-cee.com\\\/web\\\/producto\\\/master-en-nutricion-y-dietetica-experto-en-obesidad-y-sobrepeso\\\/\"]}]},{\"@type\":\"ImageObject\",\"inLanguage\":\"es\",\"@id\":\"https:\\\/\\\/centro-cee.com\\\/web\\\/producto\\\/master-en-nutricion-y-dietetica-experto-en-obesidad-y-sobrepeso\\\/#primaryimage\",\"url\":\"https:\\\/\\\/centro-cee.com\\\/web\\\/wp-content\\\/uploads\\\/2023\\\/05\\\/imagen_2023-05-23_122515731.png\",\"contentUrl\":\"https:\\\/\\\/centro-cee.com\\\/web\\\/wp-content\\\/uploads\\\/2023\\\/05\\\/imagen_2023-05-23_122515731.png\",\"width\":451,\"height\":299,\"caption\":\"nutrici\u00f3n\"},{\"@type\":\"BreadcrumbList\",\"@id\":\"https:\\\/\\\/centro-cee.com\\\/web\\\/producto\\\/master-en-nutricion-y-dietetica-experto-en-obesidad-y-sobrepeso\\\/#breadcrumb\",\"itemListElement\":[{\"@type\":\"ListItem\",\"position\":1,\"name\":\"Portada\",\"item\":\"https:\\\/\\\/centro-cee.com\\\/web\\\/\"},{\"@type\":\"ListItem\",\"position\":2,\"name\":\"M\u00e1ster en nutrici\u00f3n y diet\u00e9tica experto en obesidad y sobrepeso\"}]},{\"@type\":\"WebSite\",\"@id\":\"https:\\\/\\\/centro-cee.com\\\/web\\\/#website\",\"url\":\"https:\\\/\\\/centro-cee.com\\\/web\\\/\",\"name\":\"Centro Europeo E-learning\",\"description\":\"CEE Formaci\u00f3n Online\",\"publisher\":{\"@id\":\"https:\\\/\\\/centro-cee.com\\\/web\\\/#organization\"},\"alternateName\":\"Centro Online de Formaci\u00f3n\",\"potentialAction\":[{\"@type\":\"SearchAction\",\"target\":{\"@type\":\"EntryPoint\",\"urlTemplate\":\"https:\\\/\\\/centro-cee.com\\\/web\\\/?s={search_term_string}\"},\"query-input\":{\"@type\":\"PropertyValueSpecification\",\"valueRequired\":true,\"valueName\":\"search_term_string\"}}],\"inLanguage\":\"es\"},{\"@type\":\"Organization\",\"@id\":\"https:\\\/\\\/centro-cee.com\\\/web\\\/#organization\",\"name\":\"Centro Europeo E-learning CEE\",\"url\":\"https:\\\/\\\/centro-cee.com\\\/web\\\/\",\"logo\":{\"@type\":\"ImageObject\",\"inLanguage\":\"es\",\"@id\":\"https:\\\/\\\/centro-cee.com\\\/web\\\/#\\\/schema\\\/logo\\\/image\\\/\",\"url\":\"https:\\\/\\\/centro-cee.com\\\/web\\\/wp-content\\\/uploads\\\/2022\\\/12\\\/cropped-logo_educa.png\",\"contentUrl\":\"https:\\\/\\\/centro-cee.com\\\/web\\\/wp-content\\\/uploads\\\/2022\\\/12\\\/cropped-logo_educa.png\",\"width\":157,\"height\":63,\"caption\":\"Centro Europeo E-learning CEE\"},\"image\":{\"@id\":\"https:\\\/\\\/centro-cee.com\\\/web\\\/#\\\/schema\\\/logo\\\/image\\\/\"},\"sameAs\":[\"https:\\\/\\\/www.instagram.com\\\/centroeuropeo_cee\"]}]}<\/script>\n<!-- \/ Yoast SEO plugin. -->","yoast_head_json":{"title":"M\u00e1ster en nutrici\u00f3n y diet\u00e9tica experto en obesidad y sobrepeso","description":"Desarrolla tus habilidades y mejora tus conocimientos con nuestro M\u00e1ster en nutrici\u00f3n y diet\u00e9tica experto en obesidad y sobrepeso","robots":{"index":"index","follow":"follow","max-snippet":"max-snippet:-1","max-image-preview":"max-image-preview:large","max-video-preview":"max-video-preview:-1"},"canonical":"https:\/\/centro-cee.com\/web\/producto\/master-en-nutricion-y-dietetica-experto-en-obesidad-y-sobrepeso\/","og_locale":"es_ES","og_type":"article","og_title":"M\u00e1ster en nutrici\u00f3n y diet\u00e9tica experto en obesidad y sobrepeso","og_description":"Desarrolla tus habilidades y mejora tus conocimientos con nuestro M\u00e1ster en nutrici\u00f3n y diet\u00e9tica experto en obesidad y sobrepeso","og_url":"https:\/\/centro-cee.com\/web\/producto\/master-en-nutricion-y-dietetica-experto-en-obesidad-y-sobrepeso\/","og_site_name":"CEE Centro Europeo E-learning - Cursos online","article_modified_time":"2026-03-13T16:58:16+00:00","og_image":[{"width":451,"height":299,"url":"https:\/\/centro-cee.com\/web\/wp-content\/uploads\/2023\/05\/imagen_2023-05-23_122515731.png","type":"image\/png"}],"twitter_card":"summary_large_image","twitter_misc":{"Tiempo de lectura":"4 minutos"},"schema":{"@context":"https:\/\/schema.org","@graph":[{"@type":"WebPage","@id":"https:\/\/centro-cee.com\/web\/producto\/master-en-nutricion-y-dietetica-experto-en-obesidad-y-sobrepeso\/","url":"https:\/\/centro-cee.com\/web\/producto\/master-en-nutricion-y-dietetica-experto-en-obesidad-y-sobrepeso\/","name":"M\u00e1ster en nutrici\u00f3n y diet\u00e9tica experto en obesidad y sobrepeso","isPartOf":{"@id":"https:\/\/centro-cee.com\/web\/#website"},"primaryImageOfPage":{"@id":"https:\/\/centro-cee.com\/web\/producto\/master-en-nutricion-y-dietetica-experto-en-obesidad-y-sobrepeso\/#primaryimage"},"image":{"@id":"https:\/\/centro-cee.com\/web\/producto\/master-en-nutricion-y-dietetica-experto-en-obesidad-y-sobrepeso\/#primaryimage"},"thumbnailUrl":"https:\/\/centro-cee.com\/web\/wp-content\/uploads\/2023\/05\/imagen_2023-05-23_122515731.png","datePublished":"2023-11-21T09:17:24+00:00","dateModified":"2026-03-13T16:58:16+00:00","description":"Desarrolla tus habilidades y mejora tus conocimientos con nuestro M\u00e1ster en nutrici\u00f3n y diet\u00e9tica experto en obesidad y sobrepeso","breadcrumb":{"@id":"https:\/\/centro-cee.com\/web\/producto\/master-en-nutricion-y-dietetica-experto-en-obesidad-y-sobrepeso\/#breadcrumb"},"inLanguage":"es","potentialAction":[{"@type":"ReadAction","target":["https:\/\/centro-cee.com\/web\/producto\/master-en-nutricion-y-dietetica-experto-en-obesidad-y-sobrepeso\/"]}]},{"@type":"ImageObject","inLanguage":"es","@id":"https:\/\/centro-cee.com\/web\/producto\/master-en-nutricion-y-dietetica-experto-en-obesidad-y-sobrepeso\/#primaryimage","url":"https:\/\/centro-cee.com\/web\/wp-content\/uploads\/2023\/05\/imagen_2023-05-23_122515731.png","contentUrl":"https:\/\/centro-cee.com\/web\/wp-content\/uploads\/2023\/05\/imagen_2023-05-23_122515731.png","width":451,"height":299,"caption":"nutrici\u00f3n"},{"@type":"BreadcrumbList","@id":"https:\/\/centro-cee.com\/web\/producto\/master-en-nutricion-y-dietetica-experto-en-obesidad-y-sobrepeso\/#breadcrumb","itemListElement":[{"@type":"ListItem","position":1,"name":"Portada","item":"https:\/\/centro-cee.com\/web\/"},{"@type":"ListItem","position":2,"name":"M\u00e1ster en nutrici\u00f3n y diet\u00e9tica experto en obesidad y sobrepeso"}]},{"@type":"WebSite","@id":"https:\/\/centro-cee.com\/web\/#website","url":"https:\/\/centro-cee.com\/web\/","name":"Centro Europeo E-learning","description":"CEE Formaci\u00f3n Online","publisher":{"@id":"https:\/\/centro-cee.com\/web\/#organization"},"alternateName":"Centro Online de Formaci\u00f3n","potentialAction":[{"@type":"SearchAction","target":{"@type":"EntryPoint","urlTemplate":"https:\/\/centro-cee.com\/web\/?s={search_term_string}"},"query-input":{"@type":"PropertyValueSpecification","valueRequired":true,"valueName":"search_term_string"}}],"inLanguage":"es"},{"@type":"Organization","@id":"https:\/\/centro-cee.com\/web\/#organization","name":"Centro Europeo E-learning CEE","url":"https:\/\/centro-cee.com\/web\/","logo":{"@type":"ImageObject","inLanguage":"es","@id":"https:\/\/centro-cee.com\/web\/#\/schema\/logo\/image\/","url":"https:\/\/centro-cee.com\/web\/wp-content\/uploads\/2022\/12\/cropped-logo_educa.png","contentUrl":"https:\/\/centro-cee.com\/web\/wp-content\/uploads\/2022\/12\/cropped-logo_educa.png","width":157,"height":63,"caption":"Centro Europeo E-learning CEE"},"image":{"@id":"https:\/\/centro-cee.com\/web\/#\/schema\/logo\/image\/"},"sameAs":["https:\/\/www.instagram.com\/centroeuropeo_cee"]}]}},"_links":{"self":[{"href":"https:\/\/centro-cee.com\/web\/wp-json\/wp\/v2\/product\/1509","targetHints":{"allow":["GET"]}}],"collection":[{"href":"https:\/\/centro-cee.com\/web\/wp-json\/wp\/v2\/product"}],"about":[{"href":"https:\/\/centro-cee.com\/web\/wp-json\/wp\/v2\/types\/product"}],"replies":[{"embeddable":true,"href":"https:\/\/centro-cee.com\/web\/wp-json\/wp\/v2\/comments?post=1509"}],"wp:featuredmedia":[{"embeddable":true,"href":"https:\/\/centro-cee.com\/web\/wp-json\/wp\/v2\/media\/1269"}],"wp:attachment":[{"href":"https:\/\/centro-cee.com\/web\/wp-json\/wp\/v2\/media?parent=1509"}],"wp:term":[{"taxonomy":"product_brand","embeddable":true,"href":"https:\/\/centro-cee.com\/web\/wp-json\/wp\/v2\/product_brand?post=1509"},{"taxonomy":"product_cat","embeddable":true,"href":"https:\/\/centro-cee.com\/web\/wp-json\/wp\/v2\/product_cat?post=1509"},{"taxonomy":"product_tag","embeddable":true,"href":"https:\/\/centro-cee.com\/web\/wp-json\/wp\/v2\/product_tag?post=1509"}],"curies":[{"name":"wp","href":"https:\/\/api.w.org\/{rel}","templated":true}]}}