{"id":1500,"date":"2023-11-02T13:15:06","date_gmt":"2023-11-02T13:15:06","guid":{"rendered":"https:\/\/centro-cee.com\/web\/?post_type=product&#038;p=1500"},"modified":"2026-03-13T16:58:36","modified_gmt":"2026-03-13T16:58:36","slug":"experto-en-mtc-en-acupuntura-clea","status":"publish","type":"product","link":"https:\/\/centro-cee.com\/web\/producto\/experto-en-mtc-en-acupuntura-clea\/","title":{"rendered":"Experto en MTC en acupuntura &#8211; Universidad CLEA"},"content":{"rendered":"<hr \/>\n<p><a href=\"https:\/\/centro-cee.com\/web\/categoria-producto\/universidad-clea\/\">Atr\u00e1s<\/a><\/p>\n<h5><em>Experto en MTC en acupuntura &#8211; Universidad CLEA<br \/>\n<\/em><\/h5>\n<p>Toda esta formaci\u00f3n se realiza 100% online en nuestro campus online de formaci\u00f3n.<\/p>\n<p>Las tutor\u00edas se realizan directamente desde el campus de estudio con la opci\u00f3n de mensajer\u00eda a profesores. Las tutorias son \u201ca demanda\u201d, cuando necesites soporte nos lo pides.<\/p>\n<p>Los t\u00edtulos de Centro CEE est\u00e1n autenticados por la firma de notario que valida contenidos y autenticidad a nivel internacional. Nuestra organizaci\u00f3n pertenece a la Asociaci\u00f3n Espa\u00f1ola de Calidad, organizaci\u00f3n Espa\u00f1ola de referencia para la calidad en la formaci\u00f3n. La certificaci\u00f3n se puede apostillar por la Haya para cualquier pa\u00eds firmante del convenio de la Haya.<\/p>\n<p>Formaci\u00f3n certificada por la <strong>Universidad CLEA<\/strong> con reconocimiento de 27 cr\u00e9ditos acad\u00e9micos.<\/p>\n<p>Se puede pagar a plazos.<\/p>\n<p>Carga horaria de la formaci\u00f3n: 400h<\/p>\n<h1>Temario<\/h1>\n<hr \/>\n<p><strong>UNIDAD DID\u00c1CTICA 1. APLICACI\u00d3N DE LOS FUNDAMENTOS DE ANATOM\u00cdA, FISIOLOG\u00cdA Y PATOLOG\u00cdA<\/strong><\/p>\n<ol>\n<li>Los Tejidos<\/li>\n<li>Anatom\u00eda, fisiolog\u00eda y patolog\u00eda de los principales \u00f3rganos, aparatos y sistemas del cuerpo humano relacionados con t\u00e9cnicas de acupuntura<\/li>\n<li>El \u00f3rgano cut\u00e1neo: estructura y funciones<\/li>\n<li>Anatom\u00eda, fisiolog\u00eda y patolog\u00eda de los principales \u00f3rganos, aparatos y sistemas del cuerpo humano relacionados con la MTC<\/li>\n<li>&#8211; Locomotor<\/li>\n<li>&#8211; Circulatorio<\/li>\n<li>&#8211; Digestivo<\/li>\n<li>&#8211; Reproductor<\/li>\n<li>&#8211; Urinario<\/li>\n<li>&#8211; Endocrino<\/li>\n<li>&#8211; Nervioso<\/li>\n<li>Alteraciones que puedan suponer una contraindicaci\u00f3n relativa o absoluta para la aplicaci\u00f3n de t\u00e9cnicas de acupuntura<\/li>\n<li>Utilizaci\u00f3n en diagn\u00f3stico y tratamiento<\/li>\n<li>Principios b\u00e1sicos en el diagn\u00f3stico de la MC<\/li>\n<li>&#8211; Cuatro m\u00e9todos diagn\u00f3sticos<\/li>\n<\/ol>\n<p><strong>UNIDAD DID\u00c1CTICA 2. INTRODUCCI\u00d3N A LA ACUPUNTURA<\/strong><\/p>\n<ol>\n<li>Concepto y origen de la acupuntura<\/li>\n<li>La acupuntura: bases de la disciplina terap\u00e9utica<\/li>\n<li>Directrices de la organizaci\u00f3n mundial de la salud (OMS)<\/li>\n<li>Los movimientos filos\u00f3ficos orientales<\/li>\n<li>&#8211; Confucionismo<\/li>\n<li>&#8211; Tao\u00edsmo<\/li>\n<li>&#8211; Budismo<\/li>\n<\/ol>\n<p>&nbsp;<\/p>\n<p><strong>UNIDAD DID\u00c1CTICA 3. PRINCIPIOS FUNDAMENTALES DE LA MEDICINA CHINA TRADICIONAL<\/strong><\/p>\n<ol>\n<li>Teor\u00eda del Ying Yang<\/li>\n<li>&#8211; Visi\u00f3n m\u00e9dica de la teor\u00eda<\/li>\n<li>Teor\u00eda de los cinco movimientos o elementos<\/li>\n<li>&#8211; Significado de los elementos y correspondencia con los \u00f3rganos corporales<\/li>\n<li>&#8211; Leyes y relaciones que rigen los cinco movimientos<\/li>\n<li>Teor\u00eda de los \u00f3rganos Zang (\u00f3rganos)-Fu (entra\u00f1as)<\/li>\n<li>&#8211; Relaciones de generaci\u00f3n entre los \u00f3rganos Zang y los 5 elementos<\/li>\n<\/ol>\n<p><strong>UNIDAD DID\u00c1CTICA 4. T\u00c9CNICAS DE ACUPUNTURA Y APLICACI\u00d3N<\/strong><\/p>\n<ol>\n<li>T\u00e9cnicas de acupuntura<\/li>\n<li>Meridianos y puntos de acupuntura, concepto y localizaci\u00f3n<\/li>\n<li>Combinaciones usuales de puntos<\/li>\n<li>M\u00e9todos complementarios en acupuntura<\/li>\n<li>Matriz Et\u00e9rea<\/li>\n<li>Estructura de Canales: Meridianos, Srotas, nadis, marmas<\/li>\n<li>Principales energ\u00edas del cuerpo humano<\/li>\n<li>Meridianos de la Medicina Tradicional China<\/li>\n<li>Teor\u00edas de funcionamiento<\/li>\n<li>&#8211; Teor\u00eda de los meridianos<\/li>\n<li>&#8211; Teor\u00eda del reflejo homuncular<\/li>\n<li>&#8211; Teor\u00eda del reflejo delta<\/li>\n<\/ol>\n<p>&nbsp;<\/p>\n<p><strong>UNIDAD DID\u00c1CTICA 5. LOS MEDIOS, EL PROFESIONAL Y EL CLIENTE EN ACUPUNTURA<\/strong><\/p>\n<ol>\n<li>Medidas de higiene y desinfecci\u00f3n relacionadas con la pr\u00e1ctica de la acupuntura<\/li>\n<li>Preparaci\u00f3n de profesional<\/li>\n<li>Ergonom\u00eda<\/li>\n<li>An\u00e1lisis de las demandas y necesidades del cliente<\/li>\n<li>Efectos generales del masaje<\/li>\n<li>El masaje tuina<\/li>\n<li>&#8211; Beneficios de Tui Na<\/li>\n<li>&#8211; Sesi\u00f3n del masaje tuina<\/li>\n<\/ol>\n<p><strong>UNIDAD DID\u00c1CTICA 6. CALIDAD DEL SERVICIO OFRECIDO<\/strong><\/p>\n<ol>\n<li>Par\u00e1metros que definen la calidad del servicio<\/li>\n<li>T\u00e9cnicas para evaluar el servicio y el grado de satisfacci\u00f3n del cliente en los servicios terapias corporales<\/li>\n<li>T\u00e9cnicas de atenci\u00f3n al cliente<\/li>\n<li>T\u00e9cnicas para detectar la desviaci\u00f3n en la prestaci\u00f3n de los servicios de acupuntura y dise\u00f1o de protocolos de tratamientos<\/li>\n<li>T\u00e9cnicas para la resoluci\u00f3n de quejas<\/li>\n<li>Etimolog\u00eda de deontolog\u00eda<\/li>\n<li>Objetivos de la deontolog\u00eda profesional<\/li>\n<li>\u00c9tica y moral<\/li>\n<li>Definici\u00f3n y funciones de los c\u00f3digos deontol\u00f3gicos<\/li>\n<li>Regulaci\u00f3n de la medicina china en Espa\u00f1a<\/li>\n<\/ol>\n<p>&nbsp;<\/p>\n<p>&nbsp;<\/p>\n<p>&nbsp;<\/p>\n<h5><em>Experto en MTC en acupuntura &#8211; Universidad CLEA<br \/>\n<\/em><\/h5>\n<hr \/>\n<p><em>\u00a0<\/em><\/p>\n","protected":false},"excerpt":{"rendered":"<p><a href=\"https:\/\/centro-cee.com\/web\/categoria-producto\/universidad-clea\/\">Atras<\/a><\/p>\n<p>Formate y especializate en TODOS los aspectos relacionados con la acupuntura, con contenidos actualizados. La acupuntura es una terapia milenaria originaria de China, que con la aplicaci\u00f3n de agujas en puntos espec\u00edficos del cuerpo permite tratar ciertas enfermedades.<\/p>\n<p>Estas agujas cuando se aplican sobre algunas regiones espec\u00edficas son capaces de tratar diversas enfermedades f\u00edsicas o emocionales como por ejemplo la sinusitis, el asma, la migra\u00f1a o la artritis, adem\u00e1s de mejorar el sistema inmunitario.<\/p>\n<p>La formaci\u00f3n obtenida es de alto nivel y con gran cantidad de contenidos que dotaran a las\/los alumnas\/os de unos conocimientos excelentes. Formaci\u00f3n avalada por APENB.<\/p>\n<p>Formaci\u00f3n certificada por la <strong>Universidad CLEA<\/strong> con reconocimiento de 27 cr\u00e9ditos acad\u00e9micos.<\/p>\n","protected":false},"featured_media":1004,"comment_status":"closed","ping_status":"closed","template":"","meta":[],"product_brand":[],"product_cat":[2049,509],"product_tag":[754,760,752,759,757,758,751,753,755,756],"class_list":{"0":"post-1500","1":"product","2":"type-product","3":"status-publish","4":"has-post-thumbnail","6":"product_cat-cursos-online-terapias-naturales","7":"product_cat-universidad-clea","8":"product_tag-acupuntura-universidad-clea","9":"product_tag-acupuntura-y-salud","10":"product_tag-curso-de-acupuntura","11":"product_tag-curso-de-terapias-alternativas","12":"product_tag-curso-online-de-acupuntura","13":"product_tag-especializacion-en-medicina-tradicional-china","14":"product_tag-experto-en-mtc-en-acupuntura","15":"product_tag-formacion-en-medicina-tradicional-china","16":"product_tag-tecnicas-de-acupuntura","17":"product_tag-tratamientos-con-acupuntura","19":"first","20":"instock","21":"sale","22":"shipping-taxable","23":"purchasable","24":"product-type-simple"},"yoast_head":"<!-- This site is optimized with the Yoast SEO plugin v27.4 - https:\/\/yoast.com\/product\/yoast-seo-wordpress\/ -->\n<title>Experto en MTC en acupuntura - Universidad CLEA - CEE Centro Europeo E-learning - Cursos online<\/title>\n<meta name=\"description\" content=\"M\u00e1ster MTC en acupuntura - Universidad CLEA, te permite conocer a fondo esta milenaria t\u00e9cnica de la m\u00e9dicina china que proporciona bienestar y salud.\" \/>\n<meta name=\"robots\" content=\"index, follow, max-snippet:-1, max-image-preview:large, max-video-preview:-1\" \/>\n<link rel=\"canonical\" href=\"https:\/\/centro-cee.com\/web\/producto\/experto-en-mtc-en-acupuntura-clea\/\" \/>\n<meta property=\"og:locale\" content=\"es_ES\" \/>\n<meta property=\"og:type\" content=\"article\" \/>\n<meta property=\"og:title\" content=\"Experto en MTC en acupuntura - Universidad CLEA - CEE Centro Europeo E-learning - Cursos online\" \/>\n<meta property=\"og:description\" content=\"M\u00e1ster MTC en acupuntura - Universidad CLEA, te permite conocer a fondo esta milenaria t\u00e9cnica de la m\u00e9dicina china que proporciona bienestar y salud.\" \/>\n<meta property=\"og:url\" content=\"https:\/\/centro-cee.com\/web\/producto\/experto-en-mtc-en-acupuntura-clea\/\" \/>\n<meta property=\"og:site_name\" content=\"CEE Centro Europeo E-learning - Cursos online\" \/>\n<meta property=\"article:modified_time\" content=\"2026-03-13T16:58:36+00:00\" \/>\n<meta property=\"og:image\" content=\"https:\/\/centro-cee.com\/web\/wp-content\/uploads\/2023\/01\/acu2.jpg\" \/>\n\t<meta property=\"og:image:width\" content=\"468\" \/>\n\t<meta property=\"og:image:height\" content=\"336\" \/>\n\t<meta property=\"og:image:type\" content=\"image\/jpeg\" \/>\n<meta name=\"twitter:card\" content=\"summary_large_image\" \/>\n<meta name=\"twitter:label1\" content=\"Tiempo de lectura\" \/>\n\t<meta name=\"twitter:data1\" content=\"3 minutos\" \/>\n<script type=\"application\/ld+json\" class=\"yoast-schema-graph\">{\"@context\":\"https:\\\/\\\/schema.org\",\"@graph\":[{\"@type\":\"WebPage\",\"@id\":\"https:\\\/\\\/centro-cee.com\\\/web\\\/producto\\\/experto-en-mtc-en-acupuntura-clea\\\/\",\"url\":\"https:\\\/\\\/centro-cee.com\\\/web\\\/producto\\\/experto-en-mtc-en-acupuntura-clea\\\/\",\"name\":\"Experto en MTC en acupuntura - Universidad CLEA - CEE Centro Europeo E-learning - Cursos online\",\"isPartOf\":{\"@id\":\"https:\\\/\\\/centro-cee.com\\\/web\\\/#website\"},\"primaryImageOfPage\":{\"@id\":\"https:\\\/\\\/centro-cee.com\\\/web\\\/producto\\\/experto-en-mtc-en-acupuntura-clea\\\/#primaryimage\"},\"image\":{\"@id\":\"https:\\\/\\\/centro-cee.com\\\/web\\\/producto\\\/experto-en-mtc-en-acupuntura-clea\\\/#primaryimage\"},\"thumbnailUrl\":\"https:\\\/\\\/centro-cee.com\\\/web\\\/wp-content\\\/uploads\\\/2023\\\/01\\\/acu2.jpg\",\"datePublished\":\"2023-11-02T13:15:06+00:00\",\"dateModified\":\"2026-03-13T16:58:36+00:00\",\"description\":\"M\u00e1ster MTC en acupuntura - Universidad CLEA, te permite conocer a fondo esta milenaria t\u00e9cnica de la m\u00e9dicina china que proporciona bienestar y salud.\",\"breadcrumb\":{\"@id\":\"https:\\\/\\\/centro-cee.com\\\/web\\\/producto\\\/experto-en-mtc-en-acupuntura-clea\\\/#breadcrumb\"},\"inLanguage\":\"es\",\"potentialAction\":[{\"@type\":\"ReadAction\",\"target\":[\"https:\\\/\\\/centro-cee.com\\\/web\\\/producto\\\/experto-en-mtc-en-acupuntura-clea\\\/\"]}]},{\"@type\":\"ImageObject\",\"inLanguage\":\"es\",\"@id\":\"https:\\\/\\\/centro-cee.com\\\/web\\\/producto\\\/experto-en-mtc-en-acupuntura-clea\\\/#primaryimage\",\"url\":\"https:\\\/\\\/centro-cee.com\\\/web\\\/wp-content\\\/uploads\\\/2023\\\/01\\\/acu2.jpg\",\"contentUrl\":\"https:\\\/\\\/centro-cee.com\\\/web\\\/wp-content\\\/uploads\\\/2023\\\/01\\\/acu2.jpg\",\"width\":468,\"height\":336,\"caption\":\"Acupuntura Centro CEE\"},{\"@type\":\"BreadcrumbList\",\"@id\":\"https:\\\/\\\/centro-cee.com\\\/web\\\/producto\\\/experto-en-mtc-en-acupuntura-clea\\\/#breadcrumb\",\"itemListElement\":[{\"@type\":\"ListItem\",\"position\":1,\"name\":\"Portada\",\"item\":\"https:\\\/\\\/centro-cee.com\\\/web\\\/\"},{\"@type\":\"ListItem\",\"position\":2,\"name\":\"Experto en MTC en acupuntura &#8211; Universidad CLEA\"}]},{\"@type\":\"WebSite\",\"@id\":\"https:\\\/\\\/centro-cee.com\\\/web\\\/#website\",\"url\":\"https:\\\/\\\/centro-cee.com\\\/web\\\/\",\"name\":\"Centro Europeo E-learning\",\"description\":\"CEE Formaci\u00f3n Online\",\"publisher\":{\"@id\":\"https:\\\/\\\/centro-cee.com\\\/web\\\/#organization\"},\"alternateName\":\"Centro Online de Formaci\u00f3n\",\"potentialAction\":[{\"@type\":\"SearchAction\",\"target\":{\"@type\":\"EntryPoint\",\"urlTemplate\":\"https:\\\/\\\/centro-cee.com\\\/web\\\/?s={search_term_string}\"},\"query-input\":{\"@type\":\"PropertyValueSpecification\",\"valueRequired\":true,\"valueName\":\"search_term_string\"}}],\"inLanguage\":\"es\"},{\"@type\":\"Organization\",\"@id\":\"https:\\\/\\\/centro-cee.com\\\/web\\\/#organization\",\"name\":\"Centro Europeo E-learning CEE\",\"url\":\"https:\\\/\\\/centro-cee.com\\\/web\\\/\",\"logo\":{\"@type\":\"ImageObject\",\"inLanguage\":\"es\",\"@id\":\"https:\\\/\\\/centro-cee.com\\\/web\\\/#\\\/schema\\\/logo\\\/image\\\/\",\"url\":\"https:\\\/\\\/centro-cee.com\\\/web\\\/wp-content\\\/uploads\\\/2022\\\/12\\\/cropped-logo_educa.png\",\"contentUrl\":\"https:\\\/\\\/centro-cee.com\\\/web\\\/wp-content\\\/uploads\\\/2022\\\/12\\\/cropped-logo_educa.png\",\"width\":157,\"height\":63,\"caption\":\"Centro Europeo E-learning CEE\"},\"image\":{\"@id\":\"https:\\\/\\\/centro-cee.com\\\/web\\\/#\\\/schema\\\/logo\\\/image\\\/\"},\"sameAs\":[\"https:\\\/\\\/www.instagram.com\\\/centroeuropeo_cee\"]}]}<\/script>\n<!-- \/ Yoast SEO plugin. -->","yoast_head_json":{"title":"Experto en MTC en acupuntura - Universidad CLEA - CEE Centro Europeo E-learning - Cursos online","description":"M\u00e1ster MTC en acupuntura - Universidad CLEA, te permite conocer a fondo esta milenaria t\u00e9cnica de la m\u00e9dicina china que proporciona bienestar y salud.","robots":{"index":"index","follow":"follow","max-snippet":"max-snippet:-1","max-image-preview":"max-image-preview:large","max-video-preview":"max-video-preview:-1"},"canonical":"https:\/\/centro-cee.com\/web\/producto\/experto-en-mtc-en-acupuntura-clea\/","og_locale":"es_ES","og_type":"article","og_title":"Experto en MTC en acupuntura - Universidad CLEA - CEE Centro Europeo E-learning - Cursos online","og_description":"M\u00e1ster MTC en acupuntura - Universidad CLEA, te permite conocer a fondo esta milenaria t\u00e9cnica de la m\u00e9dicina china que proporciona bienestar y salud.","og_url":"https:\/\/centro-cee.com\/web\/producto\/experto-en-mtc-en-acupuntura-clea\/","og_site_name":"CEE Centro Europeo E-learning - Cursos online","article_modified_time":"2026-03-13T16:58:36+00:00","og_image":[{"width":468,"height":336,"url":"https:\/\/centro-cee.com\/web\/wp-content\/uploads\/2023\/01\/acu2.jpg","type":"image\/jpeg"}],"twitter_card":"summary_large_image","twitter_misc":{"Tiempo de lectura":"3 minutos"},"schema":{"@context":"https:\/\/schema.org","@graph":[{"@type":"WebPage","@id":"https:\/\/centro-cee.com\/web\/producto\/experto-en-mtc-en-acupuntura-clea\/","url":"https:\/\/centro-cee.com\/web\/producto\/experto-en-mtc-en-acupuntura-clea\/","name":"Experto en MTC en acupuntura - Universidad CLEA - CEE Centro Europeo E-learning - Cursos online","isPartOf":{"@id":"https:\/\/centro-cee.com\/web\/#website"},"primaryImageOfPage":{"@id":"https:\/\/centro-cee.com\/web\/producto\/experto-en-mtc-en-acupuntura-clea\/#primaryimage"},"image":{"@id":"https:\/\/centro-cee.com\/web\/producto\/experto-en-mtc-en-acupuntura-clea\/#primaryimage"},"thumbnailUrl":"https:\/\/centro-cee.com\/web\/wp-content\/uploads\/2023\/01\/acu2.jpg","datePublished":"2023-11-02T13:15:06+00:00","dateModified":"2026-03-13T16:58:36+00:00","description":"M\u00e1ster MTC en acupuntura - Universidad CLEA, te permite conocer a fondo esta milenaria t\u00e9cnica de la m\u00e9dicina china que proporciona bienestar y salud.","breadcrumb":{"@id":"https:\/\/centro-cee.com\/web\/producto\/experto-en-mtc-en-acupuntura-clea\/#breadcrumb"},"inLanguage":"es","potentialAction":[{"@type":"ReadAction","target":["https:\/\/centro-cee.com\/web\/producto\/experto-en-mtc-en-acupuntura-clea\/"]}]},{"@type":"ImageObject","inLanguage":"es","@id":"https:\/\/centro-cee.com\/web\/producto\/experto-en-mtc-en-acupuntura-clea\/#primaryimage","url":"https:\/\/centro-cee.com\/web\/wp-content\/uploads\/2023\/01\/acu2.jpg","contentUrl":"https:\/\/centro-cee.com\/web\/wp-content\/uploads\/2023\/01\/acu2.jpg","width":468,"height":336,"caption":"Acupuntura Centro CEE"},{"@type":"BreadcrumbList","@id":"https:\/\/centro-cee.com\/web\/producto\/experto-en-mtc-en-acupuntura-clea\/#breadcrumb","itemListElement":[{"@type":"ListItem","position":1,"name":"Portada","item":"https:\/\/centro-cee.com\/web\/"},{"@type":"ListItem","position":2,"name":"Experto en MTC en acupuntura &#8211; Universidad CLEA"}]},{"@type":"WebSite","@id":"https:\/\/centro-cee.com\/web\/#website","url":"https:\/\/centro-cee.com\/web\/","name":"Centro Europeo E-learning","description":"CEE Formaci\u00f3n Online","publisher":{"@id":"https:\/\/centro-cee.com\/web\/#organization"},"alternateName":"Centro Online de Formaci\u00f3n","potentialAction":[{"@type":"SearchAction","target":{"@type":"EntryPoint","urlTemplate":"https:\/\/centro-cee.com\/web\/?s={search_term_string}"},"query-input":{"@type":"PropertyValueSpecification","valueRequired":true,"valueName":"search_term_string"}}],"inLanguage":"es"},{"@type":"Organization","@id":"https:\/\/centro-cee.com\/web\/#organization","name":"Centro Europeo E-learning CEE","url":"https:\/\/centro-cee.com\/web\/","logo":{"@type":"ImageObject","inLanguage":"es","@id":"https:\/\/centro-cee.com\/web\/#\/schema\/logo\/image\/","url":"https:\/\/centro-cee.com\/web\/wp-content\/uploads\/2022\/12\/cropped-logo_educa.png","contentUrl":"https:\/\/centro-cee.com\/web\/wp-content\/uploads\/2022\/12\/cropped-logo_educa.png","width":157,"height":63,"caption":"Centro Europeo E-learning CEE"},"image":{"@id":"https:\/\/centro-cee.com\/web\/#\/schema\/logo\/image\/"},"sameAs":["https:\/\/www.instagram.com\/centroeuropeo_cee"]}]}},"_links":{"self":[{"href":"https:\/\/centro-cee.com\/web\/wp-json\/wp\/v2\/product\/1500","targetHints":{"allow":["GET"]}}],"collection":[{"href":"https:\/\/centro-cee.com\/web\/wp-json\/wp\/v2\/product"}],"about":[{"href":"https:\/\/centro-cee.com\/web\/wp-json\/wp\/v2\/types\/product"}],"replies":[{"embeddable":true,"href":"https:\/\/centro-cee.com\/web\/wp-json\/wp\/v2\/comments?post=1500"}],"wp:featuredmedia":[{"embeddable":true,"href":"https:\/\/centro-cee.com\/web\/wp-json\/wp\/v2\/media\/1004"}],"wp:attachment":[{"href":"https:\/\/centro-cee.com\/web\/wp-json\/wp\/v2\/media?parent=1500"}],"wp:term":[{"taxonomy":"product_brand","embeddable":true,"href":"https:\/\/centro-cee.com\/web\/wp-json\/wp\/v2\/product_brand?post=1500"},{"taxonomy":"product_cat","embeddable":true,"href":"https:\/\/centro-cee.com\/web\/wp-json\/wp\/v2\/product_cat?post=1500"},{"taxonomy":"product_tag","embeddable":true,"href":"https:\/\/centro-cee.com\/web\/wp-json\/wp\/v2\/product_tag?post=1500"}],"curies":[{"name":"wp","href":"https:\/\/api.w.org\/{rel}","templated":true}]}}