{"id":15,"date":"2022-12-30T00:00:10","date_gmt":"2022-12-30T00:00:10","guid":{"rendered":"http:\/\/centro-cee.com\/web\/producto\/album\/"},"modified":"2026-03-13T16:35:25","modified_gmt":"2026-03-13T16:35:25","slug":"psicologia-holistica-coach-pnl","status":"publish","type":"product","link":"https:\/\/centro-cee.com\/web\/producto\/psicologia-holistica-coach-pnl\/","title":{"rendered":"M\u00e1ster en Psicolog\u00eda Hol\u00edstica, Coaching y PNL"},"content":{"rendered":"<p><script type=\"application\/ld+json\">\n{\n  \"@context\": \"https:\/\/schema.org\",\n  \"@type\": \"Product\",\n  \"@id\": \"https:\/\/centro-cee.com\/web\/producto\/psicologia-holistica-coach-pnl\/#product\",\n  \"name\": \"M\u00e1ster en Psicolog\u00eda Hol\u00edstica, Coaching y PNL\",\n  \"description\": \"M\u00e1ster en Psicolog\u00eda Hol\u00edstica, Coaching y PNL de Centro Europeo e-Learning (CEE). Formaci\u00f3n 100% online, tutor\u00edas a demanda y 600 horas de carga lectiva.\",\n  \"url\": \"https:\/\/centro-cee.com\/web\/producto\/psicologia-holistica-coach-pnl\/\",\n  \"brand\": {\n    \"@type\": \"Brand\",\n    \"name\": \"Centro Europeo e-Learning (CEE)\"\n  },\n  \"category\": \"M\u00e1ster\",\n  \"offers\": {\n    \"@type\": \"Offer\",\n    \"url\": \"https:\/\/centro-cee.com\/web\/producto\/psicologia-holistica-coach-pnl\/\",\n    \"priceCurrency\": \"EUR\",\n    \"price\": \"380.00\",\n    \"availability\": \"https:\/\/schema.org\/InStock\",\n    \"itemCondition\": \"https:\/\/schema.org\/NewCondition\"\n  }\n}\n<\/script><\/p>\n<hr \/>\n<p><a href=\"https:\/\/centro-cee.com\/web\/formaciones\/\">Atr\u00e1s<\/a><\/p>\n<p><strong>M\u00e1ster en Psicolog\u00eda Hol\u00edstica, Coaching y PNL<\/strong><\/p>\n<p>Toda esta formaci\u00f3n se realiza 100% online en nuestro campus online de formaci\u00f3n.<\/p>\n<p>Las tutorias se realizan directamente desde el campus de estudio con la opci\u00f3n de mensajer\u00eda a profesores. Las tutorias son \u00aba demanda\u00bb, cuando necesites soporte nos lo pides.<\/p>\n<p>Los t\u00edtulos de Centro CEE est\u00e1n autenticados por la firma de notario que valida contenidos y autenticidad a nivel internacional. Nuestra organizaci\u00f3n pertenece a la Asociaci\u00f3n Espa\u00f1ola de Calidad, organizaci\u00f3n Espa\u00f1ola de referencia para la calidad en la formaci\u00f3n. La certificaci\u00f3n se puede apostillar por la Haya para cualquier pa\u00eds firmante del convenio de la Haya.<\/p>\n<p>Se puede pagar a plazos.<\/p>\n<p>Carga horaria de la formaci\u00f3n: 600h<\/p>\n<p>&nbsp;<\/p>\n<h2>Temario M\u00e1ster en Psicolog\u00eda Hol\u00edstica, Coaching y PNL<\/h2>\n<hr \/>\n<h1><strong>Psicolog\u00eda Hol\u00edstica<\/strong><\/h1>\n<p>&nbsp;<\/p>\n<ol>\n<li><strong> INTRODUCCI\u00d3N A LA PSICOLOG\u00cdA<\/strong><\/li>\n<li>Concepto de psicolog\u00eda<\/li>\n<li>&#8211; Or\u00edgenes de la psicolog\u00eda actual<\/li>\n<li>&#8211; Perspectivas te\u00f3ricas del s. XIX y s. XX<\/li>\n<li>Nociones b\u00e1sicas de psicolog\u00eda<\/li>\n<li>\u2026<\/li>\n<\/ol>\n<p><strong> PSICOLOG\u00cdA GESTALT<\/strong><\/p>\n<ol>\n<li>Psicolog\u00eda cognitiva y conexionismo<\/li>\n<li>Organizaci\u00f3n perceptual<\/li>\n<li>&#8211; Importancia de la pregnancia en la percepci\u00f3n<\/li>\n<li>Percepci\u00f3n. Concepto perceptual<\/li>\n<li>Introducci\u00f3n a la terapia gest\u00e1ltica<\/li>\n<li>\u2026.<\/li>\n<\/ol>\n<p><strong> COUNSELING<\/strong><\/p>\n<ol>\n<li>Introducci\u00f3n al Counseling<\/li>\n<li>Teor\u00edas del counseling<\/li>\n<li>El papel del counselor<\/li>\n<li>&#8230;<\/li>\n<\/ol>\n<p><strong> COACHING<\/strong><\/p>\n<ol>\n<li>Concepto de coaching. Influencias y corrientes actuales<\/li>\n<li>&#8211; Influencias del coaching<\/li>\n<li>&#8211; Diferencias con otras metodolog\u00edas<\/li>\n<li>Importancia del coaching<\/li>\n<li>\u2026.<\/li>\n<\/ol>\n<p><strong> MINDFULNESS<\/strong><\/p>\n<ol>\n<li>Concepto de mindfulness. Or\u00edgenes del mindfulness<\/li>\n<li>Importancia de las emociones en mindfulness<\/li>\n<li>Aptitudes esenciales<\/li>\n<li>&#8211; Asertividad<\/li>\n<li>\u2026<\/li>\n<\/ol>\n<p><strong> PROGRAMACI\u00d3N NEUROLING\u00dc\u00cdSTICA<\/strong><\/p>\n<ol>\n<li>Introducci\u00f3n. Concepto y objetivos<\/li>\n<li>&#8211; Principios de funcionamiento<\/li>\n<li>Elementos b\u00e1sicos de PNL<\/li>\n<li>Sistemas representacionales<\/li>\n<li>Metamodelos y metaprogramas<\/li>\n<li>\u2026<\/li>\n<\/ol>\n<p><strong> HIPNOSIS<\/strong><\/p>\n<ol>\n<li>Concepto de hipnosis<\/li>\n<li>Teor\u00edas de la hipnosis y el estado hipn\u00f3tico<\/li>\n<li>Pr\u00e1ctica de la hipnosis<\/li>\n<li>\u2026.<\/li>\n<\/ol>\n<p><strong> PSICOLOG\u00cdA SIST\u00c9MICA. CONSTELACIONES FAMILIARES<\/strong><\/p>\n<ol>\n<li>Introducci\u00f3n a la teor\u00eda de sistemas y al pensamiento sist\u00e9mico<\/li>\n<li>Enfoque de las constelaciones familiares<\/li>\n<li>Sentimientos y necesidades b\u00e1sicas<\/li>\n<li>\u2026<\/li>\n<\/ol>\n<p><strong> NARRATIVA TERAP\u00c9UTICA<\/strong><\/p>\n<ol>\n<li>El poder de las palabras<\/li>\n<li>Organizaci\u00f3n de la narrativa terap\u00e9utica<\/li>\n<li>Herramientas de la narrativa terap\u00e9utica: foco, lupa y microscopio<\/li>\n<li>&#8211; Met\u00e1foras<\/li>\n<li>\u2026<\/li>\n<\/ol>\n<p><strong> PSICOLOG\u00cdA TRANSPERSONAL<\/strong><\/p>\n<ol>\n<li>Introducci\u00f3n a la psicolog\u00eda transpersonal. Influencias te\u00f3ricas<\/li>\n<li>La psicoterapia transpersonal-integral<\/li>\n<li>Descripci\u00f3n de los estados internos<\/li>\n<li>\u2026.<\/li>\n<\/ol>\n<p><strong> OTRAS APROXIMACIONES<\/strong><\/p>\n<ol>\n<li>Influencia del Reiki<\/li>\n<li>&#8211; Estructura del Reiki Ho<\/li>\n<li>Medicina tradicional china<\/li>\n<li>&#8211; Teor\u00eda del Ying-Yang<\/li>\n<li>&#8211; Teor\u00eda de los cinco movimientos o elementos<\/li>\n<li>&#8211; Teor\u00eda de los \u00f3rganos Zang-Fu<\/li>\n<li>\u2026<\/li>\n<\/ol>\n<p><strong>\u00a0<\/strong><\/p>\n<p><strong>COACHING, INTELIGENCIA EMOCIONAL Y PNL<\/strong><\/p>\n<p><strong>COACHING <\/strong><\/p>\n<ol>\n<li>M\u00d3DULO I. INTRODUCCI\u00d3N AL COACHING<\/li>\n<\/ol>\n<p><strong>TEMA 1. \u00bfQU\u00c9 ES EL COACHING?<\/strong><\/p>\n<ol>\n<li>El cambio, la crisis y la construcci\u00f3n de la identidad<\/li>\n<li>Concepto de coaching<\/li>\n<li>Etimolog\u00eda del coaching<\/li>\n<li>\u2026<\/li>\n<\/ol>\n<p><strong>TEMA 2. IMPORTANCIA DEL COACHING<\/strong><\/p>\n<ol>\n<li>\u00bfPor qu\u00e9 es importante el coaching?<\/li>\n<li>Principios y valores<\/li>\n<li>\u2026<\/li>\n<\/ol>\n<p><strong>TEMA 3. ASPECTOS FUNDAMENTALES DEL COACHING I<\/strong><\/p>\n<ol>\n<li>Introducci\u00f3n: los elementos claves para el \u00e9xito<\/li>\n<li>Motivaci\u00f3n<\/li>\n<li>\u2026<\/li>\n<\/ol>\n<p><strong>TEMA 4. ASPECTOS FUNDAMENTALES DEL COACHING II<\/strong><\/p>\n<ol>\n<li>Responsabilidad y compromiso<\/li>\n<li>Acci\u00f3n<\/li>\n<li>Creatividad<\/li>\n<li>\u2026<\/li>\n<\/ol>\n<p><strong>TEMA 5. \u00c9TICA Y COACHING<\/strong><\/p>\n<ol>\n<li>Liderazgo, poder y \u00e9tica<\/li>\n<li>Confidencialidad del Proceso<\/li>\n<li>\u2026<\/li>\n<\/ol>\n<p><strong>TEMA 6. COACHING, CAMBIO Y APRENDIZAJE<\/strong><\/p>\n<ol>\n<li>La superaci\u00f3n de los bloqueos<\/li>\n<li>El deseo de avanzar<\/li>\n<li>\u2026<\/li>\n<\/ol>\n<p><strong>TEMA 7. EL PROCESO DE COACHING: ASPECTOS GENERALES<\/strong><\/p>\n<ol>\n<li>Coaching \u00bfherramienta o proceso?<\/li>\n<li>\u2026<\/li>\n<\/ol>\n<p><strong>TEMA 8. HABILIDADES RELACIONADAS CON EL PROCESO<\/strong><\/p>\n<ol>\n<li>Introducci\u00f3n<\/li>\n<li>Escucha<\/li>\n<li>Empat\u00eda<\/li>\n<li>\u2026<\/li>\n<\/ol>\n<p><strong>TEMA 9. FASES EN EL PROCESO DE COACHING<\/strong><\/p>\n<ol>\n<li>Primera fase: establecer la relaci\u00f3n de coaching<\/li>\n<li>Segunda fase: planificaci\u00f3n de la acci\u00f3n<\/li>\n<li>\u2026<\/li>\n<\/ol>\n<p><strong>TEMA 10. EVALUACI\u00d3N I<\/strong><\/p>\n<ol>\n<li>\u00bfPor qu\u00e9 es necesaria la evaluaci\u00f3n?<\/li>\n<li>Beneficios de los programas de evaluaci\u00f3n de coaching<\/li>\n<li>\u2026<\/li>\n<\/ol>\n<p><strong>TEMA 11. EVALUACI\u00d3N II<\/strong><\/p>\n<ol>\n<li>El final de la evaluaci\u00f3n<\/li>\n<li>Evaluaci\u00f3n externa<\/li>\n<li>Sesiones de evaluaci\u00f3n continua<\/li>\n<li>\u2026<\/li>\n<\/ol>\n<p><strong>TEMA 12. EL COACH<\/strong><\/p>\n<ol>\n<li>La figura del coach<\/li>\n<li>Tipos de coach<\/li>\n<li>Papel del coach en el proceso de coaching ejecutivo<\/li>\n<\/ol>\n<p><strong>TEMA 13. COMPETENCIAS DEL COACH<\/strong><\/p>\n<ol>\n<li>Competencias clave y actuaci\u00f3n del coach<\/li>\n<li>Las caracter\u00edsticas del coach efectivo para el desarrollo de competencias<\/li>\n<li>\u2026<\/li>\n<\/ol>\n<p><strong>TEMA 14. LA PREPARACI\u00d3N DE UN BUEN COACH<\/strong><\/p>\n<ol>\n<li>Preparaci\u00f3n t\u00e9cnica: formaci\u00f3n y experiencia empresarial<\/li>\n<li>Errores m\u00e1s comunes del coach<\/li>\n<li>\u2026<\/li>\n<\/ol>\n<p><strong>TEMA 15. LA FIGURA DEL COACHEE<\/strong><\/p>\n<ol>\n<li>La figura del coachee<\/li>\n<li>Caracter\u00edsticas del destinatario del coaching<\/li>\n<li>\u2026<\/li>\n<\/ol>\n<p><strong>TEMA 16. MODELOS ORGANIZATIVOS EMPRESARIALES<\/strong><\/p>\n<ol>\n<li>Coaching y empresa<\/li>\n<li>La importancia de las organizaciones<\/li>\n<li>\u2026.<\/li>\n<\/ol>\n<p><strong>TEMA 17. LA HUMANIZACI\u00d3N DE LA ORGANIZACI\u00d3N<\/strong><\/p>\n<ol>\n<li>Cambio y desarrollo en la organizaci\u00f3n<\/li>\n<li>Resistencia al cambio organizacional<\/li>\n<li>\u2026.<\/li>\n<\/ol>\n<p><strong>TEMA 18. INTRODUCCI\u00d3N AL COACHING EJECUTIVO<\/strong><\/p>\n<ol>\n<li>Principios de coaching ejecutivo<\/li>\n<li>La empresa y el coach<\/li>\n<li>\u2026<\/li>\n<\/ol>\n<p><strong>TEMA 19. COACHING Y COMPETENCIAS PROFESIONALES<\/strong><\/p>\n<ol>\n<li>Aspectos fundamentales de las competencias<\/li>\n<li>Adquisici\u00f3n y desarrollo de competencias<\/li>\n<li>Competencias profesionales<\/li>\n<li>\u2026<\/li>\n<\/ol>\n<p><strong>TEMA 20. COACHING Y GESTI\u00d3N DEL TALENTO<\/strong><\/p>\n<ol>\n<li>El talento<\/li>\n<li>Gesti\u00f3n del talento<\/li>\n<li>\u2026<\/li>\n<\/ol>\n<p><strong>TEMA 21. LIDERAZGO EMPRESARIAL<\/strong><\/p>\n<ol>\n<li>Liderazgo<\/li>\n<li>Enfoques centrados en el l\u00edder<\/li>\n<li>Teor\u00edas situacionales o de contingencia<\/li>\n<li>\u2026<\/li>\n<\/ol>\n<p><strong>TEMA 22. COACHING Y LIDERAZGO EN LA EMPRESA<\/strong><\/p>\n<ol>\n<li>El coaching como ayuda a la formaci\u00f3n del liderazgo<\/li>\n<li>El coaching como estilo de liderazgo<\/li>\n<li>\u2026.<\/li>\n<\/ol>\n<p><strong>TEMA 23. GESTI\u00d3N DE RECURSOS HUMANOS<\/strong><\/p>\n<ol>\n<li>Coaching de relaciones<\/li>\n<li>Grupo vs. Equipo<\/li>\n<li>\u2026.<\/li>\n<\/ol>\n<p><strong>TEMA 24. GESTI\u00d3N DE RELACIONES<\/strong><\/p>\n<ol>\n<li>Team Building<\/li>\n<li>T\u00e9cnicas para mejorar el funcionamiento de un equipo<\/li>\n<\/ol>\n<p><strong>TEMA 25. DE DIRECTIVO A DIRECTIVO COACH<\/strong><\/p>\n<ol>\n<li>El coaching directivo: c\u00f3mo conseguir el desarrollo profesional<\/li>\n<li>Establecer l\u00edmites: presi\u00f3n-rendimiento<\/li>\n<li>\u2026.<\/li>\n<\/ol>\n<p><strong>TEMA 26. RESOLUCI\u00d3N DE CONFLICTOS<\/strong><\/p>\n<ol>\n<li>El conflicto como fuente del problema<\/li>\n<li>Tipos de conflicto<\/li>\n<li>\u2026<\/li>\n<\/ol>\n<p><strong>TEMA 27. INTRODUCCI\u00d3N A LAS T\u00c9CNICAS DE COACHING<\/strong><\/p>\n<ol>\n<li>T\u00e9cnicas en coaching: transformar lo negativo en positivo<\/li>\n<li>Las din\u00e1micas: definici\u00f3n<\/li>\n<li>\u00bfPara qu\u00e9 se utilizan las t\u00e9cnicas grupales y para qu\u00e9 no?<\/li>\n<li>\u2026<\/li>\n<\/ol>\n<p><strong>TEMA 28. HERRAMIENTAS APLICADAS AL \u00c1MBITO EMPRESARIAL<\/strong><\/p>\n<ol>\n<li>Introducci\u00f3n a las herramientas<\/li>\n<li>Feedback 360\u00ba TM<\/li>\n<li>\u2026.<\/li>\n<\/ol>\n<p><strong>TEMA 29. T\u00c9CNICAS ESTRUCTURALES<\/strong><\/p>\n<ol>\n<li>Definici\u00f3n<\/li>\n<li>M\u00e9todo GROW TM<\/li>\n<li>M\u00e9todo ACHIEVE TM<\/li>\n<li>\u2026<\/li>\n<\/ol>\n<p><strong>TEMA 30. T\u00c9CNICAS EXPLORATORIAS<\/strong><\/p>\n<ol>\n<li>Definici\u00f3n<\/li>\n<li>Rueda de la vida<\/li>\n<li>\u2026<\/li>\n<\/ol>\n<p><strong>TEMA 31. T\u00c9CNICAS Y DIN\u00c1MICAS DE GRUPO<\/strong><\/p>\n<ol>\n<li>Definici\u00f3n y clasificaci\u00f3n<\/li>\n<li>T\u00e9cnicas de grupo grande<\/li>\n<li>Grupo mediano<\/li>\n<li>\u2026<\/li>\n<\/ol>\n<p><strong>PARTE 2. COACHING CON PNL E INTELIGENCIA EMOCIONAL<\/strong><\/p>\n<p><strong>TEMA 1. COACHING E INTELIGENCIA EMOCIONAL I<\/strong><\/p>\n<ol>\n<li>\u00bfQu\u00e9 es la Inteligencia emocional?<\/li>\n<li>Componentes de la Inteligencia emocional<\/li>\n<li>\u2026<\/li>\n<\/ol>\n<p><strong>TEMA 2. COACHING E INTELIGENCIA EMOCIONAL II<\/strong><\/p>\n<ol>\n<li>Inteligencia emocional y vida personal<\/li>\n<li>Inteligencia emocional y vida empresarial<\/li>\n<li>..<\/li>\n<\/ol>\n<p><strong>TEMA 3. COACHING Y PNL I<\/strong><\/p>\n<ol>\n<li>\u00bfQu\u00e9 es la PNL?<\/li>\n<li>Principios de PNL<\/li>\n<li>\u2026<\/li>\n<\/ol>\n<p><strong>TEMA 4. COACHING Y PNL II<\/strong><\/p>\n<ol>\n<li>Marcos de la PNL<\/li>\n<li>Pr\u00e1cticas y procesos de PNL<\/li>\n<li>\u2026<\/li>\n<\/ol>\n<p><strong>M\u00e1ster en Psicolog\u00eda Hol\u00edstica, Coaching y PNL<\/strong><\/p>\n<p><a href=\"https:\/\/www.centro-cee.com\/temarios_web\/c_cee137.pdf\" target=\"_blank\" rel=\"noopener\">Descargar Temario<\/a><\/p>\n<p>&nbsp;<\/p>\n<p>&nbsp;<\/p>\n<hr \/>\n<p>&nbsp;<\/p>\n","protected":false},"excerpt":{"rendered":"<p><a href=\"https:\/\/centro-cee.com\/web\/formaciones\/\">Atr\u00e1s<\/a><\/p>\n<p>Este M\u00e1ster en Psicolog\u00eda Hol\u00edstica, Coaching y PNL, impartido por el Centro Europeo E-learning (CEE), con el que aprender\u00e1s las mejores t\u00e9cnicas de psicolog\u00eda hol\u00edstica. Con esta formaci\u00f3n estudiar\u00e1s todos los aspectos relacionados con la psicolog\u00eda hol\u00edstica, con contenidos actualizados.<\/p>\n<p>Esta especialidad de psicolog\u00eda est\u00e1 muy en auge entre otras cosas por el tipo de terapia en que en lugar de fijarse y trabajar en un nivel, normalmente el \u00abmental\u00bb, se considera que el ser humano es una totalidad y trabajan en todos los niveles como, el Inconsciente, Cuerpo, Cerebro y Emoci\u00f3n.<\/p>\n<p>A lo largo de este curso estudiar\u00e1s en esta especialidad y tambi\u00e9n conocer\u00e1s t\u00e9cnicas de coaching y de programaci\u00f3n neuroling\u00fc\u00edstica que te van a ayudar dominar diferentes tem\u00e1ticas todas ellas vinculadas. La formaci\u00f3n obtenida es de alto nivel y con gran cantidad de contenidos que dotaran a las\/los alumnas\/os de unos conocimientos excelentes.<\/p>\n","protected":false},"featured_media":16,"comment_status":"closed","ping_status":"closed","template":"","meta":[],"product_brand":[],"product_cat":[2048,2049,17],"product_tag":[1572,1570,1568,1042,1503,1569,1573,1567,1499,1571],"class_list":{"0":"post-15","1":"product","2":"type-product","3":"status-publish","4":"has-post-thumbnail","6":"product_cat-cursos-online-psicologia","7":"product_cat-cursos-online-terapias-naturales","8":"product_cat-master","9":"product_tag-bienestar-emocional-y-mental","10":"product_tag-certificacion-en-coaching-y-pnl","11":"product_tag-coaching-personal-y-profesional","12":"product_tag-curso-online-de-psicologia-holistica","13":"product_tag-estrategias-de-comunicacion-efectiva","14":"product_tag-formacion-en-psicologia-alternativa","15":"product_tag-intervencion-en-crecimiento-personal","16":"product_tag-master-en-psicologia-holistica","17":"product_tag-programacion-neurolinguistica-pnl","18":"product_tag-tecnicas-de-desarrollo-personal","20":"first","21":"instock","22":"sale","23":"virtual","24":"purchasable","25":"product-type-simple"},"yoast_head":"<!-- This site is optimized with the Yoast SEO plugin v27.4 - https:\/\/yoast.com\/product\/yoast-seo-wordpress\/ -->\n<title>M\u00e1ster en Psicolog\u00eda Hol\u00edstica Coaching y PNL<\/title>\n<meta name=\"description\" content=\"Mejora tus habilidades con nuestro M\u00e1ster en Psicolog\u00eda Hol\u00edstica, Coaching y PNL. Aprende a integrar t\u00e9cnicas de PNL para ayudar a tus clientes.\" \/>\n<meta name=\"robots\" content=\"index, follow, max-snippet:-1, max-image-preview:large, max-video-preview:-1\" \/>\n<link rel=\"canonical\" href=\"https:\/\/centro-cee.com\/web\/producto\/psicologia-holistica-coach-pnl\/\" \/>\n<meta property=\"og:locale\" content=\"es_ES\" \/>\n<meta property=\"og:type\" content=\"article\" \/>\n<meta property=\"og:title\" content=\"M\u00e1ster en Psicolog\u00eda Hol\u00edstica Coaching y PNL\" \/>\n<meta property=\"og:description\" content=\"Mejora tus habilidades con nuestro M\u00e1ster en Psicolog\u00eda Hol\u00edstica, Coaching y PNL. Aprende a integrar t\u00e9cnicas de PNL para ayudar a tus clientes.\" \/>\n<meta property=\"og:url\" content=\"https:\/\/centro-cee.com\/web\/producto\/psicologia-holistica-coach-pnl\/\" \/>\n<meta property=\"og:site_name\" content=\"CEE Centro Europeo E-learning - Cursos online\" \/>\n<meta property=\"article:modified_time\" content=\"2026-03-13T16:35:25+00:00\" \/>\n<meta property=\"og:image\" content=\"https:\/\/centro-cee.com\/web\/wp-content\/uploads\/2022\/12\/autoesti.jpg\" \/>\n\t<meta property=\"og:image:width\" content=\"1000\" \/>\n\t<meta property=\"og:image:height\" content=\"563\" \/>\n\t<meta property=\"og:image:type\" content=\"image\/jpeg\" \/>\n<meta name=\"twitter:card\" content=\"summary_large_image\" \/>\n<meta name=\"twitter:label1\" content=\"Tiempo de lectura\" \/>\n\t<meta name=\"twitter:data1\" content=\"5 minutos\" \/>\n<script type=\"application\/ld+json\" class=\"yoast-schema-graph\">{\"@context\":\"https:\\\/\\\/schema.org\",\"@graph\":[{\"@type\":\"WebPage\",\"@id\":\"https:\\\/\\\/centro-cee.com\\\/web\\\/producto\\\/psicologia-holistica-coach-pnl\\\/\",\"url\":\"https:\\\/\\\/centro-cee.com\\\/web\\\/producto\\\/psicologia-holistica-coach-pnl\\\/\",\"name\":\"M\u00e1ster en Psicolog\u00eda Hol\u00edstica Coaching y PNL\",\"isPartOf\":{\"@id\":\"https:\\\/\\\/centro-cee.com\\\/web\\\/#website\"},\"primaryImageOfPage\":{\"@id\":\"https:\\\/\\\/centro-cee.com\\\/web\\\/producto\\\/psicologia-holistica-coach-pnl\\\/#primaryimage\"},\"image\":{\"@id\":\"https:\\\/\\\/centro-cee.com\\\/web\\\/producto\\\/psicologia-holistica-coach-pnl\\\/#primaryimage\"},\"thumbnailUrl\":\"https:\\\/\\\/centro-cee.com\\\/web\\\/wp-content\\\/uploads\\\/2022\\\/12\\\/autoesti.jpg\",\"datePublished\":\"2022-12-30T00:00:10+00:00\",\"dateModified\":\"2026-03-13T16:35:25+00:00\",\"description\":\"Mejora tus habilidades con nuestro M\u00e1ster en Psicolog\u00eda Hol\u00edstica, Coaching y PNL. Aprende a integrar t\u00e9cnicas de PNL para ayudar a tus clientes.\",\"breadcrumb\":{\"@id\":\"https:\\\/\\\/centro-cee.com\\\/web\\\/producto\\\/psicologia-holistica-coach-pnl\\\/#breadcrumb\"},\"inLanguage\":\"es\",\"potentialAction\":[{\"@type\":\"ReadAction\",\"target\":[\"https:\\\/\\\/centro-cee.com\\\/web\\\/producto\\\/psicologia-holistica-coach-pnl\\\/\"]}]},{\"@type\":\"ImageObject\",\"inLanguage\":\"es\",\"@id\":\"https:\\\/\\\/centro-cee.com\\\/web\\\/producto\\\/psicologia-holistica-coach-pnl\\\/#primaryimage\",\"url\":\"https:\\\/\\\/centro-cee.com\\\/web\\\/wp-content\\\/uploads\\\/2022\\\/12\\\/autoesti.jpg\",\"contentUrl\":\"https:\\\/\\\/centro-cee.com\\\/web\\\/wp-content\\\/uploads\\\/2022\\\/12\\\/autoesti.jpg\",\"width\":1000,\"height\":563,\"caption\":\"M\u00e1ster en psicolog\u00eda hol\u00edstica\"},{\"@type\":\"BreadcrumbList\",\"@id\":\"https:\\\/\\\/centro-cee.com\\\/web\\\/producto\\\/psicologia-holistica-coach-pnl\\\/#breadcrumb\",\"itemListElement\":[{\"@type\":\"ListItem\",\"position\":1,\"name\":\"Portada\",\"item\":\"https:\\\/\\\/centro-cee.com\\\/web\\\/\"},{\"@type\":\"ListItem\",\"position\":2,\"name\":\"M\u00e1ster en Psicolog\u00eda Hol\u00edstica, Coaching y PNL\"}]},{\"@type\":\"WebSite\",\"@id\":\"https:\\\/\\\/centro-cee.com\\\/web\\\/#website\",\"url\":\"https:\\\/\\\/centro-cee.com\\\/web\\\/\",\"name\":\"Centro Europeo E-learning\",\"description\":\"CEE Formaci\u00f3n Online\",\"publisher\":{\"@id\":\"https:\\\/\\\/centro-cee.com\\\/web\\\/#organization\"},\"alternateName\":\"Centro Online de Formaci\u00f3n\",\"potentialAction\":[{\"@type\":\"SearchAction\",\"target\":{\"@type\":\"EntryPoint\",\"urlTemplate\":\"https:\\\/\\\/centro-cee.com\\\/web\\\/?s={search_term_string}\"},\"query-input\":{\"@type\":\"PropertyValueSpecification\",\"valueRequired\":true,\"valueName\":\"search_term_string\"}}],\"inLanguage\":\"es\"},{\"@type\":\"Organization\",\"@id\":\"https:\\\/\\\/centro-cee.com\\\/web\\\/#organization\",\"name\":\"Centro Europeo E-learning CEE\",\"url\":\"https:\\\/\\\/centro-cee.com\\\/web\\\/\",\"logo\":{\"@type\":\"ImageObject\",\"inLanguage\":\"es\",\"@id\":\"https:\\\/\\\/centro-cee.com\\\/web\\\/#\\\/schema\\\/logo\\\/image\\\/\",\"url\":\"https:\\\/\\\/centro-cee.com\\\/web\\\/wp-content\\\/uploads\\\/2022\\\/12\\\/cropped-logo_educa.png\",\"contentUrl\":\"https:\\\/\\\/centro-cee.com\\\/web\\\/wp-content\\\/uploads\\\/2022\\\/12\\\/cropped-logo_educa.png\",\"width\":157,\"height\":63,\"caption\":\"Centro Europeo E-learning CEE\"},\"image\":{\"@id\":\"https:\\\/\\\/centro-cee.com\\\/web\\\/#\\\/schema\\\/logo\\\/image\\\/\"},\"sameAs\":[\"https:\\\/\\\/www.instagram.com\\\/centroeuropeo_cee\"]}]}<\/script>\n<!-- \/ Yoast SEO plugin. -->","yoast_head_json":{"title":"M\u00e1ster en Psicolog\u00eda Hol\u00edstica Coaching y PNL","description":"Mejora tus habilidades con nuestro M\u00e1ster en Psicolog\u00eda Hol\u00edstica, Coaching y PNL. Aprende a integrar t\u00e9cnicas de PNL para ayudar a tus clientes.","robots":{"index":"index","follow":"follow","max-snippet":"max-snippet:-1","max-image-preview":"max-image-preview:large","max-video-preview":"max-video-preview:-1"},"canonical":"https:\/\/centro-cee.com\/web\/producto\/psicologia-holistica-coach-pnl\/","og_locale":"es_ES","og_type":"article","og_title":"M\u00e1ster en Psicolog\u00eda Hol\u00edstica Coaching y PNL","og_description":"Mejora tus habilidades con nuestro M\u00e1ster en Psicolog\u00eda Hol\u00edstica, Coaching y PNL. Aprende a integrar t\u00e9cnicas de PNL para ayudar a tus clientes.","og_url":"https:\/\/centro-cee.com\/web\/producto\/psicologia-holistica-coach-pnl\/","og_site_name":"CEE Centro Europeo E-learning - Cursos online","article_modified_time":"2026-03-13T16:35:25+00:00","og_image":[{"width":1000,"height":563,"url":"https:\/\/centro-cee.com\/web\/wp-content\/uploads\/2022\/12\/autoesti.jpg","type":"image\/jpeg"}],"twitter_card":"summary_large_image","twitter_misc":{"Tiempo de lectura":"5 minutos"},"schema":{"@context":"https:\/\/schema.org","@graph":[{"@type":"WebPage","@id":"https:\/\/centro-cee.com\/web\/producto\/psicologia-holistica-coach-pnl\/","url":"https:\/\/centro-cee.com\/web\/producto\/psicologia-holistica-coach-pnl\/","name":"M\u00e1ster en Psicolog\u00eda Hol\u00edstica Coaching y PNL","isPartOf":{"@id":"https:\/\/centro-cee.com\/web\/#website"},"primaryImageOfPage":{"@id":"https:\/\/centro-cee.com\/web\/producto\/psicologia-holistica-coach-pnl\/#primaryimage"},"image":{"@id":"https:\/\/centro-cee.com\/web\/producto\/psicologia-holistica-coach-pnl\/#primaryimage"},"thumbnailUrl":"https:\/\/centro-cee.com\/web\/wp-content\/uploads\/2022\/12\/autoesti.jpg","datePublished":"2022-12-30T00:00:10+00:00","dateModified":"2026-03-13T16:35:25+00:00","description":"Mejora tus habilidades con nuestro M\u00e1ster en Psicolog\u00eda Hol\u00edstica, Coaching y PNL. Aprende a integrar t\u00e9cnicas de PNL para ayudar a tus clientes.","breadcrumb":{"@id":"https:\/\/centro-cee.com\/web\/producto\/psicologia-holistica-coach-pnl\/#breadcrumb"},"inLanguage":"es","potentialAction":[{"@type":"ReadAction","target":["https:\/\/centro-cee.com\/web\/producto\/psicologia-holistica-coach-pnl\/"]}]},{"@type":"ImageObject","inLanguage":"es","@id":"https:\/\/centro-cee.com\/web\/producto\/psicologia-holistica-coach-pnl\/#primaryimage","url":"https:\/\/centro-cee.com\/web\/wp-content\/uploads\/2022\/12\/autoesti.jpg","contentUrl":"https:\/\/centro-cee.com\/web\/wp-content\/uploads\/2022\/12\/autoesti.jpg","width":1000,"height":563,"caption":"M\u00e1ster en psicolog\u00eda hol\u00edstica"},{"@type":"BreadcrumbList","@id":"https:\/\/centro-cee.com\/web\/producto\/psicologia-holistica-coach-pnl\/#breadcrumb","itemListElement":[{"@type":"ListItem","position":1,"name":"Portada","item":"https:\/\/centro-cee.com\/web\/"},{"@type":"ListItem","position":2,"name":"M\u00e1ster en Psicolog\u00eda Hol\u00edstica, Coaching y PNL"}]},{"@type":"WebSite","@id":"https:\/\/centro-cee.com\/web\/#website","url":"https:\/\/centro-cee.com\/web\/","name":"Centro Europeo E-learning","description":"CEE Formaci\u00f3n Online","publisher":{"@id":"https:\/\/centro-cee.com\/web\/#organization"},"alternateName":"Centro Online de Formaci\u00f3n","potentialAction":[{"@type":"SearchAction","target":{"@type":"EntryPoint","urlTemplate":"https:\/\/centro-cee.com\/web\/?s={search_term_string}"},"query-input":{"@type":"PropertyValueSpecification","valueRequired":true,"valueName":"search_term_string"}}],"inLanguage":"es"},{"@type":"Organization","@id":"https:\/\/centro-cee.com\/web\/#organization","name":"Centro Europeo E-learning CEE","url":"https:\/\/centro-cee.com\/web\/","logo":{"@type":"ImageObject","inLanguage":"es","@id":"https:\/\/centro-cee.com\/web\/#\/schema\/logo\/image\/","url":"https:\/\/centro-cee.com\/web\/wp-content\/uploads\/2022\/12\/cropped-logo_educa.png","contentUrl":"https:\/\/centro-cee.com\/web\/wp-content\/uploads\/2022\/12\/cropped-logo_educa.png","width":157,"height":63,"caption":"Centro Europeo E-learning CEE"},"image":{"@id":"https:\/\/centro-cee.com\/web\/#\/schema\/logo\/image\/"},"sameAs":["https:\/\/www.instagram.com\/centroeuropeo_cee"]}]}},"_links":{"self":[{"href":"https:\/\/centro-cee.com\/web\/wp-json\/wp\/v2\/product\/15","targetHints":{"allow":["GET"]}}],"collection":[{"href":"https:\/\/centro-cee.com\/web\/wp-json\/wp\/v2\/product"}],"about":[{"href":"https:\/\/centro-cee.com\/web\/wp-json\/wp\/v2\/types\/product"}],"replies":[{"embeddable":true,"href":"https:\/\/centro-cee.com\/web\/wp-json\/wp\/v2\/comments?post=15"}],"wp:featuredmedia":[{"embeddable":true,"href":"https:\/\/centro-cee.com\/web\/wp-json\/wp\/v2\/media\/16"}],"wp:attachment":[{"href":"https:\/\/centro-cee.com\/web\/wp-json\/wp\/v2\/media?parent=15"}],"wp:term":[{"taxonomy":"product_brand","embeddable":true,"href":"https:\/\/centro-cee.com\/web\/wp-json\/wp\/v2\/product_brand?post=15"},{"taxonomy":"product_cat","embeddable":true,"href":"https:\/\/centro-cee.com\/web\/wp-json\/wp\/v2\/product_cat?post=15"},{"taxonomy":"product_tag","embeddable":true,"href":"https:\/\/centro-cee.com\/web\/wp-json\/wp\/v2\/product_tag?post=15"}],"curies":[{"name":"wp","href":"https:\/\/api.w.org\/{rel}","templated":true}]}}