{"id":1498,"date":"2023-11-02T12:20:40","date_gmt":"2023-11-02T12:20:40","guid":{"rendered":"https:\/\/centro-cee.com\/web\/?post_type=product&#038;p=1498"},"modified":"2024-10-16T18:21:10","modified_gmt":"2024-10-16T18:21:10","slug":"profesional-en-la-organizacion-de-bodas-con-presencia-en-la-red","status":"publish","type":"product","link":"https:\/\/centro-cee.com\/web\/producto\/profesional-en-la-organizacion-de-bodas-con-presencia-en-la-red\/","title":{"rendered":"Profesional en la organizaci\u00f3n de bodas con presencia en la red"},"content":{"rendered":"<p><a href=\"https:\/\/centro-cee.com\/web\/formaciones\/\">Atr\u00e1s<\/a><\/p>\n<p><em><strong>Profesional en la organizaci\u00f3n de bodas con presencia en la red<\/strong><\/em><\/p>\n<p>Toda esta formaci\u00f3n se realiza 100% online en nuestro campus online de formaci\u00f3n.<\/p>\n<p>Las tutorias se realizan directamente desde el campus de estudio con la opci\u00f3n de mensajer\u00eda a profesores. Las tutorias son \u00aba demanda\u00bb, cuando necesites soporte nos lo pides.<\/p>\n<p>Los t\u00edtulos de Centro CEE est\u00e1n autenticados por la firma de notario que valida contenidos y autenticidad a nivel internacional. Nuestra organizaci\u00f3n pertenece a la Asociaci\u00f3n Espa\u00f1ola de Calidad, organizaci\u00f3n Espa\u00f1ola de referencia para la calidad en la formaci\u00f3n. La certificaci\u00f3n se puede apostillar por la Haya para cualquier pa\u00eds firmante del convenio de la Haya.<\/p>\n<p>Se puede pagar a plazos.<\/p>\n<p>Carga horaria de la formaci\u00f3n: 450h<\/p>\n<h2>Temario<\/h2>\n<p>TEMA 1: WEDDING PLANNER<br \/>\n    1. Wedding Planner<br \/>\n        1.1. Perfil del Wedding Planner.<br \/>\n        1.2. Caracter\u00edsticas del Wedding Planner.<br \/>\n    2. Organizaci\u00f3n de la boda<br \/>\n        2.1. Objetivos, elecci\u00f3n del lugar, fecha, estilo de boda, etc.<br \/>\n        2.2. Organizaci\u00f3n de la boda paso a paso.<br \/>\n        2.3. Timming de una boda.<br \/>\n        2.4. Las invitaciones: elecci\u00f3n.<br \/>\n        2.5. Presupuesto de la boda.<br \/>\n    3. Vista legal y social de las bodas<br \/>\n        3.1. Introducci\u00f3n.<br \/>\n        3.2. Definici\u00f3n y principales tradiciones vinculadas el matrimonio.<br \/>\n        3.3. Tr\u00e1mites legales necesarios seg\u00fan el tipo de boda. documentaci\u00f3n, tr\u00e1mites y desarrollo de la ceremonia.<br \/>\n    4. Tipos de bodas.<br \/>\n        4.1. Caracter\u00edsticas principales.<br \/>\n        4.2. Tipos de ceremonias religiosas,<br \/>\n        4.3.  Ceremonias cristiana<br \/>\n        4.4. Ceremonia griega.<br \/>\n        4.5.  Ceremonia jud\u00eda.<br \/>\n        4.6.  Ceremonia musulmana.<br \/>\n    5. Ceremonias civiles<br \/>\n        5.1. Tr\u00e1mites legales necesarios. Documentaci\u00f3n y desarrollo.<br \/>\n    6. Estilos y escenarios de bodas:<br \/>\n        6.1. Preparativos de una boda Rom\u00e1ntica.<br \/>\n        6.2. Preparativos de una boda Vintage.<br \/>\n        6.3. Preparativos de una boda Marinera.<br \/>\n        6.4. Preparativos de una boda con color<br \/>\n    7. Protocolo y Decoraci\u00f3n<br \/>\n        7.1. Las invitaciones: elecci\u00f3n y redacci\u00f3n.<br \/>\n        7.2. Decoraci\u00f3n y organizaci\u00f3n de la ceremonia.<br \/>\n        7.3. Decoraci\u00f3n y organizaci\u00f3n del banquete. Distribuci\u00f3n de invitados y protocolo en la mesa.<br \/>\n        7.4. Los regalos: protocolo, listas de boda y otros detalles.<br \/>\n    8. Organizaci\u00f3n de los espacios:<br \/>\n        8.1. Protocolo de actuaci\u00f3n en las distintas ceremonias.<br \/>\n        8.2. Organizaci\u00f3n y decoraci\u00f3n del banquete.<br \/>\n        8.3. Distribuci\u00f3n de invitados y protocolo en la mesa.<br \/>\n        8.4. Elecci\u00f3n del Catering.<br \/>\n        8.5. M\u00fasica, primer baile, etc.<br \/>\n        8.6. Para los ni\u00f1os.<br \/>\n        8.7. Fotos y v\u00eddeo.<br \/>\n    9. Los Novios<br \/>\n        9.1. Elecci\u00f3n del traje del novio.<br \/>\n        9.2. Complementos del novio: Zapatos, corbatas, chalecos, boutoniers, etc.<br \/>\n        9.3. Elecci\u00f3n del traje de la novia.<br \/>\n        9.4. Complementos de la novia: Ramo, velo, zapatos, el peinado, etc.<br \/>\n        9.5. Padrinos, testigos, damas de honor y pajes. Protocolo en el vestir.<br \/>\n    10. Para la novia<br \/>\n        10.1. Traje corto.<br \/>\n        10.2. Traje c\u00f3ctel.<br \/>\n        10.3. Vestido largo.<br \/>\n    11. Para el novio<br \/>\n        11.1. Chaqu\u00e9.<br \/>\n        11.2. Esmoquin.<br \/>\n        11.3. Frac.<br \/>\n    12. Despu\u00e9s de la Boda<br \/>\n        12.1. Fiesta post-boda.<br \/>\n        12.2. Luna de miel.<br \/>\n        12.3. Agradecimiento a los invitados.<\/p>\n<p>TEMA 2: T\u00c9CNICAS DE IMAGEN PERSONAL<br \/>\n    1. El rostro<br \/>\n          * fisonom\u00eda<br \/>\n    2. Partes del ojo<br \/>\n    3. La nariz<br \/>\n    4. Maquillaje (automaquillaje)<br \/>\n    5. Pinceles<br \/>\n    6. Brochas<br \/>\n    7. Correcciones<br \/>\n    8. Labios<br \/>\n    9. Maquillaje &#8211; paso a paso:<br \/>\n          * maquillaje d\u00eda<br \/>\n          * maquillaje tarde<br \/>\n          * maquillaje de fiesta<br \/>\n    10. \u00datiles y accesorios<br \/>\n    11. Higiene<br \/>\n    12. El resultado final<br \/>\n    13. Documentaci\u00f3n de resumen<\/p>\n<p>TEMA 3: COMMUNITY MANAGER<br \/>\n    1. LAS REDES SOCIALES. EL COMMUNITY MANAGER<br \/>\n    2. MONITORIZAR, ANALIZAR Y MEDIR LAS REDES SOCIALES: HERRAMIENTAS Y T\u00c9CNICAS<br \/>\n    3. LAS REDES SOCIALES EN EL PLAN DE MARKETING<br \/>\n    4. LAS REDES SOCIALES Y LA COMUNICACI\u00d3N: SU AN\u00c1LISIS COMO MEDIO Y COMO SOPORTE PUBLICITARIO<br \/>\n    5. CONSTRUIR RELACIONES: EL NUEVO MARKETING RELACIONAL<br \/>\n    6. CREATIVIDAD Y REDES SOCIALES<br \/>\n    7. LOS BLOGS<br \/>\n    8. DESCRIPCI\u00d3N DE LAS PRINCIPALES REDES SOCIALES<br \/>\n    10. MOBILE SOCIAL MEDIA: LOS SMARTPHONES<\/p>\n<p>TEMA 4: ATENCI\u00d3N AL CLIENTE<br \/>\n    1. LA ATENCI\u00d3N AL CLIENTE<br \/>\n    2. EL TRATO CON EL CLIENTE<br \/>\n    3. EL TRABAJO EN EQUIPO<br \/>\n    4. LOS CLIENTES<br \/>\n    5. T\u00c9CNICAS DE COMUNICACI\u00d3N<br \/>\n    6. EL PROCESO DE VENTA<br \/>\n    7. LA CALIDAD DEL SERVICIO<\/p>\n<p><em><strong>Profesional en la organizaci\u00f3n de bodas con presencia en la red<\/strong><\/em><\/p>\n<hr \/>\n","protected":false},"excerpt":{"rendered":"<p><a href=\"https:\/\/centro-cee.com\/web\/formaciones\/\">Atr\u00e1s<\/a><\/p>\n<p>Si te quieres convertir en el mejor Wedding Planner, esta formaci\u00f3n es para ti. Se trata de una formaci\u00f3n impartida por el CEE Centro Europeo E-learning, la cual se titula: Profesional en la organizaci\u00f3n de bodas con presencia en la red, y con m\u00e1s raz\u00f3n al ser un curso disponible en una modalidad online. Todo esto con el firme prop\u00f3sito de darte cada una de las herramientas necesarias para que puedas llevar tu formaci\u00f3n al siguiente nivel.<\/p>\n<p>  Es por razones como estas, que si quieres dar un paso adelante en toda tu formaci\u00f3n profesional, es el d\u00eda indicado para comenzar todo tu proceso de matr\u00edcula. Con esta formaci\u00f3n, te formar\u00e1s en todos los aspectos relacionados con la organizaci\u00f3n de bodas y eventos.<\/p>\n","protected":false},"featured_media":1499,"comment_status":"closed","ping_status":"closed","template":"","meta":[],"product_brand":[],"product_cat":[34],"product_tag":[770,769,761,765,767,768,763,766,762,764],"class_list":{"0":"post-1498","1":"product","2":"type-product","3":"status-publish","4":"has-post-thumbnail","6":"product_cat-tecnicos","7":"product_tag-coordinacion-de-eventos-nupciales","8":"product_tag-curso-de-diseno-y-planificacion-de-bodas","9":"product_tag-curso-de-organizacion-de-bodas","10":"product_tag-curso-online-de-organizacion-de-bodas","11":"product_tag-especializacion-en-planificacion-nupcial","12":"product_tag-estrategias-para-organizadores-de-bodas","13":"product_tag-formacion-en-planificacion-de-bodas","14":"product_tag-gestion-de-bodas","15":"product_tag-profesional-en-bodas","16":"product_tag-tecnicas-de-organizacion-de-eventos","18":"first","19":"instock","20":"sale","21":"shipping-taxable","22":"purchasable","23":"product-type-simple"},"yoast_head":"<!-- This site is optimized with the Yoast SEO plugin v27.5 - https:\/\/yoast.com\/product\/yoast-seo-wordpress\/ -->\n<title>Profesional en la organizaci\u00f3n de bodas con presencia en la red<\/title>\n<meta name=\"description\" content=\"Obt\u00e9n los conocimientos necesarios para convertirte en un profesional con nuestro curso Profesional en la organizaci\u00f3n de bodas con presencia en la red\" \/>\n<meta name=\"robots\" content=\"index, follow, max-snippet:-1, max-image-preview:large, max-video-preview:-1\" \/>\n<link rel=\"canonical\" href=\"https:\/\/centro-cee.com\/web\/producto\/profesional-en-la-organizacion-de-bodas-con-presencia-en-la-red\/\" \/>\n<meta property=\"og:locale\" content=\"es_ES\" \/>\n<meta property=\"og:type\" content=\"article\" \/>\n<meta property=\"og:title\" content=\"Profesional en la organizaci\u00f3n de bodas con presencia en la red\" \/>\n<meta property=\"og:description\" content=\"Obt\u00e9n los conocimientos necesarios para convertirte en un profesional con nuestro curso Profesional en la organizaci\u00f3n de bodas con presencia en la red\" \/>\n<meta property=\"og:url\" content=\"https:\/\/centro-cee.com\/web\/producto\/profesional-en-la-organizacion-de-bodas-con-presencia-en-la-red\/\" \/>\n<meta property=\"og:site_name\" content=\"CEE Centro Europeo E-learning - Cursos online\" \/>\n<meta property=\"article:modified_time\" content=\"2024-10-16T18:21:10+00:00\" \/>\n<meta property=\"og:image\" content=\"https:\/\/centro-cee.com\/web\/wp-content\/uploads\/2023\/11\/imagen_2023-11-02_132614821.png\" \/>\n\t<meta property=\"og:image:width\" content=\"800\" \/>\n\t<meta property=\"og:image:height\" content=\"532\" \/>\n\t<meta property=\"og:image:type\" content=\"image\/png\" \/>\n<meta name=\"twitter:card\" content=\"summary_large_image\" \/>\n<meta name=\"twitter:label1\" content=\"Tiempo de lectura\" \/>\n\t<meta name=\"twitter:data1\" content=\"5 minutos\" \/>\n<script type=\"application\/ld+json\" class=\"yoast-schema-graph\">{\"@context\":\"https:\\\/\\\/schema.org\",\"@graph\":[{\"@type\":\"WebPage\",\"@id\":\"https:\\\/\\\/centro-cee.com\\\/web\\\/producto\\\/profesional-en-la-organizacion-de-bodas-con-presencia-en-la-red\\\/\",\"url\":\"https:\\\/\\\/centro-cee.com\\\/web\\\/producto\\\/profesional-en-la-organizacion-de-bodas-con-presencia-en-la-red\\\/\",\"name\":\"Profesional en la organizaci\u00f3n de bodas con presencia en la red\",\"isPartOf\":{\"@id\":\"https:\\\/\\\/centro-cee.com\\\/web\\\/#website\"},\"primaryImageOfPage\":{\"@id\":\"https:\\\/\\\/centro-cee.com\\\/web\\\/producto\\\/profesional-en-la-organizacion-de-bodas-con-presencia-en-la-red\\\/#primaryimage\"},\"image\":{\"@id\":\"https:\\\/\\\/centro-cee.com\\\/web\\\/producto\\\/profesional-en-la-organizacion-de-bodas-con-presencia-en-la-red\\\/#primaryimage\"},\"thumbnailUrl\":\"https:\\\/\\\/centro-cee.com\\\/web\\\/wp-content\\\/uploads\\\/2023\\\/11\\\/imagen_2023-11-02_132614821.png\",\"datePublished\":\"2023-11-02T12:20:40+00:00\",\"dateModified\":\"2024-10-16T18:21:10+00:00\",\"description\":\"Obt\u00e9n los conocimientos necesarios para convertirte en un profesional con nuestro curso Profesional en la organizaci\u00f3n de bodas con presencia en la red\",\"breadcrumb\":{\"@id\":\"https:\\\/\\\/centro-cee.com\\\/web\\\/producto\\\/profesional-en-la-organizacion-de-bodas-con-presencia-en-la-red\\\/#breadcrumb\"},\"inLanguage\":\"es\",\"potentialAction\":[{\"@type\":\"ReadAction\",\"target\":[\"https:\\\/\\\/centro-cee.com\\\/web\\\/producto\\\/profesional-en-la-organizacion-de-bodas-con-presencia-en-la-red\\\/\"]}]},{\"@type\":\"ImageObject\",\"inLanguage\":\"es\",\"@id\":\"https:\\\/\\\/centro-cee.com\\\/web\\\/producto\\\/profesional-en-la-organizacion-de-bodas-con-presencia-en-la-red\\\/#primaryimage\",\"url\":\"https:\\\/\\\/centro-cee.com\\\/web\\\/wp-content\\\/uploads\\\/2023\\\/11\\\/imagen_2023-11-02_132614821.png\",\"contentUrl\":\"https:\\\/\\\/centro-cee.com\\\/web\\\/wp-content\\\/uploads\\\/2023\\\/11\\\/imagen_2023-11-02_132614821.png\",\"width\":800,\"height\":532,\"caption\":\"Profesional en la organizaci\u00f3n de bodas con presencia en la red\"},{\"@type\":\"BreadcrumbList\",\"@id\":\"https:\\\/\\\/centro-cee.com\\\/web\\\/producto\\\/profesional-en-la-organizacion-de-bodas-con-presencia-en-la-red\\\/#breadcrumb\",\"itemListElement\":[{\"@type\":\"ListItem\",\"position\":1,\"name\":\"Portada\",\"item\":\"https:\\\/\\\/centro-cee.com\\\/web\\\/\"},{\"@type\":\"ListItem\",\"position\":2,\"name\":\"Profesional en la organizaci\u00f3n de bodas con presencia en la red\"}]},{\"@type\":\"WebSite\",\"@id\":\"https:\\\/\\\/centro-cee.com\\\/web\\\/#website\",\"url\":\"https:\\\/\\\/centro-cee.com\\\/web\\\/\",\"name\":\"Centro Europeo E-learning\",\"description\":\"CEE Formaci\u00f3n Online\",\"publisher\":{\"@id\":\"https:\\\/\\\/centro-cee.com\\\/web\\\/#organization\"},\"alternateName\":\"Centro Online de Formaci\u00f3n\",\"potentialAction\":[{\"@type\":\"SearchAction\",\"target\":{\"@type\":\"EntryPoint\",\"urlTemplate\":\"https:\\\/\\\/centro-cee.com\\\/web\\\/?s={search_term_string}\"},\"query-input\":{\"@type\":\"PropertyValueSpecification\",\"valueRequired\":true,\"valueName\":\"search_term_string\"}}],\"inLanguage\":\"es\"},{\"@type\":\"Organization\",\"@id\":\"https:\\\/\\\/centro-cee.com\\\/web\\\/#organization\",\"name\":\"Centro Europeo E-learning CEE\",\"url\":\"https:\\\/\\\/centro-cee.com\\\/web\\\/\",\"logo\":{\"@type\":\"ImageObject\",\"inLanguage\":\"es\",\"@id\":\"https:\\\/\\\/centro-cee.com\\\/web\\\/#\\\/schema\\\/logo\\\/image\\\/\",\"url\":\"https:\\\/\\\/centro-cee.com\\\/web\\\/wp-content\\\/uploads\\\/2022\\\/12\\\/cropped-logo_educa.png\",\"contentUrl\":\"https:\\\/\\\/centro-cee.com\\\/web\\\/wp-content\\\/uploads\\\/2022\\\/12\\\/cropped-logo_educa.png\",\"width\":157,\"height\":63,\"caption\":\"Centro Europeo E-learning CEE\"},\"image\":{\"@id\":\"https:\\\/\\\/centro-cee.com\\\/web\\\/#\\\/schema\\\/logo\\\/image\\\/\"},\"sameAs\":[\"https:\\\/\\\/www.instagram.com\\\/centroeuropeo_cee\"]}]}<\/script>\n<!-- \/ Yoast SEO plugin. -->","yoast_head_json":{"title":"Profesional en la organizaci\u00f3n de bodas con presencia en la red","description":"Obt\u00e9n los conocimientos necesarios para convertirte en un profesional con nuestro curso Profesional en la organizaci\u00f3n de bodas con presencia en la red","robots":{"index":"index","follow":"follow","max-snippet":"max-snippet:-1","max-image-preview":"max-image-preview:large","max-video-preview":"max-video-preview:-1"},"canonical":"https:\/\/centro-cee.com\/web\/producto\/profesional-en-la-organizacion-de-bodas-con-presencia-en-la-red\/","og_locale":"es_ES","og_type":"article","og_title":"Profesional en la organizaci\u00f3n de bodas con presencia en la red","og_description":"Obt\u00e9n los conocimientos necesarios para convertirte en un profesional con nuestro curso Profesional en la organizaci\u00f3n de bodas con presencia en la red","og_url":"https:\/\/centro-cee.com\/web\/producto\/profesional-en-la-organizacion-de-bodas-con-presencia-en-la-red\/","og_site_name":"CEE Centro Europeo E-learning - Cursos online","article_modified_time":"2024-10-16T18:21:10+00:00","og_image":[{"width":800,"height":532,"url":"https:\/\/centro-cee.com\/web\/wp-content\/uploads\/2023\/11\/imagen_2023-11-02_132614821.png","type":"image\/png"}],"twitter_card":"summary_large_image","twitter_misc":{"Tiempo de lectura":"5 minutos"},"schema":{"@context":"https:\/\/schema.org","@graph":[{"@type":"WebPage","@id":"https:\/\/centro-cee.com\/web\/producto\/profesional-en-la-organizacion-de-bodas-con-presencia-en-la-red\/","url":"https:\/\/centro-cee.com\/web\/producto\/profesional-en-la-organizacion-de-bodas-con-presencia-en-la-red\/","name":"Profesional en la organizaci\u00f3n de bodas con presencia en la red","isPartOf":{"@id":"https:\/\/centro-cee.com\/web\/#website"},"primaryImageOfPage":{"@id":"https:\/\/centro-cee.com\/web\/producto\/profesional-en-la-organizacion-de-bodas-con-presencia-en-la-red\/#primaryimage"},"image":{"@id":"https:\/\/centro-cee.com\/web\/producto\/profesional-en-la-organizacion-de-bodas-con-presencia-en-la-red\/#primaryimage"},"thumbnailUrl":"https:\/\/centro-cee.com\/web\/wp-content\/uploads\/2023\/11\/imagen_2023-11-02_132614821.png","datePublished":"2023-11-02T12:20:40+00:00","dateModified":"2024-10-16T18:21:10+00:00","description":"Obt\u00e9n los conocimientos necesarios para convertirte en un profesional con nuestro curso Profesional en la organizaci\u00f3n de bodas con presencia en la red","breadcrumb":{"@id":"https:\/\/centro-cee.com\/web\/producto\/profesional-en-la-organizacion-de-bodas-con-presencia-en-la-red\/#breadcrumb"},"inLanguage":"es","potentialAction":[{"@type":"ReadAction","target":["https:\/\/centro-cee.com\/web\/producto\/profesional-en-la-organizacion-de-bodas-con-presencia-en-la-red\/"]}]},{"@type":"ImageObject","inLanguage":"es","@id":"https:\/\/centro-cee.com\/web\/producto\/profesional-en-la-organizacion-de-bodas-con-presencia-en-la-red\/#primaryimage","url":"https:\/\/centro-cee.com\/web\/wp-content\/uploads\/2023\/11\/imagen_2023-11-02_132614821.png","contentUrl":"https:\/\/centro-cee.com\/web\/wp-content\/uploads\/2023\/11\/imagen_2023-11-02_132614821.png","width":800,"height":532,"caption":"Profesional en la organizaci\u00f3n de bodas con presencia en la red"},{"@type":"BreadcrumbList","@id":"https:\/\/centro-cee.com\/web\/producto\/profesional-en-la-organizacion-de-bodas-con-presencia-en-la-red\/#breadcrumb","itemListElement":[{"@type":"ListItem","position":1,"name":"Portada","item":"https:\/\/centro-cee.com\/web\/"},{"@type":"ListItem","position":2,"name":"Profesional en la organizaci\u00f3n de bodas con presencia en la red"}]},{"@type":"WebSite","@id":"https:\/\/centro-cee.com\/web\/#website","url":"https:\/\/centro-cee.com\/web\/","name":"Centro Europeo E-learning","description":"CEE Formaci\u00f3n Online","publisher":{"@id":"https:\/\/centro-cee.com\/web\/#organization"},"alternateName":"Centro Online de Formaci\u00f3n","potentialAction":[{"@type":"SearchAction","target":{"@type":"EntryPoint","urlTemplate":"https:\/\/centro-cee.com\/web\/?s={search_term_string}"},"query-input":{"@type":"PropertyValueSpecification","valueRequired":true,"valueName":"search_term_string"}}],"inLanguage":"es"},{"@type":"Organization","@id":"https:\/\/centro-cee.com\/web\/#organization","name":"Centro Europeo E-learning CEE","url":"https:\/\/centro-cee.com\/web\/","logo":{"@type":"ImageObject","inLanguage":"es","@id":"https:\/\/centro-cee.com\/web\/#\/schema\/logo\/image\/","url":"https:\/\/centro-cee.com\/web\/wp-content\/uploads\/2022\/12\/cropped-logo_educa.png","contentUrl":"https:\/\/centro-cee.com\/web\/wp-content\/uploads\/2022\/12\/cropped-logo_educa.png","width":157,"height":63,"caption":"Centro Europeo E-learning CEE"},"image":{"@id":"https:\/\/centro-cee.com\/web\/#\/schema\/logo\/image\/"},"sameAs":["https:\/\/www.instagram.com\/centroeuropeo_cee"]}]}},"_links":{"self":[{"href":"https:\/\/centro-cee.com\/web\/wp-json\/wp\/v2\/product\/1498","targetHints":{"allow":["GET"]}}],"collection":[{"href":"https:\/\/centro-cee.com\/web\/wp-json\/wp\/v2\/product"}],"about":[{"href":"https:\/\/centro-cee.com\/web\/wp-json\/wp\/v2\/types\/product"}],"replies":[{"embeddable":true,"href":"https:\/\/centro-cee.com\/web\/wp-json\/wp\/v2\/comments?post=1498"}],"wp:featuredmedia":[{"embeddable":true,"href":"https:\/\/centro-cee.com\/web\/wp-json\/wp\/v2\/media\/1499"}],"wp:attachment":[{"href":"https:\/\/centro-cee.com\/web\/wp-json\/wp\/v2\/media?parent=1498"}],"wp:term":[{"taxonomy":"product_brand","embeddable":true,"href":"https:\/\/centro-cee.com\/web\/wp-json\/wp\/v2\/product_brand?post=1498"},{"taxonomy":"product_cat","embeddable":true,"href":"https:\/\/centro-cee.com\/web\/wp-json\/wp\/v2\/product_cat?post=1498"},{"taxonomy":"product_tag","embeddable":true,"href":"https:\/\/centro-cee.com\/web\/wp-json\/wp\/v2\/product_tag?post=1498"}],"curies":[{"name":"wp","href":"https:\/\/api.w.org\/{rel}","templated":true}]}}