{"id":1495,"date":"2023-11-02T12:14:20","date_gmt":"2023-11-02T12:14:20","guid":{"rendered":"https:\/\/centro-cee.com\/web\/?post_type=product&#038;p=1495"},"modified":"2024-10-16T18:21:51","modified_gmt":"2024-10-16T18:21:51","slug":"master-en-auditorias-de-seguridad-informatica-y-la-informacion","status":"publish","type":"product","link":"https:\/\/centro-cee.com\/web\/producto\/master-en-auditorias-de-seguridad-informatica-y-la-informacion\/","title":{"rendered":"M\u00e1ster en auditorias de seguridad informatica y la informaci\u00f3n"},"content":{"rendered":"<p><a href=\"https:\/\/centro-cee.com\/web\/formaciones\/\">Atr\u00e1s<\/a><\/p>\n<p><em><strong>M\u00e1ster en auditorias de seguridad informatica y la informaci\u00f3n<\/strong><\/em><\/p>\n<p>Toda esta formaci\u00f3n se realiza 100% online en nuestro campus online de formaci\u00f3n.<\/p>\n<p>Las tutorias se realizan directamente desde el campus de estudio con la opci\u00f3n de mensajer\u00eda a profesores. Las tutorias son \u00aba demanda\u00bb, cuando necesites soporte nos lo pides.<\/p>\n<p>Los t\u00edtulos de Centro CEE est\u00e1n autenticados por la firma de notario que valida contenidos y autenticidad a nivel internacional. Nuestra organizaci\u00f3n pertenece a la Asociaci\u00f3n Espa\u00f1ola de Calidad, organizaci\u00f3n Espa\u00f1ola de referencia para la calidad en la formaci\u00f3n. La certificaci\u00f3n se puede apostillar por la Haya para cualquier pa\u00eds firmante del convenio de la Haya.<\/p>\n<p>Se puede pagar a plazos.<\/p>\n<p>Carga horaria de la formaci\u00f3n: 450h<\/p>\n<h2>Temario<\/h2>\n<p>1. M\u00d3DULO 1. AUDITOR\u00cdA DE SEGURIDAD INFORM\u00c1TICA<br \/>\nUNIDAD DID\u00c1CTICA 1. CRITERIOS GENERALES COM\u00daNMENTE ACEPTADOS SOBRE AUDITOR\u00cdA INFORM\u00c1TICA<\/p>\n<p>1. C\u00f3digo deontol\u00f3gico de la funci\u00f3n de auditor\u00eda<br \/>\n2. Relaci\u00f3n de los distintos tipos de auditor\u00eda en el marco de los sistemas de informaci\u00f3n<br \/>\n3. Criterios a seguir para la composici\u00f3n del equipo auditor<br \/>\n4. Tipos de pruebas a realizar en el marco de la auditor\u00eda, pruebas sustantivas y pruebas de cumplimiento<\/p>\n<p>UNIDAD DID\u00c1CTICA 2. APLICACI\u00d3N DE LA NORMATIVA DE PROTECCI\u00d3N DE DATOS DE CAR\u00c1CTER PERSONAL<br \/>\n1. Principios generales de protecci\u00f3n de datos de car\u00e1cter personal<br \/>\n2. Normativa europea recogida en la directiva 95\/46\/CE<br \/>\n3. Normativa nacional recogida en el c\u00f3digo penal, Ley Org\u00e1nica para el Tratamiento Automatizado de Datos (LORTAD), Ley Org\u00e1nica de Protecci\u00f3n de Datos (LOPD) y Reglamento de Desarrollo de La Ley Org\u00e1nica de Protecci\u00f3n de Datos (RD 1720\/2007)<\/p>\n<p>UNIDAD DID\u00c1CTICA 3. AN\u00c1LISIS DE RIESGOS DE LOS SISTEMAS DE INFORMACI\u00d3N<br \/>\n1. Introducci\u00f3n al an\u00e1lisis de riesgos<br \/>\n2. Principales tipos de vulnerabilidades, fallos de programa, programas maliciosos y su actualizaci\u00f3n permanente, as\u00ed como criterios de programaci\u00f3n segura<br \/>\n3. Particularidades de los distintos tipos de c\u00f3digo malicioso<br \/>\n4. Principales elementos del an\u00e1lisis de riesgos y sus modelos de relaciones<br \/>\n5. Metodolog\u00edas cualitativas y cuantitativas de an\u00e1lisis de riesgos<br \/>\n6. Identificaci\u00f3n de los activos involucrados en el an\u00e1lisis de riesgos y su valoraci\u00f3n<br \/>\n7. Identificaci\u00f3n de las amenazas que pueden afectar a los activos identificados previamente<br \/>\n8. An\u00e1lisis e identificaci\u00f3n de las vulnerabilidades existentes en los sistemas de informaci\u00f3n que permitir\u00edan la materializaci\u00f3n de amenazas, incluyendo el an\u00e1lisis local, an\u00e1lisis remoto de caja blanca y de caja negra<\/p>\n<p>UNIDAD DID\u00c1CTICA 4. USO DE HERRAMIENTAS PARA LA AUDITOR\u00cdA DE SISTEMAS<br \/>\n1. Herramientas del sistema operativo tipo Ping, Traceroute, etc<br \/>\n2. Herramientas de an\u00e1lisis de red, puertos y servicios tipo Nmap, Netcat, NBTScan, etc.<br \/>\n3. Herramientas de an\u00e1lisis de vulnerabilidades tipo Nessus<\/p>\n<p>UNIDAD DID\u00c1CTICA 5. DESCRIPCI\u00d3N DE LOS ASPECTOS SOBRE CORTAFUEGOS EN AUDITOR\u00cdAS DE SISTEMAS INFORM\u00c1TICOS.<br \/>\n1. Principios generales de cortafuegos<br \/>\n2. Componentes de un cortafuegos de red<br \/>\n3. Relaci\u00f3n de los distintos tipos de cortafuegos por ubicaci\u00f3n y funcionalidad<\/p>\n<p>UNIDAD DID\u00c1CTICA 6. GU\u00cdAS PARA LA EJECUCI\u00d3N DE LAS DISTINTAS FASES DE LA AUDITOR\u00cdA DE SISTEMAS DE INFORMACI\u00d3N<br \/>\n1. Gu\u00eda para la auditor\u00eda de la documentaci\u00f3n y normativa de seguridad existente en la organizaci\u00f3n auditada<br \/>\n2. Gu\u00eda para la elaboraci\u00f3n del plan de auditor\u00eda<br \/>\n3. Gu\u00eda para las pruebas de auditor\u00eda<\/p>\n<p>SEGURIDAD DE LA INFORMACI\u00d3N<\/p>\n<p>1. CONTEXTO DE LA SEGURIDAD DE LA INFORMACI\u00d3N<br \/>\n1.1. Seguridad de la informaci\u00f3n.<br \/>\n1.2. Atributos de la seguridad de la informaci\u00f3n.<\/p>\n<p>2. CICLO DEL SISTEMA DE GESTI\u00d3N<br \/>\n2.1. Ciclo de mejora continua del sistema de gesti\u00f3n.<br \/>\n2.2. Planificar.<br \/>\n2.3. Selecci\u00f3n de controles.<\/p>\n<p>3. DEC\u00c1LOGO DE SEGURIDAD DE LA INFORMACI\u00d3N<br \/>\n3.1. Dec\u00e1logo de seguridad de la informaci\u00f3n.<\/p>\n<p>4. ELEMENTOS DE SEGURIDAD. ATAQUES Y AMENAZAS<br \/>\n4.1. Arquitectura de seguridad.<br \/>\n4.2. Elementos de seguridad<br \/>\n4.3. Ataques y amenazas.<\/p>\n<p>5. DELITOS Y RIESGOS EN LA PROTECCI\u00d3N DE DATOS DE CAR\u00c1CTER PERSONAL<br \/>\n5.1. Introducci\u00f3n.<br \/>\n5.2. Delitos.<br \/>\n5.3. C\u00f3mo mitigar estos riesgos.<br \/>\n5.4. Pol\u00edtica de contrase\u00f1as.<\/p>\n<p>6. MEDIDAS DE SEGURIDAD PARA LA PROTECCI\u00d3N DE DATOS DE CAR\u00c1CTER PERSONAL<br \/>\n6.1. Introducci\u00f3n.<br \/>\n6.2. Niveles de seguridad y tipos de datos.<br \/>\n6.3. Medidas de seguridad de nivel b\u00e1sico.<br \/>\n6.4. Medidas de seguridad de nivel medio.<\/p>\n<p>REGLAMENTO GENERAL DE PROTECCI\u00d3N DE DATOS &#8211; RGPD<\/p>\n<p>1. INTRODUCCI\u00d3N<br \/>\n1.1. Introducci\u00f3n.<br \/>\n1.2. Normativa y \u00e1mbito de aplicaci\u00f3n.<br \/>\n1.3. Procedencia de los datos de car\u00e1cter personal.<br \/>\n1.4. Recogida de datos: derecho y deber de informaci\u00f3n.<\/p>\n<p>2. CONCEPTOS B\u00c1SICOS. SUJETOS QUE INTERVIENEN EN LA PROTECCI\u00d3N DE DATOS<br \/>\n2.1. Conceptos b\u00e1sicos.<br \/>\n2.2. Sujetos que intervienen en la protecci\u00f3n de datos.<br \/>\n2.3. Autoridades competentes: Agencia Espa\u00f1ola de Protecci\u00f3n de datos y Agencias Auton\u00f3micas.<br \/>\n2.4. Responsable del tratamiento.<\/p>\n<p>3. DELEGADO DE PROTECCI\u00d3N DE DATOS (DPO)<br \/>\n3.1. Delegado de protecci\u00f3n de datos.<br \/>\n3.2. Entidades que deben nombrar un delegado de protecci\u00f3n de datos.<\/p>\n<p>4. OBLIGACIONES Y DERECHOS EN MATERIA DE PROTECCI\u00d3N DE DATOS<br \/>\n4.1. Obligaciones.<br \/>\n4.1.1. Informaci\u00f3n en la recogida de datos.<br \/>\n4.1.2. Consentimiento del afectado.<br \/>\n4.2. Derechos de las personas.<br \/>\n4.2.1. Derecho de oposici\u00f3n.<br \/>\n4.2.2. Derecho de acceso.<br \/>\n4.2.3. Derecho a la portabilidad de datos.<\/p>\n<p>5. CESI\u00d3N DE DATOS<br \/>\n5.1. Qu\u00e9 se considera cesi\u00f3n o comunicaci\u00f3n.<br \/>\n5.2. Comunicaci\u00f3n de datos entre Administraciones P\u00fablicas.<\/p>\n<p>6. SEGURIDAD EN LA PROTECCI\u00d3N DE DATOS<br \/>\n6.1. Introducci\u00f3n.<br \/>\n6.2. Evaluaciones de Impacto.<br \/>\n6.3. Aplicaci\u00f3n de medidas t\u00e9cnicas y organizativas.<\/p>\n<p>7.  INFRACCIONES Y SANCIONES<br \/>\n7.1. Introducci\u00f3n.<br \/>\n7.2. Infracciones graves.<\/p>\n<p>LEY DE PROPIEDAD INTELECTUAL &#8211; LPI<\/p>\n<p>1. INTRODUCCI\u00d3N A LA LPI<br \/>\n1.1.  Conceptos<br \/>\n1.2.  Marco Legal<br \/>\n1.3.  Medidas tecnol\u00f3gicas de protecci\u00f3n<\/p>\n<p>2. PRINCIPIOS B\u00c1SICOS LPI<br \/>\n2.1.  La originalidad y expresi\u00f3n de la idea<br \/>\n2.2.  Los autores<br \/>\n2.3.  Derechos morales<\/p>\n<p>3. BUENAS PR\u00c1CTICAS DE GESTI\u00d3N<br \/>\n3.1.  Introducci\u00f3n<br \/>\n3.2.  Pol\u00edticas generales y concienciaci\u00f3n<br \/>\n3.3.  Inventario de software<\/p>\n<p>4. SANCIONES<br \/>\n4.1. Infracciones Muy Graves<br \/>\n4.2. Infracciones Graves<\/p>\n<p>LEY DE SERVICIOS DE LA SOCIEDAD DE LA INFORMACI\u00d3N &#8211; LSSI<\/p>\n<p>1. INTRODUCCI\u00d3N<br \/>\n1.1. Introducci\u00f3n<br \/>\n1.2. Marco Legal<br \/>\n1.3. A qui\u00e9n se aplica<\/p>\n<p>2. CUMPLIMIENTO<br \/>\n2.1. Introducci\u00f3n<br \/>\n2.2. Comunicaci\u00f3n Comercial<br \/>\n2.2.1. Informaci\u00f3n obligatoria en las comunicaciones comerciales seg\u00fan la Ley de Servicios de la Sociedad de la Informaci\u00f3n y Comercio Electr\u00f3nico<\/p>\n<p>2.3. Informaci\u00f3n previa al contrato o la venta<br \/>\n2.4. Contrataci\u00f3n<br \/>\n2.4.1. Condiciones Generales<br \/>\n2.5. Pago<br \/>\n2.6. Factura<br \/>\n2.7. Entrega del bien o servicio<br \/>\n2.8. Derecho de desistimiento<br \/>\n2.9. Servicio posventa y atenci\u00f3n al cliente<br \/>\n2.10. Protecci\u00f3n de datos personales<\/p>\n<p>3. SANCIONES<br \/>\n3.1.  Introducci\u00f3n.<br \/>\n3.2. Obligaci\u00f3n de Seguridad.<br \/>\n3.3. Clasificaci\u00f3n de infracciones y sanciones correspondientes.<\/p>\n<p><em><strong>M\u00e1ster en auditorias de seguridad informatica y la informaci\u00f3n<\/strong><\/em><\/p>\n<hr \/>\n","protected":false},"excerpt":{"rendered":"<p><a href=\"https:\/\/centro-cee.com\/web\/formaciones\/\">Atr\u00e1s<\/a><\/p>\n<p>El Centro Europeo E-learning, centro de formaci\u00f3n m\u00e1s de 25 a\u00f1os de experiencia en el mundo de la formaci\u00f3n, presenta Auditorias de Seguridad Inform\u00e1tica + Seguridad de la Informaci\u00f3n.<\/p>\n<p>F\u00f3rmate y especial\u00edzate en TODOS los aspectos relacionados con la seguridad inform\u00e1tica, con contenidos actualizados.<\/p>\n<p>Actualmente, donde todas las transacciones, gestiones, operativas bancarias, facturaciones, comunicados oficiales, etc., se realizan mediante equipos inform\u00e1ticos, y a trav\u00e9s de la red, prima una gesti\u00f3n \u00f3ptima de la seguridad inform\u00e1tica, para dar seguridad a toda la informaci\u00f3n confidencial que almacenamos en nuestros equipos.<\/p>\n<p>Para todo esto es importante conocer las diferentes leyes, reglamentos, etc., referente a protecci\u00f3n de datos, lssi, etc.<\/p>\n","protected":false},"featured_media":1496,"comment_status":"closed","ping_status":"closed","template":"","meta":[],"product_brand":[],"product_cat":[17],"product_tag":[779,772,776,775,778,773,774,771,780,777],"class_list":{"0":"post-1495","1":"product","2":"type-product","3":"status-publish","4":"has-post-thumbnail","6":"product_cat-master","7":"product_tag-certificacion-en-seguridad-informatica","8":"product_tag-curso-de-seguridad-informatica","9":"product_tag-curso-online-de-auditoria-de-seguridad","10":"product_tag-especializacion-en-ciberseguridad","11":"product_tag-evaluacion-de-riesgos-en-seguridad-informatica","12":"product_tag-formacion-en-auditoria-de-sistemas","13":"product_tag-gestion-de-la-seguridad-de-la-informacion","14":"product_tag-master-en-auditorias-de-seguridad-informatica","15":"product_tag-seguridad-en-redes-y-sistemas","16":"product_tag-tecnicas-de-auditoria-informatica","18":"first","19":"instock","20":"sale","21":"shipping-taxable","22":"purchasable","23":"product-type-simple"},"yoast_head":"<!-- This site is optimized with the Yoast SEO plugin v27.5 - https:\/\/yoast.com\/product\/yoast-seo-wordpress\/ -->\n<title>M\u00e1ster en auditorias de seguridad informatica y la informaci\u00f3n<\/title>\n<meta name=\"description\" content=\"Obt\u00e9n los conocimientos necesarios para convertirte en un profesional con nuestro M\u00e1ster en auditorias de seguridad informatica y la informaci\u00f3n\" \/>\n<meta name=\"robots\" content=\"index, follow, max-snippet:-1, max-image-preview:large, max-video-preview:-1\" \/>\n<link rel=\"canonical\" href=\"https:\/\/centro-cee.com\/web\/producto\/master-en-auditorias-de-seguridad-informatica-y-la-informacion\/\" \/>\n<meta property=\"og:locale\" content=\"es_ES\" \/>\n<meta property=\"og:type\" content=\"article\" \/>\n<meta property=\"og:title\" content=\"M\u00e1ster en auditorias de seguridad informatica y la informaci\u00f3n\" \/>\n<meta property=\"og:description\" content=\"Obt\u00e9n los conocimientos necesarios para convertirte en un profesional con nuestro M\u00e1ster en auditorias de seguridad informatica y la informaci\u00f3n\" \/>\n<meta property=\"og:url\" content=\"https:\/\/centro-cee.com\/web\/producto\/master-en-auditorias-de-seguridad-informatica-y-la-informacion\/\" \/>\n<meta property=\"og:site_name\" content=\"CEE Centro Europeo E-learning - Cursos online\" \/>\n<meta property=\"article:modified_time\" content=\"2024-10-16T18:21:51+00:00\" \/>\n<meta property=\"og:image\" content=\"https:\/\/centro-cee.com\/web\/wp-content\/uploads\/2023\/11\/imagen_2023-11-02_131816952.png\" \/>\n\t<meta property=\"og:image:width\" content=\"795\" \/>\n\t<meta property=\"og:image:height\" content=\"638\" \/>\n\t<meta property=\"og:image:type\" content=\"image\/png\" \/>\n<meta name=\"twitter:card\" content=\"summary_large_image\" \/>\n<meta name=\"twitter:label1\" content=\"Tiempo de lectura\" \/>\n\t<meta name=\"twitter:data1\" content=\"2 minutos\" \/>\n<script type=\"application\/ld+json\" class=\"yoast-schema-graph\">{\"@context\":\"https:\\\/\\\/schema.org\",\"@graph\":[{\"@type\":\"WebPage\",\"@id\":\"https:\\\/\\\/centro-cee.com\\\/web\\\/producto\\\/master-en-auditorias-de-seguridad-informatica-y-la-informacion\\\/\",\"url\":\"https:\\\/\\\/centro-cee.com\\\/web\\\/producto\\\/master-en-auditorias-de-seguridad-informatica-y-la-informacion\\\/\",\"name\":\"M\u00e1ster en auditorias de seguridad informatica y la informaci\u00f3n\",\"isPartOf\":{\"@id\":\"https:\\\/\\\/centro-cee.com\\\/web\\\/#website\"},\"primaryImageOfPage\":{\"@id\":\"https:\\\/\\\/centro-cee.com\\\/web\\\/producto\\\/master-en-auditorias-de-seguridad-informatica-y-la-informacion\\\/#primaryimage\"},\"image\":{\"@id\":\"https:\\\/\\\/centro-cee.com\\\/web\\\/producto\\\/master-en-auditorias-de-seguridad-informatica-y-la-informacion\\\/#primaryimage\"},\"thumbnailUrl\":\"https:\\\/\\\/centro-cee.com\\\/web\\\/wp-content\\\/uploads\\\/2023\\\/11\\\/imagen_2023-11-02_131816952.png\",\"datePublished\":\"2023-11-02T12:14:20+00:00\",\"dateModified\":\"2024-10-16T18:21:51+00:00\",\"description\":\"Obt\u00e9n los conocimientos necesarios para convertirte en un profesional con nuestro M\u00e1ster en auditorias de seguridad informatica y la informaci\u00f3n\",\"breadcrumb\":{\"@id\":\"https:\\\/\\\/centro-cee.com\\\/web\\\/producto\\\/master-en-auditorias-de-seguridad-informatica-y-la-informacion\\\/#breadcrumb\"},\"inLanguage\":\"es\",\"potentialAction\":[{\"@type\":\"ReadAction\",\"target\":[\"https:\\\/\\\/centro-cee.com\\\/web\\\/producto\\\/master-en-auditorias-de-seguridad-informatica-y-la-informacion\\\/\"]}]},{\"@type\":\"ImageObject\",\"inLanguage\":\"es\",\"@id\":\"https:\\\/\\\/centro-cee.com\\\/web\\\/producto\\\/master-en-auditorias-de-seguridad-informatica-y-la-informacion\\\/#primaryimage\",\"url\":\"https:\\\/\\\/centro-cee.com\\\/web\\\/wp-content\\\/uploads\\\/2023\\\/11\\\/imagen_2023-11-02_131816952.png\",\"contentUrl\":\"https:\\\/\\\/centro-cee.com\\\/web\\\/wp-content\\\/uploads\\\/2023\\\/11\\\/imagen_2023-11-02_131816952.png\",\"width\":795,\"height\":638,\"caption\":\"M\u00e1ster en auditorias de seguridad informatica + seguridad de la informaci\u00f3n\"},{\"@type\":\"BreadcrumbList\",\"@id\":\"https:\\\/\\\/centro-cee.com\\\/web\\\/producto\\\/master-en-auditorias-de-seguridad-informatica-y-la-informacion\\\/#breadcrumb\",\"itemListElement\":[{\"@type\":\"ListItem\",\"position\":1,\"name\":\"Portada\",\"item\":\"https:\\\/\\\/centro-cee.com\\\/web\\\/\"},{\"@type\":\"ListItem\",\"position\":2,\"name\":\"M\u00e1ster en auditorias de seguridad informatica y la informaci\u00f3n\"}]},{\"@type\":\"WebSite\",\"@id\":\"https:\\\/\\\/centro-cee.com\\\/web\\\/#website\",\"url\":\"https:\\\/\\\/centro-cee.com\\\/web\\\/\",\"name\":\"Centro Europeo E-learning\",\"description\":\"CEE Formaci\u00f3n Online\",\"publisher\":{\"@id\":\"https:\\\/\\\/centro-cee.com\\\/web\\\/#organization\"},\"alternateName\":\"Centro Online de Formaci\u00f3n\",\"potentialAction\":[{\"@type\":\"SearchAction\",\"target\":{\"@type\":\"EntryPoint\",\"urlTemplate\":\"https:\\\/\\\/centro-cee.com\\\/web\\\/?s={search_term_string}\"},\"query-input\":{\"@type\":\"PropertyValueSpecification\",\"valueRequired\":true,\"valueName\":\"search_term_string\"}}],\"inLanguage\":\"es\"},{\"@type\":\"Organization\",\"@id\":\"https:\\\/\\\/centro-cee.com\\\/web\\\/#organization\",\"name\":\"Centro Europeo E-learning CEE\",\"url\":\"https:\\\/\\\/centro-cee.com\\\/web\\\/\",\"logo\":{\"@type\":\"ImageObject\",\"inLanguage\":\"es\",\"@id\":\"https:\\\/\\\/centro-cee.com\\\/web\\\/#\\\/schema\\\/logo\\\/image\\\/\",\"url\":\"https:\\\/\\\/centro-cee.com\\\/web\\\/wp-content\\\/uploads\\\/2022\\\/12\\\/cropped-logo_educa.png\",\"contentUrl\":\"https:\\\/\\\/centro-cee.com\\\/web\\\/wp-content\\\/uploads\\\/2022\\\/12\\\/cropped-logo_educa.png\",\"width\":157,\"height\":63,\"caption\":\"Centro Europeo E-learning CEE\"},\"image\":{\"@id\":\"https:\\\/\\\/centro-cee.com\\\/web\\\/#\\\/schema\\\/logo\\\/image\\\/\"},\"sameAs\":[\"https:\\\/\\\/www.instagram.com\\\/centroeuropeo_cee\"]}]}<\/script>\n<!-- \/ Yoast SEO plugin. -->","yoast_head_json":{"title":"M\u00e1ster en auditorias de seguridad informatica y la informaci\u00f3n","description":"Obt\u00e9n los conocimientos necesarios para convertirte en un profesional con nuestro M\u00e1ster en auditorias de seguridad informatica y la informaci\u00f3n","robots":{"index":"index","follow":"follow","max-snippet":"max-snippet:-1","max-image-preview":"max-image-preview:large","max-video-preview":"max-video-preview:-1"},"canonical":"https:\/\/centro-cee.com\/web\/producto\/master-en-auditorias-de-seguridad-informatica-y-la-informacion\/","og_locale":"es_ES","og_type":"article","og_title":"M\u00e1ster en auditorias de seguridad informatica y la informaci\u00f3n","og_description":"Obt\u00e9n los conocimientos necesarios para convertirte en un profesional con nuestro M\u00e1ster en auditorias de seguridad informatica y la informaci\u00f3n","og_url":"https:\/\/centro-cee.com\/web\/producto\/master-en-auditorias-de-seguridad-informatica-y-la-informacion\/","og_site_name":"CEE Centro Europeo E-learning - Cursos online","article_modified_time":"2024-10-16T18:21:51+00:00","og_image":[{"width":795,"height":638,"url":"https:\/\/centro-cee.com\/web\/wp-content\/uploads\/2023\/11\/imagen_2023-11-02_131816952.png","type":"image\/png"}],"twitter_card":"summary_large_image","twitter_misc":{"Tiempo de lectura":"2 minutos"},"schema":{"@context":"https:\/\/schema.org","@graph":[{"@type":"WebPage","@id":"https:\/\/centro-cee.com\/web\/producto\/master-en-auditorias-de-seguridad-informatica-y-la-informacion\/","url":"https:\/\/centro-cee.com\/web\/producto\/master-en-auditorias-de-seguridad-informatica-y-la-informacion\/","name":"M\u00e1ster en auditorias de seguridad informatica y la informaci\u00f3n","isPartOf":{"@id":"https:\/\/centro-cee.com\/web\/#website"},"primaryImageOfPage":{"@id":"https:\/\/centro-cee.com\/web\/producto\/master-en-auditorias-de-seguridad-informatica-y-la-informacion\/#primaryimage"},"image":{"@id":"https:\/\/centro-cee.com\/web\/producto\/master-en-auditorias-de-seguridad-informatica-y-la-informacion\/#primaryimage"},"thumbnailUrl":"https:\/\/centro-cee.com\/web\/wp-content\/uploads\/2023\/11\/imagen_2023-11-02_131816952.png","datePublished":"2023-11-02T12:14:20+00:00","dateModified":"2024-10-16T18:21:51+00:00","description":"Obt\u00e9n los conocimientos necesarios para convertirte en un profesional con nuestro M\u00e1ster en auditorias de seguridad informatica y la informaci\u00f3n","breadcrumb":{"@id":"https:\/\/centro-cee.com\/web\/producto\/master-en-auditorias-de-seguridad-informatica-y-la-informacion\/#breadcrumb"},"inLanguage":"es","potentialAction":[{"@type":"ReadAction","target":["https:\/\/centro-cee.com\/web\/producto\/master-en-auditorias-de-seguridad-informatica-y-la-informacion\/"]}]},{"@type":"ImageObject","inLanguage":"es","@id":"https:\/\/centro-cee.com\/web\/producto\/master-en-auditorias-de-seguridad-informatica-y-la-informacion\/#primaryimage","url":"https:\/\/centro-cee.com\/web\/wp-content\/uploads\/2023\/11\/imagen_2023-11-02_131816952.png","contentUrl":"https:\/\/centro-cee.com\/web\/wp-content\/uploads\/2023\/11\/imagen_2023-11-02_131816952.png","width":795,"height":638,"caption":"M\u00e1ster en auditorias de seguridad informatica + seguridad de la informaci\u00f3n"},{"@type":"BreadcrumbList","@id":"https:\/\/centro-cee.com\/web\/producto\/master-en-auditorias-de-seguridad-informatica-y-la-informacion\/#breadcrumb","itemListElement":[{"@type":"ListItem","position":1,"name":"Portada","item":"https:\/\/centro-cee.com\/web\/"},{"@type":"ListItem","position":2,"name":"M\u00e1ster en auditorias de seguridad informatica y la informaci\u00f3n"}]},{"@type":"WebSite","@id":"https:\/\/centro-cee.com\/web\/#website","url":"https:\/\/centro-cee.com\/web\/","name":"Centro Europeo E-learning","description":"CEE Formaci\u00f3n Online","publisher":{"@id":"https:\/\/centro-cee.com\/web\/#organization"},"alternateName":"Centro Online de Formaci\u00f3n","potentialAction":[{"@type":"SearchAction","target":{"@type":"EntryPoint","urlTemplate":"https:\/\/centro-cee.com\/web\/?s={search_term_string}"},"query-input":{"@type":"PropertyValueSpecification","valueRequired":true,"valueName":"search_term_string"}}],"inLanguage":"es"},{"@type":"Organization","@id":"https:\/\/centro-cee.com\/web\/#organization","name":"Centro Europeo E-learning CEE","url":"https:\/\/centro-cee.com\/web\/","logo":{"@type":"ImageObject","inLanguage":"es","@id":"https:\/\/centro-cee.com\/web\/#\/schema\/logo\/image\/","url":"https:\/\/centro-cee.com\/web\/wp-content\/uploads\/2022\/12\/cropped-logo_educa.png","contentUrl":"https:\/\/centro-cee.com\/web\/wp-content\/uploads\/2022\/12\/cropped-logo_educa.png","width":157,"height":63,"caption":"Centro Europeo E-learning CEE"},"image":{"@id":"https:\/\/centro-cee.com\/web\/#\/schema\/logo\/image\/"},"sameAs":["https:\/\/www.instagram.com\/centroeuropeo_cee"]}]}},"_links":{"self":[{"href":"https:\/\/centro-cee.com\/web\/wp-json\/wp\/v2\/product\/1495","targetHints":{"allow":["GET"]}}],"collection":[{"href":"https:\/\/centro-cee.com\/web\/wp-json\/wp\/v2\/product"}],"about":[{"href":"https:\/\/centro-cee.com\/web\/wp-json\/wp\/v2\/types\/product"}],"replies":[{"embeddable":true,"href":"https:\/\/centro-cee.com\/web\/wp-json\/wp\/v2\/comments?post=1495"}],"wp:featuredmedia":[{"embeddable":true,"href":"https:\/\/centro-cee.com\/web\/wp-json\/wp\/v2\/media\/1496"}],"wp:attachment":[{"href":"https:\/\/centro-cee.com\/web\/wp-json\/wp\/v2\/media?parent=1495"}],"wp:term":[{"taxonomy":"product_brand","embeddable":true,"href":"https:\/\/centro-cee.com\/web\/wp-json\/wp\/v2\/product_brand?post=1495"},{"taxonomy":"product_cat","embeddable":true,"href":"https:\/\/centro-cee.com\/web\/wp-json\/wp\/v2\/product_cat?post=1495"},{"taxonomy":"product_tag","embeddable":true,"href":"https:\/\/centro-cee.com\/web\/wp-json\/wp\/v2\/product_tag?post=1495"}],"curies":[{"name":"wp","href":"https:\/\/api.w.org\/{rel}","templated":true}]}}