{"id":1492,"date":"2023-11-02T12:11:02","date_gmt":"2023-11-02T12:11:02","guid":{"rendered":"https:\/\/centro-cee.com\/web\/?post_type=product&#038;p=1492"},"modified":"2024-10-16T18:22:35","modified_gmt":"2024-10-16T18:22:35","slug":"jefe-de-recepcion-de-hotel","status":"publish","type":"product","link":"https:\/\/centro-cee.com\/web\/producto\/jefe-de-recepcion-de-hotel\/","title":{"rendered":"Jefe de recepci\u00f3n de hotel"},"content":{"rendered":"<p><a href=\"https:\/\/centro-cee.com\/web\/formaciones\/\">Atr\u00e1s<\/a><\/p>\n<p><em><strong>Jefe de recepci\u00f3n de hotel<\/strong><\/em><\/p>\n<p>Toda esta formaci\u00f3n se realiza 100% online en nuestro campus online de formaci\u00f3n.<\/p>\n<p>Las tutorias se realizan directamente desde el campus de estudio con la opci\u00f3n de mensajer\u00eda a profesores. Las tutorias son \u00aba demanda\u00bb, cuando necesites soporte nos lo pides.<\/p>\n<p>Los t\u00edtulos de Centro CEE est\u00e1n autenticados por la firma de notario que valida contenidos y autenticidad a nivel internacional. Nuestra organizaci\u00f3n pertenece a la Asociaci\u00f3n Espa\u00f1ola de Calidad, organizaci\u00f3n Espa\u00f1ola de referencia para la calidad en la formaci\u00f3n. La certificaci\u00f3n se puede apostillar por la Haya para cualquier pa\u00eds firmante del convenio de la Haya.<\/p>\n<p>Se puede pagar a plazos.<\/p>\n<p>Carga horaria de la formaci\u00f3n: 500h<\/p>\n<h2>Temario<\/h2>\n<p>T\u00e9cnico Profesional Recepcionista de Hotel<\/p>\n<p>   1. INTRODUCCI\u00d3N AL TURISMO Y LA HOSTELERIA<br \/>\n   2. EL MERCADO TURISTICO Y LA DISTRIBUCI\u00d3N TURISTICA<br \/>\n   3. LA INTERMEDIACI\u00d3N EN LA RESERVA Y VENTA DE ALOJAMIENTOS<br \/>\n   4. LEGISLACI\u00d3N GENERAL DEL SECTOR TURISTICO<br \/>\n   5. DEPARTAMENTO DE MOSTRADOR<br \/>\n   6. DEPARTAMENTO DE FACTURACI\u00d3N Y CAJA I. DOCUMENTACI\u00d3N<br \/>\nADMINISTRATIVA B\u00c1SICA<br \/>\n   7. DEPARTAMENTO DE FACTURACI\u00d3N Y CAJA II. OPERACIONES B\u00c1SICAS DE COBROS Y PAGOS<br \/>\n   8. DEPARTAMENTO DE CONSERJER\u00cdA<br \/>\n   9. HABILIDADES COMUNICATIVAS EN EL PERSONAL DE RECEPCI\u00d3N<br \/>\n  10. ATENCI\u00d3N TELEF\u00d3NICA EN RECEPCI\u00d3N<br \/>\n  11. CALIDAD DEL SERVICIO Y ATENCI\u00d3N AL CLIENTE EN HOSTELER\u00cdA<br \/>\n  12. PREVENCI\u00d3N DE RIESGOS LABORALES EN LA HOSTELERIA<br \/>\n  13. ATENCI\u00d3N AL CLIENTE EN LA RECEPCI\u00d3N-CONSERJER\u00cdA<br \/>\n  14. DAR INFORMACI\u00d3N TUR\u00cdSTICA EN INGL\u00c9S<br \/>\n  15. GESTI\u00d3N DE SERVICIOS TUR\u00cdSTICOS EN INGL\u00c9S<\/p>\n<p>ATENCI\u00d3N TEL\u00c9FONICA<\/p>\n<p>  1. CALIDAD Y SERVICIO<br \/>\n  2. COMUNICACI\u00d3N EN LA EMPRESA<br \/>\n  3. ATENCI\u00d3N TELEF\u00d3NICA<br \/>\n  4. MARKETING TELEF\u00d3NICO<\/p>\n<p>ATENCI\u00d3N DE QUEJAS Y RECLAMACIONES<\/p>\n<p>  1. CALIDAD Y SERVICIO<br \/>\n  2. COMUNICACI\u00d3N EN LA EMPRESA<br \/>\n  3. LAS QUEJAS Y RECLAMACIONES<br \/>\n  4. HOJAS DE RECLAMACIONES<\/p>\n<p>T\u00c9CNICAS DE INFORMACI\u00d3N Y ATENCI\u00d3N AL CLIENTE\/CONSUMIDOR<\/p>\n<p>1. GESTI\u00d3N Y TRATAMIENTO DE LA INFORMACI\u00d3N DEL CLIENTE\/CONSUMIDOR<br \/>\n  1.1. Informaci\u00f3n del cliente<br \/>\n  1.2. Archivo y registro de la informaci\u00f3n del cliente<br \/>\n  1.3. Procedimientos de gesti\u00f3n y tratamiento de la informaci\u00f3n dentro de la empresa<br \/>\n  1.4. Bases de datos para el tratamiento de la informaci\u00f3n en el departamento de atenci\u00f3n<br \/>\n  1.5. Normativa de protecci\u00f3n de datos de bases de datos de clientes<br \/>\n  1.6. Confecci\u00f3n y presentaci\u00f3n de informes<\/p>\n<p>2.  T\u00c9CNICAS DE COMUNICACI\u00d3N A CLIENTES\/CONSUMIDORES<br \/>\n  2.1. Modelo de comunicaci\u00f3n interpersonal<br \/>\n  2.2. Comunicaci\u00f3n con una o varias personas: diferencias y dificultades<br \/>\n  2.3. Barreras y dificultades en la comunicaci\u00f3n interpersonal presencial<br \/>\n  2.4. Expresi\u00f3n verbal<br \/>\n  2.5. Comunicaci\u00f3n no verbal<br \/>\n  2.6. Empat\u00eda y asertividad<br \/>\n  2.7. Comunicaci\u00f3n no presencial<br \/>\n  2.8. Comunicaci\u00f3n escrita<\/p>\n<p>GESTI\u00d3N DE ESTR\u00c9S<\/p>\n<p>  1. EL ESTR\u00c9S Y SUS CARACTER\u00cdSTICAS<br \/>\n  2. EL ESTR\u00c9S LABORAL<br \/>\n  3. T\u00c9CNICAS PERSONALES DE CONTROL DE ESTR\u00c9S<br \/>\n  4. T\u00c9CNICA DE AFRONTAMIENTO DEL ESTR\u00c9S<\/p>\n<p><em><strong>Jefe de recepci\u00f3n de hotel<\/strong><\/em><\/p>\n<hr \/>\n","protected":false},"excerpt":{"rendered":"<p><a href=\"https:\/\/centro-cee.com\/web\/formaciones\/\">Atr\u00e1s<\/a><\/p>\n<p>Con esta formaci\u00f3n te formar\u00e1s en todos los aspectos relacionados con la gesit\u00f3n y administraci\u00f3n de la presencia en internet de cualquier empresa que quiera tener su marca en internet.<\/p>\n<p>En la actualidad esta formaci\u00f3n permite acceder a los nuevos perfiles de trabajo emergentes con las nuevas tecnolog\u00edas y las redes sociales. Si eres apasionado de las redes sociales, blogs, instagram, youtube, etc., con este m\u00e1ster puedes hacer de tu afici\u00f3n una profesi\u00f3n de futuro.<\/p>\n<p>Si est\u00e1s interesado en realizar esta formaci\u00f3n, haz click en el bot\u00f3n de \u201cPedir informaci\u00f3n\u201d. De esta forma, nuestros asesores podr\u00e1n ponerse en contacto contigo para proporcionarte toda la informaci\u00f3n que necesitas y resolverte todas las dudas que tengas. \u00a1No dejes escapar esta oportunidad!<\/p>\n","protected":false},"featured_media":1494,"comment_status":"closed","ping_status":"closed","template":"","meta":[],"product_brand":[],"product_cat":[17],"product_tag":[788,781,785,790,782,787,783,786,789,784],"class_list":{"0":"post-1492","1":"product","2":"type-product","3":"status-publish","4":"has-post-thumbnail","6":"product_cat-master","7":"product_tag-certificacion-en-recepcion-y-reservas","8":"product_tag-curso-de-jefe-de-recepcion-de-hotel","9":"product_tag-curso-online-de-recepcion-hotelera","10":"product_tag-especializacion-en-gestion-hotelera","11":"product_tag-formacion-en-recepcion-hotelera","12":"product_tag-gestion-de-equipos-en-hoteleria","13":"product_tag-gestion-de-recepcion-de-hotel","14":"product_tag-liderazgo-en-recepcion-de-hotel","15":"product_tag-operaciones-de-recepcion-hotelera","16":"product_tag-tecnicas-de-atencion-al-cliente-en-hoteles","18":"first","19":"instock","20":"sale","21":"shipping-taxable","22":"purchasable","23":"product-type-simple"},"yoast_head":"<!-- This site is optimized with the Yoast SEO plugin v27.5 - https:\/\/yoast.com\/product\/yoast-seo-wordpress\/ -->\n<title>Jefe de recepci\u00f3n de hotel<\/title>\n<meta name=\"description\" content=\"Obt\u00e9n las habilidades y conocimientos necesarios para convertirte en un profesional con nuestro Jefe de recepci\u00f3n de hotel\" \/>\n<meta name=\"robots\" content=\"index, follow, max-snippet:-1, max-image-preview:large, max-video-preview:-1\" \/>\n<link rel=\"canonical\" href=\"https:\/\/centro-cee.com\/web\/producto\/jefe-de-recepcion-de-hotel\/\" \/>\n<meta property=\"og:locale\" content=\"es_ES\" \/>\n<meta property=\"og:type\" content=\"article\" \/>\n<meta property=\"og:title\" content=\"Jefe de recepci\u00f3n de hotel\" \/>\n<meta property=\"og:description\" content=\"Obt\u00e9n las habilidades y conocimientos necesarios para convertirte en un profesional con nuestro Jefe de recepci\u00f3n de hotel\" \/>\n<meta property=\"og:url\" content=\"https:\/\/centro-cee.com\/web\/producto\/jefe-de-recepcion-de-hotel\/\" \/>\n<meta property=\"og:site_name\" content=\"CEE Centro Europeo E-learning - Cursos online\" \/>\n<meta property=\"article:modified_time\" content=\"2024-10-16T18:22:35+00:00\" \/>\n<meta property=\"og:image\" content=\"https:\/\/centro-cee.com\/web\/wp-content\/uploads\/2023\/11\/imagen_2023-11-02_131241608.png\" \/>\n\t<meta property=\"og:image:width\" content=\"362\" \/>\n\t<meta property=\"og:image:height\" content=\"240\" \/>\n\t<meta property=\"og:image:type\" content=\"image\/png\" \/>\n<meta name=\"twitter:card\" content=\"summary_large_image\" \/>\n<meta name=\"twitter:label1\" content=\"Tiempo de lectura\" \/>\n\t<meta name=\"twitter:data1\" content=\"3 minutos\" \/>\n<script type=\"application\/ld+json\" class=\"yoast-schema-graph\">{\"@context\":\"https:\\\/\\\/schema.org\",\"@graph\":[{\"@type\":\"WebPage\",\"@id\":\"https:\\\/\\\/centro-cee.com\\\/web\\\/producto\\\/jefe-de-recepcion-de-hotel\\\/\",\"url\":\"https:\\\/\\\/centro-cee.com\\\/web\\\/producto\\\/jefe-de-recepcion-de-hotel\\\/\",\"name\":\"Jefe de recepci\u00f3n de hotel\",\"isPartOf\":{\"@id\":\"https:\\\/\\\/centro-cee.com\\\/web\\\/#website\"},\"primaryImageOfPage\":{\"@id\":\"https:\\\/\\\/centro-cee.com\\\/web\\\/producto\\\/jefe-de-recepcion-de-hotel\\\/#primaryimage\"},\"image\":{\"@id\":\"https:\\\/\\\/centro-cee.com\\\/web\\\/producto\\\/jefe-de-recepcion-de-hotel\\\/#primaryimage\"},\"thumbnailUrl\":\"https:\\\/\\\/centro-cee.com\\\/web\\\/wp-content\\\/uploads\\\/2023\\\/11\\\/imagen_2023-11-02_131241608.png\",\"datePublished\":\"2023-11-02T12:11:02+00:00\",\"dateModified\":\"2024-10-16T18:22:35+00:00\",\"description\":\"Obt\u00e9n las habilidades y conocimientos necesarios para convertirte en un profesional con nuestro Jefe de recepci\u00f3n de hotel\",\"breadcrumb\":{\"@id\":\"https:\\\/\\\/centro-cee.com\\\/web\\\/producto\\\/jefe-de-recepcion-de-hotel\\\/#breadcrumb\"},\"inLanguage\":\"es\",\"potentialAction\":[{\"@type\":\"ReadAction\",\"target\":[\"https:\\\/\\\/centro-cee.com\\\/web\\\/producto\\\/jefe-de-recepcion-de-hotel\\\/\"]}]},{\"@type\":\"ImageObject\",\"inLanguage\":\"es\",\"@id\":\"https:\\\/\\\/centro-cee.com\\\/web\\\/producto\\\/jefe-de-recepcion-de-hotel\\\/#primaryimage\",\"url\":\"https:\\\/\\\/centro-cee.com\\\/web\\\/wp-content\\\/uploads\\\/2023\\\/11\\\/imagen_2023-11-02_131241608.png\",\"contentUrl\":\"https:\\\/\\\/centro-cee.com\\\/web\\\/wp-content\\\/uploads\\\/2023\\\/11\\\/imagen_2023-11-02_131241608.png\",\"width\":362,\"height\":240,\"caption\":\"Jefe de recepci\u00f3n de hotel\"},{\"@type\":\"BreadcrumbList\",\"@id\":\"https:\\\/\\\/centro-cee.com\\\/web\\\/producto\\\/jefe-de-recepcion-de-hotel\\\/#breadcrumb\",\"itemListElement\":[{\"@type\":\"ListItem\",\"position\":1,\"name\":\"Portada\",\"item\":\"https:\\\/\\\/centro-cee.com\\\/web\\\/\"},{\"@type\":\"ListItem\",\"position\":2,\"name\":\"Jefe de recepci\u00f3n de hotel\"}]},{\"@type\":\"WebSite\",\"@id\":\"https:\\\/\\\/centro-cee.com\\\/web\\\/#website\",\"url\":\"https:\\\/\\\/centro-cee.com\\\/web\\\/\",\"name\":\"Centro Europeo E-learning\",\"description\":\"CEE Formaci\u00f3n Online\",\"publisher\":{\"@id\":\"https:\\\/\\\/centro-cee.com\\\/web\\\/#organization\"},\"alternateName\":\"Centro Online de Formaci\u00f3n\",\"potentialAction\":[{\"@type\":\"SearchAction\",\"target\":{\"@type\":\"EntryPoint\",\"urlTemplate\":\"https:\\\/\\\/centro-cee.com\\\/web\\\/?s={search_term_string}\"},\"query-input\":{\"@type\":\"PropertyValueSpecification\",\"valueRequired\":true,\"valueName\":\"search_term_string\"}}],\"inLanguage\":\"es\"},{\"@type\":\"Organization\",\"@id\":\"https:\\\/\\\/centro-cee.com\\\/web\\\/#organization\",\"name\":\"Centro Europeo E-learning CEE\",\"url\":\"https:\\\/\\\/centro-cee.com\\\/web\\\/\",\"logo\":{\"@type\":\"ImageObject\",\"inLanguage\":\"es\",\"@id\":\"https:\\\/\\\/centro-cee.com\\\/web\\\/#\\\/schema\\\/logo\\\/image\\\/\",\"url\":\"https:\\\/\\\/centro-cee.com\\\/web\\\/wp-content\\\/uploads\\\/2022\\\/12\\\/cropped-logo_educa.png\",\"contentUrl\":\"https:\\\/\\\/centro-cee.com\\\/web\\\/wp-content\\\/uploads\\\/2022\\\/12\\\/cropped-logo_educa.png\",\"width\":157,\"height\":63,\"caption\":\"Centro Europeo E-learning CEE\"},\"image\":{\"@id\":\"https:\\\/\\\/centro-cee.com\\\/web\\\/#\\\/schema\\\/logo\\\/image\\\/\"},\"sameAs\":[\"https:\\\/\\\/www.instagram.com\\\/centroeuropeo_cee\"]}]}<\/script>\n<!-- \/ Yoast SEO plugin. -->","yoast_head_json":{"title":"Jefe de recepci\u00f3n de hotel","description":"Obt\u00e9n las habilidades y conocimientos necesarios para convertirte en un profesional con nuestro Jefe de recepci\u00f3n de hotel","robots":{"index":"index","follow":"follow","max-snippet":"max-snippet:-1","max-image-preview":"max-image-preview:large","max-video-preview":"max-video-preview:-1"},"canonical":"https:\/\/centro-cee.com\/web\/producto\/jefe-de-recepcion-de-hotel\/","og_locale":"es_ES","og_type":"article","og_title":"Jefe de recepci\u00f3n de hotel","og_description":"Obt\u00e9n las habilidades y conocimientos necesarios para convertirte en un profesional con nuestro Jefe de recepci\u00f3n de hotel","og_url":"https:\/\/centro-cee.com\/web\/producto\/jefe-de-recepcion-de-hotel\/","og_site_name":"CEE Centro Europeo E-learning - Cursos online","article_modified_time":"2024-10-16T18:22:35+00:00","og_image":[{"width":362,"height":240,"url":"https:\/\/centro-cee.com\/web\/wp-content\/uploads\/2023\/11\/imagen_2023-11-02_131241608.png","type":"image\/png"}],"twitter_card":"summary_large_image","twitter_misc":{"Tiempo de lectura":"3 minutos"},"schema":{"@context":"https:\/\/schema.org","@graph":[{"@type":"WebPage","@id":"https:\/\/centro-cee.com\/web\/producto\/jefe-de-recepcion-de-hotel\/","url":"https:\/\/centro-cee.com\/web\/producto\/jefe-de-recepcion-de-hotel\/","name":"Jefe de recepci\u00f3n de hotel","isPartOf":{"@id":"https:\/\/centro-cee.com\/web\/#website"},"primaryImageOfPage":{"@id":"https:\/\/centro-cee.com\/web\/producto\/jefe-de-recepcion-de-hotel\/#primaryimage"},"image":{"@id":"https:\/\/centro-cee.com\/web\/producto\/jefe-de-recepcion-de-hotel\/#primaryimage"},"thumbnailUrl":"https:\/\/centro-cee.com\/web\/wp-content\/uploads\/2023\/11\/imagen_2023-11-02_131241608.png","datePublished":"2023-11-02T12:11:02+00:00","dateModified":"2024-10-16T18:22:35+00:00","description":"Obt\u00e9n las habilidades y conocimientos necesarios para convertirte en un profesional con nuestro Jefe de recepci\u00f3n de hotel","breadcrumb":{"@id":"https:\/\/centro-cee.com\/web\/producto\/jefe-de-recepcion-de-hotel\/#breadcrumb"},"inLanguage":"es","potentialAction":[{"@type":"ReadAction","target":["https:\/\/centro-cee.com\/web\/producto\/jefe-de-recepcion-de-hotel\/"]}]},{"@type":"ImageObject","inLanguage":"es","@id":"https:\/\/centro-cee.com\/web\/producto\/jefe-de-recepcion-de-hotel\/#primaryimage","url":"https:\/\/centro-cee.com\/web\/wp-content\/uploads\/2023\/11\/imagen_2023-11-02_131241608.png","contentUrl":"https:\/\/centro-cee.com\/web\/wp-content\/uploads\/2023\/11\/imagen_2023-11-02_131241608.png","width":362,"height":240,"caption":"Jefe de recepci\u00f3n de hotel"},{"@type":"BreadcrumbList","@id":"https:\/\/centro-cee.com\/web\/producto\/jefe-de-recepcion-de-hotel\/#breadcrumb","itemListElement":[{"@type":"ListItem","position":1,"name":"Portada","item":"https:\/\/centro-cee.com\/web\/"},{"@type":"ListItem","position":2,"name":"Jefe de recepci\u00f3n de hotel"}]},{"@type":"WebSite","@id":"https:\/\/centro-cee.com\/web\/#website","url":"https:\/\/centro-cee.com\/web\/","name":"Centro Europeo E-learning","description":"CEE Formaci\u00f3n Online","publisher":{"@id":"https:\/\/centro-cee.com\/web\/#organization"},"alternateName":"Centro Online de Formaci\u00f3n","potentialAction":[{"@type":"SearchAction","target":{"@type":"EntryPoint","urlTemplate":"https:\/\/centro-cee.com\/web\/?s={search_term_string}"},"query-input":{"@type":"PropertyValueSpecification","valueRequired":true,"valueName":"search_term_string"}}],"inLanguage":"es"},{"@type":"Organization","@id":"https:\/\/centro-cee.com\/web\/#organization","name":"Centro Europeo E-learning CEE","url":"https:\/\/centro-cee.com\/web\/","logo":{"@type":"ImageObject","inLanguage":"es","@id":"https:\/\/centro-cee.com\/web\/#\/schema\/logo\/image\/","url":"https:\/\/centro-cee.com\/web\/wp-content\/uploads\/2022\/12\/cropped-logo_educa.png","contentUrl":"https:\/\/centro-cee.com\/web\/wp-content\/uploads\/2022\/12\/cropped-logo_educa.png","width":157,"height":63,"caption":"Centro Europeo E-learning CEE"},"image":{"@id":"https:\/\/centro-cee.com\/web\/#\/schema\/logo\/image\/"},"sameAs":["https:\/\/www.instagram.com\/centroeuropeo_cee"]}]}},"_links":{"self":[{"href":"https:\/\/centro-cee.com\/web\/wp-json\/wp\/v2\/product\/1492","targetHints":{"allow":["GET"]}}],"collection":[{"href":"https:\/\/centro-cee.com\/web\/wp-json\/wp\/v2\/product"}],"about":[{"href":"https:\/\/centro-cee.com\/web\/wp-json\/wp\/v2\/types\/product"}],"replies":[{"embeddable":true,"href":"https:\/\/centro-cee.com\/web\/wp-json\/wp\/v2\/comments?post=1492"}],"wp:featuredmedia":[{"embeddable":true,"href":"https:\/\/centro-cee.com\/web\/wp-json\/wp\/v2\/media\/1494"}],"wp:attachment":[{"href":"https:\/\/centro-cee.com\/web\/wp-json\/wp\/v2\/media?parent=1492"}],"wp:term":[{"taxonomy":"product_brand","embeddable":true,"href":"https:\/\/centro-cee.com\/web\/wp-json\/wp\/v2\/product_brand?post=1492"},{"taxonomy":"product_cat","embeddable":true,"href":"https:\/\/centro-cee.com\/web\/wp-json\/wp\/v2\/product_cat?post=1492"},{"taxonomy":"product_tag","embeddable":true,"href":"https:\/\/centro-cee.com\/web\/wp-json\/wp\/v2\/product_tag?post=1492"}],"curies":[{"name":"wp","href":"https:\/\/api.w.org\/{rel}","templated":true}]}}