{"id":1481,"date":"2023-10-31T10:53:58","date_gmt":"2023-10-31T10:53:58","guid":{"rendered":"https:\/\/centro-cee.com\/web\/?post_type=product&#038;p=1481"},"modified":"2024-10-16T18:24:34","modified_gmt":"2024-10-16T18:24:34","slug":"curso-superior-de-camarero-profesional","status":"publish","type":"product","link":"https:\/\/centro-cee.com\/web\/producto\/curso-superior-de-camarero-profesional\/","title":{"rendered":"Curso superior de camarero profesional"},"content":{"rendered":"<p><a href=\"https:\/\/centro-cee.com\/web\/formaciones\/\">Atr\u00e1s<\/a><\/p>\n<p><em><strong>Curso superior de camarero profesional<\/strong><\/em><\/p>\n<p>Toda esta formaci\u00f3n se realiza 100% online en nuestro campus online de formaci\u00f3n.<\/p>\n<p>Las tutorias se realizan directamente desde el campus de estudio con la opci\u00f3n de mensajer\u00eda a profesores. Las tutorias son \u00aba demanda\u00bb, cuando necesites soporte nos lo pides.<\/p>\n<p>Los t\u00edtulos de Centro CEE est\u00e1n autenticados por la firma de notario que valida contenidos y autenticidad a nivel internacional. Nuestra organizaci\u00f3n pertenece a la Asociaci\u00f3n Espa\u00f1ola de Calidad, organizaci\u00f3n Espa\u00f1ola de referencia para la calidad en la formaci\u00f3n. La certificaci\u00f3n se puede apostillar por la Haya para cualquier pa\u00eds firmante del convenio de la Haya.<\/p>\n<p>Se puede pagar a plazos.<\/p>\n<p>Carga horaria de la formaci\u00f3n: 400h<\/p>\n<h2>Temario<\/h2>\n<p>CURSO B\u00c1SICO DE CAMARERO<\/p>\n<p>1. CALIDAD EN LA ATENCI\u00d3N AL CLIENTE<br \/>\n    1.1. La acogida y la despedida<\/p>\n<p>2. OPERACIONES PREVIAS AL SERVICIO<br \/>\n    2.1. Limpieza y repaso de material<br \/>\n    2.2. Transporte de material limpio<br \/>\n    2.3. \u2026.<\/p>\n<p>3. SERVICIO DE RESTAURANTE<br \/>\n    3.1. Normas del servicio de comedor<br \/>\n    3.2. Desarrollo del servicio de mesas<br \/>\n    3.3. \u2026<\/p>\n<p>4. DIFERENTES OFERTAS GASTRON\u00d3MICAS<br \/>\n     4.1. Tipos de servicio en el comedor<br \/>\n     4.2. Servicio de vinos<br \/>\n     4.3. ..<\/p>\n<p>5. MISE EN PLACE DEL BAR<br \/>\n    5.1. Descripci\u00f3n de la maquinaria utilizada en el bar<br \/>\n    5.2. Limpieza del material y otros elementos<\/p>\n<p>6. SERVICIO DE BAR<br \/>\n     6.1. Principales tipos de bares<br \/>\n    6.2. Personal necesario en el bar<br \/>\n    6.3. \u2026<\/p>\n<p>7. SERVICIO DE BEBIDAS<br \/>\n     7.1. Servicio de refrescos<br \/>\n    7.2. Servicio de aperitivos<br \/>\n     7.3\u2026<\/p>\n<p>8. PREVENCI\u00d3N DE RIESGOS LABORALES<br \/>\n     8.1. Prevenci\u00f3n de riesgos laborales<br \/>\n     8.2. Accidentes laborales m\u00e1s comunes en el restaurante y bar<\/p>\n<p>ATENCI\u00d3N AL CLIENTE EN HOSTELER\u00cdA<\/p>\n<p>1. LA ATENCI\u00d3N AL CLIENTE<br \/>\n    1.1. Definici\u00f3n de atenci\u00f3n al cliente<br \/>\n    1.2. El servicio al cliente<br \/>\n    1.3. Principios de la atenci\u00f3n al cliente<br \/>\n    1.4. Protagonistas de la atenci\u00f3n al cliente<br \/>\n    1.5. Planificaci\u00f3n de la atenci\u00f3n al cliente<br \/>\n    1.6. \u2026<\/p>\n<p>2. EL TRATO CON EL CLIENTE<br \/>\n    2.1. Actitudes positivas<br \/>\n    2.2. Potencial<br \/>\n    2.3. Cualificaci\u00f3n<br \/>\n    2.4. \u2026<\/p>\n<p>3. EL TRABAJO EN EQUIPO<br \/>\n    3.1. El trabajo en equipo<br \/>\n    3.2. El clima grupal<br \/>\n    3.3. \u2026<\/p>\n<p>4. LOS CLIENTES<br \/>\n    4.1. Tipos de clientes<br \/>\n    4.2. Situaciones dif\u00edciles<\/p>\n<p>5. T\u00c9CNICAS DE COMUNICACI\u00d3N<br \/>\n    5.1. La comunicaci\u00f3n y el servicio al cliente<br \/>\n    5.2. Los elementos del proceso de comunicaci\u00f3n<br \/>\n    5.3. Habilidades en la comunicaci\u00f3n<br \/>\n    5.4. \u2026<\/p>\n<p>6. EL PROCESO DE VENTA<br \/>\n    6.1. La venta<br \/>\n    6.2. An\u00e1lisis de los componentes de venta<br \/>\n    6.3. \u2026<\/p>\n<p>7. LA CALIDAD DEL SERVICIO<br \/>\n    7.1. \u00bfQu\u00e9 es calidad?<br \/>\n    7.2. La evoluci\u00f3n de la calidad<br \/>\n    7.3. Sistemas de calidad en el servicio<br \/>\n    7.4. La calidad diferencial y la segmentaci\u00f3n de clientes<br \/>\n    7.5. \u2026<\/p>\n<p>PREVENCI\u00d3N DE RIESGOS LABORALES EN HOSTELER\u00cdA<\/p>\n<p>0. INTRODUCCI\u00d3N<\/p>\n<p>1. LUGARES DE TRABAJO<br \/>\n    1.1. Conceptos b\u00e1sicos.<br \/>\n    1.2. Medidas preventivas.<br \/>\n    1.3. Condiciones de los lugares de trabajo.<br \/>\n    1.4. \u2026<\/p>\n<p>2. EQUIPOS DE TRABAJO<br \/>\n    2.1. Equipos de trabajo.<br \/>\n    2.2. Normas de prevenci\u00f3n b\u00e1sicas.<br \/>\n    2.3. Herramientas manuales.<br \/>\n    2.4. \u2026<\/p>\n<p>3. ORDEN Y LIMPIEZA<br \/>\n    3.1. Introducci\u00f3n.<br \/>\n    3.2. Riesgos principales derivados de la falta de orden y limpieza.<br \/>\n    3.3. Medidas de prevenci\u00f3n y protecci\u00f3n.<br \/>\n    3.4. Orden y limpieza en hosteler\u00eda.<\/p>\n<p>4. MANIPULACI\u00d3N MANUAL DE CARGAS<br \/>\n    4.1. Conceptos b\u00e1sicos.<br \/>\n    4.2. Medidas preventivas.<br \/>\n    4.3. \u2026<\/p>\n<p>5. HIGIENE POSTURAL<br \/>\n    5.1.    Higiene postural.<br \/>\n    5.2.    Posturas de trabajo.<br \/>\n    5.3.    \u2026<\/p>\n<p>6. ESCALERAS MANUALES<br \/>\n    6.1. Conceptos b\u00e1sicos.<br \/>\n    6.2. Medidas de  prevenci\u00f3n.<\/p>\n<p>7. RIESGO EL\u00c9CTRICO<br \/>\n    7.1. Conceptos b\u00e1sicos.<br \/>\n    7.2. Normas b\u00e1sicas de seguridad frente al riesgo el\u00e9ctrico.<br \/>\n    7.3. Riesgo el\u00e9ctrico en hosteler\u00eda.<\/p>\n<p>8. AMBIENTE T\u00c9RMICO<br \/>\n    8.1. Introducci\u00f3n.<br \/>\n    8.2. Exposici\u00f3n al calor.<br \/>\n    8.3. Exposici\u00f3n al fr\u00edo.<br \/>\n    8.4. \u2026<\/p>\n<p>9. MANIPULACI\u00d3N Y ALMACENAMIENTO DE PRODUCTOS QU\u00cdMICOS<br \/>\n    9.1. Definici\u00f3n y caracter\u00edsticas.<br \/>\n    9.2. Clasificaci\u00f3n e identificaci\u00f3n de sustancias qu\u00edmicas peligrosas.<br \/>\n    9.3. Almacenamiento de sustancias qu\u00edmicas.<br \/>\n    9.4. \u2026.<\/p>\n<p>10. MANIPULACI\u00d3N DE ALIMENTOS<br \/>\n    10.1. Introducci\u00f3n.<br \/>\n    10.2. Definiciones.<br \/>\n    10.3. Riesgos principales derivados de la manipulaci\u00f3n de alimentos.<br \/>\n    10.4. Causas m\u00e1s frecuentes de la Intoxicaci\u00f3n alimentaria.<br \/>\n    10.5. \u2026<\/p>\n<p>11. RIESGOS PSICOSOCIALES<br \/>\n    11.1. Conceptos b\u00e1sicos.<br \/>\n    11.2. Factores que influyen en la aparici\u00f3n de los riesgos psicosociales.<br \/>\n    11.3. Medidas preventivas generales.<br \/>\n    11.4. \u2026<\/p>\n<p>12. EMERGENCIAS Y EVACUACI\u00d3N<br \/>\n    12.1. Introducci\u00f3n.<br \/>\n    12.2. Plan de emergencia y evacuaci\u00f3n.<br \/>\n    12.3. \u2026.<\/p>\n<p>13. EXTINCI\u00d3N DE INCENDIOS<br \/>\n    13.1. El fuego.<br \/>\n    13.2. Clases de fuego.<br \/>\n    13.3. \u2026<\/p>\n<p>14. PRIMEROS AUXILIOS<br \/>\n    14.1. Conducta PAS.<br \/>\n    14.2. Reanimaci\u00f3n cardiopulmonar (RCP).<br \/>\n    14.3. \u2026<\/p>\n<p>15. SEGURIDAD VIAL<br \/>\n15.1. Seguridad vial para conductores.<br \/>\n15.2. Seguridad vial para peatones.<\/p>\n<p>MANIPULACI\u00d3N DE ALIMENTOS EN HOSTELER\u00cdA<\/p>\n<p>       1. ANTES DE EMPEZAR<br \/>\n     1.1. \u00bfPor qu\u00e9 es importante la manipulaci\u00f3n de alimentos?<br \/>\n     1.2. Higiene de los alimentos<br \/>\n     1.3. \u2026<\/p>\n<p>       2. POSIBLES PELIGROS DE LOS ALIMENTOS<br \/>\n     2.1. Afectan a la salud de las personas<br \/>\n      2.2. Otras repercusiones de intoxicaciones alimentarias<br \/>\n    2.3. Beneficios de la higiene alimentaria<\/p>\n<p>       3. FUENTES DE CONTAMINACI\u00d3N DE LOS ALIMENTOS<br \/>\n     3.1. Principales fuentes de contaminaci\u00f3n de los alimentos<br \/>\n    3.2. Cadena Alimentaria<br \/>\n    3.3. \u2026<\/p>\n<p>       4. PRINCIPALES ENFERMEDADES CAUSADAS POR EL CONSUMO DE ALIMENTOS<br \/>\n     4.1. Enfermedades de transmisi\u00f3n alimentaria: Intoxicaci\u00f3n e Infecci\u00f3n<br \/>\n     4.2. Productos en el plato<br \/>\n     4.3. Productos qu\u00edmicos<\/p>\n<p>       5. FACTORES QUE AFECTAN AL CRECIMIENTO DE LOS MICROORGANISMOS<br \/>\n     5.1. Los microorganismos no se ven a simple vista<br \/>\n     5.2. Crecimiento de los microorganismos<br \/>\n     5.3. ..<\/p>\n<p>6. PR\u00c1CTICAS CORRECTAS DE HIGIENE DURANTE LA RECEPCI\u00d3N, ALMACENAMIENTO, TRANSFORMACI\u00d3N<br \/>\n     6.1. Recepci\u00f3n<br \/>\n     6.2. Preparaci\u00f3n materias primas<br \/>\n     6.3. \u2026.<\/p>\n<p>7. HIGIENE DEL PERSONAL MANIPULADOR DE ALIMENTOS. RESPONSABILIDADES<br \/>\n     7.1. Importancia de la higiene del manipulador<br \/>\n     7.2. Fuentes de infecci\u00f3n<br \/>\n     7.3. \u00c1reas de higiene personal<br \/>\n     7.4\u2026<\/p>\n<p>8. LIMPIEZA Y DESINFECCI\u00d3N. DESINSECTACI\u00d3N Y DESRATIZACI\u00d3N<br \/>\n     8.1. Limpieza y desinfecci\u00f3n<br \/>\n     8.2. Desinsectaci\u00f3n y desratizaci\u00f3n<br \/>\n     8.3. ..<\/p>\n<p>    9. MANEJO DE RESIDUOS<br \/>\n        9.1. Cubo de basura<br \/>\n        9.2. Contenedores<\/p>\n<p>    10. SISTEMA DE AN\u00c1LISIS DE PELIGROS Y PUNTOS DE CONTROL CR\u00cdTICOS<br \/>\n        10.1. Introducci\u00f3n<br \/>\n        10.2. Prerrequisitos<br \/>\n        10\u2026.<\/p>\n<p>    11. UTILIZAR TERM\u00d3METROS PARA MEDIR<br \/>\n        11.1. Introducci\u00f3n<br \/>\n        11.2. Con qu\u00e9 se mide la temperatura de los alimentos<br \/>\n        11.3\u2026<\/p>\n<p>    12. REGLAS DE ORO DE LA OMS PARA LA PREPARACI\u00d3N HIGI\u00c9NICA DE LOS ALIMENTOS<br \/>\n        12.1. Las 10 reglas de oro de la OMS<\/p>\n<p>    13. ETIQUETADO DE LOS PRODUCTOS<br \/>\n        13.1. Etiquetas de los envases de los alimentos<\/p>\n<p>    14. DOCUMENTACI\u00d3N<br \/>\n        14.1. Organismos Oficiales<br \/>\n        14.2. Boletines<br \/>\n        14.3. Centros de Investigaci\u00f3n<\/p>\n<p>CREACI\u00d3N DE CARTAS Y MEN\u00daS<\/p>\n<p>1.    INTRODUCCI\u00d3N A RESTAURACI\u00d3N MODERNA<br \/>\n    1.1.    Concepto y clasificaci\u00f3n de las empresas de restauraci\u00f3n<br \/>\n    1.2.    Implantaci\u00f3n de los servicios de restauraci\u00f3n<br \/>\n    1.3.    Organigrama de un restaurante<\/p>\n<p>2.    CREACI\u00d3N DE CARTAS Y MEN\u00daS<br \/>\n    2.1.    Definici\u00f3n de elementos y variables de la oferta<br \/>\n    2.2.    Ofertas gastron\u00f3micas hoteleras y no hoteleras<br \/>\n    2.3.    \u2026<\/p>\n<p>3.    ELECCI\u00d3N DEL CONTENIDO<br \/>\n    3.1.    Dise\u00f1o y elaboraci\u00f3n de la carta<br \/>\n    3.2.    Pasos para la elaboraci\u00f3n de la carta<br \/>\n    3.3.    Oferta de cocina internacional<br \/>\n        3.3.1.    Centroeuropea y eslava<br \/>\n        3.3.2.    Francesa<br \/>\n        3.3.3.    Italiana<br \/>\n        3.3.4.    \u2026.<\/p>\n<p>4.     DISE\u00d1O E IMAGEN<br \/>\n    4.1.     Mise en place para desayunos<br \/>\n    4.2.     Mise en place para servicios de almuerzo y cena<br \/>\n        4.2.1.    Sistema tradicional<br \/>\n        4.2.2.     Sistema buffet<\/p>\n<p>5.     ASPECTOS PR\u00c1CTICOS DE LA ELABORACI\u00d3N<br \/>\n    5.1.     Planificaci\u00f3n de men\u00fas. Criterios de elaboraci\u00f3n<br \/>\n        5.1.1.    Equilibrio<br \/>\n        5.1.2.    Diet\u00e9tico<br \/>\n        5.1.3.    \u2026<br \/>\n    5.2.    Aprovechamiento de productos<\/p>\n<p>6.     ESTRATEGIAS PARA LA CREACI\u00d3N DE UNA POL\u00cdTICA DE PRECIOS<br \/>\n    6.1.     Fijaci\u00f3n del precio de venta<br \/>\n    6.2.     Los costes<br \/>\n        6.2.1. Concepto<br \/>\n        6.2.2. Clasificaci\u00f3n de los costes<br \/>\n    6.3. Determinaci\u00f3n de los costes<br \/>\n        6.3.1. Margen bruto de explotaci\u00f3n<br \/>\n        6.3.2. \u2026<\/p>\n<p>7.     INGENIER\u00cdA DE MEN\u00daS: POPULARIDAD Y RENTABILIDAD<br \/>\n    7.1.      Men\u00fa Engineering<br \/>\n    7.2.     Escandallo o rendimiento de un producto<\/p>\n<p>ALERGIAS ALIMENTARIAS<\/p>\n<p>1. Introducci\u00f3n al Reglamento: cambios importantes<br \/>\n2. Informaci\u00f3n obligatoria<br \/>\n    2.1. Puntos Reglamento<br \/>\n    2.2. Ejemplos pr\u00e1cticos<br \/>\n    2.3. ..<\/p>\n<p>3. Alergias e intolerancias<br \/>\n    3.1. Como se desarrolla una alergia<br \/>\n    3.2. Clasificaci\u00f3n de las reacciones adversas frente a los alimentos: diferencias entre alergia e intolerancia<br \/>\n    3.3. Gesti\u00f3n de al\u00e9rgenos: contaminaci\u00f3n y medidas preventivas<\/p>\n<p>4. Informaci\u00f3n nutricional<br \/>\n    4.1. Importancia<br \/>\n    4.2. Sectores de la poblaci\u00f3n con necesidades alimentarias concretas<\/p>\n<p>5. Entrada en vigor y aplicaci\u00f3n del Reglamento 1169\/2011<\/p>\n<p>GESTI\u00d3N DE ESTR\u00c9S<\/p>\n<p>1. EL ESTR\u00c9S Y SUS CARACTER\u00cdSTICAS<br \/>\n    1.1. Introducci\u00f3n<br \/>\n    1.2. Definiciones<br \/>\n    1.3. Tipos de estr\u00e9s<br \/>\n    1.4. \u2026<\/p>\n<p>2. EL ESTR\u00c9S LABORAL<br \/>\n    2.1. Factores psicosociales<br \/>\n    2.2. Diferencia entre presi\u00f3n de trabajo y estr\u00e9s<br \/>\n    2.3. S\u00edntomas del estr\u00e9s laboral<br \/>\n    2.4. Medidas Organizacionales<br \/>\n        2.4.1. Gesti\u00f3n del estr\u00e9s laboral por parte de los empresarios<br \/>\n    2.5. Atenci\u00f3n Individual del estr\u00e9s<br \/>\n    2.6. \u2026<\/p>\n<p>3. T\u00c9CNICAS PERSONALES DE CONTROL DE ESTR\u00c9S<br \/>\n    3.1. T\u00e9cnicas de respiraci\u00f3n<br \/>\n        3.1.1. En pie y respirando<br \/>\n        3.1.2. Nadi Shodhana<br \/>\n        3.1.3. \u2026<br \/>\n    3.2. Consejos para evitar el estr\u00e9s<br \/>\n        3.2.1. Habit\u00faate a<br \/>\n        3.2.2. Anal\u00edzate<br \/>\n        3.2.3. En el trabajo<br \/>\n        3.2.4. Tiempo libre y ocio<br \/>\n        3.2.5. Deporte<br \/>\n        3.2.6. \u2026<br \/>\n    3.3. T\u00e9cnicas para dominar el estr\u00e9s<br \/>\n        3.3.1. Identificando nuestros s\u00edntomas de relajaci\u00f3n<br \/>\n        3.3.2. Un ant\u00eddoto para el desaliento<br \/>\n        3.3.3. La concentraci\u00f3n: una respiraci\u00f3n en nueve rondas<br \/>\n        3.3.4. Fluir libremente: diez pasos simples para dominar el estr\u00e9s<br \/>\n        3.3.5. \u2026<br \/>\n    Anexo: Comprueba tu nivel de estr\u00e9s<\/p>\n<p>4. T\u00c9CNICA DE AFRONTAMIENTO DEL ESTR\u00c9S<br \/>\n    4.1. Introducci\u00f3n<br \/>\n    4.2. Desarrollo de la t\u00e9cnica<br \/>\n        4.2.1. Desarrollo de una relajaci\u00f3n efectiva<br \/>\n        4.2.2. \u2026<br \/>\n<em><strong>Curso superior de camarero profesional<\/strong><\/em><\/p>\n<hr \/>\n","protected":false},"excerpt":{"rendered":"<p><a href=\"https:\/\/centro-cee.com\/web\/formaciones\/\">Atr\u00e1s<\/a><\/p>\n<p>Debido al temario de este curso, los alumnos del m\u00e1ster podr\u00e1n asumir funciones de camarero profesional, con los conocimientos tanto de riesgos laborales como de al\u00e9rgenos, atenci\u00f3n al cliente de la hosteler\u00eda, etc\u00e9tera.<\/p>\n<p>En resumen, la formaci\u00f3n obtenida es de alto nivel y con gran cantidad de contenidos que dotaran a las\/los alumnas\/os de unos conocimientos excelentes.<\/p>\n","protected":false},"featured_media":1485,"comment_status":"closed","ping_status":"closed","template":"","meta":[],"product_brand":[],"product_cat":[34],"product_tag":[817,819,814,811,815,812,816,820,818,813],"class_list":{"0":"post-1481","1":"product","2":"type-product","3":"status-publish","4":"has-post-thumbnail","6":"product_cat-tecnicos","7":"product_tag-certificacion-de-camarero","8":"product_tag-curso-de-sumilleria","9":"product_tag-curso-online-de-camarero","10":"product_tag-curso-superior-de-camarero-profesional","11":"product_tag-especializacion-en-hosteleria","12":"product_tag-formacion-en-servicio-de-restauracion","13":"product_tag-gestion-de-servicios-de-bar-y-restaurante","14":"product_tag-habilidades-para-el-servicio-de-mesas","15":"product_tag-manejo-de-bebidas-y-cocteles","16":"product_tag-tecnicas-de-atencion-al-cliente-en-bares-y-restaurantes","18":"first","19":"instock","20":"sale","21":"shipping-taxable","22":"purchasable","23":"product-type-simple"},"yoast_head":"<!-- This site is optimized with the Yoast SEO plugin v27.5 - https:\/\/yoast.com\/product\/yoast-seo-wordpress\/ -->\n<title>Curso superior de camarero profesional<\/title>\n<meta name=\"description\" content=\"Obt\u00e9n las habilidades y conocimientos necesarios para convertirte en un profesional con nuestro curso Curso superior de camarero profesional\" \/>\n<meta name=\"robots\" content=\"index, follow, max-snippet:-1, max-image-preview:large, max-video-preview:-1\" \/>\n<link rel=\"canonical\" href=\"https:\/\/centro-cee.com\/web\/producto\/curso-superior-de-camarero-profesional\/\" \/>\n<meta property=\"og:locale\" content=\"es_ES\" \/>\n<meta property=\"og:type\" content=\"article\" \/>\n<meta property=\"og:title\" content=\"Curso superior de camarero profesional\" \/>\n<meta property=\"og:description\" content=\"Obt\u00e9n las habilidades y conocimientos necesarios para convertirte en un profesional con nuestro curso Curso superior de camarero profesional\" \/>\n<meta property=\"og:url\" content=\"https:\/\/centro-cee.com\/web\/producto\/curso-superior-de-camarero-profesional\/\" \/>\n<meta property=\"og:site_name\" content=\"CEE Centro Europeo E-learning - Cursos online\" \/>\n<meta property=\"article:modified_time\" content=\"2024-10-16T18:24:34+00:00\" \/>\n<meta property=\"og:image\" content=\"https:\/\/centro-cee.com\/web\/wp-content\/uploads\/2023\/10\/imagen_2023-10-31_133240774.png\" \/>\n\t<meta property=\"og:image:width\" content=\"479\" \/>\n\t<meta property=\"og:image:height\" content=\"473\" \/>\n\t<meta property=\"og:image:type\" content=\"image\/png\" \/>\n<meta name=\"twitter:card\" content=\"summary_large_image\" \/>\n<meta name=\"twitter:label1\" content=\"Tiempo de lectura\" \/>\n\t<meta name=\"twitter:data1\" content=\"8 minutos\" \/>\n<script type=\"application\/ld+json\" class=\"yoast-schema-graph\">{\"@context\":\"https:\\\/\\\/schema.org\",\"@graph\":[{\"@type\":\"WebPage\",\"@id\":\"https:\\\/\\\/centro-cee.com\\\/web\\\/producto\\\/curso-superior-de-camarero-profesional\\\/\",\"url\":\"https:\\\/\\\/centro-cee.com\\\/web\\\/producto\\\/curso-superior-de-camarero-profesional\\\/\",\"name\":\"Curso superior de camarero profesional\",\"isPartOf\":{\"@id\":\"https:\\\/\\\/centro-cee.com\\\/web\\\/#website\"},\"primaryImageOfPage\":{\"@id\":\"https:\\\/\\\/centro-cee.com\\\/web\\\/producto\\\/curso-superior-de-camarero-profesional\\\/#primaryimage\"},\"image\":{\"@id\":\"https:\\\/\\\/centro-cee.com\\\/web\\\/producto\\\/curso-superior-de-camarero-profesional\\\/#primaryimage\"},\"thumbnailUrl\":\"https:\\\/\\\/centro-cee.com\\\/web\\\/wp-content\\\/uploads\\\/2023\\\/10\\\/imagen_2023-10-31_133240774.png\",\"datePublished\":\"2023-10-31T10:53:58+00:00\",\"dateModified\":\"2024-10-16T18:24:34+00:00\",\"description\":\"Obt\u00e9n las habilidades y conocimientos necesarios para convertirte en un profesional con nuestro curso Curso superior de camarero profesional\",\"breadcrumb\":{\"@id\":\"https:\\\/\\\/centro-cee.com\\\/web\\\/producto\\\/curso-superior-de-camarero-profesional\\\/#breadcrumb\"},\"inLanguage\":\"es\",\"potentialAction\":[{\"@type\":\"ReadAction\",\"target\":[\"https:\\\/\\\/centro-cee.com\\\/web\\\/producto\\\/curso-superior-de-camarero-profesional\\\/\"]}]},{\"@type\":\"ImageObject\",\"inLanguage\":\"es\",\"@id\":\"https:\\\/\\\/centro-cee.com\\\/web\\\/producto\\\/curso-superior-de-camarero-profesional\\\/#primaryimage\",\"url\":\"https:\\\/\\\/centro-cee.com\\\/web\\\/wp-content\\\/uploads\\\/2023\\\/10\\\/imagen_2023-10-31_133240774.png\",\"contentUrl\":\"https:\\\/\\\/centro-cee.com\\\/web\\\/wp-content\\\/uploads\\\/2023\\\/10\\\/imagen_2023-10-31_133240774.png\",\"width\":479,\"height\":473,\"caption\":\"Curso superior de camarero profesional\"},{\"@type\":\"BreadcrumbList\",\"@id\":\"https:\\\/\\\/centro-cee.com\\\/web\\\/producto\\\/curso-superior-de-camarero-profesional\\\/#breadcrumb\",\"itemListElement\":[{\"@type\":\"ListItem\",\"position\":1,\"name\":\"Portada\",\"item\":\"https:\\\/\\\/centro-cee.com\\\/web\\\/\"},{\"@type\":\"ListItem\",\"position\":2,\"name\":\"Curso superior de camarero profesional\"}]},{\"@type\":\"WebSite\",\"@id\":\"https:\\\/\\\/centro-cee.com\\\/web\\\/#website\",\"url\":\"https:\\\/\\\/centro-cee.com\\\/web\\\/\",\"name\":\"Centro Europeo E-learning\",\"description\":\"CEE Formaci\u00f3n Online\",\"publisher\":{\"@id\":\"https:\\\/\\\/centro-cee.com\\\/web\\\/#organization\"},\"alternateName\":\"Centro Online de Formaci\u00f3n\",\"potentialAction\":[{\"@type\":\"SearchAction\",\"target\":{\"@type\":\"EntryPoint\",\"urlTemplate\":\"https:\\\/\\\/centro-cee.com\\\/web\\\/?s={search_term_string}\"},\"query-input\":{\"@type\":\"PropertyValueSpecification\",\"valueRequired\":true,\"valueName\":\"search_term_string\"}}],\"inLanguage\":\"es\"},{\"@type\":\"Organization\",\"@id\":\"https:\\\/\\\/centro-cee.com\\\/web\\\/#organization\",\"name\":\"Centro Europeo E-learning CEE\",\"url\":\"https:\\\/\\\/centro-cee.com\\\/web\\\/\",\"logo\":{\"@type\":\"ImageObject\",\"inLanguage\":\"es\",\"@id\":\"https:\\\/\\\/centro-cee.com\\\/web\\\/#\\\/schema\\\/logo\\\/image\\\/\",\"url\":\"https:\\\/\\\/centro-cee.com\\\/web\\\/wp-content\\\/uploads\\\/2022\\\/12\\\/cropped-logo_educa.png\",\"contentUrl\":\"https:\\\/\\\/centro-cee.com\\\/web\\\/wp-content\\\/uploads\\\/2022\\\/12\\\/cropped-logo_educa.png\",\"width\":157,\"height\":63,\"caption\":\"Centro Europeo E-learning CEE\"},\"image\":{\"@id\":\"https:\\\/\\\/centro-cee.com\\\/web\\\/#\\\/schema\\\/logo\\\/image\\\/\"},\"sameAs\":[\"https:\\\/\\\/www.instagram.com\\\/centroeuropeo_cee\"]}]}<\/script>\n<!-- \/ Yoast SEO plugin. -->","yoast_head_json":{"title":"Curso superior de camarero profesional","description":"Obt\u00e9n las habilidades y conocimientos necesarios para convertirte en un profesional con nuestro curso Curso superior de camarero profesional","robots":{"index":"index","follow":"follow","max-snippet":"max-snippet:-1","max-image-preview":"max-image-preview:large","max-video-preview":"max-video-preview:-1"},"canonical":"https:\/\/centro-cee.com\/web\/producto\/curso-superior-de-camarero-profesional\/","og_locale":"es_ES","og_type":"article","og_title":"Curso superior de camarero profesional","og_description":"Obt\u00e9n las habilidades y conocimientos necesarios para convertirte en un profesional con nuestro curso Curso superior de camarero profesional","og_url":"https:\/\/centro-cee.com\/web\/producto\/curso-superior-de-camarero-profesional\/","og_site_name":"CEE Centro Europeo E-learning - Cursos online","article_modified_time":"2024-10-16T18:24:34+00:00","og_image":[{"width":479,"height":473,"url":"https:\/\/centro-cee.com\/web\/wp-content\/uploads\/2023\/10\/imagen_2023-10-31_133240774.png","type":"image\/png"}],"twitter_card":"summary_large_image","twitter_misc":{"Tiempo de lectura":"8 minutos"},"schema":{"@context":"https:\/\/schema.org","@graph":[{"@type":"WebPage","@id":"https:\/\/centro-cee.com\/web\/producto\/curso-superior-de-camarero-profesional\/","url":"https:\/\/centro-cee.com\/web\/producto\/curso-superior-de-camarero-profesional\/","name":"Curso superior de camarero profesional","isPartOf":{"@id":"https:\/\/centro-cee.com\/web\/#website"},"primaryImageOfPage":{"@id":"https:\/\/centro-cee.com\/web\/producto\/curso-superior-de-camarero-profesional\/#primaryimage"},"image":{"@id":"https:\/\/centro-cee.com\/web\/producto\/curso-superior-de-camarero-profesional\/#primaryimage"},"thumbnailUrl":"https:\/\/centro-cee.com\/web\/wp-content\/uploads\/2023\/10\/imagen_2023-10-31_133240774.png","datePublished":"2023-10-31T10:53:58+00:00","dateModified":"2024-10-16T18:24:34+00:00","description":"Obt\u00e9n las habilidades y conocimientos necesarios para convertirte en un profesional con nuestro curso Curso superior de camarero profesional","breadcrumb":{"@id":"https:\/\/centro-cee.com\/web\/producto\/curso-superior-de-camarero-profesional\/#breadcrumb"},"inLanguage":"es","potentialAction":[{"@type":"ReadAction","target":["https:\/\/centro-cee.com\/web\/producto\/curso-superior-de-camarero-profesional\/"]}]},{"@type":"ImageObject","inLanguage":"es","@id":"https:\/\/centro-cee.com\/web\/producto\/curso-superior-de-camarero-profesional\/#primaryimage","url":"https:\/\/centro-cee.com\/web\/wp-content\/uploads\/2023\/10\/imagen_2023-10-31_133240774.png","contentUrl":"https:\/\/centro-cee.com\/web\/wp-content\/uploads\/2023\/10\/imagen_2023-10-31_133240774.png","width":479,"height":473,"caption":"Curso superior de camarero profesional"},{"@type":"BreadcrumbList","@id":"https:\/\/centro-cee.com\/web\/producto\/curso-superior-de-camarero-profesional\/#breadcrumb","itemListElement":[{"@type":"ListItem","position":1,"name":"Portada","item":"https:\/\/centro-cee.com\/web\/"},{"@type":"ListItem","position":2,"name":"Curso superior de camarero profesional"}]},{"@type":"WebSite","@id":"https:\/\/centro-cee.com\/web\/#website","url":"https:\/\/centro-cee.com\/web\/","name":"Centro Europeo E-learning","description":"CEE Formaci\u00f3n Online","publisher":{"@id":"https:\/\/centro-cee.com\/web\/#organization"},"alternateName":"Centro Online de Formaci\u00f3n","potentialAction":[{"@type":"SearchAction","target":{"@type":"EntryPoint","urlTemplate":"https:\/\/centro-cee.com\/web\/?s={search_term_string}"},"query-input":{"@type":"PropertyValueSpecification","valueRequired":true,"valueName":"search_term_string"}}],"inLanguage":"es"},{"@type":"Organization","@id":"https:\/\/centro-cee.com\/web\/#organization","name":"Centro Europeo E-learning CEE","url":"https:\/\/centro-cee.com\/web\/","logo":{"@type":"ImageObject","inLanguage":"es","@id":"https:\/\/centro-cee.com\/web\/#\/schema\/logo\/image\/","url":"https:\/\/centro-cee.com\/web\/wp-content\/uploads\/2022\/12\/cropped-logo_educa.png","contentUrl":"https:\/\/centro-cee.com\/web\/wp-content\/uploads\/2022\/12\/cropped-logo_educa.png","width":157,"height":63,"caption":"Centro Europeo E-learning CEE"},"image":{"@id":"https:\/\/centro-cee.com\/web\/#\/schema\/logo\/image\/"},"sameAs":["https:\/\/www.instagram.com\/centroeuropeo_cee"]}]}},"_links":{"self":[{"href":"https:\/\/centro-cee.com\/web\/wp-json\/wp\/v2\/product\/1481","targetHints":{"allow":["GET"]}}],"collection":[{"href":"https:\/\/centro-cee.com\/web\/wp-json\/wp\/v2\/product"}],"about":[{"href":"https:\/\/centro-cee.com\/web\/wp-json\/wp\/v2\/types\/product"}],"replies":[{"embeddable":true,"href":"https:\/\/centro-cee.com\/web\/wp-json\/wp\/v2\/comments?post=1481"}],"wp:featuredmedia":[{"embeddable":true,"href":"https:\/\/centro-cee.com\/web\/wp-json\/wp\/v2\/media\/1485"}],"wp:attachment":[{"href":"https:\/\/centro-cee.com\/web\/wp-json\/wp\/v2\/media?parent=1481"}],"wp:term":[{"taxonomy":"product_brand","embeddable":true,"href":"https:\/\/centro-cee.com\/web\/wp-json\/wp\/v2\/product_brand?post=1481"},{"taxonomy":"product_cat","embeddable":true,"href":"https:\/\/centro-cee.com\/web\/wp-json\/wp\/v2\/product_cat?post=1481"},{"taxonomy":"product_tag","embeddable":true,"href":"https:\/\/centro-cee.com\/web\/wp-json\/wp\/v2\/product_tag?post=1481"}],"curies":[{"name":"wp","href":"https:\/\/api.w.org\/{rel}","templated":true}]}}