{"id":1431,"date":"2023-09-18T11:29:34","date_gmt":"2023-09-18T11:29:34","guid":{"rendered":"https:\/\/centro-cee.com\/web\/?post_type=product&#038;p=1431"},"modified":"2026-03-13T16:53:11","modified_gmt":"2026-03-13T16:53:11","slug":"master-en-negociacion-y-resolucion-de-conflictos","status":"publish","type":"product","link":"https:\/\/centro-cee.com\/web\/producto\/master-en-negociacion-y-resolucion-de-conflictos\/","title":{"rendered":"M\u00e1ster en negociaci\u00f3n y resoluci\u00f3n de conflictos"},"content":{"rendered":"<p><a href=\"https:\/\/centro-cee.com\/web\/formaciones\/\">Atr\u00e1s<\/a><\/p>\n<p><em><strong>M\u00e1ster en negociaci\u00f3n y resoluci\u00f3n de conflictos<\/strong><\/em><\/p>\n<p>Toda esta formaci\u00f3n se realiza 100% online en nuestro campus online de formaci\u00f3n.<\/p>\n<p>Las tutorias se realizan directamente desde el campus de estudio con la opci\u00f3n de mensajer\u00eda a profesores. Las tutorias son \u00aba demanda\u00bb, cuando necesites soporte nos lo pides.<\/p>\n<p>Los t\u00edtulos de Centro CEE est\u00e1n autenticados por la firma de notario que valida contenidos y autenticidad a nivel internacional. Nuestra organizaci\u00f3n pertenece a la Asociaci\u00f3n Espa\u00f1ola de Calidad, organizaci\u00f3n Espa\u00f1ola de referencia para la calidad en la formaci\u00f3n. La certificaci\u00f3n se puede apostillar por la Haya para cualquier pa\u00eds firmante del convenio de la Haya.<\/p>\n<p>Se puede pagar a plazos.<\/p>\n<p>Carga horaria de la formaci\u00f3n: 280h<\/p>\n<h2>Temario<\/h2>\n<hr \/>\n<p>1. CONCEPTOS B\u00c1SICOS<br \/>\n    1.1. Introducci\u00f3n<br \/>\n    1.2. El proceso de negociaci\u00f3n<\/p>\n<p>2. PREPARACI\u00d3N DE LA NEGOCIACI\u00d3N<br \/>\n    2.1. Introducci\u00f3n<br \/>\n    2.2. Fase de informaci\u00f3n<br \/>\n    2.3. Fase de an\u00e1lisis<br \/>\n\u2026<\/p>\n<p>3. T\u00c1CTICAS EN LA NEGOCIACI\u00d3N<br \/>\n    3.1. Introducci\u00f3n<br \/>\n    3.2. Comportamiento<br \/>\n    3.3. Motivar a la otra parte<br \/>\n    3.4. Hablar de lo malo<br \/>\n    3.5..<\/p>\n<p>4. DIN\u00c1MICA DE LAS EXIGENCIAS<br \/>\n    4.1. Introducci\u00f3n<br \/>\n    4.2. Exigencias<br \/>\n    4.3. Concesiones<br \/>\n    4.4. ..<\/p>\n<p>5. CIERRE DEL ACUERDO<br \/>\n    5.1. T\u00e9cnicas de acercamiento al cierre<br \/>\n    5.2. Petici\u00f3n sorpresiva<br \/>\n    5.3. Actas<\/p>\n<p>LIDERAZGO<\/p>\n<p>1. MEDIATIZADORES DEL ESTILO DE DIRECCI\u00d3N<br \/>\n1.1. Introducci\u00f3n<br \/>\n1.2. Persona<br \/>\n1.3. \u2026<\/p>\n<p>2. TIPOS DE ESTILOS DE DIRECCI\u00d3N<br \/>\n2.1. Introducci\u00f3n<br \/>\n2.2. Estilo Coercitivo<br \/>\n2.3. Estilo Orientativo<br \/>\n2.4. Estilo Afiliativo<br \/>\n2.5. \u2026<\/p>\n<p>3. LIDERAZGO<br \/>\n3.1. El liderazgo<br \/>\n3.2. Enfoques Sustancialistas<br \/>\n3.3. Enfoques Comportamentales<br \/>\n3.4. \u2026<\/p>\n<p>4. MOTIVACI\u00d3N LABORAL<br \/>\n4.1. La motivaci\u00f3n<br \/>\n4.2. Motivaci\u00f3n intr\u00ednseca, extr\u00ednseca y transcendente<br \/>\n4.3. \u2026<\/p>\n<p>5. DESARROLLO Y MEJORA DE COMPETENCIAS DIRECTIVAS<br \/>\n5.1. Introducci\u00f3n<br \/>\n5.2. Feedback 360\u00ba<br \/>\n5.3. ..<\/p>\n<p>AFRONTAR CONFLICTOS LABORALES<br \/>\n1. \u00bfQU\u00c9 ES EL CONFLICTO?<br \/>\n    1.1. Qu\u00e9 es el conflicto<br \/>\n    1.2. \u00bfSe debe entender el conflicto como una amenaza?<br \/>\n    1.3. \u2026<\/p>\n<p>2. EL CONFLICTO POSITIVO O FUNCIONAL<br \/>\n    2.1. Introducci\u00f3n<br \/>\n    2.2. T\u00e9cnicas para potenciar el conflicto como oportunidad<\/p>\n<p>3. EL CONFLICTO NEGATIVO O DISFUNCIONAL<br \/>\n3.1. Introducci\u00f3n<br \/>\n3.2. Cuando el conflicto se personaliza<\/p>\n<p>4. AFRONTAMIENTO DE CONFLICTOS<br \/>\n    4.1. Postura personal ante el conflicto<br \/>\n    4.2. M\u00e9todos de afrontamiento de conflictos<\/p>\n<p>       5. CONCLUSIONES E IDEAS CLAVE<\/p>\n<p>TOMA DE DECISIONES<\/p>\n<p>1. CONCEPTOS B\u00c1SICOS<br \/>\n1.1. Importancia de la toma de decisiones.<br \/>\n1.2. Conceptos b\u00e1sicos.<br \/>\n1.3. El proceso de toma de decisiones.<br \/>\n1.4. \u2026<br \/>\n2. TOMA DE DECISIONES<br \/>\n2.1. Din\u00e1mica de la toma de decisiones.<br \/>\n2.2. Toma de decisi\u00f3n individual.<br \/>\n2.3. Fases en la toma de decisi\u00f3n individual.<br \/>\n2.4. Toma de decisi\u00f3n en grupo.<br \/>\n2.5. \u2026<br \/>\n3. T\u00c9CNICAS DE TRABAJO EN GRUPO<br \/>\n3.1. Introducci\u00f3n.<br \/>\n3.2. Brainstorming o tormenta de ideas.<br \/>\n3.3. \u2026<\/p>\n<p>COMUNICACI\u00d3N INTERNA<br \/>\n1. COMUNICACI\u00d3N<br \/>\n1.1. Introducci\u00f3n<br \/>\n1.2. Comunicaci\u00f3n empresarial<br \/>\n1.3. \u2026<\/p>\n<p>2. COMUNICACI\u00d3N INTERNA<br \/>\n2.1. Importancia de la comunicaci\u00f3n interna<br \/>\n2.2. Objetivos<br \/>\n2.3. Funciones<br \/>\n2.4. Comunicaci\u00f3n descendiente<br \/>\n2.5. \u2026<\/p>\n<p>3. COMUNICACI\u00d3N EN EL SIGLO XXI<br \/>\n3.1. Organizaciones multinacionales<br \/>\n3.2. Organizaciones virtuales<br \/>\n3.3. Teletrabajo<\/p>\n<p><em><strong>M\u00e1ster en negociaci\u00f3n y resoluci\u00f3n de conflictos<\/strong><\/em><\/p>\n<hr \/>\n","protected":false},"excerpt":{"rendered":"<p><a href=\"https:\/\/centro-cee.com\/web\/formaciones\/\">Atr\u00e1s<\/a><\/p>\n<p>A lo largo de esta formaci\u00f3n conocer\u00e1s todos los aspectos relacionados con la negociaci\u00f3n y en consecuencia con la resoluci\u00f3n de conflictos, con contenidos actualizados.<\/p>\n<p>Todas las organizaciones necesitan de personal cualificado en el liderazgo y con capacidad de negociar y mediar en los conflictos surgidos con motivos de cambios, de personal. La capacidad de negociaci\u00f3n va a permitir resolver problemas con la menor afectaci\u00f3n a la organizaci\u00f3n, y a la calidad del servicio que ofrece a sus clientes y usuarios.<\/p>\n<p>En resumen, la formaci\u00f3n obtenida es de alto nivel y con gran cantidad de contenidos que dotaran a las\/los alumnas\/os de unos conocimientos excelentes.<\/p>\n<p>Si est\u00e1s interesado\u2026 \u00a1No lo dudes m\u00e1s y pide informaci\u00f3n a nuestros asesores! \u00a1No te arrepentir\u00e1s!<\/p>\n","protected":false},"featured_media":1432,"comment_status":"closed","ping_status":"closed","template":"","meta":[],"product_brand":[],"product_cat":[2050,17],"product_tag":[889,893,895,892,890,891,888,897,896,894],"class_list":{"0":"post-1431","1":"product","2":"type-product","3":"status-publish","4":"has-post-thumbnail","6":"product_cat-cursos-online-empresa","7":"product_cat-master","8":"product_tag-curso-de-resolucion-de-conflictos","9":"product_tag-curso-online-de-resolucion-de-conflictos","10":"product_tag-especializacion-en-negociacion-de-conflictos","11":"product_tag-estrategias-de-negociacion","12":"product_tag-formacion-en-negociacion-y-mediacion","13":"product_tag-gestion-de-conflictos","14":"product_tag-master-en-negociacion","15":"product_tag-negociacion-y-habilidades-de-mediacion","16":"product_tag-resolucion-de-conflictos-laborales","17":"product_tag-tecnicas-de-mediacion-y-negociacion","19":"first","20":"instock","21":"sale","22":"shipping-taxable","23":"purchasable","24":"product-type-simple"},"yoast_head":"<!-- This site is optimized with the Yoast SEO plugin v27.5 - https:\/\/yoast.com\/product\/yoast-seo-wordpress\/ -->\n<title>M\u00e1ster en negociaci\u00f3n y resoluci\u00f3n de conflictos<\/title>\n<meta name=\"description\" content=\"Obt\u00e9n las habilidades y conocimientos necesarios para convertirte en un profesional con nuestro M\u00e1ster en negociaci\u00f3n y resoluci\u00f3n de conflictos.\" \/>\n<meta name=\"robots\" content=\"index, follow, max-snippet:-1, max-image-preview:large, max-video-preview:-1\" \/>\n<link rel=\"canonical\" href=\"https:\/\/centro-cee.com\/web\/producto\/master-en-negociacion-y-resolucion-de-conflictos\/\" \/>\n<meta property=\"og:locale\" content=\"es_ES\" \/>\n<meta property=\"og:type\" content=\"article\" \/>\n<meta property=\"og:title\" content=\"M\u00e1ster en negociaci\u00f3n y resoluci\u00f3n de conflictos\" \/>\n<meta property=\"og:description\" content=\"Obt\u00e9n las habilidades y conocimientos necesarios para convertirte en un profesional con nuestro M\u00e1ster en negociaci\u00f3n y resoluci\u00f3n de conflictos.\" \/>\n<meta property=\"og:url\" content=\"https:\/\/centro-cee.com\/web\/producto\/master-en-negociacion-y-resolucion-de-conflictos\/\" \/>\n<meta property=\"og:site_name\" content=\"CEE Centro Europeo E-learning - Cursos online\" \/>\n<meta property=\"article:modified_time\" content=\"2026-03-13T16:53:11+00:00\" \/>\n<meta property=\"og:image\" content=\"https:\/\/centro-cee.com\/web\/wp-content\/uploads\/2023\/09\/imagen_2023-09-18_133140498.png\" \/>\n\t<meta property=\"og:image:width\" content=\"798\" \/>\n\t<meta property=\"og:image:height\" content=\"528\" \/>\n\t<meta property=\"og:image:type\" content=\"image\/png\" \/>\n<meta name=\"twitter:card\" content=\"summary_large_image\" \/>\n<meta name=\"twitter:label1\" content=\"Tiempo de lectura\" \/>\n\t<meta name=\"twitter:data1\" content=\"5 minutos\" \/>\n<script type=\"application\/ld+json\" class=\"yoast-schema-graph\">{\"@context\":\"https:\\\/\\\/schema.org\",\"@graph\":[{\"@type\":\"WebPage\",\"@id\":\"https:\\\/\\\/centro-cee.com\\\/web\\\/producto\\\/master-en-negociacion-y-resolucion-de-conflictos\\\/\",\"url\":\"https:\\\/\\\/centro-cee.com\\\/web\\\/producto\\\/master-en-negociacion-y-resolucion-de-conflictos\\\/\",\"name\":\"M\u00e1ster en negociaci\u00f3n y resoluci\u00f3n de conflictos\",\"isPartOf\":{\"@id\":\"https:\\\/\\\/centro-cee.com\\\/web\\\/#website\"},\"primaryImageOfPage\":{\"@id\":\"https:\\\/\\\/centro-cee.com\\\/web\\\/producto\\\/master-en-negociacion-y-resolucion-de-conflictos\\\/#primaryimage\"},\"image\":{\"@id\":\"https:\\\/\\\/centro-cee.com\\\/web\\\/producto\\\/master-en-negociacion-y-resolucion-de-conflictos\\\/#primaryimage\"},\"thumbnailUrl\":\"https:\\\/\\\/centro-cee.com\\\/web\\\/wp-content\\\/uploads\\\/2023\\\/09\\\/imagen_2023-09-18_133140498.png\",\"datePublished\":\"2023-09-18T11:29:34+00:00\",\"dateModified\":\"2026-03-13T16:53:11+00:00\",\"description\":\"Obt\u00e9n las habilidades y conocimientos necesarios para convertirte en un profesional con nuestro M\u00e1ster en negociaci\u00f3n y resoluci\u00f3n de conflictos.\",\"breadcrumb\":{\"@id\":\"https:\\\/\\\/centro-cee.com\\\/web\\\/producto\\\/master-en-negociacion-y-resolucion-de-conflictos\\\/#breadcrumb\"},\"inLanguage\":\"es\",\"potentialAction\":[{\"@type\":\"ReadAction\",\"target\":[\"https:\\\/\\\/centro-cee.com\\\/web\\\/producto\\\/master-en-negociacion-y-resolucion-de-conflictos\\\/\"]}]},{\"@type\":\"ImageObject\",\"inLanguage\":\"es\",\"@id\":\"https:\\\/\\\/centro-cee.com\\\/web\\\/producto\\\/master-en-negociacion-y-resolucion-de-conflictos\\\/#primaryimage\",\"url\":\"https:\\\/\\\/centro-cee.com\\\/web\\\/wp-content\\\/uploads\\\/2023\\\/09\\\/imagen_2023-09-18_133140498.png\",\"contentUrl\":\"https:\\\/\\\/centro-cee.com\\\/web\\\/wp-content\\\/uploads\\\/2023\\\/09\\\/imagen_2023-09-18_133140498.png\",\"width\":798,\"height\":528,\"caption\":\"M\u00e1ster en negociaci\u00f3n y resoluci\u00f3n de conflictos\"},{\"@type\":\"BreadcrumbList\",\"@id\":\"https:\\\/\\\/centro-cee.com\\\/web\\\/producto\\\/master-en-negociacion-y-resolucion-de-conflictos\\\/#breadcrumb\",\"itemListElement\":[{\"@type\":\"ListItem\",\"position\":1,\"name\":\"Portada\",\"item\":\"https:\\\/\\\/centro-cee.com\\\/web\\\/\"},{\"@type\":\"ListItem\",\"position\":2,\"name\":\"M\u00e1ster en negociaci\u00f3n y resoluci\u00f3n de conflictos\"}]},{\"@type\":\"WebSite\",\"@id\":\"https:\\\/\\\/centro-cee.com\\\/web\\\/#website\",\"url\":\"https:\\\/\\\/centro-cee.com\\\/web\\\/\",\"name\":\"Centro Europeo E-learning\",\"description\":\"CEE Formaci\u00f3n Online\",\"publisher\":{\"@id\":\"https:\\\/\\\/centro-cee.com\\\/web\\\/#organization\"},\"alternateName\":\"Centro Online de Formaci\u00f3n\",\"potentialAction\":[{\"@type\":\"SearchAction\",\"target\":{\"@type\":\"EntryPoint\",\"urlTemplate\":\"https:\\\/\\\/centro-cee.com\\\/web\\\/?s={search_term_string}\"},\"query-input\":{\"@type\":\"PropertyValueSpecification\",\"valueRequired\":true,\"valueName\":\"search_term_string\"}}],\"inLanguage\":\"es\"},{\"@type\":\"Organization\",\"@id\":\"https:\\\/\\\/centro-cee.com\\\/web\\\/#organization\",\"name\":\"Centro Europeo E-learning CEE\",\"url\":\"https:\\\/\\\/centro-cee.com\\\/web\\\/\",\"logo\":{\"@type\":\"ImageObject\",\"inLanguage\":\"es\",\"@id\":\"https:\\\/\\\/centro-cee.com\\\/web\\\/#\\\/schema\\\/logo\\\/image\\\/\",\"url\":\"https:\\\/\\\/centro-cee.com\\\/web\\\/wp-content\\\/uploads\\\/2022\\\/12\\\/cropped-logo_educa.png\",\"contentUrl\":\"https:\\\/\\\/centro-cee.com\\\/web\\\/wp-content\\\/uploads\\\/2022\\\/12\\\/cropped-logo_educa.png\",\"width\":157,\"height\":63,\"caption\":\"Centro Europeo E-learning CEE\"},\"image\":{\"@id\":\"https:\\\/\\\/centro-cee.com\\\/web\\\/#\\\/schema\\\/logo\\\/image\\\/\"},\"sameAs\":[\"https:\\\/\\\/www.instagram.com\\\/centroeuropeo_cee\"]}]}<\/script>\n<!-- \/ Yoast SEO plugin. -->","yoast_head_json":{"title":"M\u00e1ster en negociaci\u00f3n y resoluci\u00f3n de conflictos","description":"Obt\u00e9n las habilidades y conocimientos necesarios para convertirte en un profesional con nuestro M\u00e1ster en negociaci\u00f3n y resoluci\u00f3n de conflictos.","robots":{"index":"index","follow":"follow","max-snippet":"max-snippet:-1","max-image-preview":"max-image-preview:large","max-video-preview":"max-video-preview:-1"},"canonical":"https:\/\/centro-cee.com\/web\/producto\/master-en-negociacion-y-resolucion-de-conflictos\/","og_locale":"es_ES","og_type":"article","og_title":"M\u00e1ster en negociaci\u00f3n y resoluci\u00f3n de conflictos","og_description":"Obt\u00e9n las habilidades y conocimientos necesarios para convertirte en un profesional con nuestro M\u00e1ster en negociaci\u00f3n y resoluci\u00f3n de conflictos.","og_url":"https:\/\/centro-cee.com\/web\/producto\/master-en-negociacion-y-resolucion-de-conflictos\/","og_site_name":"CEE Centro Europeo E-learning - Cursos online","article_modified_time":"2026-03-13T16:53:11+00:00","og_image":[{"width":798,"height":528,"url":"https:\/\/centro-cee.com\/web\/wp-content\/uploads\/2023\/09\/imagen_2023-09-18_133140498.png","type":"image\/png"}],"twitter_card":"summary_large_image","twitter_misc":{"Tiempo de lectura":"5 minutos"},"schema":{"@context":"https:\/\/schema.org","@graph":[{"@type":"WebPage","@id":"https:\/\/centro-cee.com\/web\/producto\/master-en-negociacion-y-resolucion-de-conflictos\/","url":"https:\/\/centro-cee.com\/web\/producto\/master-en-negociacion-y-resolucion-de-conflictos\/","name":"M\u00e1ster en negociaci\u00f3n y resoluci\u00f3n de conflictos","isPartOf":{"@id":"https:\/\/centro-cee.com\/web\/#website"},"primaryImageOfPage":{"@id":"https:\/\/centro-cee.com\/web\/producto\/master-en-negociacion-y-resolucion-de-conflictos\/#primaryimage"},"image":{"@id":"https:\/\/centro-cee.com\/web\/producto\/master-en-negociacion-y-resolucion-de-conflictos\/#primaryimage"},"thumbnailUrl":"https:\/\/centro-cee.com\/web\/wp-content\/uploads\/2023\/09\/imagen_2023-09-18_133140498.png","datePublished":"2023-09-18T11:29:34+00:00","dateModified":"2026-03-13T16:53:11+00:00","description":"Obt\u00e9n las habilidades y conocimientos necesarios para convertirte en un profesional con nuestro M\u00e1ster en negociaci\u00f3n y resoluci\u00f3n de conflictos.","breadcrumb":{"@id":"https:\/\/centro-cee.com\/web\/producto\/master-en-negociacion-y-resolucion-de-conflictos\/#breadcrumb"},"inLanguage":"es","potentialAction":[{"@type":"ReadAction","target":["https:\/\/centro-cee.com\/web\/producto\/master-en-negociacion-y-resolucion-de-conflictos\/"]}]},{"@type":"ImageObject","inLanguage":"es","@id":"https:\/\/centro-cee.com\/web\/producto\/master-en-negociacion-y-resolucion-de-conflictos\/#primaryimage","url":"https:\/\/centro-cee.com\/web\/wp-content\/uploads\/2023\/09\/imagen_2023-09-18_133140498.png","contentUrl":"https:\/\/centro-cee.com\/web\/wp-content\/uploads\/2023\/09\/imagen_2023-09-18_133140498.png","width":798,"height":528,"caption":"M\u00e1ster en negociaci\u00f3n y resoluci\u00f3n de conflictos"},{"@type":"BreadcrumbList","@id":"https:\/\/centro-cee.com\/web\/producto\/master-en-negociacion-y-resolucion-de-conflictos\/#breadcrumb","itemListElement":[{"@type":"ListItem","position":1,"name":"Portada","item":"https:\/\/centro-cee.com\/web\/"},{"@type":"ListItem","position":2,"name":"M\u00e1ster en negociaci\u00f3n y resoluci\u00f3n de conflictos"}]},{"@type":"WebSite","@id":"https:\/\/centro-cee.com\/web\/#website","url":"https:\/\/centro-cee.com\/web\/","name":"Centro Europeo E-learning","description":"CEE Formaci\u00f3n Online","publisher":{"@id":"https:\/\/centro-cee.com\/web\/#organization"},"alternateName":"Centro Online de Formaci\u00f3n","potentialAction":[{"@type":"SearchAction","target":{"@type":"EntryPoint","urlTemplate":"https:\/\/centro-cee.com\/web\/?s={search_term_string}"},"query-input":{"@type":"PropertyValueSpecification","valueRequired":true,"valueName":"search_term_string"}}],"inLanguage":"es"},{"@type":"Organization","@id":"https:\/\/centro-cee.com\/web\/#organization","name":"Centro Europeo E-learning CEE","url":"https:\/\/centro-cee.com\/web\/","logo":{"@type":"ImageObject","inLanguage":"es","@id":"https:\/\/centro-cee.com\/web\/#\/schema\/logo\/image\/","url":"https:\/\/centro-cee.com\/web\/wp-content\/uploads\/2022\/12\/cropped-logo_educa.png","contentUrl":"https:\/\/centro-cee.com\/web\/wp-content\/uploads\/2022\/12\/cropped-logo_educa.png","width":157,"height":63,"caption":"Centro Europeo E-learning CEE"},"image":{"@id":"https:\/\/centro-cee.com\/web\/#\/schema\/logo\/image\/"},"sameAs":["https:\/\/www.instagram.com\/centroeuropeo_cee"]}]}},"_links":{"self":[{"href":"https:\/\/centro-cee.com\/web\/wp-json\/wp\/v2\/product\/1431","targetHints":{"allow":["GET"]}}],"collection":[{"href":"https:\/\/centro-cee.com\/web\/wp-json\/wp\/v2\/product"}],"about":[{"href":"https:\/\/centro-cee.com\/web\/wp-json\/wp\/v2\/types\/product"}],"replies":[{"embeddable":true,"href":"https:\/\/centro-cee.com\/web\/wp-json\/wp\/v2\/comments?post=1431"}],"wp:featuredmedia":[{"embeddable":true,"href":"https:\/\/centro-cee.com\/web\/wp-json\/wp\/v2\/media\/1432"}],"wp:attachment":[{"href":"https:\/\/centro-cee.com\/web\/wp-json\/wp\/v2\/media?parent=1431"}],"wp:term":[{"taxonomy":"product_brand","embeddable":true,"href":"https:\/\/centro-cee.com\/web\/wp-json\/wp\/v2\/product_brand?post=1431"},{"taxonomy":"product_cat","embeddable":true,"href":"https:\/\/centro-cee.com\/web\/wp-json\/wp\/v2\/product_cat?post=1431"},{"taxonomy":"product_tag","embeddable":true,"href":"https:\/\/centro-cee.com\/web\/wp-json\/wp\/v2\/product_tag?post=1431"}],"curies":[{"name":"wp","href":"https:\/\/api.w.org\/{rel}","templated":true}]}}