{"id":1423,"date":"2023-09-15T10:57:09","date_gmt":"2023-09-15T10:57:09","guid":{"rendered":"https:\/\/centro-cee.com\/web\/?post_type=product&#038;p=1423"},"modified":"2026-03-13T16:53:51","modified_gmt":"2026-03-13T16:53:51","slug":"master-en-coaching-ejecutivo-y-empresarial-liderazgo","status":"publish","type":"product","link":"https:\/\/centro-cee.com\/web\/producto\/master-en-coaching-ejecutivo-y-empresarial-liderazgo\/","title":{"rendered":"M\u00e1ster en coaching ejecutivo y empresarial + liderazgo"},"content":{"rendered":"<p><a href=\"https:\/\/centro-cee.com\/web\/formaciones\/\">Atr\u00e1s<\/a><\/p>\n<p><em><strong>M\u00e1ster en coaching ejecutivo y empresarial + liderazgo<\/strong><\/em><\/p>\n<p>Toda esta formaci\u00f3n se realiza 100% online en nuestro campus online de formaci\u00f3n.<\/p>\n<p>Las tutorias se realizan directamente desde el campus de estudio con la opci\u00f3n de mensajer\u00eda a profesores. Las tutorias son \u00aba demanda\u00bb, cuando necesites soporte nos lo pides.<\/p>\n<p>Los t\u00edtulos de Centro CEE est\u00e1n autenticados por la firma de notario que valida contenidos y autenticidad a nivel internacional. Nuestra organizaci\u00f3n pertenece a la Asociaci\u00f3n Espa\u00f1ola de Calidad, organizaci\u00f3n Espa\u00f1ola de referencia para la calidad en la formaci\u00f3n. La certificaci\u00f3n se puede apostillar por la Haya para cualquier pa\u00eds firmante del convenio de la Haya.<\/p>\n<p>Se puede pagar a plazos.<\/p>\n<p>Carga horaria de la formaci\u00f3n: 400h<\/p>\n<h2>Temario<\/h2>\n<hr \/>\n<p>1. M\u00d3DULO I. INTRODUCCI\u00d3N AL COACHING<br \/>\nTEMA 1. \u00bfQU\u00c9 ES EL COACHING?<br \/>\n1. El cambio, la crisis y la construcci\u00f3n de la identidad<br \/>\n2. Concepto de coaching<br \/>\n3. Etimolog\u00eda del coaching<br \/>\n4. Influencias del coaching<br \/>\n5. \u2026<br \/>\nTEMA 2. IMPORTANCIA DEL COACHING<br \/>\n1. \u00bfPor qu\u00e9 es importante el coaching?<br \/>\n2. Principios y valores<br \/>\n3. Tipos de coaching<br \/>\n4. Beneficios de un coaching eficaz<br \/>\n5. Mitos sobre coaching<br \/>\nTEMA 3. ASPECTOS FUNDAMENTALES DEL COACHING I<br \/>\n1. Introducci\u00f3n: los elementos claves para el \u00e9xito<br \/>\n2. Motivaci\u00f3n<br \/>\n3. Autoestima<br \/>\n4. Autoconfianza<br \/>\nTEMA 4. ASPECTOS FUNDAMENTALES DEL COACHING II<br \/>\n1. Responsabilidad y compromiso<br \/>\n2. Acci\u00f3n<br \/>\n3. Creatividad<br \/>\n4. Contenido y proceso<br \/>\n5. \u2026<br \/>\nTEMA 5. \u00c9TICA Y COACHING<br \/>\n1. Liderazgo, poder y \u00e9tica<br \/>\n2. Confidencialidad del Proceso<br \/>\n3. \u00c9tica y Deontolog\u00eda del coach<br \/>\n4. \u2026<br \/>\nTEMA 6. COACHING, CAMBIO Y APRENDIZAJE<br \/>\n1. La superaci\u00f3n de los bloqueos<br \/>\n2. El deseo de avanzar<br \/>\n3. Coaching y aprendizaje<br \/>\n4. Factores que afectan al proceso de aprendizaje<br \/>\n5. Niveles de aprendizaje<br \/>\nTEMA 7. EL PROCESO DE COACHING: ASPECTOS GENERALES<br \/>\n1. Coaching \u00bfherramienta o proceso?<br \/>\n2. Motivaci\u00f3n en el proceso<br \/>\n3. La voluntad como requisito del inicio del proceso<br \/>\n4. \u2026<br \/>\nTEMA 8. HABILIDADES RELACIONADAS CON EL PROCESO<br \/>\n1. Introducci\u00f3n<br \/>\n2. Escucha<br \/>\n3. Empat\u00eda<br \/>\n4. May\u00e9utica e influencia<br \/>\n5. La capacidad diagn\u00f3stica<br \/>\nTEMA 9. FASES EN EL PROCESO DE COACHING<br \/>\n1. Primera fase: establecer la relaci\u00f3n de coaching<br \/>\n2. Segunda fase: planificaci\u00f3n de la acci\u00f3n<br \/>\n3. Tercera fase: ciclo de coaching<br \/>\n4. \u2026<br \/>\nTEMA 10. EVALUACI\u00d3N I<br \/>\n1. \u00bfPor qu\u00e9 es necesaria la evaluaci\u00f3n?<br \/>\n2. Beneficios de los programas de evaluaci\u00f3n de coaching<br \/>\n3. Factores que pueden interferir en la evaluaci\u00f3n<br \/>\n4. \u00bfC\u00f3mo evaluar?<br \/>\n5. Herramientas de medida para la evaluaci\u00f3n de resultados<br \/>\nTEMA 11. EVALUACI\u00d3N II<br \/>\n1. El final de la evaluaci\u00f3n<br \/>\n2. Evaluaci\u00f3n externa<br \/>\n3. Sesiones de evaluaci\u00f3n continua<br \/>\n4. \u2026<br \/>\nTEMA 12. EL COACH<br \/>\n1. La figura del coach<br \/>\n2. Tipos de coach<br \/>\n3. Papel del coach en el proceso de coaching ejecutivo<br \/>\nTEMA 13. COMPETENCIAS DEL COACH<br \/>\n1. Competencias clave y actuaci\u00f3n del coach<br \/>\n2. Las caracter\u00edsticas del coach efectivo para el desarrollo de competencias<br \/>\n3. Dos competencias clave para el desarrollo de una empresa liberadora<br \/>\nTEMA 14. LA PREPARACI\u00d3N DE UN BUEN COACH<br \/>\n1. Preparaci\u00f3n t\u00e9cnica: formaci\u00f3n y experiencia empresarial<br \/>\n2. Errores m\u00e1s comunes del coach<br \/>\n3. Capacitaci\u00f3n para conducir las sesiones de coaching<br \/>\nTEMA 15. LA FIGURA DEL COACHEE<br \/>\n1. La figura del coachee<br \/>\n2. Caracter\u00edsticas del destinatario del coaching<br \/>\n3. La capacidad para recibir el coaching<br \/>\n4. \u2026<br \/>\nTEMA 16. MODELOS ORGANIZATIVOS EMPRESARIALES<br \/>\n1. Coaching y empresa<br \/>\n2. La importancia de las organizaciones<br \/>\n3. Aproximaci\u00f3n conceptual a la organizaci\u00f3n<br \/>\n4. \u2026<br \/>\nTEMA 17. LA HUMANIZACI\u00d3N DE LA ORGANIZACI\u00d3N<br \/>\n1. Cambio y desarrollo en la organizaci\u00f3n<br \/>\n2. Resistencia al cambio organizacional<br \/>\n3. El coach como agente de cambio<br \/>\n4. \u2026<br \/>\nTEMA 18. INTRODUCCI\u00d3N AL COACHING EJECUTIVO<br \/>\n1. Principios de coaching ejecutivo<br \/>\n2. La empresa y el coach<br \/>\n3. Coaching ejecutivo: un contrato de tres miembros<br \/>\n4. El proceso de coaching ejecutivo<br \/>\n5. Perspectivas de futuro<br \/>\nTEMA 19. COACHING Y COMPETENCIAS PROFESIONALES<br \/>\n1. Aspectos fundamentales de las competencias<br \/>\n2. Adquisici\u00f3n y desarrollo de competencias<br \/>\n3. Competencias profesionales<br \/>\n4. \u2026<br \/>\nTEMA 20. COACHING Y GESTI\u00d3N DEL TALENTO<br \/>\n1. El talento<br \/>\n2. Gesti\u00f3n del talento<br \/>\n3. Dimensiones del talento<br \/>\n4. \u2026<br \/>\nTEMA 21. LIDERAZGO EMPRESARIAL<br \/>\n1. Liderazgo<br \/>\n2. Enfoques centrados en el l\u00edder<br \/>\n3. Teor\u00edas situacionales o de contingencia<br \/>\n4. \u2026<br \/>\nTEMA 22. COACHING Y LIDERAZGO EN LA EMPRESA<br \/>\n1. El coaching como ayuda a la formaci\u00f3n del liderazgo<br \/>\n2. El coaching como estilo de liderazgo<br \/>\n3. El coach como l\u00edder y formador de l\u00edderes<br \/>\n4. El l\u00edder como coach<br \/>\nTEMA 23. GESTI\u00d3N DE RECURSOS HUMANOS<br \/>\n1. Coaching de relaciones<br \/>\n2. Grupo vs. Equipo<br \/>\n3. Gesti\u00f3n de grupos y equipos<br \/>\n4. Recursos humanos y coaching<br \/>\nTEMA 24. GESTI\u00d3N DE RELACIONES<br \/>\n1. Team Building<br \/>\n2. T\u00e9cnicas para mejorar el funcionamiento de un equipo<br \/>\nTEMA 25. DE DIRECTIVO A DIRECTIVO COACH<br \/>\n1. El coaching directivo: c\u00f3mo conseguir el desarrollo profesional<br \/>\n2. Establecer l\u00edmites: presi\u00f3n-rendimiento<br \/>\n3. Otras competencias necesarias en la direcci\u00f3n de personas<br \/>\nTEMA 26. RESOLUCI\u00d3N DE CONFLICTOS<br \/>\n1. El conflicto como fuente del problema<br \/>\n2. Tipos de conflicto<br \/>\n3. Coaching y negociaci\u00f3n<br \/>\n4. \u2026<br \/>\nTEMA 27. INTRODUCCI\u00d3N A LAS T\u00c9CNICAS DE COACHING<br \/>\n1. T\u00e9cnicas en coaching: transformar lo negativo en positivo<br \/>\n2. Las din\u00e1micas: definici\u00f3n<br \/>\n3. \u00bfPara qu\u00e9 se utilizan las t\u00e9cnicas grupales y para qu\u00e9 no?<br \/>\n4. \u2026<br \/>\nTEMA 28. HERRAMIENTAS APLICADAS AL \u00c1MBITO EMPRESARIAL<br \/>\n1. Introducci\u00f3n a las herramientas<br \/>\n2. Feedback 360\u00ba TM<br \/>\n3. MBTI TM<br \/>\n4. M\u00e9todo Birkman TM<br \/>\n5. Otras t\u00e9cnicas<br \/>\nTEMA 29. T\u00c9CNICAS ESTRUCTURALES<br \/>\n1. Definici\u00f3n<br \/>\n2. M\u00e9todo GROW TM<br \/>\n3. M\u00e9todo ACHIEVE TM<br \/>\n4. \u2026<br \/>\nTEMA 30. T\u00c9CNICAS EXPLORATORIAS<br \/>\n1. Definici\u00f3n<br \/>\n2. Rueda de la vida<br \/>\n3. Escala de valores<br \/>\n4. T\u00e9cnicas espec\u00edficas para trabajar con las emociones<br \/>\n5. \u2026<br \/>\nTEMA 31. T\u00c9CNICAS Y DIN\u00c1MICAS DE GRUPO<br \/>\n1. Definici\u00f3n y clasificaci\u00f3n<br \/>\n2. T\u00e9cnicas de grupo grande<br \/>\n3. Grupo mediano<br \/>\n4. T\u00e9cnicas de grupo peque\u00f1o<br \/>\n5. \u2026<br \/>\nPARTE 2. COACHING CON PNL E INTELIGENCIA EMOCIONAL<br \/>\nTEMA 1. COACHING E INTELIGENCIA EMOCIONAL I<br \/>\n1. \u00bfQu\u00e9 es la Inteligencia emocional?<br \/>\n2. Componentes de la Inteligencia emocional<br \/>\n3. Habilidades de Inteligencia Emocional<br \/>\n4. Cociente intelectual e inteligencia emocional<br \/>\nTEMA 2. COACHING E INTELIGENCIA EMOCIONAL II<br \/>\n1. Inteligencia emocional y vida personal<br \/>\n2. Inteligencia emocional y vida empresarial<br \/>\n3. T\u00e9cnicas para aumentar la Inteligencia Emocional<br \/>\nTEMA 3. COACHING Y PNL I<br \/>\n1. \u00bfQu\u00e9 es la PNL?<br \/>\n2. Principios de PNL<br \/>\n3. PNL y sistemas representacionales<br \/>\n4. Coaching y PNL<br \/>\nTEMA 4. COACHING Y PNL II<br \/>\n1. Marcos de la PNL<br \/>\n2. Pr\u00e1cticas y procesos de PNL<br \/>\n3. Metaprogramas<br \/>\n4. Estrategias con PNL<\/p>\n<p>LIDERAZGO<\/p>\n<p>\u00cdNDICE DE CONTENIDOS<\/p>\n<p>1. MEDIATIZADORES DEL ESTILO DE DIRECCI\u00d3N<br \/>\n1.1. Introducci\u00f3n<br \/>\n1.2. Persona<br \/>\n1.3. Tarea<br \/>\n1.4. Entorno<\/p>\n<p>2. TIPOS DE ESTILOS DE DIRECCI\u00d3N<br \/>\n2.1. Introducci\u00f3n<br \/>\n2.2. Estilo Coercitivo<br \/>\n2.3. Estilo Orientativo<br \/>\n2.4. Estilo Afiliativo<br \/>\n2.5. Estilo Participativo<br \/>\n3. \u2026<\/p>\n<p>4. LIDERAZGO<br \/>\n4.1. El liderazgo<br \/>\n4.2. Enfoques Sustancialistas<br \/>\n4.3. Enfoques Comportamentales<br \/>\n4.4. Enfoques Situacionales<br \/>\n5. \u2026<\/p>\n<p>6. MOTIVACI\u00d3N LABORAL<br \/>\n6.1. La motivaci\u00f3n<br \/>\n6.2. Motivaci\u00f3n intr\u00ednseca, extr\u00ednseca y transcendente<br \/>\n6.3. Factores espec\u00edficos de la motivaci\u00f3n en la organizaci\u00f3n<br \/>\n6.4. Sistemas de incentivos<\/p>\n<p>7. DESARROLLO Y MEJORA DE COMPETENCIAS DIRECTIVAS<br \/>\n7.1. Introducci\u00f3n<br \/>\n7.2. Feedback 360\u00ba<br \/>\n7.3. Coaching<br \/>\n7.4. Mentoring<\/p>\n<p><em><strong>M\u00e1ster en coaching ejecutivo y empresarial + liderazgo<\/strong><\/em><\/p>\n<hr \/>\n","protected":false},"excerpt":{"rendered":"<p><a href=\"https:\/\/centro-cee.com\/web\/formaciones\/\">Atr\u00e1s<\/a><\/p>\n<p>A lo largo de esta formaci\u00f3n conocer\u00e1s todos los aspectos relacionados con el coaching\u00a0 y liderazago empresarial, con contenidos actualizados.<\/p>\n<p>Todas las empresas independientemente de su tama\u00f1o, sector productivo, etc, requiere de personal capacitado para el liderazgo y la capacidad de mejorar y motivar al factor humano, dotando de herramientas para que esa mejora revierta directamente en los resultados de la empresa y en la calidad tanto del trabajo como de la satisfacci\u00f3n de los trabajadores\/as de la entidad.<\/p>\n<p>Por ello, esta formaci\u00f3n permite formar y reciclar a personal que tenga como objetivo mediante t\u00e9cnicas de coaching ejecutivo y empresarial, mejorar el liderazago entre el equipo de colaboradores de la empresa.<\/p>\n","protected":false},"featured_media":1424,"comment_status":"closed","ping_status":"closed","template":"","meta":[],"product_brand":[],"product_cat":[2050,17],"product_tag":[935,929,931,933,936,932,934,930,937,928],"class_list":{"0":"post-1423","1":"product","2":"type-product","3":"status-publish","4":"has-post-thumbnail","6":"product_cat-cursos-online-empresa","7":"product_cat-master","8":"product_tag-certificacion-en-coaching-ejecutivo","9":"product_tag-coaching-empresarial","10":"product_tag-coaching-para-empresas","11":"product_tag-curso-de-coaching-ejecutivo","12":"product_tag-curso-online-de-coaching-empresarial","13":"product_tag-desarrollo-de-liderazgo-y-coaching","14":"product_tag-estrategias-de-coaching-empresarial","15":"product_tag-formacion-en-coaching-para-lideres","16":"product_tag-gestion-de-equipos-y-coaching-ejecutivo","17":"product_tag-master-en-coaching-ejecutivo","19":"first","20":"instock","21":"sale","22":"shipping-taxable","23":"purchasable","24":"product-type-simple"},"yoast_head":"<!-- This site is optimized with the Yoast SEO plugin v27.5 - https:\/\/yoast.com\/product\/yoast-seo-wordpress\/ -->\n<title>M\u00e1ster en coaching ejecutivo y empresarial + liderazgo<\/title>\n<meta name=\"description\" content=\"Obt\u00e9n las habilidades y conocimientos necesarios para el coaching con nuestro m\u00e1ster en coaching ejecutivo y empresarial + liderazgo\" \/>\n<meta name=\"robots\" content=\"index, follow, max-snippet:-1, max-image-preview:large, max-video-preview:-1\" \/>\n<link rel=\"canonical\" href=\"https:\/\/centro-cee.com\/web\/producto\/master-en-coaching-ejecutivo-y-empresarial-liderazgo\/\" \/>\n<meta property=\"og:locale\" content=\"es_ES\" \/>\n<meta property=\"og:type\" content=\"article\" \/>\n<meta property=\"og:title\" content=\"M\u00e1ster en coaching ejecutivo y empresarial + liderazgo\" \/>\n<meta property=\"og:description\" content=\"Obt\u00e9n las habilidades y conocimientos necesarios para el coaching con nuestro m\u00e1ster en coaching ejecutivo y empresarial + liderazgo\" \/>\n<meta property=\"og:url\" content=\"https:\/\/centro-cee.com\/web\/producto\/master-en-coaching-ejecutivo-y-empresarial-liderazgo\/\" \/>\n<meta property=\"og:site_name\" content=\"CEE Centro Europeo E-learning - Cursos online\" \/>\n<meta property=\"article:modified_time\" content=\"2026-03-13T16:53:51+00:00\" \/>\n<meta property=\"og:image\" content=\"https:\/\/centro-cee.com\/web\/wp-content\/uploads\/2023\/09\/imagen_2023-09-15_130030394.png\" \/>\n\t<meta property=\"og:image:width\" content=\"798\" \/>\n\t<meta property=\"og:image:height\" content=\"639\" \/>\n\t<meta property=\"og:image:type\" content=\"image\/png\" \/>\n<meta name=\"twitter:card\" content=\"summary_large_image\" \/>\n<meta name=\"twitter:label1\" content=\"Tiempo de lectura\" \/>\n\t<meta name=\"twitter:data1\" content=\"6 minutos\" \/>\n<script type=\"application\/ld+json\" class=\"yoast-schema-graph\">{\"@context\":\"https:\\\/\\\/schema.org\",\"@graph\":[{\"@type\":\"WebPage\",\"@id\":\"https:\\\/\\\/centro-cee.com\\\/web\\\/producto\\\/master-en-coaching-ejecutivo-y-empresarial-liderazgo\\\/\",\"url\":\"https:\\\/\\\/centro-cee.com\\\/web\\\/producto\\\/master-en-coaching-ejecutivo-y-empresarial-liderazgo\\\/\",\"name\":\"M\u00e1ster en coaching ejecutivo y empresarial + liderazgo\",\"isPartOf\":{\"@id\":\"https:\\\/\\\/centro-cee.com\\\/web\\\/#website\"},\"primaryImageOfPage\":{\"@id\":\"https:\\\/\\\/centro-cee.com\\\/web\\\/producto\\\/master-en-coaching-ejecutivo-y-empresarial-liderazgo\\\/#primaryimage\"},\"image\":{\"@id\":\"https:\\\/\\\/centro-cee.com\\\/web\\\/producto\\\/master-en-coaching-ejecutivo-y-empresarial-liderazgo\\\/#primaryimage\"},\"thumbnailUrl\":\"https:\\\/\\\/centro-cee.com\\\/web\\\/wp-content\\\/uploads\\\/2023\\\/09\\\/imagen_2023-09-15_130030394.png\",\"datePublished\":\"2023-09-15T10:57:09+00:00\",\"dateModified\":\"2026-03-13T16:53:51+00:00\",\"description\":\"Obt\u00e9n las habilidades y conocimientos necesarios para el coaching con nuestro m\u00e1ster en coaching ejecutivo y empresarial + liderazgo\",\"breadcrumb\":{\"@id\":\"https:\\\/\\\/centro-cee.com\\\/web\\\/producto\\\/master-en-coaching-ejecutivo-y-empresarial-liderazgo\\\/#breadcrumb\"},\"inLanguage\":\"es\",\"potentialAction\":[{\"@type\":\"ReadAction\",\"target\":[\"https:\\\/\\\/centro-cee.com\\\/web\\\/producto\\\/master-en-coaching-ejecutivo-y-empresarial-liderazgo\\\/\"]}]},{\"@type\":\"ImageObject\",\"inLanguage\":\"es\",\"@id\":\"https:\\\/\\\/centro-cee.com\\\/web\\\/producto\\\/master-en-coaching-ejecutivo-y-empresarial-liderazgo\\\/#primaryimage\",\"url\":\"https:\\\/\\\/centro-cee.com\\\/web\\\/wp-content\\\/uploads\\\/2023\\\/09\\\/imagen_2023-09-15_130030394.png\",\"contentUrl\":\"https:\\\/\\\/centro-cee.com\\\/web\\\/wp-content\\\/uploads\\\/2023\\\/09\\\/imagen_2023-09-15_130030394.png\",\"width\":798,\"height\":639,\"caption\":\"M\u00e1ster en coaching ejecutivo y empresarial + liderazgo\"},{\"@type\":\"BreadcrumbList\",\"@id\":\"https:\\\/\\\/centro-cee.com\\\/web\\\/producto\\\/master-en-coaching-ejecutivo-y-empresarial-liderazgo\\\/#breadcrumb\",\"itemListElement\":[{\"@type\":\"ListItem\",\"position\":1,\"name\":\"Portada\",\"item\":\"https:\\\/\\\/centro-cee.com\\\/web\\\/\"},{\"@type\":\"ListItem\",\"position\":2,\"name\":\"M\u00e1ster en coaching ejecutivo y empresarial + liderazgo\"}]},{\"@type\":\"WebSite\",\"@id\":\"https:\\\/\\\/centro-cee.com\\\/web\\\/#website\",\"url\":\"https:\\\/\\\/centro-cee.com\\\/web\\\/\",\"name\":\"Centro Europeo E-learning\",\"description\":\"CEE Formaci\u00f3n Online\",\"publisher\":{\"@id\":\"https:\\\/\\\/centro-cee.com\\\/web\\\/#organization\"},\"alternateName\":\"Centro Online de Formaci\u00f3n\",\"potentialAction\":[{\"@type\":\"SearchAction\",\"target\":{\"@type\":\"EntryPoint\",\"urlTemplate\":\"https:\\\/\\\/centro-cee.com\\\/web\\\/?s={search_term_string}\"},\"query-input\":{\"@type\":\"PropertyValueSpecification\",\"valueRequired\":true,\"valueName\":\"search_term_string\"}}],\"inLanguage\":\"es\"},{\"@type\":\"Organization\",\"@id\":\"https:\\\/\\\/centro-cee.com\\\/web\\\/#organization\",\"name\":\"Centro Europeo E-learning CEE\",\"url\":\"https:\\\/\\\/centro-cee.com\\\/web\\\/\",\"logo\":{\"@type\":\"ImageObject\",\"inLanguage\":\"es\",\"@id\":\"https:\\\/\\\/centro-cee.com\\\/web\\\/#\\\/schema\\\/logo\\\/image\\\/\",\"url\":\"https:\\\/\\\/centro-cee.com\\\/web\\\/wp-content\\\/uploads\\\/2022\\\/12\\\/cropped-logo_educa.png\",\"contentUrl\":\"https:\\\/\\\/centro-cee.com\\\/web\\\/wp-content\\\/uploads\\\/2022\\\/12\\\/cropped-logo_educa.png\",\"width\":157,\"height\":63,\"caption\":\"Centro Europeo E-learning CEE\"},\"image\":{\"@id\":\"https:\\\/\\\/centro-cee.com\\\/web\\\/#\\\/schema\\\/logo\\\/image\\\/\"},\"sameAs\":[\"https:\\\/\\\/www.instagram.com\\\/centroeuropeo_cee\"]}]}<\/script>\n<!-- \/ Yoast SEO plugin. -->","yoast_head_json":{"title":"M\u00e1ster en coaching ejecutivo y empresarial + liderazgo","description":"Obt\u00e9n las habilidades y conocimientos necesarios para el coaching con nuestro m\u00e1ster en coaching ejecutivo y empresarial + liderazgo","robots":{"index":"index","follow":"follow","max-snippet":"max-snippet:-1","max-image-preview":"max-image-preview:large","max-video-preview":"max-video-preview:-1"},"canonical":"https:\/\/centro-cee.com\/web\/producto\/master-en-coaching-ejecutivo-y-empresarial-liderazgo\/","og_locale":"es_ES","og_type":"article","og_title":"M\u00e1ster en coaching ejecutivo y empresarial + liderazgo","og_description":"Obt\u00e9n las habilidades y conocimientos necesarios para el coaching con nuestro m\u00e1ster en coaching ejecutivo y empresarial + liderazgo","og_url":"https:\/\/centro-cee.com\/web\/producto\/master-en-coaching-ejecutivo-y-empresarial-liderazgo\/","og_site_name":"CEE Centro Europeo E-learning - Cursos online","article_modified_time":"2026-03-13T16:53:51+00:00","og_image":[{"width":798,"height":639,"url":"https:\/\/centro-cee.com\/web\/wp-content\/uploads\/2023\/09\/imagen_2023-09-15_130030394.png","type":"image\/png"}],"twitter_card":"summary_large_image","twitter_misc":{"Tiempo de lectura":"6 minutos"},"schema":{"@context":"https:\/\/schema.org","@graph":[{"@type":"WebPage","@id":"https:\/\/centro-cee.com\/web\/producto\/master-en-coaching-ejecutivo-y-empresarial-liderazgo\/","url":"https:\/\/centro-cee.com\/web\/producto\/master-en-coaching-ejecutivo-y-empresarial-liderazgo\/","name":"M\u00e1ster en coaching ejecutivo y empresarial + liderazgo","isPartOf":{"@id":"https:\/\/centro-cee.com\/web\/#website"},"primaryImageOfPage":{"@id":"https:\/\/centro-cee.com\/web\/producto\/master-en-coaching-ejecutivo-y-empresarial-liderazgo\/#primaryimage"},"image":{"@id":"https:\/\/centro-cee.com\/web\/producto\/master-en-coaching-ejecutivo-y-empresarial-liderazgo\/#primaryimage"},"thumbnailUrl":"https:\/\/centro-cee.com\/web\/wp-content\/uploads\/2023\/09\/imagen_2023-09-15_130030394.png","datePublished":"2023-09-15T10:57:09+00:00","dateModified":"2026-03-13T16:53:51+00:00","description":"Obt\u00e9n las habilidades y conocimientos necesarios para el coaching con nuestro m\u00e1ster en coaching ejecutivo y empresarial + liderazgo","breadcrumb":{"@id":"https:\/\/centro-cee.com\/web\/producto\/master-en-coaching-ejecutivo-y-empresarial-liderazgo\/#breadcrumb"},"inLanguage":"es","potentialAction":[{"@type":"ReadAction","target":["https:\/\/centro-cee.com\/web\/producto\/master-en-coaching-ejecutivo-y-empresarial-liderazgo\/"]}]},{"@type":"ImageObject","inLanguage":"es","@id":"https:\/\/centro-cee.com\/web\/producto\/master-en-coaching-ejecutivo-y-empresarial-liderazgo\/#primaryimage","url":"https:\/\/centro-cee.com\/web\/wp-content\/uploads\/2023\/09\/imagen_2023-09-15_130030394.png","contentUrl":"https:\/\/centro-cee.com\/web\/wp-content\/uploads\/2023\/09\/imagen_2023-09-15_130030394.png","width":798,"height":639,"caption":"M\u00e1ster en coaching ejecutivo y empresarial + liderazgo"},{"@type":"BreadcrumbList","@id":"https:\/\/centro-cee.com\/web\/producto\/master-en-coaching-ejecutivo-y-empresarial-liderazgo\/#breadcrumb","itemListElement":[{"@type":"ListItem","position":1,"name":"Portada","item":"https:\/\/centro-cee.com\/web\/"},{"@type":"ListItem","position":2,"name":"M\u00e1ster en coaching ejecutivo y empresarial + liderazgo"}]},{"@type":"WebSite","@id":"https:\/\/centro-cee.com\/web\/#website","url":"https:\/\/centro-cee.com\/web\/","name":"Centro Europeo E-learning","description":"CEE Formaci\u00f3n Online","publisher":{"@id":"https:\/\/centro-cee.com\/web\/#organization"},"alternateName":"Centro Online de Formaci\u00f3n","potentialAction":[{"@type":"SearchAction","target":{"@type":"EntryPoint","urlTemplate":"https:\/\/centro-cee.com\/web\/?s={search_term_string}"},"query-input":{"@type":"PropertyValueSpecification","valueRequired":true,"valueName":"search_term_string"}}],"inLanguage":"es"},{"@type":"Organization","@id":"https:\/\/centro-cee.com\/web\/#organization","name":"Centro Europeo E-learning CEE","url":"https:\/\/centro-cee.com\/web\/","logo":{"@type":"ImageObject","inLanguage":"es","@id":"https:\/\/centro-cee.com\/web\/#\/schema\/logo\/image\/","url":"https:\/\/centro-cee.com\/web\/wp-content\/uploads\/2022\/12\/cropped-logo_educa.png","contentUrl":"https:\/\/centro-cee.com\/web\/wp-content\/uploads\/2022\/12\/cropped-logo_educa.png","width":157,"height":63,"caption":"Centro Europeo E-learning CEE"},"image":{"@id":"https:\/\/centro-cee.com\/web\/#\/schema\/logo\/image\/"},"sameAs":["https:\/\/www.instagram.com\/centroeuropeo_cee"]}]}},"_links":{"self":[{"href":"https:\/\/centro-cee.com\/web\/wp-json\/wp\/v2\/product\/1423","targetHints":{"allow":["GET"]}}],"collection":[{"href":"https:\/\/centro-cee.com\/web\/wp-json\/wp\/v2\/product"}],"about":[{"href":"https:\/\/centro-cee.com\/web\/wp-json\/wp\/v2\/types\/product"}],"replies":[{"embeddable":true,"href":"https:\/\/centro-cee.com\/web\/wp-json\/wp\/v2\/comments?post=1423"}],"wp:featuredmedia":[{"embeddable":true,"href":"https:\/\/centro-cee.com\/web\/wp-json\/wp\/v2\/media\/1424"}],"wp:attachment":[{"href":"https:\/\/centro-cee.com\/web\/wp-json\/wp\/v2\/media?parent=1423"}],"wp:term":[{"taxonomy":"product_brand","embeddable":true,"href":"https:\/\/centro-cee.com\/web\/wp-json\/wp\/v2\/product_brand?post=1423"},{"taxonomy":"product_cat","embeddable":true,"href":"https:\/\/centro-cee.com\/web\/wp-json\/wp\/v2\/product_cat?post=1423"},{"taxonomy":"product_tag","embeddable":true,"href":"https:\/\/centro-cee.com\/web\/wp-json\/wp\/v2\/product_tag?post=1423"}],"curies":[{"name":"wp","href":"https:\/\/api.w.org\/{rel}","templated":true}]}}