{"id":1408,"date":"2023-09-12T09:27:56","date_gmt":"2023-09-12T09:27:56","guid":{"rendered":"https:\/\/centro-cee.com\/web\/?post_type=product&#038;p=1408"},"modified":"2026-03-13T16:54:51","modified_gmt":"2026-03-13T16:54:51","slug":"especialista-en-urgencias-veterinarias","status":"publish","type":"product","link":"https:\/\/centro-cee.com\/web\/producto\/especialista-en-urgencias-veterinarias\/","title":{"rendered":"Especialista en urgencias veterinarias"},"content":{"rendered":"<p><a href=\"https:\/\/centro-cee.com\/web\/formaciones\/\">Atr\u00e1s<\/a><\/p>\n<p><em><strong>Especialista en urgencias veterinarias<\/strong><\/em><\/p>\n<p>Toda esta formaci\u00f3n se realiza 100% online en nuestro campus online de formaci\u00f3n.<\/p>\n<p>Las tutorias se realizan directamente desde el campus de estudio con la opci\u00f3n de mensajer\u00eda a profesores. Las tutorias son \u00aba demanda\u00bb, cuando necesites soporte nos lo pides.<\/p>\n<p>Los t\u00edtulos de Centro CEE est\u00e1n autenticados por la firma de notario que valida contenidos y autenticidad a nivel internacional. Nuestra organizaci\u00f3n pertenece a la Asociaci\u00f3n Espa\u00f1ola de Calidad, organizaci\u00f3n Espa\u00f1ola de referencia para la calidad en la formaci\u00f3n. La certificaci\u00f3n se puede apostillar por la Haya para cualquier pa\u00eds firmante del convenio de la Haya.<\/p>\n<p>Se puede pagar a plazos.<\/p>\n<p>Carga horaria de la formaci\u00f3n: 280h<\/p>\n<h2>Temario<\/h2>\n<hr \/>\n<p>M\u00d3DULO 1. URGENCIAS VETERINARIAS Y QUIR\u00d3FANOS<br \/>\nUNIDAD DID\u00c1CTICA 1. ATENCI\u00d3N A PACIENTES DE URGENCIAS<br \/>\nTriage telef\u00f3nico<br \/>\nEl personal de urgencias<br \/>\nEstudio del paciente<\/p>\n<p>UNIDAD DID\u00c1CTICA 2. PREPARACI\u00d3N QUIR\u00daRGICA<br \/>\nMaterial quir\u00fargico<br \/>\nMaterial de sutura<br \/>\nMantenimiento<br \/>\nPreparaci\u00f3n del campo quir\u00fargico<br \/>\nPrincipios del tratamiento de heridas<\/p>\n<p>UNIDAD DID\u00c1CTICA 3. MANEJO E INMOVILIZACI\u00d3N DE ANIMALES<br \/>\nInmovilizaci\u00f3n y manejo del perro<br \/>\nManejo e inmovilizaci\u00f3n de gatos<br \/>\nInmovilizaci\u00f3n del caballo<br \/>\nManejo e inmovilizaci\u00f3n de ovejas<br \/>\nInmovilizaci\u00f3n de las cabras<br \/>\nInmovilizaci\u00f3n y manejo de los cerdos<\/p>\n<p>UNIDAD DID\u00c1CTICA 4. HERIDAS TRAUM\u00c1TICAS O QUIR\u00daRGICAS, SOLUCIONES DE CONTINUIDAD Y CICATRIZACI\u00d3N<br \/>\nPiel, Sistema m\u00fasculo-esquel\u00e9tico y otros \u00f3rganos<br \/>\nCondiciones b\u00e1sicas de cicatrizaci\u00f3n<br \/>\nTipos de cicatrizaci\u00f3n: por primera y segunda intenci\u00f3n<br \/>\nRetrasos en la cicatrizaci\u00f3n: causas externas e internas<br \/>\nMaterial de sutura y t\u00e9cnicas de sutura<\/p>\n<p>UNIDAD DID\u00c1CTICA 5. ASEPSIA, DESINFECCI\u00d3N Y ESTERILIZACI\u00d3N<br \/>\nDesinfecci\u00f3n y asepsia como m\u00e9todo de prevenci\u00f3n de infecciones<br \/>\nDesinfecci\u00f3n y esterilizaci\u00f3n del material por m\u00e9todos f\u00edsicos y qu\u00edmicos (biocidas). Normativa de productos biocidas y productos qu\u00edmicos. Resoluciones de inscripci\u00f3n y fichas de datos de seguridad.<br \/>\nDesinfecci\u00f3n del animal. Protocolos prequir\u00fargicos. Antis\u00e9pticos locales t\u00f3picos.<\/p>\n<p>UNIDAD DID\u00c1CTICA 6. MATERIAL DE QUIR\u00d3FANO VETERINARIO<br \/>\nVestuario y complementos del personal de quir\u00f3fano<br \/>\nMedios de aislamiento de la zona quir\u00fargica<br \/>\nMesa auxiliar: preparaci\u00f3n<br \/>\nInstrumental y equipos de quir\u00f3fano<\/p>\n<p>UNIDAD DID\u00c1CTICA 7. ANESTESIA Y SEDACI\u00d3N EN CIRUG\u00cdA VETERINARIA<br \/>\nPreanestesia y sedaci\u00f3n: principios b\u00e1sicos y modo de acci\u00f3n de los medicamentos m\u00e1s usados<br \/>\nAnestesia inhalatoria. Sistema abierto y cerrado. Volatilidad de los gases<br \/>\nAnestesia intravenosa: indicaciones y medicamentos autorizados<br \/>\nInterpretaci\u00f3n de signos de analgesia y p\u00e9rdida de conciencia<br \/>\nMonitorizaci\u00f3n del animal: constantes vitales, m\u00e9todos de obtenci\u00f3n e interpretaci\u00f3n<br \/>\nSeguimiento de la anestesia y vigilancia del animal durante la cirug\u00eda: interpretaci\u00f3n de la conciencia<br \/>\nMetabolismo de los f\u00e1rmacos anest\u00e9sicos. Sobredosificaci\u00f3n. Resucitaci\u00f3n. Reanimaci\u00f3n y recuperaci\u00f3n<\/p>\n<p>UNIDAD DID\u00c1CTICA 8. ANATOM\u00cdA TOPOGR\u00c1FICA DE ESPECIES ANIMALES. ANATOM\u00cdA APLICADA<br \/>\nIntroducci\u00f3n<br \/>\nConocimientos de las diferentes estructuras anat\u00f3micas y sus relaciones de proximidad<br \/>\nAnatom\u00eda vascular y nerviosa: localizaci\u00f3n de las m\u00e1s importantes<br \/>\nEstructuras articulares y disfunciones m\u00e1s frecuentes<br \/>\nAbordajes quir\u00fargicos<\/p>\n<p>UNIDAD DID\u00c1CTICA 9. SITUACIONES DE URGENCIA EN EL ACTO QUIR\u00daRGICO VETERINARIO<br \/>\nSignos de compromiso vital<br \/>\nManiobras de soporte vital b\u00e1sico<br \/>\nVentilaci\u00f3n asistida<\/p>\n<p>UNIDAD DID\u00c1CTICA 10. RESIDUOS BIOSANITARIOS DEL CENTRO VETERINARIO<br \/>\nIdentificaci\u00f3n y control<br \/>\nRetirada y eliminaci\u00f3n<br \/>\nLegislaci\u00f3n sobre eliminaci\u00f3n de residuo<\/p>\n<p><em><strong>Especialista en urgencias veterinarias<\/strong><\/em><\/p>\n<hr \/>\n","protected":false},"excerpt":{"rendered":"<p><a href=\"https:\/\/centro-cee.com\/web\/formaciones\/\">Atr\u00e1s<\/a><\/p>\n<p>Esta formaci\u00f3n es una especialidad para formar a nuestros alumnos en las urgencias veterinarias y el funcionamiento de los quir\u00f3fanos veterinarios. Al igual que en las urgencias humanas, en la veterinaria es necesario conocer los diferentes protocolos de atenci\u00f3n para agilizar el servicio y minimizar los posibles da\u00f1os a los animales.<\/p>\n<p>Es por ello que todo el sector veterinario, desde el dom\u00e9stico al de granja necesita de personal cualificado en esta especialidad que permita el manejo e inmovilizaci\u00f3n de animales, preparaci\u00f3n quir\u00fargica, control de heridas, etc.<\/p>\n<p>En definitiva, la formaci\u00f3n obtenida es de alto nivel y con gran cantidad de contenidos que dotaran a las\/los alumnas\/os de unos conocimientos excelentes.<\/p>\n","protected":false},"featured_media":1409,"comment_status":"closed","ping_status":"closed","template":"","meta":[],"product_brand":[],"product_cat":[2051,34],"product_tag":[957,954,948,952,949,950,955,956,953,951],"class_list":{"0":"post-1408","1":"product","2":"type-product","3":"status-publish","4":"has-post-thumbnail","6":"product_cat-cursos-online-veterinaria","7":"product_cat-tecnicos","8":"product_tag-atencion-veterinaria-en-emergencias","9":"product_tag-certificacion-en-urgencias-veterinarias","10":"product_tag-curso-de-urgencias-veterinarias","11":"product_tag-curso-online-de-urgencias-veterinarias","12":"product_tag-especialista-en-emergencias-veterinarias","13":"product_tag-formacion-en-atencion-veterinaria-de-urgencias","14":"product_tag-gestion-de-emergencias-en-clinicas-veterinarias","15":"product_tag-intervencion-en-urgencias-animales","16":"product_tag-primeros-auxilios-veterinarios","17":"product_tag-tratamientos-de-emergencia-en-animales","19":"first","20":"instock","21":"sale","22":"shipping-taxable","23":"purchasable","24":"product-type-simple"},"yoast_head":"<!-- This site is optimized with the Yoast SEO plugin v27.4 - https:\/\/yoast.com\/product\/yoast-seo-wordpress\/ -->\n<title>Especialista en urgencias veterinarias<\/title>\n<meta name=\"description\" content=\"Obt\u00e9n las habilidades y conocimientos necesarios para ser un experto con nuestro curso Especialista en urgencias veterinarias.\" \/>\n<meta name=\"robots\" content=\"index, follow, max-snippet:-1, max-image-preview:large, max-video-preview:-1\" \/>\n<link rel=\"canonical\" href=\"https:\/\/centro-cee.com\/web\/producto\/especialista-en-urgencias-veterinarias\/\" \/>\n<meta property=\"og:locale\" content=\"es_ES\" \/>\n<meta property=\"og:type\" content=\"article\" \/>\n<meta property=\"og:title\" content=\"Especialista en urgencias veterinarias\" \/>\n<meta property=\"og:description\" content=\"Obt\u00e9n las habilidades y conocimientos necesarios para ser un experto con nuestro curso Especialista en urgencias veterinarias.\" \/>\n<meta property=\"og:url\" content=\"https:\/\/centro-cee.com\/web\/producto\/especialista-en-urgencias-veterinarias\/\" \/>\n<meta property=\"og:site_name\" content=\"CEE Centro Europeo E-learning - Cursos online\" \/>\n<meta property=\"article:modified_time\" content=\"2026-03-13T16:54:51+00:00\" \/>\n<meta property=\"og:image\" content=\"https:\/\/centro-cee.com\/web\/wp-content\/uploads\/2023\/09\/imagen_2023-09-12_112926524.png\" \/>\n\t<meta property=\"og:image:width\" content=\"800\" \/>\n\t<meta property=\"og:image:height\" content=\"708\" \/>\n\t<meta property=\"og:image:type\" content=\"image\/png\" \/>\n<meta name=\"twitter:card\" content=\"summary_large_image\" \/>\n<meta name=\"twitter:label1\" content=\"Tiempo de lectura\" \/>\n\t<meta name=\"twitter:data1\" content=\"3 minutos\" \/>\n<script type=\"application\/ld+json\" class=\"yoast-schema-graph\">{\"@context\":\"https:\\\/\\\/schema.org\",\"@graph\":[{\"@type\":\"WebPage\",\"@id\":\"https:\\\/\\\/centro-cee.com\\\/web\\\/producto\\\/especialista-en-urgencias-veterinarias\\\/\",\"url\":\"https:\\\/\\\/centro-cee.com\\\/web\\\/producto\\\/especialista-en-urgencias-veterinarias\\\/\",\"name\":\"Especialista en urgencias veterinarias\",\"isPartOf\":{\"@id\":\"https:\\\/\\\/centro-cee.com\\\/web\\\/#website\"},\"primaryImageOfPage\":{\"@id\":\"https:\\\/\\\/centro-cee.com\\\/web\\\/producto\\\/especialista-en-urgencias-veterinarias\\\/#primaryimage\"},\"image\":{\"@id\":\"https:\\\/\\\/centro-cee.com\\\/web\\\/producto\\\/especialista-en-urgencias-veterinarias\\\/#primaryimage\"},\"thumbnailUrl\":\"https:\\\/\\\/centro-cee.com\\\/web\\\/wp-content\\\/uploads\\\/2023\\\/09\\\/imagen_2023-09-12_112926524.png\",\"datePublished\":\"2023-09-12T09:27:56+00:00\",\"dateModified\":\"2026-03-13T16:54:51+00:00\",\"description\":\"Obt\u00e9n las habilidades y conocimientos necesarios para ser un experto con nuestro curso Especialista en urgencias veterinarias.\",\"breadcrumb\":{\"@id\":\"https:\\\/\\\/centro-cee.com\\\/web\\\/producto\\\/especialista-en-urgencias-veterinarias\\\/#breadcrumb\"},\"inLanguage\":\"es\",\"potentialAction\":[{\"@type\":\"ReadAction\",\"target\":[\"https:\\\/\\\/centro-cee.com\\\/web\\\/producto\\\/especialista-en-urgencias-veterinarias\\\/\"]}]},{\"@type\":\"ImageObject\",\"inLanguage\":\"es\",\"@id\":\"https:\\\/\\\/centro-cee.com\\\/web\\\/producto\\\/especialista-en-urgencias-veterinarias\\\/#primaryimage\",\"url\":\"https:\\\/\\\/centro-cee.com\\\/web\\\/wp-content\\\/uploads\\\/2023\\\/09\\\/imagen_2023-09-12_112926524.png\",\"contentUrl\":\"https:\\\/\\\/centro-cee.com\\\/web\\\/wp-content\\\/uploads\\\/2023\\\/09\\\/imagen_2023-09-12_112926524.png\",\"width\":800,\"height\":708,\"caption\":\"Especialista en urgencias veterinarias\"},{\"@type\":\"BreadcrumbList\",\"@id\":\"https:\\\/\\\/centro-cee.com\\\/web\\\/producto\\\/especialista-en-urgencias-veterinarias\\\/#breadcrumb\",\"itemListElement\":[{\"@type\":\"ListItem\",\"position\":1,\"name\":\"Portada\",\"item\":\"https:\\\/\\\/centro-cee.com\\\/web\\\/\"},{\"@type\":\"ListItem\",\"position\":2,\"name\":\"Especialista en urgencias veterinarias\"}]},{\"@type\":\"WebSite\",\"@id\":\"https:\\\/\\\/centro-cee.com\\\/web\\\/#website\",\"url\":\"https:\\\/\\\/centro-cee.com\\\/web\\\/\",\"name\":\"Centro Europeo E-learning\",\"description\":\"CEE Formaci\u00f3n Online\",\"publisher\":{\"@id\":\"https:\\\/\\\/centro-cee.com\\\/web\\\/#organization\"},\"alternateName\":\"Centro Online de Formaci\u00f3n\",\"potentialAction\":[{\"@type\":\"SearchAction\",\"target\":{\"@type\":\"EntryPoint\",\"urlTemplate\":\"https:\\\/\\\/centro-cee.com\\\/web\\\/?s={search_term_string}\"},\"query-input\":{\"@type\":\"PropertyValueSpecification\",\"valueRequired\":true,\"valueName\":\"search_term_string\"}}],\"inLanguage\":\"es\"},{\"@type\":\"Organization\",\"@id\":\"https:\\\/\\\/centro-cee.com\\\/web\\\/#organization\",\"name\":\"Centro Europeo E-learning CEE\",\"url\":\"https:\\\/\\\/centro-cee.com\\\/web\\\/\",\"logo\":{\"@type\":\"ImageObject\",\"inLanguage\":\"es\",\"@id\":\"https:\\\/\\\/centro-cee.com\\\/web\\\/#\\\/schema\\\/logo\\\/image\\\/\",\"url\":\"https:\\\/\\\/centro-cee.com\\\/web\\\/wp-content\\\/uploads\\\/2022\\\/12\\\/cropped-logo_educa.png\",\"contentUrl\":\"https:\\\/\\\/centro-cee.com\\\/web\\\/wp-content\\\/uploads\\\/2022\\\/12\\\/cropped-logo_educa.png\",\"width\":157,\"height\":63,\"caption\":\"Centro Europeo E-learning CEE\"},\"image\":{\"@id\":\"https:\\\/\\\/centro-cee.com\\\/web\\\/#\\\/schema\\\/logo\\\/image\\\/\"},\"sameAs\":[\"https:\\\/\\\/www.instagram.com\\\/centroeuropeo_cee\"]}]}<\/script>\n<!-- \/ Yoast SEO plugin. -->","yoast_head_json":{"title":"Especialista en urgencias veterinarias","description":"Obt\u00e9n las habilidades y conocimientos necesarios para ser un experto con nuestro curso Especialista en urgencias veterinarias.","robots":{"index":"index","follow":"follow","max-snippet":"max-snippet:-1","max-image-preview":"max-image-preview:large","max-video-preview":"max-video-preview:-1"},"canonical":"https:\/\/centro-cee.com\/web\/producto\/especialista-en-urgencias-veterinarias\/","og_locale":"es_ES","og_type":"article","og_title":"Especialista en urgencias veterinarias","og_description":"Obt\u00e9n las habilidades y conocimientos necesarios para ser un experto con nuestro curso Especialista en urgencias veterinarias.","og_url":"https:\/\/centro-cee.com\/web\/producto\/especialista-en-urgencias-veterinarias\/","og_site_name":"CEE Centro Europeo E-learning - Cursos online","article_modified_time":"2026-03-13T16:54:51+00:00","og_image":[{"width":800,"height":708,"url":"https:\/\/centro-cee.com\/web\/wp-content\/uploads\/2023\/09\/imagen_2023-09-12_112926524.png","type":"image\/png"}],"twitter_card":"summary_large_image","twitter_misc":{"Tiempo de lectura":"3 minutos"},"schema":{"@context":"https:\/\/schema.org","@graph":[{"@type":"WebPage","@id":"https:\/\/centro-cee.com\/web\/producto\/especialista-en-urgencias-veterinarias\/","url":"https:\/\/centro-cee.com\/web\/producto\/especialista-en-urgencias-veterinarias\/","name":"Especialista en urgencias veterinarias","isPartOf":{"@id":"https:\/\/centro-cee.com\/web\/#website"},"primaryImageOfPage":{"@id":"https:\/\/centro-cee.com\/web\/producto\/especialista-en-urgencias-veterinarias\/#primaryimage"},"image":{"@id":"https:\/\/centro-cee.com\/web\/producto\/especialista-en-urgencias-veterinarias\/#primaryimage"},"thumbnailUrl":"https:\/\/centro-cee.com\/web\/wp-content\/uploads\/2023\/09\/imagen_2023-09-12_112926524.png","datePublished":"2023-09-12T09:27:56+00:00","dateModified":"2026-03-13T16:54:51+00:00","description":"Obt\u00e9n las habilidades y conocimientos necesarios para ser un experto con nuestro curso Especialista en urgencias veterinarias.","breadcrumb":{"@id":"https:\/\/centro-cee.com\/web\/producto\/especialista-en-urgencias-veterinarias\/#breadcrumb"},"inLanguage":"es","potentialAction":[{"@type":"ReadAction","target":["https:\/\/centro-cee.com\/web\/producto\/especialista-en-urgencias-veterinarias\/"]}]},{"@type":"ImageObject","inLanguage":"es","@id":"https:\/\/centro-cee.com\/web\/producto\/especialista-en-urgencias-veterinarias\/#primaryimage","url":"https:\/\/centro-cee.com\/web\/wp-content\/uploads\/2023\/09\/imagen_2023-09-12_112926524.png","contentUrl":"https:\/\/centro-cee.com\/web\/wp-content\/uploads\/2023\/09\/imagen_2023-09-12_112926524.png","width":800,"height":708,"caption":"Especialista en urgencias veterinarias"},{"@type":"BreadcrumbList","@id":"https:\/\/centro-cee.com\/web\/producto\/especialista-en-urgencias-veterinarias\/#breadcrumb","itemListElement":[{"@type":"ListItem","position":1,"name":"Portada","item":"https:\/\/centro-cee.com\/web\/"},{"@type":"ListItem","position":2,"name":"Especialista en urgencias veterinarias"}]},{"@type":"WebSite","@id":"https:\/\/centro-cee.com\/web\/#website","url":"https:\/\/centro-cee.com\/web\/","name":"Centro Europeo E-learning","description":"CEE Formaci\u00f3n Online","publisher":{"@id":"https:\/\/centro-cee.com\/web\/#organization"},"alternateName":"Centro Online de Formaci\u00f3n","potentialAction":[{"@type":"SearchAction","target":{"@type":"EntryPoint","urlTemplate":"https:\/\/centro-cee.com\/web\/?s={search_term_string}"},"query-input":{"@type":"PropertyValueSpecification","valueRequired":true,"valueName":"search_term_string"}}],"inLanguage":"es"},{"@type":"Organization","@id":"https:\/\/centro-cee.com\/web\/#organization","name":"Centro Europeo E-learning CEE","url":"https:\/\/centro-cee.com\/web\/","logo":{"@type":"ImageObject","inLanguage":"es","@id":"https:\/\/centro-cee.com\/web\/#\/schema\/logo\/image\/","url":"https:\/\/centro-cee.com\/web\/wp-content\/uploads\/2022\/12\/cropped-logo_educa.png","contentUrl":"https:\/\/centro-cee.com\/web\/wp-content\/uploads\/2022\/12\/cropped-logo_educa.png","width":157,"height":63,"caption":"Centro Europeo E-learning CEE"},"image":{"@id":"https:\/\/centro-cee.com\/web\/#\/schema\/logo\/image\/"},"sameAs":["https:\/\/www.instagram.com\/centroeuropeo_cee"]}]}},"_links":{"self":[{"href":"https:\/\/centro-cee.com\/web\/wp-json\/wp\/v2\/product\/1408","targetHints":{"allow":["GET"]}}],"collection":[{"href":"https:\/\/centro-cee.com\/web\/wp-json\/wp\/v2\/product"}],"about":[{"href":"https:\/\/centro-cee.com\/web\/wp-json\/wp\/v2\/types\/product"}],"replies":[{"embeddable":true,"href":"https:\/\/centro-cee.com\/web\/wp-json\/wp\/v2\/comments?post=1408"}],"wp:featuredmedia":[{"embeddable":true,"href":"https:\/\/centro-cee.com\/web\/wp-json\/wp\/v2\/media\/1409"}],"wp:attachment":[{"href":"https:\/\/centro-cee.com\/web\/wp-json\/wp\/v2\/media?parent=1408"}],"wp:term":[{"taxonomy":"product_brand","embeddable":true,"href":"https:\/\/centro-cee.com\/web\/wp-json\/wp\/v2\/product_brand?post=1408"},{"taxonomy":"product_cat","embeddable":true,"href":"https:\/\/centro-cee.com\/web\/wp-json\/wp\/v2\/product_cat?post=1408"},{"taxonomy":"product_tag","embeddable":true,"href":"https:\/\/centro-cee.com\/web\/wp-json\/wp\/v2\/product_tag?post=1408"}],"curies":[{"name":"wp","href":"https:\/\/api.w.org\/{rel}","templated":true}]}}