{"id":1406,"date":"2023-09-12T09:21:01","date_gmt":"2023-09-12T09:21:01","guid":{"rendered":"https:\/\/centro-cee.com\/web\/?post_type=product&#038;p=1406"},"modified":"2026-03-13T16:55:04","modified_gmt":"2026-03-13T16:55:04","slug":"especialista-en-homeopatia-veterinaria","status":"publish","type":"product","link":"https:\/\/centro-cee.com\/web\/producto\/especialista-en-homeopatia-veterinaria\/","title":{"rendered":"Especialista en homeopat\u00eda veterinaria"},"content":{"rendered":"<p><a href=\"https:\/\/centro-cee.com\/web\/formaciones\/\">Atr\u00e1s<\/a><\/p>\n<p><em><strong>Especialista en homeopat\u00eda veterinaria<\/strong><\/em><\/p>\n<p>Toda esta formaci\u00f3n se realiza 100% online en nuestro campus online de formaci\u00f3n.<\/p>\n<p>Las tutorias se realizan directamente desde el campus de estudio con la opci\u00f3n de mensajer\u00eda a profesores. Las tutorias son \u00aba demanda\u00bb, cuando necesites soporte nos lo pides.<\/p>\n<p>Los t\u00edtulos de Centro CEE est\u00e1n autenticados por la firma de notario que valida contenidos y autenticidad a nivel internacional. Nuestra organizaci\u00f3n pertenece a la Asociaci\u00f3n Espa\u00f1ola de Calidad, organizaci\u00f3n Espa\u00f1ola de referencia para la calidad en la formaci\u00f3n. La certificaci\u00f3n se puede apostillar por la Haya para cualquier pa\u00eds firmante del convenio de la Haya.<\/p>\n<p>Se puede pagar a plazos.<\/p>\n<p>Carga horaria de la formaci\u00f3n: 250h<\/p>\n<h2>Temario<\/h2>\n<hr \/>\n<p>     INTRODUCCI\u00d3N A LA HOMEOPAT\u00cdA<br \/>\n La Homeopat\u00eda<br \/>\n La homeopat\u00eda veterinaria<br \/>\n Principios b\u00e1sicos de la homeopat\u00eda<br \/>\n &#8211; Ley de la similitud<br \/>\n &#8211; Ley de la infinitesimalidad<br \/>\n &#8211; Ley de la individualizaci\u00f3n<br \/>\n Origen de los medicamentos homeop\u00e1ticos<br \/>\n &#8211; Cepas vegetales<br \/>\n &#8211; Cepas de origen mineral<br \/>\n &#8211; Cepas de origen animal<br \/>\n &#8211; Cepas de origen microbiano<br \/>\n &#8211; Cepas de origen organoterapia<br \/>\n   FORMULACI\u00d3N HOMEOP\u00c1TICA<br \/>\n Excipientes<br \/>\n Utillaje<br \/>\n Obtenci\u00f3n de la tintura madre, tipos de diluciones (diluciones de Hahnemann, diluciones de Korsakov, Diluci\u00f3n cincuentamilesimal), impregnaci\u00f3n<br \/>\n &#8211; Obtenci\u00f3n de la tintura madre<br \/>\n &#8211; Tipos de diluciones<br \/>\n &#8211; Impregnaci\u00f3n<br \/>\n   FORMAS FARMAC\u00c9UTICAS ESPEC\u00cdFICAS EN HOMEOPAT\u00cdA<br \/>\n Formas farmac\u00e9uticas espec\u00edficas en homeopat\u00eda<br \/>\n Formas farmac\u00e9uticas l\u00edquidas<br \/>\n &#8211; Formas orales l\u00edquidas<br \/>\n &#8211; Formas l\u00edquidas est\u00e9riles<br \/>\n Formas farmac\u00e9uticas s\u00f3lidas<br \/>\n &#8211; Formas farmac\u00e9uticas orales s\u00f3lidas<br \/>\n &#8211; Formas farmac\u00e9uticas s\u00f3lidas para otras v\u00edas de administraci\u00f3n<br \/>\n Formas farmac\u00e9uticas semis\u00f3lidas para uso t\u00f3pico<br \/>\n   HISTORIA CL\u00cdNICA HOMEOP\u00c1TICA<br \/>\n Historia del paciente<br \/>\n &#8211; Comunicaci\u00f3n y contacto con el cliente<br \/>\n Importancia de la historia cl\u00ednica en homeopat\u00eda veterinaria<br \/>\n Ejemplo de historia cl\u00ednica<br \/>\n   LA ANAMNESIS<br \/>\n La anamnesis<br \/>\n Importancia de la comunicaci\u00f3n con el propietario<br \/>\n &#8211; Informaci\u00f3n importante en la anamnesis<br \/>\n Desarrollo del interrogatorio y preguntas sobre el caso<br \/>\n &#8211; Preguntas relevantes<br \/>\n Diferencias entre la anamnesis homeop\u00e1tica y alop\u00e1tica<br \/>\n   CONOCIMIENTO DE LA ANATOM\u00cdA GENERAL<br \/>\n Importancia del conocimiento de la anatom\u00eda general<br \/>\n Neuroanatom\u00eda<br \/>\n &#8211; Sistema nervioso de relaci\u00f3n<br \/>\n &#8211; Sistema nervioso vegetativo o aut\u00f3nomo<br \/>\n Anatom\u00eda y fisiolog\u00eda cardiaca<br \/>\n Anatom\u00eda del aparato digestivo<br \/>\n Anatom\u00eda del aparato respiratorio<br \/>\n Anatom\u00eda y fisiolog\u00eda del sistema urinario<br \/>\n &#8211; Ri\u00f1\u00f3n<br \/>\n &#8211; Ur\u00e9ter, vejiga y uretra<br \/>\n El aparato reproductor<br \/>\n &#8211; Anatom\u00eda del aparato reproductor<br \/>\n &#8211; Fisiolog\u00eda del aparato reproductor<br \/>\n Anatom\u00eda y fisiolog\u00eda cut\u00e1nea<br \/>\n Anatom\u00eda y fisiolog\u00eda ocular<br \/>\n Sistema auditivo<br \/>\n &#8211; O\u00eddo externo<br \/>\n &#8211; O\u00eddo medio<br \/>\n &#8211; O\u00eddo interno<br \/>\n   EXPLORACI\u00d3N F\u00cdSICA EN LA CONSULTA DE HOMEOPAT\u00cdA Y PRUEBAS COMPLEMENTARIAS<br \/>\n Introducci\u00f3n a la exploraci\u00f3n f\u00edsica<br \/>\n &#8211; Cabeza y cuello<br \/>\n &#8211; Pelo y piel<br \/>\n &#8211; Axilas y extremidades anteriores<br \/>\n &#8211; T\u00f3rax y abdomen<br \/>\n &#8211; Extremidades posteriores, pelvis y cola<br \/>\n &#8211; \u00c1rea perineal y urogenital externa<br \/>\n &#8211; Exploraci\u00f3n rectal<br \/>\n &#8211; Exploraci\u00f3n neurol\u00f3gica<br \/>\n Constantes vitales<br \/>\n &#8211; Temperatura<br \/>\n &#8211; Frecuencia card\u00edaca (pulso)<br \/>\n &#8211; Frecuencia respiratoria<br \/>\n Pruebas complementarias<br \/>\n   DIAGN\u00d3STICO HOMEOP\u00c1TICO<br \/>\n Repertorizaci\u00f3n de s\u00edntomas<br \/>\n &#8211; Repertorio cl\u00ednico como ayuda en el diagn\u00f3stico<br \/>\n Elaboraci\u00f3n general de diagn\u00f3sticos<br \/>\n Remedios homeop\u00e1ticos para tratar las enfermedades de los animales<br \/>\n An\u00e1lisis cl\u00ednicos de imagen o laboratorio para conseguir un buen diagn\u00f3stico<br \/>\n &#8211; Elaboraci\u00f3n de diagn\u00f3sticos espec\u00edficos<br \/>\n &#8211; Elaboraci\u00f3n de diagn\u00f3sticos por imagen<br \/>\n   TRATAMIENTO HOMEOP\u00c1TICO<br \/>\n Tratamiento homeop\u00e1tico<br \/>\n Unicismo, pluricismo y complejismo<br \/>\n Receta homeop\u00e1tica<br \/>\n &#8211; Potencias homeop\u00e1ticas<br \/>\n &#8211; Presentaciones homeop\u00e1ticas<br \/>\n Leyes de curaci\u00f3n de Hering<br \/>\n Primera y segunda prescripci\u00f3n<br \/>\n Tratamiento de enfermedades agudas y cr\u00f3nicas<br \/>\n Agravaciones homeop\u00e1ticas e hipersensibilidad<\/p>\n<p><em><strong>Especialista en homeopat\u00eda veterinaria<\/strong><\/em><\/p>\n<hr \/>\n","protected":false},"excerpt":{"rendered":"<p><a href=\"https:\/\/centro-cee.com\/web\/formaciones\/\">Atr\u00e1s<\/a><\/p>\n<p>Te formaras con una completa metodolog\u00eda, que te ayuda adquirir competencias de los aspectos relacionados con la figura del auxiliar veterinario especializado en patolog\u00edas, esta formaci\u00f3n dota a los estudiantes de los conocimientos espec\u00edficos en patolog\u00edas animales, como son las neurol\u00f3gicas, con problemas de l\u00edquidos cefalorraqu\u00eddeos, patolog\u00edas cardiovasculares, dermatol\u00f3gicas, etc. Como en el ser humano, las patolog\u00edas son circunstancias que aten\u00faan una afecci\u00f3n en la salud, volvi\u00e9ndose m\u00e1s peligrosa que la propia enfermedad. En los animales ocurre lo mismo, una enfermedad o circunstancia especial se puede ver agravada enormemente por una determinada patolog\u00eda que afecta al animal, de forma que el trato es de vital importancia para salvar al animal.<\/p>\n","protected":false},"featured_media":1407,"comment_status":"closed","ping_status":"closed","template":"","meta":[],"product_brand":[],"product_cat":[2051,34],"product_tag":[964,958,962,959,960,965,967,966,963,961],"class_list":{"0":"post-1406","1":"product","2":"type-product","3":"status-publish","4":"has-post-thumbnail","6":"product_cat-cursos-online-veterinaria","7":"product_cat-tecnicos","8":"product_tag-certificacion-en-homeopatia-veterinaria","9":"product_tag-curso-de-homeopatia-veterinaria","10":"product_tag-curso-online-de-homeopatia-veterinaria","11":"product_tag-especialista-en-homeopatia-para-animales","12":"product_tag-formacion-en-medicina-homeopatica-veterinaria","13":"product_tag-homeopatia-y-salud-animal","14":"product_tag-medicina-integrativa-veterinaria","15":"product_tag-remedios-homeopaticos-para-mascotas","16":"product_tag-terapias-alternativas-para-animales","17":"product_tag-tratamientos-naturales-para-animales","19":"first","20":"instock","21":"sale","22":"shipping-taxable","23":"purchasable","24":"product-type-simple"},"yoast_head":"<!-- This site is optimized with the Yoast SEO plugin v27.4 - https:\/\/yoast.com\/product\/yoast-seo-wordpress\/ -->\n<title>Especialista en homeopat\u00eda veterinaria<\/title>\n<meta name=\"description\" content=\"Obt\u00e9n las habilidades y conocimientos necesarios para ser un experto con nuestro curso Especialista en homeopat\u00eda veterinaria.\" \/>\n<meta name=\"robots\" content=\"index, follow, max-snippet:-1, max-image-preview:large, max-video-preview:-1\" \/>\n<link rel=\"canonical\" href=\"https:\/\/centro-cee.com\/web\/producto\/especialista-en-homeopatia-veterinaria\/\" \/>\n<meta property=\"og:locale\" content=\"es_ES\" \/>\n<meta property=\"og:type\" content=\"article\" \/>\n<meta property=\"og:title\" content=\"Especialista en homeopat\u00eda veterinaria\" \/>\n<meta property=\"og:description\" content=\"Obt\u00e9n las habilidades y conocimientos necesarios para ser un experto con nuestro curso Especialista en homeopat\u00eda veterinaria.\" \/>\n<meta property=\"og:url\" content=\"https:\/\/centro-cee.com\/web\/producto\/especialista-en-homeopatia-veterinaria\/\" \/>\n<meta property=\"og:site_name\" content=\"CEE Centro Europeo E-learning - Cursos online\" \/>\n<meta property=\"article:modified_time\" content=\"2026-03-13T16:55:04+00:00\" \/>\n<meta property=\"og:image\" content=\"https:\/\/centro-cee.com\/web\/wp-content\/uploads\/2023\/09\/imagen_2023-09-12_112709455.png\" \/>\n\t<meta property=\"og:image:width\" content=\"670\" \/>\n\t<meta property=\"og:image:height\" content=\"399\" \/>\n\t<meta property=\"og:image:type\" content=\"image\/png\" \/>\n<meta name=\"twitter:card\" content=\"summary_large_image\" \/>\n<meta name=\"twitter:label1\" content=\"Tiempo de lectura\" \/>\n\t<meta name=\"twitter:data1\" content=\"3 minutos\" \/>\n<script type=\"application\/ld+json\" class=\"yoast-schema-graph\">{\"@context\":\"https:\\\/\\\/schema.org\",\"@graph\":[{\"@type\":\"WebPage\",\"@id\":\"https:\\\/\\\/centro-cee.com\\\/web\\\/producto\\\/especialista-en-homeopatia-veterinaria\\\/\",\"url\":\"https:\\\/\\\/centro-cee.com\\\/web\\\/producto\\\/especialista-en-homeopatia-veterinaria\\\/\",\"name\":\"Especialista en homeopat\u00eda veterinaria\",\"isPartOf\":{\"@id\":\"https:\\\/\\\/centro-cee.com\\\/web\\\/#website\"},\"primaryImageOfPage\":{\"@id\":\"https:\\\/\\\/centro-cee.com\\\/web\\\/producto\\\/especialista-en-homeopatia-veterinaria\\\/#primaryimage\"},\"image\":{\"@id\":\"https:\\\/\\\/centro-cee.com\\\/web\\\/producto\\\/especialista-en-homeopatia-veterinaria\\\/#primaryimage\"},\"thumbnailUrl\":\"https:\\\/\\\/centro-cee.com\\\/web\\\/wp-content\\\/uploads\\\/2023\\\/09\\\/imagen_2023-09-12_112709455.png\",\"datePublished\":\"2023-09-12T09:21:01+00:00\",\"dateModified\":\"2026-03-13T16:55:04+00:00\",\"description\":\"Obt\u00e9n las habilidades y conocimientos necesarios para ser un experto con nuestro curso Especialista en homeopat\u00eda veterinaria.\",\"breadcrumb\":{\"@id\":\"https:\\\/\\\/centro-cee.com\\\/web\\\/producto\\\/especialista-en-homeopatia-veterinaria\\\/#breadcrumb\"},\"inLanguage\":\"es\",\"potentialAction\":[{\"@type\":\"ReadAction\",\"target\":[\"https:\\\/\\\/centro-cee.com\\\/web\\\/producto\\\/especialista-en-homeopatia-veterinaria\\\/\"]}]},{\"@type\":\"ImageObject\",\"inLanguage\":\"es\",\"@id\":\"https:\\\/\\\/centro-cee.com\\\/web\\\/producto\\\/especialista-en-homeopatia-veterinaria\\\/#primaryimage\",\"url\":\"https:\\\/\\\/centro-cee.com\\\/web\\\/wp-content\\\/uploads\\\/2023\\\/09\\\/imagen_2023-09-12_112709455.png\",\"contentUrl\":\"https:\\\/\\\/centro-cee.com\\\/web\\\/wp-content\\\/uploads\\\/2023\\\/09\\\/imagen_2023-09-12_112709455.png\",\"width\":670,\"height\":399,\"caption\":\"Especialista en homeopat\u00eda veterinaria\"},{\"@type\":\"BreadcrumbList\",\"@id\":\"https:\\\/\\\/centro-cee.com\\\/web\\\/producto\\\/especialista-en-homeopatia-veterinaria\\\/#breadcrumb\",\"itemListElement\":[{\"@type\":\"ListItem\",\"position\":1,\"name\":\"Portada\",\"item\":\"https:\\\/\\\/centro-cee.com\\\/web\\\/\"},{\"@type\":\"ListItem\",\"position\":2,\"name\":\"Especialista en homeopat\u00eda veterinaria\"}]},{\"@type\":\"WebSite\",\"@id\":\"https:\\\/\\\/centro-cee.com\\\/web\\\/#website\",\"url\":\"https:\\\/\\\/centro-cee.com\\\/web\\\/\",\"name\":\"Centro Europeo E-learning\",\"description\":\"CEE Formaci\u00f3n Online\",\"publisher\":{\"@id\":\"https:\\\/\\\/centro-cee.com\\\/web\\\/#organization\"},\"alternateName\":\"Centro Online de Formaci\u00f3n\",\"potentialAction\":[{\"@type\":\"SearchAction\",\"target\":{\"@type\":\"EntryPoint\",\"urlTemplate\":\"https:\\\/\\\/centro-cee.com\\\/web\\\/?s={search_term_string}\"},\"query-input\":{\"@type\":\"PropertyValueSpecification\",\"valueRequired\":true,\"valueName\":\"search_term_string\"}}],\"inLanguage\":\"es\"},{\"@type\":\"Organization\",\"@id\":\"https:\\\/\\\/centro-cee.com\\\/web\\\/#organization\",\"name\":\"Centro Europeo E-learning CEE\",\"url\":\"https:\\\/\\\/centro-cee.com\\\/web\\\/\",\"logo\":{\"@type\":\"ImageObject\",\"inLanguage\":\"es\",\"@id\":\"https:\\\/\\\/centro-cee.com\\\/web\\\/#\\\/schema\\\/logo\\\/image\\\/\",\"url\":\"https:\\\/\\\/centro-cee.com\\\/web\\\/wp-content\\\/uploads\\\/2022\\\/12\\\/cropped-logo_educa.png\",\"contentUrl\":\"https:\\\/\\\/centro-cee.com\\\/web\\\/wp-content\\\/uploads\\\/2022\\\/12\\\/cropped-logo_educa.png\",\"width\":157,\"height\":63,\"caption\":\"Centro Europeo E-learning CEE\"},\"image\":{\"@id\":\"https:\\\/\\\/centro-cee.com\\\/web\\\/#\\\/schema\\\/logo\\\/image\\\/\"},\"sameAs\":[\"https:\\\/\\\/www.instagram.com\\\/centroeuropeo_cee\"]}]}<\/script>\n<!-- \/ Yoast SEO plugin. -->","yoast_head_json":{"title":"Especialista en homeopat\u00eda veterinaria","description":"Obt\u00e9n las habilidades y conocimientos necesarios para ser un experto con nuestro curso Especialista en homeopat\u00eda veterinaria.","robots":{"index":"index","follow":"follow","max-snippet":"max-snippet:-1","max-image-preview":"max-image-preview:large","max-video-preview":"max-video-preview:-1"},"canonical":"https:\/\/centro-cee.com\/web\/producto\/especialista-en-homeopatia-veterinaria\/","og_locale":"es_ES","og_type":"article","og_title":"Especialista en homeopat\u00eda veterinaria","og_description":"Obt\u00e9n las habilidades y conocimientos necesarios para ser un experto con nuestro curso Especialista en homeopat\u00eda veterinaria.","og_url":"https:\/\/centro-cee.com\/web\/producto\/especialista-en-homeopatia-veterinaria\/","og_site_name":"CEE Centro Europeo E-learning - Cursos online","article_modified_time":"2026-03-13T16:55:04+00:00","og_image":[{"width":670,"height":399,"url":"https:\/\/centro-cee.com\/web\/wp-content\/uploads\/2023\/09\/imagen_2023-09-12_112709455.png","type":"image\/png"}],"twitter_card":"summary_large_image","twitter_misc":{"Tiempo de lectura":"3 minutos"},"schema":{"@context":"https:\/\/schema.org","@graph":[{"@type":"WebPage","@id":"https:\/\/centro-cee.com\/web\/producto\/especialista-en-homeopatia-veterinaria\/","url":"https:\/\/centro-cee.com\/web\/producto\/especialista-en-homeopatia-veterinaria\/","name":"Especialista en homeopat\u00eda veterinaria","isPartOf":{"@id":"https:\/\/centro-cee.com\/web\/#website"},"primaryImageOfPage":{"@id":"https:\/\/centro-cee.com\/web\/producto\/especialista-en-homeopatia-veterinaria\/#primaryimage"},"image":{"@id":"https:\/\/centro-cee.com\/web\/producto\/especialista-en-homeopatia-veterinaria\/#primaryimage"},"thumbnailUrl":"https:\/\/centro-cee.com\/web\/wp-content\/uploads\/2023\/09\/imagen_2023-09-12_112709455.png","datePublished":"2023-09-12T09:21:01+00:00","dateModified":"2026-03-13T16:55:04+00:00","description":"Obt\u00e9n las habilidades y conocimientos necesarios para ser un experto con nuestro curso Especialista en homeopat\u00eda veterinaria.","breadcrumb":{"@id":"https:\/\/centro-cee.com\/web\/producto\/especialista-en-homeopatia-veterinaria\/#breadcrumb"},"inLanguage":"es","potentialAction":[{"@type":"ReadAction","target":["https:\/\/centro-cee.com\/web\/producto\/especialista-en-homeopatia-veterinaria\/"]}]},{"@type":"ImageObject","inLanguage":"es","@id":"https:\/\/centro-cee.com\/web\/producto\/especialista-en-homeopatia-veterinaria\/#primaryimage","url":"https:\/\/centro-cee.com\/web\/wp-content\/uploads\/2023\/09\/imagen_2023-09-12_112709455.png","contentUrl":"https:\/\/centro-cee.com\/web\/wp-content\/uploads\/2023\/09\/imagen_2023-09-12_112709455.png","width":670,"height":399,"caption":"Especialista en homeopat\u00eda veterinaria"},{"@type":"BreadcrumbList","@id":"https:\/\/centro-cee.com\/web\/producto\/especialista-en-homeopatia-veterinaria\/#breadcrumb","itemListElement":[{"@type":"ListItem","position":1,"name":"Portada","item":"https:\/\/centro-cee.com\/web\/"},{"@type":"ListItem","position":2,"name":"Especialista en homeopat\u00eda veterinaria"}]},{"@type":"WebSite","@id":"https:\/\/centro-cee.com\/web\/#website","url":"https:\/\/centro-cee.com\/web\/","name":"Centro Europeo E-learning","description":"CEE Formaci\u00f3n Online","publisher":{"@id":"https:\/\/centro-cee.com\/web\/#organization"},"alternateName":"Centro Online de Formaci\u00f3n","potentialAction":[{"@type":"SearchAction","target":{"@type":"EntryPoint","urlTemplate":"https:\/\/centro-cee.com\/web\/?s={search_term_string}"},"query-input":{"@type":"PropertyValueSpecification","valueRequired":true,"valueName":"search_term_string"}}],"inLanguage":"es"},{"@type":"Organization","@id":"https:\/\/centro-cee.com\/web\/#organization","name":"Centro Europeo E-learning CEE","url":"https:\/\/centro-cee.com\/web\/","logo":{"@type":"ImageObject","inLanguage":"es","@id":"https:\/\/centro-cee.com\/web\/#\/schema\/logo\/image\/","url":"https:\/\/centro-cee.com\/web\/wp-content\/uploads\/2022\/12\/cropped-logo_educa.png","contentUrl":"https:\/\/centro-cee.com\/web\/wp-content\/uploads\/2022\/12\/cropped-logo_educa.png","width":157,"height":63,"caption":"Centro Europeo E-learning CEE"},"image":{"@id":"https:\/\/centro-cee.com\/web\/#\/schema\/logo\/image\/"},"sameAs":["https:\/\/www.instagram.com\/centroeuropeo_cee"]}]}},"_links":{"self":[{"href":"https:\/\/centro-cee.com\/web\/wp-json\/wp\/v2\/product\/1406","targetHints":{"allow":["GET"]}}],"collection":[{"href":"https:\/\/centro-cee.com\/web\/wp-json\/wp\/v2\/product"}],"about":[{"href":"https:\/\/centro-cee.com\/web\/wp-json\/wp\/v2\/types\/product"}],"replies":[{"embeddable":true,"href":"https:\/\/centro-cee.com\/web\/wp-json\/wp\/v2\/comments?post=1406"}],"wp:featuredmedia":[{"embeddable":true,"href":"https:\/\/centro-cee.com\/web\/wp-json\/wp\/v2\/media\/1407"}],"wp:attachment":[{"href":"https:\/\/centro-cee.com\/web\/wp-json\/wp\/v2\/media?parent=1406"}],"wp:term":[{"taxonomy":"product_brand","embeddable":true,"href":"https:\/\/centro-cee.com\/web\/wp-json\/wp\/v2\/product_brand?post=1406"},{"taxonomy":"product_cat","embeddable":true,"href":"https:\/\/centro-cee.com\/web\/wp-json\/wp\/v2\/product_cat?post=1406"},{"taxonomy":"product_tag","embeddable":true,"href":"https:\/\/centro-cee.com\/web\/wp-json\/wp\/v2\/product_tag?post=1406"}],"curies":[{"name":"wp","href":"https:\/\/api.w.org\/{rel}","templated":true}]}}