{"id":1404,"date":"2023-09-12T08:29:00","date_gmt":"2023-09-12T08:29:00","guid":{"rendered":"https:\/\/centro-cee.com\/web\/?post_type=product&#038;p=1404"},"modified":"2026-03-13T16:55:15","modified_gmt":"2026-03-13T16:55:15","slug":"especialista-en-patologias-animales-veterinarias","status":"publish","type":"product","link":"https:\/\/centro-cee.com\/web\/producto\/especialista-en-patologias-animales-veterinarias\/","title":{"rendered":"Especialista en patolog\u00edas animales veterinarias"},"content":{"rendered":"<p><a href=\"https:\/\/centro-cee.com\/web\/formaciones\/\">Atr\u00e1s<\/a><\/p>\n<p><em><strong>Especialista en patolog\u00edas animales veterinarias<\/strong><\/em><\/p>\n<p>Toda esta formaci\u00f3n se realiza 100% online en nuestro campus online de formaci\u00f3n.<\/p>\n<p>Las tutorias se realizan directamente desde el campus de estudio con la opci\u00f3n de mensajer\u00eda a profesores. Las tutorias son \u00aba demanda\u00bb, cuando necesites soporte nos lo pides.<\/p>\n<p>Los t\u00edtulos de Centro CEE est\u00e1n autenticados por la firma de notario que valida contenidos y autenticidad a nivel internacional. Nuestra organizaci\u00f3n pertenece a la Asociaci\u00f3n Espa\u00f1ola de Calidad, organizaci\u00f3n Espa\u00f1ola de referencia para la calidad en la formaci\u00f3n. La certificaci\u00f3n se puede apostillar por la Haya para cualquier pa\u00eds firmante del convenio de la Haya.<\/p>\n<p>Se puede pagar a plazos.<\/p>\n<p>Carga horaria de la formaci\u00f3n: 280h<\/p>\n<h2>Temario<\/h2>\n<hr \/>\n<p>PATOLOG\u00cdAS NEUROL\u00d3GICAS<br \/>\n1. Introducci\u00f3n<br \/>\n2. An\u00e1lisis del l\u00edquido cefalorraqu\u00eddeo<br \/>\n3. &#8211; L\u00edquido cefalorraqu\u00eddeo: definici\u00f3n<br \/>\n4. &#8211; Procedimiento para la obtenci\u00f3n de LCR<br \/>\n5. Mielograf\u00eda<br \/>\n6. &#8211; Definici\u00f3n<br \/>\n&#8230;<\/p>\n<p>PATOLOG\u00cdAS DEL SISTEMA CARDIOVASCULAR<br \/>\n1. Introducci\u00f3n<br \/>\n2. &#8211; Breve repaso sobre la anatom\u00eda del coraz\u00f3n<br \/>\n3. Exploraci\u00f3n y examen f\u00edsico<br \/>\n4. &#8211; Introducci\u00f3n<br \/>\n5. &#8211; Rese\u00f1a<br \/>\n&#8230;<\/p>\n<p>PATOLOG\u00cdAS DEL APARATO RESPIRATORIO<br \/>\n1. Introducci\u00f3n<br \/>\n2. Datos cl\u00ednicos<br \/>\n3. &#8211; Fisiolog\u00eda del paciente<br \/>\n&#8230;<\/p>\n<p>UNIDAD DID\u00c1CTICA 4. PATOLOG\u00cdAS DEL APARATO DIGESTIVO<br \/>\n1. Introducci\u00f3n<br \/>\n2. Patolog\u00edas digestivas<br \/>\n3. Procedimientos<\/p>\n<p>PATOLOG\u00cdAS DEL SISTEMA URINARIO<br \/>\n1. Introducci\u00f3n<br \/>\n2. Patolog\u00edas renales y urinarias<br \/>\n3. &#8211; Insuficiencia renal<br \/>\n4. &#8211; Pielonefritis<br \/>\n5. &#8211; Infecciones del tracto urinario inferior<br \/>\n&#8230;.<\/p>\n<p>PATOLOG\u00cdAS DEL APARATO REPRODUCTOR<br \/>\n1. Introducci\u00f3n<br \/>\n2. T\u00e9cnicas de reproducci\u00f3n<br \/>\n3. &#8211; Citolog\u00eda vaginal<br \/>\n4. &#8211; Determinaci\u00f3n de progesterona s\u00e9rica<br \/>\n&#8230;.<\/p>\n<p>ONCOLOG\u00cdA<br \/>\n1. Introducci\u00f3n<br \/>\n2. Biolog\u00eda del c\u00e1ncer<br \/>\n&#8230;<\/p>\n<p>PATOLOG\u00cdAS DERMATOL\u00d3GICAS<br \/>\n1. Introducci\u00f3n<br \/>\n2. Historia del paciente<br \/>\n3. &#8211; Patolog\u00edas dermatol\u00f3gicas asociadas a la predisposici\u00f3n racial<br \/>\n4. &#8211; Patolog\u00edas dermatol\u00f3gicas predispuestas por la edad<br \/>\n5. &#8211; Patolog\u00edas dermatol\u00f3gicas asociadas al sexo<br \/>\n6. &#8211; Procesos sist\u00e9micos con patolog\u00eda cut\u00e1nea<br \/>\n7. &#8211; Historia dermatol\u00f3gica<br \/>\n8. Examen dermatol\u00f3gico<br \/>\n9. Clasificaci\u00f3n de las lesiones<br \/>\n&#8230;<\/p>\n<p>OFTALMOLOG\u00cdA<br \/>\n1. La exploraci\u00f3n oftalmol\u00f3gica<br \/>\n2. &#8211; Fases y etapas de la exploraci\u00f3n oftalmol\u00f3gica<br \/>\n3. Farmacolog\u00eda oftalmol\u00f3gica<br \/>\n4. &#8211; Administraci\u00f3n de f\u00e1rmacos<br \/>\n5. &#8211; Tipos de f\u00e1rmacos<br \/>\n6&#8230;.<\/p>\n<p>OTOLOG\u00cdA Y ETOLOG\u00cdA<br \/>\n1. Introducci\u00f3n<br \/>\n2. Otolog\u00eda<br \/>\n3. &#8211; Otitis<br \/>\n4&#8230;.<\/p>\n<p>TRAUMATOLOG\u00cdA Y ORTOPEDIA<br \/>\n1. Principios generales<br \/>\n2. &#8211; Examen cl\u00ednico<br \/>\n3. &#8211; Pruebas complementarias<br \/>\n4. Las fracturas<br \/>\n5. &#8211; Tipos de consolidaci\u00f3n<br \/>\n6. &#8211; Sistemas de fijaci\u00f3n en fracturas<\/p>\n<p><em><strong>Especialista en patolog\u00edas animales veterinarias<\/strong><\/em><\/p>\n<hr \/>\n","protected":false},"excerpt":{"rendered":"<p><a href=\"https:\/\/centro-cee.com\/web\/formaciones\/\">Atr\u00e1s<\/a><\/p>\n<p>Te formaras con una completa metodolog\u00eda, que te ayuda adquirir competencias de los aspectos relacionados con la figura del auxiliar veterinario especializado en patolog\u00edas, esta formaci\u00f3n dota a los estudiantes de los conocimientos espec\u00edficos en patolog\u00edas animales, como son las neurol\u00f3gicas, con problemas de l\u00edquidos cefalorraqu\u00eddeos, patolog\u00edas cardiovasculares, dermatol\u00f3gicas, etc. Como en el ser humano, las patolog\u00edas son circunstancias que aten\u00faan una afecci\u00f3n en la salud, volvi\u00e9ndose m\u00e1s peligrosa que la propia enfermedad. En los animales ocurre lo mismo, una enfermedad o circunstancia especial se puede ver agravada enormemente por una determinada patolog\u00eda que afecta al animal, de forma que el trato es de vital importancia para salvar al animal.<\/p>\n","protected":false},"featured_media":1405,"comment_status":"closed","ping_status":"closed","template":"","meta":[],"product_brand":[],"product_cat":[2051,34],"product_tag":[974,968,972,969,970,976,977,971,975,973],"class_list":{"0":"post-1404","1":"product","2":"type-product","3":"status-publish","4":"has-post-thumbnail","6":"product_cat-cursos-online-veterinaria","7":"product_cat-tecnicos","8":"product_tag-certificacion-en-patologias-veterinarias","9":"product_tag-curso-de-patologias-animales-veterinarias","10":"product_tag-curso-online-de-patologias-veterinarias","11":"product_tag-especialista-en-enfermedades-veterinarias","12":"product_tag-formacion-en-diagnostico-veterinario","13":"product_tag-intervencion-en-enfermedades-de-animales","14":"product_tag-medicina-veterinaria-especializada","15":"product_tag-patologias-comunes-en-animales","16":"product_tag-salud-animal-y-enfermedades","17":"product_tag-tratamiento-de-enfermedades-animales","19":"first","20":"instock","21":"sale","22":"shipping-taxable","23":"purchasable","24":"product-type-simple"},"yoast_head":"<!-- This site is optimized with the Yoast SEO plugin v27.5 - https:\/\/yoast.com\/product\/yoast-seo-wordpress\/ -->\n<title>Especialista en patolog\u00edas animales veterinarias<\/title>\n<meta name=\"description\" content=\"Obt\u00e9n las habilidades y conocimientos necesarios para ser un experto con nuestro curso Especialista en patolog\u00edas animales veterinarias.\" \/>\n<meta name=\"robots\" content=\"index, follow, max-snippet:-1, max-image-preview:large, max-video-preview:-1\" \/>\n<link rel=\"canonical\" href=\"https:\/\/centro-cee.com\/web\/producto\/especialista-en-patologias-animales-veterinarias\/\" \/>\n<meta property=\"og:locale\" content=\"es_ES\" \/>\n<meta property=\"og:type\" content=\"article\" \/>\n<meta property=\"og:title\" content=\"Especialista en patolog\u00edas animales veterinarias\" \/>\n<meta property=\"og:description\" content=\"Obt\u00e9n las habilidades y conocimientos necesarios para ser un experto con nuestro curso Especialista en patolog\u00edas animales veterinarias.\" \/>\n<meta property=\"og:url\" content=\"https:\/\/centro-cee.com\/web\/producto\/especialista-en-patologias-animales-veterinarias\/\" \/>\n<meta property=\"og:site_name\" content=\"CEE Centro Europeo E-learning - Cursos online\" \/>\n<meta property=\"article:modified_time\" content=\"2026-03-13T16:55:15+00:00\" \/>\n<meta property=\"og:image\" content=\"https:\/\/centro-cee.com\/web\/wp-content\/uploads\/2023\/09\/imagen_2023-09-12_112035828.png\" \/>\n\t<meta property=\"og:image:width\" content=\"512\" \/>\n\t<meta property=\"og:image:height\" content=\"288\" \/>\n\t<meta property=\"og:image:type\" content=\"image\/png\" \/>\n<meta name=\"twitter:card\" content=\"summary_large_image\" \/>\n<meta name=\"twitter:label1\" content=\"Tiempo de lectura\" \/>\n\t<meta name=\"twitter:data1\" content=\"2 minutos\" \/>\n<script type=\"application\/ld+json\" class=\"yoast-schema-graph\">{\"@context\":\"https:\\\/\\\/schema.org\",\"@graph\":[{\"@type\":\"WebPage\",\"@id\":\"https:\\\/\\\/centro-cee.com\\\/web\\\/producto\\\/especialista-en-patologias-animales-veterinarias\\\/\",\"url\":\"https:\\\/\\\/centro-cee.com\\\/web\\\/producto\\\/especialista-en-patologias-animales-veterinarias\\\/\",\"name\":\"Especialista en patolog\u00edas animales veterinarias\",\"isPartOf\":{\"@id\":\"https:\\\/\\\/centro-cee.com\\\/web\\\/#website\"},\"primaryImageOfPage\":{\"@id\":\"https:\\\/\\\/centro-cee.com\\\/web\\\/producto\\\/especialista-en-patologias-animales-veterinarias\\\/#primaryimage\"},\"image\":{\"@id\":\"https:\\\/\\\/centro-cee.com\\\/web\\\/producto\\\/especialista-en-patologias-animales-veterinarias\\\/#primaryimage\"},\"thumbnailUrl\":\"https:\\\/\\\/centro-cee.com\\\/web\\\/wp-content\\\/uploads\\\/2023\\\/09\\\/imagen_2023-09-12_112035828.png\",\"datePublished\":\"2023-09-12T08:29:00+00:00\",\"dateModified\":\"2026-03-13T16:55:15+00:00\",\"description\":\"Obt\u00e9n las habilidades y conocimientos necesarios para ser un experto con nuestro curso Especialista en patolog\u00edas animales veterinarias.\",\"breadcrumb\":{\"@id\":\"https:\\\/\\\/centro-cee.com\\\/web\\\/producto\\\/especialista-en-patologias-animales-veterinarias\\\/#breadcrumb\"},\"inLanguage\":\"es\",\"potentialAction\":[{\"@type\":\"ReadAction\",\"target\":[\"https:\\\/\\\/centro-cee.com\\\/web\\\/producto\\\/especialista-en-patologias-animales-veterinarias\\\/\"]}]},{\"@type\":\"ImageObject\",\"inLanguage\":\"es\",\"@id\":\"https:\\\/\\\/centro-cee.com\\\/web\\\/producto\\\/especialista-en-patologias-animales-veterinarias\\\/#primaryimage\",\"url\":\"https:\\\/\\\/centro-cee.com\\\/web\\\/wp-content\\\/uploads\\\/2023\\\/09\\\/imagen_2023-09-12_112035828.png\",\"contentUrl\":\"https:\\\/\\\/centro-cee.com\\\/web\\\/wp-content\\\/uploads\\\/2023\\\/09\\\/imagen_2023-09-12_112035828.png\",\"width\":512,\"height\":288,\"caption\":\"Especialista en patolog\u00edas animales veterinarias\"},{\"@type\":\"BreadcrumbList\",\"@id\":\"https:\\\/\\\/centro-cee.com\\\/web\\\/producto\\\/especialista-en-patologias-animales-veterinarias\\\/#breadcrumb\",\"itemListElement\":[{\"@type\":\"ListItem\",\"position\":1,\"name\":\"Portada\",\"item\":\"https:\\\/\\\/centro-cee.com\\\/web\\\/\"},{\"@type\":\"ListItem\",\"position\":2,\"name\":\"Especialista en patolog\u00edas animales veterinarias\"}]},{\"@type\":\"WebSite\",\"@id\":\"https:\\\/\\\/centro-cee.com\\\/web\\\/#website\",\"url\":\"https:\\\/\\\/centro-cee.com\\\/web\\\/\",\"name\":\"Centro Europeo E-learning\",\"description\":\"CEE Formaci\u00f3n Online\",\"publisher\":{\"@id\":\"https:\\\/\\\/centro-cee.com\\\/web\\\/#organization\"},\"alternateName\":\"Centro Online de Formaci\u00f3n\",\"potentialAction\":[{\"@type\":\"SearchAction\",\"target\":{\"@type\":\"EntryPoint\",\"urlTemplate\":\"https:\\\/\\\/centro-cee.com\\\/web\\\/?s={search_term_string}\"},\"query-input\":{\"@type\":\"PropertyValueSpecification\",\"valueRequired\":true,\"valueName\":\"search_term_string\"}}],\"inLanguage\":\"es\"},{\"@type\":\"Organization\",\"@id\":\"https:\\\/\\\/centro-cee.com\\\/web\\\/#organization\",\"name\":\"Centro Europeo E-learning CEE\",\"url\":\"https:\\\/\\\/centro-cee.com\\\/web\\\/\",\"logo\":{\"@type\":\"ImageObject\",\"inLanguage\":\"es\",\"@id\":\"https:\\\/\\\/centro-cee.com\\\/web\\\/#\\\/schema\\\/logo\\\/image\\\/\",\"url\":\"https:\\\/\\\/centro-cee.com\\\/web\\\/wp-content\\\/uploads\\\/2022\\\/12\\\/cropped-logo_educa.png\",\"contentUrl\":\"https:\\\/\\\/centro-cee.com\\\/web\\\/wp-content\\\/uploads\\\/2022\\\/12\\\/cropped-logo_educa.png\",\"width\":157,\"height\":63,\"caption\":\"Centro Europeo E-learning CEE\"},\"image\":{\"@id\":\"https:\\\/\\\/centro-cee.com\\\/web\\\/#\\\/schema\\\/logo\\\/image\\\/\"},\"sameAs\":[\"https:\\\/\\\/www.instagram.com\\\/centroeuropeo_cee\"]}]}<\/script>\n<!-- \/ Yoast SEO plugin. -->","yoast_head_json":{"title":"Especialista en patolog\u00edas animales veterinarias","description":"Obt\u00e9n las habilidades y conocimientos necesarios para ser un experto con nuestro curso Especialista en patolog\u00edas animales veterinarias.","robots":{"index":"index","follow":"follow","max-snippet":"max-snippet:-1","max-image-preview":"max-image-preview:large","max-video-preview":"max-video-preview:-1"},"canonical":"https:\/\/centro-cee.com\/web\/producto\/especialista-en-patologias-animales-veterinarias\/","og_locale":"es_ES","og_type":"article","og_title":"Especialista en patolog\u00edas animales veterinarias","og_description":"Obt\u00e9n las habilidades y conocimientos necesarios para ser un experto con nuestro curso Especialista en patolog\u00edas animales veterinarias.","og_url":"https:\/\/centro-cee.com\/web\/producto\/especialista-en-patologias-animales-veterinarias\/","og_site_name":"CEE Centro Europeo E-learning - Cursos online","article_modified_time":"2026-03-13T16:55:15+00:00","og_image":[{"width":512,"height":288,"url":"https:\/\/centro-cee.com\/web\/wp-content\/uploads\/2023\/09\/imagen_2023-09-12_112035828.png","type":"image\/png"}],"twitter_card":"summary_large_image","twitter_misc":{"Tiempo de lectura":"2 minutos"},"schema":{"@context":"https:\/\/schema.org","@graph":[{"@type":"WebPage","@id":"https:\/\/centro-cee.com\/web\/producto\/especialista-en-patologias-animales-veterinarias\/","url":"https:\/\/centro-cee.com\/web\/producto\/especialista-en-patologias-animales-veterinarias\/","name":"Especialista en patolog\u00edas animales veterinarias","isPartOf":{"@id":"https:\/\/centro-cee.com\/web\/#website"},"primaryImageOfPage":{"@id":"https:\/\/centro-cee.com\/web\/producto\/especialista-en-patologias-animales-veterinarias\/#primaryimage"},"image":{"@id":"https:\/\/centro-cee.com\/web\/producto\/especialista-en-patologias-animales-veterinarias\/#primaryimage"},"thumbnailUrl":"https:\/\/centro-cee.com\/web\/wp-content\/uploads\/2023\/09\/imagen_2023-09-12_112035828.png","datePublished":"2023-09-12T08:29:00+00:00","dateModified":"2026-03-13T16:55:15+00:00","description":"Obt\u00e9n las habilidades y conocimientos necesarios para ser un experto con nuestro curso Especialista en patolog\u00edas animales veterinarias.","breadcrumb":{"@id":"https:\/\/centro-cee.com\/web\/producto\/especialista-en-patologias-animales-veterinarias\/#breadcrumb"},"inLanguage":"es","potentialAction":[{"@type":"ReadAction","target":["https:\/\/centro-cee.com\/web\/producto\/especialista-en-patologias-animales-veterinarias\/"]}]},{"@type":"ImageObject","inLanguage":"es","@id":"https:\/\/centro-cee.com\/web\/producto\/especialista-en-patologias-animales-veterinarias\/#primaryimage","url":"https:\/\/centro-cee.com\/web\/wp-content\/uploads\/2023\/09\/imagen_2023-09-12_112035828.png","contentUrl":"https:\/\/centro-cee.com\/web\/wp-content\/uploads\/2023\/09\/imagen_2023-09-12_112035828.png","width":512,"height":288,"caption":"Especialista en patolog\u00edas animales veterinarias"},{"@type":"BreadcrumbList","@id":"https:\/\/centro-cee.com\/web\/producto\/especialista-en-patologias-animales-veterinarias\/#breadcrumb","itemListElement":[{"@type":"ListItem","position":1,"name":"Portada","item":"https:\/\/centro-cee.com\/web\/"},{"@type":"ListItem","position":2,"name":"Especialista en patolog\u00edas animales veterinarias"}]},{"@type":"WebSite","@id":"https:\/\/centro-cee.com\/web\/#website","url":"https:\/\/centro-cee.com\/web\/","name":"Centro Europeo E-learning","description":"CEE Formaci\u00f3n Online","publisher":{"@id":"https:\/\/centro-cee.com\/web\/#organization"},"alternateName":"Centro Online de Formaci\u00f3n","potentialAction":[{"@type":"SearchAction","target":{"@type":"EntryPoint","urlTemplate":"https:\/\/centro-cee.com\/web\/?s={search_term_string}"},"query-input":{"@type":"PropertyValueSpecification","valueRequired":true,"valueName":"search_term_string"}}],"inLanguage":"es"},{"@type":"Organization","@id":"https:\/\/centro-cee.com\/web\/#organization","name":"Centro Europeo E-learning CEE","url":"https:\/\/centro-cee.com\/web\/","logo":{"@type":"ImageObject","inLanguage":"es","@id":"https:\/\/centro-cee.com\/web\/#\/schema\/logo\/image\/","url":"https:\/\/centro-cee.com\/web\/wp-content\/uploads\/2022\/12\/cropped-logo_educa.png","contentUrl":"https:\/\/centro-cee.com\/web\/wp-content\/uploads\/2022\/12\/cropped-logo_educa.png","width":157,"height":63,"caption":"Centro Europeo E-learning CEE"},"image":{"@id":"https:\/\/centro-cee.com\/web\/#\/schema\/logo\/image\/"},"sameAs":["https:\/\/www.instagram.com\/centroeuropeo_cee"]}]}},"_links":{"self":[{"href":"https:\/\/centro-cee.com\/web\/wp-json\/wp\/v2\/product\/1404","targetHints":{"allow":["GET"]}}],"collection":[{"href":"https:\/\/centro-cee.com\/web\/wp-json\/wp\/v2\/product"}],"about":[{"href":"https:\/\/centro-cee.com\/web\/wp-json\/wp\/v2\/types\/product"}],"replies":[{"embeddable":true,"href":"https:\/\/centro-cee.com\/web\/wp-json\/wp\/v2\/comments?post=1404"}],"wp:featuredmedia":[{"embeddable":true,"href":"https:\/\/centro-cee.com\/web\/wp-json\/wp\/v2\/media\/1405"}],"wp:attachment":[{"href":"https:\/\/centro-cee.com\/web\/wp-json\/wp\/v2\/media?parent=1404"}],"wp:term":[{"taxonomy":"product_brand","embeddable":true,"href":"https:\/\/centro-cee.com\/web\/wp-json\/wp\/v2\/product_brand?post=1404"},{"taxonomy":"product_cat","embeddable":true,"href":"https:\/\/centro-cee.com\/web\/wp-json\/wp\/v2\/product_cat?post=1404"},{"taxonomy":"product_tag","embeddable":true,"href":"https:\/\/centro-cee.com\/web\/wp-json\/wp\/v2\/product_tag?post=1404"}],"curies":[{"name":"wp","href":"https:\/\/api.w.org\/{rel}","templated":true}]}}