{"id":1384,"date":"2023-07-14T09:14:51","date_gmt":"2023-07-14T09:14:51","guid":{"rendered":"https:\/\/centro-cee.com\/web\/?post_type=product&#038;p=1384"},"modified":"2024-08-28T16:33:35","modified_gmt":"2024-08-28T16:33:35","slug":"diseno-grafico-cad-cam-y-publicitario","status":"publish","type":"product","link":"https:\/\/centro-cee.com\/web\/producto\/diseno-grafico-cad-cam-y-publicitario\/","title":{"rendered":"Dise\u00f1o gr\u00e1fico: cad\/cam y publicitario"},"content":{"rendered":"<p><a href=\"https:\/\/centro-cee.com\/web\/formaciones\/\">Atr\u00e1s<\/a><\/p>\n<p><em><strong>Dise\u00f1o gr\u00e1fico: cad\/cam y publicitario<\/strong><\/em><\/p>\n<p>Toda esta formaci\u00f3n se realiza 100% online en nuestro campus online de formaci\u00f3n.<\/p>\n<p>Las tutorias se realizan directamente desde el campus de estudio con la opci\u00f3n de mensajer\u00eda a profesores. Las tutorias son \u00aba demanda\u00bb, cuando necesites soporte nos lo pides.<\/p>\n<p>Los t\u00edtulos de Centro CEE est\u00e1n autenticados por la firma de notario que valida contenidos y autenticidad a nivel internacional. Nuestra organizaci\u00f3n pertenece a la Asociaci\u00f3n Espa\u00f1ola de Calidad, organizaci\u00f3n Espa\u00f1ola de referencia para la calidad en la formaci\u00f3n. La certificaci\u00f3n se puede apostillar por la Haya para cualquier pa\u00eds firmante del convenio de la Haya.<\/p>\n<p>Se puede pagar a plazos.<\/p>\n<p>Carga horaria de la formaci\u00f3n: 500h<\/p>\n<h2>Temario<\/h2>\n<hr \/>\n<p>TEMA 1. EL DISE\u00d1O<br \/>\n1. Definici\u00f3n de Dise\u00f1o<br \/>\n2. La pr\u00e1ctica del dise\u00f1o<br \/>\n3. Disciplinas del dise\u00f1o<br \/>\n4. Signo y S\u00edmbolo<br \/>\n5. Elementos b\u00e1sicos del dise\u00f1o<br \/>\n6. Teor\u00eda de la percepci\u00f3n<\/p>\n<p>TEMA 2. EL COLOR<br \/>\n1. Teor\u00eda del color<br \/>\n2. El c\u00edrculo crom\u00e1tico<br \/>\n3. La armon\u00eda<br \/>\n4. Contrastes de color<br \/>\n5. Psicolog\u00eda del Color<\/p>\n<p>TEMA 3. TIPOGRAF\u00cdA<br \/>\n1. Definici\u00f3n de tipograf\u00eda<br \/>\n2. Caracter\u00edsticas de los tipos<br \/>\n3. Clasificaci\u00f3n de los tipos<br \/>\n4. Clasificaci\u00f3n hist\u00f3rica<br \/>\n5. Clasificaci\u00f3n por forma<br \/>\n6. Elementos tipogr\u00e1ficos<br \/>\n7. Tipograf\u00eda digital<br \/>\n8. La tipograf\u00eda en el dise\u00f1o<\/p>\n<p>TEMA 4. T\u00c9CNICAS DE COMPOSICI\u00d3N<br \/>\n1. \u00bfQu\u00e9 es la composici\u00f3n?<br \/>\n2. Estructuras compositivas<br \/>\n3. El espacio<br \/>\n4. La Secci\u00f3n \u00c1urea<br \/>\n5. Las figuras geom\u00e9tricas<br \/>\n6. Los planos compositivos<br \/>\n7. Ritmo visual<br \/>\n8. Equilibrio visual<br \/>\n9. Equilibrio est\u00e1tico<br \/>\n10. Equilibrio din\u00e1mico<\/p>\n<p>TEMA 5. DISE\u00d1O PUBLICITARIO<br \/>\n1. La publicidad<br \/>\n2. Objetivos de la publicidad<br \/>\n3. Medios publicitarios<br \/>\n4. Identidad corporativa<br \/>\n5. Logotipo y marca<br \/>\n6. Estrategias de dise\u00f1o<br \/>\n7. Publicidad impresa<br \/>\n8. Publicidad en televisi\u00f3n<br \/>\n9. Packaging<br \/>\n10. Del dise\u00f1o a la realizaci\u00f3n<\/p>\n<p>TEMA 6. MAQUETACI\u00d3N<br \/>\n1. \u00bfQu\u00e9 es la maquetaci\u00f3n?<br \/>\n2. Preparar un documento para la maquetaci\u00f3n<br \/>\n3. Ocupando el espacio de la p\u00e1gina<br \/>\n4. Texto e imagen<br \/>\n5. Composici\u00f3n del texto<br \/>\n6. Errores frecuentes<\/p>\n<p>TEMA 7. FOTOMEC\u00c1NICA E IMPRESI\u00d3N<br \/>\n1. \u00bfQu\u00e9 es la fotomec\u00e1nica?<br \/>\n2. Pasos de una impresi\u00f3n<br \/>\n3. Escaneado<br \/>\n4. El esc\u00e1ner<br \/>\n5. Filmaci\u00f3n<br \/>\n6. Fotolitos<br \/>\n7. Las tintas<br \/>\n8. Tipos de impresi\u00f3n<\/p>\n<p>TEMA 8. DISE\u00d1O WEB<br \/>\n1. Qu\u00e9 implica el dise\u00f1o web<br \/>\n2. Planificaci\u00f3n de una p\u00e1gina web<br \/>\n3. Tipos de sitios web<br \/>\n4. An\u00e1lisis demogr\u00e1fico<br \/>\n5. Definir el estilo<br \/>\n6. Maquetaci\u00f3n<br \/>\n7. Creaci\u00f3n del sitio<br \/>\n8. Nociones b\u00e1sicas<br \/>\n9. HTML<br \/>\n10. CSS<br \/>\n11. Flash<br \/>\n12. Colgar el sitio en la red<br \/>\n13. Promoci\u00f3n del sitio web<\/p>\n<p>TEMA 9. DISE\u00d1O 3D<br \/>\n1. El dise\u00f1o tridimensional<br \/>\n2. Fundamentos<br \/>\n3. Interfaces de navegaci\u00f3n<br \/>\n4. Modelado<br \/>\n5. Animaci\u00f3n<br \/>\n6. Imagen final<br \/>\n7. Materiales y texturas<br \/>\n8. Iluminaci\u00f3n y render<br \/>\n9. Formatos<br \/>\n10. Atajos de teclado<\/p>\n<p>AUTOCAD<\/p>\n<p>1. Interfaz<br \/>\n2. Otros elementos de la Interfaz I<br \/>\n3. Otros elementos de la Interfaz II<br \/>\n4. Otros elementos de la Interfaz III<br \/>\n5. Coordenadas Autocad<br \/>\n6. Ayudas visuales<br \/>\n7. Asistente<br \/>\n8. Par\u00e1metros<br \/>\n9. Objetos b\u00e1sicos I (l\u00edneas, polil\u00edneas\u2026)<br \/>\n10. Objetos b\u00e1sicos II (c\u00edrculos, recuadros\u2026)<br \/>\n11. Objetos b\u00e1sicos III (arcos, elipses\u2026)<br \/>\n12. Objetos compuestos I (<br \/>\n13. Objetos compuestos II<br \/>\n14. Edici\u00f3n simple I (mover, rotar\u2026)<br \/>\n15. Edici\u00f3n simple II  (escalar, simetr\u00eda\u2026)<br \/>\n16. Edici\u00f3n simple III  (cortar, partir\u2026)<br \/>\n17. Edici\u00f3n avanzada I  (matriz polar, rectangular\u2026)<br \/>\n18. Edici\u00f3n avanzada II (empalme, chaflan\u2026)<br \/>\n19. Edici\u00f3n avanzada III (extrusi\u00f3n,  booleanas\u2026)<br \/>\n20. Pinzamientos I<br \/>\n21. Pinzamientos II<\/p>\n<p>3D STUDIO MAX<br \/>\n1. Vista general<br \/>\n2. Objetos 2D I  (L\u00edneas,  splines\u2026)<br \/>\n3. Objetos 2D II  (texto\u2026)<br \/>\n4. Objetos 3D I  (esferas, cubos, cilindros..)<br \/>\n5. Objetos 3D II  (Piramides, torus, cuencos\u2026)<br \/>\n6. Mover, rotar y simetr\u00eda<br \/>\n7. Modificadores (torcer, curvar, extrusi\u00f3n\u2026)<br \/>\n8. Booleanas (uni\u00f3n, substracci\u00f3n, intersecci\u00f3n\u2026)<br \/>\n9. Objetos extendidos<br \/>\n10. Matriz (polar, rectangular\u2026)<br \/>\n11. Escalar, simetr\u00eda y selecci\u00f3n<br \/>\n12. Animaci\u00f3n con trayecto<br \/>\n13. Render I<br \/>\n14. Luces I (ambiente\u2026)<br \/>\n15. Luces II  (foco, puntual)<br \/>\n16. Luces III (orbital\u2026)<br \/>\n17. Luces IV<br \/>\n18. C\u00e1mara I<br \/>\n19. C\u00e1mara II<br \/>\n20. Materiales<br \/>\n21. Part\u00edculas<br \/>\n22. Animaci\u00f3n I + Render<br \/>\n23. Animaci\u00f3n II<br \/>\n24. Animaci\u00f3n III + Track View<\/p>\n<p>ILUSTRATOR<\/p>\n<p>1. Apariencia del programa<br \/>\n2. Nuevo documento<br \/>\n3. Herramientas de dibujo I<br \/>\n4. Herramientas de dibujo II<br \/>\n5. Herramientas de gradientes<br \/>\n6. Herramientas de gr\u00e1fico<br \/>\n7. Repaso opciones de men\u00fa<br \/>\n8. Herramientas modificadores<br \/>\n9. Herramientas de texto I<br \/>\n10. Herramientas de texto II<br \/>\n11. Capas<br \/>\n12. Efectos especiales<br \/>\n13. Estilos, perfil y objetos<br \/>\n14. Opciones de impresi\u00f3n<br \/>\n15. Ejemplo<\/p>\n<p>ADOBE PHOTOSHOP<\/p>\n<p>1. ENTORNO DE TRABAJO<br \/>\n1.1. El \u00e1rea de trabajo<br \/>\n1.2. Paletas y modos de pantalla<\/p>\n<p>2. IM\u00c1GENES<br \/>\n2.1. Abrir im\u00e1genes<br \/>\n2.2. Crear documentos<br \/>\n2.3. Barra de estado   <\/p>\n<p>3. MANEJO DE ARCHIVOS<br \/>\n3.1. Organizar im\u00e1genes<br \/>\n3.2. Herramienta mano y paleta navegador<br \/>\n3.3. Guardar y exportar   <\/p>\n<p>4. HERRAMIENTAS DE SELECCI\u00d3N<br \/>\n4.1. Marcos de selecci\u00f3n<br \/>\n4.2. Herramienta lazo<br \/>\n4.3. Selecci\u00f3n r\u00e1pida y varita m\u00e1gica<br \/>\n4.4. Trabajar con selecciones<br \/>\n4.5. Herramienta mover   <\/p>\n<p>5. RECORTES Y PINCELES<br \/>\n5.1. Recortar<br \/>\n5.2. Pinceles<br \/>\n5.3. L\u00e1piz, sustituci\u00f3n y mezcla de colores<\/p>\n<p>6. PINCELES CORRECTORES Y HERRAMIENTA TAMPON<br \/>\n6.1. Pincel corrector<br \/>\n6.2. Herramienta ojos rojos y parche<br \/>\n6.3. Pinceles de historia<br \/>\n6.4. Herramienta tamp\u00f3n   <\/p>\n<p>7. COLOREAR<br \/>\n7.1. Figuras predeterminadas<br \/>\n7.2. Bote de pintura<br \/>\n7.3. Degradados<br \/>\n7.4. Cuentagotas y muestras<br \/>\n7.5. Utilidades   <\/p>\n<p>8. TEXTOS Y TRAZOS<br \/>\n8.1. Texto horizontal y vertical<br \/>\n8.2. M\u00e1scaras de texto<br \/>\n8.3. Herramienta pluma<br \/>\n8.4. Selecci\u00f3n de trazados   <\/p>\n<p>9. TRABAJO CON CAPAS<br \/>\n9.1. Crear, ajustar y eliminar capas<br \/>\n9.2. Orden de apilamiento<br \/>\n9.3. Combinar y acoplar capas<\/p>\n<p>10. BORRAR Y TRANSFORMAR<br \/>\n10.1. Borradores<br \/>\n10.2. Tama\u00f1o de imagen<br \/>\n10.3. Tama\u00f1o de documento<\/p>\n<p>11. ENFOCAR Y SOBREEXPONER<br \/>\n11.1. Enfocar y desenfocar<br \/>\n11.2. Herramienta dedo<br \/>\n11.3. Exponer y sobreexponer<br \/>\n11.4. Herramienta esponja   <\/p>\n<p>12. IMPRESI\u00d3N Y WEB<br \/>\n12.1. Configurar e imprimir<br \/>\n12.2. Formato PDF<br \/>\n12.3. Optimizar para la web<br \/>\n12.4. Galer\u00eda de im\u00e1genes para la web<\/p>\n<p>INDESIGN<\/p>\n<p>1. Interface CS<br \/>\n2. P\u00e1gina maestra<br \/>\n3. Color<br \/>\n4. Herramientas de dibujo I<br \/>\n5. Herramientas de dibujo II<br \/>\n6. Herramientas de dibujo III<br \/>\n7. Herramientas de dibujo IV<br \/>\n8. Herramientas de dibujo V<br \/>\n9. Tablas<br \/>\n10. Capas<br \/>\n11. Herramienta Insertar Notas<br \/>\n12.  Texto en columna<br \/>\n13. Colocar im\u00e1genes<br \/>\n14. Crear archivo PDF<\/p>\n<p><em><strong>Dise\u00f1o gr\u00e1fico: cad\/cam y publicitario<\/strong><\/em><\/p>\n<hr \/>\n","protected":false},"excerpt":{"rendered":"<p><a href=\"https:\/\/centro-cee.com\/web\/formaciones\/\">Atr\u00e1s<\/a><\/p>\n<p>CEE, Centro Europeo E-learning, presenta en Emagister el M\u00e1ster en Dise\u00f1o Gr\u00e1fico: CAD\/CAM y Publicitario.<\/p>\n<p>F\u00f3rmate y especial\u00edzate en la especialidad del dise\u00f1o. La formaci\u00f3n obtenida es de alto nivel y con gran cantidad de contenidos que dotaran a las\/los alumnas\/os de unos conocimientos excelentes.<\/p>\n<p>El curso permite conocer las herramientas mas utilizadas en el sector del dise\u00f1o, tanto en el dise\u00f1o t\u00e9cnico como en el dise\u00f1o publicitario, de esta forma te formaras de la manera mas completa.<\/p>\n","protected":false},"featured_media":1385,"comment_status":"closed","ping_status":"closed","template":"","meta":[],"product_brand":[],"product_cat":[34],"product_tag":[500,23,495,499,501,200,498,497,496],"class_list":{"0":"post-1384","1":"product","2":"type-product","3":"status-publish","4":"has-post-thumbnail","6":"product_cat-tecnicos","7":"product_tag-atencion-medica-basica","8":"product_tag-cee","9":"product_tag-curso-de-socorrismo","10":"product_tag-emergencias-medicas","11":"product_tag-entrenamiento-en-socorrismo","12":"product_tag-primeros-auxilios","13":"product_tag-rcp","14":"product_tag-rescate-acuatico","15":"product_tag-socorrista","17":"first","18":"instock","19":"sale","20":"shipping-taxable","21":"purchasable","22":"product-type-simple"},"yoast_head":"<!-- This site is optimized with the Yoast SEO plugin v27.4 - https:\/\/yoast.com\/product\/yoast-seo-wordpress\/ -->\n<title>Dise\u00f1o gr\u00e1fico: cad\/cam y publicitario<\/title>\n<meta name=\"description\" content=\"Obt\u00e9n las habilidades y conocimientos necesarios para ser un experto con nuestro curso Dise\u00f1o gr\u00e1fico: cad\/cam y publicitario.\" \/>\n<meta name=\"robots\" content=\"index, follow, max-snippet:-1, max-image-preview:large, max-video-preview:-1\" \/>\n<link rel=\"canonical\" href=\"https:\/\/centro-cee.com\/web\/producto\/diseno-grafico-cad-cam-y-publicitario\/\" \/>\n<meta property=\"og:locale\" content=\"es_ES\" \/>\n<meta property=\"og:type\" content=\"article\" \/>\n<meta property=\"og:title\" content=\"Dise\u00f1o gr\u00e1fico: cad\/cam y publicitario\" \/>\n<meta property=\"og:description\" content=\"Obt\u00e9n las habilidades y conocimientos necesarios para ser un experto con nuestro curso Dise\u00f1o gr\u00e1fico: cad\/cam y publicitario.\" \/>\n<meta property=\"og:url\" content=\"https:\/\/centro-cee.com\/web\/producto\/diseno-grafico-cad-cam-y-publicitario\/\" \/>\n<meta property=\"og:site_name\" content=\"CEE Centro Europeo E-learning - Cursos online\" \/>\n<meta property=\"article:modified_time\" content=\"2024-08-28T16:33:35+00:00\" \/>\n<meta property=\"og:image\" content=\"https:\/\/centro-cee.com\/web\/wp-content\/uploads\/2023\/07\/imagen_2023-07-14_111730306.png\" \/>\n\t<meta property=\"og:image:width\" content=\"1100\" \/>\n\t<meta property=\"og:image:height\" content=\"560\" \/>\n\t<meta property=\"og:image:type\" content=\"image\/png\" \/>\n<meta name=\"twitter:card\" content=\"summary_large_image\" \/>\n<meta name=\"twitter:label1\" content=\"Tiempo de lectura\" \/>\n\t<meta name=\"twitter:data1\" content=\"5 minutos\" \/>\n<script type=\"application\/ld+json\" class=\"yoast-schema-graph\">{\"@context\":\"https:\\\/\\\/schema.org\",\"@graph\":[{\"@type\":\"WebPage\",\"@id\":\"https:\\\/\\\/centro-cee.com\\\/web\\\/producto\\\/diseno-grafico-cad-cam-y-publicitario\\\/\",\"url\":\"https:\\\/\\\/centro-cee.com\\\/web\\\/producto\\\/diseno-grafico-cad-cam-y-publicitario\\\/\",\"name\":\"Dise\u00f1o gr\u00e1fico: cad\\\/cam y publicitario\",\"isPartOf\":{\"@id\":\"https:\\\/\\\/centro-cee.com\\\/web\\\/#website\"},\"primaryImageOfPage\":{\"@id\":\"https:\\\/\\\/centro-cee.com\\\/web\\\/producto\\\/diseno-grafico-cad-cam-y-publicitario\\\/#primaryimage\"},\"image\":{\"@id\":\"https:\\\/\\\/centro-cee.com\\\/web\\\/producto\\\/diseno-grafico-cad-cam-y-publicitario\\\/#primaryimage\"},\"thumbnailUrl\":\"https:\\\/\\\/centro-cee.com\\\/web\\\/wp-content\\\/uploads\\\/2023\\\/07\\\/imagen_2023-07-14_111730306.png\",\"datePublished\":\"2023-07-14T09:14:51+00:00\",\"dateModified\":\"2024-08-28T16:33:35+00:00\",\"description\":\"Obt\u00e9n las habilidades y conocimientos necesarios para ser un experto con nuestro curso Dise\u00f1o gr\u00e1fico: cad\\\/cam y publicitario.\",\"breadcrumb\":{\"@id\":\"https:\\\/\\\/centro-cee.com\\\/web\\\/producto\\\/diseno-grafico-cad-cam-y-publicitario\\\/#breadcrumb\"},\"inLanguage\":\"es\",\"potentialAction\":[{\"@type\":\"ReadAction\",\"target\":[\"https:\\\/\\\/centro-cee.com\\\/web\\\/producto\\\/diseno-grafico-cad-cam-y-publicitario\\\/\"]}]},{\"@type\":\"ImageObject\",\"inLanguage\":\"es\",\"@id\":\"https:\\\/\\\/centro-cee.com\\\/web\\\/producto\\\/diseno-grafico-cad-cam-y-publicitario\\\/#primaryimage\",\"url\":\"https:\\\/\\\/centro-cee.com\\\/web\\\/wp-content\\\/uploads\\\/2023\\\/07\\\/imagen_2023-07-14_111730306.png\",\"contentUrl\":\"https:\\\/\\\/centro-cee.com\\\/web\\\/wp-content\\\/uploads\\\/2023\\\/07\\\/imagen_2023-07-14_111730306.png\",\"width\":1100,\"height\":560,\"caption\":\"Dise\u00f1o gr\u00e1fico: cad\\\/cam y publicitario\"},{\"@type\":\"BreadcrumbList\",\"@id\":\"https:\\\/\\\/centro-cee.com\\\/web\\\/producto\\\/diseno-grafico-cad-cam-y-publicitario\\\/#breadcrumb\",\"itemListElement\":[{\"@type\":\"ListItem\",\"position\":1,\"name\":\"Portada\",\"item\":\"https:\\\/\\\/centro-cee.com\\\/web\\\/\"},{\"@type\":\"ListItem\",\"position\":2,\"name\":\"Dise\u00f1o gr\u00e1fico: cad\\\/cam y publicitario\"}]},{\"@type\":\"WebSite\",\"@id\":\"https:\\\/\\\/centro-cee.com\\\/web\\\/#website\",\"url\":\"https:\\\/\\\/centro-cee.com\\\/web\\\/\",\"name\":\"Centro Europeo E-learning\",\"description\":\"CEE Formaci\u00f3n Online\",\"publisher\":{\"@id\":\"https:\\\/\\\/centro-cee.com\\\/web\\\/#organization\"},\"alternateName\":\"Centro Online de Formaci\u00f3n\",\"potentialAction\":[{\"@type\":\"SearchAction\",\"target\":{\"@type\":\"EntryPoint\",\"urlTemplate\":\"https:\\\/\\\/centro-cee.com\\\/web\\\/?s={search_term_string}\"},\"query-input\":{\"@type\":\"PropertyValueSpecification\",\"valueRequired\":true,\"valueName\":\"search_term_string\"}}],\"inLanguage\":\"es\"},{\"@type\":\"Organization\",\"@id\":\"https:\\\/\\\/centro-cee.com\\\/web\\\/#organization\",\"name\":\"Centro Europeo E-learning CEE\",\"url\":\"https:\\\/\\\/centro-cee.com\\\/web\\\/\",\"logo\":{\"@type\":\"ImageObject\",\"inLanguage\":\"es\",\"@id\":\"https:\\\/\\\/centro-cee.com\\\/web\\\/#\\\/schema\\\/logo\\\/image\\\/\",\"url\":\"https:\\\/\\\/centro-cee.com\\\/web\\\/wp-content\\\/uploads\\\/2022\\\/12\\\/cropped-logo_educa.png\",\"contentUrl\":\"https:\\\/\\\/centro-cee.com\\\/web\\\/wp-content\\\/uploads\\\/2022\\\/12\\\/cropped-logo_educa.png\",\"width\":157,\"height\":63,\"caption\":\"Centro Europeo E-learning CEE\"},\"image\":{\"@id\":\"https:\\\/\\\/centro-cee.com\\\/web\\\/#\\\/schema\\\/logo\\\/image\\\/\"},\"sameAs\":[\"https:\\\/\\\/www.instagram.com\\\/centroeuropeo_cee\"]}]}<\/script>\n<!-- \/ Yoast SEO plugin. -->","yoast_head_json":{"title":"Dise\u00f1o gr\u00e1fico: cad\/cam y publicitario","description":"Obt\u00e9n las habilidades y conocimientos necesarios para ser un experto con nuestro curso Dise\u00f1o gr\u00e1fico: cad\/cam y publicitario.","robots":{"index":"index","follow":"follow","max-snippet":"max-snippet:-1","max-image-preview":"max-image-preview:large","max-video-preview":"max-video-preview:-1"},"canonical":"https:\/\/centro-cee.com\/web\/producto\/diseno-grafico-cad-cam-y-publicitario\/","og_locale":"es_ES","og_type":"article","og_title":"Dise\u00f1o gr\u00e1fico: cad\/cam y publicitario","og_description":"Obt\u00e9n las habilidades y conocimientos necesarios para ser un experto con nuestro curso Dise\u00f1o gr\u00e1fico: cad\/cam y publicitario.","og_url":"https:\/\/centro-cee.com\/web\/producto\/diseno-grafico-cad-cam-y-publicitario\/","og_site_name":"CEE Centro Europeo E-learning - Cursos online","article_modified_time":"2024-08-28T16:33:35+00:00","og_image":[{"width":1100,"height":560,"url":"https:\/\/centro-cee.com\/web\/wp-content\/uploads\/2023\/07\/imagen_2023-07-14_111730306.png","type":"image\/png"}],"twitter_card":"summary_large_image","twitter_misc":{"Tiempo de lectura":"5 minutos"},"schema":{"@context":"https:\/\/schema.org","@graph":[{"@type":"WebPage","@id":"https:\/\/centro-cee.com\/web\/producto\/diseno-grafico-cad-cam-y-publicitario\/","url":"https:\/\/centro-cee.com\/web\/producto\/diseno-grafico-cad-cam-y-publicitario\/","name":"Dise\u00f1o gr\u00e1fico: cad\/cam y publicitario","isPartOf":{"@id":"https:\/\/centro-cee.com\/web\/#website"},"primaryImageOfPage":{"@id":"https:\/\/centro-cee.com\/web\/producto\/diseno-grafico-cad-cam-y-publicitario\/#primaryimage"},"image":{"@id":"https:\/\/centro-cee.com\/web\/producto\/diseno-grafico-cad-cam-y-publicitario\/#primaryimage"},"thumbnailUrl":"https:\/\/centro-cee.com\/web\/wp-content\/uploads\/2023\/07\/imagen_2023-07-14_111730306.png","datePublished":"2023-07-14T09:14:51+00:00","dateModified":"2024-08-28T16:33:35+00:00","description":"Obt\u00e9n las habilidades y conocimientos necesarios para ser un experto con nuestro curso Dise\u00f1o gr\u00e1fico: cad\/cam y publicitario.","breadcrumb":{"@id":"https:\/\/centro-cee.com\/web\/producto\/diseno-grafico-cad-cam-y-publicitario\/#breadcrumb"},"inLanguage":"es","potentialAction":[{"@type":"ReadAction","target":["https:\/\/centro-cee.com\/web\/producto\/diseno-grafico-cad-cam-y-publicitario\/"]}]},{"@type":"ImageObject","inLanguage":"es","@id":"https:\/\/centro-cee.com\/web\/producto\/diseno-grafico-cad-cam-y-publicitario\/#primaryimage","url":"https:\/\/centro-cee.com\/web\/wp-content\/uploads\/2023\/07\/imagen_2023-07-14_111730306.png","contentUrl":"https:\/\/centro-cee.com\/web\/wp-content\/uploads\/2023\/07\/imagen_2023-07-14_111730306.png","width":1100,"height":560,"caption":"Dise\u00f1o gr\u00e1fico: cad\/cam y publicitario"},{"@type":"BreadcrumbList","@id":"https:\/\/centro-cee.com\/web\/producto\/diseno-grafico-cad-cam-y-publicitario\/#breadcrumb","itemListElement":[{"@type":"ListItem","position":1,"name":"Portada","item":"https:\/\/centro-cee.com\/web\/"},{"@type":"ListItem","position":2,"name":"Dise\u00f1o gr\u00e1fico: cad\/cam y publicitario"}]},{"@type":"WebSite","@id":"https:\/\/centro-cee.com\/web\/#website","url":"https:\/\/centro-cee.com\/web\/","name":"Centro Europeo E-learning","description":"CEE Formaci\u00f3n Online","publisher":{"@id":"https:\/\/centro-cee.com\/web\/#organization"},"alternateName":"Centro Online de Formaci\u00f3n","potentialAction":[{"@type":"SearchAction","target":{"@type":"EntryPoint","urlTemplate":"https:\/\/centro-cee.com\/web\/?s={search_term_string}"},"query-input":{"@type":"PropertyValueSpecification","valueRequired":true,"valueName":"search_term_string"}}],"inLanguage":"es"},{"@type":"Organization","@id":"https:\/\/centro-cee.com\/web\/#organization","name":"Centro Europeo E-learning CEE","url":"https:\/\/centro-cee.com\/web\/","logo":{"@type":"ImageObject","inLanguage":"es","@id":"https:\/\/centro-cee.com\/web\/#\/schema\/logo\/image\/","url":"https:\/\/centro-cee.com\/web\/wp-content\/uploads\/2022\/12\/cropped-logo_educa.png","contentUrl":"https:\/\/centro-cee.com\/web\/wp-content\/uploads\/2022\/12\/cropped-logo_educa.png","width":157,"height":63,"caption":"Centro Europeo E-learning CEE"},"image":{"@id":"https:\/\/centro-cee.com\/web\/#\/schema\/logo\/image\/"},"sameAs":["https:\/\/www.instagram.com\/centroeuropeo_cee"]}]}},"_links":{"self":[{"href":"https:\/\/centro-cee.com\/web\/wp-json\/wp\/v2\/product\/1384","targetHints":{"allow":["GET"]}}],"collection":[{"href":"https:\/\/centro-cee.com\/web\/wp-json\/wp\/v2\/product"}],"about":[{"href":"https:\/\/centro-cee.com\/web\/wp-json\/wp\/v2\/types\/product"}],"replies":[{"embeddable":true,"href":"https:\/\/centro-cee.com\/web\/wp-json\/wp\/v2\/comments?post=1384"}],"wp:featuredmedia":[{"embeddable":true,"href":"https:\/\/centro-cee.com\/web\/wp-json\/wp\/v2\/media\/1385"}],"wp:attachment":[{"href":"https:\/\/centro-cee.com\/web\/wp-json\/wp\/v2\/media?parent=1384"}],"wp:term":[{"taxonomy":"product_brand","embeddable":true,"href":"https:\/\/centro-cee.com\/web\/wp-json\/wp\/v2\/product_brand?post=1384"},{"taxonomy":"product_cat","embeddable":true,"href":"https:\/\/centro-cee.com\/web\/wp-json\/wp\/v2\/product_cat?post=1384"},{"taxonomy":"product_tag","embeddable":true,"href":"https:\/\/centro-cee.com\/web\/wp-json\/wp\/v2\/product_tag?post=1384"}],"curies":[{"name":"wp","href":"https:\/\/api.w.org\/{rel}","templated":true}]}}