{"id":1379,"date":"2023-07-14T08:34:55","date_gmt":"2023-07-14T08:34:55","guid":{"rendered":"https:\/\/centro-cee.com\/web\/?post_type=product&#038;p=1379"},"modified":"2026-03-13T16:55:51","modified_gmt":"2026-03-13T16:55:51","slug":"master-en-contabilidad-y-analitica-de-costes","status":"publish","type":"product","link":"https:\/\/centro-cee.com\/web\/producto\/master-en-contabilidad-y-analitica-de-costes\/","title":{"rendered":"M\u00e1ster en contabilidad y analitica de costes"},"content":{"rendered":"<p><a href=\"https:\/\/centro-cee.com\/web\/formaciones\/\">Atr\u00e1s<\/a><\/p>\n<p><em><strong>M\u00e1ster en contabilidad y analitica de costes<\/strong><\/em><\/p>\n<p>Toda esta formaci\u00f3n se realiza 100% online en nuestro campus online de formaci\u00f3n.<\/p>\n<p>Las tutorias se realizan directamente desde el campus de estudio con la opci\u00f3n de mensajer\u00eda a profesores. Las tutorias son \u00aba demanda\u00bb, cuando necesites soporte nos lo pides.<\/p>\n<p>Los t\u00edtulos de Centro CEE est\u00e1n autenticados por la firma de notario que valida contenidos y autenticidad a nivel internacional. Nuestra organizaci\u00f3n pertenece a la Asociaci\u00f3n Espa\u00f1ola de Calidad, organizaci\u00f3n Espa\u00f1ola de referencia para la calidad en la formaci\u00f3n. La certificaci\u00f3n se puede apostillar por la Haya para cualquier pa\u00eds firmante del convenio de la Haya.<\/p>\n<p>Se puede pagar a plazos.<\/p>\n<p>Carga horaria de la formaci\u00f3n: 400h<\/p>\n<h2>Temario<\/h2>\n<hr \/>\n<p>1. LA EMPRESA Y LA CONTABILIDAD<\/p>\n<p>2. EL PATRIMONIO DE LA EMPRESA<\/p>\n<p>3. PRINCIPIOS B\u00c1SICOS DE LA CONTABILIDAD<\/p>\n<p>4. EL PLAN GENERAL DE CONTABILIDAD<\/p>\n<p>5. ASPECTOS CONTABLES DE LAS EXISTENCIAS<\/p>\n<p>6. EL IMPUESTO SOBRE EL VALOR A\u00d1ADIDO EN OPERACIONES DE CIRCULANTE<\/p>\n<p>7. OPERACIONES DEL TR\u00c1FICO MERCANTIL<\/p>\n<p>8. LOS EFECTOS COMERCIALES<\/p>\n<p>TEMA 2: CONTABILIDAD DE COSTES<\/p>\n<p>1. INTRODUCCI\u00d3N<\/p>\n<p>2. CLASIFICACI\u00d3N DE COSTES<\/p>\n<p>3. SISTEMAS DE COSTES PARCIALES<\/p>\n<p>4. SISTEMAS DE COSTES COMPLETOS<\/p>\n<p>5. SISTEMAS DE COSTES ABC<\/p>\n<p>TEMA 3:  GESTI\u00d3N DE COBROS Y MOROSOS<\/p>\n<p>\u00cdNDICE DE CONTENIDOS<\/p>\n<p>1. GESTI\u00d3N DE COBROS<\/p>\n<p>2. GESTI\u00d3N DE IMPAGADOS<\/p>\n<p>3. SOLUCIONES EXTRAJUDICIALES A LOS IMPAGOS<\/p>\n<p>4. SOLUCIONES JUDICIALESA LOS IMPAGOS<\/p>\n<p>5. EL CONCURSO DE ACREEDORES <\/p>\n<p>TEMA 4: INICIACI\u00d3N A LAS FINANZAS<\/p>\n<p>1.INTRODUCCI\u00d3N<\/p>\n<p>2.BALANCE DE SITUACI\u00d3N<\/p>\n<p>3.CICLO CONTABLE<\/p>\n<p>4.CUENTA DE P\u00c9RDIDAS Y GANANCIAS<\/p>\n<p>5.AN\u00c1LISIS DE LA INFORMACI\u00d3N ECON\u00d3MICO FINANCIERA<\/p>\n<p>6.CONTABILIDAD DE COSTES<\/p>\n<p>7.FINANCIACI\u00d3N<\/p>\n<p><em><strong>M\u00e1ster en contabilidad y analitica de costes<\/strong><\/em><\/p>\n<hr \/>\n","protected":false},"excerpt":{"rendered":"<p><a href=\"https:\/\/centro-cee.com\/web\/formaciones\/\">Atr\u00e1s<\/a><\/p>\n<p>F\u00f3rmate en todos los aspectos relacionados con la contabilidad con este M\u00e1ster en Contabilidad y Contabilidad Anal\u00edtica de Costes, impartido por CEE Centro Europeo E-learning.<\/p>\n","protected":false},"featured_media":1383,"comment_status":"closed","ping_status":"closed","template":"","meta":[],"product_brand":[],"product_cat":[2050,17],"product_tag":[989,995,997,991,993,992,990,996,988,994],"class_list":{"0":"post-1379","1":"product","2":"type-product","3":"status-publish","4":"has-post-thumbnail","6":"product_cat-cursos-online-empresa","7":"product_cat-master","8":"product_tag-analitica-de-costes","9":"product_tag-certificacion-en-contabilidad-de-costes","10":"product_tag-contabilidad-y-toma-de-decisiones","11":"product_tag-curso-de-gestion-de-costes","12":"product_tag-curso-online-de-contabilidad-y-costes","13":"product_tag-especializacion-en-contabilidad-analitica","14":"product_tag-formacion-en-contabilidad-y-finanzas","15":"product_tag-gestion-de-costos-empresariales","16":"product_tag-master-en-contabilidad","17":"product_tag-tecnicas-de-analisis-financiero","19":"first","20":"instock","21":"sale","22":"shipping-taxable","23":"purchasable","24":"product-type-simple"},"yoast_head":"<!-- This site is optimized with the Yoast SEO plugin v27.4 - https:\/\/yoast.com\/product\/yoast-seo-wordpress\/ -->\n<title>M\u00e1ster en contabilidad y analitica de costes<\/title>\n<meta name=\"description\" content=\"Obt\u00e9n las habilidades y conocimientos necesarios para ser un experto con nuestro M\u00e1ster en contabilidad y analitica de costes.\" \/>\n<meta name=\"robots\" content=\"index, follow, max-snippet:-1, max-image-preview:large, max-video-preview:-1\" \/>\n<link rel=\"canonical\" href=\"https:\/\/centro-cee.com\/web\/producto\/master-en-contabilidad-y-analitica-de-costes\/\" \/>\n<meta property=\"og:locale\" content=\"es_ES\" \/>\n<meta property=\"og:type\" content=\"article\" \/>\n<meta property=\"og:title\" content=\"M\u00e1ster en contabilidad y analitica de costes\" \/>\n<meta property=\"og:description\" content=\"Obt\u00e9n las habilidades y conocimientos necesarios para ser un experto con nuestro M\u00e1ster en contabilidad y analitica de costes.\" \/>\n<meta property=\"og:url\" content=\"https:\/\/centro-cee.com\/web\/producto\/master-en-contabilidad-y-analitica-de-costes\/\" \/>\n<meta property=\"og:site_name\" content=\"CEE Centro Europeo E-learning - Cursos online\" \/>\n<meta property=\"article:modified_time\" content=\"2026-03-13T16:55:51+00:00\" \/>\n<meta property=\"og:image\" content=\"https:\/\/centro-cee.com\/web\/wp-content\/uploads\/2023\/07\/imagen_2023-07-14_111319079.png\" \/>\n\t<meta property=\"og:image:width\" content=\"701\" \/>\n\t<meta property=\"og:image:height\" content=\"470\" \/>\n\t<meta property=\"og:image:type\" content=\"image\/png\" \/>\n<meta name=\"twitter:card\" content=\"summary_large_image\" \/>\n<meta name=\"twitter:label1\" content=\"Tiempo de lectura\" \/>\n\t<meta name=\"twitter:data1\" content=\"4 minutos\" \/>\n<script type=\"application\/ld+json\" class=\"yoast-schema-graph\">{\"@context\":\"https:\\\/\\\/schema.org\",\"@graph\":[{\"@type\":\"WebPage\",\"@id\":\"https:\\\/\\\/centro-cee.com\\\/web\\\/producto\\\/master-en-contabilidad-y-analitica-de-costes\\\/\",\"url\":\"https:\\\/\\\/centro-cee.com\\\/web\\\/producto\\\/master-en-contabilidad-y-analitica-de-costes\\\/\",\"name\":\"M\u00e1ster en contabilidad y analitica de costes\",\"isPartOf\":{\"@id\":\"https:\\\/\\\/centro-cee.com\\\/web\\\/#website\"},\"primaryImageOfPage\":{\"@id\":\"https:\\\/\\\/centro-cee.com\\\/web\\\/producto\\\/master-en-contabilidad-y-analitica-de-costes\\\/#primaryimage\"},\"image\":{\"@id\":\"https:\\\/\\\/centro-cee.com\\\/web\\\/producto\\\/master-en-contabilidad-y-analitica-de-costes\\\/#primaryimage\"},\"thumbnailUrl\":\"https:\\\/\\\/centro-cee.com\\\/web\\\/wp-content\\\/uploads\\\/2023\\\/07\\\/imagen_2023-07-14_111319079.png\",\"datePublished\":\"2023-07-14T08:34:55+00:00\",\"dateModified\":\"2026-03-13T16:55:51+00:00\",\"description\":\"Obt\u00e9n las habilidades y conocimientos necesarios para ser un experto con nuestro M\u00e1ster en contabilidad y analitica de costes.\",\"breadcrumb\":{\"@id\":\"https:\\\/\\\/centro-cee.com\\\/web\\\/producto\\\/master-en-contabilidad-y-analitica-de-costes\\\/#breadcrumb\"},\"inLanguage\":\"es\",\"potentialAction\":[{\"@type\":\"ReadAction\",\"target\":[\"https:\\\/\\\/centro-cee.com\\\/web\\\/producto\\\/master-en-contabilidad-y-analitica-de-costes\\\/\"]}]},{\"@type\":\"ImageObject\",\"inLanguage\":\"es\",\"@id\":\"https:\\\/\\\/centro-cee.com\\\/web\\\/producto\\\/master-en-contabilidad-y-analitica-de-costes\\\/#primaryimage\",\"url\":\"https:\\\/\\\/centro-cee.com\\\/web\\\/wp-content\\\/uploads\\\/2023\\\/07\\\/imagen_2023-07-14_111319079.png\",\"contentUrl\":\"https:\\\/\\\/centro-cee.com\\\/web\\\/wp-content\\\/uploads\\\/2023\\\/07\\\/imagen_2023-07-14_111319079.png\",\"width\":701,\"height\":470,\"caption\":\"M\u00e1ster en contabilidad y analitica de costes\"},{\"@type\":\"BreadcrumbList\",\"@id\":\"https:\\\/\\\/centro-cee.com\\\/web\\\/producto\\\/master-en-contabilidad-y-analitica-de-costes\\\/#breadcrumb\",\"itemListElement\":[{\"@type\":\"ListItem\",\"position\":1,\"name\":\"Portada\",\"item\":\"https:\\\/\\\/centro-cee.com\\\/web\\\/\"},{\"@type\":\"ListItem\",\"position\":2,\"name\":\"M\u00e1ster en contabilidad y analitica de costes\"}]},{\"@type\":\"WebSite\",\"@id\":\"https:\\\/\\\/centro-cee.com\\\/web\\\/#website\",\"url\":\"https:\\\/\\\/centro-cee.com\\\/web\\\/\",\"name\":\"Centro Europeo E-learning\",\"description\":\"CEE Formaci\u00f3n Online\",\"publisher\":{\"@id\":\"https:\\\/\\\/centro-cee.com\\\/web\\\/#organization\"},\"alternateName\":\"Centro Online de Formaci\u00f3n\",\"potentialAction\":[{\"@type\":\"SearchAction\",\"target\":{\"@type\":\"EntryPoint\",\"urlTemplate\":\"https:\\\/\\\/centro-cee.com\\\/web\\\/?s={search_term_string}\"},\"query-input\":{\"@type\":\"PropertyValueSpecification\",\"valueRequired\":true,\"valueName\":\"search_term_string\"}}],\"inLanguage\":\"es\"},{\"@type\":\"Organization\",\"@id\":\"https:\\\/\\\/centro-cee.com\\\/web\\\/#organization\",\"name\":\"Centro Europeo E-learning CEE\",\"url\":\"https:\\\/\\\/centro-cee.com\\\/web\\\/\",\"logo\":{\"@type\":\"ImageObject\",\"inLanguage\":\"es\",\"@id\":\"https:\\\/\\\/centro-cee.com\\\/web\\\/#\\\/schema\\\/logo\\\/image\\\/\",\"url\":\"https:\\\/\\\/centro-cee.com\\\/web\\\/wp-content\\\/uploads\\\/2022\\\/12\\\/cropped-logo_educa.png\",\"contentUrl\":\"https:\\\/\\\/centro-cee.com\\\/web\\\/wp-content\\\/uploads\\\/2022\\\/12\\\/cropped-logo_educa.png\",\"width\":157,\"height\":63,\"caption\":\"Centro Europeo E-learning CEE\"},\"image\":{\"@id\":\"https:\\\/\\\/centro-cee.com\\\/web\\\/#\\\/schema\\\/logo\\\/image\\\/\"},\"sameAs\":[\"https:\\\/\\\/www.instagram.com\\\/centroeuropeo_cee\"]}]}<\/script>\n<!-- \/ Yoast SEO plugin. -->","yoast_head_json":{"title":"M\u00e1ster en contabilidad y analitica de costes","description":"Obt\u00e9n las habilidades y conocimientos necesarios para ser un experto con nuestro M\u00e1ster en contabilidad y analitica de costes.","robots":{"index":"index","follow":"follow","max-snippet":"max-snippet:-1","max-image-preview":"max-image-preview:large","max-video-preview":"max-video-preview:-1"},"canonical":"https:\/\/centro-cee.com\/web\/producto\/master-en-contabilidad-y-analitica-de-costes\/","og_locale":"es_ES","og_type":"article","og_title":"M\u00e1ster en contabilidad y analitica de costes","og_description":"Obt\u00e9n las habilidades y conocimientos necesarios para ser un experto con nuestro M\u00e1ster en contabilidad y analitica de costes.","og_url":"https:\/\/centro-cee.com\/web\/producto\/master-en-contabilidad-y-analitica-de-costes\/","og_site_name":"CEE Centro Europeo E-learning - Cursos online","article_modified_time":"2026-03-13T16:55:51+00:00","og_image":[{"width":701,"height":470,"url":"https:\/\/centro-cee.com\/web\/wp-content\/uploads\/2023\/07\/imagen_2023-07-14_111319079.png","type":"image\/png"}],"twitter_card":"summary_large_image","twitter_misc":{"Tiempo de lectura":"4 minutos"},"schema":{"@context":"https:\/\/schema.org","@graph":[{"@type":"WebPage","@id":"https:\/\/centro-cee.com\/web\/producto\/master-en-contabilidad-y-analitica-de-costes\/","url":"https:\/\/centro-cee.com\/web\/producto\/master-en-contabilidad-y-analitica-de-costes\/","name":"M\u00e1ster en contabilidad y analitica de costes","isPartOf":{"@id":"https:\/\/centro-cee.com\/web\/#website"},"primaryImageOfPage":{"@id":"https:\/\/centro-cee.com\/web\/producto\/master-en-contabilidad-y-analitica-de-costes\/#primaryimage"},"image":{"@id":"https:\/\/centro-cee.com\/web\/producto\/master-en-contabilidad-y-analitica-de-costes\/#primaryimage"},"thumbnailUrl":"https:\/\/centro-cee.com\/web\/wp-content\/uploads\/2023\/07\/imagen_2023-07-14_111319079.png","datePublished":"2023-07-14T08:34:55+00:00","dateModified":"2026-03-13T16:55:51+00:00","description":"Obt\u00e9n las habilidades y conocimientos necesarios para ser un experto con nuestro M\u00e1ster en contabilidad y analitica de costes.","breadcrumb":{"@id":"https:\/\/centro-cee.com\/web\/producto\/master-en-contabilidad-y-analitica-de-costes\/#breadcrumb"},"inLanguage":"es","potentialAction":[{"@type":"ReadAction","target":["https:\/\/centro-cee.com\/web\/producto\/master-en-contabilidad-y-analitica-de-costes\/"]}]},{"@type":"ImageObject","inLanguage":"es","@id":"https:\/\/centro-cee.com\/web\/producto\/master-en-contabilidad-y-analitica-de-costes\/#primaryimage","url":"https:\/\/centro-cee.com\/web\/wp-content\/uploads\/2023\/07\/imagen_2023-07-14_111319079.png","contentUrl":"https:\/\/centro-cee.com\/web\/wp-content\/uploads\/2023\/07\/imagen_2023-07-14_111319079.png","width":701,"height":470,"caption":"M\u00e1ster en contabilidad y analitica de costes"},{"@type":"BreadcrumbList","@id":"https:\/\/centro-cee.com\/web\/producto\/master-en-contabilidad-y-analitica-de-costes\/#breadcrumb","itemListElement":[{"@type":"ListItem","position":1,"name":"Portada","item":"https:\/\/centro-cee.com\/web\/"},{"@type":"ListItem","position":2,"name":"M\u00e1ster en contabilidad y analitica de costes"}]},{"@type":"WebSite","@id":"https:\/\/centro-cee.com\/web\/#website","url":"https:\/\/centro-cee.com\/web\/","name":"Centro Europeo E-learning","description":"CEE Formaci\u00f3n Online","publisher":{"@id":"https:\/\/centro-cee.com\/web\/#organization"},"alternateName":"Centro Online de Formaci\u00f3n","potentialAction":[{"@type":"SearchAction","target":{"@type":"EntryPoint","urlTemplate":"https:\/\/centro-cee.com\/web\/?s={search_term_string}"},"query-input":{"@type":"PropertyValueSpecification","valueRequired":true,"valueName":"search_term_string"}}],"inLanguage":"es"},{"@type":"Organization","@id":"https:\/\/centro-cee.com\/web\/#organization","name":"Centro Europeo E-learning CEE","url":"https:\/\/centro-cee.com\/web\/","logo":{"@type":"ImageObject","inLanguage":"es","@id":"https:\/\/centro-cee.com\/web\/#\/schema\/logo\/image\/","url":"https:\/\/centro-cee.com\/web\/wp-content\/uploads\/2022\/12\/cropped-logo_educa.png","contentUrl":"https:\/\/centro-cee.com\/web\/wp-content\/uploads\/2022\/12\/cropped-logo_educa.png","width":157,"height":63,"caption":"Centro Europeo E-learning CEE"},"image":{"@id":"https:\/\/centro-cee.com\/web\/#\/schema\/logo\/image\/"},"sameAs":["https:\/\/www.instagram.com\/centroeuropeo_cee"]}]}},"_links":{"self":[{"href":"https:\/\/centro-cee.com\/web\/wp-json\/wp\/v2\/product\/1379","targetHints":{"allow":["GET"]}}],"collection":[{"href":"https:\/\/centro-cee.com\/web\/wp-json\/wp\/v2\/product"}],"about":[{"href":"https:\/\/centro-cee.com\/web\/wp-json\/wp\/v2\/types\/product"}],"replies":[{"embeddable":true,"href":"https:\/\/centro-cee.com\/web\/wp-json\/wp\/v2\/comments?post=1379"}],"wp:featuredmedia":[{"embeddable":true,"href":"https:\/\/centro-cee.com\/web\/wp-json\/wp\/v2\/media\/1383"}],"wp:attachment":[{"href":"https:\/\/centro-cee.com\/web\/wp-json\/wp\/v2\/media?parent=1379"}],"wp:term":[{"taxonomy":"product_brand","embeddable":true,"href":"https:\/\/centro-cee.com\/web\/wp-json\/wp\/v2\/product_brand?post=1379"},{"taxonomy":"product_cat","embeddable":true,"href":"https:\/\/centro-cee.com\/web\/wp-json\/wp\/v2\/product_cat?post=1379"},{"taxonomy":"product_tag","embeddable":true,"href":"https:\/\/centro-cee.com\/web\/wp-json\/wp\/v2\/product_tag?post=1379"}],"curies":[{"name":"wp","href":"https:\/\/api.w.org\/{rel}","templated":true}]}}