{"id":1377,"date":"2023-07-14T08:20:37","date_gmt":"2023-07-14T08:20:37","guid":{"rendered":"https:\/\/centro-cee.com\/web\/?post_type=product&#038;p=1377"},"modified":"2026-03-13T16:48:55","modified_gmt":"2026-03-13T16:48:55","slug":"master-seo-y-e-commerce","status":"publish","type":"product","link":"https:\/\/centro-cee.com\/web\/producto\/master-seo-y-e-commerce\/","title":{"rendered":"M\u00e1ster seo y e-commerce"},"content":{"rendered":"<p><a href=\"https:\/\/centro-cee.com\/web\/formaciones\/\">Atr\u00e1s<\/a><\/p>\n<p><em><strong>M\u00e1ster seo y e-commerce<\/strong><\/em><\/p>\n<p>Toda esta formaci\u00f3n se realiza 100% online en nuestro campus online de formaci\u00f3n.<\/p>\n<p>Las tutorias se realizan directamente desde el campus de estudio con la opci\u00f3n de mensajer\u00eda a profesores. Las tutorias son \u00aba demanda\u00bb, cuando necesites soporte nos lo pides.<\/p>\n<p>Los t\u00edtulos de Centro CEE est\u00e1n autenticados por la firma de notario que valida contenidos y autenticidad a nivel internacional. Nuestra organizaci\u00f3n pertenece a la Asociaci\u00f3n Espa\u00f1ola de Calidad, organizaci\u00f3n Espa\u00f1ola de referencia para la calidad en la formaci\u00f3n. La certificaci\u00f3n se puede apostillar por la Haya para cualquier pa\u00eds firmante del convenio de la Haya.<\/p>\n<p>Se puede pagar a plazos.<\/p>\n<p>Carga horaria de la formaci\u00f3n: 400h<\/p>\n<h2>Temario<\/h2>\n<hr \/>\n<p>C\u00d3MO POSICIONAR P\u00c1GINAS WEB CON \u00c9XITO<\/p>\n<p>&#8211; POSICIONAMIENTO EN BUSCADORES<br \/>\n&#8211; \u00a0Buscadores<br \/>\n&#8211; SEO<br \/>\n&#8211; Ventajas del SEO<\/p>\n<p>&#8211; ELECCI\u00d3N DE PALABRAS CLAVES<br \/>\n&#8211; Las palabras clave<br \/>\n&#8211; \u00a0Elecci\u00f3n de las palabras clave<\/p>\n<p>&#8211; \u00bfD\u00d3NDE UTILIZAR LAS PALABRAS CLAVE?<br \/>\n&#8211; Introducci\u00f3n<br \/>\n&#8211; Nombre de dominio<br \/>\n&#8211; Nombre de secciones y URLs de las p\u00e1ginas<\/p>\n<p>&#8211; \u00a0ENLACES<br \/>\n&#8211; \u00a0Enlaces DoFollow y NoFollow<br \/>\n&#8211; PageRank<br \/>\n&#8211; \u00a0Enlaces externos<\/p>\n<p>&#8211; CONTENIDOS DIF\u00cdCILES DE POSICIONAR<br \/>\n&#8211; El contenido es el rey<br \/>\n&#8211; El archivo robots.txt<\/p>\n<p>&#8211; AN\u00c1LISIS DE LAS ESTAD\u00cdSTICAS DE ACCESO<br \/>\n&#8211; Tipos de aplicaciones de an\u00e1lisis<br \/>\n&#8211; Herramientas de an\u00e1lisis de LOGs. Ejemplo: AWStats<\/p>\n<p>&#8211; \u00a0HERRAMIENTAS DE GOOGLE ADWORDS<br \/>\n&#8211; Introducci\u00f3n<\/p>\n<p>&#8211; Registrarse en Google Adwords<\/p>\n<p>COMMUNITY MANAGER<\/p>\n<p>&#8211; LAS REDES SOCIALES. EL COMMUNITY MANAGER<br \/>\n&#8211; \u00a0Introducci\u00f3n<br \/>\n&#8211; Qu\u00e9 es un Community Manager o Social Media Manager<br \/>\n&#8211; Acciones realizadas en los medios sociales<\/p>\n<p>&#8211; MONITORIZAR, ANALIZAR Y MEDIR LAS REDES SOCIALES: HERRAMIENTAS Y T\u00c9CNICAS<br \/>\n&#8211; Introducci\u00f3n<br \/>\n&#8211; Acciones no convencionales<br \/>\n&#8211; Acciones convencionales<\/p>\n<p>&#8211; \u00a0LAS REDES SOCIALES EN EL PLAN DE MARKETING<br \/>\n&#8211; Introducci\u00f3n<br \/>\n&#8211; Qu\u00e9 objetivos se pretenden<br \/>\n&#8211; Diferentes opciones de presencia en los medios sociales<\/p>\n<p>&#8211; LAS REDES SOCIALES Y LA COMUNICACI\u00d3N: SU AN\u00c1LISIS COMO MEDIO Y COMO SOPORTE PUBLICITARIO<br \/>\n&#8211; \u00a0Introducci\u00f3n<br \/>\n&#8211; \u00a0Los usuarios de los medios sociales<br \/>\n&#8211; \u00a0Actitud ante la publicidad<\/p>\n<p>&#8211; \u00a0CONSTRUIR RELACIONES: EL NUEVO MARKETING RELACIONAL<br \/>\n&#8211; \u00a0Internet y el marketing de relaciones<br \/>\n&#8211; \u00a0Marketing relacional<br \/>\n&#8211; \u00a0Marketing one to one<\/p>\n<p>&#8211; \u00a0CREATIVIDAD Y REDES SOCIALES<br \/>\n&#8211; La creatividad<br \/>\n&#8211; Apuesta por las redes sociales<br \/>\n&#8211; Campa\u00f1as de marketing creativas<\/p>\n<p>&#8211; \u00a0LOS BLOGS<br \/>\n&#8211; \u00a0Introducci\u00f3n<br \/>\n&#8211; \u00a0Principales caracter\u00edsticas de los blogs<br \/>\n&#8211; Elementos de un blog<\/p>\n<p>&#8211; \u00a0DESCRIPCI\u00d3N DE LAS PRINCIPALES REDES SOCIALES<br \/>\n&#8211; \u00a0Panorama actual de las redes sociales<br \/>\n&#8211; \u00a0Myspace<br \/>\n&#8211; \u00a0YouTube<br \/>\n&#8211; \u00a0Facebook<\/p>\n<p>&#8211; MOBILE SOCIAL MEDIA: LOS SMARTPHONES<br \/>\n&#8211; \u00a0Los smartphones<br \/>\n&#8211; \u00a0El potencial del m\u00f3vil para las redes sociales<\/p>\n<p>ESTRATEGIAS EFECTIVAS DE EMAIL MARKETING<\/p>\n<p>&#8211; \u00a0EL EMAIL MARKETING DENTRO DE LA ESTRATEGIA DE MARKETING ONLINE<br \/>\n&#8211; \u00a0Estrategias de marketing online<br \/>\n&#8211; \u00a0Marketing relacional<\/p>\n<p>&#8211; \u00a0VENTAJAS Y DESVENTAJAS DEL EMAIL MARKETING<br \/>\n&#8211; \u00a0Ventajas del email marketing<br \/>\n&#8211; \u00a0Desventajas del email marketing<\/p>\n<p>&#8211; \u00a0RECOPILACI\u00d3N DE EMAILS<br \/>\n&#8211; \u00a0Crear una lista<br \/>\n&#8211; \u00a0Explotar una lista interna o propia, con tecnolog\u00eda de un tercero<br \/>\n&#8211; \u00a0Contratar una lista externa<\/p>\n<p>&#8211; PLANIFICACI\u00d3N DE UNA CAMPA\u00d1A DE EMAIL MARKETING<br \/>\n&#8211; \u00a0Antes de empezar<br \/>\n&#8211; Fases de una campa\u00f1a de email marketing<br \/>\n&#8211; \u00a0Objetivo de la campa\u00f1a<\/p>\n<p>PRINCIPALES ELEMENTOS Y T\u00c9CNICAS DE DISE\u00d1O PARA CREAR UN EMAIL EFECTIVO<br \/>\n&#8211; \u00a0Introducci\u00f3n<br \/>\n&#8211; Frecuencia de los env\u00edos<\/p>\n<p>&#8211; \u00a0PROTECCI\u00d3N DE DATOS POR INTERNET<br \/>\n&#8211; Normativa<br \/>\n&#8211; \u00a0Pol\u00edtica de Privacidad<\/p>\n<p>&#8211; EL FORMATO HTML<br \/>\n&#8211; \u00a0Introducci\u00f3n<br \/>\n&#8211; \u00a0Estructura b\u00e1sica de un documento HTML<br \/>\n&#8211; \u00a0Comandos b\u00e1sicos de HTML<\/p>\n<p>&nbsp;<\/p>\n<p>&#8211; \u00a0SPAM, LEGISLACI\u00d3N Y NORMATIVAS DEL EMAIL MARKETING<br \/>\n&#8211; \u00a0Introducci\u00f3n<br \/>\n&#8211; \u00a0Directiva 2002\/58,\u00a0 de 12 de julio de 2002, sobre privacidad y las comunicaciones electr\u00f3nicas<br \/>\n&#8211; \u00a0Ley 34\/2002, de 11 de julio, de servicios de la Sociedad de la Informaci\u00f3n y de comercio electr\u00f3nico (LSSICE)<br \/>\n&#8211; \u00a0\u00c1mbito de aplicaci\u00f3n<br \/>\n&#8211; \u00a0Requisitos en las comunicaciones comerciales<\/p>\n<p>&#8211;\u00a0 AN\u00c1LISIS DE RESULTADOS DEL EMAIL MARKETING<br \/>\n&#8211; \u00a0Introducci\u00f3n<br \/>\n&#8211; \u00a0Conceptos b\u00e1sicos<\/p>\n<p>&#8211; \u00a0DIFERENTES HERRAMIENTAS Y PLATAFORMAS ONLINE PARA GESTIONAR CAMPA\u00d1AS DE EMAIL MARKETING<br \/>\n&#8211; Qu\u00e9 ofrecen<br \/>\n&#8211; Algunos ejemplos<\/p>\n<p>&#8211; CASO PR\u00c1CTICO<br \/>\n&#8211; \u00a0Introducci\u00f3n<br \/>\n&#8211; \u00a0Ayuda-Tutorial<\/p>\n<p>COMERCIO ELECTR\u00d3NICO PARA PYMES<\/p>\n<p>&#8211; \u00a0QU\u00c9 ES EL COMERCIO ELECTR\u00d3NICO Y E-BUSINESS<\/p>\n<p>&#8211; E-business<br \/>\n&#8211; E-commerce<\/p>\n<p>&#8211; E-BUSINESS: NUEVOS MODELOS DE PROCESOS DE NEGOCIO<\/p>\n<p>&#8211; Introducci\u00f3n<br \/>\n&#8211; Entornos<br \/>\n&#8211; Entorno Internacional<br \/>\n&#8211; Entorno Econ\u00f3mico<\/p>\n<p>&#8211; \u00a0Fundamentos de la Nueva Econom\u00eda<br \/>\n&#8211; \u00a0Tecnolog\u00eda<br \/>\n&#8211; \u00a0Recursos Humanos<br \/>\n-Utilidades de las nuevas tecnolog\u00edas<\/p>\n<p>&#8211; ELEMENTOS DE UN SISTEMA DE E-BUSINESS Y COMERCIO ELECTR\u00d3NICO<br \/>\n&#8211; \u00c1reas organizativas<br \/>\n&#8211; \u00a0Puestos de trabajo en la nueva econom\u00eda<br \/>\n&#8211; \u00a0Modelos de organizaci\u00f3n<br \/>\n&#8211; Piramidal<br \/>\n&#8211; Vertical<br \/>\n&#8211; Funciones a asumir<br \/>\n&#8211; Gesti\u00f3n del conocimiento<\/p>\n<p>&#8211; REQUISITOS M\u00cdNIMOS PARA EL COMERCIO ELECTR\u00d3NICO Y EL E-BUSINESS<br \/>\n&#8211; \u00a0Factores b\u00e1sicos<br \/>\n&#8211; \u00a0Caracter\u00edsticas de los nuevos modelos de negocio<br \/>\n&#8211; \u00a0Fases para la implantaci\u00f3n<\/p>\n<p>&#8211; SOLUCIONES INTEGRALES EN MATERIA TECNOL\u00d3GICA PARA LA PUESTA EN MARCHA DE INICIATIVAS DE COMERCIO ELECTR\u00d3NICO Y E-BUSINESS<br \/>\n&#8211; Introducci\u00f3n<br \/>\n&#8211; Arsys<br \/>\n&#8211; Caracter\u00edsticas<br \/>\n&#8211; Nominalia<\/p>\n<p>&#8211; AN\u00c1LISIS DE LOS PRINCIPALES CASOS DE \u00c9XITO DE COMERCIO ELECTR\u00d3NICO<br \/>\n&#8211; \u00a0Introducci\u00f3n<br \/>\n&#8211; \u00a0eBay<br \/>\n&#8211; \u00a0Introducci\u00f3n<br \/>\n&#8211; \u00a0Historia<br \/>\n&#8211; \u00a0ING Direct<br \/>\n&#8211; \u00a0Su \u00e9xito<br \/>\n&#8211; \u00a0Historia<br \/>\n&#8211; \u00a0Productos<br \/>\n&#8211; \u00a0eDreams<br \/>\n&#8211; \u00a0Qu\u00e9 es<br \/>\n&#8211; \u00a0Historia<br \/>\n&#8211; Buy-vip<br \/>\n&#8211; \u00a0Introducci\u00f3n<br \/>\n&#8211; \u00a0Historia<\/p>\n<p>&#8211; \u00a0DOMINIOS, P\u00c1GINAS WEB, SITIOS WEB Y PORTALES<br \/>\n&#8211; \u00a0Internet<br \/>\n&#8211; \u00a0Dominios<br \/>\n&#8211; Tipos de Dominios<br \/>\n&#8211; Registrar un dominio<br \/>\n&#8211; \u00a0P\u00e1gina Web<br \/>\n&#8211; \u00a0HTML<\/p>\n<p>&#8211; \u00a0Sitio Web<br \/>\n&#8211; \u00a0Introducci\u00f3n<br \/>\n&#8211; \u00a0Nombres de carpetas y archivos<br \/>\n&#8211; \u00a0Portales<\/p>\n<p><em><strong>M\u00e1ster seo y e-commerce<\/strong><\/em><\/p>\n<hr \/>\n","protected":false},"excerpt":{"rendered":"<p><a href=\"https:\/\/centro-cee.com\/web\/formaciones\/\">Atr\u00e1s<\/a><\/p>\n<p>Cada d\u00eda m\u00e1s y m\u00e1s empresas necesitan abrirse camino en el mundo digital, de ah\u00ed que sea fundamental la formaci\u00f3n de community managers en las nuevas t\u00e9cnicas de marketing digital. Cee Centro Europeo E-learning ofrece el M\u00e1ster SEO: Posicionar P\u00e1ginas Web y E- Commerce en el que podr\u00e1s capacitarse en los aspectos referentes al posicionamiento de p\u00e1ginas web, promociones email, gesti\u00f3n de commerce y m\u00e1s t\u00e9cnicas esenciales para la publicidad digital eficiente.<\/p>\n<p>Gracias a la oferta acad\u00e9mica del presente m\u00e1ster aprender\u00e1s c\u00f3mo posicionar p\u00e1ginas web de manera exitosa, acciones realizadas en medios sociales, estrategias efectivas del email marketing.<\/p>\n","protected":false},"featured_media":1378,"comment_status":"closed","ping_status":"closed","template":"","meta":[],"product_brand":[],"product_cat":[2050,17],"product_tag":[1007,1006,999,1003,1002,1001,1000,1005,998,1004],"class_list":{"0":"post-1377","1":"product","2":"type-product","3":"status-publish","4":"has-post-thumbnail","6":"product_cat-cursos-online-empresa","7":"product_cat-master","8":"product_tag-analitica-web-y-e-commerce","9":"product_tag-certificacion-en-seo-y-e-commerce","10":"product_tag-curso-de-e-commerce","11":"product_tag-curso-online-de-seo-y-e-commerce","12":"product_tag-especializacion-en-comercio-electronico","13":"product_tag-estrategias-de-marketing-digital","14":"product_tag-formacion-en-optimizacion-de-motores-de-busqueda","15":"product_tag-gestion-de-tiendas-online","16":"product_tag-master-en-seo","17":"product_tag-tecnicas-de-posicionamiento-web","19":"first","20":"instock","21":"sale","22":"shipping-taxable","23":"purchasable","24":"product-type-simple"},"yoast_head":"<!-- This site is optimized with the Yoast SEO plugin v27.4 - https:\/\/yoast.com\/product\/yoast-seo-wordpress\/ -->\n<title>M\u00e1ster seo y e-commerce<\/title>\n<meta name=\"description\" content=\"Obt\u00e9n las habilidades y conocimientos necesarios para ser un experto con nuestro M\u00e1ster seo y e-commerce y posicionar paginas webs.\" \/>\n<meta name=\"robots\" content=\"index, follow, max-snippet:-1, max-image-preview:large, max-video-preview:-1\" \/>\n<link rel=\"canonical\" href=\"https:\/\/centro-cee.com\/web\/producto\/master-seo-y-e-commerce\/\" \/>\n<meta property=\"og:locale\" content=\"es_ES\" \/>\n<meta property=\"og:type\" content=\"article\" \/>\n<meta property=\"og:title\" content=\"M\u00e1ster seo y e-commerce\" \/>\n<meta property=\"og:description\" content=\"Obt\u00e9n las habilidades y conocimientos necesarios para ser un experto con nuestro M\u00e1ster seo y e-commerce y posicionar paginas webs.\" \/>\n<meta property=\"og:url\" content=\"https:\/\/centro-cee.com\/web\/producto\/master-seo-y-e-commerce\/\" \/>\n<meta property=\"og:site_name\" content=\"CEE Centro Europeo E-learning - Cursos online\" \/>\n<meta property=\"article:modified_time\" content=\"2026-03-13T16:48:55+00:00\" \/>\n<meta property=\"og:image\" content=\"https:\/\/centro-cee.com\/web\/wp-content\/uploads\/2023\/07\/imagen_2023-07-14_102319532.png\" \/>\n\t<meta property=\"og:image:width\" content=\"560\" \/>\n\t<meta property=\"og:image:height\" content=\"347\" \/>\n\t<meta property=\"og:image:type\" content=\"image\/png\" \/>\n<meta name=\"twitter:card\" content=\"summary_large_image\" \/>\n<meta name=\"twitter:label1\" content=\"Tiempo de lectura\" \/>\n\t<meta name=\"twitter:data1\" content=\"4 minutos\" \/>\n<script type=\"application\/ld+json\" class=\"yoast-schema-graph\">{\"@context\":\"https:\\\/\\\/schema.org\",\"@graph\":[{\"@type\":\"WebPage\",\"@id\":\"https:\\\/\\\/centro-cee.com\\\/web\\\/producto\\\/master-seo-y-e-commerce\\\/\",\"url\":\"https:\\\/\\\/centro-cee.com\\\/web\\\/producto\\\/master-seo-y-e-commerce\\\/\",\"name\":\"M\u00e1ster seo y e-commerce\",\"isPartOf\":{\"@id\":\"https:\\\/\\\/centro-cee.com\\\/web\\\/#website\"},\"primaryImageOfPage\":{\"@id\":\"https:\\\/\\\/centro-cee.com\\\/web\\\/producto\\\/master-seo-y-e-commerce\\\/#primaryimage\"},\"image\":{\"@id\":\"https:\\\/\\\/centro-cee.com\\\/web\\\/producto\\\/master-seo-y-e-commerce\\\/#primaryimage\"},\"thumbnailUrl\":\"https:\\\/\\\/centro-cee.com\\\/web\\\/wp-content\\\/uploads\\\/2023\\\/07\\\/imagen_2023-07-14_102319532.png\",\"datePublished\":\"2023-07-14T08:20:37+00:00\",\"dateModified\":\"2026-03-13T16:48:55+00:00\",\"description\":\"Obt\u00e9n las habilidades y conocimientos necesarios para ser un experto con nuestro M\u00e1ster seo y e-commerce y posicionar paginas webs.\",\"breadcrumb\":{\"@id\":\"https:\\\/\\\/centro-cee.com\\\/web\\\/producto\\\/master-seo-y-e-commerce\\\/#breadcrumb\"},\"inLanguage\":\"es\",\"potentialAction\":[{\"@type\":\"ReadAction\",\"target\":[\"https:\\\/\\\/centro-cee.com\\\/web\\\/producto\\\/master-seo-y-e-commerce\\\/\"]}]},{\"@type\":\"ImageObject\",\"inLanguage\":\"es\",\"@id\":\"https:\\\/\\\/centro-cee.com\\\/web\\\/producto\\\/master-seo-y-e-commerce\\\/#primaryimage\",\"url\":\"https:\\\/\\\/centro-cee.com\\\/web\\\/wp-content\\\/uploads\\\/2023\\\/07\\\/imagen_2023-07-14_102319532.png\",\"contentUrl\":\"https:\\\/\\\/centro-cee.com\\\/web\\\/wp-content\\\/uploads\\\/2023\\\/07\\\/imagen_2023-07-14_102319532.png\",\"width\":560,\"height\":347,\"caption\":\"m\u00e1ster seo y e-commerce\"},{\"@type\":\"BreadcrumbList\",\"@id\":\"https:\\\/\\\/centro-cee.com\\\/web\\\/producto\\\/master-seo-y-e-commerce\\\/#breadcrumb\",\"itemListElement\":[{\"@type\":\"ListItem\",\"position\":1,\"name\":\"Portada\",\"item\":\"https:\\\/\\\/centro-cee.com\\\/web\\\/\"},{\"@type\":\"ListItem\",\"position\":2,\"name\":\"M\u00e1ster seo y e-commerce\"}]},{\"@type\":\"WebSite\",\"@id\":\"https:\\\/\\\/centro-cee.com\\\/web\\\/#website\",\"url\":\"https:\\\/\\\/centro-cee.com\\\/web\\\/\",\"name\":\"Centro Europeo E-learning\",\"description\":\"CEE Formaci\u00f3n Online\",\"publisher\":{\"@id\":\"https:\\\/\\\/centro-cee.com\\\/web\\\/#organization\"},\"alternateName\":\"Centro Online de Formaci\u00f3n\",\"potentialAction\":[{\"@type\":\"SearchAction\",\"target\":{\"@type\":\"EntryPoint\",\"urlTemplate\":\"https:\\\/\\\/centro-cee.com\\\/web\\\/?s={search_term_string}\"},\"query-input\":{\"@type\":\"PropertyValueSpecification\",\"valueRequired\":true,\"valueName\":\"search_term_string\"}}],\"inLanguage\":\"es\"},{\"@type\":\"Organization\",\"@id\":\"https:\\\/\\\/centro-cee.com\\\/web\\\/#organization\",\"name\":\"Centro Europeo E-learning CEE\",\"url\":\"https:\\\/\\\/centro-cee.com\\\/web\\\/\",\"logo\":{\"@type\":\"ImageObject\",\"inLanguage\":\"es\",\"@id\":\"https:\\\/\\\/centro-cee.com\\\/web\\\/#\\\/schema\\\/logo\\\/image\\\/\",\"url\":\"https:\\\/\\\/centro-cee.com\\\/web\\\/wp-content\\\/uploads\\\/2022\\\/12\\\/cropped-logo_educa.png\",\"contentUrl\":\"https:\\\/\\\/centro-cee.com\\\/web\\\/wp-content\\\/uploads\\\/2022\\\/12\\\/cropped-logo_educa.png\",\"width\":157,\"height\":63,\"caption\":\"Centro Europeo E-learning CEE\"},\"image\":{\"@id\":\"https:\\\/\\\/centro-cee.com\\\/web\\\/#\\\/schema\\\/logo\\\/image\\\/\"},\"sameAs\":[\"https:\\\/\\\/www.instagram.com\\\/centroeuropeo_cee\"]}]}<\/script>\n<!-- \/ Yoast SEO plugin. -->","yoast_head_json":{"title":"M\u00e1ster seo y e-commerce","description":"Obt\u00e9n las habilidades y conocimientos necesarios para ser un experto con nuestro M\u00e1ster seo y e-commerce y posicionar paginas webs.","robots":{"index":"index","follow":"follow","max-snippet":"max-snippet:-1","max-image-preview":"max-image-preview:large","max-video-preview":"max-video-preview:-1"},"canonical":"https:\/\/centro-cee.com\/web\/producto\/master-seo-y-e-commerce\/","og_locale":"es_ES","og_type":"article","og_title":"M\u00e1ster seo y e-commerce","og_description":"Obt\u00e9n las habilidades y conocimientos necesarios para ser un experto con nuestro M\u00e1ster seo y e-commerce y posicionar paginas webs.","og_url":"https:\/\/centro-cee.com\/web\/producto\/master-seo-y-e-commerce\/","og_site_name":"CEE Centro Europeo E-learning - Cursos online","article_modified_time":"2026-03-13T16:48:55+00:00","og_image":[{"width":560,"height":347,"url":"https:\/\/centro-cee.com\/web\/wp-content\/uploads\/2023\/07\/imagen_2023-07-14_102319532.png","type":"image\/png"}],"twitter_card":"summary_large_image","twitter_misc":{"Tiempo de lectura":"4 minutos"},"schema":{"@context":"https:\/\/schema.org","@graph":[{"@type":"WebPage","@id":"https:\/\/centro-cee.com\/web\/producto\/master-seo-y-e-commerce\/","url":"https:\/\/centro-cee.com\/web\/producto\/master-seo-y-e-commerce\/","name":"M\u00e1ster seo y e-commerce","isPartOf":{"@id":"https:\/\/centro-cee.com\/web\/#website"},"primaryImageOfPage":{"@id":"https:\/\/centro-cee.com\/web\/producto\/master-seo-y-e-commerce\/#primaryimage"},"image":{"@id":"https:\/\/centro-cee.com\/web\/producto\/master-seo-y-e-commerce\/#primaryimage"},"thumbnailUrl":"https:\/\/centro-cee.com\/web\/wp-content\/uploads\/2023\/07\/imagen_2023-07-14_102319532.png","datePublished":"2023-07-14T08:20:37+00:00","dateModified":"2026-03-13T16:48:55+00:00","description":"Obt\u00e9n las habilidades y conocimientos necesarios para ser un experto con nuestro M\u00e1ster seo y e-commerce y posicionar paginas webs.","breadcrumb":{"@id":"https:\/\/centro-cee.com\/web\/producto\/master-seo-y-e-commerce\/#breadcrumb"},"inLanguage":"es","potentialAction":[{"@type":"ReadAction","target":["https:\/\/centro-cee.com\/web\/producto\/master-seo-y-e-commerce\/"]}]},{"@type":"ImageObject","inLanguage":"es","@id":"https:\/\/centro-cee.com\/web\/producto\/master-seo-y-e-commerce\/#primaryimage","url":"https:\/\/centro-cee.com\/web\/wp-content\/uploads\/2023\/07\/imagen_2023-07-14_102319532.png","contentUrl":"https:\/\/centro-cee.com\/web\/wp-content\/uploads\/2023\/07\/imagen_2023-07-14_102319532.png","width":560,"height":347,"caption":"m\u00e1ster seo y e-commerce"},{"@type":"BreadcrumbList","@id":"https:\/\/centro-cee.com\/web\/producto\/master-seo-y-e-commerce\/#breadcrumb","itemListElement":[{"@type":"ListItem","position":1,"name":"Portada","item":"https:\/\/centro-cee.com\/web\/"},{"@type":"ListItem","position":2,"name":"M\u00e1ster seo y e-commerce"}]},{"@type":"WebSite","@id":"https:\/\/centro-cee.com\/web\/#website","url":"https:\/\/centro-cee.com\/web\/","name":"Centro Europeo E-learning","description":"CEE Formaci\u00f3n Online","publisher":{"@id":"https:\/\/centro-cee.com\/web\/#organization"},"alternateName":"Centro Online de Formaci\u00f3n","potentialAction":[{"@type":"SearchAction","target":{"@type":"EntryPoint","urlTemplate":"https:\/\/centro-cee.com\/web\/?s={search_term_string}"},"query-input":{"@type":"PropertyValueSpecification","valueRequired":true,"valueName":"search_term_string"}}],"inLanguage":"es"},{"@type":"Organization","@id":"https:\/\/centro-cee.com\/web\/#organization","name":"Centro Europeo E-learning CEE","url":"https:\/\/centro-cee.com\/web\/","logo":{"@type":"ImageObject","inLanguage":"es","@id":"https:\/\/centro-cee.com\/web\/#\/schema\/logo\/image\/","url":"https:\/\/centro-cee.com\/web\/wp-content\/uploads\/2022\/12\/cropped-logo_educa.png","contentUrl":"https:\/\/centro-cee.com\/web\/wp-content\/uploads\/2022\/12\/cropped-logo_educa.png","width":157,"height":63,"caption":"Centro Europeo E-learning CEE"},"image":{"@id":"https:\/\/centro-cee.com\/web\/#\/schema\/logo\/image\/"},"sameAs":["https:\/\/www.instagram.com\/centroeuropeo_cee"]}]}},"_links":{"self":[{"href":"https:\/\/centro-cee.com\/web\/wp-json\/wp\/v2\/product\/1377","targetHints":{"allow":["GET"]}}],"collection":[{"href":"https:\/\/centro-cee.com\/web\/wp-json\/wp\/v2\/product"}],"about":[{"href":"https:\/\/centro-cee.com\/web\/wp-json\/wp\/v2\/types\/product"}],"replies":[{"embeddable":true,"href":"https:\/\/centro-cee.com\/web\/wp-json\/wp\/v2\/comments?post=1377"}],"wp:featuredmedia":[{"embeddable":true,"href":"https:\/\/centro-cee.com\/web\/wp-json\/wp\/v2\/media\/1378"}],"wp:attachment":[{"href":"https:\/\/centro-cee.com\/web\/wp-json\/wp\/v2\/media?parent=1377"}],"wp:term":[{"taxonomy":"product_brand","embeddable":true,"href":"https:\/\/centro-cee.com\/web\/wp-json\/wp\/v2\/product_brand?post=1377"},{"taxonomy":"product_cat","embeddable":true,"href":"https:\/\/centro-cee.com\/web\/wp-json\/wp\/v2\/product_cat?post=1377"},{"taxonomy":"product_tag","embeddable":true,"href":"https:\/\/centro-cee.com\/web\/wp-json\/wp\/v2\/product_tag?post=1377"}],"curies":[{"name":"wp","href":"https:\/\/api.w.org\/{rel}","templated":true}]}}