{"id":1375,"date":"2023-07-14T07:56:22","date_gmt":"2023-07-14T07:56:22","guid":{"rendered":"https:\/\/centro-cee.com\/web\/?post_type=product&#038;p=1375"},"modified":"2024-10-17T17:03:04","modified_gmt":"2024-10-17T17:03:04","slug":"master-en-periodismo-y-edicion-editorial-digital","status":"publish","type":"product","link":"https:\/\/centro-cee.com\/web\/producto\/master-en-periodismo-y-edicion-editorial-digital\/","title":{"rendered":"M\u00e1ster en periodismo y edici\u00f3n editorial digital"},"content":{"rendered":"<p><a href=\"https:\/\/centro-cee.com\/web\/formaciones\/\">Atr\u00e1s<\/a><\/p>\n<p><em><strong>M\u00e1ster en periodismo y edici\u00f3n editorial digital<\/strong><\/em><\/p>\n<p>Toda esta formaci\u00f3n se realiza 100% online en nuestro campus online de formaci\u00f3n.<\/p>\n<p>Las tutorias se realizan directamente desde el campus de estudio con la opci\u00f3n de mensajer\u00eda a profesores. Las tutorias son \u00aba demanda\u00bb, cuando necesites soporte nos lo pides.<\/p>\n<p>Los t\u00edtulos de Centro CEE est\u00e1n autenticados por la firma de notario que valida contenidos y autenticidad a nivel internacional. Nuestra organizaci\u00f3n pertenece a la Asociaci\u00f3n Espa\u00f1ola de Calidad, organizaci\u00f3n Espa\u00f1ola de referencia para la calidad en la formaci\u00f3n. La certificaci\u00f3n se puede apostillar por la Haya para cualquier pa\u00eds firmante del convenio de la Haya.<\/p>\n<p>Se puede pagar a plazos.<\/p>\n<p>Carga horaria de la formaci\u00f3n: 600h<\/p>\n<h2>Temario<\/h2>\n<hr \/>\n<p><strong>Tema 1: PERIODISMO<\/strong><br \/>\n1. PRESENTACI\u00d3N E INTRODUCCI\u00d3N<br \/>\n1. Definiciones de periodismo en el origen y en la actualidad.<\/p>\n<p>2. TEOR\u00cdA DE LA COMUNICACI\u00d3N<br \/>\n1. Historia del periodismo.<br \/>\n2. Organizaci\u00f3n y estructura de las empresas. Caracter\u00edsticas de las redacciones a lo largo del tiempo.<br \/>\n3. Evoluci\u00f3n del impreso al online.<\/p>\n<p>3. LA COMUNICACI\u00d3N<br \/>\n1. El concepto de la informaci\u00f3n<br \/>\n2. \u00c9tica de la comunicaci\u00f3n<br \/>\n3. Derecho de la informaci\u00f3n<\/p>\n<p>4. REDACCI\u00d3N PERIOD\u00cdSTICA<br \/>\n1. Redacci\u00f3n<br \/>\n2. La noticia<br \/>\nGeneradores, fuentes y el chequeo de la informaci\u00f3n. Desaf\u00edos y riesgos.<br \/>\n3. Entrevista<br \/>\n4. Investigaci\u00f3n y cr\u00f3nica<br \/>\n5. Fotoperiodismo<\/p>\n<p>5. LA EMPRESA Y SU ENTORNO<br \/>\n1. Marketing<br \/>\n2. Formatos<br \/>\n3. Periodismo radial<br \/>\n4. Periodismo en TV<\/p>\n<p>6. NUEVAS TECNOLOG\u00cdAS<br \/>\n1. Periodismo online<br \/>\n2. SEO \/ SEM<br \/>\n3. Gestion Comunidades virtuales.<br \/>\n4. Retoque fotogr\u00e1fco.<br \/>\n5. Edicion web.<\/p>\n<p><strong>Tema 2: MICROSOFT WORD<\/strong><\/p>\n<p>1. Introducci\u00f3n<br \/>\n2. Interface<br \/>\n3. Formatos<br \/>\n4. Fuente<br \/>\n5. P\u00e1rrafo<br \/>\n6. Insertar objetos<br \/>\n7. Elementos de p\u00e1gina<br \/>\n8. Tablas<br \/>\n9. Formato avanzado de listas y esquemas<br \/>\n10. Estilos y propiedades<br \/>\n11. Saltos e \u00edndices<br \/>\n12. Proteger documentos<br \/>\n13. Funciones avanzadas<br \/>\n14. Internet<\/p>\n<p><strong>Tema 3. INDESIN<\/strong><\/p>\n<p>1. Interface CS<br \/>\n2. P\u00e1gina maestra<br \/>\n3. Color<br \/>\n4. Herramientas de dibujo<br \/>\n5. Herramientas de edici\u00f3n<br \/>\n6. Modificadores<br \/>\n7. Herramientas de texto<br \/>\n8. Herramientas de parrafo<br \/>\n9. Tablas<br \/>\n10. Capas<br \/>\n11. Herramienta Insertar Notas<br \/>\n12. Texto en columna<br \/>\n13. Colocar im\u00e1genes<br \/>\n14. Exportar PDF<br \/>\n15. Impresi\u00f3n<br \/>\n16. Ejercicios pr\u00e1cticos<\/p>\n<p><strong>COMMUNITY MANAGER<\/strong><\/p>\n<p>1. Las redes sociales. El community manager<br \/>\n2. Monitorizar, analizar y medir las redes sociales: herramientas y t\u00e9cnicas<br \/>\n3. Las redes sociales en el plan de marketing<br \/>\n4. Las redes sociales y la comunicaci\u00f3n: su an\u00e1lisis como medio y como soporte publicitario<br \/>\n5. Construir relaciones: el nuevo marketing relacional<br \/>\n6. Creatividad y redes sociales<br \/>\n7. Los blogs<br \/>\n8. Descripci\u00f3n de las principales redes sociales<br \/>\n9. Mobile social media: los smartphones<\/p>\n<p><em><strong>M\u00e1ster en periodismo y edici\u00f3n editorial digital<\/strong><\/em><\/p>\n<hr \/>\n","protected":false},"excerpt":{"rendered":"<p><a href=\"https:\/\/centro-cee.com\/web\/formaciones\/\">Atr\u00e1s<\/a><\/p>\n<p>Como parte del temario de este curso, aprender\u00e1s definiciones de periodismo en el origen y en la actualidad; el concepto de la informaci\u00f3n; la \u00e9tica de la comunicaci\u00f3n; el derecho de la informaci\u00f3n; la redacci\u00f3n period\u00edstica; la labor del community manager; el marketing relacional; entre otras cuestiones.<\/p>\n<p>Se trata de una formaci\u00f3n online, que podr\u00e1s seguir desde la comodidad de casa, utilizando un ordenador o tablet con conexi\u00f3n a internet. Los contenidos son multimedia, interactivos y con audio, en general se evita el exceso de contenidos de texto. <\/p>\n","protected":false},"featured_media":1376,"comment_status":"closed","ping_status":"closed","template":"","meta":[],"product_brand":[],"product_cat":[17],"product_tag":[1015,1010,1012,1017,1011,1009,1014,1008,1016,1013],"class_list":{"0":"post-1375","1":"product","2":"type-product","3":"status-publish","4":"has-post-thumbnail","6":"product_cat-master","7":"product_tag-certificacion-en-periodismo-digital","8":"product_tag-curso-de-periodismo-y-medios-digitales","9":"product_tag-curso-online-de-periodismo-y-edicion","10":"product_tag-edicion-y-produccion-de-contenido-digital","11":"product_tag-especializacion-en-comunicacion-digital","12":"product_tag-formacion-en-edicion-editorial","13":"product_tag-gestion-de-contenido-digital","14":"product_tag-master-en-periodismo-digital","15":"product_tag-narrativa-multimedia","16":"product_tag-tecnicas-de-redaccion-digital","18":"first","19":"instock","20":"sale","21":"shipping-taxable","22":"purchasable","23":"product-type-simple"},"yoast_head":"<!-- This site is optimized with the Yoast SEO plugin v27.4 - https:\/\/yoast.com\/product\/yoast-seo-wordpress\/ -->\n<title>M\u00e1ster en periodismo y edici\u00f3n editorial digital<\/title>\n<meta name=\"description\" content=\"Obt\u00e9n las habilidades y conocimientos necesarios para ser un experto con nuestro M\u00e1ster en periodismo y edici\u00f3n editorial digital.\" \/>\n<meta name=\"robots\" content=\"index, follow, max-snippet:-1, max-image-preview:large, max-video-preview:-1\" \/>\n<link rel=\"canonical\" href=\"https:\/\/centro-cee.com\/web\/producto\/master-en-periodismo-y-edicion-editorial-digital\/\" \/>\n<meta property=\"og:locale\" content=\"es_ES\" \/>\n<meta property=\"og:type\" content=\"article\" \/>\n<meta property=\"og:title\" content=\"M\u00e1ster en periodismo y edici\u00f3n editorial digital\" \/>\n<meta property=\"og:description\" content=\"Obt\u00e9n las habilidades y conocimientos necesarios para ser un experto con nuestro M\u00e1ster en periodismo y edici\u00f3n editorial digital.\" \/>\n<meta property=\"og:url\" content=\"https:\/\/centro-cee.com\/web\/producto\/master-en-periodismo-y-edicion-editorial-digital\/\" \/>\n<meta property=\"og:site_name\" content=\"CEE Centro Europeo E-learning - Cursos online\" \/>\n<meta property=\"article:modified_time\" content=\"2024-10-17T17:03:04+00:00\" \/>\n<meta property=\"og:image\" content=\"https:\/\/centro-cee.com\/web\/wp-content\/uploads\/2023\/07\/imagen_2023-07-14_101927122.png\" \/>\n\t<meta property=\"og:image:width\" content=\"797\" \/>\n\t<meta property=\"og:image:height\" content=\"640\" \/>\n\t<meta property=\"og:image:type\" content=\"image\/png\" \/>\n<meta name=\"twitter:card\" content=\"summary_large_image\" \/>\n<meta name=\"twitter:label1\" content=\"Tiempo de lectura\" \/>\n\t<meta name=\"twitter:data1\" content=\"2 minutos\" \/>\n<script type=\"application\/ld+json\" class=\"yoast-schema-graph\">{\"@context\":\"https:\\\/\\\/schema.org\",\"@graph\":[{\"@type\":\"WebPage\",\"@id\":\"https:\\\/\\\/centro-cee.com\\\/web\\\/producto\\\/master-en-periodismo-y-edicion-editorial-digital\\\/\",\"url\":\"https:\\\/\\\/centro-cee.com\\\/web\\\/producto\\\/master-en-periodismo-y-edicion-editorial-digital\\\/\",\"name\":\"M\u00e1ster en periodismo y edici\u00f3n editorial digital\",\"isPartOf\":{\"@id\":\"https:\\\/\\\/centro-cee.com\\\/web\\\/#website\"},\"primaryImageOfPage\":{\"@id\":\"https:\\\/\\\/centro-cee.com\\\/web\\\/producto\\\/master-en-periodismo-y-edicion-editorial-digital\\\/#primaryimage\"},\"image\":{\"@id\":\"https:\\\/\\\/centro-cee.com\\\/web\\\/producto\\\/master-en-periodismo-y-edicion-editorial-digital\\\/#primaryimage\"},\"thumbnailUrl\":\"https:\\\/\\\/centro-cee.com\\\/web\\\/wp-content\\\/uploads\\\/2023\\\/07\\\/imagen_2023-07-14_101927122.png\",\"datePublished\":\"2023-07-14T07:56:22+00:00\",\"dateModified\":\"2024-10-17T17:03:04+00:00\",\"description\":\"Obt\u00e9n las habilidades y conocimientos necesarios para ser un experto con nuestro M\u00e1ster en periodismo y edici\u00f3n editorial digital.\",\"breadcrumb\":{\"@id\":\"https:\\\/\\\/centro-cee.com\\\/web\\\/producto\\\/master-en-periodismo-y-edicion-editorial-digital\\\/#breadcrumb\"},\"inLanguage\":\"es\",\"potentialAction\":[{\"@type\":\"ReadAction\",\"target\":[\"https:\\\/\\\/centro-cee.com\\\/web\\\/producto\\\/master-en-periodismo-y-edicion-editorial-digital\\\/\"]}]},{\"@type\":\"ImageObject\",\"inLanguage\":\"es\",\"@id\":\"https:\\\/\\\/centro-cee.com\\\/web\\\/producto\\\/master-en-periodismo-y-edicion-editorial-digital\\\/#primaryimage\",\"url\":\"https:\\\/\\\/centro-cee.com\\\/web\\\/wp-content\\\/uploads\\\/2023\\\/07\\\/imagen_2023-07-14_101927122.png\",\"contentUrl\":\"https:\\\/\\\/centro-cee.com\\\/web\\\/wp-content\\\/uploads\\\/2023\\\/07\\\/imagen_2023-07-14_101927122.png\",\"width\":797,\"height\":640,\"caption\":\"m\u00e1ster en periodismo y edici\u00f3n editorial digital\"},{\"@type\":\"BreadcrumbList\",\"@id\":\"https:\\\/\\\/centro-cee.com\\\/web\\\/producto\\\/master-en-periodismo-y-edicion-editorial-digital\\\/#breadcrumb\",\"itemListElement\":[{\"@type\":\"ListItem\",\"position\":1,\"name\":\"Portada\",\"item\":\"https:\\\/\\\/centro-cee.com\\\/web\\\/\"},{\"@type\":\"ListItem\",\"position\":2,\"name\":\"M\u00e1ster en periodismo y edici\u00f3n editorial digital\"}]},{\"@type\":\"WebSite\",\"@id\":\"https:\\\/\\\/centro-cee.com\\\/web\\\/#website\",\"url\":\"https:\\\/\\\/centro-cee.com\\\/web\\\/\",\"name\":\"Centro Europeo E-learning\",\"description\":\"CEE Formaci\u00f3n Online\",\"publisher\":{\"@id\":\"https:\\\/\\\/centro-cee.com\\\/web\\\/#organization\"},\"alternateName\":\"Centro Online de Formaci\u00f3n\",\"potentialAction\":[{\"@type\":\"SearchAction\",\"target\":{\"@type\":\"EntryPoint\",\"urlTemplate\":\"https:\\\/\\\/centro-cee.com\\\/web\\\/?s={search_term_string}\"},\"query-input\":{\"@type\":\"PropertyValueSpecification\",\"valueRequired\":true,\"valueName\":\"search_term_string\"}}],\"inLanguage\":\"es\"},{\"@type\":\"Organization\",\"@id\":\"https:\\\/\\\/centro-cee.com\\\/web\\\/#organization\",\"name\":\"Centro Europeo E-learning CEE\",\"url\":\"https:\\\/\\\/centro-cee.com\\\/web\\\/\",\"logo\":{\"@type\":\"ImageObject\",\"inLanguage\":\"es\",\"@id\":\"https:\\\/\\\/centro-cee.com\\\/web\\\/#\\\/schema\\\/logo\\\/image\\\/\",\"url\":\"https:\\\/\\\/centro-cee.com\\\/web\\\/wp-content\\\/uploads\\\/2022\\\/12\\\/cropped-logo_educa.png\",\"contentUrl\":\"https:\\\/\\\/centro-cee.com\\\/web\\\/wp-content\\\/uploads\\\/2022\\\/12\\\/cropped-logo_educa.png\",\"width\":157,\"height\":63,\"caption\":\"Centro Europeo E-learning CEE\"},\"image\":{\"@id\":\"https:\\\/\\\/centro-cee.com\\\/web\\\/#\\\/schema\\\/logo\\\/image\\\/\"},\"sameAs\":[\"https:\\\/\\\/www.instagram.com\\\/centroeuropeo_cee\"]}]}<\/script>\n<!-- \/ Yoast SEO plugin. -->","yoast_head_json":{"title":"M\u00e1ster en periodismo y edici\u00f3n editorial digital","description":"Obt\u00e9n las habilidades y conocimientos necesarios para ser un experto con nuestro M\u00e1ster en periodismo y edici\u00f3n editorial digital.","robots":{"index":"index","follow":"follow","max-snippet":"max-snippet:-1","max-image-preview":"max-image-preview:large","max-video-preview":"max-video-preview:-1"},"canonical":"https:\/\/centro-cee.com\/web\/producto\/master-en-periodismo-y-edicion-editorial-digital\/","og_locale":"es_ES","og_type":"article","og_title":"M\u00e1ster en periodismo y edici\u00f3n editorial digital","og_description":"Obt\u00e9n las habilidades y conocimientos necesarios para ser un experto con nuestro M\u00e1ster en periodismo y edici\u00f3n editorial digital.","og_url":"https:\/\/centro-cee.com\/web\/producto\/master-en-periodismo-y-edicion-editorial-digital\/","og_site_name":"CEE Centro Europeo E-learning - Cursos online","article_modified_time":"2024-10-17T17:03:04+00:00","og_image":[{"width":797,"height":640,"url":"https:\/\/centro-cee.com\/web\/wp-content\/uploads\/2023\/07\/imagen_2023-07-14_101927122.png","type":"image\/png"}],"twitter_card":"summary_large_image","twitter_misc":{"Tiempo de lectura":"2 minutos"},"schema":{"@context":"https:\/\/schema.org","@graph":[{"@type":"WebPage","@id":"https:\/\/centro-cee.com\/web\/producto\/master-en-periodismo-y-edicion-editorial-digital\/","url":"https:\/\/centro-cee.com\/web\/producto\/master-en-periodismo-y-edicion-editorial-digital\/","name":"M\u00e1ster en periodismo y edici\u00f3n editorial digital","isPartOf":{"@id":"https:\/\/centro-cee.com\/web\/#website"},"primaryImageOfPage":{"@id":"https:\/\/centro-cee.com\/web\/producto\/master-en-periodismo-y-edicion-editorial-digital\/#primaryimage"},"image":{"@id":"https:\/\/centro-cee.com\/web\/producto\/master-en-periodismo-y-edicion-editorial-digital\/#primaryimage"},"thumbnailUrl":"https:\/\/centro-cee.com\/web\/wp-content\/uploads\/2023\/07\/imagen_2023-07-14_101927122.png","datePublished":"2023-07-14T07:56:22+00:00","dateModified":"2024-10-17T17:03:04+00:00","description":"Obt\u00e9n las habilidades y conocimientos necesarios para ser un experto con nuestro M\u00e1ster en periodismo y edici\u00f3n editorial digital.","breadcrumb":{"@id":"https:\/\/centro-cee.com\/web\/producto\/master-en-periodismo-y-edicion-editorial-digital\/#breadcrumb"},"inLanguage":"es","potentialAction":[{"@type":"ReadAction","target":["https:\/\/centro-cee.com\/web\/producto\/master-en-periodismo-y-edicion-editorial-digital\/"]}]},{"@type":"ImageObject","inLanguage":"es","@id":"https:\/\/centro-cee.com\/web\/producto\/master-en-periodismo-y-edicion-editorial-digital\/#primaryimage","url":"https:\/\/centro-cee.com\/web\/wp-content\/uploads\/2023\/07\/imagen_2023-07-14_101927122.png","contentUrl":"https:\/\/centro-cee.com\/web\/wp-content\/uploads\/2023\/07\/imagen_2023-07-14_101927122.png","width":797,"height":640,"caption":"m\u00e1ster en periodismo y edici\u00f3n editorial digital"},{"@type":"BreadcrumbList","@id":"https:\/\/centro-cee.com\/web\/producto\/master-en-periodismo-y-edicion-editorial-digital\/#breadcrumb","itemListElement":[{"@type":"ListItem","position":1,"name":"Portada","item":"https:\/\/centro-cee.com\/web\/"},{"@type":"ListItem","position":2,"name":"M\u00e1ster en periodismo y edici\u00f3n editorial digital"}]},{"@type":"WebSite","@id":"https:\/\/centro-cee.com\/web\/#website","url":"https:\/\/centro-cee.com\/web\/","name":"Centro Europeo E-learning","description":"CEE Formaci\u00f3n Online","publisher":{"@id":"https:\/\/centro-cee.com\/web\/#organization"},"alternateName":"Centro Online de Formaci\u00f3n","potentialAction":[{"@type":"SearchAction","target":{"@type":"EntryPoint","urlTemplate":"https:\/\/centro-cee.com\/web\/?s={search_term_string}"},"query-input":{"@type":"PropertyValueSpecification","valueRequired":true,"valueName":"search_term_string"}}],"inLanguage":"es"},{"@type":"Organization","@id":"https:\/\/centro-cee.com\/web\/#organization","name":"Centro Europeo E-learning CEE","url":"https:\/\/centro-cee.com\/web\/","logo":{"@type":"ImageObject","inLanguage":"es","@id":"https:\/\/centro-cee.com\/web\/#\/schema\/logo\/image\/","url":"https:\/\/centro-cee.com\/web\/wp-content\/uploads\/2022\/12\/cropped-logo_educa.png","contentUrl":"https:\/\/centro-cee.com\/web\/wp-content\/uploads\/2022\/12\/cropped-logo_educa.png","width":157,"height":63,"caption":"Centro Europeo E-learning CEE"},"image":{"@id":"https:\/\/centro-cee.com\/web\/#\/schema\/logo\/image\/"},"sameAs":["https:\/\/www.instagram.com\/centroeuropeo_cee"]}]}},"_links":{"self":[{"href":"https:\/\/centro-cee.com\/web\/wp-json\/wp\/v2\/product\/1375","targetHints":{"allow":["GET"]}}],"collection":[{"href":"https:\/\/centro-cee.com\/web\/wp-json\/wp\/v2\/product"}],"about":[{"href":"https:\/\/centro-cee.com\/web\/wp-json\/wp\/v2\/types\/product"}],"replies":[{"embeddable":true,"href":"https:\/\/centro-cee.com\/web\/wp-json\/wp\/v2\/comments?post=1375"}],"wp:featuredmedia":[{"embeddable":true,"href":"https:\/\/centro-cee.com\/web\/wp-json\/wp\/v2\/media\/1376"}],"wp:attachment":[{"href":"https:\/\/centro-cee.com\/web\/wp-json\/wp\/v2\/media?parent=1375"}],"wp:term":[{"taxonomy":"product_brand","embeddable":true,"href":"https:\/\/centro-cee.com\/web\/wp-json\/wp\/v2\/product_brand?post=1375"},{"taxonomy":"product_cat","embeddable":true,"href":"https:\/\/centro-cee.com\/web\/wp-json\/wp\/v2\/product_cat?post=1375"},{"taxonomy":"product_tag","embeddable":true,"href":"https:\/\/centro-cee.com\/web\/wp-json\/wp\/v2\/product_tag?post=1375"}],"curies":[{"name":"wp","href":"https:\/\/api.w.org\/{rel}","templated":true}]}}