{"id":1369,"date":"2023-07-13T09:31:13","date_gmt":"2023-07-13T09:31:13","guid":{"rendered":"https:\/\/centro-cee.com\/web\/?post_type=product&#038;p=1369"},"modified":"2024-12-17T13:19:54","modified_gmt":"2024-12-17T13:19:54","slug":"operaciones-auxiliares-de-mantenimiento-en-electromecanica-de-vehiculos-2","status":"publish","type":"product","link":"https:\/\/centro-cee.com\/web\/producto\/operaciones-auxiliares-de-mantenimiento-en-electromecanica-de-vehiculos-2\/","title":{"rendered":"Experto en Mec\u00e1nica de Direcci\u00f3n, Suspensi\u00f3n y Frenos ABS"},"content":{"rendered":"<p><a href=\"https:\/\/centro-cee.com\/web\/formaciones\/\">Atr\u00e1s<\/a><\/p>\n<p><em><strong>Experto en Mec\u00e1nica de Direcci\u00f3n, Suspensi\u00f3n y Frenos ABS<\/strong><\/em><\/p>\n<p>Toda esta formaci\u00f3n se realiza 100% online en nuestro campus online de formaci\u00f3n.<\/p>\n<p>Las tutorias se realizan directamente desde el campus de estudio con la opci\u00f3n de mensajer\u00eda a profesores. Las tutorias son \u00aba demanda\u00bb, cuando necesites soporte nos lo pides.<\/p>\n<p>Los t\u00edtulos de Centro CEE est\u00e1n autenticados por la firma de notario que valida contenidos y autenticidad a nivel internacional. Nuestra organizaci\u00f3n pertenece a la Asociaci\u00f3n Espa\u00f1ola de Calidad, organizaci\u00f3n Espa\u00f1ola de referencia para la calidad en la formaci\u00f3n. La certificaci\u00f3n se puede apostillar por la Haya para cualquier pa\u00eds firmante del convenio de la Haya.<\/p>\n<p>Se puede pagar a plazos.<\/p>\n<p>Carga horaria de la formaci\u00f3n: 310h<\/p>\n<h2>Temario<\/h2>\n<hr \/>\n<p>TEMA 1. SISTEMAS DE DIRECCI\u00d3N<\/p>\n<p>&nbsp;<\/p>\n<p>Introducci\u00f3n a los sistemas de direcci\u00f3n<\/p>\n<p>Misi\u00f3n de un sistema de direcci\u00f3n<\/p>\n<p>Caracter\u00edsticas del sistema de direcci\u00f3n<\/p>\n<p>Tipos de sistemas de direcci\u00f3n<\/p>\n<p>Elementos del sistema de direcci\u00f3n<\/p>\n<p>Mecanismo de la direcci\u00f3n<\/p>\n<p>Mecanismo de direcci\u00f3n de cremallera<\/p>\n<p>Mecanismo de direcci\u00f3n de tornillo sinf\u00edn<\/p>\n<p>Geometr\u00eda de la direcci\u00f3n<\/p>\n<p>Geometr\u00eda de giro<\/p>\n<p>Geometr\u00eda de las ruedas<\/p>\n<p>Sistema de direcci\u00f3n asistida<\/p>\n<p>Direcci\u00f3n asistida hidr\u00e1ulica<\/p>\n<p>Direcci\u00f3n de asistencia variable hidr\u00e1ulica<\/p>\n<p>Direcci\u00f3n asistida electrohidr\u00e1ulica<\/p>\n<p>Direcci\u00f3n asistida electromec\u00e1nica<\/p>\n<p>Direcci\u00f3n de asistencia variable electromec\u00e1nica<\/p>\n<p>Mantenimiento del sistema de direcci\u00f3n<\/p>\n<p>Detecci\u00f3n de aver\u00edas<\/p>\n<p>&nbsp;<\/p>\n<p>TEMA 2. SISTEMAS DE SUSPENSI\u00d3N<\/p>\n<p>&nbsp;<\/p>\n<p>Introducci\u00f3n a los sistemas de suspensi\u00f3n<\/p>\n<p>Misi\u00f3n de los sistemas de suspensi\u00f3n<\/p>\n<p>Caracter\u00edsticas de los sistemas de suspensi\u00f3n<\/p>\n<p>Elementos del sistema de suspensi\u00f3n<\/p>\n<p>Ballestas<\/p>\n<p>Muelles helicoidales<\/p>\n<p>Barras de torsi\u00f3n<\/p>\n<p>Amortiguadores<\/p>\n<p>Barras estabilizadoras<\/p>\n<p>Otros elementos<\/p>\n<p>Sistemas de suspensi\u00f3n<\/p>\n<p>Suspensi\u00f3n delantera<\/p>\n<p>Suspensi\u00f3n trasera<\/p>\n<p>Sistemas de suspensi\u00f3n especiales<\/p>\n<p>Mantenimiento del sistema de suspensi\u00f3n<\/p>\n<p>Posibles aver\u00edas<\/p>\n<p>&nbsp;<\/p>\n<p>TEMA 3. SISTEMAS DE FRENADO<\/p>\n<p>&nbsp;<\/p>\n<p>Introducci\u00f3n a los sistemas de frenado<\/p>\n<p>Misi\u00f3n de un sistema de frenado<\/p>\n<p>Componentes del sistema de frenado<\/p>\n<p>Tipos de construcci\u00f3n<\/p>\n<p>Elementos generales del sistema de frenado<\/p>\n<p>Sistemas de frenado<\/p>\n<p>Tipos de sistemas de frenado<\/p>\n<p>Frenos de tambor<\/p>\n<p>Frenos de disco<\/p>\n<p>Sistemas electr\u00f3nicos de seguridad<\/p>\n<p>Sistema antibloqueo de frenos (ABS)<\/p>\n<p>Sistema de bloqueo electr\u00f3nico del diferencial (EDS)<\/p>\n<p>Sistema de distribuci\u00f3n electr\u00f3nica de la fuerza de frenado (EBD)<\/p>\n<p>Sistema de asistencia a la frenada de emergencia (BAS)<\/p>\n<p>Sistema de control de tracci\u00f3n<\/p>\n<p>Programa electr\u00f3nico de estabilidad (ESP)<\/p>\n<p>Mantenimiento del sistema de frenos<\/p>\n<p>Posibles aver\u00edas del sistema de frenado<\/p>\n<p>&nbsp;<\/p>\n<p>TEMA 4. PREVENCI\u00d3N DE RIESGOS LABORALES EN ACTIVIDADES DE MEC\u00c1NICA DEL AUTOM\u00d3VIL<\/p>\n<p>&nbsp;<\/p>\n<p>Normativa de prevenci\u00f3n de riesgos laborales<\/p>\n<p>Identificaci\u00f3n de los riesgos de la actividad profesional<\/p>\n<p>Contaminantes f\u00edsicos<\/p>\n<p>Contaminantes qu\u00edmicos<\/p>\n<p>Contaminantes biol\u00f3gicos<\/p>\n<p>Medidas de autoprotecci\u00f3n personal. Equipos de protecci\u00f3n individual. (EPIs)<\/p>\n<p>Definici\u00f3n de Equipo de Protecci\u00f3n Individual<\/p>\n<p>Condiciones de los EPIs<\/p>\n<p>Elecci\u00f3n, utilizaci\u00f3n y mantenimiento de EPIs<\/p>\n<p>Obligaciones Referentes a los EPIs<\/p>\n<p>Fundamento de la ergonom\u00eda y mec\u00e1nica corporal<\/p>\n<p>Estructuras \u00f3seas y musculares implicadas en el levantamiento de cargas<\/p>\n<p>Biomec\u00e1nica de la columna vertebral y sus elementos principales<\/p>\n<p>T\u00e9cnicas de levantamiento y transporte de cargas<\/p>\n<p>Ejercicios de flexibilizaci\u00f3n y potenciaci\u00f3n muscular para prevenci\u00f3n de lesiones<\/p>\n<p><em><strong>Experto en Mec\u00e1nica de Direcci\u00f3n, Suspensi\u00f3n y Frenos ABS<\/strong><\/em><\/p>\n<hr \/>\n","protected":false},"excerpt":{"rendered":"<p><a href=\"https:\/\/centro-cee.com\/web\/formaciones\/\">Atr\u00e1s<\/a><\/p>\n<p>La formaci\u00f3n lo acreditara para poder ejercer como auxiliar de mec\u00e1nico, ya que te formaras en especialidades de electricidad y mec\u00e1nica de autom\u00f3viles. Estudiar\u00e1s la tecnolog\u00eda del mecanizado, uniones desmontables, interpretaci\u00f3n de planos, etc. Te formaras en metrolog\u00eda, para conocer aparatos de medida directa, por comparaci\u00f3n, as\u00ed como tambi\u00e9n estudiaras las diferencias en soldadura blanda y el\u00e9ctrica. Por otra parte, podr\u00e1s conocer las t\u00e9cnicas b\u00e1sicas de mec\u00e1nica, para diferenciar los sistemas que componen la mec\u00e1nica del veh\u00edculo, utilizando la maquinaria necesaria y la norma de prevenci\u00f3n de riesgos laborales.<\/p>\n<p>\u00a1Resuelve tus dudas haciendo click y conoce toda la informaci\u00f3n que tenemos para ti! Asimismo, como acceder al proceso de matr\u00edcula.<\/p>\n","protected":false},"featured_media":1371,"comment_status":"closed","ping_status":"closed","template":"","meta":[],"product_brand":[],"product_cat":[34],"product_tag":[1024,1018,1023,1019,1020,1025,1021,1026,1022,1027],"class_list":{"0":"post-1369","1":"product","2":"type-product","3":"status-publish","4":"has-post-thumbnail","6":"product_cat-tecnicos","7":"product_tag-certificacion-en-frenos-abs","8":"product_tag-curso-de-mecanica-de-direccion","9":"product_tag-curso-online-de-mecanica-automotriz","10":"product_tag-especialista-en-suspension-y-frenos","11":"product_tag-formacion-en-sistemas-de-frenos-abs","12":"product_tag-mantenimiento-de-sistemas-de-direccion","13":"product_tag-mecanica-automotriz-avanzada","14":"product_tag-reparacion-de-suspension-automotriz","15":"product_tag-tecnicas-de-diagnostico-en-direccion-y-suspension","16":"product_tag-tecnologias-en-mecanica-automotriz","18":"first","19":"instock","20":"sale","21":"shipping-taxable","22":"purchasable","23":"product-type-simple"},"yoast_head":"<!-- This site is optimized with the Yoast SEO plugin v27.5 - https:\/\/yoast.com\/product\/yoast-seo-wordpress\/ -->\n<title>Experto en Mec\u00e1nica de Direcci\u00f3n Suspensi\u00f3n y Frenos ABS<\/title>\n<meta name=\"description\" content=\"Obt\u00e9n las habilidades necesarias para ser un experto con nuestro curso superior Experto en Mec\u00e1nica de Direcci\u00f3n Suspensi\u00f3n y Frenos ABS\" \/>\n<meta name=\"robots\" content=\"index, follow, max-snippet:-1, max-image-preview:large, max-video-preview:-1\" \/>\n<link rel=\"canonical\" href=\"https:\/\/centro-cee.com\/web\/producto\/operaciones-auxiliares-de-mantenimiento-en-electromecanica-de-vehiculos-2\/\" \/>\n<meta property=\"og:locale\" content=\"es_ES\" \/>\n<meta property=\"og:type\" content=\"article\" \/>\n<meta property=\"og:title\" content=\"Experto en Mec\u00e1nica de Direcci\u00f3n Suspensi\u00f3n y Frenos ABS\" \/>\n<meta property=\"og:description\" content=\"Obt\u00e9n las habilidades necesarias para ser un experto con nuestro curso superior Experto en Mec\u00e1nica de Direcci\u00f3n Suspensi\u00f3n y Frenos ABS\" \/>\n<meta property=\"og:url\" content=\"https:\/\/centro-cee.com\/web\/producto\/operaciones-auxiliares-de-mantenimiento-en-electromecanica-de-vehiculos-2\/\" \/>\n<meta property=\"og:site_name\" content=\"CEE Centro Europeo E-learning - Cursos online\" \/>\n<meta property=\"article:modified_time\" content=\"2024-12-17T13:19:54+00:00\" \/>\n<meta property=\"og:image\" content=\"https:\/\/centro-cee.com\/web\/wp-content\/uploads\/2023\/07\/imagen_2023-07-13_133349431.png\" \/>\n\t<meta property=\"og:image:width\" content=\"801\" \/>\n\t<meta property=\"og:image:height\" content=\"450\" \/>\n\t<meta property=\"og:image:type\" content=\"image\/png\" \/>\n<meta name=\"twitter:card\" content=\"summary_large_image\" \/>\n<meta name=\"twitter:label1\" content=\"Tiempo de lectura\" \/>\n\t<meta name=\"twitter:data1\" content=\"3 minutos\" \/>\n<script type=\"application\/ld+json\" class=\"yoast-schema-graph\">{\"@context\":\"https:\\\/\\\/schema.org\",\"@graph\":[{\"@type\":\"WebPage\",\"@id\":\"https:\\\/\\\/centro-cee.com\\\/web\\\/producto\\\/operaciones-auxiliares-de-mantenimiento-en-electromecanica-de-vehiculos-2\\\/\",\"url\":\"https:\\\/\\\/centro-cee.com\\\/web\\\/producto\\\/operaciones-auxiliares-de-mantenimiento-en-electromecanica-de-vehiculos-2\\\/\",\"name\":\"Experto en Mec\u00e1nica de Direcci\u00f3n Suspensi\u00f3n y Frenos ABS\",\"isPartOf\":{\"@id\":\"https:\\\/\\\/centro-cee.com\\\/web\\\/#website\"},\"primaryImageOfPage\":{\"@id\":\"https:\\\/\\\/centro-cee.com\\\/web\\\/producto\\\/operaciones-auxiliares-de-mantenimiento-en-electromecanica-de-vehiculos-2\\\/#primaryimage\"},\"image\":{\"@id\":\"https:\\\/\\\/centro-cee.com\\\/web\\\/producto\\\/operaciones-auxiliares-de-mantenimiento-en-electromecanica-de-vehiculos-2\\\/#primaryimage\"},\"thumbnailUrl\":\"https:\\\/\\\/centro-cee.com\\\/web\\\/wp-content\\\/uploads\\\/2023\\\/07\\\/imagen_2023-07-13_133349431.png\",\"datePublished\":\"2023-07-13T09:31:13+00:00\",\"dateModified\":\"2024-12-17T13:19:54+00:00\",\"description\":\"Obt\u00e9n las habilidades necesarias para ser un experto con nuestro curso superior Experto en Mec\u00e1nica de Direcci\u00f3n Suspensi\u00f3n y Frenos ABS\",\"breadcrumb\":{\"@id\":\"https:\\\/\\\/centro-cee.com\\\/web\\\/producto\\\/operaciones-auxiliares-de-mantenimiento-en-electromecanica-de-vehiculos-2\\\/#breadcrumb\"},\"inLanguage\":\"es\",\"potentialAction\":[{\"@type\":\"ReadAction\",\"target\":[\"https:\\\/\\\/centro-cee.com\\\/web\\\/producto\\\/operaciones-auxiliares-de-mantenimiento-en-electromecanica-de-vehiculos-2\\\/\"]}]},{\"@type\":\"ImageObject\",\"inLanguage\":\"es\",\"@id\":\"https:\\\/\\\/centro-cee.com\\\/web\\\/producto\\\/operaciones-auxiliares-de-mantenimiento-en-electromecanica-de-vehiculos-2\\\/#primaryimage\",\"url\":\"https:\\\/\\\/centro-cee.com\\\/web\\\/wp-content\\\/uploads\\\/2023\\\/07\\\/imagen_2023-07-13_133349431.png\",\"contentUrl\":\"https:\\\/\\\/centro-cee.com\\\/web\\\/wp-content\\\/uploads\\\/2023\\\/07\\\/imagen_2023-07-13_133349431.png\",\"width\":801,\"height\":450,\"caption\":\"Experto en Mec\u00e1nica de Direcci\u00f3n, Suspensi\u00f3n y Frenos ABS\"},{\"@type\":\"BreadcrumbList\",\"@id\":\"https:\\\/\\\/centro-cee.com\\\/web\\\/producto\\\/operaciones-auxiliares-de-mantenimiento-en-electromecanica-de-vehiculos-2\\\/#breadcrumb\",\"itemListElement\":[{\"@type\":\"ListItem\",\"position\":1,\"name\":\"Portada\",\"item\":\"https:\\\/\\\/centro-cee.com\\\/web\\\/\"},{\"@type\":\"ListItem\",\"position\":2,\"name\":\"Experto en Mec\u00e1nica de Direcci\u00f3n, Suspensi\u00f3n y Frenos ABS\"}]},{\"@type\":\"WebSite\",\"@id\":\"https:\\\/\\\/centro-cee.com\\\/web\\\/#website\",\"url\":\"https:\\\/\\\/centro-cee.com\\\/web\\\/\",\"name\":\"Centro Europeo E-learning\",\"description\":\"CEE Formaci\u00f3n Online\",\"publisher\":{\"@id\":\"https:\\\/\\\/centro-cee.com\\\/web\\\/#organization\"},\"alternateName\":\"Centro Online de Formaci\u00f3n\",\"potentialAction\":[{\"@type\":\"SearchAction\",\"target\":{\"@type\":\"EntryPoint\",\"urlTemplate\":\"https:\\\/\\\/centro-cee.com\\\/web\\\/?s={search_term_string}\"},\"query-input\":{\"@type\":\"PropertyValueSpecification\",\"valueRequired\":true,\"valueName\":\"search_term_string\"}}],\"inLanguage\":\"es\"},{\"@type\":\"Organization\",\"@id\":\"https:\\\/\\\/centro-cee.com\\\/web\\\/#organization\",\"name\":\"Centro Europeo E-learning CEE\",\"url\":\"https:\\\/\\\/centro-cee.com\\\/web\\\/\",\"logo\":{\"@type\":\"ImageObject\",\"inLanguage\":\"es\",\"@id\":\"https:\\\/\\\/centro-cee.com\\\/web\\\/#\\\/schema\\\/logo\\\/image\\\/\",\"url\":\"https:\\\/\\\/centro-cee.com\\\/web\\\/wp-content\\\/uploads\\\/2022\\\/12\\\/cropped-logo_educa.png\",\"contentUrl\":\"https:\\\/\\\/centro-cee.com\\\/web\\\/wp-content\\\/uploads\\\/2022\\\/12\\\/cropped-logo_educa.png\",\"width\":157,\"height\":63,\"caption\":\"Centro Europeo E-learning CEE\"},\"image\":{\"@id\":\"https:\\\/\\\/centro-cee.com\\\/web\\\/#\\\/schema\\\/logo\\\/image\\\/\"},\"sameAs\":[\"https:\\\/\\\/www.instagram.com\\\/centroeuropeo_cee\"]}]}<\/script>\n<!-- \/ Yoast SEO plugin. -->","yoast_head_json":{"title":"Experto en Mec\u00e1nica de Direcci\u00f3n Suspensi\u00f3n y Frenos ABS","description":"Obt\u00e9n las habilidades necesarias para ser un experto con nuestro curso superior Experto en Mec\u00e1nica de Direcci\u00f3n Suspensi\u00f3n y Frenos ABS","robots":{"index":"index","follow":"follow","max-snippet":"max-snippet:-1","max-image-preview":"max-image-preview:large","max-video-preview":"max-video-preview:-1"},"canonical":"https:\/\/centro-cee.com\/web\/producto\/operaciones-auxiliares-de-mantenimiento-en-electromecanica-de-vehiculos-2\/","og_locale":"es_ES","og_type":"article","og_title":"Experto en Mec\u00e1nica de Direcci\u00f3n Suspensi\u00f3n y Frenos ABS","og_description":"Obt\u00e9n las habilidades necesarias para ser un experto con nuestro curso superior Experto en Mec\u00e1nica de Direcci\u00f3n Suspensi\u00f3n y Frenos ABS","og_url":"https:\/\/centro-cee.com\/web\/producto\/operaciones-auxiliares-de-mantenimiento-en-electromecanica-de-vehiculos-2\/","og_site_name":"CEE Centro Europeo E-learning - Cursos online","article_modified_time":"2024-12-17T13:19:54+00:00","og_image":[{"width":801,"height":450,"url":"https:\/\/centro-cee.com\/web\/wp-content\/uploads\/2023\/07\/imagen_2023-07-13_133349431.png","type":"image\/png"}],"twitter_card":"summary_large_image","twitter_misc":{"Tiempo de lectura":"3 minutos"},"schema":{"@context":"https:\/\/schema.org","@graph":[{"@type":"WebPage","@id":"https:\/\/centro-cee.com\/web\/producto\/operaciones-auxiliares-de-mantenimiento-en-electromecanica-de-vehiculos-2\/","url":"https:\/\/centro-cee.com\/web\/producto\/operaciones-auxiliares-de-mantenimiento-en-electromecanica-de-vehiculos-2\/","name":"Experto en Mec\u00e1nica de Direcci\u00f3n Suspensi\u00f3n y Frenos ABS","isPartOf":{"@id":"https:\/\/centro-cee.com\/web\/#website"},"primaryImageOfPage":{"@id":"https:\/\/centro-cee.com\/web\/producto\/operaciones-auxiliares-de-mantenimiento-en-electromecanica-de-vehiculos-2\/#primaryimage"},"image":{"@id":"https:\/\/centro-cee.com\/web\/producto\/operaciones-auxiliares-de-mantenimiento-en-electromecanica-de-vehiculos-2\/#primaryimage"},"thumbnailUrl":"https:\/\/centro-cee.com\/web\/wp-content\/uploads\/2023\/07\/imagen_2023-07-13_133349431.png","datePublished":"2023-07-13T09:31:13+00:00","dateModified":"2024-12-17T13:19:54+00:00","description":"Obt\u00e9n las habilidades necesarias para ser un experto con nuestro curso superior Experto en Mec\u00e1nica de Direcci\u00f3n Suspensi\u00f3n y Frenos ABS","breadcrumb":{"@id":"https:\/\/centro-cee.com\/web\/producto\/operaciones-auxiliares-de-mantenimiento-en-electromecanica-de-vehiculos-2\/#breadcrumb"},"inLanguage":"es","potentialAction":[{"@type":"ReadAction","target":["https:\/\/centro-cee.com\/web\/producto\/operaciones-auxiliares-de-mantenimiento-en-electromecanica-de-vehiculos-2\/"]}]},{"@type":"ImageObject","inLanguage":"es","@id":"https:\/\/centro-cee.com\/web\/producto\/operaciones-auxiliares-de-mantenimiento-en-electromecanica-de-vehiculos-2\/#primaryimage","url":"https:\/\/centro-cee.com\/web\/wp-content\/uploads\/2023\/07\/imagen_2023-07-13_133349431.png","contentUrl":"https:\/\/centro-cee.com\/web\/wp-content\/uploads\/2023\/07\/imagen_2023-07-13_133349431.png","width":801,"height":450,"caption":"Experto en Mec\u00e1nica de Direcci\u00f3n, Suspensi\u00f3n y Frenos ABS"},{"@type":"BreadcrumbList","@id":"https:\/\/centro-cee.com\/web\/producto\/operaciones-auxiliares-de-mantenimiento-en-electromecanica-de-vehiculos-2\/#breadcrumb","itemListElement":[{"@type":"ListItem","position":1,"name":"Portada","item":"https:\/\/centro-cee.com\/web\/"},{"@type":"ListItem","position":2,"name":"Experto en Mec\u00e1nica de Direcci\u00f3n, Suspensi\u00f3n y Frenos ABS"}]},{"@type":"WebSite","@id":"https:\/\/centro-cee.com\/web\/#website","url":"https:\/\/centro-cee.com\/web\/","name":"Centro Europeo E-learning","description":"CEE Formaci\u00f3n Online","publisher":{"@id":"https:\/\/centro-cee.com\/web\/#organization"},"alternateName":"Centro Online de Formaci\u00f3n","potentialAction":[{"@type":"SearchAction","target":{"@type":"EntryPoint","urlTemplate":"https:\/\/centro-cee.com\/web\/?s={search_term_string}"},"query-input":{"@type":"PropertyValueSpecification","valueRequired":true,"valueName":"search_term_string"}}],"inLanguage":"es"},{"@type":"Organization","@id":"https:\/\/centro-cee.com\/web\/#organization","name":"Centro Europeo E-learning CEE","url":"https:\/\/centro-cee.com\/web\/","logo":{"@type":"ImageObject","inLanguage":"es","@id":"https:\/\/centro-cee.com\/web\/#\/schema\/logo\/image\/","url":"https:\/\/centro-cee.com\/web\/wp-content\/uploads\/2022\/12\/cropped-logo_educa.png","contentUrl":"https:\/\/centro-cee.com\/web\/wp-content\/uploads\/2022\/12\/cropped-logo_educa.png","width":157,"height":63,"caption":"Centro Europeo E-learning CEE"},"image":{"@id":"https:\/\/centro-cee.com\/web\/#\/schema\/logo\/image\/"},"sameAs":["https:\/\/www.instagram.com\/centroeuropeo_cee"]}]}},"_links":{"self":[{"href":"https:\/\/centro-cee.com\/web\/wp-json\/wp\/v2\/product\/1369","targetHints":{"allow":["GET"]}}],"collection":[{"href":"https:\/\/centro-cee.com\/web\/wp-json\/wp\/v2\/product"}],"about":[{"href":"https:\/\/centro-cee.com\/web\/wp-json\/wp\/v2\/types\/product"}],"replies":[{"embeddable":true,"href":"https:\/\/centro-cee.com\/web\/wp-json\/wp\/v2\/comments?post=1369"}],"wp:featuredmedia":[{"embeddable":true,"href":"https:\/\/centro-cee.com\/web\/wp-json\/wp\/v2\/media\/1371"}],"wp:attachment":[{"href":"https:\/\/centro-cee.com\/web\/wp-json\/wp\/v2\/media?parent=1369"}],"wp:term":[{"taxonomy":"product_brand","embeddable":true,"href":"https:\/\/centro-cee.com\/web\/wp-json\/wp\/v2\/product_brand?post=1369"},{"taxonomy":"product_cat","embeddable":true,"href":"https:\/\/centro-cee.com\/web\/wp-json\/wp\/v2\/product_cat?post=1369"},{"taxonomy":"product_tag","embeddable":true,"href":"https:\/\/centro-cee.com\/web\/wp-json\/wp\/v2\/product_tag?post=1369"}],"curies":[{"name":"wp","href":"https:\/\/api.w.org\/{rel}","templated":true}]}}