{"id":1317,"date":"2023-06-19T10:34:48","date_gmt":"2023-06-19T10:34:48","guid":{"rendered":"https:\/\/centro-cee.com\/web\/?post_type=product&#038;p=1317"},"modified":"2024-10-18T10:29:27","modified_gmt":"2024-10-18T10:29:27","slug":"experto-en-reparacion-y-mantenimiento-de-motores","status":"publish","type":"product","link":"https:\/\/centro-cee.com\/web\/producto\/experto-en-reparacion-y-mantenimiento-de-motores\/","title":{"rendered":"Experto en reparaci\u00f3n y mantenimiento de motores"},"content":{"rendered":"<p><a href=\"https:\/\/centro-cee.com\/web\/formaciones\/\">Atr\u00e1s<\/a><\/p>\n<p><em><strong>Experto en reparaci\u00f3n y mantenimiento de motores<\/strong><\/em><\/p>\n<p>Toda esta formaci\u00f3n se realiza 100% online en nuestro campus online de formaci\u00f3n.<\/p>\n<p>Las tutorias se realizan directamente desde el campus de estudio con la opci\u00f3n de mensajer\u00eda a profesores. Las tutorias son \u00aba demanda\u00bb, cuando necesites soporte nos lo pides.<\/p>\n<p>Los t\u00edtulos de Centro CEE est\u00e1n autenticados por la firma de notario que valida contenidos y autenticidad a nivel internacional. Nuestra organizaci\u00f3n pertenece a la Asociaci\u00f3n Espa\u00f1ola de Calidad, organizaci\u00f3n Espa\u00f1ola de referencia para la calidad en la formaci\u00f3n. La certificaci\u00f3n se puede apostillar por la Haya para cualquier pa\u00eds firmante del convenio de la Haya.<\/p>\n<p>Se puede pagar a plazos.<\/p>\n<p>Carga horaria de la formaci\u00f3n: 200h<\/p>\n<h2>Temario<\/h2>\n<hr \/>\n<p>UNIDAD DID\u00c1CTICA 1. MOTORES T\u00c9RMICOS<\/p>\n<p>1. Motores de dos, cuatro tiempos y rotativos.<\/p>\n<p>2. Motores de ciclo di\u00e9sel, tipos y principales diferencias con los de ciclo Otto.<\/p>\n<p>3. Termodin\u00e1mica: ciclos te\u00f3ricos y reales.<\/p>\n<p>4. Rendimiento t\u00e9rmico y consumo de combustible.<\/p>\n<p>5. Curvas caracter\u00edsticas de los motores.<\/p>\n<p>UNIDAD DID\u00c1CTICA 2. MOTORES POLICIL\u00cdNDRICOS<\/p>\n<p>1. La c\u00e1mara de compresi\u00f3n, tipos de c\u00e1mara e influencia de la misma.<\/p>\n<p>2. Colocaci\u00f3n del motor y disposici\u00f3n de los cilindros.<\/p>\n<p>3. Numeraci\u00f3n de los cilindros y orden de encendido.<\/p>\n<p>UNIDAD DID\u00c1CTICA 3. ELEMENTOS DE LOS MOTORES ALTERNATIVOS: EL BLOQUE DE CILINDROS<\/p>\n<p>1. Funciones y solicitaci\u00f3n de los elementos del motor, esfuerzos, rozamientos, disipaci\u00f3n de calor y materiales.<\/p>\n<p>2. Pistones, formas constructivas, constituci\u00f3n, refuerzos.<\/p>\n<p>3. Segmentos y bulones.<\/p>\n<p>4. Bielas, constituci\u00f3n y verificaci\u00f3n. Tipos.<\/p>\n<p>5. El cig\u00fce\u00f1al.<\/p>\n<p>UNIDAD DID\u00c1CTICA 4. ELEMENTOS DE LOS MOTORES ALTERNATIVOS: LA CULATA Y LA DISTRIBUCI\u00d3N<\/p>\n<p>1. Culata del motor, c\u00e1mara de compresi\u00f3n, tipos de c\u00e1maras y prec\u00e1maras.<\/p>\n<p>2. La junta de culata, tipos y c\u00e1lculo de la junta en los motores di\u00e9sel.<\/p>\n<p>3. Distribuci\u00f3n del motor, tipos y constituci\u00f3n.<\/p>\n<p>4. Elementos de arrastre de la distribuci\u00f3n.<\/p>\n<p>5. Diagramas de trabajo y de mando de distribuci\u00f3n.<\/p>\n<p>6. Reglajes y marcas. Puesta a punto.<\/p>\n<p>UNIDAD DID\u00c1CTICA 5. SISTEMA DE LUBRICACI\u00d3N DEL MOTOR<\/p>\n<p>1. Los lubricantes.<\/p>\n<p>2. Lubricaci\u00f3n y c\u00e1rter.<\/p>\n<p>3. Tipos de bombas y transmisi\u00f3n del movimiento.<\/p>\n<p>4. Enfriadores de aceite.<\/p>\n<p>5. Tecnolog\u00eda de los filtros de aceite.<\/p>\n<p>6. Control de la presi\u00f3n del aceite y control de la presi\u00f3n interior del motor.<\/p>\n<p>7. Sistema de desgasificaci\u00f3n y reciclaje de los vapores de aceite.<\/p>\n<p>8. Mantenimiento peri\u00f3dico del sistema.<\/p>\n<p>UNIDAD DID\u00c1CTICA 6. SISTEMA DE REFRIGERACI\u00d3N DEL MOTOR<\/p>\n<p>1. Sistema de refrigeraci\u00f3n por aire o por agua.<\/p>\n<p>2. Tipos de intercambiadores de calor.<\/p>\n<p>3. Tipos de ventiladores y su transmisi\u00f3n.<\/p>\n<p>4. Los fluidos refrigerantes, caracter\u00edsticas y mantenimiento, importancia de la concentraci\u00f3n de anticongelante.<\/p>\n<p>5. Control de la temperatura de funcionamiento del motor, termostatos pilotados<\/p>\n<p>6. Funcionamiento y constituci\u00f3n de los elementos el\u00e9ctricos y circuitos asociados.<\/p>\n<p>7. Mantenimiento peri\u00f3dico del sistema.<\/p>\n<p>UNIDAD DID\u00c1CTICA 7. OPERACIONES DE DIAGNOSIS Y MANTENIMIENTO PREVENTIVO DEL MOTOR<\/p>\n<p>1. T\u00e9cnicas de diagnosis de aver\u00edas en elementos mec\u00e1nicos.<\/p>\n<p>2. Motor. Operaciones de mantenimiento preventivo.<\/p>\n<p>3. &#8211; Resoluci\u00f3n de aver\u00edas frecuentes y medios empleados.<\/p>\n<p>4. Sistema de lubricaci\u00f3n y refrigeraci\u00f3n. Mantenimiento preventivo.<\/p>\n<p>5. &#8211; Resoluci\u00f3n de aver\u00edas frecuentes y medios empleados.<\/p>\n<p>6. &#8211; An\u00e1lisis de aceites, lubricantes y refrigerantes.<\/p>\n<p>7. Sistema de alimentaci\u00f3n. Operaciones de mantenimiento preventivo.<\/p>\n<p>8. &#8211; Resoluci\u00f3n de aver\u00edas frecuentes y medios empleados.<\/p>\n<p>UNIDAD DID\u00c1CTICA 8. T\u00c9CNICAS Y EQUIPOS DE RECOGIDA DE RESIDUOS<\/p>\n<p>1. Recogida de aceites y refrigerantes por vertido y por succi\u00f3n.<\/p>\n<p>2. Preparaci\u00f3n de los equipos de recogida de aceites y refrigerantes.<\/p>\n<p>3. Pasos a realizar para extraer los l\u00edquidos y cambio de filtros.<\/p>\n<p>4. Manipulaci\u00f3n de contenedores de l\u00edquidos para reciclaje.<\/p>\n<p>5. Trazabilidad del proceso de recogida de residuos l\u00edquidos y filtros.<\/p>\n<p>UNIDAD DID\u00c1CTICA 9. CONCEPTOS B\u00c1SICOS SOBRE SEGURIDAD Y SALUD EN EL TRABAJO<\/p>\n<p>1. El trabajo y la salud<\/p>\n<p>2. &#8211; El trabajo.<\/p>\n<p>3. &#8211; La salud.<\/p>\n<p>4. Los riesgos profesionales.<\/p>\n<p>5. Factores de riesgo.<\/p>\n<p>6. Consecuencias y da\u00f1os derivados del trabajo.<\/p>\n<p>7. &#8211; Accidente de trabajo.<\/p>\n<p>8. &#8211; Enfermedad profesional.<\/p>\n<p>9. &#8211; Otras patolog\u00edas derivadas del trabajo.<\/p>\n<p>10. &#8211; Repercusiones econ\u00f3micas y de funcionamiento.<\/p>\n<p>11. Protecci\u00f3n colectiva.<\/p>\n<p>12. Protecci\u00f3n individual.<\/p>\n<p>UNIDAD DID\u00c1CTICA 10. ACTUACI\u00d3N EN EMERGENCIAS Y EVACUACI\u00d3N<\/p>\n<p>1. Tipos de accidentes.<\/p>\n<p>2. Evaluaci\u00f3n primaria del accidentado.<\/p>\n<p>3. Primeros auxilios.<\/p>\n<p>4. Planes de emergencia.<\/p>\n<p>5. Informaci\u00f3n de apoyo para la actuaci\u00f3n de emergencias.<\/p>\n<p>UNIDAD DID\u00c1CTICA 11. RIESGOS MEDIOAMBIENTALES<\/p>\n<p>1. Riesgos derivados del almacenaje y manipulaci\u00f3n de combustibles, grasas y lubricantes.<\/p>\n<p>2. &#8211; Riesgos derivados del almacenaje.<\/p>\n<p>3. &#8211; Riesgos derivados de la manipulaci\u00f3n.<\/p>\n<p>4. Riesgos asociados a los ruidos, vibraciones y gases de la combusti\u00f3n producidos en taller.<\/p>\n<p>5. &#8211; Ruido.<\/p>\n<p>6. &#8211; Vibraciones.<\/p>\n<p>7. &#8211; Gases.<\/p>\n<p>8. Protocolos de actuaci\u00f3n para mitigar los riesgos medioambientales.<\/p>\n<p>9. Mantenimiento del orden y limpieza de la zona de trabajo.<\/p>\n<p><em><strong>Experto en reparaci\u00f3n y mantenimiento de motores<\/strong><\/em><\/p>\n<hr \/>\n","protected":false},"excerpt":{"rendered":"<p><a href=\"https:\/\/centro-cee.com\/web\/formaciones\/\">Atr\u00e1s<\/a><\/p>\n<p>Este Curso de Experto en Reparaci\u00f3n y Mantenimiento de Motores \u2013 Online que puede ser de tu inter\u00e9s, impartido y dise\u00f1ado por el centro CEE CENTRO EUROPEO E-LEARNING. \u00a1Empieza en este interesante sector y proyectar tus horizontes profesionales!<br \/>\n Con esta formaci\u00f3n, asumir\u00e1s funciones de mec\u00e1nica avanzada, pudiendo actuar en emergencias y evacucaci\u00f3n, conocer los riesgos medioambientales, etc. A parte de obtener la formaci\u00f3n como profesional en reparaci\u00f3n y mantenimiento de motores de autom\u00f3viles. Aprender\u00e1s los aspectos fundamentales de los motores t\u00e9rmicos, policil\u00edndricos, alternativos, etc., y ello te permitir\u00e1 efectuar con garant\u00edas la revisi\u00f3n, diagn\u00f3stico y reparaci\u00f3n de estos tipos de motores.<\/p>\n","protected":false},"featured_media":1318,"comment_status":"closed","ping_status":"closed","template":"","meta":[],"product_brand":[],"product_cat":[34],"product_tag":[1062,1057,1023,1061,1059,1058,1064,1065,1063,1060],"class_list":{"0":"post-1317","1":"product","2":"type-product","3":"status-publish","4":"has-post-thumbnail","6":"product_cat-tecnicos","7":"product_tag-certificacion-en-reparacion-de-motores","8":"product_tag-curso-de-reparacion-de-motores","9":"product_tag-curso-online-de-mecanica-automotriz","10":"product_tag-especializacion-en-motores-de-combustion","11":"product_tag-formacion-en-mecanica-de-motores","12":"product_tag-mantenimiento-de-motores","13":"product_tag-mantenimiento-preventivo-de-motores","14":"product_tag-mecanica-avanzada-de-motores","15":"product_tag-reparacion-de-motores-diesel-y-gasolina","16":"product_tag-tecnicas-de-diagnostico-de-motores","18":"first","19":"instock","20":"sale","21":"shipping-taxable","22":"purchasable","23":"product-type-simple"},"yoast_head":"<!-- This site is optimized with the Yoast SEO plugin v27.5 - https:\/\/yoast.com\/product\/yoast-seo-wordpress\/ -->\n<title>Experto en reparaci\u00f3n y mantenimiento de motores<\/title>\n<meta name=\"description\" content=\"Obt\u00e9n las habilidades necesarias para ser un experto con nuestro curso superior Experto en reparaci\u00f3n y mantenimiento de motores\" \/>\n<meta name=\"robots\" content=\"index, follow, max-snippet:-1, max-image-preview:large, max-video-preview:-1\" \/>\n<link rel=\"canonical\" href=\"https:\/\/centro-cee.com\/web\/producto\/experto-en-reparacion-y-mantenimiento-de-motores\/\" \/>\n<meta property=\"og:locale\" content=\"es_ES\" \/>\n<meta property=\"og:type\" content=\"article\" \/>\n<meta property=\"og:title\" content=\"Experto en reparaci\u00f3n y mantenimiento de motores\" \/>\n<meta property=\"og:description\" content=\"Obt\u00e9n las habilidades necesarias para ser un experto con nuestro curso superior Experto en reparaci\u00f3n y mantenimiento de motores\" \/>\n<meta property=\"og:url\" content=\"https:\/\/centro-cee.com\/web\/producto\/experto-en-reparacion-y-mantenimiento-de-motores\/\" \/>\n<meta property=\"og:site_name\" content=\"CEE Centro Europeo E-learning - Cursos online\" \/>\n<meta property=\"article:modified_time\" content=\"2024-10-18T10:29:27+00:00\" \/>\n<meta property=\"og:image\" content=\"https:\/\/centro-cee.com\/web\/wp-content\/uploads\/2023\/06\/imagen_2023-06-19_124800222.png\" \/>\n\t<meta property=\"og:image:width\" content=\"616\" \/>\n\t<meta property=\"og:image:height\" content=\"402\" \/>\n\t<meta property=\"og:image:type\" content=\"image\/png\" \/>\n<meta name=\"twitter:card\" content=\"summary_large_image\" \/>\n<meta name=\"twitter:label1\" content=\"Tiempo de lectura\" \/>\n\t<meta name=\"twitter:data1\" content=\"4 minutos\" \/>\n<script type=\"application\/ld+json\" class=\"yoast-schema-graph\">{\"@context\":\"https:\\\/\\\/schema.org\",\"@graph\":[{\"@type\":\"WebPage\",\"@id\":\"https:\\\/\\\/centro-cee.com\\\/web\\\/producto\\\/experto-en-reparacion-y-mantenimiento-de-motores\\\/\",\"url\":\"https:\\\/\\\/centro-cee.com\\\/web\\\/producto\\\/experto-en-reparacion-y-mantenimiento-de-motores\\\/\",\"name\":\"Experto en reparaci\u00f3n y mantenimiento de motores\",\"isPartOf\":{\"@id\":\"https:\\\/\\\/centro-cee.com\\\/web\\\/#website\"},\"primaryImageOfPage\":{\"@id\":\"https:\\\/\\\/centro-cee.com\\\/web\\\/producto\\\/experto-en-reparacion-y-mantenimiento-de-motores\\\/#primaryimage\"},\"image\":{\"@id\":\"https:\\\/\\\/centro-cee.com\\\/web\\\/producto\\\/experto-en-reparacion-y-mantenimiento-de-motores\\\/#primaryimage\"},\"thumbnailUrl\":\"https:\\\/\\\/centro-cee.com\\\/web\\\/wp-content\\\/uploads\\\/2023\\\/06\\\/imagen_2023-06-19_124800222.png\",\"datePublished\":\"2023-06-19T10:34:48+00:00\",\"dateModified\":\"2024-10-18T10:29:27+00:00\",\"description\":\"Obt\u00e9n las habilidades necesarias para ser un experto con nuestro curso superior Experto en reparaci\u00f3n y mantenimiento de motores\",\"breadcrumb\":{\"@id\":\"https:\\\/\\\/centro-cee.com\\\/web\\\/producto\\\/experto-en-reparacion-y-mantenimiento-de-motores\\\/#breadcrumb\"},\"inLanguage\":\"es\",\"potentialAction\":[{\"@type\":\"ReadAction\",\"target\":[\"https:\\\/\\\/centro-cee.com\\\/web\\\/producto\\\/experto-en-reparacion-y-mantenimiento-de-motores\\\/\"]}]},{\"@type\":\"ImageObject\",\"inLanguage\":\"es\",\"@id\":\"https:\\\/\\\/centro-cee.com\\\/web\\\/producto\\\/experto-en-reparacion-y-mantenimiento-de-motores\\\/#primaryimage\",\"url\":\"https:\\\/\\\/centro-cee.com\\\/web\\\/wp-content\\\/uploads\\\/2023\\\/06\\\/imagen_2023-06-19_124800222.png\",\"contentUrl\":\"https:\\\/\\\/centro-cee.com\\\/web\\\/wp-content\\\/uploads\\\/2023\\\/06\\\/imagen_2023-06-19_124800222.png\",\"width\":616,\"height\":402,\"caption\":\"experto en reparaci\u00f3n y mantenimiento de motores\"},{\"@type\":\"BreadcrumbList\",\"@id\":\"https:\\\/\\\/centro-cee.com\\\/web\\\/producto\\\/experto-en-reparacion-y-mantenimiento-de-motores\\\/#breadcrumb\",\"itemListElement\":[{\"@type\":\"ListItem\",\"position\":1,\"name\":\"Portada\",\"item\":\"https:\\\/\\\/centro-cee.com\\\/web\\\/\"},{\"@type\":\"ListItem\",\"position\":2,\"name\":\"Experto en reparaci\u00f3n y mantenimiento de motores\"}]},{\"@type\":\"WebSite\",\"@id\":\"https:\\\/\\\/centro-cee.com\\\/web\\\/#website\",\"url\":\"https:\\\/\\\/centro-cee.com\\\/web\\\/\",\"name\":\"Centro Europeo E-learning\",\"description\":\"CEE Formaci\u00f3n Online\",\"publisher\":{\"@id\":\"https:\\\/\\\/centro-cee.com\\\/web\\\/#organization\"},\"alternateName\":\"Centro Online de Formaci\u00f3n\",\"potentialAction\":[{\"@type\":\"SearchAction\",\"target\":{\"@type\":\"EntryPoint\",\"urlTemplate\":\"https:\\\/\\\/centro-cee.com\\\/web\\\/?s={search_term_string}\"},\"query-input\":{\"@type\":\"PropertyValueSpecification\",\"valueRequired\":true,\"valueName\":\"search_term_string\"}}],\"inLanguage\":\"es\"},{\"@type\":\"Organization\",\"@id\":\"https:\\\/\\\/centro-cee.com\\\/web\\\/#organization\",\"name\":\"Centro Europeo E-learning CEE\",\"url\":\"https:\\\/\\\/centro-cee.com\\\/web\\\/\",\"logo\":{\"@type\":\"ImageObject\",\"inLanguage\":\"es\",\"@id\":\"https:\\\/\\\/centro-cee.com\\\/web\\\/#\\\/schema\\\/logo\\\/image\\\/\",\"url\":\"https:\\\/\\\/centro-cee.com\\\/web\\\/wp-content\\\/uploads\\\/2022\\\/12\\\/cropped-logo_educa.png\",\"contentUrl\":\"https:\\\/\\\/centro-cee.com\\\/web\\\/wp-content\\\/uploads\\\/2022\\\/12\\\/cropped-logo_educa.png\",\"width\":157,\"height\":63,\"caption\":\"Centro Europeo E-learning CEE\"},\"image\":{\"@id\":\"https:\\\/\\\/centro-cee.com\\\/web\\\/#\\\/schema\\\/logo\\\/image\\\/\"},\"sameAs\":[\"https:\\\/\\\/www.instagram.com\\\/centroeuropeo_cee\"]}]}<\/script>\n<!-- \/ Yoast SEO plugin. -->","yoast_head_json":{"title":"Experto en reparaci\u00f3n y mantenimiento de motores","description":"Obt\u00e9n las habilidades necesarias para ser un experto con nuestro curso superior Experto en reparaci\u00f3n y mantenimiento de motores","robots":{"index":"index","follow":"follow","max-snippet":"max-snippet:-1","max-image-preview":"max-image-preview:large","max-video-preview":"max-video-preview:-1"},"canonical":"https:\/\/centro-cee.com\/web\/producto\/experto-en-reparacion-y-mantenimiento-de-motores\/","og_locale":"es_ES","og_type":"article","og_title":"Experto en reparaci\u00f3n y mantenimiento de motores","og_description":"Obt\u00e9n las habilidades necesarias para ser un experto con nuestro curso superior Experto en reparaci\u00f3n y mantenimiento de motores","og_url":"https:\/\/centro-cee.com\/web\/producto\/experto-en-reparacion-y-mantenimiento-de-motores\/","og_site_name":"CEE Centro Europeo E-learning - Cursos online","article_modified_time":"2024-10-18T10:29:27+00:00","og_image":[{"width":616,"height":402,"url":"https:\/\/centro-cee.com\/web\/wp-content\/uploads\/2023\/06\/imagen_2023-06-19_124800222.png","type":"image\/png"}],"twitter_card":"summary_large_image","twitter_misc":{"Tiempo de lectura":"4 minutos"},"schema":{"@context":"https:\/\/schema.org","@graph":[{"@type":"WebPage","@id":"https:\/\/centro-cee.com\/web\/producto\/experto-en-reparacion-y-mantenimiento-de-motores\/","url":"https:\/\/centro-cee.com\/web\/producto\/experto-en-reparacion-y-mantenimiento-de-motores\/","name":"Experto en reparaci\u00f3n y mantenimiento de motores","isPartOf":{"@id":"https:\/\/centro-cee.com\/web\/#website"},"primaryImageOfPage":{"@id":"https:\/\/centro-cee.com\/web\/producto\/experto-en-reparacion-y-mantenimiento-de-motores\/#primaryimage"},"image":{"@id":"https:\/\/centro-cee.com\/web\/producto\/experto-en-reparacion-y-mantenimiento-de-motores\/#primaryimage"},"thumbnailUrl":"https:\/\/centro-cee.com\/web\/wp-content\/uploads\/2023\/06\/imagen_2023-06-19_124800222.png","datePublished":"2023-06-19T10:34:48+00:00","dateModified":"2024-10-18T10:29:27+00:00","description":"Obt\u00e9n las habilidades necesarias para ser un experto con nuestro curso superior Experto en reparaci\u00f3n y mantenimiento de motores","breadcrumb":{"@id":"https:\/\/centro-cee.com\/web\/producto\/experto-en-reparacion-y-mantenimiento-de-motores\/#breadcrumb"},"inLanguage":"es","potentialAction":[{"@type":"ReadAction","target":["https:\/\/centro-cee.com\/web\/producto\/experto-en-reparacion-y-mantenimiento-de-motores\/"]}]},{"@type":"ImageObject","inLanguage":"es","@id":"https:\/\/centro-cee.com\/web\/producto\/experto-en-reparacion-y-mantenimiento-de-motores\/#primaryimage","url":"https:\/\/centro-cee.com\/web\/wp-content\/uploads\/2023\/06\/imagen_2023-06-19_124800222.png","contentUrl":"https:\/\/centro-cee.com\/web\/wp-content\/uploads\/2023\/06\/imagen_2023-06-19_124800222.png","width":616,"height":402,"caption":"experto en reparaci\u00f3n y mantenimiento de motores"},{"@type":"BreadcrumbList","@id":"https:\/\/centro-cee.com\/web\/producto\/experto-en-reparacion-y-mantenimiento-de-motores\/#breadcrumb","itemListElement":[{"@type":"ListItem","position":1,"name":"Portada","item":"https:\/\/centro-cee.com\/web\/"},{"@type":"ListItem","position":2,"name":"Experto en reparaci\u00f3n y mantenimiento de motores"}]},{"@type":"WebSite","@id":"https:\/\/centro-cee.com\/web\/#website","url":"https:\/\/centro-cee.com\/web\/","name":"Centro Europeo E-learning","description":"CEE Formaci\u00f3n Online","publisher":{"@id":"https:\/\/centro-cee.com\/web\/#organization"},"alternateName":"Centro Online de Formaci\u00f3n","potentialAction":[{"@type":"SearchAction","target":{"@type":"EntryPoint","urlTemplate":"https:\/\/centro-cee.com\/web\/?s={search_term_string}"},"query-input":{"@type":"PropertyValueSpecification","valueRequired":true,"valueName":"search_term_string"}}],"inLanguage":"es"},{"@type":"Organization","@id":"https:\/\/centro-cee.com\/web\/#organization","name":"Centro Europeo E-learning CEE","url":"https:\/\/centro-cee.com\/web\/","logo":{"@type":"ImageObject","inLanguage":"es","@id":"https:\/\/centro-cee.com\/web\/#\/schema\/logo\/image\/","url":"https:\/\/centro-cee.com\/web\/wp-content\/uploads\/2022\/12\/cropped-logo_educa.png","contentUrl":"https:\/\/centro-cee.com\/web\/wp-content\/uploads\/2022\/12\/cropped-logo_educa.png","width":157,"height":63,"caption":"Centro Europeo E-learning CEE"},"image":{"@id":"https:\/\/centro-cee.com\/web\/#\/schema\/logo\/image\/"},"sameAs":["https:\/\/www.instagram.com\/centroeuropeo_cee"]}]}},"_links":{"self":[{"href":"https:\/\/centro-cee.com\/web\/wp-json\/wp\/v2\/product\/1317","targetHints":{"allow":["GET"]}}],"collection":[{"href":"https:\/\/centro-cee.com\/web\/wp-json\/wp\/v2\/product"}],"about":[{"href":"https:\/\/centro-cee.com\/web\/wp-json\/wp\/v2\/types\/product"}],"replies":[{"embeddable":true,"href":"https:\/\/centro-cee.com\/web\/wp-json\/wp\/v2\/comments?post=1317"}],"wp:featuredmedia":[{"embeddable":true,"href":"https:\/\/centro-cee.com\/web\/wp-json\/wp\/v2\/media\/1318"}],"wp:attachment":[{"href":"https:\/\/centro-cee.com\/web\/wp-json\/wp\/v2\/media?parent=1317"}],"wp:term":[{"taxonomy":"product_brand","embeddable":true,"href":"https:\/\/centro-cee.com\/web\/wp-json\/wp\/v2\/product_brand?post=1317"},{"taxonomy":"product_cat","embeddable":true,"href":"https:\/\/centro-cee.com\/web\/wp-json\/wp\/v2\/product_cat?post=1317"},{"taxonomy":"product_tag","embeddable":true,"href":"https:\/\/centro-cee.com\/web\/wp-json\/wp\/v2\/product_tag?post=1317"}],"curies":[{"name":"wp","href":"https:\/\/api.w.org\/{rel}","templated":true}]}}