{"id":1313,"date":"2023-06-19T10:26:53","date_gmt":"2023-06-19T10:26:53","guid":{"rendered":"https:\/\/centro-cee.com\/web\/?post_type=product&#038;p=1313"},"modified":"2024-10-18T10:33:24","modified_gmt":"2024-10-18T10:33:24","slug":"monitor-animador-sociocultural-en-geriatria","status":"publish","type":"product","link":"https:\/\/centro-cee.com\/web\/producto\/monitor-animador-sociocultural-en-geriatria\/","title":{"rendered":"Monitor-animador sociocultural en geriatr\u00eda"},"content":{"rendered":"<p><a href=\"https:\/\/centro-cee.com\/web\/formaciones\/\">Atr\u00e1s<\/a><\/p>\n<p><em><strong>Monitor-animador sociocultural en geriatr\u00eda<\/strong><\/em><\/p>\n<p>Toda esta formaci\u00f3n se realiza 100% online en nuestro campus online de formaci\u00f3n.<\/p>\n<p>Las tutorias se realizan directamente desde el campus de estudio con la opci\u00f3n de mensajer\u00eda a profesores. Las tutorias son \u00aba demanda\u00bb, cuando necesites soporte nos lo pides.<\/p>\n<p>Los t\u00edtulos de Centro CEE est\u00e1n autenticados por la firma de notario que valida contenidos y autenticidad a nivel internacional. Nuestra organizaci\u00f3n pertenece a la Asociaci\u00f3n Espa\u00f1ola de Calidad, organizaci\u00f3n Espa\u00f1ola de referencia para la calidad en la formaci\u00f3n. La certificaci\u00f3n se puede apostillar por la Haya para cualquier pa\u00eds firmante del convenio de la Haya.<\/p>\n<p>Se puede pagar a plazos.<\/p>\n<p>Carga horaria de la formaci\u00f3n: 200h<\/p>\n<h2>Temario<\/h2>\n<hr \/>\n<p> 1. DEFINICI\u00d3N DEL ENVEJECIMIENTO. TERMINOLOG\u00cdA. TEOR\u00cdAS DEL ENVEJECIMIENTO<br \/>\n1. Definici\u00f3n<br \/>\n2. Envejecimiento poblacional<br \/>\n3. Otros conceptos destacados<br \/>\n4. Diferentes conceptos de edad<br \/>\n5. Teor\u00edas del envejecimiento<br \/>\n 2. FISIOLOG\u00cdA DEL ENVEJECIMIENTO<br \/>\n1. \u00bfC\u00f3mo cambia nuestro cuerpo?<br \/>\n2. Peculiaridades de las enfermedades en el anciano<br \/>\n 3. PSICOLOG\u00cdA DEL ENVEJECIMIENTO<br \/>\n1. Aspectos Generales<br \/>\n2. Cambios afectivos<br \/>\n3. El autoconcepto y la autoestima en la vejez<br \/>\n4. Cambios en la personalidad<br \/>\n5. Cambios en el funcionamiento cognitivo<br \/>\n6. Principales trastornos psicol\u00f3gicos en la vejez<br \/>\n 4. LA JUBILACI\u00d3N, EL OCIO Y EL TIEMPO LIBRE EN EL ANCIANO<br \/>\n1. Jubilaci\u00f3n<br \/>\n2. Ocio y tiempo libre en el anciano<br \/>\n3. Espacios para mayores<br \/>\n 5. INTRODUCCI\u00d3N A LA ANIMACI\u00d3N SOCIOCULTURAL EN GERIATR\u00cdA<br \/>\n1. Desarrollo hist\u00f3rico de la animaci\u00f3n sociocultural<br \/>\n2. Or\u00edgenes de la animaci\u00f3n sociocultural<br \/>\n3. \u00bfQu\u00e9 es la animaci\u00f3n sociocultural?<br \/>\n 6. LA FIGURA DEL MONITOR-ANIMADOR SOCIOCULTURAL EN GERIATR\u00cdA<br \/>\n1. El animador sociocultural<br \/>\n2. La profesi\u00f3n de Animador<br \/>\n3. Perfiles de la profesi\u00f3n de animador<br \/>\n 7. LAS T\u00c9CNICAS DE GRUPO EN LA ANIMACI\u00d3N CON PERSONAS MAYORES<br \/>\n1. El grupo social y su definici\u00f3n<br \/>\n2. Niveles y clases de grupos<br \/>\n3. Etapas en el desarrollo de la vida de los grupos<br \/>\n4. Ventajas de los grupos<br \/>\n5. Inconvenientes de los grupos<br \/>\n6. Din\u00e1micas de grupo<br \/>\n7. Criterios para seleccionar la t\u00e9cnica de grupo m\u00e1s adecuada<br \/>\n8. Clasificaci\u00f3n de las t\u00e9cnicas de grupo<br \/>\n 8. ELABORACI\u00d3N DE PROGRAMAS Y PROYECTOS PARA LA ANIMACI\u00d3N EN GERIATR\u00cdA<br \/>\n1. Clasificaci\u00f3n de conceptos<br \/>\n2. La elaboraci\u00f3n de proyectos de Animaci\u00f3n Sociocultural<br \/>\n3. Proceso de elaboraci\u00f3n<br \/>\n 9. T\u00c9CNICAS PARA FOMENTAR LA PARTICIPACI\u00d3N, LA COMUNICACI\u00d3N, LA NEGOCIACI\u00d3N Y LA RESOLUCI\u00d3N DE CONFLICTOS<br \/>\n1. T\u00e9cnicas para fomentar la participaci\u00f3n<br \/>\n2. T\u00e9cnicas para fomentar la comunicaci\u00f3n<br \/>\n3. T\u00e9cnicas para abordar el conflicto y la negaci\u00f3n<br \/>\n 10. T\u00c9CNICAS PARA LA ESTIMULACI\u00d3N COGNITIVA<br \/>\n1. Introducci\u00f3n<br \/>\n2. T\u00e9cnicas para el entrenamiento de la memoria<br \/>\n3. T\u00e9cnicas para el entrenamiento de la atenci\u00f3n<br \/>\n4. T\u00e9cnicas para el entrenamiento del lenguaje<br \/>\n5. T\u00e9cnicas para el entrenamiento de la percepci\u00f3n<br \/>\n6. T\u00e9cnicas para el entrenamiento de la lectoescritura y visoconstrucci\u00f3n<br \/>\n7. T\u00e9cnicas para el entrenamiento de las funciones ejecutivas<br \/>\n8. Otros tipos de estimulaci\u00f3n<br \/>\n 11. T\u00c9CNICAS PARA LA DINAMIZACI\u00d3N DE LOS GRUPOS<br \/>\n1. Din\u00e1micas de presentaci\u00f3n<br \/>\n2. Din\u00e1micas de conocimiento<br \/>\n3. Din\u00e1micas de confianza<br \/>\n4. Din\u00e1micas de Animaci\u00f3n<br \/>\n5. Din\u00e1micas de cooperaci\u00f3n y consenso<br \/>\n6. Din\u00e1micas de autoestima<\/p>\n<p><em><strong>Monitor-animador sociocultural en geriatr\u00eda<\/strong><\/em><\/p>\n<hr \/>\n","protected":false},"excerpt":{"rendered":"<p><a href=\"https:\/\/centro-cee.com\/web\/formaciones\/\">Atr\u00e1s<\/a><\/p>\n<p>Los ancianos en general tienen todo el tiempo libre del d\u00eda, eso hace que muchas personas en esta situaci\u00f3n caigan en depresiones, muchas veces derivadas de la soledad, de la inactividad, de la falta de contacto con sus semejantes.<\/p>\n<p>La figura del animador-sociocultural es muy demandada, ya que todos los lugares donde se encuentran personas de las 3\u00aaedad, como residencias, geri\u00e1tricos o centros de d\u00eda necesitan preparar actividades dirigidas a este perfil de personas, para que durante un rato estos disfruten, se relaciones, utilicen sus capacidades f\u00edsicas y mentales a desarrollar actividades que les aporte compa\u00f1\u00eda, diversi\u00f3n, utilidad, con talleres, manualidades, etc.<\/p>\n","protected":false},"featured_media":1314,"comment_status":"closed","ping_status":"closed","template":"","meta":[],"product_brand":[],"product_cat":[34],"product_tag":[1079,1077,1084,1082,462,1076,1080,1081,1078,1083],"class_list":{"0":"post-1313","1":"product","2":"type-product","3":"status-publish","4":"has-post-thumbnail","6":"product_cat-tecnicos","7":"product_tag-actividades-recreativas-para-mayores","8":"product_tag-animador-sociocultural-en-geriatria","9":"product_tag-bienestar-y-envejecimiento-activo","10":"product_tag-certificacion-en-animacion-geriatrica","11":"product_tag-cuidado-de-personas-mayores","12":"product_tag-curso-de-monitor-sociocultural-en-geriatria","13":"product_tag-curso-online-de-animacion-sociocultural-en-geriatria","14":"product_tag-especializacion-en-geriatria-y-animacion","15":"product_tag-formacion-en-animacion-geriatrica","16":"product_tag-intervencion-social-con-personas-mayores","18":"first","19":"instock","20":"sale","21":"shipping-taxable","22":"purchasable","23":"product-type-simple"},"yoast_head":"<!-- This site is optimized with the Yoast SEO plugin v27.4 - https:\/\/yoast.com\/product\/yoast-seo-wordpress\/ -->\n<title>Monitor-animador sociocultural en geriatr\u00eda<\/title>\n<meta name=\"description\" content=\"Obt\u00e9n las habilidades y conocimientos necesarios para ser monitor sociocultural con nuestro curso Monitor-animador sociocultural en geriatr\u00eda\" \/>\n<meta name=\"robots\" content=\"index, follow, max-snippet:-1, max-image-preview:large, max-video-preview:-1\" \/>\n<link rel=\"canonical\" href=\"https:\/\/centro-cee.com\/web\/producto\/monitor-animador-sociocultural-en-geriatria\/\" \/>\n<meta property=\"og:locale\" content=\"es_ES\" \/>\n<meta property=\"og:type\" content=\"article\" \/>\n<meta property=\"og:title\" content=\"Monitor-animador sociocultural en geriatr\u00eda\" \/>\n<meta property=\"og:description\" content=\"Obt\u00e9n las habilidades y conocimientos necesarios para ser monitor sociocultural con nuestro curso Monitor-animador sociocultural en geriatr\u00eda\" \/>\n<meta property=\"og:url\" content=\"https:\/\/centro-cee.com\/web\/producto\/monitor-animador-sociocultural-en-geriatria\/\" \/>\n<meta property=\"og:site_name\" content=\"CEE Centro Europeo E-learning - Cursos online\" \/>\n<meta property=\"article:modified_time\" content=\"2024-10-18T10:33:24+00:00\" \/>\n<meta property=\"og:image\" content=\"https:\/\/centro-cee.com\/web\/wp-content\/uploads\/2023\/06\/imagen_2023-06-19_122914892.png\" \/>\n\t<meta property=\"og:image:width\" content=\"713\" \/>\n\t<meta property=\"og:image:height\" content=\"468\" \/>\n\t<meta property=\"og:image:type\" content=\"image\/png\" \/>\n<meta name=\"twitter:card\" content=\"summary_large_image\" \/>\n<meta name=\"twitter:label1\" content=\"Tiempo de lectura\" \/>\n\t<meta name=\"twitter:data1\" content=\"3 minutos\" \/>\n<script type=\"application\/ld+json\" class=\"yoast-schema-graph\">{\"@context\":\"https:\\\/\\\/schema.org\",\"@graph\":[{\"@type\":\"WebPage\",\"@id\":\"https:\\\/\\\/centro-cee.com\\\/web\\\/producto\\\/monitor-animador-sociocultural-en-geriatria\\\/\",\"url\":\"https:\\\/\\\/centro-cee.com\\\/web\\\/producto\\\/monitor-animador-sociocultural-en-geriatria\\\/\",\"name\":\"Monitor-animador sociocultural en geriatr\u00eda\",\"isPartOf\":{\"@id\":\"https:\\\/\\\/centro-cee.com\\\/web\\\/#website\"},\"primaryImageOfPage\":{\"@id\":\"https:\\\/\\\/centro-cee.com\\\/web\\\/producto\\\/monitor-animador-sociocultural-en-geriatria\\\/#primaryimage\"},\"image\":{\"@id\":\"https:\\\/\\\/centro-cee.com\\\/web\\\/producto\\\/monitor-animador-sociocultural-en-geriatria\\\/#primaryimage\"},\"thumbnailUrl\":\"https:\\\/\\\/centro-cee.com\\\/web\\\/wp-content\\\/uploads\\\/2023\\\/06\\\/imagen_2023-06-19_122914892.png\",\"datePublished\":\"2023-06-19T10:26:53+00:00\",\"dateModified\":\"2024-10-18T10:33:24+00:00\",\"description\":\"Obt\u00e9n las habilidades y conocimientos necesarios para ser monitor sociocultural con nuestro curso Monitor-animador sociocultural en geriatr\u00eda\",\"breadcrumb\":{\"@id\":\"https:\\\/\\\/centro-cee.com\\\/web\\\/producto\\\/monitor-animador-sociocultural-en-geriatria\\\/#breadcrumb\"},\"inLanguage\":\"es\",\"potentialAction\":[{\"@type\":\"ReadAction\",\"target\":[\"https:\\\/\\\/centro-cee.com\\\/web\\\/producto\\\/monitor-animador-sociocultural-en-geriatria\\\/\"]}]},{\"@type\":\"ImageObject\",\"inLanguage\":\"es\",\"@id\":\"https:\\\/\\\/centro-cee.com\\\/web\\\/producto\\\/monitor-animador-sociocultural-en-geriatria\\\/#primaryimage\",\"url\":\"https:\\\/\\\/centro-cee.com\\\/web\\\/wp-content\\\/uploads\\\/2023\\\/06\\\/imagen_2023-06-19_122914892.png\",\"contentUrl\":\"https:\\\/\\\/centro-cee.com\\\/web\\\/wp-content\\\/uploads\\\/2023\\\/06\\\/imagen_2023-06-19_122914892.png\",\"width\":713,\"height\":468,\"caption\":\"monitor-animador sociocultural en geriatr\u00eda\"},{\"@type\":\"BreadcrumbList\",\"@id\":\"https:\\\/\\\/centro-cee.com\\\/web\\\/producto\\\/monitor-animador-sociocultural-en-geriatria\\\/#breadcrumb\",\"itemListElement\":[{\"@type\":\"ListItem\",\"position\":1,\"name\":\"Portada\",\"item\":\"https:\\\/\\\/centro-cee.com\\\/web\\\/\"},{\"@type\":\"ListItem\",\"position\":2,\"name\":\"Monitor-animador sociocultural en geriatr\u00eda\"}]},{\"@type\":\"WebSite\",\"@id\":\"https:\\\/\\\/centro-cee.com\\\/web\\\/#website\",\"url\":\"https:\\\/\\\/centro-cee.com\\\/web\\\/\",\"name\":\"Centro Europeo E-learning\",\"description\":\"CEE Formaci\u00f3n Online\",\"publisher\":{\"@id\":\"https:\\\/\\\/centro-cee.com\\\/web\\\/#organization\"},\"alternateName\":\"Centro Online de Formaci\u00f3n\",\"potentialAction\":[{\"@type\":\"SearchAction\",\"target\":{\"@type\":\"EntryPoint\",\"urlTemplate\":\"https:\\\/\\\/centro-cee.com\\\/web\\\/?s={search_term_string}\"},\"query-input\":{\"@type\":\"PropertyValueSpecification\",\"valueRequired\":true,\"valueName\":\"search_term_string\"}}],\"inLanguage\":\"es\"},{\"@type\":\"Organization\",\"@id\":\"https:\\\/\\\/centro-cee.com\\\/web\\\/#organization\",\"name\":\"Centro Europeo E-learning CEE\",\"url\":\"https:\\\/\\\/centro-cee.com\\\/web\\\/\",\"logo\":{\"@type\":\"ImageObject\",\"inLanguage\":\"es\",\"@id\":\"https:\\\/\\\/centro-cee.com\\\/web\\\/#\\\/schema\\\/logo\\\/image\\\/\",\"url\":\"https:\\\/\\\/centro-cee.com\\\/web\\\/wp-content\\\/uploads\\\/2022\\\/12\\\/cropped-logo_educa.png\",\"contentUrl\":\"https:\\\/\\\/centro-cee.com\\\/web\\\/wp-content\\\/uploads\\\/2022\\\/12\\\/cropped-logo_educa.png\",\"width\":157,\"height\":63,\"caption\":\"Centro Europeo E-learning CEE\"},\"image\":{\"@id\":\"https:\\\/\\\/centro-cee.com\\\/web\\\/#\\\/schema\\\/logo\\\/image\\\/\"},\"sameAs\":[\"https:\\\/\\\/www.instagram.com\\\/centroeuropeo_cee\"]}]}<\/script>\n<!-- \/ Yoast SEO plugin. -->","yoast_head_json":{"title":"Monitor-animador sociocultural en geriatr\u00eda","description":"Obt\u00e9n las habilidades y conocimientos necesarios para ser monitor sociocultural con nuestro curso Monitor-animador sociocultural en geriatr\u00eda","robots":{"index":"index","follow":"follow","max-snippet":"max-snippet:-1","max-image-preview":"max-image-preview:large","max-video-preview":"max-video-preview:-1"},"canonical":"https:\/\/centro-cee.com\/web\/producto\/monitor-animador-sociocultural-en-geriatria\/","og_locale":"es_ES","og_type":"article","og_title":"Monitor-animador sociocultural en geriatr\u00eda","og_description":"Obt\u00e9n las habilidades y conocimientos necesarios para ser monitor sociocultural con nuestro curso Monitor-animador sociocultural en geriatr\u00eda","og_url":"https:\/\/centro-cee.com\/web\/producto\/monitor-animador-sociocultural-en-geriatria\/","og_site_name":"CEE Centro Europeo E-learning - Cursos online","article_modified_time":"2024-10-18T10:33:24+00:00","og_image":[{"width":713,"height":468,"url":"https:\/\/centro-cee.com\/web\/wp-content\/uploads\/2023\/06\/imagen_2023-06-19_122914892.png","type":"image\/png"}],"twitter_card":"summary_large_image","twitter_misc":{"Tiempo de lectura":"3 minutos"},"schema":{"@context":"https:\/\/schema.org","@graph":[{"@type":"WebPage","@id":"https:\/\/centro-cee.com\/web\/producto\/monitor-animador-sociocultural-en-geriatria\/","url":"https:\/\/centro-cee.com\/web\/producto\/monitor-animador-sociocultural-en-geriatria\/","name":"Monitor-animador sociocultural en geriatr\u00eda","isPartOf":{"@id":"https:\/\/centro-cee.com\/web\/#website"},"primaryImageOfPage":{"@id":"https:\/\/centro-cee.com\/web\/producto\/monitor-animador-sociocultural-en-geriatria\/#primaryimage"},"image":{"@id":"https:\/\/centro-cee.com\/web\/producto\/monitor-animador-sociocultural-en-geriatria\/#primaryimage"},"thumbnailUrl":"https:\/\/centro-cee.com\/web\/wp-content\/uploads\/2023\/06\/imagen_2023-06-19_122914892.png","datePublished":"2023-06-19T10:26:53+00:00","dateModified":"2024-10-18T10:33:24+00:00","description":"Obt\u00e9n las habilidades y conocimientos necesarios para ser monitor sociocultural con nuestro curso Monitor-animador sociocultural en geriatr\u00eda","breadcrumb":{"@id":"https:\/\/centro-cee.com\/web\/producto\/monitor-animador-sociocultural-en-geriatria\/#breadcrumb"},"inLanguage":"es","potentialAction":[{"@type":"ReadAction","target":["https:\/\/centro-cee.com\/web\/producto\/monitor-animador-sociocultural-en-geriatria\/"]}]},{"@type":"ImageObject","inLanguage":"es","@id":"https:\/\/centro-cee.com\/web\/producto\/monitor-animador-sociocultural-en-geriatria\/#primaryimage","url":"https:\/\/centro-cee.com\/web\/wp-content\/uploads\/2023\/06\/imagen_2023-06-19_122914892.png","contentUrl":"https:\/\/centro-cee.com\/web\/wp-content\/uploads\/2023\/06\/imagen_2023-06-19_122914892.png","width":713,"height":468,"caption":"monitor-animador sociocultural en geriatr\u00eda"},{"@type":"BreadcrumbList","@id":"https:\/\/centro-cee.com\/web\/producto\/monitor-animador-sociocultural-en-geriatria\/#breadcrumb","itemListElement":[{"@type":"ListItem","position":1,"name":"Portada","item":"https:\/\/centro-cee.com\/web\/"},{"@type":"ListItem","position":2,"name":"Monitor-animador sociocultural en geriatr\u00eda"}]},{"@type":"WebSite","@id":"https:\/\/centro-cee.com\/web\/#website","url":"https:\/\/centro-cee.com\/web\/","name":"Centro Europeo E-learning","description":"CEE Formaci\u00f3n Online","publisher":{"@id":"https:\/\/centro-cee.com\/web\/#organization"},"alternateName":"Centro Online de Formaci\u00f3n","potentialAction":[{"@type":"SearchAction","target":{"@type":"EntryPoint","urlTemplate":"https:\/\/centro-cee.com\/web\/?s={search_term_string}"},"query-input":{"@type":"PropertyValueSpecification","valueRequired":true,"valueName":"search_term_string"}}],"inLanguage":"es"},{"@type":"Organization","@id":"https:\/\/centro-cee.com\/web\/#organization","name":"Centro Europeo E-learning CEE","url":"https:\/\/centro-cee.com\/web\/","logo":{"@type":"ImageObject","inLanguage":"es","@id":"https:\/\/centro-cee.com\/web\/#\/schema\/logo\/image\/","url":"https:\/\/centro-cee.com\/web\/wp-content\/uploads\/2022\/12\/cropped-logo_educa.png","contentUrl":"https:\/\/centro-cee.com\/web\/wp-content\/uploads\/2022\/12\/cropped-logo_educa.png","width":157,"height":63,"caption":"Centro Europeo E-learning CEE"},"image":{"@id":"https:\/\/centro-cee.com\/web\/#\/schema\/logo\/image\/"},"sameAs":["https:\/\/www.instagram.com\/centroeuropeo_cee"]}]}},"_links":{"self":[{"href":"https:\/\/centro-cee.com\/web\/wp-json\/wp\/v2\/product\/1313","targetHints":{"allow":["GET"]}}],"collection":[{"href":"https:\/\/centro-cee.com\/web\/wp-json\/wp\/v2\/product"}],"about":[{"href":"https:\/\/centro-cee.com\/web\/wp-json\/wp\/v2\/types\/product"}],"replies":[{"embeddable":true,"href":"https:\/\/centro-cee.com\/web\/wp-json\/wp\/v2\/comments?post=1313"}],"wp:featuredmedia":[{"embeddable":true,"href":"https:\/\/centro-cee.com\/web\/wp-json\/wp\/v2\/media\/1314"}],"wp:attachment":[{"href":"https:\/\/centro-cee.com\/web\/wp-json\/wp\/v2\/media?parent=1313"}],"wp:term":[{"taxonomy":"product_brand","embeddable":true,"href":"https:\/\/centro-cee.com\/web\/wp-json\/wp\/v2\/product_brand?post=1313"},{"taxonomy":"product_cat","embeddable":true,"href":"https:\/\/centro-cee.com\/web\/wp-json\/wp\/v2\/product_cat?post=1313"},{"taxonomy":"product_tag","embeddable":true,"href":"https:\/\/centro-cee.com\/web\/wp-json\/wp\/v2\/product_tag?post=1313"}],"curies":[{"name":"wp","href":"https:\/\/api.w.org\/{rel}","templated":true}]}}