{"id":1308,"date":"2023-06-19T10:17:23","date_gmt":"2023-06-19T10:17:23","guid":{"rendered":"https:\/\/centro-cee.com\/web\/?post_type=product&#038;p=1308"},"modified":"2026-03-13T16:50:01","modified_gmt":"2026-03-13T16:50:01","slug":"monitor-de-natacion-primeros-auxilios","status":"publish","type":"product","link":"https:\/\/centro-cee.com\/web\/producto\/monitor-de-natacion-primeros-auxilios\/","title":{"rendered":"Monitor de nataci\u00f3n + primeros auxilios"},"content":{"rendered":"<p><a href=\"https:\/\/centro-cee.com\/web\/formaciones\/\">Atr\u00e1s<\/a><\/p>\n<p><em><strong>Monitor de nataci\u00f3n + primeros auxilios<\/strong><\/em><\/p>\n<p>Toda esta formaci\u00f3n se realiza 100% online en nuestro campus online de formaci\u00f3n.<\/p>\n<p>Las tutorias se realizan directamente desde el campus de estudio con la opci\u00f3n de mensajer\u00eda a profesores. Las tutorias son \u00aba demanda\u00bb, cuando necesites soporte nos lo pides.<\/p>\n<p>Los t\u00edtulos de Centro CEE est\u00e1n autenticados por la firma de notario que valida contenidos y autenticidad a nivel internacional. Nuestra organizaci\u00f3n pertenece a la Asociaci\u00f3n Espa\u00f1ola de Calidad, organizaci\u00f3n Espa\u00f1ola de referencia para la calidad en la formaci\u00f3n. La certificaci\u00f3n se puede apostillar por la Haya para cualquier pa\u00eds firmante del convenio de la Haya.<\/p>\n<p>Se puede pagar a plazos.<\/p>\n<p>Carga horaria de la formaci\u00f3n: 200h<\/p>\n<h2>Temario<\/h2>\n<hr \/>\n<p>UNIDAD 1. HISTORIA DE LA NATACI\u00d3N<br \/>\n1. Introducci\u00f3n<br \/>\n2. Resumen hist\u00f3rico de la nataci\u00f3n<br \/>\nUNIDAD DID\u00c1CTICA 2. METODOLOG\u00cdA DE LA ENSE\u00d1ANZA DE LA NATACI\u00d3N<br \/>\n1. Introducci\u00f3n<br \/>\n2. Los aprendizajes en nataci\u00f3n<br \/>\n3. M\u00e9todos de ense\u00f1anza<br \/>\n4. Estilos de ense\u00f1anza en actividades acu\u00e1ticas<\/p>\n<p>UNIDAD 3. ENFOQUES Y APLICACIONES DE LAS ACTIVIDADES ACU\u00c1TICAS<br \/>\n1. Introducci\u00f3n<br \/>\n2. Variables y condicionantes que inciden en un programa de actividades acu\u00e1ticas<br \/>\n3. Variables y condicionantes did\u00e1cticos<br \/>\n4. Material auxiliar<\/p>\n<p>UNIDAD 4. ALGUNAS CONSIDERACIONES PEDAG\u00d3GICAS PARA MONITORES DE NATACI\u00d3N<br \/>\n1. Planteamientos pedag\u00f3gicos de la ense\u00f1anza<br \/>\n2. El juego:un aprendizaje diferente<br \/>\n3. Aplicaci\u00f3n a las actividades acu\u00e1ticas<\/p>\n<p>UNIDAD 5. T\u00c9CNICAS B\u00c1SICAS DE LOS ESTILOS DE NATACI\u00d3N (CROL Y BRAZA)<br \/>\n1. El crol en la nataci\u00f3n<br \/>\n2. La braza en la nataci\u00f3n<\/p>\n<p>UNIDAD 6. T\u00c9CNICAS B\u00c1SICAS DE LOS ESTILOS (ESPALDA Y MARIPOSA)<br \/>\n1. La t\u00e9cnica del estilo espalda<br \/>\n2. T\u00e9cnica del estilo mariposa<\/p>\n<p>UNIDAD 7. DEFECTOS M\u00c1S COMUNES EN LOS CUATRO ESTILOS<br \/>\n1. Introducci\u00f3n<br \/>\n2. Observaci\u00f3n<br \/>\n3. C\u00f3mo mejorar la t\u00e9cnica<\/p>\n<p>UNIDAD 8. NATACI\u00d3N PARA ADULTOS<br \/>\n1. Introducci\u00f3n<br \/>\n2. Metas<br \/>\n3. Aclimat\u00e1ndose con la Piscina\/Agua<br \/>\n4. Entrada al Agua<br \/>\n5. Salida del Agua<br \/>\n6. Empujarse y Deslizarse<\/p>\n<p>UNIDAD 9. M\u00c9TODOS DE RESCATE. SALVAMENTO ACU\u00c1TICO<br \/>\n1. Introducci\u00f3n<br \/>\n2. T\u00e9cnicas espec\u00edficas de salvamento acu\u00e1tico<br \/>\n3. El salvamento acu\u00e1tico en piscinas<\/p>\n<p>GU\u00cdA PR\u00c1CTICA PARA LA PROGRAMACI\u00d3N DE CLASES DE NATACI\u00d3N DE NIVEL I Y II<br \/>\n1. Curso de Nataci\u00f3n Nivel I. Primer ciclo<br \/>\n2. Curso de Nataci\u00f3n Nivel II. Primer ciclo<\/p>\n<p> GU\u00cdA PR\u00c1CTICA PARA LA PROGRAMACI\u00d3N DE UN CURSO INTENSIVO DE VERANO EN NATACI\u00d3N<br \/>\n1. Consejos para monitores de nataci\u00f3n del nivel cero<br \/>\n2. Consejos para monitores de nataci\u00f3n del nivel uno<br \/>\n3. Consejos para monitores de nataci\u00f3n del nivel dos<br \/>\n4. Actividades a realizar<\/p>\n<p> JUEGOS Y ACTIVIDADES ACU\u00c1TICAS<br \/>\n1. Juegos y actividades para ense\u00f1ar destrezas b\u00e1sicas<br \/>\n2. Ejemplo del Formulario para un Plan de Sesi\u00f3n de Entrenamiento<\/p>\n<p>M\u00d3DULO 2. MULTIMEDIA &#8211; MONITOR DE NATACI\u00d3N<br \/>\nUNIDAD 1. EL MONITOR.<\/p>\n<p>UNIDAD 2. ESTILOS DE NATACI\u00d3N. CROL.<br \/>\n1. Estilo de nataci\u00f3n Crol.<br \/>\n2. T\u00e9cnica de Crol: fases, coordinaci\u00f3n y movimientos.<\/p>\n<p>UNIDAD 3. ESTILOS DE NATACI\u00d3N. BRAZA.<br \/>\n1. Estilo de nataci\u00f3n Braza.<br \/>\n2. T\u00e9cnica de Braza: fases, coordinaci\u00f3n y movimientos.<\/p>\n<p>UNIDAD 4.ESTILOS DE NATACI\u00d3N. ESPALDA.<br \/>\n1. Estilo de nataci\u00f3n Espalda.<br \/>\n2. T\u00e9cnica de Espalda: fases, coordinaci\u00f3n y movimientos.<\/p>\n<p>UNIDAD 5.ESTILOS DE NATACI\u00d3N. MARIPOSA.<br \/>\n1. Estilo de nataci\u00f3n Mariposa.<br \/>\n2. T\u00e9cnica de Mariposa: fases, coordinaci\u00f3n y movimientos.<\/p>\n<p>PRIMEROS AUXILIOS<br \/>\n1. LOS PRIMEROS AUXILIOS. EL BOTIQU\u00cdN<br \/>\n1.1. Deber de atender<br \/>\n1.2. PAS<br \/>\n1.3. Principios generales en primeros auxilios<br \/>\n1.4. El botiqu\u00edn  <\/p>\n<p>2. RCP B\u00c1SICA Y MANIOBRA DE HEIMLICH<br \/>\n2.1. La parada cardio-respiratoria<br \/>\n    2.2. RCP en ni\u00f1os<br \/>\n2.3. La maniobra de Heimlich<br \/>\n2.4. Obstrucci\u00f3n de las v\u00edas a\u00e9reas <\/p>\n<p>3. PRIMEROS AUXILIOS EN DIFERENTES SITUACIONES<br \/>\n3.1. Ahogamiento<br \/>\n3.2. Heridas y hemorragias<br \/>\n3.3. Quemaduras<br \/>\n    3.4. Intoxicaciones<br \/>\n3.5. Traumatismos<br \/>\n3.6. Mordeduras y picaduras <\/p>\n<p>4. SIGNOS DE ALARMA<br \/>\n4.1. Las reacciones al\u00e9rgicas<br \/>\n4.2. Golpe de calor<br \/>\n4.3. S\u00edncope<br \/>\n4.4. Lipotimias<br \/>\n4.5. Convulsiones<br \/>\n4.6. Hipoglucemia <\/p>\n<p><em><strong>Monitor de nataci\u00f3n + primeros auxilios<\/strong><\/em><\/p>\n<hr \/>\n","protected":false},"excerpt":{"rendered":"<p><a href=\"https:\/\/centro-cee.com\/web\/formaciones\/\">Atr\u00e1s<\/a><\/p>\n<p>El temario consta de los aspectos relacionados con la nataci\u00f3n. Esta especialidad tiene un aporte significativo en los centros de educativos y  centros de deporte, donde se aumentan las actividades de recreo en \u00e9poca de vacaciones, es donde la demanda de monitores\/as de nataci\u00f3n aumentan, es por ello que este curso pretende profesionalizar los conocimientos para que los estudiantes puedan afrontar trabajos de total garant\u00eda para los alumnos de las clases de nataci\u00f3n. Vas a aprender las t\u00e9cnicas necesarias, la organizaci\u00f3n de actividades, de juegos y dominar los estilos de nataci\u00f3n.<\/p>\n","protected":false},"featured_media":1310,"comment_status":"closed","ping_status":"closed","template":"","meta":[],"product_brand":[],"product_cat":[2047,1798,34],"product_tag":[1095,1099,1100,1098,1102,1096,1101,1104,1103,1097],"class_list":{"0":"post-1308","1":"product","2":"type-product","3":"status-publish","4":"has-post-thumbnail","6":"product_cat-cursos-online-deporte","7":"product_cat-cursos-fef","8":"product_cat-tecnicos","9":"product_tag-acurso-de-monitor-de-natacion","10":"product_tag-certificacion-en-primeros-auxilios-acuaticos","11":"product_tag-curso-online-de-monitor-de-natacion","12":"product_tag-entrenamiento-en-natacion","13":"product_tag-especializacion-en-ensenanza-de-natacion","14":"product_tag-formacion-en-primeros-auxilios","15":"product_tag-prevencion-y-seguridad-en-piscinas","16":"product_tag-primeros-auxilios-para-monitores-de-natacion","17":"product_tag-socorrismo-acuatico","18":"product_tag-tecnico-en-natacion-y-socorrismo","20":"first","21":"instock","22":"sale","23":"shipping-taxable","24":"purchasable","25":"product-type-simple"},"yoast_head":"<!-- This site is optimized with the Yoast SEO plugin v27.4 - https:\/\/yoast.com\/product\/yoast-seo-wordpress\/ -->\n<title>Monitor de nataci\u00f3n + primeros auxilios<\/title>\n<meta name=\"description\" content=\"Obt\u00e9n las habilidades y conocimientos necesarios para ser monitor de natacion con nuestro curso monitor de nataci\u00f3n + primeros auxilios\" \/>\n<meta name=\"robots\" content=\"index, follow, max-snippet:-1, max-image-preview:large, max-video-preview:-1\" \/>\n<link rel=\"canonical\" href=\"https:\/\/centro-cee.com\/web\/producto\/monitor-de-natacion-primeros-auxilios\/\" \/>\n<meta property=\"og:locale\" content=\"es_ES\" \/>\n<meta property=\"og:type\" content=\"article\" \/>\n<meta property=\"og:title\" content=\"Monitor de nataci\u00f3n + primeros auxilios\" \/>\n<meta property=\"og:description\" content=\"Obt\u00e9n las habilidades y conocimientos necesarios para ser monitor de natacion con nuestro curso monitor de nataci\u00f3n + primeros auxilios\" \/>\n<meta property=\"og:url\" content=\"https:\/\/centro-cee.com\/web\/producto\/monitor-de-natacion-primeros-auxilios\/\" \/>\n<meta property=\"og:site_name\" content=\"CEE Centro Europeo E-learning - Cursos online\" \/>\n<meta property=\"article:modified_time\" content=\"2026-03-13T16:50:01+00:00\" \/>\n<meta property=\"og:image\" content=\"https:\/\/centro-cee.com\/web\/wp-content\/uploads\/2023\/06\/imagen_2023-06-19_122043394.png\" \/>\n\t<meta property=\"og:image:width\" content=\"960\" \/>\n\t<meta property=\"og:image:height\" content=\"641\" \/>\n\t<meta property=\"og:image:type\" content=\"image\/png\" \/>\n<meta name=\"twitter:card\" content=\"summary_large_image\" \/>\n<meta name=\"twitter:label1\" content=\"Tiempo de lectura\" \/>\n\t<meta name=\"twitter:data1\" content=\"3 minutos\" \/>\n<script type=\"application\/ld+json\" class=\"yoast-schema-graph\">{\"@context\":\"https:\\\/\\\/schema.org\",\"@graph\":[{\"@type\":\"WebPage\",\"@id\":\"https:\\\/\\\/centro-cee.com\\\/web\\\/producto\\\/monitor-de-natacion-primeros-auxilios\\\/\",\"url\":\"https:\\\/\\\/centro-cee.com\\\/web\\\/producto\\\/monitor-de-natacion-primeros-auxilios\\\/\",\"name\":\"Monitor de nataci\u00f3n + primeros auxilios\",\"isPartOf\":{\"@id\":\"https:\\\/\\\/centro-cee.com\\\/web\\\/#website\"},\"primaryImageOfPage\":{\"@id\":\"https:\\\/\\\/centro-cee.com\\\/web\\\/producto\\\/monitor-de-natacion-primeros-auxilios\\\/#primaryimage\"},\"image\":{\"@id\":\"https:\\\/\\\/centro-cee.com\\\/web\\\/producto\\\/monitor-de-natacion-primeros-auxilios\\\/#primaryimage\"},\"thumbnailUrl\":\"https:\\\/\\\/centro-cee.com\\\/web\\\/wp-content\\\/uploads\\\/2023\\\/06\\\/imagen_2023-06-19_122043394.png\",\"datePublished\":\"2023-06-19T10:17:23+00:00\",\"dateModified\":\"2026-03-13T16:50:01+00:00\",\"description\":\"Obt\u00e9n las habilidades y conocimientos necesarios para ser monitor de natacion con nuestro curso monitor de nataci\u00f3n + primeros auxilios\",\"breadcrumb\":{\"@id\":\"https:\\\/\\\/centro-cee.com\\\/web\\\/producto\\\/monitor-de-natacion-primeros-auxilios\\\/#breadcrumb\"},\"inLanguage\":\"es\",\"potentialAction\":[{\"@type\":\"ReadAction\",\"target\":[\"https:\\\/\\\/centro-cee.com\\\/web\\\/producto\\\/monitor-de-natacion-primeros-auxilios\\\/\"]}]},{\"@type\":\"ImageObject\",\"inLanguage\":\"es\",\"@id\":\"https:\\\/\\\/centro-cee.com\\\/web\\\/producto\\\/monitor-de-natacion-primeros-auxilios\\\/#primaryimage\",\"url\":\"https:\\\/\\\/centro-cee.com\\\/web\\\/wp-content\\\/uploads\\\/2023\\\/06\\\/imagen_2023-06-19_122043394.png\",\"contentUrl\":\"https:\\\/\\\/centro-cee.com\\\/web\\\/wp-content\\\/uploads\\\/2023\\\/06\\\/imagen_2023-06-19_122043394.png\",\"width\":960,\"height\":641,\"caption\":\"monitor de nataci\u00f3n + primeros auxilios\"},{\"@type\":\"BreadcrumbList\",\"@id\":\"https:\\\/\\\/centro-cee.com\\\/web\\\/producto\\\/monitor-de-natacion-primeros-auxilios\\\/#breadcrumb\",\"itemListElement\":[{\"@type\":\"ListItem\",\"position\":1,\"name\":\"Portada\",\"item\":\"https:\\\/\\\/centro-cee.com\\\/web\\\/\"},{\"@type\":\"ListItem\",\"position\":2,\"name\":\"Monitor de nataci\u00f3n + primeros auxilios\"}]},{\"@type\":\"WebSite\",\"@id\":\"https:\\\/\\\/centro-cee.com\\\/web\\\/#website\",\"url\":\"https:\\\/\\\/centro-cee.com\\\/web\\\/\",\"name\":\"Centro Europeo E-learning\",\"description\":\"CEE Formaci\u00f3n Online\",\"publisher\":{\"@id\":\"https:\\\/\\\/centro-cee.com\\\/web\\\/#organization\"},\"alternateName\":\"Centro Online de Formaci\u00f3n\",\"potentialAction\":[{\"@type\":\"SearchAction\",\"target\":{\"@type\":\"EntryPoint\",\"urlTemplate\":\"https:\\\/\\\/centro-cee.com\\\/web\\\/?s={search_term_string}\"},\"query-input\":{\"@type\":\"PropertyValueSpecification\",\"valueRequired\":true,\"valueName\":\"search_term_string\"}}],\"inLanguage\":\"es\"},{\"@type\":\"Organization\",\"@id\":\"https:\\\/\\\/centro-cee.com\\\/web\\\/#organization\",\"name\":\"Centro Europeo E-learning CEE\",\"url\":\"https:\\\/\\\/centro-cee.com\\\/web\\\/\",\"logo\":{\"@type\":\"ImageObject\",\"inLanguage\":\"es\",\"@id\":\"https:\\\/\\\/centro-cee.com\\\/web\\\/#\\\/schema\\\/logo\\\/image\\\/\",\"url\":\"https:\\\/\\\/centro-cee.com\\\/web\\\/wp-content\\\/uploads\\\/2022\\\/12\\\/cropped-logo_educa.png\",\"contentUrl\":\"https:\\\/\\\/centro-cee.com\\\/web\\\/wp-content\\\/uploads\\\/2022\\\/12\\\/cropped-logo_educa.png\",\"width\":157,\"height\":63,\"caption\":\"Centro Europeo E-learning CEE\"},\"image\":{\"@id\":\"https:\\\/\\\/centro-cee.com\\\/web\\\/#\\\/schema\\\/logo\\\/image\\\/\"},\"sameAs\":[\"https:\\\/\\\/www.instagram.com\\\/centroeuropeo_cee\"]}]}<\/script>\n<!-- \/ Yoast SEO plugin. -->","yoast_head_json":{"title":"Monitor de nataci\u00f3n + primeros auxilios","description":"Obt\u00e9n las habilidades y conocimientos necesarios para ser monitor de natacion con nuestro curso monitor de nataci\u00f3n + primeros auxilios","robots":{"index":"index","follow":"follow","max-snippet":"max-snippet:-1","max-image-preview":"max-image-preview:large","max-video-preview":"max-video-preview:-1"},"canonical":"https:\/\/centro-cee.com\/web\/producto\/monitor-de-natacion-primeros-auxilios\/","og_locale":"es_ES","og_type":"article","og_title":"Monitor de nataci\u00f3n + primeros auxilios","og_description":"Obt\u00e9n las habilidades y conocimientos necesarios para ser monitor de natacion con nuestro curso monitor de nataci\u00f3n + primeros auxilios","og_url":"https:\/\/centro-cee.com\/web\/producto\/monitor-de-natacion-primeros-auxilios\/","og_site_name":"CEE Centro Europeo E-learning - Cursos online","article_modified_time":"2026-03-13T16:50:01+00:00","og_image":[{"width":960,"height":641,"url":"https:\/\/centro-cee.com\/web\/wp-content\/uploads\/2023\/06\/imagen_2023-06-19_122043394.png","type":"image\/png"}],"twitter_card":"summary_large_image","twitter_misc":{"Tiempo de lectura":"3 minutos"},"schema":{"@context":"https:\/\/schema.org","@graph":[{"@type":"WebPage","@id":"https:\/\/centro-cee.com\/web\/producto\/monitor-de-natacion-primeros-auxilios\/","url":"https:\/\/centro-cee.com\/web\/producto\/monitor-de-natacion-primeros-auxilios\/","name":"Monitor de nataci\u00f3n + primeros auxilios","isPartOf":{"@id":"https:\/\/centro-cee.com\/web\/#website"},"primaryImageOfPage":{"@id":"https:\/\/centro-cee.com\/web\/producto\/monitor-de-natacion-primeros-auxilios\/#primaryimage"},"image":{"@id":"https:\/\/centro-cee.com\/web\/producto\/monitor-de-natacion-primeros-auxilios\/#primaryimage"},"thumbnailUrl":"https:\/\/centro-cee.com\/web\/wp-content\/uploads\/2023\/06\/imagen_2023-06-19_122043394.png","datePublished":"2023-06-19T10:17:23+00:00","dateModified":"2026-03-13T16:50:01+00:00","description":"Obt\u00e9n las habilidades y conocimientos necesarios para ser monitor de natacion con nuestro curso monitor de nataci\u00f3n + primeros auxilios","breadcrumb":{"@id":"https:\/\/centro-cee.com\/web\/producto\/monitor-de-natacion-primeros-auxilios\/#breadcrumb"},"inLanguage":"es","potentialAction":[{"@type":"ReadAction","target":["https:\/\/centro-cee.com\/web\/producto\/monitor-de-natacion-primeros-auxilios\/"]}]},{"@type":"ImageObject","inLanguage":"es","@id":"https:\/\/centro-cee.com\/web\/producto\/monitor-de-natacion-primeros-auxilios\/#primaryimage","url":"https:\/\/centro-cee.com\/web\/wp-content\/uploads\/2023\/06\/imagen_2023-06-19_122043394.png","contentUrl":"https:\/\/centro-cee.com\/web\/wp-content\/uploads\/2023\/06\/imagen_2023-06-19_122043394.png","width":960,"height":641,"caption":"monitor de nataci\u00f3n + primeros auxilios"},{"@type":"BreadcrumbList","@id":"https:\/\/centro-cee.com\/web\/producto\/monitor-de-natacion-primeros-auxilios\/#breadcrumb","itemListElement":[{"@type":"ListItem","position":1,"name":"Portada","item":"https:\/\/centro-cee.com\/web\/"},{"@type":"ListItem","position":2,"name":"Monitor de nataci\u00f3n + primeros auxilios"}]},{"@type":"WebSite","@id":"https:\/\/centro-cee.com\/web\/#website","url":"https:\/\/centro-cee.com\/web\/","name":"Centro Europeo E-learning","description":"CEE Formaci\u00f3n Online","publisher":{"@id":"https:\/\/centro-cee.com\/web\/#organization"},"alternateName":"Centro Online de Formaci\u00f3n","potentialAction":[{"@type":"SearchAction","target":{"@type":"EntryPoint","urlTemplate":"https:\/\/centro-cee.com\/web\/?s={search_term_string}"},"query-input":{"@type":"PropertyValueSpecification","valueRequired":true,"valueName":"search_term_string"}}],"inLanguage":"es"},{"@type":"Organization","@id":"https:\/\/centro-cee.com\/web\/#organization","name":"Centro Europeo E-learning CEE","url":"https:\/\/centro-cee.com\/web\/","logo":{"@type":"ImageObject","inLanguage":"es","@id":"https:\/\/centro-cee.com\/web\/#\/schema\/logo\/image\/","url":"https:\/\/centro-cee.com\/web\/wp-content\/uploads\/2022\/12\/cropped-logo_educa.png","contentUrl":"https:\/\/centro-cee.com\/web\/wp-content\/uploads\/2022\/12\/cropped-logo_educa.png","width":157,"height":63,"caption":"Centro Europeo E-learning CEE"},"image":{"@id":"https:\/\/centro-cee.com\/web\/#\/schema\/logo\/image\/"},"sameAs":["https:\/\/www.instagram.com\/centroeuropeo_cee"]}]}},"_links":{"self":[{"href":"https:\/\/centro-cee.com\/web\/wp-json\/wp\/v2\/product\/1308","targetHints":{"allow":["GET"]}}],"collection":[{"href":"https:\/\/centro-cee.com\/web\/wp-json\/wp\/v2\/product"}],"about":[{"href":"https:\/\/centro-cee.com\/web\/wp-json\/wp\/v2\/types\/product"}],"replies":[{"embeddable":true,"href":"https:\/\/centro-cee.com\/web\/wp-json\/wp\/v2\/comments?post=1308"}],"wp:featuredmedia":[{"embeddable":true,"href":"https:\/\/centro-cee.com\/web\/wp-json\/wp\/v2\/media\/1310"}],"wp:attachment":[{"href":"https:\/\/centro-cee.com\/web\/wp-json\/wp\/v2\/media?parent=1308"}],"wp:term":[{"taxonomy":"product_brand","embeddable":true,"href":"https:\/\/centro-cee.com\/web\/wp-json\/wp\/v2\/product_brand?post=1308"},{"taxonomy":"product_cat","embeddable":true,"href":"https:\/\/centro-cee.com\/web\/wp-json\/wp\/v2\/product_cat?post=1308"},{"taxonomy":"product_tag","embeddable":true,"href":"https:\/\/centro-cee.com\/web\/wp-json\/wp\/v2\/product_tag?post=1308"}],"curies":[{"name":"wp","href":"https:\/\/api.w.org\/{rel}","templated":true}]}}