{"id":1306,"date":"2023-06-19T10:11:23","date_gmt":"2023-06-19T10:11:23","guid":{"rendered":"https:\/\/centro-cee.com\/web\/?post_type=product&#038;p=1306"},"modified":"2026-03-13T16:50:19","modified_gmt":"2026-03-13T16:50:19","slug":"curso-superior-para-socorristas-2","status":"publish","type":"product","link":"https:\/\/centro-cee.com\/web\/producto\/curso-superior-para-socorristas-2\/","title":{"rendered":"Curso superior para socorristas"},"content":{"rendered":"<p><a href=\"https:\/\/centro-cee.com\/web\/formaciones\/\">Atr\u00e1s<\/a><\/p>\n<p><em><strong>Curso superior para socorristas<\/strong><\/em><\/p>\n<p>Toda esta formaci\u00f3n se realiza 100% online en nuestro campus online de formaci\u00f3n.<\/p>\n<p>Las tutorias se realizan directamente desde el campus de estudio con la opci\u00f3n de mensajer\u00eda a profesores. Las tutorias son \u00aba demanda\u00bb, cuando necesites soporte nos lo pides.<\/p>\n<p>Los t\u00edtulos del Curso superior para socorristas de Centro CEE est\u00e1n autenticados por la firma de notario que valida contenidos y autenticidad a nivel internacional. Nuestra organizaci\u00f3n pertenece a la Asociaci\u00f3n Espa\u00f1ola de Calidad, organizaci\u00f3n Espa\u00f1ola de referencia para la calidad en la formaci\u00f3n. La certificaci\u00f3n se puede apostillar por la Haya para cualquier pa\u00eds firmante del convenio de la Haya.<\/p>\n<p>Se puede pagar a plazos.<\/p>\n<p>Carga horaria de la formaci\u00f3n: 200h<\/p>\n<h2>Temario<\/h2>\n<hr \/>\n<p>UNIDAD 1. EL SOCORRISTA Y SU MISI\u00d3N<br \/>\n1. El socorrista<br \/>\n2. Competencias del socorrista<br \/>\n3. Funciones del socorrista en emergencias<br \/>\n4. &#8211; Proteger<br \/>\n5. &#8211; Evaluar<br \/>\n6. &#8211; Alertar<br \/>\n7. &#8211; Socorrer<br \/>\n8. Aspectos \u00e9tico-legales en el primer interviniente. Socorrista<br \/>\n9. &#8211; Perfil, competencias y actitudes<br \/>\n10. &#8211; \u00c9tica profesional y c\u00f3digo deontol\u00f3gico<br \/>\n11. &#8211; Marco legal y responsabilidad: normas civiles, normas penales<\/p>\n<p>UNIDAD 2. ACONDICIONAMIENTO F\u00cdSICO DEL SOCORRISTA<br \/>\n1. El entrenamiento del socorrista<br \/>\n2. Principios generales del entrenamiento<br \/>\n3. Capacidades f\u00edsicas (condicionales y coordinativas)<br \/>\n4. &#8211; Capacidades f\u00edsicas condicionales<br \/>\n5. &#8211; Capacidades f\u00edsicas coordinativas<br \/>\n6. Medios, m\u00e9todos y control del entrenamiento de las capacidades f\u00edsicas en el Salvamento y Socorrismo<br \/>\n7. &#8211; El entrenamiento de la resistencia<br \/>\n8. &#8211; El entrenamiento de la fuerza<br \/>\n9. &#8211; El entrenamiento de la velocidad<br \/>\n10. &#8211; El entrenamiento de la flexibilidad<br \/>\n11. Entrenamiento espec\u00edfico de los sistemas de traslado en salvamento acu\u00e1tico<br \/>\n12. &#8211; T\u00e9cnicas de traslado de accidentados<br \/>\n13. &#8211; T\u00e9cnicas de extracci\u00f3n del accidentado<br \/>\n14. &#8211; Evacuaci\u00f3n del accidentado<br \/>\n15. &#8211; Coordinaci\u00f3n con otros recursos<br \/>\n16. M\u00e9todos, medios y control\/evaluaci\u00f3n<br \/>\n17. Principios b\u00e1sicos de la programaci\u00f3n de la condici\u00f3n f\u00edsica general y espec\u00edfica del socorrista<\/p>\n<p>UNIDAD 3. INTERVENCI\u00d3N MEDIOAMBIENTAL EN EL SERVICIO DE SOCORRISMO<br \/>\n1. Mantenimiento de Espacios Naturales<br \/>\n2. &#8211; Medidas de prevenci\u00f3n y actuaci\u00f3n ante posibles vertidos de hidrocarburos o derivados en el medio marino (alertas, contenci\u00f3n y recuperaci\u00f3n)<br \/>\n3. &#8211; Detecci\u00f3n de agresiones al entorno natural<br \/>\n4. &#8211; Sistemas de limpieza de residuos en aguas<br \/>\n5. &#8211; Higiene natural<br \/>\n6. Bandera Azul en playas y puertos deportivos<br \/>\n7. &#8211; Origen y filosof\u00eda de una campa\u00f1a mundial a favor del respeto medioambiental y del turismo sostenible<br \/>\n8. &#8211; Evoluci\u00f3n de la campa\u00f1a en Espa\u00f1a y en el mundo<br \/>\n9. &#8211; Criterios Bandera Azul para playas y puertos deportivos<br \/>\n10. &#8211; Control del cumplimiento de los criterios Bandera Azul<\/p>\n<p>UNIDAD 4. INTERVENCI\u00d3N DEL SERVICIO DE SOCORRISMO EN LA ATENCI\u00d3N A PERSONAS EN SITUACI\u00d3N DE DISCAPACIDAD O LIMITACI\u00d3N DE MOVIMIENTOS<br \/>\n1. Introducci\u00f3n al \u00e1mbito de la Discapacidad<br \/>\n2. &#8211; Tipos de discapacidades: f\u00edsicas, intelectuales, sensoriales, plurideficiencias<br \/>\n3. &#8211; Autonom\u00eda personal y relaciones interpersonales<br \/>\n4. Accesibilidad<br \/>\n5. &#8211; Adaptaciones y criterios para la adaptaci\u00f3n<br \/>\n6. &#8211; Condiciones de accesibilidad en espacios acu\u00e1ticos<br \/>\n7. &#8211; Infraestructuras de accesibilidad: aparcamientos, conexiones peatonales, paseos, rampas, pasarelas, instalaciones adaptadas, ba\u00f1os y vestuarios adaptados, zonas de sombra<br \/>\n8. Servicios y ayudas t\u00e9cnicas en la atenci\u00f3n a personas en situaci\u00f3n de discapacidad o limitaci\u00f3n de movimiento<br \/>\n9. Organizaci\u00f3n de la ayuda en la atenci\u00f3n a personas en situaci\u00f3n de discapacidad o limitaci\u00f3n de movimiento<\/p>\n<p>UNIDAD 5. PLAN DE PREPARACI\u00d3N, SIMULACROS Y PROTOCOLOS DE COMUNICACI\u00d3N EN EL SERVICIO DE SOCORRISMO<br \/>\n1. Entrenamientos, pruebas y simulacros<br \/>\n2. &#8211; Periodicidad en las sesiones de entrenamiento<br \/>\n3. &#8211; Pautas para la direcci\u00f3n de simulacros de intervenciones ante accidentes o situaciones de emergencia<br \/>\n4. Control y evaluaci\u00f3n del socorrista en el medio acu\u00e1tico<br \/>\n5. &#8211; Pruebas para la evaluaci\u00f3n del nivel t\u00e9cnico del socorrista acu\u00e1tico<br \/>\n6. &#8211; Test de condici\u00f3n f\u00edsica para el socorrista acu\u00e1tico<br \/>\n7. &#8211; Interpretaci\u00f3n de informaci\u00f3n<br \/>\n8. &#8211; Cuestionarios de t\u00e9cnicas de socorrismo acu\u00e1tico<br \/>\n9. Seguridad y prevenci\u00f3n de riesgos<br \/>\n10. &#8211; Gu\u00edas para la mejora de la acci\u00f3n preventiva<br \/>\n11. &#8211; El plan de prevenci\u00f3n<br \/>\n12. &#8211; La evaluaci\u00f3n de riesgos laborales<br \/>\n13. Protocolos de comunicaci\u00f3n en situaciones de emergencia<br \/>\n14. &#8211; Protocolos de comunicaci\u00f3n interna en el servicio de socorrismo<br \/>\n15. &#8211; Utilizaci\u00f3n de tel\u00e9fonos y radiotransmisores<br \/>\n16. &#8211; Utilizaci\u00f3n de silbatos<br \/>\n17. &#8211; Utilizaci\u00f3n de se\u00f1ales con los brazos<br \/>\n18. &#8211; Utilizaci\u00f3n de otro tipo de Comunicaci\u00f3n<\/p>\n<p>UNIDAD 6. COMUNICACI\u00d3N APLICADA A LA PREVENCI\u00d3N DE RIESGOS<br \/>\n1. Habilidades sociales del socorrista<br \/>\n2. &#8211; Escucha activa. Errores de escucha<br \/>\n3. &#8211; Empat\u00eda<br \/>\n4. &#8211; Ayudar a pensar<br \/>\n5. &#8211; Objetivos de la comunicaci\u00f3n<br \/>\n6. &#8211; Cumplimiento de normas<br \/>\n7. &#8211; Advertencia de situaciones de riesgo<br \/>\n8. &#8211; Resoluci\u00f3n de conflictos<br \/>\n9. T\u00e9cnicas de comunicaci\u00f3n<br \/>\n10. &#8211; Utilizaci\u00f3n del lenguaje oral y del escrito en la transmisi\u00f3n de mensajes<br \/>\n11. &#8211; Utilizaci\u00f3n del lenguaje ic\u00f3nico y del lenguaje audiovisual en la transmisi\u00f3n de mensajes<br \/>\n12. Fundamentos de psicolog\u00eda y sociolog\u00eda aplicados<br \/>\n13. &#8211; Bases de la personalidad<br \/>\n14. &#8211; Motivaci\u00f3n<br \/>\n15. &#8211; Actitudes<br \/>\n16. &#8211; Caracter\u00edsticas de las distintas etapas de desarrollo de la personalidad en relaci\u00f3n con la participaci\u00f3n<br \/>\n17. &#8211; Estr\u00e9s en socorrismo acu\u00e1tico<br \/>\n18. &#8211; Ansiedad ante situaciones de emergencia<\/p>\n<p>UNIDAD 7. ESTRATEGIAS DE CONDUCTAS, ASPECTOS PSICOL\u00d3GICOS EN LA FASE CR\u00cdTICA DEL RESCATE<br \/>\n1. Conducta de la persona que cree ahogarse<br \/>\n2. Actitudes y respuesta del socorrista<br \/>\n3. Manejo de la situaci\u00f3n<br \/>\n4. T\u00e9cnicas de control de la ansiedad para el propio socorrista<br \/>\n5. &#8211; A nivel cognitivo<br \/>\n6. &#8211; A nivel fisiol\u00f3gico<br \/>\n7. &#8211; A nivel conductual<\/p>\n<p>UNIDAD 8. FUNDAMENTOS DE PRIMEROS AUXILIOS<br \/>\n1. Definiciones de accidente, urgencia y emergencia<br \/>\n2. &#8211; Definici\u00f3n de Primeros Auxilios<br \/>\n3. Actuaci\u00f3n del primer interviniente. Socorrista<br \/>\n4. &#8211; Riesgos en la intervenci\u00f3n<br \/>\n5. &#8211; Seguridad y protecci\u00f3n durante la intervenci\u00f3n<br \/>\n6. &#8211; Prevenci\u00f3n de contagios y enfermedades<br \/>\n7. Anatom\u00eda y fisiolog\u00eda b\u00e1sicas para Primeros Auxilios<br \/>\n8. &#8211; Conceptos b\u00e1sicos de anatom\u00eda y fisiolog\u00eda<br \/>\n9. &#8211; Sistemas: respiratorio, cardiocirculatorio, neurol\u00f3gico, digestivo, genito-urinario, endocrino, tegumentario, osteo-muscular<br \/>\n10. &#8211; Signos y s\u00edntomas<br \/>\n11. &#8211; Terminolog\u00eda b\u00e1sica m\u00e9dico-sanitaria<br \/>\n12. T\u00e9cnicas de apoyo psicol\u00f3gico en Primeros Auxilios<br \/>\n13. &#8211; Principios de Psicolog\u00eda general<br \/>\n14. &#8211; Principios de la comunicaci\u00f3n: canales y tipos de comunicaci\u00f3n, comunicaci\u00f3n entre primeros intervinientes, asistente-accidentado y asistente-familia<br \/>\n15. &#8211; Mecanismos de defensa de la personalidad<br \/>\n16. &#8211; Habilidades sociales en situaciones de crisis: escucha activa, respuesta funcional, comunicaci\u00f3n operativa<br \/>\n17. &#8211; Perfil psicol\u00f3gico de la v\u00edctima<br \/>\n18. &#8211; Apoyo psicol\u00f3gico ante situaciones de emergencia, crisis, duelo, tensi\u00f3n, agresividad, ansiedad<br \/>\n19. &#8211; T\u00e9cnicas de autocontrol ante situaciones de estr\u00e9s<br \/>\n20. &#8211; Mecanismos de defensa<br \/>\n21. &#8211; Medidas, t\u00e9cnicas y estrategias de autocontrol emocional para superar situaciones de ansiedad, agresividad, angustia, duelo y estr\u00e9s<br \/>\n22. &#8211; Afrontamiento y autocuidado<\/p>\n<p>UNIDAD 9. RCP B\u00c1SICA Y OBSTRUCCI\u00d3N DE LA V\u00cdA A\u00c9REA POR CUERPO EXTRA\u00d1O<br \/>\n1. La cadena de supervivencia<br \/>\n2. &#8211; Activaci\u00f3n precoz de la emergencia<br \/>\n3. &#8211; RCP b\u00e1sica precoz<br \/>\n4. &#8211; Desfibrilaci\u00f3n precoz<br \/>\n5. &#8211; Cuidados avanzados precoces<br \/>\n6. RCP b\u00e1sica<br \/>\n7. &#8211; Comprobaci\u00f3n del nivel de consciencia<br \/>\n8. &#8211; Apertura de la v\u00eda a\u00e9rea<br \/>\n9. &#8211; Aviso al 112<br \/>\n10. &#8211; Inicio y continuidad en la RCP b\u00e1sica: masaje card\u00edaco, ventilaciones<br \/>\n11. &#8211; Utilizaci\u00f3n del Desfibrilador Externo Autom\u00e1tico<br \/>\n12. &#8211; Posici\u00f3n lateral de seguridad<br \/>\n13. RCP b\u00e1sica en casos especiales<br \/>\n14. &#8211; Embarazadas<br \/>\n15. &#8211; Lactantes<br \/>\n16. &#8211; Ni\u00f1os<br \/>\n17. Obstrucci\u00f3n de v\u00eda a\u00e9rea<br \/>\n18. &#8211; V\u00edctima consciente<br \/>\n19. &#8211; V\u00edctima inconsciente<br \/>\n20. Aplicaci\u00f3n de ox\u00edgeno<\/p>\n<p>UNIDAD 10. ASISTENCIA A V\u00cdCTIMAS CON NECESIDADES ESPECIALES, EMERGENCIAS COLECTIVAS Y CAT\u00c1STROFES<br \/>\n1. V\u00edctimas con necesidades especiales<br \/>\n2. &#8211; Ni\u00f1os<br \/>\n3. &#8211; Personas mayores<br \/>\n4. &#8211; Personas en situaci\u00f3n de discapacidad: f\u00edsica, intelectual, sensorial, pluridiscapacidad<br \/>\n5. Sistemas de emergencia<br \/>\n6. &#8211; Sistemas integrales de urgencias<br \/>\n7. &#8211; Protecci\u00f3n Civil<br \/>\n8. &#8211; Coordinaci\u00f3n en las emergencias<br \/>\n9. Accidentes de tr\u00e1fico<br \/>\n10. &#8211; Orden de actuaci\u00f3n<br \/>\n11. &#8211; Clasificaci\u00f3n de heridos en el accidente<br \/>\n12. &#8211; Recursos relacionados con la seguridad de la circulaci\u00f3n<br \/>\n13. Emergencias colectivas y cat\u00e1strofes<br \/>\n14. &#8211; M\u00e9todos de ?triaje?<\/p>\n<p><em><strong>Curso superior para socorristas<\/strong><\/em><\/p>\n<hr \/>\n","protected":false},"excerpt":{"rendered":"<p><a href=\"https:\/\/centro-cee.com\/web\/formaciones\/\">Atr\u00e1s<\/a><\/p>\n<p>Con este curso estudiar\u00e1s todos los aspectos relacionados con el socorrismo, con contenidos actualizados. La figura del socorrista es de vital importancia para garantizar la seguridad de personas en situaciones de peligro y que requieren una intervenci\u00f3n r\u00e1pida por un profesional capacitado para el rescate y salvamento.<\/p>\n<p>Aprender\u00e1s desde el acondicionamiento f\u00edsico que tiene que tener un\/a socorrista para desarrollar su labor, intervenciones medioambientales en temas de residuos en aguas, higiene natural, criterios referentes a la bandera azul en playas y puertos deportivos, y todo lo relacionado con el salvamento, rescate, primeros auxilios, etc.<\/p>\n","protected":false},"featured_media":1307,"comment_status":"closed","ping_status":"closed","template":"","meta":[],"product_brand":[],"product_cat":[2047,34],"product_tag":[1108,1110,1105,1113,1106,1114,1111,1109,1112,1107],"class_list":{"0":"post-1306","1":"product","2":"type-product","3":"status-publish","4":"has-post-thumbnail","6":"product_cat-cursos-online-deporte","7":"product_cat-tecnicos","8":"product_tag-certificacion-en-socorrismo","9":"product_tag-curso-online-de-socorrismo","10":"product_tag-curso-superior-de-socorrismo","11":"product_tag-especializacion-en-socorrismo-profesional","12":"product_tag-formacion-en-socorrismo-acuatico","13":"product_tag-habilidades-de-seguridad-acuatica","14":"product_tag-prevencion-de-accidentes-acuaticos","15":"product_tag-primeros-auxilios-para-socorristas","16":"product_tag-rescate-en-piscinas-y-playas","17":"product_tag-tecnicas-de-salvamento-y-rescate","19":"first","20":"instock","21":"sale","22":"shipping-taxable","23":"purchasable","24":"product-type-simple"},"yoast_head":"<!-- This site is optimized with the Yoast SEO plugin v27.4 - https:\/\/yoast.com\/product\/yoast-seo-wordpress\/ -->\n<title>Curso superior para socorristas<\/title>\n<meta name=\"description\" content=\"Obt\u00e9n las habilidades y conocimientos necesarios para el socorrismo con nuestro especializado curso superior para socorristas\" \/>\n<meta name=\"robots\" content=\"index, follow, max-snippet:-1, max-image-preview:large, max-video-preview:-1\" \/>\n<link rel=\"canonical\" href=\"https:\/\/centro-cee.com\/web\/producto\/curso-superior-para-socorristas-2\/\" \/>\n<meta property=\"og:locale\" content=\"es_ES\" \/>\n<meta property=\"og:type\" content=\"article\" \/>\n<meta property=\"og:title\" content=\"Curso superior para socorristas\" \/>\n<meta property=\"og:description\" content=\"Obt\u00e9n las habilidades y conocimientos necesarios para el socorrismo con nuestro especializado curso superior para socorristas\" \/>\n<meta property=\"og:url\" content=\"https:\/\/centro-cee.com\/web\/producto\/curso-superior-para-socorristas-2\/\" \/>\n<meta property=\"og:site_name\" content=\"CEE Centro Europeo E-learning - Cursos online\" \/>\n<meta property=\"article:modified_time\" content=\"2026-03-13T16:50:19+00:00\" \/>\n<meta property=\"og:image\" content=\"https:\/\/centro-cee.com\/web\/wp-content\/uploads\/2023\/06\/imagen_2023-06-19_121331554.png\" \/>\n\t<meta property=\"og:image:width\" content=\"657\" \/>\n\t<meta property=\"og:image:height\" content=\"438\" \/>\n\t<meta property=\"og:image:type\" content=\"image\/png\" \/>\n<meta name=\"twitter:card\" content=\"summary_large_image\" \/>\n<meta name=\"twitter:label1\" content=\"Tiempo de lectura\" \/>\n\t<meta name=\"twitter:data1\" content=\"6 minutos\" \/>\n<script type=\"application\/ld+json\" class=\"yoast-schema-graph\">{\"@context\":\"https:\\\/\\\/schema.org\",\"@graph\":[{\"@type\":\"WebPage\",\"@id\":\"https:\\\/\\\/centro-cee.com\\\/web\\\/producto\\\/curso-superior-para-socorristas-2\\\/\",\"url\":\"https:\\\/\\\/centro-cee.com\\\/web\\\/producto\\\/curso-superior-para-socorristas-2\\\/\",\"name\":\"Curso superior para socorristas\",\"isPartOf\":{\"@id\":\"https:\\\/\\\/centro-cee.com\\\/web\\\/#website\"},\"primaryImageOfPage\":{\"@id\":\"https:\\\/\\\/centro-cee.com\\\/web\\\/producto\\\/curso-superior-para-socorristas-2\\\/#primaryimage\"},\"image\":{\"@id\":\"https:\\\/\\\/centro-cee.com\\\/web\\\/producto\\\/curso-superior-para-socorristas-2\\\/#primaryimage\"},\"thumbnailUrl\":\"https:\\\/\\\/centro-cee.com\\\/web\\\/wp-content\\\/uploads\\\/2023\\\/06\\\/imagen_2023-06-19_121331554.png\",\"datePublished\":\"2023-06-19T10:11:23+00:00\",\"dateModified\":\"2026-03-13T16:50:19+00:00\",\"description\":\"Obt\u00e9n las habilidades y conocimientos necesarios para el socorrismo con nuestro especializado curso superior para socorristas\",\"breadcrumb\":{\"@id\":\"https:\\\/\\\/centro-cee.com\\\/web\\\/producto\\\/curso-superior-para-socorristas-2\\\/#breadcrumb\"},\"inLanguage\":\"es\",\"potentialAction\":[{\"@type\":\"ReadAction\",\"target\":[\"https:\\\/\\\/centro-cee.com\\\/web\\\/producto\\\/curso-superior-para-socorristas-2\\\/\"]}]},{\"@type\":\"ImageObject\",\"inLanguage\":\"es\",\"@id\":\"https:\\\/\\\/centro-cee.com\\\/web\\\/producto\\\/curso-superior-para-socorristas-2\\\/#primaryimage\",\"url\":\"https:\\\/\\\/centro-cee.com\\\/web\\\/wp-content\\\/uploads\\\/2023\\\/06\\\/imagen_2023-06-19_121331554.png\",\"contentUrl\":\"https:\\\/\\\/centro-cee.com\\\/web\\\/wp-content\\\/uploads\\\/2023\\\/06\\\/imagen_2023-06-19_121331554.png\",\"width\":657,\"height\":438,\"caption\":\"curso superior para socorristas\"},{\"@type\":\"BreadcrumbList\",\"@id\":\"https:\\\/\\\/centro-cee.com\\\/web\\\/producto\\\/curso-superior-para-socorristas-2\\\/#breadcrumb\",\"itemListElement\":[{\"@type\":\"ListItem\",\"position\":1,\"name\":\"Portada\",\"item\":\"https:\\\/\\\/centro-cee.com\\\/web\\\/\"},{\"@type\":\"ListItem\",\"position\":2,\"name\":\"Curso superior para socorristas\"}]},{\"@type\":\"WebSite\",\"@id\":\"https:\\\/\\\/centro-cee.com\\\/web\\\/#website\",\"url\":\"https:\\\/\\\/centro-cee.com\\\/web\\\/\",\"name\":\"Centro Europeo E-learning\",\"description\":\"CEE Formaci\u00f3n Online\",\"publisher\":{\"@id\":\"https:\\\/\\\/centro-cee.com\\\/web\\\/#organization\"},\"alternateName\":\"Centro Online de Formaci\u00f3n\",\"potentialAction\":[{\"@type\":\"SearchAction\",\"target\":{\"@type\":\"EntryPoint\",\"urlTemplate\":\"https:\\\/\\\/centro-cee.com\\\/web\\\/?s={search_term_string}\"},\"query-input\":{\"@type\":\"PropertyValueSpecification\",\"valueRequired\":true,\"valueName\":\"search_term_string\"}}],\"inLanguage\":\"es\"},{\"@type\":\"Organization\",\"@id\":\"https:\\\/\\\/centro-cee.com\\\/web\\\/#organization\",\"name\":\"Centro Europeo E-learning CEE\",\"url\":\"https:\\\/\\\/centro-cee.com\\\/web\\\/\",\"logo\":{\"@type\":\"ImageObject\",\"inLanguage\":\"es\",\"@id\":\"https:\\\/\\\/centro-cee.com\\\/web\\\/#\\\/schema\\\/logo\\\/image\\\/\",\"url\":\"https:\\\/\\\/centro-cee.com\\\/web\\\/wp-content\\\/uploads\\\/2022\\\/12\\\/cropped-logo_educa.png\",\"contentUrl\":\"https:\\\/\\\/centro-cee.com\\\/web\\\/wp-content\\\/uploads\\\/2022\\\/12\\\/cropped-logo_educa.png\",\"width\":157,\"height\":63,\"caption\":\"Centro Europeo E-learning CEE\"},\"image\":{\"@id\":\"https:\\\/\\\/centro-cee.com\\\/web\\\/#\\\/schema\\\/logo\\\/image\\\/\"},\"sameAs\":[\"https:\\\/\\\/www.instagram.com\\\/centroeuropeo_cee\"]}]}<\/script>\n<!-- \/ Yoast SEO plugin. -->","yoast_head_json":{"title":"Curso superior para socorristas","description":"Obt\u00e9n las habilidades y conocimientos necesarios para el socorrismo con nuestro especializado curso superior para socorristas","robots":{"index":"index","follow":"follow","max-snippet":"max-snippet:-1","max-image-preview":"max-image-preview:large","max-video-preview":"max-video-preview:-1"},"canonical":"https:\/\/centro-cee.com\/web\/producto\/curso-superior-para-socorristas-2\/","og_locale":"es_ES","og_type":"article","og_title":"Curso superior para socorristas","og_description":"Obt\u00e9n las habilidades y conocimientos necesarios para el socorrismo con nuestro especializado curso superior para socorristas","og_url":"https:\/\/centro-cee.com\/web\/producto\/curso-superior-para-socorristas-2\/","og_site_name":"CEE Centro Europeo E-learning - Cursos online","article_modified_time":"2026-03-13T16:50:19+00:00","og_image":[{"width":657,"height":438,"url":"https:\/\/centro-cee.com\/web\/wp-content\/uploads\/2023\/06\/imagen_2023-06-19_121331554.png","type":"image\/png"}],"twitter_card":"summary_large_image","twitter_misc":{"Tiempo de lectura":"6 minutos"},"schema":{"@context":"https:\/\/schema.org","@graph":[{"@type":"WebPage","@id":"https:\/\/centro-cee.com\/web\/producto\/curso-superior-para-socorristas-2\/","url":"https:\/\/centro-cee.com\/web\/producto\/curso-superior-para-socorristas-2\/","name":"Curso superior para socorristas","isPartOf":{"@id":"https:\/\/centro-cee.com\/web\/#website"},"primaryImageOfPage":{"@id":"https:\/\/centro-cee.com\/web\/producto\/curso-superior-para-socorristas-2\/#primaryimage"},"image":{"@id":"https:\/\/centro-cee.com\/web\/producto\/curso-superior-para-socorristas-2\/#primaryimage"},"thumbnailUrl":"https:\/\/centro-cee.com\/web\/wp-content\/uploads\/2023\/06\/imagen_2023-06-19_121331554.png","datePublished":"2023-06-19T10:11:23+00:00","dateModified":"2026-03-13T16:50:19+00:00","description":"Obt\u00e9n las habilidades y conocimientos necesarios para el socorrismo con nuestro especializado curso superior para socorristas","breadcrumb":{"@id":"https:\/\/centro-cee.com\/web\/producto\/curso-superior-para-socorristas-2\/#breadcrumb"},"inLanguage":"es","potentialAction":[{"@type":"ReadAction","target":["https:\/\/centro-cee.com\/web\/producto\/curso-superior-para-socorristas-2\/"]}]},{"@type":"ImageObject","inLanguage":"es","@id":"https:\/\/centro-cee.com\/web\/producto\/curso-superior-para-socorristas-2\/#primaryimage","url":"https:\/\/centro-cee.com\/web\/wp-content\/uploads\/2023\/06\/imagen_2023-06-19_121331554.png","contentUrl":"https:\/\/centro-cee.com\/web\/wp-content\/uploads\/2023\/06\/imagen_2023-06-19_121331554.png","width":657,"height":438,"caption":"curso superior para socorristas"},{"@type":"BreadcrumbList","@id":"https:\/\/centro-cee.com\/web\/producto\/curso-superior-para-socorristas-2\/#breadcrumb","itemListElement":[{"@type":"ListItem","position":1,"name":"Portada","item":"https:\/\/centro-cee.com\/web\/"},{"@type":"ListItem","position":2,"name":"Curso superior para socorristas"}]},{"@type":"WebSite","@id":"https:\/\/centro-cee.com\/web\/#website","url":"https:\/\/centro-cee.com\/web\/","name":"Centro Europeo E-learning","description":"CEE Formaci\u00f3n Online","publisher":{"@id":"https:\/\/centro-cee.com\/web\/#organization"},"alternateName":"Centro Online de Formaci\u00f3n","potentialAction":[{"@type":"SearchAction","target":{"@type":"EntryPoint","urlTemplate":"https:\/\/centro-cee.com\/web\/?s={search_term_string}"},"query-input":{"@type":"PropertyValueSpecification","valueRequired":true,"valueName":"search_term_string"}}],"inLanguage":"es"},{"@type":"Organization","@id":"https:\/\/centro-cee.com\/web\/#organization","name":"Centro Europeo E-learning CEE","url":"https:\/\/centro-cee.com\/web\/","logo":{"@type":"ImageObject","inLanguage":"es","@id":"https:\/\/centro-cee.com\/web\/#\/schema\/logo\/image\/","url":"https:\/\/centro-cee.com\/web\/wp-content\/uploads\/2022\/12\/cropped-logo_educa.png","contentUrl":"https:\/\/centro-cee.com\/web\/wp-content\/uploads\/2022\/12\/cropped-logo_educa.png","width":157,"height":63,"caption":"Centro Europeo E-learning CEE"},"image":{"@id":"https:\/\/centro-cee.com\/web\/#\/schema\/logo\/image\/"},"sameAs":["https:\/\/www.instagram.com\/centroeuropeo_cee"]}]}},"_links":{"self":[{"href":"https:\/\/centro-cee.com\/web\/wp-json\/wp\/v2\/product\/1306","targetHints":{"allow":["GET"]}}],"collection":[{"href":"https:\/\/centro-cee.com\/web\/wp-json\/wp\/v2\/product"}],"about":[{"href":"https:\/\/centro-cee.com\/web\/wp-json\/wp\/v2\/types\/product"}],"replies":[{"embeddable":true,"href":"https:\/\/centro-cee.com\/web\/wp-json\/wp\/v2\/comments?post=1306"}],"wp:featuredmedia":[{"embeddable":true,"href":"https:\/\/centro-cee.com\/web\/wp-json\/wp\/v2\/media\/1307"}],"wp:attachment":[{"href":"https:\/\/centro-cee.com\/web\/wp-json\/wp\/v2\/media?parent=1306"}],"wp:term":[{"taxonomy":"product_brand","embeddable":true,"href":"https:\/\/centro-cee.com\/web\/wp-json\/wp\/v2\/product_brand?post=1306"},{"taxonomy":"product_cat","embeddable":true,"href":"https:\/\/centro-cee.com\/web\/wp-json\/wp\/v2\/product_cat?post=1306"},{"taxonomy":"product_tag","embeddable":true,"href":"https:\/\/centro-cee.com\/web\/wp-json\/wp\/v2\/product_tag?post=1306"}],"curies":[{"name":"wp","href":"https:\/\/api.w.org\/{rel}","templated":true}]}}