{"id":1304,"date":"2023-06-19T10:07:05","date_gmt":"2023-06-19T10:07:05","guid":{"rendered":"https:\/\/centro-cee.com\/web\/?post_type=product&#038;p=1304"},"modified":"2026-03-13T16:50:34","modified_gmt":"2026-03-13T16:50:34","slug":"perito-judicial-en-psicologia-juridica-y-penitenciaria","status":"publish","type":"product","link":"https:\/\/centro-cee.com\/web\/producto\/perito-judicial-en-psicologia-juridica-y-penitenciaria\/","title":{"rendered":"Perito judicial en psicolog\u00eda jur\u00eddica y penitenciaria"},"content":{"rendered":"<p><a href=\"https:\/\/centro-cee.com\/web\/formaciones\/\">Atr\u00e1s<\/a><\/p>\n<p><em><strong>Perito judicial en psicolog\u00eda jur\u00eddica y penitenciaria<\/strong><\/em><\/p>\n<p>Toda esta formaci\u00f3n se realiza 100% online en nuestro campus online de formaci\u00f3n.<\/p>\n<p>Las tutorias se realizan directamente desde el campus de estudio con la opci\u00f3n de mensajer\u00eda a profesores. Las tutorias son \u00aba demanda\u00bb, cuando necesites soporte nos lo pides.<\/p>\n<p>Los t\u00edtulos de Centro CEE est\u00e1n autenticados por la firma de notario que valida contenidos y autenticidad a nivel internacional. Nuestra organizaci\u00f3n pertenece a la Asociaci\u00f3n Espa\u00f1ola de Calidad, organizaci\u00f3n Espa\u00f1ola de referencia para la calidad en la formaci\u00f3n. La certificaci\u00f3n se puede apostillar por la Haya para cualquier pa\u00eds firmante del convenio de la Haya.<\/p>\n<p>Se puede pagar a plazos.<\/p>\n<p>Carga horaria de la formaci\u00f3n: 300h<\/p>\n<h2>Temario<\/h2>\n<hr \/>\n<p>UNIDAD DID\u00c1CTICA 1. PERITACI\u00d3N Y TASACI\u00d3N<br \/>\n1. Delimitaci\u00f3n de los t\u00e9rminos peritaje y tasaci\u00f3n<br \/>\n2. La peritaci\u00f3n<br \/>\n&#8230;<\/p>\n<p>UNIDAD DID\u00c1CTICA 2. NORMATIVA B\u00c1SICA NACIONAL<br \/>\n1. Ley Org\u00e1nica 6\/1985, de 1 de julio, del Poder Judicial<br \/>\n2. Ley 1\/2000, de 7 de enero, de Enjuiciamiento Civil<br \/>\n3. Ley de Enjuiciamiento Criminal, de 1882<br \/>\n&#8230;<\/p>\n<p>UNIDAD DID\u00c1CTICA 3. LAS PRUEBAS JUDICIALES Y EXTRAJUDICIALES<br \/>\n1. Concepto de prueba<br \/>\n2. Medios de prueba<br \/>\n3. Clases de pruebas<br \/>\n4. Principales \u00e1mbitos de actuaci\u00f3n<br \/>\n5. Momento en que se solicita la prueba pericial<br \/>\n&#8230;<\/p>\n<p>UNIDAD DID\u00c1CTICA 4. LOS PERITOS<br \/>\n1. Concepto<br \/>\n2. Clases de perito judicial<br \/>\n3. Procedimiento para la designaci\u00f3n de peritos<br \/>\n4. Condiciones que debe reunir un perito<br \/>\n&#8230;<\/p>\n<p>UNIDAD DID\u00c1CTICA 5. EL RECONOCIMIENTO PERICIAL<br \/>\n1. El reconocimiento pericial<br \/>\n2. El examen pericial<br \/>\n3. Los dict\u00e1menes e informes periciales judiciales<br \/>\n&#8230;<\/p>\n<p>UNIDAD DID\u00c1CTICA 6. LEGISLACI\u00d3N REFERENTE A LA PR\u00c1CTICA DE LA PROFESI\u00d3N EN LOS TRIBUNALES<br \/>\n1. Funcionamiento y legislaci\u00f3n<br \/>\n2. El c\u00f3digo deontol\u00f3gico del Perito Judicial<\/p>\n<p>UNIDAD DID\u00c1CTICA 7. LA RESPONSABILIDAD<br \/>\n1. La responsabilidad<br \/>\n2. Distintos tipos de responsabilidad<br \/>\n3. El seguro de responsabilidad civil<\/p>\n<p>UNIDAD DID\u00c1CTICA 8. ELABORACI\u00d3N DEL DICTAMEN PERICIAL<br \/>\n1. Caracter\u00edsticas generales y estructura b\u00e1sica<br \/>\n2. Las exigencias del dictamen pericial<br \/>\n&#8230;<\/p>\n<p>UNIDAD DID\u00c1CTICA 9. VALORACI\u00d3N DE LA PRUEBA PERICIAL<br \/>\n1. Valoraci\u00f3n de la prueba judicial<br \/>\n2. Valoraci\u00f3n de la prueba pericial por Jueces y Tribunales<\/p>\n<p>UNIDAD DID\u00c1CTICA 10. PERITACIONES<br \/>\n1. La peritaci\u00f3n m\u00e9dico-legal<br \/>\n2. Peritaciones psicol\u00f3gicas<br \/>\n3. Peritajes inform\u00e1ticos<br \/>\n&#8230;<\/p>\n<p>PARTE 2. PSICOLOG\u00cdA JUR\u00cdDICA Y PENITENCIARIA<br \/>\nUNIDAD DID\u00c1CTICA 1. \u00bfQU\u00c9 ES LA PSICOLOG\u00cdA JUR\u00cdDICA<br \/>\n1. Introducci\u00f3n<br \/>\n2. Definici\u00f3n<br \/>\n3. Funciones<br \/>\n&#8230;<br \/>\nUNIDAD DID\u00c1CTICA 2. PSICOLOG\u00cdA PENITENCIARIA<br \/>\n1. Marco legal<br \/>\n2. Aparici\u00f3n de la prisi\u00f3n como respuesta a la delincuencia<br \/>\n3. Caracter\u00edsticas de la prisi\u00f3n, sus efectos y modos de adaptaci\u00f3n<br \/>\n4. La reforma penitenciaria en Espa\u00f1a<br \/>\n&#8230;<br \/>\nUNIDAD DID\u00c1CTICA 3. PSICOLOG\u00cdA EN LA INVESTIGACI\u00d3N DEL DELITO<br \/>\n1. Concepto general sobre la psicolog\u00eda en la investigaci\u00f3n del delito<br \/>\n2. El ser humano como unidad bio-psicosocial<br \/>\n3. Los factores y din\u00e1micas criminales<br \/>\n4. El delincuente seg\u00fan C\u00e9sar Lombroso<br \/>\n&#8230;<br \/>\nUNIDAD DID\u00c1CTICA 4. PSICOLOG\u00cdA POLICIAL Y DE LAS FUERZAS ARMADAS<br \/>\n1. Psicolog\u00eda policial<br \/>\n2. Desarrollo hist\u00f3rico de la psicolog\u00eda policial<br \/>\n3. \u00c1reas de actuaci\u00f3n de la psicolog\u00eda policial<br \/>\n&#8230;<br \/>\nUNIDAD DID\u00c1CTICA 5. VICTIMOLOG\u00cdA<br \/>\n1. Antecedentes hist\u00f3ricos y epistemol\u00f3gicos<br \/>\n2. Victimolog\u00eda. Concepto, objeto de estudio<br \/>\n&#8230;<br \/>\nUNIDAD DID\u00c1CTICA 6. LA MEDIACI\u00d3N<br \/>\n1. Introducci\u00f3n<br \/>\n2. Concepto<br \/>\n3. Caracter\u00edsticas del sistema de mediaci\u00f3n<br \/>\n4. Antecedentes de la mediaci\u00f3n<br \/>\n5. Importancia del mediador<br \/>\n&#8230;<br \/>\nUNIDAD DID\u00c1CTICA 7. EVALUACI\u00d3N PSICOL\u00d3GICA FORENSE<br \/>\n1. Introducci\u00f3n<br \/>\n2. La evaluaci\u00f3n psicol\u00f3gica forense<br \/>\n3. Reflexiones finales<\/p>\n<p>PARTE 3. LEGISLACI\u00d3N NACIONAL APLICABLE AL SECTOR DEL PERITAJE<\/p>\n<p>PARTE 4. RECURSOS PR\u00c1CTICOS<br \/>\n1. El derecho y la familia<br \/>\n2. Gu\u00eda de buenas pr\u00e1cticas sobre informes de custodia y r\u00e9gimen de visitas<\/p>\n<p><em><strong>Perito judicial en psicolog\u00eda jur\u00eddica y penitenciaria<\/strong><\/em><\/p>\n<hr \/>\n","protected":false},"excerpt":{"rendered":"<p><a href=\"https:\/\/centro-cee.com\/web\/formaciones\/\">Atr\u00e1s<\/a><\/p>\n<p>Formate y especializate en todos los aspectos relacionados con la psicolog\u00eda jur\u00eddica y penitenciaria, con contenidos actualizados.<br \/>\nLas funciones principales son analizar y explica los procesos de evaluaci\u00f3n y tratamientos de personas que se hallan en r\u00e9gimen penitenciario, est\u00e9n condenados o en esperando el juicio.<br \/>\nTambi\u00e9n se hace cargo de los procesos posteriores de tipo comunitario destinados a su re-inserci\u00f3n.<\/p>\n","protected":false},"featured_media":1305,"comment_status":"closed","ping_status":"closed","template":"","meta":[],"product_brand":[],"product_cat":[2048,34],"product_tag":[1119,1118,1121,1124,1123,1116,1122,1115,1120,1117],"class_list":{"0":"post-1304","1":"product","2":"type-product","3":"status-publish","4":"has-post-thumbnail","6":"product_cat-cursos-online-psicologia","7":"product_cat-tecnicos","8":"product_tag-certificacion-de-perito-judicial-en-psicologia","9":"product_tag-curso-de-psicologia-juridica","10":"product_tag-curso-online-de-psicologia-juridica-y-penitenciaria","11":"product_tag-especializacion-en-psicologia-juridica","12":"product_tag-evaluacion-psicologica-forense","13":"product_tag-formacion-en-psicologia-penitenciaria","14":"product_tag-intervencion-psicologica-en-instituciones-penitenciarias","15":"product_tag-perito-judicial-en-psicologia-juridica","16":"product_tag-psicologia-en-el-ambito-penitenciario","17":"product_tag-psicologia-forense-y-judicial","19":"first","20":"instock","21":"sale","22":"shipping-taxable","23":"purchasable","24":"product-type-simple"},"yoast_head":"<!-- This site is optimized with the Yoast SEO plugin v27.5 - https:\/\/yoast.com\/product\/yoast-seo-wordpress\/ -->\n<title>Perito judicial en psicolog\u00eda jur\u00eddica y penitenciaria<\/title>\n<meta name=\"description\" content=\"Obt\u00e9n las habilidades y conocimientos necesarios para la psicologia juridica con nuestro curso perito judicial en psicolog\u00eda jur\u00eddica y penitenciaria\" \/>\n<meta name=\"robots\" content=\"index, follow, max-snippet:-1, max-image-preview:large, max-video-preview:-1\" \/>\n<link rel=\"canonical\" href=\"https:\/\/centro-cee.com\/web\/producto\/perito-judicial-en-psicologia-juridica-y-penitenciaria\/\" \/>\n<meta property=\"og:locale\" content=\"es_ES\" \/>\n<meta property=\"og:type\" content=\"article\" \/>\n<meta property=\"og:title\" content=\"Perito judicial en psicolog\u00eda jur\u00eddica y penitenciaria\" \/>\n<meta property=\"og:description\" content=\"Obt\u00e9n las habilidades y conocimientos necesarios para la psicologia juridica con nuestro curso perito judicial en psicolog\u00eda jur\u00eddica y penitenciaria\" \/>\n<meta property=\"og:url\" content=\"https:\/\/centro-cee.com\/web\/producto\/perito-judicial-en-psicologia-juridica-y-penitenciaria\/\" \/>\n<meta property=\"og:site_name\" content=\"CEE Centro Europeo E-learning - Cursos online\" \/>\n<meta property=\"article:modified_time\" content=\"2026-03-13T16:50:34+00:00\" \/>\n<meta property=\"og:image\" content=\"https:\/\/centro-cee.com\/web\/wp-content\/uploads\/2023\/06\/imagen_2023-06-19_121012051.png\" \/>\n\t<meta property=\"og:image:width\" content=\"800\" \/>\n\t<meta property=\"og:image:height\" content=\"548\" \/>\n\t<meta property=\"og:image:type\" content=\"image\/png\" \/>\n<meta name=\"twitter:card\" content=\"summary_large_image\" \/>\n<meta name=\"twitter:label1\" content=\"Tiempo de lectura\" \/>\n\t<meta name=\"twitter:data1\" content=\"3 minutos\" \/>\n<script type=\"application\/ld+json\" class=\"yoast-schema-graph\">{\"@context\":\"https:\\\/\\\/schema.org\",\"@graph\":[{\"@type\":\"WebPage\",\"@id\":\"https:\\\/\\\/centro-cee.com\\\/web\\\/producto\\\/perito-judicial-en-psicologia-juridica-y-penitenciaria\\\/\",\"url\":\"https:\\\/\\\/centro-cee.com\\\/web\\\/producto\\\/perito-judicial-en-psicologia-juridica-y-penitenciaria\\\/\",\"name\":\"Perito judicial en psicolog\u00eda jur\u00eddica y penitenciaria\",\"isPartOf\":{\"@id\":\"https:\\\/\\\/centro-cee.com\\\/web\\\/#website\"},\"primaryImageOfPage\":{\"@id\":\"https:\\\/\\\/centro-cee.com\\\/web\\\/producto\\\/perito-judicial-en-psicologia-juridica-y-penitenciaria\\\/#primaryimage\"},\"image\":{\"@id\":\"https:\\\/\\\/centro-cee.com\\\/web\\\/producto\\\/perito-judicial-en-psicologia-juridica-y-penitenciaria\\\/#primaryimage\"},\"thumbnailUrl\":\"https:\\\/\\\/centro-cee.com\\\/web\\\/wp-content\\\/uploads\\\/2023\\\/06\\\/imagen_2023-06-19_121012051.png\",\"datePublished\":\"2023-06-19T10:07:05+00:00\",\"dateModified\":\"2026-03-13T16:50:34+00:00\",\"description\":\"Obt\u00e9n las habilidades y conocimientos necesarios para la psicologia juridica con nuestro curso perito judicial en psicolog\u00eda jur\u00eddica y penitenciaria\",\"breadcrumb\":{\"@id\":\"https:\\\/\\\/centro-cee.com\\\/web\\\/producto\\\/perito-judicial-en-psicologia-juridica-y-penitenciaria\\\/#breadcrumb\"},\"inLanguage\":\"es\",\"potentialAction\":[{\"@type\":\"ReadAction\",\"target\":[\"https:\\\/\\\/centro-cee.com\\\/web\\\/producto\\\/perito-judicial-en-psicologia-juridica-y-penitenciaria\\\/\"]}]},{\"@type\":\"ImageObject\",\"inLanguage\":\"es\",\"@id\":\"https:\\\/\\\/centro-cee.com\\\/web\\\/producto\\\/perito-judicial-en-psicologia-juridica-y-penitenciaria\\\/#primaryimage\",\"url\":\"https:\\\/\\\/centro-cee.com\\\/web\\\/wp-content\\\/uploads\\\/2023\\\/06\\\/imagen_2023-06-19_121012051.png\",\"contentUrl\":\"https:\\\/\\\/centro-cee.com\\\/web\\\/wp-content\\\/uploads\\\/2023\\\/06\\\/imagen_2023-06-19_121012051.png\",\"width\":800,\"height\":548,\"caption\":\"perito judicial en psicolog\u00eda jur\u00eddica y penitenciaria\"},{\"@type\":\"BreadcrumbList\",\"@id\":\"https:\\\/\\\/centro-cee.com\\\/web\\\/producto\\\/perito-judicial-en-psicologia-juridica-y-penitenciaria\\\/#breadcrumb\",\"itemListElement\":[{\"@type\":\"ListItem\",\"position\":1,\"name\":\"Portada\",\"item\":\"https:\\\/\\\/centro-cee.com\\\/web\\\/\"},{\"@type\":\"ListItem\",\"position\":2,\"name\":\"Perito judicial en psicolog\u00eda jur\u00eddica y penitenciaria\"}]},{\"@type\":\"WebSite\",\"@id\":\"https:\\\/\\\/centro-cee.com\\\/web\\\/#website\",\"url\":\"https:\\\/\\\/centro-cee.com\\\/web\\\/\",\"name\":\"Centro Europeo E-learning\",\"description\":\"CEE Formaci\u00f3n Online\",\"publisher\":{\"@id\":\"https:\\\/\\\/centro-cee.com\\\/web\\\/#organization\"},\"alternateName\":\"Centro Online de Formaci\u00f3n\",\"potentialAction\":[{\"@type\":\"SearchAction\",\"target\":{\"@type\":\"EntryPoint\",\"urlTemplate\":\"https:\\\/\\\/centro-cee.com\\\/web\\\/?s={search_term_string}\"},\"query-input\":{\"@type\":\"PropertyValueSpecification\",\"valueRequired\":true,\"valueName\":\"search_term_string\"}}],\"inLanguage\":\"es\"},{\"@type\":\"Organization\",\"@id\":\"https:\\\/\\\/centro-cee.com\\\/web\\\/#organization\",\"name\":\"Centro Europeo E-learning CEE\",\"url\":\"https:\\\/\\\/centro-cee.com\\\/web\\\/\",\"logo\":{\"@type\":\"ImageObject\",\"inLanguage\":\"es\",\"@id\":\"https:\\\/\\\/centro-cee.com\\\/web\\\/#\\\/schema\\\/logo\\\/image\\\/\",\"url\":\"https:\\\/\\\/centro-cee.com\\\/web\\\/wp-content\\\/uploads\\\/2022\\\/12\\\/cropped-logo_educa.png\",\"contentUrl\":\"https:\\\/\\\/centro-cee.com\\\/web\\\/wp-content\\\/uploads\\\/2022\\\/12\\\/cropped-logo_educa.png\",\"width\":157,\"height\":63,\"caption\":\"Centro Europeo E-learning CEE\"},\"image\":{\"@id\":\"https:\\\/\\\/centro-cee.com\\\/web\\\/#\\\/schema\\\/logo\\\/image\\\/\"},\"sameAs\":[\"https:\\\/\\\/www.instagram.com\\\/centroeuropeo_cee\"]}]}<\/script>\n<!-- \/ Yoast SEO plugin. -->","yoast_head_json":{"title":"Perito judicial en psicolog\u00eda jur\u00eddica y penitenciaria","description":"Obt\u00e9n las habilidades y conocimientos necesarios para la psicologia juridica con nuestro curso perito judicial en psicolog\u00eda jur\u00eddica y penitenciaria","robots":{"index":"index","follow":"follow","max-snippet":"max-snippet:-1","max-image-preview":"max-image-preview:large","max-video-preview":"max-video-preview:-1"},"canonical":"https:\/\/centro-cee.com\/web\/producto\/perito-judicial-en-psicologia-juridica-y-penitenciaria\/","og_locale":"es_ES","og_type":"article","og_title":"Perito judicial en psicolog\u00eda jur\u00eddica y penitenciaria","og_description":"Obt\u00e9n las habilidades y conocimientos necesarios para la psicologia juridica con nuestro curso perito judicial en psicolog\u00eda jur\u00eddica y penitenciaria","og_url":"https:\/\/centro-cee.com\/web\/producto\/perito-judicial-en-psicologia-juridica-y-penitenciaria\/","og_site_name":"CEE Centro Europeo E-learning - Cursos online","article_modified_time":"2026-03-13T16:50:34+00:00","og_image":[{"width":800,"height":548,"url":"https:\/\/centro-cee.com\/web\/wp-content\/uploads\/2023\/06\/imagen_2023-06-19_121012051.png","type":"image\/png"}],"twitter_card":"summary_large_image","twitter_misc":{"Tiempo de lectura":"3 minutos"},"schema":{"@context":"https:\/\/schema.org","@graph":[{"@type":"WebPage","@id":"https:\/\/centro-cee.com\/web\/producto\/perito-judicial-en-psicologia-juridica-y-penitenciaria\/","url":"https:\/\/centro-cee.com\/web\/producto\/perito-judicial-en-psicologia-juridica-y-penitenciaria\/","name":"Perito judicial en psicolog\u00eda jur\u00eddica y penitenciaria","isPartOf":{"@id":"https:\/\/centro-cee.com\/web\/#website"},"primaryImageOfPage":{"@id":"https:\/\/centro-cee.com\/web\/producto\/perito-judicial-en-psicologia-juridica-y-penitenciaria\/#primaryimage"},"image":{"@id":"https:\/\/centro-cee.com\/web\/producto\/perito-judicial-en-psicologia-juridica-y-penitenciaria\/#primaryimage"},"thumbnailUrl":"https:\/\/centro-cee.com\/web\/wp-content\/uploads\/2023\/06\/imagen_2023-06-19_121012051.png","datePublished":"2023-06-19T10:07:05+00:00","dateModified":"2026-03-13T16:50:34+00:00","description":"Obt\u00e9n las habilidades y conocimientos necesarios para la psicologia juridica con nuestro curso perito judicial en psicolog\u00eda jur\u00eddica y penitenciaria","breadcrumb":{"@id":"https:\/\/centro-cee.com\/web\/producto\/perito-judicial-en-psicologia-juridica-y-penitenciaria\/#breadcrumb"},"inLanguage":"es","potentialAction":[{"@type":"ReadAction","target":["https:\/\/centro-cee.com\/web\/producto\/perito-judicial-en-psicologia-juridica-y-penitenciaria\/"]}]},{"@type":"ImageObject","inLanguage":"es","@id":"https:\/\/centro-cee.com\/web\/producto\/perito-judicial-en-psicologia-juridica-y-penitenciaria\/#primaryimage","url":"https:\/\/centro-cee.com\/web\/wp-content\/uploads\/2023\/06\/imagen_2023-06-19_121012051.png","contentUrl":"https:\/\/centro-cee.com\/web\/wp-content\/uploads\/2023\/06\/imagen_2023-06-19_121012051.png","width":800,"height":548,"caption":"perito judicial en psicolog\u00eda jur\u00eddica y penitenciaria"},{"@type":"BreadcrumbList","@id":"https:\/\/centro-cee.com\/web\/producto\/perito-judicial-en-psicologia-juridica-y-penitenciaria\/#breadcrumb","itemListElement":[{"@type":"ListItem","position":1,"name":"Portada","item":"https:\/\/centro-cee.com\/web\/"},{"@type":"ListItem","position":2,"name":"Perito judicial en psicolog\u00eda jur\u00eddica y penitenciaria"}]},{"@type":"WebSite","@id":"https:\/\/centro-cee.com\/web\/#website","url":"https:\/\/centro-cee.com\/web\/","name":"Centro Europeo E-learning","description":"CEE Formaci\u00f3n Online","publisher":{"@id":"https:\/\/centro-cee.com\/web\/#organization"},"alternateName":"Centro Online de Formaci\u00f3n","potentialAction":[{"@type":"SearchAction","target":{"@type":"EntryPoint","urlTemplate":"https:\/\/centro-cee.com\/web\/?s={search_term_string}"},"query-input":{"@type":"PropertyValueSpecification","valueRequired":true,"valueName":"search_term_string"}}],"inLanguage":"es"},{"@type":"Organization","@id":"https:\/\/centro-cee.com\/web\/#organization","name":"Centro Europeo E-learning CEE","url":"https:\/\/centro-cee.com\/web\/","logo":{"@type":"ImageObject","inLanguage":"es","@id":"https:\/\/centro-cee.com\/web\/#\/schema\/logo\/image\/","url":"https:\/\/centro-cee.com\/web\/wp-content\/uploads\/2022\/12\/cropped-logo_educa.png","contentUrl":"https:\/\/centro-cee.com\/web\/wp-content\/uploads\/2022\/12\/cropped-logo_educa.png","width":157,"height":63,"caption":"Centro Europeo E-learning CEE"},"image":{"@id":"https:\/\/centro-cee.com\/web\/#\/schema\/logo\/image\/"},"sameAs":["https:\/\/www.instagram.com\/centroeuropeo_cee"]}]}},"_links":{"self":[{"href":"https:\/\/centro-cee.com\/web\/wp-json\/wp\/v2\/product\/1304","targetHints":{"allow":["GET"]}}],"collection":[{"href":"https:\/\/centro-cee.com\/web\/wp-json\/wp\/v2\/product"}],"about":[{"href":"https:\/\/centro-cee.com\/web\/wp-json\/wp\/v2\/types\/product"}],"replies":[{"embeddable":true,"href":"https:\/\/centro-cee.com\/web\/wp-json\/wp\/v2\/comments?post=1304"}],"wp:featuredmedia":[{"embeddable":true,"href":"https:\/\/centro-cee.com\/web\/wp-json\/wp\/v2\/media\/1305"}],"wp:attachment":[{"href":"https:\/\/centro-cee.com\/web\/wp-json\/wp\/v2\/media?parent=1304"}],"wp:term":[{"taxonomy":"product_brand","embeddable":true,"href":"https:\/\/centro-cee.com\/web\/wp-json\/wp\/v2\/product_brand?post=1304"},{"taxonomy":"product_cat","embeddable":true,"href":"https:\/\/centro-cee.com\/web\/wp-json\/wp\/v2\/product_cat?post=1304"},{"taxonomy":"product_tag","embeddable":true,"href":"https:\/\/centro-cee.com\/web\/wp-json\/wp\/v2\/product_tag?post=1304"}],"curies":[{"name":"wp","href":"https:\/\/api.w.org\/{rel}","templated":true}]}}