{"id":1302,"date":"2023-06-19T10:02:56","date_gmt":"2023-06-19T10:02:56","guid":{"rendered":"https:\/\/centro-cee.com\/web\/?post_type=product&#038;p=1302"},"modified":"2024-10-18T10:40:59","modified_gmt":"2024-10-18T10:40:59","slug":"profesional-en-enologia-y-maridaje","status":"publish","type":"product","link":"https:\/\/centro-cee.com\/web\/producto\/profesional-en-enologia-y-maridaje\/","title":{"rendered":"Profesional en enolog\u00eda y maridaje"},"content":{"rendered":"<p><a href=\"https:\/\/centro-cee.com\/web\/formaciones\/\">Atr\u00e1s<\/a><\/p>\n<p><em><strong>Profesional en enolog\u00eda y maridaje<\/strong><\/em><\/p>\n<p>Toda esta formaci\u00f3n se realiza 100% online en nuestro campus online de formaci\u00f3n.<\/p>\n<p>Las tutorias se realizan directamente desde el campus de estudio con la opci\u00f3n de mensajer\u00eda a profesores. Las tutorias son \u00aba demanda\u00bb, cuando necesites soporte nos lo pides.<\/p>\n<p>Los t\u00edtulos de Centro CEE est\u00e1n autenticados por la firma de notario que valida contenidos y autenticidad a nivel internacional. Nuestra organizaci\u00f3n pertenece a la Asociaci\u00f3n Espa\u00f1ola de Calidad, organizaci\u00f3n Espa\u00f1ola de referencia para la calidad en la formaci\u00f3n. La certificaci\u00f3n se puede apostillar por la Haya para cualquier pa\u00eds firmante del convenio de la Haya.<\/p>\n<p>Se puede pagar a plazos.<\/p>\n<p>Carga horaria de la formaci\u00f3n: 300h<\/p>\n<h2>Temario<\/h2>\n<hr \/>\n<p>1. Introducci\u00f3n.<br \/>\n2. Concepto de oferta gastron\u00f3mica, criterios para su elaboraci\u00f3n.<br \/>\n3. La gastronom\u00eda espa\u00f1ola.<br \/>\n4. Platos significativos de la gastronom\u00eda nacional.<br \/>\n5. Gastronom\u00eda internacional.<br \/>\n6. Platos significativos de la gastronom\u00eda internacional.<br \/>\nTEMA 2. COCINA CREATIVA Y COCINA DE AUTOR<br \/>\n1. Conceptos relacionados con la alimentaci\u00f3n.<br \/>\n2. Dieta equilibrada.<br \/>\n3. Cocina creativa.<br \/>\n4. Cocina de autor.<br \/>\n5. M\u00d3DULO 2. VITICULTURA, ENOLOG\u00cdA Y ENOTECNIA<br \/>\nTEMA 1. VITICULTURA<br \/>\n1. Historia del vino.<br \/>\n2. Historia de la viticultura.<br \/>\n3. Bot\u00e1nica de la vid.<br \/>\n4. Geograf\u00eda vit\u00edcola y sistemas vit\u00edcolas.<br \/>\n5. Material vegetal.<br \/>\n6. Anatom\u00eda y morfolog\u00eda de la vid.<br \/>\n7. Ecolog\u00eda vit\u00edcola: clima y suelo.<br \/>\n8. T\u00e9cnicas de cultivo.<br \/>\n9. Entomolog\u00eda de la vid.<br \/>\n10. Enfermedades de la vid.<br \/>\n11. Viticultura en regiones secas mediterr\u00e1neas.<br \/>\n12. Control de calidad en viticultura.<br \/>\n13. Riesgos laborales en viticultura.<br \/>\nTEMA 2. ENOLOG\u00cdA Y ENOTECNIA<br \/>\n1. F\u00edsico-qu\u00edmica de mostos y vinos. Composici\u00f3n.<br \/>\n2. Microbiolog\u00eda Enol\u00f3gica.<br \/>\n3. Control de calidad de mostos y vinos.<br \/>\n4. Enotecnia.<br \/>\n5. Elaboraci\u00f3n y crianza del vino.<br \/>\n6. Ingenier\u00eda Enol\u00f3gica.<br \/>\n7. Control del proceso de elaboraci\u00f3n de vinos y mostos.<br \/>\n8. An\u00e1lisis sensorial y cata.<br \/>\n9. T\u00e9cnicas de bodega.<br \/>\n10. Riesgos laborales en vinicultura.<br \/>\nTEMA 3. EN\u00d3LOGO, T\u00c9CNICO ESPECIALISTA EN VITIVINICULTURA Y T\u00c9CNICO EN ELABORACI\u00d3N DE VINOS<br \/>\n1. Introducci\u00f3n.<br \/>\n2. Regulaci\u00f3n de las profesiones.<br \/>\n3. Procedimiento para la habilitaci\u00f3n.<br \/>\n4. Pr\u00e1cticas enol\u00f3gicas.<br \/>\nTEMA 4. ECONOM\u00cdA, LEGISLACI\u00d3N Y COMERCIALIZACI\u00d3N<br \/>\n1. Econom\u00eda y Pol\u00edtica del vino.<br \/>\n2. Gesti\u00f3n econ\u00f3mica y administrativa de empresas vitivin\u00edcolas.<br \/>\n3. Entidades asociativas.<br \/>\n4. Registros que deben llevarse en el sector vitivin\u00edcola.<br \/>\n5. Seguros vitivin\u00edcolas.<br \/>\n6. Legislaci\u00f3n.<br \/>\n7. Comercializaci\u00f3n y marketing del vino.<br \/>\n8. Mercados y estrategias empresariales.<br \/>\n9. Habilidades sociales relacionadas con la comercializaci\u00f3n en vitivinicultura.<br \/>\nTEMA 5. TIPOLOG\u00cdA DE VINOS<br \/>\n1. Introducci\u00f3n.<br \/>\n2. Tipos de vino y caracter\u00edsticas principales.<br \/>\n3. Las Denominaciones de Origen. El INDO.<br \/>\n4. Vinos de mesa y vinos especiales.<br \/>\n5. Caracter\u00edsticas de los vinos tranquilos.<br \/>\n6. Vinos de crianza.<br \/>\n7. Cava y Champagne.<br \/>\n8. M\u00d3DULO 3. CATA DE VINOS<br \/>\nTEMA 1. INTRODUCCI\u00d3N A LA CATA DE VINOS<br \/>\n1. Introducci\u00f3n.<br \/>\n2. \u00bfPor qu\u00e9 conocer de vinos?<br \/>\n3. Definici\u00f3n y metodolog\u00eda de la cata de vinos.<br \/>\n4. Equipamientos y \u00fatiles de la cata.<br \/>\n5. \u00bfC\u00f3mo organizar una cata de vinos?<br \/>\n6. Iniciaci\u00f3n a la cata de vinos.<br \/>\nTEMA 2. FASES DE LA CATA DE VINOS.<br \/>\n1. Introducci\u00f3n.<br \/>\n2. Visual.<br \/>\n3. Olfativa.<br \/>\n4. El gusto y los sabores elementales.<br \/>\n5. Equilibrio entre aromas y sabores.<br \/>\n6. La v\u00eda retronasal.<br \/>\n7. Caracter\u00edsticas sensoriales de los vinos.<br \/>\nTEMA 3. PR\u00c1CTICA DE LA CATA, CONDICIONES AMBIENTALES Y FICHAS DE CATA<br \/>\n1. Alteraciones y defectos del vino.<br \/>\n2. Temperatura del vino par ala cata.<br \/>\n3. Orden de la presentaci\u00f3n.<br \/>\n4. Fichas de cata: estructura y contenido.<br \/>\n5. Puntuaci\u00f3n de las fichas de cata.<br \/>\n6. T\u00e9cnicas y elementos importantes de la cata.<br \/>\nTEMA 4. APROVISIONAMIENTO Y CONSERVACI\u00d3N DE VINOS<br \/>\n1. Introducci\u00f3n.<br \/>\n2. El aprovisionamiento externo. Elecci\u00f3n de proveedores.<br \/>\n3. Controles de calidad de los productos. Importancia del transporte.<br \/>\n4. Defectos aparecidos en los productos y diagn\u00f3stico de las posibles causas.<br \/>\n5. La recepci\u00f3n de los vinos.<br \/>\n6. Sistema de almacenamiento de vinos.<br \/>\n7. La bodega.<br \/>\n8. La bodeguilla o cava del d\u00eda.<br \/>\n9. La conservaci\u00f3n del vino.<br \/>\n10. Recomendaciones b\u00e1sicas a tener en cuenta en la conservaci\u00f3n del vino.<br \/>\n11. M\u00e9todos de rotaci\u00f3n de vinos.<br \/>\n12. Registros documentales (vales de pedido, fichas de existencias).<br \/>\n13. M\u00e9todos manuales e informatizados para la gesti\u00f3n y control de inventarios y stocks.<br \/>\n14. M\u00d3DULO 4. SERVICIO DE VINOS<br \/>\nTEMA 1. INTRODUCCI\u00d3N AL SERVICIO DE VINOS<br \/>\n1. Introducci\u00f3n.<br \/>\n2. Tipos de servicio.<br \/>\n3. Normas generales de servicio.<br \/>\n4. Utensilios del sumiller empleados en el servicio del vino.<br \/>\n5. Abertura de botellas de vino.<br \/>\n6. La decantaci\u00f3n: objetivo y t\u00e9cnica.<br \/>\n7. Tipos, caracter\u00edsticas y funci\u00f3n de: botellas, corchos, etiquetas y c\u00e1psulas.<br \/>\nTEMA 2. CARTAS DE VINOS<br \/>\n1. Introducci\u00f3n.<br \/>\n2. La confecci\u00f3n de una carta de vinos.<br \/>\n3. Normas b\u00e1sicas para la confecci\u00f3n de una carta de vinos.<br \/>\n4. Composici\u00f3n, caracter\u00edsticas y categor\u00edas de cartas de vinos.<br \/>\n5. Ejemplificaci\u00f3n de los criterios a seguir en la elaboraci\u00f3n de la carta de vinos.<br \/>\n6. Dise\u00f1o gr\u00e1fico de cartas de vinos.<br \/>\n7. Pol\u00edtica de precios.<br \/>\n8. La rotaci\u00f3n de vinos en la carta.<br \/>\n9. Las sugerencias de vinos.<br \/>\n10. M\u00d3DULO 5. MARIDAJE<br \/>\nTEMA 1. INTRODUCCI\u00d3N AL MARIDAJE<br \/>\n1. Vino y gastronom\u00eda.<br \/>\n2. Introducci\u00f3n al maridaje.<br \/>\n3. Definici\u00f3n de maridaje y su importancia.<br \/>\n4. Reglas b\u00e1sicas del maridaje.<br \/>\n5. Armonizaci\u00f3n de los vinos.<br \/>\n6. Maridaje de vinos y aperitivos.<br \/>\n7. Maridaje de entradas y vinos.<br \/>\n8. Maridaje de vinos y ensaladas.<br \/>\n9. Maridaje de vinos y pescados.<br \/>\n10. Maridaje de vinos y pescados.<br \/>\n11. Maridaje de vinos y carnes.<br \/>\n12. Maridaje de vinos y pastas.<br \/>\n13. Maridaje de vinos y quesos.<br \/>\n14. Maridaje de vinos y foie gras.<br \/>\n15. Maridaje de vinos y setas.<br \/>\n16. Maridaje de vinos y postres.<br \/>\nTEMA 2. LA EDUCACI\u00d3N DE LOS SENTIDOS<br \/>\n1. Introducci\u00f3n.<br \/>\n2. Alianzas cl\u00e1sicas de vinos.<br \/>\n3. Los sentidos y el maridaje.<br \/>\n4. La cocina y el vino.<br \/>\n5. Enemigos del maridaje.<\/p>\n<p><em><strong>Profesional en enolog\u00eda y maridaje<\/strong><\/em><\/p>\n<hr \/>\n","protected":false},"excerpt":{"rendered":"<p><a href=\"https:\/\/centro-cee.com\/web\/formaciones\/\">Atr\u00e1s<\/a><\/p>\n<p>Formate y especializate en TODOS los aspectos relacionados con la enolog\u00eda y maridaje, con contenidos actualizados.<br \/>\nCada vez mas de demandado el servicio de profesionales de la enolog\u00eda y maridaje con platos de cocina de diferentes especialidaes.<br \/>\nAprender\u00e1s en primer lugar a conocer los platos nacionales e internacionales, cocina creativa y de autor para poder despu\u00e9s poder realizar maridajes con los mejores y mas adecuados caldos.<br \/>\nSabr\u00e1s realizar catas de vinos, conservaci\u00f3n de vinos, etc., todo lo necesario para dedicarte profesionalemente en esta espcialidad, o simplemente adquirir estos conocimientos profesionales, si eres amante de esta especialidad.<\/p>\n","protected":false},"featured_media":1303,"comment_status":"closed","ping_status":"closed","template":"","meta":[],"product_brand":[],"product_cat":[34],"product_tag":[1131,1128,1134,1125,1129,1132,1127,1126,1130,1133],"class_list":{"0":"post-1302","1":"product","2":"type-product","3":"status-publish","4":"has-post-thumbnail","6":"product_cat-tecnicos","7":"product_tag-cata-de-vinos","8":"product_tag-certificacion-en-enologia","9":"product_tag-combinacion-de-vinos-y-alimentos","10":"product_tag-curso-de-enologia","11":"product_tag-curso-online-de-enologia-y-maridaje","12":"product_tag-enologia-profesional","13":"product_tag-especializacion-en-vinos-y-maridaje","14":"product_tag-formacion-en-maridaje","15":"product_tag-tecnicas-de-maridaje","16":"product_tag-vinos-y-gastronomia","18":"first","19":"instock","20":"sale","21":"shipping-taxable","22":"purchasable","23":"product-type-simple"},"yoast_head":"<!-- This site is optimized with the Yoast SEO plugin v27.5 - https:\/\/yoast.com\/product\/yoast-seo-wordpress\/ -->\n<title>Profesional en enolog\u00eda y maridaje<\/title>\n<meta name=\"description\" content=\"Obt\u00e9n las habilidades y conocimientos necesarios para la enolog\u00eda con nuestro curso experto profesional en enolog\u00eda y maridaje\" \/>\n<meta name=\"robots\" content=\"index, follow, max-snippet:-1, max-image-preview:large, max-video-preview:-1\" \/>\n<link rel=\"canonical\" href=\"https:\/\/centro-cee.com\/web\/producto\/profesional-en-enologia-y-maridaje\/\" \/>\n<meta property=\"og:locale\" content=\"es_ES\" \/>\n<meta property=\"og:type\" content=\"article\" \/>\n<meta property=\"og:title\" content=\"Profesional en enolog\u00eda y maridaje\" \/>\n<meta property=\"og:description\" content=\"Obt\u00e9n las habilidades y conocimientos necesarios para la enolog\u00eda con nuestro curso experto profesional en enolog\u00eda y maridaje\" \/>\n<meta property=\"og:url\" content=\"https:\/\/centro-cee.com\/web\/producto\/profesional-en-enologia-y-maridaje\/\" \/>\n<meta property=\"og:site_name\" content=\"CEE Centro Europeo E-learning - Cursos online\" \/>\n<meta property=\"article:modified_time\" content=\"2024-10-18T10:40:59+00:00\" \/>\n<meta property=\"og:image\" content=\"https:\/\/centro-cee.com\/web\/wp-content\/uploads\/2023\/06\/imagen_2023-06-19_120638488.png\" \/>\n\t<meta property=\"og:image:width\" content=\"797\" \/>\n\t<meta property=\"og:image:height\" content=\"622\" \/>\n\t<meta property=\"og:image:type\" content=\"image\/png\" \/>\n<meta name=\"twitter:card\" content=\"summary_large_image\" \/>\n<meta name=\"twitter:label1\" content=\"Tiempo de lectura\" \/>\n\t<meta name=\"twitter:data1\" content=\"10 minutos\" \/>\n<script type=\"application\/ld+json\" class=\"yoast-schema-graph\">{\"@context\":\"https:\\\/\\\/schema.org\",\"@graph\":[{\"@type\":\"WebPage\",\"@id\":\"https:\\\/\\\/centro-cee.com\\\/web\\\/producto\\\/profesional-en-enologia-y-maridaje\\\/\",\"url\":\"https:\\\/\\\/centro-cee.com\\\/web\\\/producto\\\/profesional-en-enologia-y-maridaje\\\/\",\"name\":\"Profesional en enolog\u00eda y maridaje\",\"isPartOf\":{\"@id\":\"https:\\\/\\\/centro-cee.com\\\/web\\\/#website\"},\"primaryImageOfPage\":{\"@id\":\"https:\\\/\\\/centro-cee.com\\\/web\\\/producto\\\/profesional-en-enologia-y-maridaje\\\/#primaryimage\"},\"image\":{\"@id\":\"https:\\\/\\\/centro-cee.com\\\/web\\\/producto\\\/profesional-en-enologia-y-maridaje\\\/#primaryimage\"},\"thumbnailUrl\":\"https:\\\/\\\/centro-cee.com\\\/web\\\/wp-content\\\/uploads\\\/2023\\\/06\\\/imagen_2023-06-19_120638488.png\",\"datePublished\":\"2023-06-19T10:02:56+00:00\",\"dateModified\":\"2024-10-18T10:40:59+00:00\",\"description\":\"Obt\u00e9n las habilidades y conocimientos necesarios para la enolog\u00eda con nuestro curso experto profesional en enolog\u00eda y maridaje\",\"breadcrumb\":{\"@id\":\"https:\\\/\\\/centro-cee.com\\\/web\\\/producto\\\/profesional-en-enologia-y-maridaje\\\/#breadcrumb\"},\"inLanguage\":\"es\",\"potentialAction\":[{\"@type\":\"ReadAction\",\"target\":[\"https:\\\/\\\/centro-cee.com\\\/web\\\/producto\\\/profesional-en-enologia-y-maridaje\\\/\"]}]},{\"@type\":\"ImageObject\",\"inLanguage\":\"es\",\"@id\":\"https:\\\/\\\/centro-cee.com\\\/web\\\/producto\\\/profesional-en-enologia-y-maridaje\\\/#primaryimage\",\"url\":\"https:\\\/\\\/centro-cee.com\\\/web\\\/wp-content\\\/uploads\\\/2023\\\/06\\\/imagen_2023-06-19_120638488.png\",\"contentUrl\":\"https:\\\/\\\/centro-cee.com\\\/web\\\/wp-content\\\/uploads\\\/2023\\\/06\\\/imagen_2023-06-19_120638488.png\",\"width\":797,\"height\":622,\"caption\":\"Profesional en enolog\u00eda y maridaje\"},{\"@type\":\"BreadcrumbList\",\"@id\":\"https:\\\/\\\/centro-cee.com\\\/web\\\/producto\\\/profesional-en-enologia-y-maridaje\\\/#breadcrumb\",\"itemListElement\":[{\"@type\":\"ListItem\",\"position\":1,\"name\":\"Portada\",\"item\":\"https:\\\/\\\/centro-cee.com\\\/web\\\/\"},{\"@type\":\"ListItem\",\"position\":2,\"name\":\"Profesional en enolog\u00eda y maridaje\"}]},{\"@type\":\"WebSite\",\"@id\":\"https:\\\/\\\/centro-cee.com\\\/web\\\/#website\",\"url\":\"https:\\\/\\\/centro-cee.com\\\/web\\\/\",\"name\":\"Centro Europeo E-learning\",\"description\":\"CEE Formaci\u00f3n Online\",\"publisher\":{\"@id\":\"https:\\\/\\\/centro-cee.com\\\/web\\\/#organization\"},\"alternateName\":\"Centro Online de Formaci\u00f3n\",\"potentialAction\":[{\"@type\":\"SearchAction\",\"target\":{\"@type\":\"EntryPoint\",\"urlTemplate\":\"https:\\\/\\\/centro-cee.com\\\/web\\\/?s={search_term_string}\"},\"query-input\":{\"@type\":\"PropertyValueSpecification\",\"valueRequired\":true,\"valueName\":\"search_term_string\"}}],\"inLanguage\":\"es\"},{\"@type\":\"Organization\",\"@id\":\"https:\\\/\\\/centro-cee.com\\\/web\\\/#organization\",\"name\":\"Centro Europeo E-learning CEE\",\"url\":\"https:\\\/\\\/centro-cee.com\\\/web\\\/\",\"logo\":{\"@type\":\"ImageObject\",\"inLanguage\":\"es\",\"@id\":\"https:\\\/\\\/centro-cee.com\\\/web\\\/#\\\/schema\\\/logo\\\/image\\\/\",\"url\":\"https:\\\/\\\/centro-cee.com\\\/web\\\/wp-content\\\/uploads\\\/2022\\\/12\\\/cropped-logo_educa.png\",\"contentUrl\":\"https:\\\/\\\/centro-cee.com\\\/web\\\/wp-content\\\/uploads\\\/2022\\\/12\\\/cropped-logo_educa.png\",\"width\":157,\"height\":63,\"caption\":\"Centro Europeo E-learning CEE\"},\"image\":{\"@id\":\"https:\\\/\\\/centro-cee.com\\\/web\\\/#\\\/schema\\\/logo\\\/image\\\/\"},\"sameAs\":[\"https:\\\/\\\/www.instagram.com\\\/centroeuropeo_cee\"]}]}<\/script>\n<!-- \/ Yoast SEO plugin. -->","yoast_head_json":{"title":"Profesional en enolog\u00eda y maridaje","description":"Obt\u00e9n las habilidades y conocimientos necesarios para la enolog\u00eda con nuestro curso experto profesional en enolog\u00eda y maridaje","robots":{"index":"index","follow":"follow","max-snippet":"max-snippet:-1","max-image-preview":"max-image-preview:large","max-video-preview":"max-video-preview:-1"},"canonical":"https:\/\/centro-cee.com\/web\/producto\/profesional-en-enologia-y-maridaje\/","og_locale":"es_ES","og_type":"article","og_title":"Profesional en enolog\u00eda y maridaje","og_description":"Obt\u00e9n las habilidades y conocimientos necesarios para la enolog\u00eda con nuestro curso experto profesional en enolog\u00eda y maridaje","og_url":"https:\/\/centro-cee.com\/web\/producto\/profesional-en-enologia-y-maridaje\/","og_site_name":"CEE Centro Europeo E-learning - Cursos online","article_modified_time":"2024-10-18T10:40:59+00:00","og_image":[{"width":797,"height":622,"url":"https:\/\/centro-cee.com\/web\/wp-content\/uploads\/2023\/06\/imagen_2023-06-19_120638488.png","type":"image\/png"}],"twitter_card":"summary_large_image","twitter_misc":{"Tiempo de lectura":"10 minutos"},"schema":{"@context":"https:\/\/schema.org","@graph":[{"@type":"WebPage","@id":"https:\/\/centro-cee.com\/web\/producto\/profesional-en-enologia-y-maridaje\/","url":"https:\/\/centro-cee.com\/web\/producto\/profesional-en-enologia-y-maridaje\/","name":"Profesional en enolog\u00eda y maridaje","isPartOf":{"@id":"https:\/\/centro-cee.com\/web\/#website"},"primaryImageOfPage":{"@id":"https:\/\/centro-cee.com\/web\/producto\/profesional-en-enologia-y-maridaje\/#primaryimage"},"image":{"@id":"https:\/\/centro-cee.com\/web\/producto\/profesional-en-enologia-y-maridaje\/#primaryimage"},"thumbnailUrl":"https:\/\/centro-cee.com\/web\/wp-content\/uploads\/2023\/06\/imagen_2023-06-19_120638488.png","datePublished":"2023-06-19T10:02:56+00:00","dateModified":"2024-10-18T10:40:59+00:00","description":"Obt\u00e9n las habilidades y conocimientos necesarios para la enolog\u00eda con nuestro curso experto profesional en enolog\u00eda y maridaje","breadcrumb":{"@id":"https:\/\/centro-cee.com\/web\/producto\/profesional-en-enologia-y-maridaje\/#breadcrumb"},"inLanguage":"es","potentialAction":[{"@type":"ReadAction","target":["https:\/\/centro-cee.com\/web\/producto\/profesional-en-enologia-y-maridaje\/"]}]},{"@type":"ImageObject","inLanguage":"es","@id":"https:\/\/centro-cee.com\/web\/producto\/profesional-en-enologia-y-maridaje\/#primaryimage","url":"https:\/\/centro-cee.com\/web\/wp-content\/uploads\/2023\/06\/imagen_2023-06-19_120638488.png","contentUrl":"https:\/\/centro-cee.com\/web\/wp-content\/uploads\/2023\/06\/imagen_2023-06-19_120638488.png","width":797,"height":622,"caption":"Profesional en enolog\u00eda y maridaje"},{"@type":"BreadcrumbList","@id":"https:\/\/centro-cee.com\/web\/producto\/profesional-en-enologia-y-maridaje\/#breadcrumb","itemListElement":[{"@type":"ListItem","position":1,"name":"Portada","item":"https:\/\/centro-cee.com\/web\/"},{"@type":"ListItem","position":2,"name":"Profesional en enolog\u00eda y maridaje"}]},{"@type":"WebSite","@id":"https:\/\/centro-cee.com\/web\/#website","url":"https:\/\/centro-cee.com\/web\/","name":"Centro Europeo E-learning","description":"CEE Formaci\u00f3n Online","publisher":{"@id":"https:\/\/centro-cee.com\/web\/#organization"},"alternateName":"Centro Online de Formaci\u00f3n","potentialAction":[{"@type":"SearchAction","target":{"@type":"EntryPoint","urlTemplate":"https:\/\/centro-cee.com\/web\/?s={search_term_string}"},"query-input":{"@type":"PropertyValueSpecification","valueRequired":true,"valueName":"search_term_string"}}],"inLanguage":"es"},{"@type":"Organization","@id":"https:\/\/centro-cee.com\/web\/#organization","name":"Centro Europeo E-learning CEE","url":"https:\/\/centro-cee.com\/web\/","logo":{"@type":"ImageObject","inLanguage":"es","@id":"https:\/\/centro-cee.com\/web\/#\/schema\/logo\/image\/","url":"https:\/\/centro-cee.com\/web\/wp-content\/uploads\/2022\/12\/cropped-logo_educa.png","contentUrl":"https:\/\/centro-cee.com\/web\/wp-content\/uploads\/2022\/12\/cropped-logo_educa.png","width":157,"height":63,"caption":"Centro Europeo E-learning CEE"},"image":{"@id":"https:\/\/centro-cee.com\/web\/#\/schema\/logo\/image\/"},"sameAs":["https:\/\/www.instagram.com\/centroeuropeo_cee"]}]}},"_links":{"self":[{"href":"https:\/\/centro-cee.com\/web\/wp-json\/wp\/v2\/product\/1302","targetHints":{"allow":["GET"]}}],"collection":[{"href":"https:\/\/centro-cee.com\/web\/wp-json\/wp\/v2\/product"}],"about":[{"href":"https:\/\/centro-cee.com\/web\/wp-json\/wp\/v2\/types\/product"}],"replies":[{"embeddable":true,"href":"https:\/\/centro-cee.com\/web\/wp-json\/wp\/v2\/comments?post=1302"}],"wp:featuredmedia":[{"embeddable":true,"href":"https:\/\/centro-cee.com\/web\/wp-json\/wp\/v2\/media\/1303"}],"wp:attachment":[{"href":"https:\/\/centro-cee.com\/web\/wp-json\/wp\/v2\/media?parent=1302"}],"wp:term":[{"taxonomy":"product_brand","embeddable":true,"href":"https:\/\/centro-cee.com\/web\/wp-json\/wp\/v2\/product_brand?post=1302"},{"taxonomy":"product_cat","embeddable":true,"href":"https:\/\/centro-cee.com\/web\/wp-json\/wp\/v2\/product_cat?post=1302"},{"taxonomy":"product_tag","embeddable":true,"href":"https:\/\/centro-cee.com\/web\/wp-json\/wp\/v2\/product_tag?post=1302"}],"curies":[{"name":"wp","href":"https:\/\/api.w.org\/{rel}","templated":true}]}}