{"id":1286,"date":"2023-06-05T10:38:16","date_gmt":"2023-06-05T10:38:16","guid":{"rendered":"https:\/\/centro-cee.com\/web\/?post_type=product&#038;p=1286"},"modified":"2024-10-18T10:43:53","modified_gmt":"2024-10-18T10:43:53","slug":"camarera-de-piso","status":"publish","type":"product","link":"https:\/\/centro-cee.com\/web\/producto\/camarera-de-piso\/","title":{"rendered":"Camarera de piso"},"content":{"rendered":"<p><a href=\"https:\/\/centro-cee.com\/web\/formaciones\/\">Atr\u00e1s<\/a><\/p>\n<p><em><strong>Camarera de piso<\/strong><\/em><\/p>\n<p>Toda esta formaci\u00f3n se realiza 100% online en nuestro campus online de formaci\u00f3n.<\/p>\n<p>Las tutorias se realizan directamente desde el campus de estudio con la opci\u00f3n de mensajer\u00eda a profesores. Las tutorias son \u00aba demanda\u00bb, cuando necesites soporte nos lo pides.<\/p>\n<p>Los t\u00edtulos de Centro CEE est\u00e1n autenticados por la firma de notario que valida contenidos y autenticidad a nivel internacional. Nuestra organizaci\u00f3n pertenece a la Asociaci\u00f3n Espa\u00f1ola de Calidad, organizaci\u00f3n Espa\u00f1ola de referencia para la calidad en la formaci\u00f3n. La certificaci\u00f3n se puede apostillar por la Haya para cualquier pa\u00eds firmante del convenio de la Haya.<\/p>\n<p>Se puede pagar a plazos.<\/p>\n<p>Carga horaria de la formaci\u00f3n: 220h<\/p>\n<h2>Temario<\/h2>\n<hr \/>\n<p>M\u00d3DULO 1. ARREGLO DE HABITACIONES Y ZONAS COMUNES EN ALOJAMIENTOS<\/p>\n<p>UNIDAD FORMATIVA 1. APROVISIONAMIENTO Y ORGANIZACI\u00d3N DEL OFFICE EN ALOJAMIENTOS<\/p>\n<p>UNIDAD DID\u00c1CTICA 1. LA CAMARERA DE PISOS EN ALOJAMIENTOS Y SU DEPARTAMENTO<\/p>\n<p>     Los alojamientos tur\u00edsticos y no tur\u00edsticos<\/p>\n<p>    &#8211; Caracter\u00edsticas<\/p>\n<p>    &#8211; Tipos<\/p>\n<p>    &#8211; Clasificaci\u00f3n<\/p>\n<p>    &#8211; Departamentos<\/p>\n<p>    El departamento de pisos<\/p>\n<p>    &#8211; Actividades<\/p>\n<p>    &#8211; Caracter\u00edsticas<\/p>\n<p>    &#8211; Objetivos<\/p>\n<p>    &#8211; \u00c1reas y relaciones interdepartamentales<\/p>\n<p>    &#8211; Documentaci\u00f3n<\/p>\n<p>    La habitaci\u00f3n de hotel: tipos<\/p>\n<p>    Peculiaridades de la regidur\u00eda de pisos en entidades no hoteleras<\/p>\n<p>    &#8211; Hospitales y cl\u00ednicas<\/p>\n<p>    &#8211; Residencias para la tercera edad<\/p>\n<p>    &#8211; Residencias escolares<\/p>\n<p>    &#8211; Otros alojamientos no tur\u00edsticos<\/p>\n<p>    La camarera de pisos<\/p>\n<p>    &#8211; Descripci\u00f3n de sus funciones<\/p>\n<p>    &#8211; Uniformidad<\/p>\n<p>    &#8211; Deontolog\u00eda profesional<\/p>\n<p>    &#8211; Planificaci\u00f3n del trabajo<\/p>\n<p>    &#8211; Integraci\u00f3n en la organizaci\u00f3n y en el equipo de trabajo<\/p>\n<p>UNIDAD DID\u00c1CTICA 2. REALIZACI\u00d3N DE LAS OPERACIONES DE APROVISIONAMIENTO, CONTROL E INVENTARIO DE EXISTENCIAS EN EL \u00c1REA DE PISOS<\/p>\n<p>     Procedimientos administrativos relativos a la recepci\u00f3n, almacenamiento, distribuci\u00f3n interna y expedici\u00f3n de existencias.<\/p>\n<p>    Clasificaci\u00f3n y ubicaci\u00f3n de existencias<\/p>\n<p>    Tipos de inventarios.<\/p>\n<p>    Aplicaci\u00f3n de procedimientos de gesti\u00f3n<\/p>\n<p>    Mantenimiento y reposici\u00f3n de existencias en el almac\u00e9n.<\/p>\n<p>    Montaje del carro de limpieza y carro de camarera<\/p>\n<p>    Organizaci\u00f3n del almac\u00e9n y del office<\/p>\n<p>UNIDAD DID\u00c1CTICA 3. PARTICIPACI\u00d3N EN LA MEJORA DE LA CALIDAD<\/p>\n<p>    Aseguramiento de la Calidad.<\/p>\n<p>    Actividades de prevenci\u00f3n y control de los insumos y procesos para tratar de evitar resultados defectuosos<\/p>\n<p>UNIDAD FORMATIVA 2. LIMPIEZA Y PUESTA A PUNTO DE PISOS Y ZONAS COMUNES EN ALOJAMIENTOS<\/p>\n<p>UNIDAD DID\u00c1CTICA 1. MOBILIARIO Y DECORACI\u00d3N EN EMPRESAS DE ACTIVIDADES DE ALOJAMIENTO<\/p>\n<p>     Mobiliario<\/p>\n<p>    &#8211; Clasificaci\u00f3n, descripci\u00f3n y medidas b\u00e1sicas seg\u00fan caracter\u00edsticas, funciones, aplicaciones y tipo y categor\u00eda de alojamiento<\/p>\n<p>    &#8211; Ubicaci\u00f3n y distribuci\u00f3n<\/p>\n<p>    Revestimientos, alfombras y cortinas:<\/p>\n<p>    &#8211; Clasificaci\u00f3n y caracterizaci\u00f3n seg\u00fan tipo, categor\u00eda y f\u00f3rmula de alojamiento<\/p>\n<p>    Otros elementos de decoraci\u00f3n<\/p>\n<p>    Limpieza y mantenimiento de mobiliario y elementos decorativos<\/p>\n<p>    &#8211; Productos utilizados<\/p>\n<p>    &#8211; Aplicaciones<\/p>\n<p>    &#8211; T\u00e9cnicas<\/p>\n<p>    Iluminaci\u00f3n y temperatura en las habitaciones<\/p>\n<p>    Decoraci\u00f3n floral<\/p>\n<p>    &#8211; T\u00e9cnicas<\/p>\n<p>    &#8211; Aplicaciones sencillas<\/p>\n<p>UNIDAD DID\u00c1CTICA 2. LIMPIEZA Y PUESTA A PUNTO DE HABITACIONES, ZONAS NOBLES Y \u00c1REAS COMUNES EN ALOJAMIENTOS<\/p>\n<p>    Equipos, maquinaria, \u00fatiles y herramientas<\/p>\n<p>    &#8211; Descripci\u00f3n<\/p>\n<p>    &#8211; Aplicaciones<\/p>\n<p>    &#8211; Limpieza y mantenimiento de uso<\/p>\n<p>    &#8211; Normas de seguridad en su utilizaci\u00f3n<\/p>\n<p>    Productos utilizados en la limpieza<\/p>\n<p>    &#8211; Tipos<\/p>\n<p>    &#8211; Aplicaciones<\/p>\n<p>    &#8211; Rendimientos<\/p>\n<p>    &#8211; Beneficios e inconvenientes<\/p>\n<p>    &#8211; Riesgos: identificaci\u00f3n, causas m\u00e1s comunes y prevenci\u00f3n<\/p>\n<p>    T\u00e9cnicas de limpieza:<\/p>\n<p>    &#8211; Descripci\u00f3n<\/p>\n<p>    &#8211; Aplicaci\u00f3n<\/p>\n<p>    &#8211; Control de resultados<\/p>\n<p>    Otras operaciones de puesta a punto<\/p>\n<p>    &#8211; Realizaci\u00f3n de equipajes<\/p>\n<p>    &#8211; Preparaci\u00f3n de habitaciones para bloqueos por obra y pintura<\/p>\n<p>    &#8211; Montaje de salones para actos espec\u00edficos<\/p>\n<p>UNIDAD DID\u00c1CTICA 3. APLICACI\u00d3N DE LA NORMATIVA DE SEGURIDAD, HIGIENE Y SALUD EN LOS PROCESOS DE PREPARACI\u00d3N Y PUESTA A PUNTO DE HABITACIONES, ZONAS NOBLES Y \u00c1REAS COMUNES.<\/p>\n<p>    Identificaci\u00f3n e interpretaci\u00f3n de normativa espec\u00edfica<\/p>\n<p>    Requisitos higi\u00e9nicos generales de instalaciones y equipos para la preparaci\u00f3n y puesta a punto de habitaciones, zonas nobles y \u00e1reas comunes.<\/p>\n<p>    Salud e higiene personal<\/p>\n<p>    &#8211; Factores<\/p>\n<p>    &#8211; Medida<\/p>\n<p>    &#8211; Materiales y aplicaciones<\/p>\n<p>    &#8211; Heridas y su protecci\u00f3n<\/p>\n<p>    Medidas de prevenci\u00f3n y protecci\u00f3n<\/p>\n<p>    &#8211; En instalaciones propias del \u00e1rea de pisos.<\/p>\n<p>    &#8211; En utilizaci\u00f3n de m\u00e1quinas, equipos y utensilios de limpieza y puesta a punto de habitaciones, zonas nobles y \u00e1reas comunes.<\/p>\n<p>    Equipamiento personal de seguridad<\/p>\n<p>    &#8211; Prendas de protecci\u00f3n: tipos, adecuaci\u00f3n y normativa<\/p>\n<p>UNIDAD FORMATIVA 3. ATENCI\u00d3N AL CLIENTE EN LA LIMPIEZA DE PISOS EN ALOJAMIENTOS<\/p>\n<p>UNIDAD DID\u00c1CTICA 1. ATENCI\u00d3N AL CLIENTE EN LAS OPERACIONES DE LIMPIEZA DE PISOS EN ALOJAMIENTOS<\/p>\n<p>    Tipolog\u00edas de clientes, pacientes o usuarios en general<\/p>\n<p>    Normas de actuaci\u00f3n ante la petici\u00f3n de un cliente, paciente o usuario<\/p>\n<p>    Quejas y reclamaciones de un cliente, paciente o usuario<\/p>\n<p>    T\u00e9cnicas elementales de comunicaci\u00f3n<\/p>\n<p>UNIDAD DID\u00c1CTICA 2. MONTAJE DE SALONES PARA EVENTOS EN ALOJAMIENTOS<\/p>\n<p>    Diferentes eventos que tienen lugar en los establecimientos de alojamiento<\/p>\n<p>    Preparaci\u00f3n de actos<\/p>\n<p>UNIDAD DID\u00c1CTICA 3. APLICACI\u00d3N DE NORMAS DE PROTOCOLO B\u00c1SICO<\/p>\n<p>    T\u00e9cnicas de protocolo y presentaci\u00f3n personal<\/p>\n<p>    Conceptos b\u00e1sicos<\/p>\n<p>    Diferentes tratamientos protocolarios<\/p>\n<p><em><strong>Camarera de piso<\/strong><\/em><\/p>\n<hr \/>\n","protected":false},"excerpt":{"rendered":"<p><a href=\"https:\/\/centro-cee.com\/web\/formaciones\/\">Atr\u00e1s<\/a><\/p>\n<p>F\u00f3rmate y especial\u00edzate en todos los aspectos relacionados con las camareras de piso, popularmente conocidas como las \u00abkellys\u00bb, con contenidos actualizados.<\/p>\n<p>Este sector es uno de los m\u00e1s importantes en el sector de la hospeder\u00eda, ya que son las\/los profesionales que preparan diferentes estancias del hotel para el recibimiento de hu\u00e9spedes, es una labor vital, ya que va a dar al hu\u00e9sped la primera imagen del establecimiento y de ello depende en gran medida la satisfacci\u00f3n de la clientela que puede hacer que repitan en estancia en otras ocasiones.<\/p>\n","protected":false},"featured_media":1287,"comment_status":"closed","ping_status":"closed","template":"","meta":[],"product_brand":[],"product_cat":[34],"product_tag":[1157,1154,1158,1161,1155,1162,1160,1163,1159,1156],"class_list":{"0":"post-1286","1":"product","2":"type-product","3":"status-publish","4":"has-post-thumbnail","6":"product_cat-tecnicos","7":"product_tag-certificacion-en-camarera-de-piso","8":"product_tag-curso-de-camarera-de-piso","9":"product_tag-curso-online-de-camarera-de-piso","10":"product_tag-especializacion-en-housekeeping","11":"product_tag-formacion-en-limpieza-de-habitaciones","12":"product_tag-gestion-de-servicios-de-limpieza","13":"product_tag-mantenimiento-y-limpieza-de-alojamientos","14":"product_tag-normas-de-higiene-en-hoteleria","15":"product_tag-protocolo-de-atencion-al-cliente","16":"product_tag-tecnicas-de-limpieza-y-organizacion","18":"first","19":"instock","20":"sale","21":"shipping-taxable","22":"purchasable","23":"product-type-simple"},"yoast_head":"<!-- This site is optimized with the Yoast SEO plugin v27.3 - https:\/\/yoast.com\/product\/yoast-seo-wordpress\/ -->\n<title>Camarera de piso<\/title>\n<meta name=\"description\" content=\"El curso de Camarera de Piso es una formaci\u00f3n que da los conocimientos necesarios para desempe\u00f1arse en el mantenimiento de habitaciones en hoteles.\" \/>\n<meta name=\"robots\" content=\"index, follow, max-snippet:-1, max-image-preview:large, max-video-preview:-1\" \/>\n<link rel=\"canonical\" href=\"https:\/\/centro-cee.com\/web\/producto\/camarera-de-piso\/\" \/>\n<meta property=\"og:locale\" content=\"es_ES\" \/>\n<meta property=\"og:type\" content=\"article\" \/>\n<meta property=\"og:title\" content=\"Camarera de piso\" \/>\n<meta property=\"og:description\" content=\"El curso de Camarera de Piso es una formaci\u00f3n que da los conocimientos necesarios para desempe\u00f1arse en el mantenimiento de habitaciones en hoteles.\" \/>\n<meta property=\"og:url\" content=\"https:\/\/centro-cee.com\/web\/producto\/camarera-de-piso\/\" \/>\n<meta property=\"og:site_name\" content=\"CEE Centro Europeo E-learning - Cursos online\" \/>\n<meta property=\"article:modified_time\" content=\"2024-10-18T10:43:53+00:00\" \/>\n<meta property=\"og:image\" content=\"https:\/\/centro-cee.com\/web\/wp-content\/uploads\/2023\/06\/imagen_2023-06-05_124605097.png\" \/>\n\t<meta property=\"og:image:width\" content=\"799\" \/>\n\t<meta property=\"og:image:height\" content=\"533\" \/>\n\t<meta property=\"og:image:type\" content=\"image\/png\" \/>\n<meta name=\"twitter:card\" content=\"summary_large_image\" \/>\n<meta name=\"twitter:label1\" content=\"Tiempo de lectura\" \/>\n\t<meta name=\"twitter:data1\" content=\"8 minutos\" \/>\n<script type=\"application\/ld+json\" class=\"yoast-schema-graph\">{\"@context\":\"https:\\\/\\\/schema.org\",\"@graph\":[{\"@type\":\"WebPage\",\"@id\":\"https:\\\/\\\/centro-cee.com\\\/web\\\/producto\\\/camarera-de-piso\\\/\",\"url\":\"https:\\\/\\\/centro-cee.com\\\/web\\\/producto\\\/camarera-de-piso\\\/\",\"name\":\"Camarera de piso\",\"isPartOf\":{\"@id\":\"https:\\\/\\\/centro-cee.com\\\/web\\\/#website\"},\"primaryImageOfPage\":{\"@id\":\"https:\\\/\\\/centro-cee.com\\\/web\\\/producto\\\/camarera-de-piso\\\/#primaryimage\"},\"image\":{\"@id\":\"https:\\\/\\\/centro-cee.com\\\/web\\\/producto\\\/camarera-de-piso\\\/#primaryimage\"},\"thumbnailUrl\":\"https:\\\/\\\/centro-cee.com\\\/web\\\/wp-content\\\/uploads\\\/2023\\\/06\\\/imagen_2023-06-05_124605097.png\",\"datePublished\":\"2023-06-05T10:38:16+00:00\",\"dateModified\":\"2024-10-18T10:43:53+00:00\",\"description\":\"El curso de Camarera de Piso es una formaci\u00f3n que da los conocimientos necesarios para desempe\u00f1arse en el mantenimiento de habitaciones en hoteles.\",\"breadcrumb\":{\"@id\":\"https:\\\/\\\/centro-cee.com\\\/web\\\/producto\\\/camarera-de-piso\\\/#breadcrumb\"},\"inLanguage\":\"es\",\"potentialAction\":[{\"@type\":\"ReadAction\",\"target\":[\"https:\\\/\\\/centro-cee.com\\\/web\\\/producto\\\/camarera-de-piso\\\/\"]}]},{\"@type\":\"ImageObject\",\"inLanguage\":\"es\",\"@id\":\"https:\\\/\\\/centro-cee.com\\\/web\\\/producto\\\/camarera-de-piso\\\/#primaryimage\",\"url\":\"https:\\\/\\\/centro-cee.com\\\/web\\\/wp-content\\\/uploads\\\/2023\\\/06\\\/imagen_2023-06-05_124605097.png\",\"contentUrl\":\"https:\\\/\\\/centro-cee.com\\\/web\\\/wp-content\\\/uploads\\\/2023\\\/06\\\/imagen_2023-06-05_124605097.png\",\"width\":799,\"height\":533,\"caption\":\"Camarera de piso\"},{\"@type\":\"BreadcrumbList\",\"@id\":\"https:\\\/\\\/centro-cee.com\\\/web\\\/producto\\\/camarera-de-piso\\\/#breadcrumb\",\"itemListElement\":[{\"@type\":\"ListItem\",\"position\":1,\"name\":\"Portada\",\"item\":\"https:\\\/\\\/centro-cee.com\\\/web\\\/\"},{\"@type\":\"ListItem\",\"position\":2,\"name\":\"Camarera de piso\"}]},{\"@type\":\"WebSite\",\"@id\":\"https:\\\/\\\/centro-cee.com\\\/web\\\/#website\",\"url\":\"https:\\\/\\\/centro-cee.com\\\/web\\\/\",\"name\":\"Centro Europeo E-learning\",\"description\":\"CEE Formaci\u00f3n Online\",\"publisher\":{\"@id\":\"https:\\\/\\\/centro-cee.com\\\/web\\\/#organization\"},\"alternateName\":\"Centro Online de Formaci\u00f3n\",\"potentialAction\":[{\"@type\":\"SearchAction\",\"target\":{\"@type\":\"EntryPoint\",\"urlTemplate\":\"https:\\\/\\\/centro-cee.com\\\/web\\\/?s={search_term_string}\"},\"query-input\":{\"@type\":\"PropertyValueSpecification\",\"valueRequired\":true,\"valueName\":\"search_term_string\"}}],\"inLanguage\":\"es\"},{\"@type\":\"Organization\",\"@id\":\"https:\\\/\\\/centro-cee.com\\\/web\\\/#organization\",\"name\":\"Centro Europeo E-learning CEE\",\"url\":\"https:\\\/\\\/centro-cee.com\\\/web\\\/\",\"logo\":{\"@type\":\"ImageObject\",\"inLanguage\":\"es\",\"@id\":\"https:\\\/\\\/centro-cee.com\\\/web\\\/#\\\/schema\\\/logo\\\/image\\\/\",\"url\":\"https:\\\/\\\/centro-cee.com\\\/web\\\/wp-content\\\/uploads\\\/2022\\\/12\\\/cropped-logo_educa.png\",\"contentUrl\":\"https:\\\/\\\/centro-cee.com\\\/web\\\/wp-content\\\/uploads\\\/2022\\\/12\\\/cropped-logo_educa.png\",\"width\":157,\"height\":63,\"caption\":\"Centro Europeo E-learning CEE\"},\"image\":{\"@id\":\"https:\\\/\\\/centro-cee.com\\\/web\\\/#\\\/schema\\\/logo\\\/image\\\/\"},\"sameAs\":[\"https:\\\/\\\/www.instagram.com\\\/centroeuropeo_cee\"]}]}<\/script>\n<!-- \/ Yoast SEO plugin. -->","yoast_head_json":{"title":"Camarera de piso","description":"El curso de Camarera de Piso es una formaci\u00f3n que da los conocimientos necesarios para desempe\u00f1arse en el mantenimiento de habitaciones en hoteles.","robots":{"index":"index","follow":"follow","max-snippet":"max-snippet:-1","max-image-preview":"max-image-preview:large","max-video-preview":"max-video-preview:-1"},"canonical":"https:\/\/centro-cee.com\/web\/producto\/camarera-de-piso\/","og_locale":"es_ES","og_type":"article","og_title":"Camarera de piso","og_description":"El curso de Camarera de Piso es una formaci\u00f3n que da los conocimientos necesarios para desempe\u00f1arse en el mantenimiento de habitaciones en hoteles.","og_url":"https:\/\/centro-cee.com\/web\/producto\/camarera-de-piso\/","og_site_name":"CEE Centro Europeo E-learning - Cursos online","article_modified_time":"2024-10-18T10:43:53+00:00","og_image":[{"width":799,"height":533,"url":"https:\/\/centro-cee.com\/web\/wp-content\/uploads\/2023\/06\/imagen_2023-06-05_124605097.png","type":"image\/png"}],"twitter_card":"summary_large_image","twitter_misc":{"Tiempo de lectura":"8 minutos"},"schema":{"@context":"https:\/\/schema.org","@graph":[{"@type":"WebPage","@id":"https:\/\/centro-cee.com\/web\/producto\/camarera-de-piso\/","url":"https:\/\/centro-cee.com\/web\/producto\/camarera-de-piso\/","name":"Camarera de piso","isPartOf":{"@id":"https:\/\/centro-cee.com\/web\/#website"},"primaryImageOfPage":{"@id":"https:\/\/centro-cee.com\/web\/producto\/camarera-de-piso\/#primaryimage"},"image":{"@id":"https:\/\/centro-cee.com\/web\/producto\/camarera-de-piso\/#primaryimage"},"thumbnailUrl":"https:\/\/centro-cee.com\/web\/wp-content\/uploads\/2023\/06\/imagen_2023-06-05_124605097.png","datePublished":"2023-06-05T10:38:16+00:00","dateModified":"2024-10-18T10:43:53+00:00","description":"El curso de Camarera de Piso es una formaci\u00f3n que da los conocimientos necesarios para desempe\u00f1arse en el mantenimiento de habitaciones en hoteles.","breadcrumb":{"@id":"https:\/\/centro-cee.com\/web\/producto\/camarera-de-piso\/#breadcrumb"},"inLanguage":"es","potentialAction":[{"@type":"ReadAction","target":["https:\/\/centro-cee.com\/web\/producto\/camarera-de-piso\/"]}]},{"@type":"ImageObject","inLanguage":"es","@id":"https:\/\/centro-cee.com\/web\/producto\/camarera-de-piso\/#primaryimage","url":"https:\/\/centro-cee.com\/web\/wp-content\/uploads\/2023\/06\/imagen_2023-06-05_124605097.png","contentUrl":"https:\/\/centro-cee.com\/web\/wp-content\/uploads\/2023\/06\/imagen_2023-06-05_124605097.png","width":799,"height":533,"caption":"Camarera de piso"},{"@type":"BreadcrumbList","@id":"https:\/\/centro-cee.com\/web\/producto\/camarera-de-piso\/#breadcrumb","itemListElement":[{"@type":"ListItem","position":1,"name":"Portada","item":"https:\/\/centro-cee.com\/web\/"},{"@type":"ListItem","position":2,"name":"Camarera de piso"}]},{"@type":"WebSite","@id":"https:\/\/centro-cee.com\/web\/#website","url":"https:\/\/centro-cee.com\/web\/","name":"Centro Europeo E-learning","description":"CEE Formaci\u00f3n Online","publisher":{"@id":"https:\/\/centro-cee.com\/web\/#organization"},"alternateName":"Centro Online de Formaci\u00f3n","potentialAction":[{"@type":"SearchAction","target":{"@type":"EntryPoint","urlTemplate":"https:\/\/centro-cee.com\/web\/?s={search_term_string}"},"query-input":{"@type":"PropertyValueSpecification","valueRequired":true,"valueName":"search_term_string"}}],"inLanguage":"es"},{"@type":"Organization","@id":"https:\/\/centro-cee.com\/web\/#organization","name":"Centro Europeo E-learning CEE","url":"https:\/\/centro-cee.com\/web\/","logo":{"@type":"ImageObject","inLanguage":"es","@id":"https:\/\/centro-cee.com\/web\/#\/schema\/logo\/image\/","url":"https:\/\/centro-cee.com\/web\/wp-content\/uploads\/2022\/12\/cropped-logo_educa.png","contentUrl":"https:\/\/centro-cee.com\/web\/wp-content\/uploads\/2022\/12\/cropped-logo_educa.png","width":157,"height":63,"caption":"Centro Europeo E-learning CEE"},"image":{"@id":"https:\/\/centro-cee.com\/web\/#\/schema\/logo\/image\/"},"sameAs":["https:\/\/www.instagram.com\/centroeuropeo_cee"]}]}},"_links":{"self":[{"href":"https:\/\/centro-cee.com\/web\/wp-json\/wp\/v2\/product\/1286","targetHints":{"allow":["GET"]}}],"collection":[{"href":"https:\/\/centro-cee.com\/web\/wp-json\/wp\/v2\/product"}],"about":[{"href":"https:\/\/centro-cee.com\/web\/wp-json\/wp\/v2\/types\/product"}],"replies":[{"embeddable":true,"href":"https:\/\/centro-cee.com\/web\/wp-json\/wp\/v2\/comments?post=1286"}],"wp:featuredmedia":[{"embeddable":true,"href":"https:\/\/centro-cee.com\/web\/wp-json\/wp\/v2\/media\/1287"}],"wp:attachment":[{"href":"https:\/\/centro-cee.com\/web\/wp-json\/wp\/v2\/media?parent=1286"}],"wp:term":[{"taxonomy":"product_brand","embeddable":true,"href":"https:\/\/centro-cee.com\/web\/wp-json\/wp\/v2\/product_brand?post=1286"},{"taxonomy":"product_cat","embeddable":true,"href":"https:\/\/centro-cee.com\/web\/wp-json\/wp\/v2\/product_cat?post=1286"},{"taxonomy":"product_tag","embeddable":true,"href":"https:\/\/centro-cee.com\/web\/wp-json\/wp\/v2\/product_tag?post=1286"}],"curies":[{"name":"wp","href":"https:\/\/api.w.org\/{rel}","templated":true}]}}