{"id":1268,"date":"2023-05-23T10:27:17","date_gmt":"2023-05-23T10:27:17","guid":{"rendered":"https:\/\/centro-cee.com\/web\/?post_type=product&#038;p=1268"},"modified":"2024-10-18T10:45:40","modified_gmt":"2024-10-18T10:45:40","slug":"cocina-mediterranea","status":"publish","type":"product","link":"https:\/\/centro-cee.com\/web\/producto\/cocina-mediterranea\/","title":{"rendered":"Cocina mediterranea"},"content":{"rendered":"<p><a href=\"https:\/\/centro-cee.com\/web\/formaciones\/\">Atr\u00e1s<\/a><\/p>\n<p><em><strong>Cocina mediterranea<\/strong><\/em><\/p>\n<p>Toda esta formaci\u00f3n se realiza 100% online en nuestro campus online de formaci\u00f3n.<\/p>\n<p>Las tutorias se realizan directamente desde el campus de estudio con la opci\u00f3n de mensajer\u00eda a profesores. Las tutorias son \u00aba demanda\u00bb, cuando necesites soporte nos lo pides.<\/p>\n<p>Los t\u00edtulos de Centro CEE est\u00e1n autenticados por la firma de notario que valida contenidos y autenticidad a nivel internacional. Nuestra organizaci\u00f3n pertenece a la Asociaci\u00f3n Espa\u00f1ola de Calidad, organizaci\u00f3n Espa\u00f1ola de referencia para la calidad en la formaci\u00f3n. La certificaci\u00f3n se puede apostillar por la Haya para cualquier pa\u00eds firmante del convenio de la Haya.<\/p>\n<p>Se puede pagar a plazos.<\/p>\n<p>Carga horaria de la formaci\u00f3n: 300h<\/p>\n<h2>Temario<\/h2>\n<hr \/>\n<p>1. INTRODUCCI\u00d3N A LA COCINA MEDITERR\u00c1NEA<br \/>\n1. Or\u00edgenes de la cocina mediterr\u00e1nea<br \/>\n2. Clases de productos utilizados dentro de este tipo de cocina<br \/>\n2. T\u00c9CNICAS DE COCINADO<br \/>\n1. Hervir y cocer al vapor<br \/>\n2. Fre\u00edr en aceite<br \/>\n3. Saltear<br \/>\n4. Asar al horno<br \/>\n5. Plancha y parrilla<br \/>\n3. HORTALIZAS, LEGUMBRES Y SETAS UTILIZADAS EN LA COCINA MEDITERR\u00c1NEA<br \/>\n1. Principales materias primas vegetales<br \/>\n2. Las hortalizas<br \/>\n3. &#8211; Definici\u00f3n<br \/>\n4. &#8211; Distintas formas de clasificaci\u00f3n<br \/>\n5. &#8211; Especies m\u00e1s utilizadas<br \/>\n6. &#8211; Estacionalidad<br \/>\n7. &#8211; Categor\u00edas comerciales y calidad<br \/>\n8. &#8211; Factores que influyen en su calidad<br \/>\n9. Hortalizas de invernadero y babys<br \/>\n10. Brotes y germinados<br \/>\n11. La ?cuarta gama?<br \/>\n12. Las legumbres<br \/>\n13. &#8211; Definici\u00f3n<br \/>\n14. &#8211; Clasificaci\u00f3n<br \/>\n15. &#8211; Categor\u00edas comerciales<br \/>\n16. Las setas<br \/>\n17. &#8211; Definici\u00f3n<br \/>\n18. &#8211; Especies cultivadas<br \/>\n19. &#8211; Especies m\u00e1s apreciadas gastron\u00f3micamente<br \/>\n20. &#8211; Principales especies venenosas<br \/>\n21. &#8211; Estacionalidad y presentaci\u00f3n comercial<br \/>\n4. PASTAS Y ARROCES QUE SE UTILIZAN EN LA COCINA MEDITERR\u00c1NEA<br \/>\n1. Definici\u00f3n de pasta. Distintas clasificaciones. Formatos m\u00e1s comunes. Condimentos, salsas, quesos y farsas para pasta<br \/>\n2. Arroz: definici\u00f3n. Clasificaci\u00f3n en funci\u00f3n del ta\u00f1o del grano. Categor\u00edas comerciales. Tipo de arroz y su preparaci\u00f3n adecuada<br \/>\n5. LOS HUEVOS EN LA COCINA MEDITERR\u00c1NEA<br \/>\n1. Definici\u00f3n. Composici\u00f3n. Clasificaci\u00f3n. Distintas formas para saber si est\u00e1 m\u00e1s o menos fresco. Utilizaci\u00f3n. Formas b\u00e1sicas de preparaci\u00f3n. Salsas y guarniciones para acompa\u00f1amiento de platos de huevos. Utilizaci\u00f3n de la clara y de la yema. Ovoproductos y su utilizaci\u00f3n<br \/>\n2. Huevos de otras aves utilizados en alimentaci\u00f3n<br \/>\n6. PESCADOS, CRUST\u00c1CEOS Y MOLUSCOS UTILIZADOS EN LA COCINA MEDITERR\u00c1NEA<br \/>\n1. Refrigeraci\u00f3n: Instalaciones. Temperaturas. Tratamiento del pescado, crust\u00e1ceos y moluscos por refrigeraci\u00f3n. Envases adecuados. Control de temperaturas<br \/>\n2. La congelaci\u00f3n: La ultra congelaci\u00f3n y la conservaci\u00f3n de los producto ultra congelados. La oxidaci\u00f3n y otros defectos de los congelados. La correcta descongelaci\u00f3n<br \/>\n3. Otras conservas y semi-conservas marinas y la industria conservera<br \/>\n4. &#8211; Salazones<br \/>\n5. &#8211; Enlatados<br \/>\n6. &#8211; Ahumados<br \/>\n7. &#8211; Al vac\u00edo<br \/>\n8. &#8211; Platos cocinados<br \/>\n9. &#8211; Otras<br \/>\n10. La conservaci\u00f3n en cocina: Los escabeches y otras conservas<br \/>\n11. Ejecuci\u00f3n de operaciones necesarias para la conservaci\u00f3n y presentaci\u00f3n comercial de g\u00e9neros y productos culinarios, aplicando las respectivas t\u00e9cnicas y m\u00e9todos adecuados<br \/>\n7. CARNES, AVES Y CAZA UTILIZADAS EN LA COCINA MEDITERR\u00c1NEA<br \/>\n1. La carne<br \/>\n2. &#8211; Propiedades nutritivas<br \/>\n3. &#8211; Factores que influyen en la calidad del animal<br \/>\n4. &#8211; Factores organol\u00e9pticos que indican su calidad y estado de conservaci\u00f3n<br \/>\n5. &#8211; Principales especies: Ganado vacuno, porcino, ovino y caprino<br \/>\n6. Carne de vacuno<br \/>\n7. Carnes de ovino y caprino<br \/>\n8. &#8211; Clasificaci\u00f3n<br \/>\n9. Carne de porcino<br \/>\n10. &#8211; Caracter\u00edsticas de la carne de cerdo blanco y del ib\u00e9rico<br \/>\n11. &#8211; El cochinillo<br \/>\n12. &#8211; El jam\u00f3n y otros productos derivados del cerdo<br \/>\n13. Carnes con Denominaci\u00f3n Espec\u00edfica, Indicaci\u00f3n Geogr\u00e1fica u otra denominaci\u00f3n<br \/>\n14. &#8211; Denominaci\u00f3n Espec\u00edfica, Indicaci\u00f3n geogr\u00e1fica u otra denominaci\u00f3n<br \/>\n15. &#8211; Denominaci\u00f3n de origen en carnes<br \/>\n16. Clasificaci\u00f3n comercial<br \/>\n17. &#8211; Principales cortes comerciales en las diferentes especies<br \/>\n18. Las aves de corral<br \/>\n19. &#8211; Presentaci\u00f3n comercial<br \/>\n20. &#8211; Caracter\u00edsticas principales<br \/>\n21. &#8211; Distintas clases de pollo, seg\u00fan su alimentaci\u00f3n y crianza<br \/>\n22. &#8211; El pato<br \/>\n23. &#8211; El pavo, la gallina de Guinea y otras aves<br \/>\n24. La caza<br \/>\n25. &#8211; Caracter\u00edsticas de la carne de caza<br \/>\n26. &#8211; Principales especies y caracter\u00edsticas<br \/>\n27. Despojo<br \/>\n28. &#8211; Clasificaci\u00f3n<br \/>\n29. &#8211; Utilizaci\u00f3n en la alimentaci\u00f3n<br \/>\n8. LOS POSTRES Y LAS BEBIDAS DE LA COCINA MEDITERR\u00c1NEA<br \/>\n1. Principales postres a base de frutas<br \/>\n2. &#8211; Macedonias o ensaladas de frutas<br \/>\n3. &#8211; Compotas, frutas cocidas en alm\u00edbar o similares y frutas asadas<br \/>\n4. &#8211; Tartas de frutas: pastel de manzana, fresas y otros<br \/>\n5. Principales postres a base de l\u00e1cteos<br \/>\n6. &#8211; Arroz con leche y arroz emperatriz<br \/>\n7. &#8211; Flanes y pudding<br \/>\n8. &#8211; Natillas<br \/>\n9. &#8211; Crema catalana<br \/>\n10. &#8211; Souffl\u00e9 de crema<br \/>\n11. Principales postres fritos o de sart\u00e9n<br \/>\n12. &#8211; Torrijas<br \/>\n13. &#8211; Leche frita<br \/>\n14. &#8211; Cr\u00e9pes<br \/>\n15. Principales tipos de semifr\u00edos<br \/>\n16. &#8211; Bavarois: de crema, frutas o licores<br \/>\n17. &#8211; Carlotas<br \/>\n18. &#8211; Espumas o mousses<br \/>\n19. &#8211; Tartas con base de Mousse<br \/>\n20. Principales Tartas<br \/>\n21. &#8211; Tartas con crema de mantequilla<br \/>\n22. &#8211; Tartas de Yema<br \/>\n23. &#8211; Tartas con base de nata<br \/>\n24. &#8211; Tarta de Queso<br \/>\n25. &#8211; Brazos de gitano<br \/>\n26. &#8211; Tartas con nombre propio<br \/>\n27. Bebidas de la cocina mediterr\u00e1nea<br \/>\n9. PLATOS M\u00c1S REPRESENTATIVOS DE LA COCINA MEDITERR\u00c1NEA<br \/>\n1. Los pescados y sus correspondencias<br \/>\n2. Las verduras y sus correspondencias<br \/>\n3. Las carnes y sus correspondencias<br \/>\n10. OTRAS PREPARACIONES REPRESENTATIVAS DE LA COCINA MEDITERR\u00c1NEA<br \/>\n1. Entrantes<br \/>\n2. Sopas, potajes, cremas, huevos, arroces y pastas<br \/>\n3. Pescados y mariscos<br \/>\n4. Carnes y aves<\/p>\n<p><em><strong>Cocina mediterranea<\/strong><\/em><\/p>\n<hr \/>\n","protected":false},"excerpt":{"rendered":"<p><a href=\"https:\/\/centro-cee.com\/web\/formaciones\/\">Atr\u00e1s<\/a><br \/>\nFormate y especializate en TODOS los aspectos relacionados con la cocina con productos mediterraneos, con contenidos actualizados.<br \/>\nVas a conocer los alimentos mas utilizados en la dieta mediterranea, la dieta que ha sido catalogada como las mas saludable del mundo.<br \/>\nConcoceras t\u00e9cnicas de cocinado, conservaci\u00f3n y presentaci\u00f3n de los g\u00e9neros, hasta postres y bebidas.<br \/>\nTanto a nivel laboral como personal, esta formaci\u00f3n te va a dotar de conocimientos profesionales de este tipo de cocina.<br \/>\nLa formaci\u00f3n obtenida es de alto nivel y con gran cantidad de contenidos que dotaran a las\/los alumnas\/os de unos conocimientos excelentes.<\/p>\n","protected":false},"featured_media":1269,"comment_status":"closed","ping_status":"closed","template":"","meta":[],"product_brand":[],"product_cat":[34],"product_tag":[1175,1178,1180,1171,1176,1179,1172,1177,1174,1173],"class_list":{"0":"post-1268","1":"product","2":"type-product","3":"status-publish","4":"has-post-thumbnail","6":"product_cat-tecnicos","7":"product_tag-certificacion-en-cocina-mediterranea","8":"product_tag-cocina-saludable-mediterranea","9":"product_tag-cultura-culinaria-mediterranea","10":"product_tag-curso-de-cocina-mediterranea","11":"product_tag-curso-online-de-cocina-mediterranea","12":"product_tag-especializacion-en-platos-mediterraneos","13":"product_tag-formacion-en-gastronomia-mediterranea","14":"product_tag-ingredientes-de-la-dieta-mediterranea","15":"product_tag-recetas-mediterraneas","16":"product_tag-tecnicas-de-cocina-mediterranea","18":"first","19":"instock","20":"sale","21":"shipping-taxable","22":"purchasable","23":"product-type-simple"},"yoast_head":"<!-- This site is optimized with the Yoast SEO plugin v27.4 - https:\/\/yoast.com\/product\/yoast-seo-wordpress\/ -->\n<title>Cocina mediterranea<\/title>\n<meta name=\"description\" content=\"Adquiere las habilidades necesarias con el curso de cocina mediterranea para sorprender a tus familiares y amigos con exquisitas recetas mediterr\u00e1neas\" \/>\n<meta name=\"robots\" content=\"index, follow, max-snippet:-1, max-image-preview:large, max-video-preview:-1\" \/>\n<link rel=\"canonical\" href=\"https:\/\/centro-cee.com\/web\/producto\/cocina-mediterranea\/\" \/>\n<meta property=\"og:locale\" content=\"es_ES\" \/>\n<meta property=\"og:type\" content=\"article\" \/>\n<meta property=\"og:title\" content=\"Cocina mediterranea\" \/>\n<meta property=\"og:description\" content=\"Adquiere las habilidades necesarias con el curso de cocina mediterranea para sorprender a tus familiares y amigos con exquisitas recetas mediterr\u00e1neas\" \/>\n<meta property=\"og:url\" content=\"https:\/\/centro-cee.com\/web\/producto\/cocina-mediterranea\/\" \/>\n<meta property=\"og:site_name\" content=\"CEE Centro Europeo E-learning - Cursos online\" \/>\n<meta property=\"article:modified_time\" content=\"2024-10-18T10:45:40+00:00\" \/>\n<meta property=\"og:image\" content=\"https:\/\/centro-cee.com\/web\/wp-content\/uploads\/2023\/05\/imagen_2023-05-23_122515731.png\" \/>\n\t<meta property=\"og:image:width\" content=\"451\" \/>\n\t<meta property=\"og:image:height\" content=\"299\" \/>\n\t<meta property=\"og:image:type\" content=\"image\/png\" \/>\n<meta name=\"twitter:card\" content=\"summary_large_image\" \/>\n<meta name=\"twitter:label1\" content=\"Tiempo de lectura\" \/>\n\t<meta name=\"twitter:data1\" content=\"4 minutos\" \/>\n<script type=\"application\/ld+json\" class=\"yoast-schema-graph\">{\"@context\":\"https:\\\/\\\/schema.org\",\"@graph\":[{\"@type\":\"WebPage\",\"@id\":\"https:\\\/\\\/centro-cee.com\\\/web\\\/producto\\\/cocina-mediterranea\\\/\",\"url\":\"https:\\\/\\\/centro-cee.com\\\/web\\\/producto\\\/cocina-mediterranea\\\/\",\"name\":\"Cocina mediterranea\",\"isPartOf\":{\"@id\":\"https:\\\/\\\/centro-cee.com\\\/web\\\/#website\"},\"primaryImageOfPage\":{\"@id\":\"https:\\\/\\\/centro-cee.com\\\/web\\\/producto\\\/cocina-mediterranea\\\/#primaryimage\"},\"image\":{\"@id\":\"https:\\\/\\\/centro-cee.com\\\/web\\\/producto\\\/cocina-mediterranea\\\/#primaryimage\"},\"thumbnailUrl\":\"https:\\\/\\\/centro-cee.com\\\/web\\\/wp-content\\\/uploads\\\/2023\\\/05\\\/imagen_2023-05-23_122515731.png\",\"datePublished\":\"2023-05-23T10:27:17+00:00\",\"dateModified\":\"2024-10-18T10:45:40+00:00\",\"description\":\"Adquiere las habilidades necesarias con el curso de cocina mediterranea para sorprender a tus familiares y amigos con exquisitas recetas mediterr\u00e1neas\",\"breadcrumb\":{\"@id\":\"https:\\\/\\\/centro-cee.com\\\/web\\\/producto\\\/cocina-mediterranea\\\/#breadcrumb\"},\"inLanguage\":\"es\",\"potentialAction\":[{\"@type\":\"ReadAction\",\"target\":[\"https:\\\/\\\/centro-cee.com\\\/web\\\/producto\\\/cocina-mediterranea\\\/\"]}]},{\"@type\":\"ImageObject\",\"inLanguage\":\"es\",\"@id\":\"https:\\\/\\\/centro-cee.com\\\/web\\\/producto\\\/cocina-mediterranea\\\/#primaryimage\",\"url\":\"https:\\\/\\\/centro-cee.com\\\/web\\\/wp-content\\\/uploads\\\/2023\\\/05\\\/imagen_2023-05-23_122515731.png\",\"contentUrl\":\"https:\\\/\\\/centro-cee.com\\\/web\\\/wp-content\\\/uploads\\\/2023\\\/05\\\/imagen_2023-05-23_122515731.png\",\"width\":451,\"height\":299,\"caption\":\"nutrici\u00f3n\"},{\"@type\":\"BreadcrumbList\",\"@id\":\"https:\\\/\\\/centro-cee.com\\\/web\\\/producto\\\/cocina-mediterranea\\\/#breadcrumb\",\"itemListElement\":[{\"@type\":\"ListItem\",\"position\":1,\"name\":\"Portada\",\"item\":\"https:\\\/\\\/centro-cee.com\\\/web\\\/\"},{\"@type\":\"ListItem\",\"position\":2,\"name\":\"Cocina mediterranea\"}]},{\"@type\":\"WebSite\",\"@id\":\"https:\\\/\\\/centro-cee.com\\\/web\\\/#website\",\"url\":\"https:\\\/\\\/centro-cee.com\\\/web\\\/\",\"name\":\"Centro Europeo E-learning\",\"description\":\"CEE Formaci\u00f3n Online\",\"publisher\":{\"@id\":\"https:\\\/\\\/centro-cee.com\\\/web\\\/#organization\"},\"alternateName\":\"Centro Online de Formaci\u00f3n\",\"potentialAction\":[{\"@type\":\"SearchAction\",\"target\":{\"@type\":\"EntryPoint\",\"urlTemplate\":\"https:\\\/\\\/centro-cee.com\\\/web\\\/?s={search_term_string}\"},\"query-input\":{\"@type\":\"PropertyValueSpecification\",\"valueRequired\":true,\"valueName\":\"search_term_string\"}}],\"inLanguage\":\"es\"},{\"@type\":\"Organization\",\"@id\":\"https:\\\/\\\/centro-cee.com\\\/web\\\/#organization\",\"name\":\"Centro Europeo E-learning CEE\",\"url\":\"https:\\\/\\\/centro-cee.com\\\/web\\\/\",\"logo\":{\"@type\":\"ImageObject\",\"inLanguage\":\"es\",\"@id\":\"https:\\\/\\\/centro-cee.com\\\/web\\\/#\\\/schema\\\/logo\\\/image\\\/\",\"url\":\"https:\\\/\\\/centro-cee.com\\\/web\\\/wp-content\\\/uploads\\\/2022\\\/12\\\/cropped-logo_educa.png\",\"contentUrl\":\"https:\\\/\\\/centro-cee.com\\\/web\\\/wp-content\\\/uploads\\\/2022\\\/12\\\/cropped-logo_educa.png\",\"width\":157,\"height\":63,\"caption\":\"Centro Europeo E-learning CEE\"},\"image\":{\"@id\":\"https:\\\/\\\/centro-cee.com\\\/web\\\/#\\\/schema\\\/logo\\\/image\\\/\"},\"sameAs\":[\"https:\\\/\\\/www.instagram.com\\\/centroeuropeo_cee\"]}]}<\/script>\n<!-- \/ Yoast SEO plugin. -->","yoast_head_json":{"title":"Cocina mediterranea","description":"Adquiere las habilidades necesarias con el curso de cocina mediterranea para sorprender a tus familiares y amigos con exquisitas recetas mediterr\u00e1neas","robots":{"index":"index","follow":"follow","max-snippet":"max-snippet:-1","max-image-preview":"max-image-preview:large","max-video-preview":"max-video-preview:-1"},"canonical":"https:\/\/centro-cee.com\/web\/producto\/cocina-mediterranea\/","og_locale":"es_ES","og_type":"article","og_title":"Cocina mediterranea","og_description":"Adquiere las habilidades necesarias con el curso de cocina mediterranea para sorprender a tus familiares y amigos con exquisitas recetas mediterr\u00e1neas","og_url":"https:\/\/centro-cee.com\/web\/producto\/cocina-mediterranea\/","og_site_name":"CEE Centro Europeo E-learning - Cursos online","article_modified_time":"2024-10-18T10:45:40+00:00","og_image":[{"width":451,"height":299,"url":"https:\/\/centro-cee.com\/web\/wp-content\/uploads\/2023\/05\/imagen_2023-05-23_122515731.png","type":"image\/png"}],"twitter_card":"summary_large_image","twitter_misc":{"Tiempo de lectura":"4 minutos"},"schema":{"@context":"https:\/\/schema.org","@graph":[{"@type":"WebPage","@id":"https:\/\/centro-cee.com\/web\/producto\/cocina-mediterranea\/","url":"https:\/\/centro-cee.com\/web\/producto\/cocina-mediterranea\/","name":"Cocina mediterranea","isPartOf":{"@id":"https:\/\/centro-cee.com\/web\/#website"},"primaryImageOfPage":{"@id":"https:\/\/centro-cee.com\/web\/producto\/cocina-mediterranea\/#primaryimage"},"image":{"@id":"https:\/\/centro-cee.com\/web\/producto\/cocina-mediterranea\/#primaryimage"},"thumbnailUrl":"https:\/\/centro-cee.com\/web\/wp-content\/uploads\/2023\/05\/imagen_2023-05-23_122515731.png","datePublished":"2023-05-23T10:27:17+00:00","dateModified":"2024-10-18T10:45:40+00:00","description":"Adquiere las habilidades necesarias con el curso de cocina mediterranea para sorprender a tus familiares y amigos con exquisitas recetas mediterr\u00e1neas","breadcrumb":{"@id":"https:\/\/centro-cee.com\/web\/producto\/cocina-mediterranea\/#breadcrumb"},"inLanguage":"es","potentialAction":[{"@type":"ReadAction","target":["https:\/\/centro-cee.com\/web\/producto\/cocina-mediterranea\/"]}]},{"@type":"ImageObject","inLanguage":"es","@id":"https:\/\/centro-cee.com\/web\/producto\/cocina-mediterranea\/#primaryimage","url":"https:\/\/centro-cee.com\/web\/wp-content\/uploads\/2023\/05\/imagen_2023-05-23_122515731.png","contentUrl":"https:\/\/centro-cee.com\/web\/wp-content\/uploads\/2023\/05\/imagen_2023-05-23_122515731.png","width":451,"height":299,"caption":"nutrici\u00f3n"},{"@type":"BreadcrumbList","@id":"https:\/\/centro-cee.com\/web\/producto\/cocina-mediterranea\/#breadcrumb","itemListElement":[{"@type":"ListItem","position":1,"name":"Portada","item":"https:\/\/centro-cee.com\/web\/"},{"@type":"ListItem","position":2,"name":"Cocina mediterranea"}]},{"@type":"WebSite","@id":"https:\/\/centro-cee.com\/web\/#website","url":"https:\/\/centro-cee.com\/web\/","name":"Centro Europeo E-learning","description":"CEE Formaci\u00f3n Online","publisher":{"@id":"https:\/\/centro-cee.com\/web\/#organization"},"alternateName":"Centro Online de Formaci\u00f3n","potentialAction":[{"@type":"SearchAction","target":{"@type":"EntryPoint","urlTemplate":"https:\/\/centro-cee.com\/web\/?s={search_term_string}"},"query-input":{"@type":"PropertyValueSpecification","valueRequired":true,"valueName":"search_term_string"}}],"inLanguage":"es"},{"@type":"Organization","@id":"https:\/\/centro-cee.com\/web\/#organization","name":"Centro Europeo E-learning CEE","url":"https:\/\/centro-cee.com\/web\/","logo":{"@type":"ImageObject","inLanguage":"es","@id":"https:\/\/centro-cee.com\/web\/#\/schema\/logo\/image\/","url":"https:\/\/centro-cee.com\/web\/wp-content\/uploads\/2022\/12\/cropped-logo_educa.png","contentUrl":"https:\/\/centro-cee.com\/web\/wp-content\/uploads\/2022\/12\/cropped-logo_educa.png","width":157,"height":63,"caption":"Centro Europeo E-learning CEE"},"image":{"@id":"https:\/\/centro-cee.com\/web\/#\/schema\/logo\/image\/"},"sameAs":["https:\/\/www.instagram.com\/centroeuropeo_cee"]}]}},"_links":{"self":[{"href":"https:\/\/centro-cee.com\/web\/wp-json\/wp\/v2\/product\/1268","targetHints":{"allow":["GET"]}}],"collection":[{"href":"https:\/\/centro-cee.com\/web\/wp-json\/wp\/v2\/product"}],"about":[{"href":"https:\/\/centro-cee.com\/web\/wp-json\/wp\/v2\/types\/product"}],"replies":[{"embeddable":true,"href":"https:\/\/centro-cee.com\/web\/wp-json\/wp\/v2\/comments?post=1268"}],"wp:featuredmedia":[{"embeddable":true,"href":"https:\/\/centro-cee.com\/web\/wp-json\/wp\/v2\/media\/1269"}],"wp:attachment":[{"href":"https:\/\/centro-cee.com\/web\/wp-json\/wp\/v2\/media?parent=1268"}],"wp:term":[{"taxonomy":"product_brand","embeddable":true,"href":"https:\/\/centro-cee.com\/web\/wp-json\/wp\/v2\/product_brand?post=1268"},{"taxonomy":"product_cat","embeddable":true,"href":"https:\/\/centro-cee.com\/web\/wp-json\/wp\/v2\/product_cat?post=1268"},{"taxonomy":"product_tag","embeddable":true,"href":"https:\/\/centro-cee.com\/web\/wp-json\/wp\/v2\/product_tag?post=1268"}],"curies":[{"name":"wp","href":"https:\/\/api.w.org\/{rel}","templated":true}]}}