{"id":1266,"date":"2023-05-23T10:19:09","date_gmt":"2023-05-23T10:19:09","guid":{"rendered":"https:\/\/centro-cee.com\/web\/?post_type=product&#038;p=1266"},"modified":"2026-03-13T12:28:22","modified_gmt":"2026-03-13T12:28:22","slug":"experto-en-tecnicas-basicas-de-geriatria","status":"publish","type":"product","link":"https:\/\/centro-cee.com\/web\/producto\/experto-en-tecnicas-basicas-de-geriatria\/","title":{"rendered":"Experto en t\u00e9cnicas b\u00e1sicas de geriatr\u00eda"},"content":{"rendered":"<p><a href=\"https:\/\/centro-cee.com\/web\/formaciones\/\">Atr\u00e1s<\/a><\/p>\n<p><em><strong>Experto en t\u00e9cnicas b\u00e1sicas de geriatr\u00eda<\/strong><\/em><\/p>\n<p>Toda esta formaci\u00f3n se realiza 100% online en nuestro campus online de formaci\u00f3n.<\/p>\n<p>Las tutorias se realizan directamente desde el campus de estudio con la opci\u00f3n de mensajer\u00eda a profesores. Las tutorias son \u00aba demanda\u00bb, cuando necesites soporte nos lo pides.<\/p>\n<p>Los t\u00edtulos de Centro CEE est\u00e1n autenticados por la firma de notario que valida contenidos y autenticidad a nivel internacional. Nuestra organizaci\u00f3n pertenece a la Asociaci\u00f3n Espa\u00f1ola de Calidad, organizaci\u00f3n Espa\u00f1ola de referencia para la calidad en la formaci\u00f3n. La certificaci\u00f3n se puede apostillar por la Haya para cualquier pa\u00eds firmante del convenio de la Haya.<\/p>\n<p>Se puede pagar a plazos.<\/p>\n<p>Carga horaria de la formaci\u00f3n: 280h<\/p>\n<h2>Temario<\/h2>\n<hr \/>\n<p>TEMA 1. INTRODUCCI\u00d3N Y CONCEPTOS PREVIOS<br \/>\n1. Introducci\u00f3n.<br \/>\n2. El envejecimiento de la poblaci\u00f3n espa\u00f1ola y su importancia socioecon\u00f3mica.<br \/>\nTEMA 2. BIOLOG\u00cdA DEL ENVEJECIMIENTO<br \/>\n1. Introducci\u00f3n.<br \/>\n2. Longevidad.<br \/>\n3. Envejecimiento celular y molecular.<br \/>\n4. Enfermedades del envejecimiento acelerado.<br \/>\nTEMA 3. ACOGIDA AL PACIENTE GERI\u00c1TRICO<br \/>\n1. Introducci\u00f3n.<br \/>\n2. Niveles de intervenci\u00f3n en el Sistema Nacional de Salud.<br \/>\n3. Tipos de documento en el \u00e1mbito sanitario.<br \/>\n4. Aspectos psicol\u00f3gicos.<br \/>\nTEMA 4. LA HABITACI\u00d3N DEL PACIENTE GERI\u00c1TRICO<br \/>\n1. Mobiliario y accesorios de la habitaci\u00f3n hospitalaria.<br \/>\n2. La cama hospitalaria.<br \/>\n3. Preparaci\u00f3n de la cama hospitalaria.<br \/>\nTEMA 5. EVALUACI\u00d3N DEL PACIENTE GERI\u00c1TRICO<br \/>\n1. Presentaci\u00f3n de la enfermedad.<br \/>\n2. Concepto de fragilidad.<br \/>\n3. Geriatr\u00eda y valoraci\u00f3n geri\u00e1trica integral.<br \/>\nTEMA 6. PRINCIPALES PATOLOG\u00cdAS<br \/>\n1. Patolog\u00edas m\u00e1s frecuentes. Pluripatolog\u00eda.<br \/>\n2. S\u00edndromes geri\u00e1tricos.<br \/>\n3. Cuidados paliativos de geriatr\u00eda.<br \/>\nTEMA 7. CUIDADO DE ENFERMER\u00cdA INTEGRAL EN EL ADULTO MAYOR<br \/>\n1. Valoraci\u00f3n de enfermer\u00eda en el adulto mayor.<br \/>\n2. Pautas de actuaci\u00f3n.<br \/>\n3. Plan de cuidados de enfermer\u00eda del Alzheimer.<br \/>\nTEMA 8. LA PIEL EN EL PACIENTE MAYOR<br \/>\n1. Dermatolog\u00eda geri\u00e1trica.<br \/>\n2. Epidemiolog\u00eda, cadena epidemiol\u00f3gica y transmisi\u00f3n de infecciones.<br \/>\n3. Medidas para disminuir el riesgo de transmisi\u00f3n de infecciones.<br \/>\n4. La piel como \u00f3rgano protector ante las infecciones .<br \/>\nTEMA 9. NUTRICI\u00d3N<br \/>\n1. Patolog\u00edas m\u00e1s frecuentes del sistema gastrointestinal.<br \/>\n2. Influencia de los h\u00e1bitos alimenticios en los estados de salud.<br \/>\n3. Dietas terap\u00e9uticas.<br \/>\nTEMA 10. ELIMINACI\u00d3N URINARIA E INTESTINAL<br \/>\n1. Eliminaci\u00f3n urinaria e intestinal.<br \/>\n2. Patolog\u00edas m\u00e1s frecuentes del aparato urinario en el paciente geri\u00e1trico<br \/>\n3. Incontinencia urinaria (IU).<br \/>\n4. El balance h\u00eddrico y el control de diuresis.<br \/>\n5. Sondaje vesical.<br \/>\n6. Eliminaci\u00f3n intestinal.<br \/>\nTEMA 11. NECESIDAD DE MOVILIZACI\u00d3N<br \/>\n1. Paciente geri\u00e1trico y necesidad de movilizaci\u00f3n.<br \/>\n2. Normas b\u00e1sicas de mec\u00e1nica corporal.<br \/>\n3. T\u00e9cnicas de movilizaci\u00f3n para pacientes.<br \/>\n4. Cambios posturales en el paciente anciano.<br \/>\nTEMA 12. ATENCI\u00d3N DEL AUXILIAR DE ENFERMER\u00cdA AL ENFERMO TERMINAL. CUIDADOS PALIATIVOS. CUIDADOS POSTMORTEN. APOYO AL CUIDADOR PRINCIPAL Y LA FAMILIA<br \/>\n1. Concepto de enfermo terminal.<br \/>\n2. Problemas de salud del enfermo terminal.<br \/>\n3. Cuidados paliativos.<br \/>\n4. Cuidados post-morten.<br \/>\n5. Atenci\u00f3n a la familia.<\/p>\n<p><em><strong>Experto en t\u00e9cnicas b\u00e1sicas de geriatr\u00eda<\/strong><\/em><\/p>\n<hr \/>\n","protected":false},"excerpt":{"rendered":"<p><a href=\"https:\/\/centro-cee.com\/web\/formaciones\/\">Atr\u00e1s<\/a><\/p>\n<p>Conoce todo lo relacionado al campo laboral del M\u00e1ster en T\u00e9cnicas B\u00e1sicas de Geriatr\u00eda, prep\u00e1rate en este \u00e1mbito con la formaci\u00f3n que CEE Centro Europeo E-learning, trae para ti.<\/p>\n<p>Adquiere los conocimientos con un completo temario de formaci\u00f3n de los aspectos relacionados con t\u00e9cnicas de geriatr\u00eda. Esta formaci\u00f3n es todo lo que necesitas para poder incorporarte al mercado en el sector geri\u00e1trico sanitario, ya que conocer\u00e1 la biolog\u00eda del envejecimiento, la acogida de pacientes geri\u00e1tricos, la acomodaci\u00f3n en la habitaci\u00f3n y sus principales patolog\u00edas. Por otra parte se adentrara en tema de nutrici\u00f3n, eliminaci\u00f3n urinaria e intestinal, etc.<\/p>\n","protected":false},"featured_media":1267,"comment_status":"closed","ping_status":"closed","template":"","meta":[],"product_brand":[],"product_cat":[2046,34],"product_tag":[1187,1189,1184,1181,1185,1183,1182,1190,1186,1188],"class_list":{"0":"post-1266","1":"product","2":"type-product","3":"status-publish","4":"has-post-thumbnail","6":"product_cat-cursos-salud","7":"product_cat-tecnicos","8":"product_tag-apoyo-a-personas-mayores","9":"product_tag-bienestar-y-salud-en-la-vejez","10":"product_tag-certificacion-en-atencion-geriatrica","11":"product_tag-curso-de-tecnicas-basicas-de-geriatria","12":"product_tag-curso-online-de-geriatria","13":"product_tag-especializacion-en-geriatria","14":"product_tag-formacion-en-cuidado-de-mayores","15":"product_tag-gestion-de-cuidados-en-geriatria","16":"product_tag-intervencion-y-cuidado-en-geriatria","17":"product_tag-tecnicas-de-atencion-geriatrica","19":"first","20":"instock","21":"sale","22":"shipping-taxable","23":"purchasable","24":"product-type-simple"},"yoast_head":"<!-- This site is optimized with the Yoast SEO plugin v27.5 - https:\/\/yoast.com\/product\/yoast-seo-wordpress\/ -->\n<title>Experto en t\u00e9cnicas b\u00e1sicas de geriatr\u00eda<\/title>\n<meta name=\"description\" content=\"Convi\u00e9rtete en un experto en t\u00e9cnicas b\u00e1sicas de geriatr\u00eda adquiriendo los conocimientos y habilidades necesarias.\" \/>\n<meta name=\"robots\" content=\"index, follow, max-snippet:-1, max-image-preview:large, max-video-preview:-1\" \/>\n<link rel=\"canonical\" href=\"https:\/\/centro-cee.com\/web\/producto\/experto-en-tecnicas-basicas-de-geriatria\/\" \/>\n<meta property=\"og:locale\" content=\"es_ES\" \/>\n<meta property=\"og:type\" content=\"article\" \/>\n<meta property=\"og:title\" content=\"Experto en t\u00e9cnicas b\u00e1sicas de geriatr\u00eda\" \/>\n<meta property=\"og:description\" content=\"Convi\u00e9rtete en un experto en t\u00e9cnicas b\u00e1sicas de geriatr\u00eda adquiriendo los conocimientos y habilidades necesarias.\" \/>\n<meta property=\"og:url\" content=\"https:\/\/centro-cee.com\/web\/producto\/experto-en-tecnicas-basicas-de-geriatria\/\" \/>\n<meta property=\"og:site_name\" content=\"CEE Centro Europeo E-learning - Cursos online\" \/>\n<meta property=\"article:modified_time\" content=\"2026-03-13T12:28:22+00:00\" \/>\n<meta property=\"og:image\" content=\"https:\/\/centro-cee.com\/web\/wp-content\/uploads\/2023\/05\/imagen_2023-05-23_121703824.png\" \/>\n\t<meta property=\"og:image:width\" content=\"468\" \/>\n\t<meta property=\"og:image:height\" content=\"466\" \/>\n\t<meta property=\"og:image:type\" content=\"image\/png\" \/>\n<meta name=\"twitter:card\" content=\"summary_large_image\" \/>\n<meta name=\"twitter:label1\" content=\"Tiempo de lectura\" \/>\n\t<meta name=\"twitter:data1\" content=\"3 minutos\" \/>\n<script type=\"application\/ld+json\" class=\"yoast-schema-graph\">{\"@context\":\"https:\\\/\\\/schema.org\",\"@graph\":[{\"@type\":\"WebPage\",\"@id\":\"https:\\\/\\\/centro-cee.com\\\/web\\\/producto\\\/experto-en-tecnicas-basicas-de-geriatria\\\/\",\"url\":\"https:\\\/\\\/centro-cee.com\\\/web\\\/producto\\\/experto-en-tecnicas-basicas-de-geriatria\\\/\",\"name\":\"Experto en t\u00e9cnicas b\u00e1sicas de geriatr\u00eda\",\"isPartOf\":{\"@id\":\"https:\\\/\\\/centro-cee.com\\\/web\\\/#website\"},\"primaryImageOfPage\":{\"@id\":\"https:\\\/\\\/centro-cee.com\\\/web\\\/producto\\\/experto-en-tecnicas-basicas-de-geriatria\\\/#primaryimage\"},\"image\":{\"@id\":\"https:\\\/\\\/centro-cee.com\\\/web\\\/producto\\\/experto-en-tecnicas-basicas-de-geriatria\\\/#primaryimage\"},\"thumbnailUrl\":\"https:\\\/\\\/centro-cee.com\\\/web\\\/wp-content\\\/uploads\\\/2023\\\/05\\\/imagen_2023-05-23_121703824.png\",\"datePublished\":\"2023-05-23T10:19:09+00:00\",\"dateModified\":\"2026-03-13T12:28:22+00:00\",\"description\":\"Convi\u00e9rtete en un experto en t\u00e9cnicas b\u00e1sicas de geriatr\u00eda adquiriendo los conocimientos y habilidades necesarias.\",\"breadcrumb\":{\"@id\":\"https:\\\/\\\/centro-cee.com\\\/web\\\/producto\\\/experto-en-tecnicas-basicas-de-geriatria\\\/#breadcrumb\"},\"inLanguage\":\"es\",\"potentialAction\":[{\"@type\":\"ReadAction\",\"target\":[\"https:\\\/\\\/centro-cee.com\\\/web\\\/producto\\\/experto-en-tecnicas-basicas-de-geriatria\\\/\"]}]},{\"@type\":\"ImageObject\",\"inLanguage\":\"es\",\"@id\":\"https:\\\/\\\/centro-cee.com\\\/web\\\/producto\\\/experto-en-tecnicas-basicas-de-geriatria\\\/#primaryimage\",\"url\":\"https:\\\/\\\/centro-cee.com\\\/web\\\/wp-content\\\/uploads\\\/2023\\\/05\\\/imagen_2023-05-23_121703824.png\",\"contentUrl\":\"https:\\\/\\\/centro-cee.com\\\/web\\\/wp-content\\\/uploads\\\/2023\\\/05\\\/imagen_2023-05-23_121703824.png\",\"width\":468,\"height\":466,\"caption\":\"Experto en t\u00e9cnicas b\u00e1sicas de geriatr\u00eda\"},{\"@type\":\"BreadcrumbList\",\"@id\":\"https:\\\/\\\/centro-cee.com\\\/web\\\/producto\\\/experto-en-tecnicas-basicas-de-geriatria\\\/#breadcrumb\",\"itemListElement\":[{\"@type\":\"ListItem\",\"position\":1,\"name\":\"Portada\",\"item\":\"https:\\\/\\\/centro-cee.com\\\/web\\\/\"},{\"@type\":\"ListItem\",\"position\":2,\"name\":\"Experto en t\u00e9cnicas b\u00e1sicas de geriatr\u00eda\"}]},{\"@type\":\"WebSite\",\"@id\":\"https:\\\/\\\/centro-cee.com\\\/web\\\/#website\",\"url\":\"https:\\\/\\\/centro-cee.com\\\/web\\\/\",\"name\":\"Centro Europeo E-learning\",\"description\":\"CEE Formaci\u00f3n Online\",\"publisher\":{\"@id\":\"https:\\\/\\\/centro-cee.com\\\/web\\\/#organization\"},\"alternateName\":\"Centro Online de Formaci\u00f3n\",\"potentialAction\":[{\"@type\":\"SearchAction\",\"target\":{\"@type\":\"EntryPoint\",\"urlTemplate\":\"https:\\\/\\\/centro-cee.com\\\/web\\\/?s={search_term_string}\"},\"query-input\":{\"@type\":\"PropertyValueSpecification\",\"valueRequired\":true,\"valueName\":\"search_term_string\"}}],\"inLanguage\":\"es\"},{\"@type\":\"Organization\",\"@id\":\"https:\\\/\\\/centro-cee.com\\\/web\\\/#organization\",\"name\":\"Centro Europeo E-learning CEE\",\"url\":\"https:\\\/\\\/centro-cee.com\\\/web\\\/\",\"logo\":{\"@type\":\"ImageObject\",\"inLanguage\":\"es\",\"@id\":\"https:\\\/\\\/centro-cee.com\\\/web\\\/#\\\/schema\\\/logo\\\/image\\\/\",\"url\":\"https:\\\/\\\/centro-cee.com\\\/web\\\/wp-content\\\/uploads\\\/2022\\\/12\\\/cropped-logo_educa.png\",\"contentUrl\":\"https:\\\/\\\/centro-cee.com\\\/web\\\/wp-content\\\/uploads\\\/2022\\\/12\\\/cropped-logo_educa.png\",\"width\":157,\"height\":63,\"caption\":\"Centro Europeo E-learning CEE\"},\"image\":{\"@id\":\"https:\\\/\\\/centro-cee.com\\\/web\\\/#\\\/schema\\\/logo\\\/image\\\/\"},\"sameAs\":[\"https:\\\/\\\/www.instagram.com\\\/centroeuropeo_cee\"]}]}<\/script>\n<!-- \/ Yoast SEO plugin. -->","yoast_head_json":{"title":"Experto en t\u00e9cnicas b\u00e1sicas de geriatr\u00eda","description":"Convi\u00e9rtete en un experto en t\u00e9cnicas b\u00e1sicas de geriatr\u00eda adquiriendo los conocimientos y habilidades necesarias.","robots":{"index":"index","follow":"follow","max-snippet":"max-snippet:-1","max-image-preview":"max-image-preview:large","max-video-preview":"max-video-preview:-1"},"canonical":"https:\/\/centro-cee.com\/web\/producto\/experto-en-tecnicas-basicas-de-geriatria\/","og_locale":"es_ES","og_type":"article","og_title":"Experto en t\u00e9cnicas b\u00e1sicas de geriatr\u00eda","og_description":"Convi\u00e9rtete en un experto en t\u00e9cnicas b\u00e1sicas de geriatr\u00eda adquiriendo los conocimientos y habilidades necesarias.","og_url":"https:\/\/centro-cee.com\/web\/producto\/experto-en-tecnicas-basicas-de-geriatria\/","og_site_name":"CEE Centro Europeo E-learning - Cursos online","article_modified_time":"2026-03-13T12:28:22+00:00","og_image":[{"width":468,"height":466,"url":"https:\/\/centro-cee.com\/web\/wp-content\/uploads\/2023\/05\/imagen_2023-05-23_121703824.png","type":"image\/png"}],"twitter_card":"summary_large_image","twitter_misc":{"Tiempo de lectura":"3 minutos"},"schema":{"@context":"https:\/\/schema.org","@graph":[{"@type":"WebPage","@id":"https:\/\/centro-cee.com\/web\/producto\/experto-en-tecnicas-basicas-de-geriatria\/","url":"https:\/\/centro-cee.com\/web\/producto\/experto-en-tecnicas-basicas-de-geriatria\/","name":"Experto en t\u00e9cnicas b\u00e1sicas de geriatr\u00eda","isPartOf":{"@id":"https:\/\/centro-cee.com\/web\/#website"},"primaryImageOfPage":{"@id":"https:\/\/centro-cee.com\/web\/producto\/experto-en-tecnicas-basicas-de-geriatria\/#primaryimage"},"image":{"@id":"https:\/\/centro-cee.com\/web\/producto\/experto-en-tecnicas-basicas-de-geriatria\/#primaryimage"},"thumbnailUrl":"https:\/\/centro-cee.com\/web\/wp-content\/uploads\/2023\/05\/imagen_2023-05-23_121703824.png","datePublished":"2023-05-23T10:19:09+00:00","dateModified":"2026-03-13T12:28:22+00:00","description":"Convi\u00e9rtete en un experto en t\u00e9cnicas b\u00e1sicas de geriatr\u00eda adquiriendo los conocimientos y habilidades necesarias.","breadcrumb":{"@id":"https:\/\/centro-cee.com\/web\/producto\/experto-en-tecnicas-basicas-de-geriatria\/#breadcrumb"},"inLanguage":"es","potentialAction":[{"@type":"ReadAction","target":["https:\/\/centro-cee.com\/web\/producto\/experto-en-tecnicas-basicas-de-geriatria\/"]}]},{"@type":"ImageObject","inLanguage":"es","@id":"https:\/\/centro-cee.com\/web\/producto\/experto-en-tecnicas-basicas-de-geriatria\/#primaryimage","url":"https:\/\/centro-cee.com\/web\/wp-content\/uploads\/2023\/05\/imagen_2023-05-23_121703824.png","contentUrl":"https:\/\/centro-cee.com\/web\/wp-content\/uploads\/2023\/05\/imagen_2023-05-23_121703824.png","width":468,"height":466,"caption":"Experto en t\u00e9cnicas b\u00e1sicas de geriatr\u00eda"},{"@type":"BreadcrumbList","@id":"https:\/\/centro-cee.com\/web\/producto\/experto-en-tecnicas-basicas-de-geriatria\/#breadcrumb","itemListElement":[{"@type":"ListItem","position":1,"name":"Portada","item":"https:\/\/centro-cee.com\/web\/"},{"@type":"ListItem","position":2,"name":"Experto en t\u00e9cnicas b\u00e1sicas de geriatr\u00eda"}]},{"@type":"WebSite","@id":"https:\/\/centro-cee.com\/web\/#website","url":"https:\/\/centro-cee.com\/web\/","name":"Centro Europeo E-learning","description":"CEE Formaci\u00f3n Online","publisher":{"@id":"https:\/\/centro-cee.com\/web\/#organization"},"alternateName":"Centro Online de Formaci\u00f3n","potentialAction":[{"@type":"SearchAction","target":{"@type":"EntryPoint","urlTemplate":"https:\/\/centro-cee.com\/web\/?s={search_term_string}"},"query-input":{"@type":"PropertyValueSpecification","valueRequired":true,"valueName":"search_term_string"}}],"inLanguage":"es"},{"@type":"Organization","@id":"https:\/\/centro-cee.com\/web\/#organization","name":"Centro Europeo E-learning CEE","url":"https:\/\/centro-cee.com\/web\/","logo":{"@type":"ImageObject","inLanguage":"es","@id":"https:\/\/centro-cee.com\/web\/#\/schema\/logo\/image\/","url":"https:\/\/centro-cee.com\/web\/wp-content\/uploads\/2022\/12\/cropped-logo_educa.png","contentUrl":"https:\/\/centro-cee.com\/web\/wp-content\/uploads\/2022\/12\/cropped-logo_educa.png","width":157,"height":63,"caption":"Centro Europeo E-learning CEE"},"image":{"@id":"https:\/\/centro-cee.com\/web\/#\/schema\/logo\/image\/"},"sameAs":["https:\/\/www.instagram.com\/centroeuropeo_cee"]}]}},"_links":{"self":[{"href":"https:\/\/centro-cee.com\/web\/wp-json\/wp\/v2\/product\/1266","targetHints":{"allow":["GET"]}}],"collection":[{"href":"https:\/\/centro-cee.com\/web\/wp-json\/wp\/v2\/product"}],"about":[{"href":"https:\/\/centro-cee.com\/web\/wp-json\/wp\/v2\/types\/product"}],"replies":[{"embeddable":true,"href":"https:\/\/centro-cee.com\/web\/wp-json\/wp\/v2\/comments?post=1266"}],"wp:featuredmedia":[{"embeddable":true,"href":"https:\/\/centro-cee.com\/web\/wp-json\/wp\/v2\/media\/1267"}],"wp:attachment":[{"href":"https:\/\/centro-cee.com\/web\/wp-json\/wp\/v2\/media?parent=1266"}],"wp:term":[{"taxonomy":"product_brand","embeddable":true,"href":"https:\/\/centro-cee.com\/web\/wp-json\/wp\/v2\/product_brand?post=1266"},{"taxonomy":"product_cat","embeddable":true,"href":"https:\/\/centro-cee.com\/web\/wp-json\/wp\/v2\/product_cat?post=1266"},{"taxonomy":"product_tag","embeddable":true,"href":"https:\/\/centro-cee.com\/web\/wp-json\/wp\/v2\/product_tag?post=1266"}],"curies":[{"name":"wp","href":"https:\/\/api.w.org\/{rel}","templated":true}]}}