{"id":1263,"date":"2023-05-22T10:43:44","date_gmt":"2023-05-22T10:43:44","guid":{"rendered":"https:\/\/centro-cee.com\/web\/?post_type=product&#038;p=1263"},"modified":"2026-03-13T16:44:25","modified_gmt":"2026-03-13T16:44:25","slug":"especialista-en-reflexologia","status":"publish","type":"product","link":"https:\/\/centro-cee.com\/web\/producto\/especialista-en-reflexologia\/","title":{"rendered":"Especialista en reflexolog\u00eda"},"content":{"rendered":"<p><a href=\"https:\/\/centro-cee.com\/web\/formaciones\/\">Atr\u00e1s<\/a><\/p>\n<p><em><strong>Especialista en reflexolog\u00eda<\/strong><\/em><\/p>\n<p>Toda esta formaci\u00f3n se realiza 100% online en nuestro campus online de formaci\u00f3n.<\/p>\n<p>Las tutorias se realizan directamente desde el campus de estudio con la opci\u00f3n de mensajer\u00eda a profesores. Las tutorias son \u00aba demanda\u00bb, cuando necesites soporte nos lo pides.<\/p>\n<p>Los t\u00edtulos de Centro CEE est\u00e1n autenticados por la firma de notario que valida contenidos y autenticidad a nivel internacional. Nuestra organizaci\u00f3n pertenece a la Asociaci\u00f3n Espa\u00f1ola de Calidad, organizaci\u00f3n Espa\u00f1ola de referencia para la calidad en la formaci\u00f3n. La certificaci\u00f3n se puede apostillar por la Haya para cualquier pa\u00eds firmante del convenio de la Haya.<\/p>\n<p>Se puede pagar a plazos.<\/p>\n<p>Carga horaria de la formaci\u00f3n: 280h<\/p>\n<h2>Temario<\/h2>\n<hr \/>\n<p>1. PRINCIPIOS TE\u00d3RICOS DE LA REFLEXOLOG\u00cdA<br \/>\n1. Concepto de terapias naturales<br \/>\n2. &#8211; Definiciones de diferentes organismos<br \/>\n3. &#8211; Beneficios de las terapias naturales<br \/>\n4. Clasificaci\u00f3n de las terapias naturales<br \/>\n5. \u2026.<br \/>\n2. CONSIDERACIONES GENERALES DE REFLEXOLOG\u00cdA<br \/>\n1. Reflejo y zonas reflejas<br \/>\n2. &#8211; La localizaci\u00f3n de las zonas reflejas<br \/>\n3. El papel del reflex\u00f3logo<br \/>\n4. .<br \/>\n3. ATENCI\u00d3N AL PACIENTE EN LA CONSULTA DE REFLEXOLOG\u00cdA<br \/>\n1. Atenci\u00f3n al paciente<br \/>\n2. Comunicaci\u00f3n con el paciente<br \/>\n3. &#8211; Dificultades y obst\u00e1culos de la comunicaci\u00f3n<br \/>\n4. T\u00e9cnicas para la resoluci\u00f3n de quejas<br \/>\n4. ANATOM\u00cdA Y FISIOLOG\u00cdA DE LOS SISTEMAS LINF\u00c1TICO-INMUNITARIO, \u00d3SEO, MUSCULAR Y UROGENITAL<br \/>\n1. Sistema linf\u00e1tico-inmunitario<br \/>\n2. &#8211; \u00d3rganos y tejidos linfoides<br \/>\n3. &#8211; Componentes del sistema inmunitario<br \/>\n4. Sistema \u00f3seo<br \/>\n5. Sistema muscular<br \/>\n6. \u2026.<\/p>\n<p>5. ANATOM\u00cdA Y FISIOLOG\u00cdA DE LOS SISTEMAS DIGESTIVO, RESPIRATORIO, NERVIOSO, \u00d3RGANOS DE LOS SENTIDOS Y TEGUMENTARIO<br \/>\n1. Sistema digestivo<br \/>\n2. &#8211; Digesti\u00f3n de los alimentos<br \/>\n3. Sistema respiratorio<br \/>\n4. &#8211; Fisiolog\u00eda de la respiraci\u00f3n<br \/>\n5. Sistema cardiovascular<br \/>\n6. &#8211; \u2026.<br \/>\n6. REFLEXOLOG\u00cdA FACIAL<br \/>\n1. Introducci\u00f3n a la reflexolog\u00eda facial<br \/>\n2. Puntos reflejos en el rostro<br \/>\n3. &#8211; Puntos -BQC<br \/>\n4. \u2026<br \/>\n7. REFLEXOLOG\u00cdA CORPORAL<br \/>\n1. Mapa anat\u00f3mico de la espalda, tronco y columna vertebral<br \/>\n2. &#8211; Musculatura dorsal<br \/>\n3. Puntos reflejos de la espalda<br \/>\n4. Herramientas utilizadas en la reflexoterapia corporal<br \/>\n8. REFLEXOLOG\u00cdA AURICULAR<br \/>\n1. Historia de la auriculoterapia<br \/>\n2. Puntos reflejos en las orejas<br \/>\n3. &#8211; Las fases de Nogier<br \/>\n4. \u2026<br \/>\n9. REFLEXOLOG\u00cdA MANUAL<br \/>\n1. Morfolog\u00eda de la mano<br \/>\n2. Reflexolog\u00eda manual<br \/>\n3. &#8211; Funcionamiento de la reflexolog\u00eda en las manos<br \/>\n4. \u2026<br \/>\n10. REFLEXOLOG\u00cdA PODAL<br \/>\n1. Introducci\u00f3n a la reflexolog\u00eda podal<br \/>\n2. Evoluci\u00f3n de la reflexolog\u00eda podal<br \/>\n3. &#8211; Importancia de la forma y anatom\u00eda de los pies<br \/>\n4. Puntos reflejos en los pies<br \/>\n5. \u2026<\/p>\n<p><em><strong>Especialista en reflexolog\u00eda<\/strong><\/em><\/p>\n<hr \/>\n","protected":false},"excerpt":{"rendered":"<p><a href=\"https:\/\/centro-cee.com\/web\/formaciones\/\">Atr\u00e1s<\/a><br \/>\nCon esta formaci\u00f3n, conocer\u00e1s todos los aspectos relacionados con la reflexolog\u00eda, con contenidos actualizados. Todas las terapias naturales est\u00e1n cada vez m\u00e1s instauradas en la vida cotidiana, y cada vez m\u00e1s las personas buscan c\u00f3mo mejorar su situaci\u00f3n f\u00edsica y mental a trav\u00e9s de terapias no invasivas.<\/p>\n<p>A lo largo de este curso podr\u00e1s ejercer como terapeuta en esta especialidad pudiendo aliviar dolencias como el dolor de espalda, de cuello, estre\u00f1imiento, cefaleas, etc., todas ellas dolencias habituales en gran parte de la poblaci\u00f3n.<\/p>\n<p>Te formar\u00e1s en las t\u00e9cnicas de masaje en reflexolog\u00eda, aprender\u00e1s las diferentes anatom\u00edas de los diferentes aparatos del cuerpo, \u00f3seo, muscular, urinario, reproductor, etc.<\/p>\n","protected":false},"featured_media":1264,"comment_status":"closed","ping_status":"closed","template":"","meta":[],"product_brand":[],"product_cat":[2049,34],"product_tag":[1200,1194,1191,1195,1197,1192,1199,1198,1193,1196],"class_list":{"0":"post-1263","1":"product","2":"type-product","3":"status-publish","4":"has-post-thumbnail","6":"product_cat-cursos-online-terapias-naturales","7":"product_cat-tecnicos","8":"product_tag-beneficios-de-la-reflexologia","9":"product_tag-certificacion-en-reflexologia","10":"product_tag-curso-de-reflexologia","11":"product_tag-curso-online-de-reflexologia","12":"product_tag-especializacion-en-tratamientos-de-reflexologia","13":"product_tag-formacion-en-reflexologia-podal","14":"product_tag-intervencion-reflexologica","15":"product_tag-salud-y-bienestar-a-traves-de-reflexologia","16":"product_tag-tecnicas-de-reflexologia","17":"product_tag-terapia-de-reflexologia","19":"first","20":"instock","21":"sale","22":"shipping-taxable","23":"purchasable","24":"product-type-simple"},"yoast_head":"<!-- This site is optimized with the Yoast SEO plugin v27.4 - https:\/\/yoast.com\/product\/yoast-seo-wordpress\/ -->\n<title>Especialista en reflexolog\u00eda<\/title>\n<meta name=\"description\" content=\"Convi\u00e9rtete en un especialista en reflexolog\u00eda y adquiere los conocimientos y habilidades necesarias para brindar alivio y bienestar\" \/>\n<meta name=\"robots\" content=\"index, follow, max-snippet:-1, max-image-preview:large, max-video-preview:-1\" \/>\n<link rel=\"canonical\" href=\"https:\/\/centro-cee.com\/web\/producto\/especialista-en-reflexologia\/\" \/>\n<meta property=\"og:locale\" content=\"es_ES\" \/>\n<meta property=\"og:type\" content=\"article\" \/>\n<meta property=\"og:title\" content=\"Especialista en reflexolog\u00eda\" \/>\n<meta property=\"og:description\" content=\"Convi\u00e9rtete en un especialista en reflexolog\u00eda y adquiere los conocimientos y habilidades necesarias para brindar alivio y bienestar\" \/>\n<meta property=\"og:url\" content=\"https:\/\/centro-cee.com\/web\/producto\/especialista-en-reflexologia\/\" \/>\n<meta property=\"og:site_name\" content=\"CEE Centro Europeo E-learning - Cursos online\" \/>\n<meta property=\"article:modified_time\" content=\"2026-03-13T16:44:25+00:00\" \/>\n<meta property=\"og:image\" content=\"https:\/\/centro-cee.com\/web\/wp-content\/uploads\/2023\/05\/imagen_2023-05-22_124112184.png\" \/>\n\t<meta property=\"og:image:width\" content=\"798\" \/>\n\t<meta property=\"og:image:height\" content=\"531\" \/>\n\t<meta property=\"og:image:type\" content=\"image\/png\" \/>\n<meta name=\"twitter:card\" content=\"summary_large_image\" \/>\n<meta name=\"twitter:label1\" content=\"Tiempo de lectura\" \/>\n\t<meta name=\"twitter:data1\" content=\"2 minutos\" \/>\n<script type=\"application\/ld+json\" class=\"yoast-schema-graph\">{\"@context\":\"https:\\\/\\\/schema.org\",\"@graph\":[{\"@type\":\"WebPage\",\"@id\":\"https:\\\/\\\/centro-cee.com\\\/web\\\/producto\\\/especialista-en-reflexologia\\\/\",\"url\":\"https:\\\/\\\/centro-cee.com\\\/web\\\/producto\\\/especialista-en-reflexologia\\\/\",\"name\":\"Especialista en reflexolog\u00eda\",\"isPartOf\":{\"@id\":\"https:\\\/\\\/centro-cee.com\\\/web\\\/#website\"},\"primaryImageOfPage\":{\"@id\":\"https:\\\/\\\/centro-cee.com\\\/web\\\/producto\\\/especialista-en-reflexologia\\\/#primaryimage\"},\"image\":{\"@id\":\"https:\\\/\\\/centro-cee.com\\\/web\\\/producto\\\/especialista-en-reflexologia\\\/#primaryimage\"},\"thumbnailUrl\":\"https:\\\/\\\/centro-cee.com\\\/web\\\/wp-content\\\/uploads\\\/2023\\\/05\\\/imagen_2023-05-22_124112184.png\",\"datePublished\":\"2023-05-22T10:43:44+00:00\",\"dateModified\":\"2026-03-13T16:44:25+00:00\",\"description\":\"Convi\u00e9rtete en un especialista en reflexolog\u00eda y adquiere los conocimientos y habilidades necesarias para brindar alivio y bienestar\",\"breadcrumb\":{\"@id\":\"https:\\\/\\\/centro-cee.com\\\/web\\\/producto\\\/especialista-en-reflexologia\\\/#breadcrumb\"},\"inLanguage\":\"es\",\"potentialAction\":[{\"@type\":\"ReadAction\",\"target\":[\"https:\\\/\\\/centro-cee.com\\\/web\\\/producto\\\/especialista-en-reflexologia\\\/\"]}]},{\"@type\":\"ImageObject\",\"inLanguage\":\"es\",\"@id\":\"https:\\\/\\\/centro-cee.com\\\/web\\\/producto\\\/especialista-en-reflexologia\\\/#primaryimage\",\"url\":\"https:\\\/\\\/centro-cee.com\\\/web\\\/wp-content\\\/uploads\\\/2023\\\/05\\\/imagen_2023-05-22_124112184.png\",\"contentUrl\":\"https:\\\/\\\/centro-cee.com\\\/web\\\/wp-content\\\/uploads\\\/2023\\\/05\\\/imagen_2023-05-22_124112184.png\",\"width\":798,\"height\":531,\"caption\":\"Especialista en reflexolog\u00eda\"},{\"@type\":\"BreadcrumbList\",\"@id\":\"https:\\\/\\\/centro-cee.com\\\/web\\\/producto\\\/especialista-en-reflexologia\\\/#breadcrumb\",\"itemListElement\":[{\"@type\":\"ListItem\",\"position\":1,\"name\":\"Portada\",\"item\":\"https:\\\/\\\/centro-cee.com\\\/web\\\/\"},{\"@type\":\"ListItem\",\"position\":2,\"name\":\"Especialista en reflexolog\u00eda\"}]},{\"@type\":\"WebSite\",\"@id\":\"https:\\\/\\\/centro-cee.com\\\/web\\\/#website\",\"url\":\"https:\\\/\\\/centro-cee.com\\\/web\\\/\",\"name\":\"Centro Europeo E-learning\",\"description\":\"CEE Formaci\u00f3n Online\",\"publisher\":{\"@id\":\"https:\\\/\\\/centro-cee.com\\\/web\\\/#organization\"},\"alternateName\":\"Centro Online de Formaci\u00f3n\",\"potentialAction\":[{\"@type\":\"SearchAction\",\"target\":{\"@type\":\"EntryPoint\",\"urlTemplate\":\"https:\\\/\\\/centro-cee.com\\\/web\\\/?s={search_term_string}\"},\"query-input\":{\"@type\":\"PropertyValueSpecification\",\"valueRequired\":true,\"valueName\":\"search_term_string\"}}],\"inLanguage\":\"es\"},{\"@type\":\"Organization\",\"@id\":\"https:\\\/\\\/centro-cee.com\\\/web\\\/#organization\",\"name\":\"Centro Europeo E-learning CEE\",\"url\":\"https:\\\/\\\/centro-cee.com\\\/web\\\/\",\"logo\":{\"@type\":\"ImageObject\",\"inLanguage\":\"es\",\"@id\":\"https:\\\/\\\/centro-cee.com\\\/web\\\/#\\\/schema\\\/logo\\\/image\\\/\",\"url\":\"https:\\\/\\\/centro-cee.com\\\/web\\\/wp-content\\\/uploads\\\/2022\\\/12\\\/cropped-logo_educa.png\",\"contentUrl\":\"https:\\\/\\\/centro-cee.com\\\/web\\\/wp-content\\\/uploads\\\/2022\\\/12\\\/cropped-logo_educa.png\",\"width\":157,\"height\":63,\"caption\":\"Centro Europeo E-learning CEE\"},\"image\":{\"@id\":\"https:\\\/\\\/centro-cee.com\\\/web\\\/#\\\/schema\\\/logo\\\/image\\\/\"},\"sameAs\":[\"https:\\\/\\\/www.instagram.com\\\/centroeuropeo_cee\"]}]}<\/script>\n<!-- \/ Yoast SEO plugin. -->","yoast_head_json":{"title":"Especialista en reflexolog\u00eda","description":"Convi\u00e9rtete en un especialista en reflexolog\u00eda y adquiere los conocimientos y habilidades necesarias para brindar alivio y bienestar","robots":{"index":"index","follow":"follow","max-snippet":"max-snippet:-1","max-image-preview":"max-image-preview:large","max-video-preview":"max-video-preview:-1"},"canonical":"https:\/\/centro-cee.com\/web\/producto\/especialista-en-reflexologia\/","og_locale":"es_ES","og_type":"article","og_title":"Especialista en reflexolog\u00eda","og_description":"Convi\u00e9rtete en un especialista en reflexolog\u00eda y adquiere los conocimientos y habilidades necesarias para brindar alivio y bienestar","og_url":"https:\/\/centro-cee.com\/web\/producto\/especialista-en-reflexologia\/","og_site_name":"CEE Centro Europeo E-learning - Cursos online","article_modified_time":"2026-03-13T16:44:25+00:00","og_image":[{"width":798,"height":531,"url":"https:\/\/centro-cee.com\/web\/wp-content\/uploads\/2023\/05\/imagen_2023-05-22_124112184.png","type":"image\/png"}],"twitter_card":"summary_large_image","twitter_misc":{"Tiempo de lectura":"2 minutos"},"schema":{"@context":"https:\/\/schema.org","@graph":[{"@type":"WebPage","@id":"https:\/\/centro-cee.com\/web\/producto\/especialista-en-reflexologia\/","url":"https:\/\/centro-cee.com\/web\/producto\/especialista-en-reflexologia\/","name":"Especialista en reflexolog\u00eda","isPartOf":{"@id":"https:\/\/centro-cee.com\/web\/#website"},"primaryImageOfPage":{"@id":"https:\/\/centro-cee.com\/web\/producto\/especialista-en-reflexologia\/#primaryimage"},"image":{"@id":"https:\/\/centro-cee.com\/web\/producto\/especialista-en-reflexologia\/#primaryimage"},"thumbnailUrl":"https:\/\/centro-cee.com\/web\/wp-content\/uploads\/2023\/05\/imagen_2023-05-22_124112184.png","datePublished":"2023-05-22T10:43:44+00:00","dateModified":"2026-03-13T16:44:25+00:00","description":"Convi\u00e9rtete en un especialista en reflexolog\u00eda y adquiere los conocimientos y habilidades necesarias para brindar alivio y bienestar","breadcrumb":{"@id":"https:\/\/centro-cee.com\/web\/producto\/especialista-en-reflexologia\/#breadcrumb"},"inLanguage":"es","potentialAction":[{"@type":"ReadAction","target":["https:\/\/centro-cee.com\/web\/producto\/especialista-en-reflexologia\/"]}]},{"@type":"ImageObject","inLanguage":"es","@id":"https:\/\/centro-cee.com\/web\/producto\/especialista-en-reflexologia\/#primaryimage","url":"https:\/\/centro-cee.com\/web\/wp-content\/uploads\/2023\/05\/imagen_2023-05-22_124112184.png","contentUrl":"https:\/\/centro-cee.com\/web\/wp-content\/uploads\/2023\/05\/imagen_2023-05-22_124112184.png","width":798,"height":531,"caption":"Especialista en reflexolog\u00eda"},{"@type":"BreadcrumbList","@id":"https:\/\/centro-cee.com\/web\/producto\/especialista-en-reflexologia\/#breadcrumb","itemListElement":[{"@type":"ListItem","position":1,"name":"Portada","item":"https:\/\/centro-cee.com\/web\/"},{"@type":"ListItem","position":2,"name":"Especialista en reflexolog\u00eda"}]},{"@type":"WebSite","@id":"https:\/\/centro-cee.com\/web\/#website","url":"https:\/\/centro-cee.com\/web\/","name":"Centro Europeo E-learning","description":"CEE Formaci\u00f3n Online","publisher":{"@id":"https:\/\/centro-cee.com\/web\/#organization"},"alternateName":"Centro Online de Formaci\u00f3n","potentialAction":[{"@type":"SearchAction","target":{"@type":"EntryPoint","urlTemplate":"https:\/\/centro-cee.com\/web\/?s={search_term_string}"},"query-input":{"@type":"PropertyValueSpecification","valueRequired":true,"valueName":"search_term_string"}}],"inLanguage":"es"},{"@type":"Organization","@id":"https:\/\/centro-cee.com\/web\/#organization","name":"Centro Europeo E-learning CEE","url":"https:\/\/centro-cee.com\/web\/","logo":{"@type":"ImageObject","inLanguage":"es","@id":"https:\/\/centro-cee.com\/web\/#\/schema\/logo\/image\/","url":"https:\/\/centro-cee.com\/web\/wp-content\/uploads\/2022\/12\/cropped-logo_educa.png","contentUrl":"https:\/\/centro-cee.com\/web\/wp-content\/uploads\/2022\/12\/cropped-logo_educa.png","width":157,"height":63,"caption":"Centro Europeo E-learning CEE"},"image":{"@id":"https:\/\/centro-cee.com\/web\/#\/schema\/logo\/image\/"},"sameAs":["https:\/\/www.instagram.com\/centroeuropeo_cee"]}]}},"_links":{"self":[{"href":"https:\/\/centro-cee.com\/web\/wp-json\/wp\/v2\/product\/1263","targetHints":{"allow":["GET"]}}],"collection":[{"href":"https:\/\/centro-cee.com\/web\/wp-json\/wp\/v2\/product"}],"about":[{"href":"https:\/\/centro-cee.com\/web\/wp-json\/wp\/v2\/types\/product"}],"replies":[{"embeddable":true,"href":"https:\/\/centro-cee.com\/web\/wp-json\/wp\/v2\/comments?post=1263"}],"wp:featuredmedia":[{"embeddable":true,"href":"https:\/\/centro-cee.com\/web\/wp-json\/wp\/v2\/media\/1264"}],"wp:attachment":[{"href":"https:\/\/centro-cee.com\/web\/wp-json\/wp\/v2\/media?parent=1263"}],"wp:term":[{"taxonomy":"product_brand","embeddable":true,"href":"https:\/\/centro-cee.com\/web\/wp-json\/wp\/v2\/product_brand?post=1263"},{"taxonomy":"product_cat","embeddable":true,"href":"https:\/\/centro-cee.com\/web\/wp-json\/wp\/v2\/product_cat?post=1263"},{"taxonomy":"product_tag","embeddable":true,"href":"https:\/\/centro-cee.com\/web\/wp-json\/wp\/v2\/product_tag?post=1263"}],"curies":[{"name":"wp","href":"https:\/\/api.w.org\/{rel}","templated":true}]}}