{"id":1182,"date":"2023-03-16T11:10:05","date_gmt":"2023-03-16T11:10:05","guid":{"rendered":"https:\/\/centro-cee.com\/web\/?post_type=product&#038;p=1182"},"modified":"2026-03-13T16:45:22","modified_gmt":"2026-03-13T16:45:22","slug":"master-en-direccion-comercial","status":"publish","type":"product","link":"https:\/\/centro-cee.com\/web\/producto\/master-en-direccion-comercial\/","title":{"rendered":"M\u00e1ster en direcci\u00f3n comercial"},"content":{"rendered":"<p><a href=\"https:\/\/centro-cee.com\/web\/formaciones\/\">Atr\u00e1s<\/a><\/p>\n<p><strong>M\u00e1ster en direcci\u00f3n comercial<\/strong><\/p>\n<p>Toda esta formaci\u00f3n se realiza 100% online en nuestro campus online de formaci\u00f3n.<\/p>\n<p>Las tutorias se realizan directamente desde el campus de estudio con la opci\u00f3n de mensajer\u00eda a profesores. Las tutorias son \u00aba demanda\u00bb, cuando necesites soporte nos lo pides.<\/p>\n<p>Los t\u00edtulos de Centro CEE est\u00e1n autenticados por la firma de notario que valida contenidos y autenticidad a nivel internacional. Nuestra organizaci\u00f3n pertenece a la Asociaci\u00f3n Espa\u00f1ola de Calidad, organizaci\u00f3n Espa\u00f1ola de referencia para la calidad en la formaci\u00f3n. La certificaci\u00f3n se puede apostillar por la Haya para cualquier pa\u00eds firmante del convenio de la Haya.<\/p>\n<p>Se puede pagar a plazos.<\/p>\n<p>&nbsp;<\/p>\n<h2>Temario<\/h2>\n<hr \/>\n<p>1. ORGANIZACI\u00d3N DE LA ACTIVIDAD COMERCIAL<br \/>\n1.1. Introducci\u00f3n<br \/>\n1.2. Organizaci\u00f3n de un equipo de ventas<br \/>\n1.3\u2026..<\/p>\n<p>2. PERFIL DEL VENDEDOR. CREACI\u00d3N DE UN EQUIPO DE VENTAS<br \/>\n2.1. Capacidades ante la venta<br \/>\n2.2. El vendedor como comunicador<br \/>\n2.3. Estrategias para crear al vendedor<br \/>\n2.4\u2026<\/p>\n<p>3. SELECCI\u00d3N, SOCIALIZACI\u00d3N Y FORMACI\u00d3N DEL EQUIPO DE VENTAS<br \/>\n3.1. Selecci\u00f3n de solicitantes y planificaci\u00f3n estrat\u00e9gica<br \/>\n3.2. Socializaci\u00f3n<br \/>\n3.3. \u2026.<\/p>\n<p>4. PROCESO DE VENTA<br \/>\n4.1. Introducci\u00f3n<br \/>\n4.2. Fase previa<br \/>\n4.3. Oferta del producto<br \/>\n4.4. \u2026<\/p>\n<p>5. PREVISI\u00d3N DE DEMANDA Y TERRITORIOS DE VENTA<br \/>\n5.1. Definici\u00f3n de previsi\u00f3n de ventas<br \/>\n5.2. Determinaci\u00f3n del presupuesto de ventas<br \/>\n5.3. \u2026<\/p>\n<p>6. SUPERVISI\u00d3N, MOTIVACI\u00d3N Y GASTOS<br \/>\n6.1. Supervisi\u00f3n del equipo de ventas<br \/>\n6.2. Motivaci\u00f3n del equipo de ventas<br \/>\n6.3. \u2026<\/p>\n<p>7. COMPENSACI\u00d3N Y VALORACI\u00d3N DEL DESEMPE\u00d1O<br \/>\n7.1. Compensaci\u00f3n del equipo de ventas<br \/>\n7.2. Consideraciones previas al dise\u00f1o del plan<br \/>\n7.3. Dise\u00f1o de un plan de compensaci\u00f3n de ventas<br \/>\n7.4. Fijaci\u00f3n del nivel de compensaci\u00f3n<br \/>\n7.5\u2026.<\/p>\n<p>8. AN\u00c1LISIS DEL RENDIMIENTO DE LAS VENTAS<br \/>\n8.1. Introducci\u00f3n a la valoraci\u00f3n del rendimiento del equipo de ventas<br \/>\n8.2. Direcci\u00f3n deficiente del esfuerzo de ventas<br \/>\n8.3. Bases para el an\u00e1lisis del volumen de ventas<br \/>\n8.4. \u2026..<\/p>\n<p>NEGOCIACI\u00d3N COMERCIAL<\/p>\n<p>1. CONCEPTOS B\u00c1SICOS<br \/>\n1.1. La negociaci\u00f3n comercial.<br \/>\n1.2. Principales caracter\u00edsticas de la negociaci\u00f3n comercial.<br \/>\n1.3. Elementos de la negociaci\u00f3n.<br \/>\n1.4. \u2026.<\/p>\n<p>2. EL NEGOCIADOR<br \/>\n2.1. Caracter\u00edsticas del buen negociador.<br \/>\n2.2. Tipos b\u00e1sicos de negociadores.<br \/>\n2.3. Procedencia cultural.<br \/>\n2.4. \u2026<\/p>\n<p>3. PROCESO DE NEGOCIACI\u00d3N<br \/>\n3.1. Preparaci\u00f3n.<br \/>\n3.2. Material de apoyo.<br \/>\n3.3. Desarrollo.<br \/>\n3.4. \u2026<\/p>\n<p>4. ESTRATEGIAS, T\u00c1CTICAS Y COMUNICACI\u00d3N<br \/>\n4.1. Estrategias.<br \/>\n4.2. T\u00e1cticas.<br \/>\n4.3. Comunicaci\u00f3n.<\/p>\n<p>UNIDAD 1. LA VENTA Y LA COMUNICACI\u00d3N EMPRESARIAL<\/p>\n<p>1. CONCEPTO DE VENTA Y COMUNICACI\u00d3N EMPRESARIAL<br \/>\n1.1. La venta empresarial como actividad de marketing<br \/>\n1.2. Marketing operacional vs. Marketing estrat\u00e9gico<br \/>\n1.3. El Marketing Mix<br \/>\n1.4. \u2026<\/p>\n<p>2. OBJETIVOS DE LA COMUNICACI\u00d3N EXTERNA EMPRESARIAL<br \/>\n2.1. La comunicaci\u00f3n en la empresa<br \/>\n2.2. La comunicaci\u00f3n externa empresarial<br \/>\n2.3. Objetivos de la Comunicaci\u00f3n Publicitaria<br \/>\n2.4. \u2026<\/p>\n<p>3. TIPOS DE VENTA<br \/>\n3.1. Introducci\u00f3n<br \/>\n3.2. Venta al detalle<br \/>\n3.3. Venta industrial<\/p>\n<p>4. LA VENTA COMO PROCESO<br \/>\n4.1. Introducci\u00f3n<br \/>\n4.2. Establecer una asociaci\u00f3n con el cliente y generar confianza<br \/>\n4.3. Identificar las necesidades del consumidor<br \/>\n4.4. Seleccionar la ventaja competitiva<br \/>\n4.5. \u2026<\/p>\n<p>5. LA COMUNICACI\u00d3N INTERPERSONAL<br \/>\n5.1. Introducci\u00f3n<br \/>\n5.2. Elementos del proceso de comunicaci\u00f3n<br \/>\n5.3. Barreras de la comunicaci\u00f3n<\/p>\n<p>6. EL DIRECTOR Y EL EQUIPO DE VENTAS<br \/>\n6.1. El director de ventas<br \/>\n6.2. El equipo de ventas<br \/>\n6.3. Tipos de trabajos en ventas<\/p>\n<p>UNIDAD 2. CUALIDADES DEL VENDEDOR<\/p>\n<p>1. EL VENDEDOR COMO COMUNICADOR<br \/>\n1.1. Introducci\u00f3n<br \/>\n1.2. El lenguaje verbal<br \/>\n1.3. El lenguaje no verbal<\/p>\n<p>2. EL PERFIL DEL VENDEDOR<br \/>\n2.1. Introducci\u00f3n<br \/>\n2.2. Profesiograma<br \/>\n2.3. Competencias del vendedor Ideal<\/p>\n<p>3. \u00c9TICA, RESPONSABILIDAD Y HONESTIDAD DEL VENDEDOR<br \/>\n3.1. \u00c9tica y responsabilidad<br \/>\n3.2. Honestidad<\/p>\n<p>4. LAS FUNCIONES DEL VENDEDOR<br \/>\n4.1. Las funciones del vendedor<\/p>\n<p>UNIDAD 3. CONCERTACI\u00d3N DE VISITAS COMERCIALES<\/p>\n<p>1. LA VENTA PERSONAL<br \/>\n1.1. Concepto de venta personal<br \/>\n1.2. Teor\u00edas de la venta<br \/>\n1.3. Fases de la venta personal<\/p>\n<p>2. ORGANIZACI\u00d3N Y PLANIFICACI\u00d3N EN LA VENTA<br \/>\n2.1. Organizaci\u00f3n del trabajo. Recomendaciones<br \/>\n2.2. Fases de la planificaci\u00f3n<br \/>\n2.3. Fijaci\u00f3n de objetivos<\/p>\n<p>3. LA PROSPECCI\u00d3N<br \/>\n3.1. Acciones<br \/>\n3.2. Tipos de clientes<br \/>\n3.3. Atenci\u00f3n telef\u00f3nica. Principios b\u00e1sicos<\/p>\n<p>4. FUENTES DE INFORMACI\u00d3N<br \/>\n4.1. Introducci\u00f3n<br \/>\n4.2. Fuentes internas<br \/>\n4.3. Fuentes externas<\/p>\n<p>5. EL TEL\u00c9FONO<br \/>\n5.1. Aplicaciones del tel\u00e9fono<br \/>\n5.2. Ventajas del uso del tel\u00e9fono<br \/>\n5.3. Desventajas del uso del tel\u00e9fono<br \/>\n5.4. ..<\/p>\n<p>6. EL CORREO O \u00abMAILING\u00bb<br \/>\n6.1. Introducci\u00f3n<br \/>\n6.2. Captar la atenci\u00f3n y el inter\u00e9s<br \/>\n6.3. Antes de realizar el env\u00edo<br \/>\n6.4. \u2026<\/p>\n<p>UNIDAD 4. DEMOSTRACI\u00d3N<\/p>\n<p>1. LA ARGUMENTACI\u00d3N<br \/>\n1.1. Tipos de argumentaci\u00f3n<br \/>\n1.2. Recomendaciones para una buena argumentaci\u00f3n<\/p>\n<p>2. LA DEMOSTRACI\u00d3N<br \/>\n2.1. Planificaci\u00f3n de la demostraci\u00f3n<br \/>\n2.2. El lenguaje corporal<br \/>\n2.3. \u2026<\/p>\n<p>UNIDAD 5. CIERRE DE LA VENTA<\/p>\n<p>1. PROCESO LINEAL<br \/>\n1.1. Proceso lineal con altibajos<br \/>\n1.2.<br \/>\n2. CONSIDERACIONES PREVIAS<br \/>\n2.1. Introducci\u00f3n<br \/>\n2.2. La actitud del vendedor<br \/>\n2.3. Planificaci\u00f3n e investigaci\u00f3n<br \/>\n2.4. \u2026<\/p>\n<p>3. SIGNOS DE COMPRA<br \/>\n3.1. Introducci\u00f3n<br \/>\n3.2. Signos verbales<br \/>\n3.3. Signos no verbales<\/p>\n<p>4. T\u00c9CNICAS PARA EL CIERRE DE LA VENTA<br \/>\n4.1. Introducci\u00f3n<br \/>\n4.2. T\u00e9cnicas<br \/>\n4.3. Punto muerto<\/p>\n<p>5. LA DESPEDIDA<br \/>\n5.1. Cuando el cliente acepta la propuesta del vendedor<br \/>\n5.2. Cuando el cliente no acepta la oferta<\/p>\n<p>LA IMPORTANCIA DEL SERVICIO POSTVENTA<\/p>\n<p>1. EL SERVICIO AL CLIENTE<br \/>\n1.1. La necesidad del servicio al cliente<br \/>\n1.2. Dar respuesta a las expectativas del cliente<br \/>\n1.3. El servicio de posventa &#8211; T\u00e9cnicas<\/p>\n<p>2. GESTI\u00d3N DE QUEJAS Y RECLAMACIONES<br \/>\n2.1. Las quejas como estrategia de fidelizaci\u00f3n<br \/>\n2.2. Pasos para tratar las quejas<br \/>\n2.3. ..<\/p>\n<p>3. EL SEGUIMIENTO DE LA VENTA<br \/>\n3.1. El seguimiento como correcci\u00f3n de problemas<br \/>\n3.2. Tipos de seguimiento<\/p>\n<p>4. LA FIDELIZACI\u00d3N POR LA OFERTA<br \/>\n4.1. La diferenciaci\u00f3n por la oferta<br \/>\n4.2. Promover la diferencia<\/p>\n<p><strong>M\u00e1ster en direcci\u00f3n comercial<\/strong><\/p>\n<hr \/>\n","protected":false},"excerpt":{"rendered":"<p><a href=\"https:\/\/centro-cee.com\/web\/formaciones\/\">Atr\u00e1s<\/a><\/p>\n<p>Si deseas aprender m\u00e1s sobre comercio y sabes relacionarte con los dem\u00e1s, es buena idea que aprendas t\u00e9cnicas y protocolos relacionados con la direcci\u00f3n y negociaci\u00f3n comercial, la gesti\u00f3n de ventas y el servicio postventa, realiza el M\u00e1ster en Direcci\u00f3n Comercial que ofrece el CEE Centro Europeo E-learning, en el cual aprender\u00e1s lo que necesitas saber para asegurar el \u00e9xito empresarial.<\/p>\n<p>De esta manera, te especializar\u00e1s en lo referente a direcci\u00f3n comercial, organizaci\u00f3n de un equipo de ventas, perfil del vendedor, selecci\u00f3n, socializaci\u00f3n y formaci\u00f3n del equipo de ventas, previsi\u00f3n de demanda y territorios de venta, negociaci\u00f3n comercial, comunicaci\u00f3n empresarial, concertaci\u00f3n de visitas comerciales.<\/p>\n","protected":false},"featured_media":1183,"comment_status":"closed","ping_status":"closed","template":"","meta":[],"product_brand":[],"product_cat":[2050,17],"product_tag":[431,1212,748,1245,430,1243,1246,1214,1242,1244],"class_list":{"0":"post-1182","1":"product","2":"type-product","3":"status-publish","4":"has-post-thumbnail","6":"product_cat-cursos-online-empresa","7":"product_cat-master","8":"product_tag-analisis-de-mercado","9":"product_tag-certificacion-en-direccion-comercial","10":"product_tag-curso-online-de-direccion-comercial","11":"product_tag-desarrollo-de-estrategias-de-marketing","12":"product_tag-estrategias-comerciales","13":"product_tag-formacion-en-gestion-de-ventas","14":"product_tag-gestion-de-relaciones-con-clientes","15":"product_tag-liderazgo-en-equipos-de-ventas","16":"product_tag-master-en-direccion-comercial","17":"product_tag-tecnicas-de-negociacion-y-ventas","19":"first","20":"instock","21":"sale","22":"shipping-taxable","23":"purchasable","24":"product-type-simple"},"yoast_head":"<!-- This site is optimized with the Yoast SEO plugin v27.4 - https:\/\/yoast.com\/product\/yoast-seo-wordpress\/ -->\n<title>M\u00e1ster en direcci\u00f3n comercial<\/title>\n<meta name=\"description\" content=\"Este M\u00e1ster en Direcci\u00f3n Comercial te proporcionar\u00e1 las habilidades y conocimientos necesarios para liderar y gestionar equipos de ventas.\" \/>\n<meta name=\"robots\" content=\"index, follow, max-snippet:-1, max-image-preview:large, max-video-preview:-1\" \/>\n<link rel=\"canonical\" href=\"https:\/\/centro-cee.com\/web\/producto\/master-en-direccion-comercial\/\" \/>\n<meta property=\"og:locale\" content=\"es_ES\" \/>\n<meta property=\"og:type\" content=\"article\" \/>\n<meta property=\"og:title\" content=\"M\u00e1ster en direcci\u00f3n comercial\" \/>\n<meta property=\"og:description\" content=\"Este M\u00e1ster en Direcci\u00f3n Comercial te proporcionar\u00e1 las habilidades y conocimientos necesarios para liderar y gestionar equipos de ventas.\" \/>\n<meta property=\"og:url\" content=\"https:\/\/centro-cee.com\/web\/producto\/master-en-direccion-comercial\/\" \/>\n<meta property=\"og:site_name\" content=\"CEE Centro Europeo E-learning - Cursos online\" \/>\n<meta property=\"article:modified_time\" content=\"2026-03-13T16:45:22+00:00\" \/>\n<meta property=\"og:image\" content=\"https:\/\/centro-cee.com\/web\/wp-content\/uploads\/2023\/03\/imagen_2023-03-16_120952467.png\" \/>\n\t<meta property=\"og:image:width\" content=\"748\" \/>\n\t<meta property=\"og:image:height\" content=\"519\" \/>\n\t<meta property=\"og:image:type\" content=\"image\/png\" \/>\n<meta name=\"twitter:card\" content=\"summary_large_image\" \/>\n<meta name=\"twitter:label1\" content=\"Tiempo de lectura\" \/>\n\t<meta name=\"twitter:data1\" content=\"4 minutos\" \/>\n<script type=\"application\/ld+json\" class=\"yoast-schema-graph\">{\"@context\":\"https:\\\/\\\/schema.org\",\"@graph\":[{\"@type\":\"WebPage\",\"@id\":\"https:\\\/\\\/centro-cee.com\\\/web\\\/producto\\\/master-en-direccion-comercial\\\/\",\"url\":\"https:\\\/\\\/centro-cee.com\\\/web\\\/producto\\\/master-en-direccion-comercial\\\/\",\"name\":\"M\u00e1ster en direcci\u00f3n comercial\",\"isPartOf\":{\"@id\":\"https:\\\/\\\/centro-cee.com\\\/web\\\/#website\"},\"primaryImageOfPage\":{\"@id\":\"https:\\\/\\\/centro-cee.com\\\/web\\\/producto\\\/master-en-direccion-comercial\\\/#primaryimage\"},\"image\":{\"@id\":\"https:\\\/\\\/centro-cee.com\\\/web\\\/producto\\\/master-en-direccion-comercial\\\/#primaryimage\"},\"thumbnailUrl\":\"https:\\\/\\\/centro-cee.com\\\/web\\\/wp-content\\\/uploads\\\/2023\\\/03\\\/imagen_2023-03-16_120952467.png\",\"datePublished\":\"2023-03-16T11:10:05+00:00\",\"dateModified\":\"2026-03-13T16:45:22+00:00\",\"description\":\"Este M\u00e1ster en Direcci\u00f3n Comercial te proporcionar\u00e1 las habilidades y conocimientos necesarios para liderar y gestionar equipos de ventas.\",\"breadcrumb\":{\"@id\":\"https:\\\/\\\/centro-cee.com\\\/web\\\/producto\\\/master-en-direccion-comercial\\\/#breadcrumb\"},\"inLanguage\":\"es\",\"potentialAction\":[{\"@type\":\"ReadAction\",\"target\":[\"https:\\\/\\\/centro-cee.com\\\/web\\\/producto\\\/master-en-direccion-comercial\\\/\"]}]},{\"@type\":\"ImageObject\",\"inLanguage\":\"es\",\"@id\":\"https:\\\/\\\/centro-cee.com\\\/web\\\/producto\\\/master-en-direccion-comercial\\\/#primaryimage\",\"url\":\"https:\\\/\\\/centro-cee.com\\\/web\\\/wp-content\\\/uploads\\\/2023\\\/03\\\/imagen_2023-03-16_120952467.png\",\"contentUrl\":\"https:\\\/\\\/centro-cee.com\\\/web\\\/wp-content\\\/uploads\\\/2023\\\/03\\\/imagen_2023-03-16_120952467.png\",\"width\":748,\"height\":519,\"caption\":\"m\u00e1ster en direcci\u00f3n comercial\"},{\"@type\":\"BreadcrumbList\",\"@id\":\"https:\\\/\\\/centro-cee.com\\\/web\\\/producto\\\/master-en-direccion-comercial\\\/#breadcrumb\",\"itemListElement\":[{\"@type\":\"ListItem\",\"position\":1,\"name\":\"Portada\",\"item\":\"https:\\\/\\\/centro-cee.com\\\/web\\\/\"},{\"@type\":\"ListItem\",\"position\":2,\"name\":\"M\u00e1ster en direcci\u00f3n comercial\"}]},{\"@type\":\"WebSite\",\"@id\":\"https:\\\/\\\/centro-cee.com\\\/web\\\/#website\",\"url\":\"https:\\\/\\\/centro-cee.com\\\/web\\\/\",\"name\":\"Centro Europeo E-learning\",\"description\":\"CEE Formaci\u00f3n Online\",\"publisher\":{\"@id\":\"https:\\\/\\\/centro-cee.com\\\/web\\\/#organization\"},\"alternateName\":\"Centro Online de Formaci\u00f3n\",\"potentialAction\":[{\"@type\":\"SearchAction\",\"target\":{\"@type\":\"EntryPoint\",\"urlTemplate\":\"https:\\\/\\\/centro-cee.com\\\/web\\\/?s={search_term_string}\"},\"query-input\":{\"@type\":\"PropertyValueSpecification\",\"valueRequired\":true,\"valueName\":\"search_term_string\"}}],\"inLanguage\":\"es\"},{\"@type\":\"Organization\",\"@id\":\"https:\\\/\\\/centro-cee.com\\\/web\\\/#organization\",\"name\":\"Centro Europeo E-learning CEE\",\"url\":\"https:\\\/\\\/centro-cee.com\\\/web\\\/\",\"logo\":{\"@type\":\"ImageObject\",\"inLanguage\":\"es\",\"@id\":\"https:\\\/\\\/centro-cee.com\\\/web\\\/#\\\/schema\\\/logo\\\/image\\\/\",\"url\":\"https:\\\/\\\/centro-cee.com\\\/web\\\/wp-content\\\/uploads\\\/2022\\\/12\\\/cropped-logo_educa.png\",\"contentUrl\":\"https:\\\/\\\/centro-cee.com\\\/web\\\/wp-content\\\/uploads\\\/2022\\\/12\\\/cropped-logo_educa.png\",\"width\":157,\"height\":63,\"caption\":\"Centro Europeo E-learning CEE\"},\"image\":{\"@id\":\"https:\\\/\\\/centro-cee.com\\\/web\\\/#\\\/schema\\\/logo\\\/image\\\/\"},\"sameAs\":[\"https:\\\/\\\/www.instagram.com\\\/centroeuropeo_cee\"]}]}<\/script>\n<!-- \/ Yoast SEO plugin. -->","yoast_head_json":{"title":"M\u00e1ster en direcci\u00f3n comercial","description":"Este M\u00e1ster en Direcci\u00f3n Comercial te proporcionar\u00e1 las habilidades y conocimientos necesarios para liderar y gestionar equipos de ventas.","robots":{"index":"index","follow":"follow","max-snippet":"max-snippet:-1","max-image-preview":"max-image-preview:large","max-video-preview":"max-video-preview:-1"},"canonical":"https:\/\/centro-cee.com\/web\/producto\/master-en-direccion-comercial\/","og_locale":"es_ES","og_type":"article","og_title":"M\u00e1ster en direcci\u00f3n comercial","og_description":"Este M\u00e1ster en Direcci\u00f3n Comercial te proporcionar\u00e1 las habilidades y conocimientos necesarios para liderar y gestionar equipos de ventas.","og_url":"https:\/\/centro-cee.com\/web\/producto\/master-en-direccion-comercial\/","og_site_name":"CEE Centro Europeo E-learning - Cursos online","article_modified_time":"2026-03-13T16:45:22+00:00","og_image":[{"width":748,"height":519,"url":"https:\/\/centro-cee.com\/web\/wp-content\/uploads\/2023\/03\/imagen_2023-03-16_120952467.png","type":"image\/png"}],"twitter_card":"summary_large_image","twitter_misc":{"Tiempo de lectura":"4 minutos"},"schema":{"@context":"https:\/\/schema.org","@graph":[{"@type":"WebPage","@id":"https:\/\/centro-cee.com\/web\/producto\/master-en-direccion-comercial\/","url":"https:\/\/centro-cee.com\/web\/producto\/master-en-direccion-comercial\/","name":"M\u00e1ster en direcci\u00f3n comercial","isPartOf":{"@id":"https:\/\/centro-cee.com\/web\/#website"},"primaryImageOfPage":{"@id":"https:\/\/centro-cee.com\/web\/producto\/master-en-direccion-comercial\/#primaryimage"},"image":{"@id":"https:\/\/centro-cee.com\/web\/producto\/master-en-direccion-comercial\/#primaryimage"},"thumbnailUrl":"https:\/\/centro-cee.com\/web\/wp-content\/uploads\/2023\/03\/imagen_2023-03-16_120952467.png","datePublished":"2023-03-16T11:10:05+00:00","dateModified":"2026-03-13T16:45:22+00:00","description":"Este M\u00e1ster en Direcci\u00f3n Comercial te proporcionar\u00e1 las habilidades y conocimientos necesarios para liderar y gestionar equipos de ventas.","breadcrumb":{"@id":"https:\/\/centro-cee.com\/web\/producto\/master-en-direccion-comercial\/#breadcrumb"},"inLanguage":"es","potentialAction":[{"@type":"ReadAction","target":["https:\/\/centro-cee.com\/web\/producto\/master-en-direccion-comercial\/"]}]},{"@type":"ImageObject","inLanguage":"es","@id":"https:\/\/centro-cee.com\/web\/producto\/master-en-direccion-comercial\/#primaryimage","url":"https:\/\/centro-cee.com\/web\/wp-content\/uploads\/2023\/03\/imagen_2023-03-16_120952467.png","contentUrl":"https:\/\/centro-cee.com\/web\/wp-content\/uploads\/2023\/03\/imagen_2023-03-16_120952467.png","width":748,"height":519,"caption":"m\u00e1ster en direcci\u00f3n comercial"},{"@type":"BreadcrumbList","@id":"https:\/\/centro-cee.com\/web\/producto\/master-en-direccion-comercial\/#breadcrumb","itemListElement":[{"@type":"ListItem","position":1,"name":"Portada","item":"https:\/\/centro-cee.com\/web\/"},{"@type":"ListItem","position":2,"name":"M\u00e1ster en direcci\u00f3n comercial"}]},{"@type":"WebSite","@id":"https:\/\/centro-cee.com\/web\/#website","url":"https:\/\/centro-cee.com\/web\/","name":"Centro Europeo E-learning","description":"CEE Formaci\u00f3n Online","publisher":{"@id":"https:\/\/centro-cee.com\/web\/#organization"},"alternateName":"Centro Online de Formaci\u00f3n","potentialAction":[{"@type":"SearchAction","target":{"@type":"EntryPoint","urlTemplate":"https:\/\/centro-cee.com\/web\/?s={search_term_string}"},"query-input":{"@type":"PropertyValueSpecification","valueRequired":true,"valueName":"search_term_string"}}],"inLanguage":"es"},{"@type":"Organization","@id":"https:\/\/centro-cee.com\/web\/#organization","name":"Centro Europeo E-learning CEE","url":"https:\/\/centro-cee.com\/web\/","logo":{"@type":"ImageObject","inLanguage":"es","@id":"https:\/\/centro-cee.com\/web\/#\/schema\/logo\/image\/","url":"https:\/\/centro-cee.com\/web\/wp-content\/uploads\/2022\/12\/cropped-logo_educa.png","contentUrl":"https:\/\/centro-cee.com\/web\/wp-content\/uploads\/2022\/12\/cropped-logo_educa.png","width":157,"height":63,"caption":"Centro Europeo E-learning CEE"},"image":{"@id":"https:\/\/centro-cee.com\/web\/#\/schema\/logo\/image\/"},"sameAs":["https:\/\/www.instagram.com\/centroeuropeo_cee"]}]}},"_links":{"self":[{"href":"https:\/\/centro-cee.com\/web\/wp-json\/wp\/v2\/product\/1182","targetHints":{"allow":["GET"]}}],"collection":[{"href":"https:\/\/centro-cee.com\/web\/wp-json\/wp\/v2\/product"}],"about":[{"href":"https:\/\/centro-cee.com\/web\/wp-json\/wp\/v2\/types\/product"}],"replies":[{"embeddable":true,"href":"https:\/\/centro-cee.com\/web\/wp-json\/wp\/v2\/comments?post=1182"}],"wp:featuredmedia":[{"embeddable":true,"href":"https:\/\/centro-cee.com\/web\/wp-json\/wp\/v2\/media\/1183"}],"wp:attachment":[{"href":"https:\/\/centro-cee.com\/web\/wp-json\/wp\/v2\/media?parent=1182"}],"wp:term":[{"taxonomy":"product_brand","embeddable":true,"href":"https:\/\/centro-cee.com\/web\/wp-json\/wp\/v2\/product_brand?post=1182"},{"taxonomy":"product_cat","embeddable":true,"href":"https:\/\/centro-cee.com\/web\/wp-json\/wp\/v2\/product_cat?post=1182"},{"taxonomy":"product_tag","embeddable":true,"href":"https:\/\/centro-cee.com\/web\/wp-json\/wp\/v2\/product_tag?post=1182"}],"curies":[{"name":"wp","href":"https:\/\/api.w.org\/{rel}","templated":true}]}}