{"id":1179,"date":"2023-03-16T11:02:01","date_gmt":"2023-03-16T11:02:01","guid":{"rendered":"https:\/\/centro-cee.com\/web\/?post_type=product&#038;p=1179"},"modified":"2024-10-18T11:00:56","modified_gmt":"2024-10-18T11:00:56","slug":"experto-en-proyectos-y-retoques-fotograficos","status":"publish","type":"product","link":"https:\/\/centro-cee.com\/web\/producto\/experto-en-proyectos-y-retoques-fotograficos\/","title":{"rendered":"Experto en proyectos y retoques fotogr\u00e1ficos"},"content":{"rendered":"<p><a href=\"https:\/\/centro-cee.com\/web\/formaciones\/\">Atr\u00e1s<\/a><\/p>\n<p><em><strong>Experto en proyectos y retoques fotogr\u00e1ficos<\/strong><\/em><\/p>\n<p>Toda esta formaci\u00f3n se realiza 100% online en nuestro campus online de formaci\u00f3n.<\/p>\n<p>Las tutorias se realizan directamente desde el campus de estudio con la opci\u00f3n de mensajer\u00eda a profesores. Las tutorias son \u00aba demanda\u00bb, cuando necesites soporte nos lo pides.<\/p>\n<p>Los t\u00edtulos de Centro CEE est\u00e1n autenticados por la firma de notario que valida contenidos y autenticidad a nivel internacional. Nuestra organizaci\u00f3n pertenece a la Asociaci\u00f3n Espa\u00f1ola de Calidad, organizaci\u00f3n Espa\u00f1ola de referencia para la calidad en la formaci\u00f3n. La certificaci\u00f3n se puede apostillar por la Haya para cualquier pa\u00eds firmante del convenio de la Haya.<\/p>\n<p>Se puede pagar a plazos.<\/p>\n<p>&nbsp;<\/p>\n<h2>Temario<\/h2>\n<hr \/>\n<p>UNIDAD 1. INDUSTRIA FOTOGR\u00c1FICA<br \/>\n1. Industria Fotogr\u00e1fica<br \/>\n2. Empresas y servicios de la producci\u00f3n fotogr\u00e1fica<br \/>\n3. Empresas asociadas en los procesos de producci\u00f3n fotogr\u00e1fica<br \/>\n4. \u2026.<br \/>\nUNIDAD 2. G\u00c9NEROS Y ESTILOS FOTOGR\u00c1FICOS<br \/>\n1. G\u00e9neros y aplicaciones fotogr\u00e1ficas<br \/>\n2. Estilos y criterios fotogr\u00e1ficos<br \/>\n3. \u2026<br \/>\nUNIDAD 3. SISTEMAS T\u00c9CNICOS DE FOTOGRAF\u00cdA APLICADA<br \/>\n1. Sistemas de captaci\u00f3n fotogr\u00e1fica<br \/>\n2. Sistemas y accesorios \u00f3pticos fotogr\u00e1ficos<br \/>\n3. Estudio fotogr\u00e1fico<br \/>\n4. \u2026<br \/>\nUNIDAD 4. NARRATIVA Y COMPOSICI\u00d3N DE LA IMAGEN FOTOGR\u00c1FICA<br \/>\n1. Composici\u00f3n fotogr\u00e1fica y elaboraci\u00f3n de la imagen<br \/>\n2. Intencionalidad en la fotograf\u00eda<br \/>\n3. Funcionalidad expresiva y usos de la tecnolog\u00eda fotogr\u00e1fica<br \/>\nUNIDAD 5. ESCENOGRAF\u00cdA Y AMBIENTACI\u00d3N FOTOGR\u00c1FICA<br \/>\n1. Definici\u00f3n de la puesta en escena<br \/>\n2. Estilos de iluminaci\u00f3n fotogr\u00e1fica<br \/>\n3. Documentaci\u00f3n t\u00e9cnica y esquemas de iluminaci\u00f3n<br \/>\n4. Planificaci\u00f3n de los efectos especiales para la toma<br \/>\n5. \u2026<br \/>\nUNIDAD 6. PLANIFICACI\u00d3N DEL PROYECTO FOTOGR\u00c1FICO<br \/>\n1. Preparaci\u00f3n y gesti\u00f3n de proyectos fotogr\u00e1ficos<br \/>\n2. Procedimientos de gesti\u00f3n y planificaci\u00f3n del encargo fotogr\u00e1fico<br \/>\n3. Informaci\u00f3n del proyecto (briefing)<br \/>\n4. \u2026<br \/>\nUNIDAD 7. ELABORACI\u00d3N DE PRESUPUESTOS<br \/>\n1. T\u00e9cnicas de elaboraci\u00f3n de presupuestos<br \/>\n2. Sistemas de facturaci\u00f3n de proyectos fotogr\u00e1ficos<br \/>\n3. ..<br \/>\nUNIDAD 8. CONTRATACI\u00d3N DE RECURSOS HUMANOS Y MATERIALES<br \/>\n1. Compra, fabricaci\u00f3n o alquiler de equipos y decorados<br \/>\n2. Selecci\u00f3n del equipo t\u00e9cnico<br \/>\n3. Selecci\u00f3n del equipo art\u00edstico<br \/>\n4. Compras en la Uni\u00f3n Europea<br \/>\n5. \u2026.<\/p>\n<p><strong>PHOTOSHOP CS6<\/strong><\/p>\n<p>1. ENTORNO DE TRABAJO<br \/>\n1.1. El \u00e1rea de trabajo<br \/>\n1.2. Paletas y modos de pantalla<\/p>\n<p>2. IM\u00c1GENES<br \/>\n2.1. Abrir im\u00e1genes<br \/>\n2.2. Crear documentos<br \/>\n2.3. Barra de estado<\/p>\n<p>3. MANEJO DE ARCHIVOS<br \/>\n3.1. Organizar im\u00e1genes<br \/>\n3.2. Herramienta mano y paleta navegador<br \/>\n3.3. Guardar y exportar<\/p>\n<p>4. HERRAMIENTAS DE SELECCI\u00d3N<br \/>\n4.1. Marcos de selecci\u00f3n<br \/>\n4.2. Herramienta lazo<br \/>\n4.3. Selecci\u00f3n r\u00e1pida y varita m\u00e1gica<br \/>\n4.4. \u2026<\/p>\n<p>5. RECORTES Y PINCELES<br \/>\n5.1. Recortar<br \/>\n5.2. Pinceles<br \/>\n5.3. \u2026<\/p>\n<p>6. PINCELES CORRECTORES Y HERRAMIENTA TAMPON<br \/>\n6.1. Pincel corrector<br \/>\n6.2. Herramienta ojos rojos y parche<br \/>\n6.3. Pinceles de historia<br \/>\n6.4. Herramienta tamp\u00f3n<\/p>\n<p>7. COLOREAR<br \/>\n7.1. Figuras predeterminadas<br \/>\n7.2. Bote de pintura<br \/>\n7.3. Degradados<br \/>\n7.4. \u2026<\/p>\n<p>8. TEXTOS Y TRAZOS<br \/>\n8.1. Texto horizontal y vertical<br \/>\n8.2. M\u00e1scaras de texto<br \/>\n8.3. \u2026<\/p>\n<p>9. TRABAJO CON CAPAS<br \/>\n9.1. Crear, ajustar y eliminar capas<br \/>\n9.2. Orden de apilamiento<br \/>\n9.3. Combinar y acoplar capas<\/p>\n<p>10. BORRAR Y TRANSFORMAR<br \/>\n10.1. Borradores<br \/>\n10.2. Tama\u00f1o de imagen<br \/>\n10.3. Tama\u00f1o de documento<\/p>\n<p>11. ENFOCAR Y SOBREEXPONER<br \/>\n11.1. Enfocar y desenfocar<br \/>\n11.2. Herramienta dedo<br \/>\n11.3. \u2026<\/p>\n<p>12. IMPRESI\u00d3N Y WEB<br \/>\n12.1. Configurar e imprimir<br \/>\n12.2. Formato PDF<br \/>\n12.3. Optimizar para la web<br \/>\n12.4. \u2026<\/p>\n<p><strong>GESTI\u00d3N DE PROYECTOS<\/strong><\/p>\n<p>1. CONCEPTOS B\u00c1SICOS<br \/>\n1.1. Gesti\u00f3n de proyectos.<br \/>\n1.2. Concepto de proyecto.<br \/>\n1.3. Caracter\u00edsticas de los proyectos.<br \/>\n1.4. Naturaleza especial de los proyectos.<br \/>\n1.5. Factores que conducen al fracaso.<br \/>\n1.6. \u2026<\/p>\n<p>2. FASES EN LA ELABORACI\u00d3N DE UN PROYECTO<br \/>\n2.1. Fases en la elaboraci\u00f3n de un proyecto.<br \/>\n2.2. Presentaci\u00f3n de la oferta.<br \/>\n2.3. Estudios de viabilidad.<br \/>\n2.4. \u2026.<\/p>\n<p>3. T\u00c9CNICAS DE PLANIFICACI\u00d3N<br \/>\n3.1. Introducci\u00f3n.<br \/>\n3.2. Gr\u00e1fico de Gantt.<br \/>\n3.3. \u2026<\/p>\n<p>4. CONTROL Y GESTI\u00d3N<br \/>\n4.1. Control de calidad, plazos y costes.<br \/>\n4.2. Gesti\u00f3n de costes.<br \/>\n4.3. Gesti\u00f3n de calidad.<\/p>\n<p>5. DOCUMENTACI\u00d3N Y APOYO INFORM\u00c1TICO<br \/>\n5.1. Objetivos.<br \/>\n5.2. Requisitos.<br \/>\n5.3. Control de la documentaci\u00f3n.<br \/>\n5.4. Tipos de documentos.<br \/>\n5.5. \u2026<\/p>\n<p><em><strong>Experto en proyectos y retoques fotogr\u00e1ficos<\/strong><\/em><\/p>\n<hr \/>\n","protected":false},"excerpt":{"rendered":"<p><a href=\"https:\/\/centro-cee.com\/web\/formaciones\/\">Atr\u00e1s<\/a><\/p>\n<p>A lo largo de esta formaci\u00f3n te especializar\u00e1s en todos los aspectos relacionados con la industria fotogr\u00e1fica, con contenidos actualizados.<\/p>\n<p>Si eres apasionado de la fotograf\u00eda y la imagen, este es tu curso, vas poder conocer el funcionamiento de esta apasionante industria, conocer\u00e1s los sistemas de captaci\u00f3n fotogr\u00e1fica, intencionalidad de la fotograf\u00eda, estilos de iluminaci\u00f3n, etc. Tambi\u00e9n aprender\u00e1s a utilizar el programa m\u00e1s utilizado a nivel mundial en retoque fotogr\u00e1fico, que te ayudara a perfeccionar las im\u00e1genes captadas y permitiendote crear dise\u00f1os espectaculares.<\/p>\n<p>La formaci\u00f3n obtenida es de alto nivel y con gran cantidad de contenidos que dotaran a las\/los alumnas\/os de unos conocimientos excelentes.<\/p>\n","protected":false},"featured_media":1180,"comment_status":"closed","ping_status":"closed","template":"","meta":[],"product_brand":[],"product_cat":[34],"product_tag":[1250,1255,1247,1251,1249,1256,1248,1253,1252,1254],"class_list":{"0":"post-1179","1":"product","2":"type-product","3":"status-publish","4":"has-post-thumbnail","6":"product_cat-tecnicos","7":"product_tag-certificacion-en-retoque-fotografico","8":"product_tag-creacion-de-portafolios-fotograficos","9":"product_tag-curso-de-retoque-fotografico","10":"product_tag-curso-online-de-edicion-fotografica","11":"product_tag-especializacion-en-fotografia-digital","12":"product_tag-estetica-y-composicion-fotografica","13":"product_tag-formacion-en-edicion-de-imagenes","14":"product_tag-gestion-de-proyectos-fotograficos","15":"product_tag-tecnicas-de-edicion-y-postproduccion","16":"product_tag-uso-de-software-de-edicion-de-fotos","18":"first","19":"instock","20":"sale","21":"shipping-taxable","22":"purchasable","23":"product-type-simple"},"yoast_head":"<!-- This site is optimized with the Yoast SEO plugin v27.5 - https:\/\/yoast.com\/product\/yoast-seo-wordpress\/ -->\n<title>Experto en proyectos y retoques fotogr\u00e1ficos<\/title>\n<meta name=\"description\" content=\"El curso de Experto en Proyectos y Retoques Fotogr\u00e1ficos te brindar\u00e1 las habilidades necesarias para crear y editar im\u00e1genes de alta calidad.\" \/>\n<meta name=\"robots\" content=\"index, follow, max-snippet:-1, max-image-preview:large, max-video-preview:-1\" \/>\n<link rel=\"canonical\" href=\"https:\/\/centro-cee.com\/web\/producto\/experto-en-proyectos-y-retoques-fotograficos\/\" \/>\n<meta property=\"og:locale\" content=\"es_ES\" \/>\n<meta property=\"og:type\" content=\"article\" \/>\n<meta property=\"og:title\" content=\"Experto en proyectos y retoques fotogr\u00e1ficos\" \/>\n<meta property=\"og:description\" content=\"El curso de Experto en Proyectos y Retoques Fotogr\u00e1ficos te brindar\u00e1 las habilidades necesarias para crear y editar im\u00e1genes de alta calidad.\" \/>\n<meta property=\"og:url\" content=\"https:\/\/centro-cee.com\/web\/producto\/experto-en-proyectos-y-retoques-fotograficos\/\" \/>\n<meta property=\"og:site_name\" content=\"CEE Centro Europeo E-learning - Cursos online\" \/>\n<meta property=\"article:modified_time\" content=\"2024-10-18T11:00:56+00:00\" \/>\n<meta property=\"og:image\" content=\"https:\/\/centro-cee.com\/web\/wp-content\/uploads\/2023\/03\/imagen_2023-03-16_120108985.png\" \/>\n\t<meta property=\"og:image:width\" content=\"526\" \/>\n\t<meta property=\"og:image:height\" content=\"362\" \/>\n\t<meta property=\"og:image:type\" content=\"image\/png\" \/>\n<meta name=\"twitter:card\" content=\"summary_large_image\" \/>\n<meta name=\"twitter:label1\" content=\"Tiempo de lectura\" \/>\n\t<meta name=\"twitter:data1\" content=\"3 minutos\" \/>\n<script type=\"application\/ld+json\" class=\"yoast-schema-graph\">{\"@context\":\"https:\\\/\\\/schema.org\",\"@graph\":[{\"@type\":\"WebPage\",\"@id\":\"https:\\\/\\\/centro-cee.com\\\/web\\\/producto\\\/experto-en-proyectos-y-retoques-fotograficos\\\/\",\"url\":\"https:\\\/\\\/centro-cee.com\\\/web\\\/producto\\\/experto-en-proyectos-y-retoques-fotograficos\\\/\",\"name\":\"Experto en proyectos y retoques fotogr\u00e1ficos\",\"isPartOf\":{\"@id\":\"https:\\\/\\\/centro-cee.com\\\/web\\\/#website\"},\"primaryImageOfPage\":{\"@id\":\"https:\\\/\\\/centro-cee.com\\\/web\\\/producto\\\/experto-en-proyectos-y-retoques-fotograficos\\\/#primaryimage\"},\"image\":{\"@id\":\"https:\\\/\\\/centro-cee.com\\\/web\\\/producto\\\/experto-en-proyectos-y-retoques-fotograficos\\\/#primaryimage\"},\"thumbnailUrl\":\"https:\\\/\\\/centro-cee.com\\\/web\\\/wp-content\\\/uploads\\\/2023\\\/03\\\/imagen_2023-03-16_120108985.png\",\"datePublished\":\"2023-03-16T11:02:01+00:00\",\"dateModified\":\"2024-10-18T11:00:56+00:00\",\"description\":\"El curso de Experto en Proyectos y Retoques Fotogr\u00e1ficos te brindar\u00e1 las habilidades necesarias para crear y editar im\u00e1genes de alta calidad.\",\"breadcrumb\":{\"@id\":\"https:\\\/\\\/centro-cee.com\\\/web\\\/producto\\\/experto-en-proyectos-y-retoques-fotograficos\\\/#breadcrumb\"},\"inLanguage\":\"es\",\"potentialAction\":[{\"@type\":\"ReadAction\",\"target\":[\"https:\\\/\\\/centro-cee.com\\\/web\\\/producto\\\/experto-en-proyectos-y-retoques-fotograficos\\\/\"]}]},{\"@type\":\"ImageObject\",\"inLanguage\":\"es\",\"@id\":\"https:\\\/\\\/centro-cee.com\\\/web\\\/producto\\\/experto-en-proyectos-y-retoques-fotograficos\\\/#primaryimage\",\"url\":\"https:\\\/\\\/centro-cee.com\\\/web\\\/wp-content\\\/uploads\\\/2023\\\/03\\\/imagen_2023-03-16_120108985.png\",\"contentUrl\":\"https:\\\/\\\/centro-cee.com\\\/web\\\/wp-content\\\/uploads\\\/2023\\\/03\\\/imagen_2023-03-16_120108985.png\",\"width\":526,\"height\":362,\"caption\":\"experto en proyectos y retoques fotogr\u00e1ficos\"},{\"@type\":\"BreadcrumbList\",\"@id\":\"https:\\\/\\\/centro-cee.com\\\/web\\\/producto\\\/experto-en-proyectos-y-retoques-fotograficos\\\/#breadcrumb\",\"itemListElement\":[{\"@type\":\"ListItem\",\"position\":1,\"name\":\"Portada\",\"item\":\"https:\\\/\\\/centro-cee.com\\\/web\\\/\"},{\"@type\":\"ListItem\",\"position\":2,\"name\":\"Experto en proyectos y retoques fotogr\u00e1ficos\"}]},{\"@type\":\"WebSite\",\"@id\":\"https:\\\/\\\/centro-cee.com\\\/web\\\/#website\",\"url\":\"https:\\\/\\\/centro-cee.com\\\/web\\\/\",\"name\":\"Centro Europeo E-learning\",\"description\":\"CEE Formaci\u00f3n Online\",\"publisher\":{\"@id\":\"https:\\\/\\\/centro-cee.com\\\/web\\\/#organization\"},\"alternateName\":\"Centro Online de Formaci\u00f3n\",\"potentialAction\":[{\"@type\":\"SearchAction\",\"target\":{\"@type\":\"EntryPoint\",\"urlTemplate\":\"https:\\\/\\\/centro-cee.com\\\/web\\\/?s={search_term_string}\"},\"query-input\":{\"@type\":\"PropertyValueSpecification\",\"valueRequired\":true,\"valueName\":\"search_term_string\"}}],\"inLanguage\":\"es\"},{\"@type\":\"Organization\",\"@id\":\"https:\\\/\\\/centro-cee.com\\\/web\\\/#organization\",\"name\":\"Centro Europeo E-learning CEE\",\"url\":\"https:\\\/\\\/centro-cee.com\\\/web\\\/\",\"logo\":{\"@type\":\"ImageObject\",\"inLanguage\":\"es\",\"@id\":\"https:\\\/\\\/centro-cee.com\\\/web\\\/#\\\/schema\\\/logo\\\/image\\\/\",\"url\":\"https:\\\/\\\/centro-cee.com\\\/web\\\/wp-content\\\/uploads\\\/2022\\\/12\\\/cropped-logo_educa.png\",\"contentUrl\":\"https:\\\/\\\/centro-cee.com\\\/web\\\/wp-content\\\/uploads\\\/2022\\\/12\\\/cropped-logo_educa.png\",\"width\":157,\"height\":63,\"caption\":\"Centro Europeo E-learning CEE\"},\"image\":{\"@id\":\"https:\\\/\\\/centro-cee.com\\\/web\\\/#\\\/schema\\\/logo\\\/image\\\/\"},\"sameAs\":[\"https:\\\/\\\/www.instagram.com\\\/centroeuropeo_cee\"]}]}<\/script>\n<!-- \/ Yoast SEO plugin. -->","yoast_head_json":{"title":"Experto en proyectos y retoques fotogr\u00e1ficos","description":"El curso de Experto en Proyectos y Retoques Fotogr\u00e1ficos te brindar\u00e1 las habilidades necesarias para crear y editar im\u00e1genes de alta calidad.","robots":{"index":"index","follow":"follow","max-snippet":"max-snippet:-1","max-image-preview":"max-image-preview:large","max-video-preview":"max-video-preview:-1"},"canonical":"https:\/\/centro-cee.com\/web\/producto\/experto-en-proyectos-y-retoques-fotograficos\/","og_locale":"es_ES","og_type":"article","og_title":"Experto en proyectos y retoques fotogr\u00e1ficos","og_description":"El curso de Experto en Proyectos y Retoques Fotogr\u00e1ficos te brindar\u00e1 las habilidades necesarias para crear y editar im\u00e1genes de alta calidad.","og_url":"https:\/\/centro-cee.com\/web\/producto\/experto-en-proyectos-y-retoques-fotograficos\/","og_site_name":"CEE Centro Europeo E-learning - Cursos online","article_modified_time":"2024-10-18T11:00:56+00:00","og_image":[{"width":526,"height":362,"url":"https:\/\/centro-cee.com\/web\/wp-content\/uploads\/2023\/03\/imagen_2023-03-16_120108985.png","type":"image\/png"}],"twitter_card":"summary_large_image","twitter_misc":{"Tiempo de lectura":"3 minutos"},"schema":{"@context":"https:\/\/schema.org","@graph":[{"@type":"WebPage","@id":"https:\/\/centro-cee.com\/web\/producto\/experto-en-proyectos-y-retoques-fotograficos\/","url":"https:\/\/centro-cee.com\/web\/producto\/experto-en-proyectos-y-retoques-fotograficos\/","name":"Experto en proyectos y retoques fotogr\u00e1ficos","isPartOf":{"@id":"https:\/\/centro-cee.com\/web\/#website"},"primaryImageOfPage":{"@id":"https:\/\/centro-cee.com\/web\/producto\/experto-en-proyectos-y-retoques-fotograficos\/#primaryimage"},"image":{"@id":"https:\/\/centro-cee.com\/web\/producto\/experto-en-proyectos-y-retoques-fotograficos\/#primaryimage"},"thumbnailUrl":"https:\/\/centro-cee.com\/web\/wp-content\/uploads\/2023\/03\/imagen_2023-03-16_120108985.png","datePublished":"2023-03-16T11:02:01+00:00","dateModified":"2024-10-18T11:00:56+00:00","description":"El curso de Experto en Proyectos y Retoques Fotogr\u00e1ficos te brindar\u00e1 las habilidades necesarias para crear y editar im\u00e1genes de alta calidad.","breadcrumb":{"@id":"https:\/\/centro-cee.com\/web\/producto\/experto-en-proyectos-y-retoques-fotograficos\/#breadcrumb"},"inLanguage":"es","potentialAction":[{"@type":"ReadAction","target":["https:\/\/centro-cee.com\/web\/producto\/experto-en-proyectos-y-retoques-fotograficos\/"]}]},{"@type":"ImageObject","inLanguage":"es","@id":"https:\/\/centro-cee.com\/web\/producto\/experto-en-proyectos-y-retoques-fotograficos\/#primaryimage","url":"https:\/\/centro-cee.com\/web\/wp-content\/uploads\/2023\/03\/imagen_2023-03-16_120108985.png","contentUrl":"https:\/\/centro-cee.com\/web\/wp-content\/uploads\/2023\/03\/imagen_2023-03-16_120108985.png","width":526,"height":362,"caption":"experto en proyectos y retoques fotogr\u00e1ficos"},{"@type":"BreadcrumbList","@id":"https:\/\/centro-cee.com\/web\/producto\/experto-en-proyectos-y-retoques-fotograficos\/#breadcrumb","itemListElement":[{"@type":"ListItem","position":1,"name":"Portada","item":"https:\/\/centro-cee.com\/web\/"},{"@type":"ListItem","position":2,"name":"Experto en proyectos y retoques fotogr\u00e1ficos"}]},{"@type":"WebSite","@id":"https:\/\/centro-cee.com\/web\/#website","url":"https:\/\/centro-cee.com\/web\/","name":"Centro Europeo E-learning","description":"CEE Formaci\u00f3n Online","publisher":{"@id":"https:\/\/centro-cee.com\/web\/#organization"},"alternateName":"Centro Online de Formaci\u00f3n","potentialAction":[{"@type":"SearchAction","target":{"@type":"EntryPoint","urlTemplate":"https:\/\/centro-cee.com\/web\/?s={search_term_string}"},"query-input":{"@type":"PropertyValueSpecification","valueRequired":true,"valueName":"search_term_string"}}],"inLanguage":"es"},{"@type":"Organization","@id":"https:\/\/centro-cee.com\/web\/#organization","name":"Centro Europeo E-learning CEE","url":"https:\/\/centro-cee.com\/web\/","logo":{"@type":"ImageObject","inLanguage":"es","@id":"https:\/\/centro-cee.com\/web\/#\/schema\/logo\/image\/","url":"https:\/\/centro-cee.com\/web\/wp-content\/uploads\/2022\/12\/cropped-logo_educa.png","contentUrl":"https:\/\/centro-cee.com\/web\/wp-content\/uploads\/2022\/12\/cropped-logo_educa.png","width":157,"height":63,"caption":"Centro Europeo E-learning CEE"},"image":{"@id":"https:\/\/centro-cee.com\/web\/#\/schema\/logo\/image\/"},"sameAs":["https:\/\/www.instagram.com\/centroeuropeo_cee"]}]}},"_links":{"self":[{"href":"https:\/\/centro-cee.com\/web\/wp-json\/wp\/v2\/product\/1179","targetHints":{"allow":["GET"]}}],"collection":[{"href":"https:\/\/centro-cee.com\/web\/wp-json\/wp\/v2\/product"}],"about":[{"href":"https:\/\/centro-cee.com\/web\/wp-json\/wp\/v2\/types\/product"}],"replies":[{"embeddable":true,"href":"https:\/\/centro-cee.com\/web\/wp-json\/wp\/v2\/comments?post=1179"}],"wp:featuredmedia":[{"embeddable":true,"href":"https:\/\/centro-cee.com\/web\/wp-json\/wp\/v2\/media\/1180"}],"wp:attachment":[{"href":"https:\/\/centro-cee.com\/web\/wp-json\/wp\/v2\/media?parent=1179"}],"wp:term":[{"taxonomy":"product_brand","embeddable":true,"href":"https:\/\/centro-cee.com\/web\/wp-json\/wp\/v2\/product_brand?post=1179"},{"taxonomy":"product_cat","embeddable":true,"href":"https:\/\/centro-cee.com\/web\/wp-json\/wp\/v2\/product_cat?post=1179"},{"taxonomy":"product_tag","embeddable":true,"href":"https:\/\/centro-cee.com\/web\/wp-json\/wp\/v2\/product_tag?post=1179"}],"curies":[{"name":"wp","href":"https:\/\/api.w.org\/{rel}","templated":true}]}}