{"id":1177,"date":"2023-03-16T10:53:31","date_gmt":"2023-03-16T10:53:31","guid":{"rendered":"https:\/\/centro-cee.com\/web\/?post_type=product&#038;p=1177"},"modified":"2026-03-13T16:45:34","modified_gmt":"2026-03-13T16:45:34","slug":"master-en-marketing-manager-y-publicidad-online","status":"publish","type":"product","link":"https:\/\/centro-cee.com\/web\/producto\/master-en-marketing-manager-y-publicidad-online\/","title":{"rendered":"M\u00e1ster en marketing manager y publicidad online"},"content":{"rendered":"<p><a href=\"https:\/\/centro-cee.com\/web\/formaciones\/\">Atr\u00e1s<\/a><\/p>\n<p><em><strong>M\u00e1ster en marketing manager y publicidad online<\/strong><\/em><\/p>\n<p>Toda esta informaci\u00f3n se realiza 100% online en nuestro campus online de formaci\u00f3n.<\/p>\n<p>Las tutorias se realizan directamente desde el campus de estudio con la opci\u00f3n de mensajer\u00eda a profesores. Las tutorias son \u201ca demanda\u201d, cuando necesites soporte nos lo pides.<\/p>\n<p>Los t\u00edtulos de Centro CEE est\u00e1n autenticados por la firma de notario que valida contenidos y autenticidad a nivel internacional. Nuestra organizaci\u00f3n pertenece a la Asociaci\u00f3n Espa\u00f1ola de Calidad, organizaci\u00f3n Espa\u00f1ola de referencia para la calidad en la formaci\u00f3n. La certificaci\u00f3n se puede apostillar por la Haya para cualquier pa\u00eds firmante del convenio de la Haya.<\/p>\n<p>Se puede pagar a plazos.<\/p>\n<p>Carga horaria de la formaci\u00f3n: 600h<\/p>\n<hr \/>\n<h2>M\u00e1ster en marketing manager y publicidad online<\/h2>\n<p>1. MARKETING<br \/>\n1.1. Introducci\u00f3n<br \/>\n1.2. Conceptos del marketing<\/p>\n<p>2. DETERMINANTES DEL MARKETING<br \/>\n2.1. Introducci\u00f3n<br \/>\n2.2. Consumidor<br \/>\n2.3. Comprador<br \/>\n2.4. \u2026<\/p>\n<p>3. INSTRUMENTOS DEL MARKETING: PRODUCTO Y PRECIO<br \/>\n3.1. Marketing mix<br \/>\n3.2. Producto: Clasificaci\u00f3n<br \/>\n3.3. Ciclo de vida del producto<br \/>\n3.4. \u2026<\/p>\n<p>4. INSTRUMENTOS DEL MARKETING: PROMOCI\u00d3N Y DISTRIBUCI\u00d3N<br \/>\n4.1. Promoci\u00f3n<br \/>\n4.2. Punto de venta<br \/>\n4.3. ..<\/p>\n<p>5. DIRECCI\u00d3N DE MARKETING<br \/>\n5.1. Direcci\u00f3n estrat\u00e9gica del mercado<br \/>\n5.2. Planificaci\u00f3n estrat\u00e9gica: An\u00e1lisis de la situaci\u00f3n<br \/>\n5.3. Planificaci\u00f3n estrat\u00e9gica: M\u00e9todos de investigaci\u00f3n<br \/>\n5.4. \u2026<\/p>\n<p>6. PLANES OPERATIVOS<br \/>\n6.1. Implantaci\u00f3n de los planes operativos<br \/>\n6.2. Control de resultados<\/p>\n<p>PLAN DE MARKETING<br \/>\n1. PLANIFICACI\u00d3N Y PRESENTACI\u00d3N DEL PLAN DE MARKETING<br \/>\n1.1. Naturaleza y contenido de un plan de marketing<br \/>\n1.2. Presentaci\u00f3n del plan de marketing<\/p>\n<p>2. IMPLANTACI\u00d3N, EVALUACI\u00d3N Y CONTROL DEL PLAN DE MARKETING<br \/>\n2.1. La implantaci\u00f3n del plan de marketing<br \/>\n2.2. Evaluaci\u00f3n y control del plan de marketing<\/p>\n<p><strong>MARKETING PROMOCIONAL, DIRECTO Y RELACIONAL<\/strong><\/p>\n<p>1. INTRODUCCI\u00d3N AL MARKETING. CONCEPTOS Y ELEMENTOS<br \/>\n1.1. Introducci\u00f3n<br \/>\n1.2. Definiciones<br \/>\n1.3. El desarrollo del marketing<br \/>\n1.4. Aplicaciones del marketing<br \/>\n1.5. ..<\/p>\n<p>2. MARKETING MIX<br \/>\n2.1. Evoluci\u00f3n hist\u00f3rica de las variables y orientaciones del marketing<br \/>\n2.2. Teor\u00eda de las cuatro P\u00b4s<br \/>\n2.3. Producto. Introducci\u00f3n<br \/>\n2.4. Los atributos del producto<br \/>\n2.5. Clasificaci\u00f3n de los productos y caracter\u00edsticas<br \/>\n2.6. \u2026.<\/p>\n<p>3. DISTRIBUCI\u00d3N Y COMUNICACI\u00d3N<br \/>\n3.1. Distribuci\u00f3n. Introducci\u00f3n<br \/>\n3.2. Canales de distribuci\u00f3n. Introducci\u00f3n<br \/>\n3.3. Los intermediarios<br \/>\n3.4. La selecci\u00f3n de canales por parte de la empresa<br \/>\n3.5. \u2026.<\/p>\n<p>4. TIPOS DE PROMOCIONES<br \/>\n4.1. T\u00e9cnicas de promoci\u00f3n dirigidas al consumidor final. Introducci\u00f3n<br \/>\n4.2. T\u00e9cnicas promocionales dirigidas al canal de distribuci\u00f3n<br \/>\n4.3. T\u00e9cnicas promocionales dirigidas a la fuerza o equipo de ventas<br \/>\n4.4. \u2026<\/p>\n<p>5. OBJETIVOS Y PROMOCIONES<br \/>\n5.1. Objetivos de venta. Planteamiento de los objetivos de promoci\u00f3n<br \/>\n5.2. Naturaleza de los objetivos de promoci\u00f3n<br \/>\n5.3. Clasificaci\u00f3n de los objetivos de la promoci\u00f3n de ventas<br \/>\n5.4. Objetivos de captaci\u00f3n de nuevos clientes. Introducci\u00f3n<br \/>\n5.5. \u2026.<\/p>\n<p>6. LA PROMOCI\u00d3N EN EL PUNTO DE VENTA<br \/>\n6.1. El punto de venta<br \/>\n6.2. Los consumidores<br \/>\n6.3. PLV<br \/>\n6.4. Aplicaciones de la publicidad en un lugar de venta<br \/>\n6.5. Introducci\u00f3n al concepto de merchandising<br \/>\n6.6\u2026.<\/p>\n<p>7. RELACI\u00d3N DE LAS PROMOCIONES CON OTRAS HERRAMIENTAS DE COMUNICACI\u00d3N<br \/>\n7.1. La importancia de la comunicaci\u00f3n<br \/>\n7.2. Las herramientas de la comunicaci\u00f3n<br \/>\n7.3. La comunicaci\u00f3n del marketing promocional<br \/>\n7.4. \u2026.<br \/>\n7.8. La publicidad de la promoci\u00f3n<\/p>\n<p>8. RELACIONES P\u00daBLICAS. MARKETING DIRECTO Y RELACIONAL<br \/>\n8.1. Relaciones p\u00fablicas. Definici\u00f3n<br \/>\n8.2. El p\u00fablico de una empresa<br \/>\n8.3. Objetivos y funciones de las relaciones p\u00fablicas<br \/>\n8.4\u2026..<\/p>\n<p><strong>MARKETING ONLINE<\/strong><\/p>\n<p>1. INTRODUCCI\u00d3N AL MARKETING DIGITAL<br \/>\n1.1. \u00bfQu\u00e9 es el marketing digital?<br \/>\n1.2. Evoluci\u00f3n del marketing y de los medios<br \/>\n1.3. Bases del marketing digital<br \/>\n1.4. Ventajas del marketing digital<br \/>\n1.5. \u2026<\/p>\n<p>2. ELEMENTOS DEL MARKETING DIGITAL<br \/>\n2.1. El producto<br \/>\n2.1.1. Aspectos destacados del producto o servicio<br \/>\n2.2. El precio<br \/>\n2.2.1. La fijaci\u00f3n del precio<br \/>\n2.3. Los canales<br \/>\n2.4. La publicidad y la promoci\u00f3n<br \/>\n2.4.1. La publicidad<br \/>\n2.4.2. La promoci\u00f3n<br \/>\n2.4.3. \u2026.<\/p>\n<p>3. HERRAMIENTAS ESTRAT\u00c9GICAS DEL MARKETING DIGITAL<br \/>\n3.1. Identificaci\u00f3n y segmentaci\u00f3n del p\u00fablico objetivo<br \/>\n3.2. Programa de afiliados<br \/>\n3.2.1. Punto de vista del vendedor<br \/>\n3.2.2. ..<\/p>\n<p>4. PERSONALIZACI\u00d3N DENTRO DE LAS ESTRATEGIAS DE MARKETING DIGITAL<br \/>\n4.1. Marketing relacional<br \/>\n4.1.1. Ventajas del marketing relacional<br \/>\n4.2. Marketing one to one y micromarketing<br \/>\n4.3. Concepto de CRM<br \/>\n4.4. ECRM<br \/>\n4.5. \u2026<\/p>\n<p>5. PLANIFICACI\u00d3N DE UNA CAMPA\u00d1A DE COMUNICACI\u00d3N ON LINE<br \/>\n5.1. Caracter\u00edsticas de la comunicaci\u00f3n online<br \/>\n5.2. Campa\u00f1a de Comunicaci\u00f3n Integral<br \/>\n5.3. Pasos para realizar una campa\u00f1a de publicidad<br \/>\n5.4. Formas de promoci\u00f3n en Internet<br \/>\n5.5. La comunicaci\u00f3n comercial<br \/>\n5.5.1. Funcionamiento de la comunicaci\u00f3n<br \/>\n5.5.2. \u2026<\/p>\n<p>6. PUBLICIDAD ONLINE Y SU EFICACIA<br \/>\n6.1. Formatos publicitarios online<br \/>\n6.1.1. Formatos integrados<br \/>\n6.1.2. Formatos flotantes<br \/>\n6.1.3. \u2026<br \/>\n6.2. Tarifas de publicidad en Internet<br \/>\n6.2.1. C\u00e1lculo de tarifas<br \/>\n6.3. Factores que mejoran el \u00e9xito de los banners<br \/>\n6.4. Datos de inversi\u00f3n y eficacia publicitaria<br \/>\n6.4.1. La eficacia de los formatos<br \/>\n6.4.2. Herramientas de an\u00e1lisis de tr\u00e1fico web<br \/>\n6.5. \u2026<\/p>\n<p>7. MARKETING EN BUSCADORES<br \/>\n7.1. Concepto de Optimizaci\u00f3n de motores de b\u00fasqueda (SEO)<br \/>\n7.2. Externalizar el servicio de optimizaci\u00f3n en buscadores<br \/>\n7.3. Conceptos b\u00e1sicos de Google<br \/>\n7.3.1. Rastreo<br \/>\n7.3.2. \u2026<br \/>\n7.4. Directrices para indexarse en Google<br \/>\n7.5. Google Adwords<br \/>\n7.5.1. Palabras claves<br \/>\n7.5.2. Control de las campa\u00f1as.<\/p>\n<p><strong>C\u00d3MO POSICIONAR P\u00c1GINAS WEB CON \u00c9XITO<\/strong><\/p>\n<p>1. POSICIONAMIENTO EN BUSCADORES<br \/>\n1.1. Buscadores<br \/>\n1.2. SEO<br \/>\n1.2.1. Ventajas del SEO<br \/>\n1.2.2. Desventajas del SEO<br \/>\n1.3. \u2026<\/p>\n<p>2. ELECCI\u00d3N DE PALABRAS CLAVES<br \/>\n2.1. Las palabras clave<br \/>\n2.2. Elecci\u00f3n de las palabras clave<br \/>\n2.3. \u2026<\/p>\n<p>3. \u00bfD\u00d3NDE UTILIZAR LAS PALABRAS CLAVE?<br \/>\n3.1. Introducci\u00f3n<br \/>\n3.2. Nombre de dominio<br \/>\n3.3. Nombre de secciones y URLs de las p\u00e1ginas<br \/>\n3.4. \u2026<\/p>\n<p>4. ENLACES<br \/>\n4.1. Enlaces DoFollow y NoFollow<br \/>\n4.2. PageRank<br \/>\n4.3. Enlaces externos<br \/>\n4.4. Alta en directorios<br \/>\n4.5. \u2026<\/p>\n<p>5. CONTENIDOS DIF\u00cdCILES DE POSICIONAR<br \/>\n5.1. El contenido es el rey<br \/>\n5.2. El archivo robots.txt<br \/>\n5.3. \u2026<\/p>\n<p>6. AN\u00c1LISIS DE LAS ESTAD\u00cdSTICAS DE ACCESO<br \/>\n6.1. Tipos de aplicaciones de an\u00e1lisis<br \/>\n6.2. Herramientas de an\u00e1lisis de LOGs. Ejemplo: AWStats<br \/>\n6.3. Servicio online externo. Ejemplo: Google Analytics<\/p>\n<p>7. HERRAMIENTAS DE GOOGLE ADWORDS<br \/>\n7.1. Introducci\u00f3n<br \/>\n7.2. Registrarse en Google Adwords<br \/>\n7.3. ..<\/p>\n<p><strong>COMERCIO ELECTR\u00d3NICO PARA PYMES<\/strong><\/p>\n<p>1. QU\u00c9 ES EL COMERCIO ELECTR\u00d3NICO Y E-BUSINESS<br \/>\n1.1. E-business<br \/>\n1.2. E-commerce<br \/>\n1.3. E-service<br \/>\n1.4. Modelos de ventas: b2b, b2c, c2c, b2c2, b2b2c, p2p<br \/>\n1.5. \u2026.<\/p>\n<p>2. E-BUSINESS: NUEVOS MODELOS DE PROCESOS DE NEGOCIO<br \/>\n2.1. Introducci\u00f3n<br \/>\n2.2. Entornos<br \/>\n2.3. Fundamentos de la Nueva Econom\u00eda<br \/>\n2.3.1. Tecnolog\u00eda<br \/>\n2.3.2. Recursos Humanos<br \/>\n2.3.3. ..<br \/>\n2.4. Utilidades de las nuevas tecnolog\u00edas<br \/>\n2.5. \u2026<\/p>\n<p>3. ELEMENTOS DE UN SISTEMA DE E-BUSINESS Y COMERCIO ELECTR\u00d3NICO<br \/>\n3.1. \u00c1reas organizativas<br \/>\n3.1.1. Puestos de trabajo en la nueva econom\u00eda<br \/>\n3.2. Modelos de organizaci\u00f3n<br \/>\n3.2.1. Piramidal<br \/>\n3.2.2. Vertical<br \/>\n3.2.3. \u2026<br \/>\n3.3. Funciones a asumir<br \/>\n3.4. Gesti\u00f3n del conocimiento<\/p>\n<p>4. REQUISITOS M\u00cdNIMOS PARA EL COMERCIO ELECTR\u00d3NICO Y EL E-BUSINESS<br \/>\n4.1. Factores b\u00e1sicos<br \/>\n4.2. Caracter\u00edsticas de los nuevos modelos de negocio<br \/>\n4.3. Fases para la implantaci\u00f3n<br \/>\n4.4. \u2026<\/p>\n<p>5. SOLUCIONES INTEGRALES EN MATERIA TECNOL\u00d3GICA PARA LA PUESTA EN MARCHA DE INICIATIVAS DE COMERCIO ELECTR\u00d3NICO Y E-BUSINESS<br \/>\n5.1. Introducci\u00f3n<br \/>\n5.2. Arsys<br \/>\n5.2.1. Caracter\u00edsticas<br \/>\n5.3. Nominalia<br \/>\n5.3.1. Caracter\u00edsticas<br \/>\n5.4. Acens<br \/>\n5.4.1. Caracter\u00edsticas<br \/>\n5.5. Otras soluciones<\/p>\n<p>6. AN\u00c1LISIS DE LOS PRINCIPALES CASOS DE \u00c9XITO DE COMERCIO ELECTR\u00d3NICO<br \/>\n6.1. Introducci\u00f3n<br \/>\n6.2. eBay<br \/>\n6.2.1. Introducci\u00f3n<br \/>\n6.2.2. Historia<br \/>\n6.2.3. \u2026<br \/>\n6.3. ING Direct<br \/>\n6.3.1. Su \u00e9xito<br \/>\n6.3.2. \u2026<br \/>\n6.4. eDreams<br \/>\n6.4.1. Qu\u00e9 es<br \/>\n6.4.2. Historia<br \/>\n6.4.3. ..<br \/>\n6.5. Buy-vip<br \/>\n6.5.1. Introducci\u00f3n<br \/>\n6.5.2. Historia<br \/>\n6.5.3. ..<\/p>\n<p>7. DOMINIOS, P\u00c1GINAS WEB, SITIOS WEB Y PORTALES<br \/>\n7.1. Internet<br \/>\n7.2. Dominios<br \/>\n7.2.1. Tipos de Dominios<br \/>\n7.2.2. Registrar un dominio<br \/>\n7.3. P\u00e1gina Web<br \/>\n7.3.1. HTML<br \/>\n7.4. Sitio Web<br \/>\n7.4.1. Introducci\u00f3n<br \/>\n7.4.2. Nombres de carpetas y archivos<br \/>\n7.4.3. ..<br \/>\n7.5. Portales<\/p>\n<p><strong>INSTRUMENTOS DE COMUNICACI\u00d3N Y PUBLICIDAD<\/strong><\/p>\n<p>1. INTRODUCCI\u00d3N A LA COMUNICACI\u00d3N DE MARKETING<br \/>\n1.1. Introducci\u00f3n<br \/>\n1.2. Desarrollo efectivo de una comunicaci\u00f3n<br \/>\n1.3..<\/p>\n<p>2. PUBLICIDAD<br \/>\n2.1. Objetivos de la publicidad<br \/>\n2.2. Presupuesto de publicidad<br \/>\n2.3. Decisi\u00f3n del mensaje<br \/>\n2.4\u2026<\/p>\n<p>3. LA PROMOCI\u00d3N DE VENTAS. RELACIONES P\u00daBLICAS<br \/>\n3.1. Promoci\u00f3n de ventas<br \/>\n3.2. Relaciones p\u00fablicas<\/p>\n<p>4. MARKETING DIRECTO<br \/>\n4.1. Introducci\u00f3n al marketing directo<br \/>\n4.2. Comercio electr\u00f3nico y marketing online<\/p>\n<p><strong>PUBLICIDAD EN INTERNET<\/strong><\/p>\n<p>1. La publicidad tradicional y la publicidad online<br \/>\n1.1. Internet como soporte publicitario<br \/>\n1.2. Publicidad online vs. tradicional<br \/>\n1.3. Recomendaciones. Autorregulaci\u00f3n<br \/>\n1.4. Tipos de publicidad<br \/>\n1.4.1. \u2026<\/p>\n<p>2. Estrategias publicitarias en Internet<br \/>\n2.1. Introducci\u00f3n<br \/>\n2.2. Email Marketing<br \/>\n2.2.1. El e-mail marketing dentro de la estrategia de marketing online.<br \/>\n2.2.2. Ventajas y desventajas del e-mail marketing<br \/>\n2.3. Posicionamiento en Buscadores<br \/>\n2.3.1. Buscadores<br \/>\n2.3.2. \u2026<\/p>\n<p>3. Planificaci\u00f3n de la campa\u00f1a publicitaria online<br \/>\n3.1. Campa\u00f1a de Comunicaci\u00f3n Integral<br \/>\n3.2. Pasos para realizar una campa\u00f1a<br \/>\n3.2.1. Fijaci\u00f3n de objetivos<br \/>\n3.2.2. Briefing<br \/>\n3.2.3. Elaboraci\u00f3n del mensaje<br \/>\n3.2.4. Realizaci\u00f3n de elementos publicitarios finales<br \/>\n3.3. \u2026.<\/p>\n<p>4. Planificaci\u00f3n de los medios publicitarios online<br \/>\n4.1. \u00bfQu\u00e9 es la planificaci\u00f3n de medios?<br \/>\n4.2. El plan de medios online<br \/>\n4.3. \u2026<\/p>\n<p>5. Medios, soportes y formatos publicitarios online<br \/>\n5.1. Introducci\u00f3n<br \/>\n5.2. Formatos integrados<br \/>\n5.3. Formatos flotantes<br \/>\n5.4. \u2026<\/p>\n<p>6. Evaluaci\u00f3n de la eficacia publicitaria. Modelos de contrataci\u00f3n de publicidad online<br \/>\n6.1. Tarifas y Modos de contrataci\u00f3n de publicidad en Internet<br \/>\n6.2. Factores que mejoran el \u00e9xito de los banners<br \/>\n6.2.1. ..<\/p>\n<p>7. La Web<br \/>\n7.1. Las cookies<br \/>\n7.2. Posicionamiento natural en buscadores<br \/>\n7.2.1. Elecci\u00f3n de palabras claves<br \/>\n7.3. \u2026.<\/p>\n<p><em><strong>M\u00e1ster en marketing manager y publicidad online<\/strong><\/em><\/p>\n<hr \/>\n","protected":false},"excerpt":{"rendered":"<p><a href=\"https:\/\/centro-cee.com\/web\/formaciones\/\">Atr\u00e1s<\/a><\/p>\n<p>Resulta evidente que actualmente el Marketing Digital y la Publicidad Onlin son dos disciplinas que van de la mano, sobre todo en estos tiempos donde todo \u00abse vende\u00bb y donde la publicidad es vital para el \u00e9xito de cualquier proyecto. En resumen, una campa\u00f1a de publicidad sin una estrategia de marketing es impensable y viceversa.<\/p>\n<p>De esta manera, para triunfar en este sector es importante contar con una formaci\u00f3n de calidad y completa. Por eso, la formaci\u00f3n obtenida a trav\u00e9s de este curso es de alto nivel y con gran cantidad de contenidos que dotaran a las\/los alumnas\/os de unos conocimientos excelentes.<\/p>\n","protected":false},"featured_media":1178,"comment_status":"closed","ping_status":"closed","template":"","meta":[],"product_brand":[],"product_cat":[2050,17],"product_tag":[1262,1259,1260,1264,1001,1258,1261,1257,364,1263],"class_list":{"0":"post-1177","1":"product","2":"type-product","3":"status-publish","4":"has-post-thumbnail","6":"product_cat-cursos-online-empresa","7":"product_cat-master","8":"product_tag-analisis-de-metricas-de-marketing","9":"product_tag-certificacion-en-publicidad-digital","10":"product_tag-curso-online-de-marketing-y-publicidad","11":"product_tag-desarrollo-de-marcas-en-entornos-digitales","12":"product_tag-estrategias-de-marketing-digital","13":"product_tag-formacion-en-marketing-digital","14":"product_tag-gestion-de-campanas-publicitarias","15":"product_tag-master-en-marketing-manager","16":"product_tag-publicidad-online","17":"product_tag-tecnicas-de-seo-y-sem","19":"first","20":"instock","21":"sale","22":"shipping-taxable","23":"purchasable","24":"product-type-simple"},"yoast_head":"<!-- This site is optimized with the Yoast SEO plugin v27.4 - https:\/\/yoast.com\/product\/yoast-seo-wordpress\/ -->\n<title>M\u00e1ster en marketing manager y publicidad online<\/title>\n<meta name=\"description\" content=\"El M\u00e1ster en marketing manager y publicidad online te dar\u00e1 las herramientas y conocimientos necesarios para convertirte en un experto en el mundo digital.\" \/>\n<meta name=\"robots\" content=\"index, follow, max-snippet:-1, max-image-preview:large, max-video-preview:-1\" \/>\n<link rel=\"canonical\" href=\"https:\/\/centro-cee.com\/web\/producto\/master-en-marketing-manager-y-publicidad-online\/\" \/>\n<meta property=\"og:locale\" content=\"es_ES\" \/>\n<meta property=\"og:type\" content=\"article\" \/>\n<meta property=\"og:title\" content=\"M\u00e1ster en marketing manager y publicidad online\" \/>\n<meta property=\"og:description\" content=\"El M\u00e1ster en marketing manager y publicidad online te dar\u00e1 las herramientas y conocimientos necesarios para convertirte en un experto en el mundo digital.\" \/>\n<meta property=\"og:url\" content=\"https:\/\/centro-cee.com\/web\/producto\/master-en-marketing-manager-y-publicidad-online\/\" \/>\n<meta property=\"og:site_name\" content=\"CEE Centro Europeo E-learning - Cursos online\" \/>\n<meta property=\"article:modified_time\" content=\"2026-03-13T16:45:34+00:00\" \/>\n<meta property=\"og:image\" content=\"https:\/\/centro-cee.com\/web\/wp-content\/uploads\/2023\/03\/imagen_2023-03-16_115122229.png\" \/>\n\t<meta property=\"og:image:width\" content=\"791\" \/>\n\t<meta property=\"og:image:height\" content=\"438\" \/>\n\t<meta property=\"og:image:type\" content=\"image\/png\" \/>\n<meta name=\"twitter:card\" content=\"summary_large_image\" \/>\n<meta name=\"twitter:label1\" content=\"Tiempo de lectura\" \/>\n\t<meta name=\"twitter:data1\" content=\"7 minutos\" \/>\n<script type=\"application\/ld+json\" class=\"yoast-schema-graph\">{\"@context\":\"https:\\\/\\\/schema.org\",\"@graph\":[{\"@type\":\"WebPage\",\"@id\":\"https:\\\/\\\/centro-cee.com\\\/web\\\/producto\\\/master-en-marketing-manager-y-publicidad-online\\\/\",\"url\":\"https:\\\/\\\/centro-cee.com\\\/web\\\/producto\\\/master-en-marketing-manager-y-publicidad-online\\\/\",\"name\":\"M\u00e1ster en marketing manager y publicidad online\",\"isPartOf\":{\"@id\":\"https:\\\/\\\/centro-cee.com\\\/web\\\/#website\"},\"primaryImageOfPage\":{\"@id\":\"https:\\\/\\\/centro-cee.com\\\/web\\\/producto\\\/master-en-marketing-manager-y-publicidad-online\\\/#primaryimage\"},\"image\":{\"@id\":\"https:\\\/\\\/centro-cee.com\\\/web\\\/producto\\\/master-en-marketing-manager-y-publicidad-online\\\/#primaryimage\"},\"thumbnailUrl\":\"https:\\\/\\\/centro-cee.com\\\/web\\\/wp-content\\\/uploads\\\/2023\\\/03\\\/imagen_2023-03-16_115122229.png\",\"datePublished\":\"2023-03-16T10:53:31+00:00\",\"dateModified\":\"2026-03-13T16:45:34+00:00\",\"description\":\"El M\u00e1ster en marketing manager y publicidad online te dar\u00e1 las herramientas y conocimientos necesarios para convertirte en un experto en el mundo digital.\",\"breadcrumb\":{\"@id\":\"https:\\\/\\\/centro-cee.com\\\/web\\\/producto\\\/master-en-marketing-manager-y-publicidad-online\\\/#breadcrumb\"},\"inLanguage\":\"es\",\"potentialAction\":[{\"@type\":\"ReadAction\",\"target\":[\"https:\\\/\\\/centro-cee.com\\\/web\\\/producto\\\/master-en-marketing-manager-y-publicidad-online\\\/\"]}]},{\"@type\":\"ImageObject\",\"inLanguage\":\"es\",\"@id\":\"https:\\\/\\\/centro-cee.com\\\/web\\\/producto\\\/master-en-marketing-manager-y-publicidad-online\\\/#primaryimage\",\"url\":\"https:\\\/\\\/centro-cee.com\\\/web\\\/wp-content\\\/uploads\\\/2023\\\/03\\\/imagen_2023-03-16_115122229.png\",\"contentUrl\":\"https:\\\/\\\/centro-cee.com\\\/web\\\/wp-content\\\/uploads\\\/2023\\\/03\\\/imagen_2023-03-16_115122229.png\",\"width\":791,\"height\":438,\"caption\":\"m\u00e1ster en marketing manager y publicidad online\"},{\"@type\":\"BreadcrumbList\",\"@id\":\"https:\\\/\\\/centro-cee.com\\\/web\\\/producto\\\/master-en-marketing-manager-y-publicidad-online\\\/#breadcrumb\",\"itemListElement\":[{\"@type\":\"ListItem\",\"position\":1,\"name\":\"Portada\",\"item\":\"https:\\\/\\\/centro-cee.com\\\/web\\\/\"},{\"@type\":\"ListItem\",\"position\":2,\"name\":\"M\u00e1ster en marketing manager y publicidad online\"}]},{\"@type\":\"WebSite\",\"@id\":\"https:\\\/\\\/centro-cee.com\\\/web\\\/#website\",\"url\":\"https:\\\/\\\/centro-cee.com\\\/web\\\/\",\"name\":\"Centro Europeo E-learning\",\"description\":\"CEE Formaci\u00f3n Online\",\"publisher\":{\"@id\":\"https:\\\/\\\/centro-cee.com\\\/web\\\/#organization\"},\"alternateName\":\"Centro Online de Formaci\u00f3n\",\"potentialAction\":[{\"@type\":\"SearchAction\",\"target\":{\"@type\":\"EntryPoint\",\"urlTemplate\":\"https:\\\/\\\/centro-cee.com\\\/web\\\/?s={search_term_string}\"},\"query-input\":{\"@type\":\"PropertyValueSpecification\",\"valueRequired\":true,\"valueName\":\"search_term_string\"}}],\"inLanguage\":\"es\"},{\"@type\":\"Organization\",\"@id\":\"https:\\\/\\\/centro-cee.com\\\/web\\\/#organization\",\"name\":\"Centro Europeo E-learning CEE\",\"url\":\"https:\\\/\\\/centro-cee.com\\\/web\\\/\",\"logo\":{\"@type\":\"ImageObject\",\"inLanguage\":\"es\",\"@id\":\"https:\\\/\\\/centro-cee.com\\\/web\\\/#\\\/schema\\\/logo\\\/image\\\/\",\"url\":\"https:\\\/\\\/centro-cee.com\\\/web\\\/wp-content\\\/uploads\\\/2022\\\/12\\\/cropped-logo_educa.png\",\"contentUrl\":\"https:\\\/\\\/centro-cee.com\\\/web\\\/wp-content\\\/uploads\\\/2022\\\/12\\\/cropped-logo_educa.png\",\"width\":157,\"height\":63,\"caption\":\"Centro Europeo E-learning CEE\"},\"image\":{\"@id\":\"https:\\\/\\\/centro-cee.com\\\/web\\\/#\\\/schema\\\/logo\\\/image\\\/\"},\"sameAs\":[\"https:\\\/\\\/www.instagram.com\\\/centroeuropeo_cee\"]}]}<\/script>\n<!-- \/ Yoast SEO plugin. -->","yoast_head_json":{"title":"M\u00e1ster en marketing manager y publicidad online","description":"El M\u00e1ster en marketing manager y publicidad online te dar\u00e1 las herramientas y conocimientos necesarios para convertirte en un experto en el mundo digital.","robots":{"index":"index","follow":"follow","max-snippet":"max-snippet:-1","max-image-preview":"max-image-preview:large","max-video-preview":"max-video-preview:-1"},"canonical":"https:\/\/centro-cee.com\/web\/producto\/master-en-marketing-manager-y-publicidad-online\/","og_locale":"es_ES","og_type":"article","og_title":"M\u00e1ster en marketing manager y publicidad online","og_description":"El M\u00e1ster en marketing manager y publicidad online te dar\u00e1 las herramientas y conocimientos necesarios para convertirte en un experto en el mundo digital.","og_url":"https:\/\/centro-cee.com\/web\/producto\/master-en-marketing-manager-y-publicidad-online\/","og_site_name":"CEE Centro Europeo E-learning - Cursos online","article_modified_time":"2026-03-13T16:45:34+00:00","og_image":[{"width":791,"height":438,"url":"https:\/\/centro-cee.com\/web\/wp-content\/uploads\/2023\/03\/imagen_2023-03-16_115122229.png","type":"image\/png"}],"twitter_card":"summary_large_image","twitter_misc":{"Tiempo de lectura":"7 minutos"},"schema":{"@context":"https:\/\/schema.org","@graph":[{"@type":"WebPage","@id":"https:\/\/centro-cee.com\/web\/producto\/master-en-marketing-manager-y-publicidad-online\/","url":"https:\/\/centro-cee.com\/web\/producto\/master-en-marketing-manager-y-publicidad-online\/","name":"M\u00e1ster en marketing manager y publicidad online","isPartOf":{"@id":"https:\/\/centro-cee.com\/web\/#website"},"primaryImageOfPage":{"@id":"https:\/\/centro-cee.com\/web\/producto\/master-en-marketing-manager-y-publicidad-online\/#primaryimage"},"image":{"@id":"https:\/\/centro-cee.com\/web\/producto\/master-en-marketing-manager-y-publicidad-online\/#primaryimage"},"thumbnailUrl":"https:\/\/centro-cee.com\/web\/wp-content\/uploads\/2023\/03\/imagen_2023-03-16_115122229.png","datePublished":"2023-03-16T10:53:31+00:00","dateModified":"2026-03-13T16:45:34+00:00","description":"El M\u00e1ster en marketing manager y publicidad online te dar\u00e1 las herramientas y conocimientos necesarios para convertirte en un experto en el mundo digital.","breadcrumb":{"@id":"https:\/\/centro-cee.com\/web\/producto\/master-en-marketing-manager-y-publicidad-online\/#breadcrumb"},"inLanguage":"es","potentialAction":[{"@type":"ReadAction","target":["https:\/\/centro-cee.com\/web\/producto\/master-en-marketing-manager-y-publicidad-online\/"]}]},{"@type":"ImageObject","inLanguage":"es","@id":"https:\/\/centro-cee.com\/web\/producto\/master-en-marketing-manager-y-publicidad-online\/#primaryimage","url":"https:\/\/centro-cee.com\/web\/wp-content\/uploads\/2023\/03\/imagen_2023-03-16_115122229.png","contentUrl":"https:\/\/centro-cee.com\/web\/wp-content\/uploads\/2023\/03\/imagen_2023-03-16_115122229.png","width":791,"height":438,"caption":"m\u00e1ster en marketing manager y publicidad online"},{"@type":"BreadcrumbList","@id":"https:\/\/centro-cee.com\/web\/producto\/master-en-marketing-manager-y-publicidad-online\/#breadcrumb","itemListElement":[{"@type":"ListItem","position":1,"name":"Portada","item":"https:\/\/centro-cee.com\/web\/"},{"@type":"ListItem","position":2,"name":"M\u00e1ster en marketing manager y publicidad online"}]},{"@type":"WebSite","@id":"https:\/\/centro-cee.com\/web\/#website","url":"https:\/\/centro-cee.com\/web\/","name":"Centro Europeo E-learning","description":"CEE Formaci\u00f3n Online","publisher":{"@id":"https:\/\/centro-cee.com\/web\/#organization"},"alternateName":"Centro Online de Formaci\u00f3n","potentialAction":[{"@type":"SearchAction","target":{"@type":"EntryPoint","urlTemplate":"https:\/\/centro-cee.com\/web\/?s={search_term_string}"},"query-input":{"@type":"PropertyValueSpecification","valueRequired":true,"valueName":"search_term_string"}}],"inLanguage":"es"},{"@type":"Organization","@id":"https:\/\/centro-cee.com\/web\/#organization","name":"Centro Europeo E-learning CEE","url":"https:\/\/centro-cee.com\/web\/","logo":{"@type":"ImageObject","inLanguage":"es","@id":"https:\/\/centro-cee.com\/web\/#\/schema\/logo\/image\/","url":"https:\/\/centro-cee.com\/web\/wp-content\/uploads\/2022\/12\/cropped-logo_educa.png","contentUrl":"https:\/\/centro-cee.com\/web\/wp-content\/uploads\/2022\/12\/cropped-logo_educa.png","width":157,"height":63,"caption":"Centro Europeo E-learning CEE"},"image":{"@id":"https:\/\/centro-cee.com\/web\/#\/schema\/logo\/image\/"},"sameAs":["https:\/\/www.instagram.com\/centroeuropeo_cee"]}]}},"_links":{"self":[{"href":"https:\/\/centro-cee.com\/web\/wp-json\/wp\/v2\/product\/1177","targetHints":{"allow":["GET"]}}],"collection":[{"href":"https:\/\/centro-cee.com\/web\/wp-json\/wp\/v2\/product"}],"about":[{"href":"https:\/\/centro-cee.com\/web\/wp-json\/wp\/v2\/types\/product"}],"replies":[{"embeddable":true,"href":"https:\/\/centro-cee.com\/web\/wp-json\/wp\/v2\/comments?post=1177"}],"wp:featuredmedia":[{"embeddable":true,"href":"https:\/\/centro-cee.com\/web\/wp-json\/wp\/v2\/media\/1178"}],"wp:attachment":[{"href":"https:\/\/centro-cee.com\/web\/wp-json\/wp\/v2\/media?parent=1177"}],"wp:term":[{"taxonomy":"product_brand","embeddable":true,"href":"https:\/\/centro-cee.com\/web\/wp-json\/wp\/v2\/product_brand?post=1177"},{"taxonomy":"product_cat","embeddable":true,"href":"https:\/\/centro-cee.com\/web\/wp-json\/wp\/v2\/product_cat?post=1177"},{"taxonomy":"product_tag","embeddable":true,"href":"https:\/\/centro-cee.com\/web\/wp-json\/wp\/v2\/product_tag?post=1177"}],"curies":[{"name":"wp","href":"https:\/\/api.w.org\/{rel}","templated":true}]}}