{"id":1167,"date":"2023-03-14T12:23:30","date_gmt":"2023-03-14T12:23:30","guid":{"rendered":"https:\/\/centro-cee.com\/web\/?post_type=product&#038;p=1167"},"modified":"2026-03-13T16:45:44","modified_gmt":"2026-03-13T16:45:44","slug":"experto-monitor-de-trx-crosstraining","status":"publish","type":"product","link":"https:\/\/centro-cee.com\/web\/producto\/experto-monitor-de-trx-crosstraining\/","title":{"rendered":"Experto monitor de trx-crosstraining"},"content":{"rendered":"<p><a href=\"https:\/\/centro-cee.com\/web\/formaciones\/\">Atr\u00e1s<\/a><\/p>\n<p><strong><em>Experto monitor de trx-crosstraining<\/em><\/strong><\/p>\n<p>Toda esta informaci\u00f3n se realiza 100% online en nuestro campus online de formaci\u00f3n.<\/p>\n<p>Las tutorias se realizan directamente desde el campus de estudio con la opci\u00f3n de mensajer\u00eda a profesores. Las tutorias son \u201ca demanda\u201d, cuando necesites soporte nos lo pides.<\/p>\n<p>Los t\u00edtulos de Centro CEE est\u00e1n autenticados por la firma de notario que valida contenidos y autenticidad a nivel internacional. Nuestra organizaci\u00f3n pertenece a la Asociaci\u00f3n Espa\u00f1ola de Calidad, organizaci\u00f3n Espa\u00f1ola de referencia para la calidad\u00a0en la formaci\u00f3n de auxiliar de enfermer\u00eda. La certificaci\u00f3n se puede apostillar por la Haya para cualquier pa\u00eds firmante del convenio de la Haya.<\/p>\n<p>Se puede pagar a plazos.<\/p>\n<p>Carga horaria de la formaci\u00f3n: 450h<\/p>\n<p>&nbsp;<\/p>\n<h2>Temario<\/h2>\n<hr \/>\n<p>1. BASES ANAT\u00d3MICAS Y FISIOL\u00d3GICAS DEL MOVIMIENTO<br \/>\n1. Introducci\u00f3n.<br \/>\n2. &#8211; Mec\u00e1nica del movimiento.<br \/>\n3. Fundamentos anat\u00f3micos del movimiento.<br \/>\n4. \u2026<br \/>\n2. SISTEMA \u00d3SEO<br \/>\n1. Morfolog\u00eda.<br \/>\n2. Fisiolog\u00eda.<br \/>\n3. Divisi\u00f3n del esqueleto.<br \/>\n4. Desarrollo \u00f3seo.<br \/>\n5. Sistema \u00f3seo.<br \/>\n6. &#8211; Columna vertebral.<br \/>\n7. &#8211; Tronco.<br \/>\n8. &#8211; \u2026<br \/>\n3. FISIOLOG\u00cdA MUSCULAR<br \/>\n1. Introducci\u00f3n<br \/>\n2. Tejido muscular<br \/>\n3. Clasificaci\u00f3n muscular<br \/>\n4. \u2026<br \/>\n4. SISTEMAS ENERG\u00c9TICOS<br \/>\n1. Sistema energ\u00e9tico.<br \/>\n2. ATP (Adenosina Trifosfato).<br \/>\n3. Tipos de fuentes energ\u00e9ticas.<br \/>\n4. &#8230;<br \/>\n5. METABOLISMO EN FISIOLOG\u00cdA DEL EJERCICIO<br \/>\n1. El ejercicio f\u00edsico.<br \/>\n2. &#8211; Clasificaci\u00f3n.<br \/>\n3. &#8211; Efectos fisiol\u00f3gicos del ejercicio f\u00edsico.<br \/>\n4. &#8211; Efectos fisiol\u00f3gicos en ni\u00f1os y adolescentes.<br \/>\n5. &#8211; Fases del ejercicio.<br \/>\n6. \u2026.<br \/>\n6. EL TRX COMO EJERCICIO<br \/>\n1. Concepto y origen del TRX<br \/>\n2. Instalaci\u00f3n y uso del material de TRX<br \/>\n3. &#8211; Descripci\u00f3n del equipo<br \/>\n4. \u2026<br \/>\n7. TEOR\u00cdA DEL ENTRENAMIENTO<br \/>\n1. Introducci\u00f3n al entrenamiento<br \/>\n2. Teor\u00edas que explican los fen\u00f3menos de adaptaci\u00f3n del organismo a los esfuerzos<br \/>\n3. &#8211; S\u00edndrome general de adaptaci\u00f3n del organismo a los esfuerzos<br \/>\n4. &#8211; Ley del umbral (Ley de Shultz-Arnodt)<br \/>\n5. &#8211; Principio de la supercompensaci\u00f3n<br \/>\n6. &#8211; Principios del entrenamiento de la condici\u00f3n f\u00edsica<br \/>\n7. \u2026<br \/>\n8. EL ENTRENAMIENTO EN TRX<br \/>\n1. Agarre, posiciones y \u00e1ngulos de trabajo<br \/>\n2. &#8211; Agarre<br \/>\n3. &#8211; Posiciones<br \/>\n4. &#8211; \u00c1ngulos de trabajo<br \/>\n5. Ejercicios b\u00e1sicos. T\u00e9cnicas de ejecuci\u00f3n<br \/>\n6. &#8211; Sentadillas<br \/>\n7. \u2026<br \/>\n9. EL ENTRENAMIENTO EN CROSSTRAINING<br \/>\n1. Concepto y origen del Crosstraining<br \/>\n2. Instalaci\u00f3n y uso del material de Crosstraining<br \/>\n3. &#8211; Material usado en un box<br \/>\n4. Sesi\u00f3n de entrenamiento de Crosstraining<br \/>\n5. &#8211; Duraci\u00f3n de la sesi\u00f3n<br \/>\n6. \u2026<br \/>\n10. PERFIL DEL MONITOR DE TRX-CROSSTRAINING<br \/>\n1. El monitor de TRX-Crosstraining<br \/>\n2. &#8211; Habilidades y caracter\u00edsticas personales<br \/>\n3. Imagen del instructor<br \/>\n4. &#8211; Comunicaci\u00f3n y motivaci\u00f3n<br \/>\n5. \u2026<br \/>\n11. LESIONES DEPORTIVAS. PREVENCI\u00d3N Y TRATAMIENTO<br \/>\n1. Introducci\u00f3n a las lesiones deportivas.<br \/>\n2. Definici\u00f3n.<br \/>\n3. La prevenci\u00f3n.<br \/>\n4. Tratamiento.<br \/>\n5. Lesiones deportivas frecuentes.<br \/>\n6. \u2026<br \/>\n12. PRIMEROS AUXILIOS<br \/>\n1. Introducci\u00f3n a los primeros auxilios<br \/>\n2. &#8211; Principios b\u00e1sicos de actuaci\u00f3n en primeros auxilios.<br \/>\n3. &#8211; La respiraci\u00f3n.<br \/>\n4. &#8211; El pulso.<br \/>\n5. Actuaciones en primeros auxilios.<br \/>\n6. &#8211; Ahogamiento.<br \/>\n7. \u2026<\/p>\n<p>Tema 2: DIET\u00c9TICA Y NUTRICI\u00d3N<\/p>\n<p>M\u00d3DULO 1: INTRODUCCI\u00d3N A LA DIET\u00c9TICA Y LA NUTRICI\u00d3N. CONCEPTOS B\u00c1SICOS<\/p>\n<p>Introducci\u00f3n<\/p>\n<p>1. Conceptos B\u00e1sicos de Alimentaci\u00f3n y Nutrici\u00f3n<br \/>\n1.1. Alimentaci\u00f3n y Alimento<br \/>\n1.2. Nutrici\u00f3n y Nutriente<br \/>\n1.3. \u2026<\/p>\n<p>2. Clasificaci\u00f3n de los Alimentos<br \/>\n2.1. Clasificaci\u00f3n de los Alimentos<br \/>\n2.1.1. Seg\u00fan Composici\u00f3n<br \/>\n2.1.2. Seg\u00fan Funci\u00f3n<br \/>\n2.2. Nutrientes Energ\u00e9ticos<br \/>\n2.2.1. \u2026<\/p>\n<p>3. La Pir\u00e1mide Nutricional<br \/>\n3.1. La Pir\u00e1mide Nutricional<br \/>\n3.2. Otras Pir\u00e1mides Nutricionales<\/p>\n<p>4. Sistema Gastrointestinal<br \/>\n4.1. Conceptos B\u00e1sicos<br \/>\n4.2. Fisiolog\u00eda y Anatom\u00eda del Aparato Digestivo<\/p>\n<p>5. El Proceso de la Digesti\u00f3n<br \/>\n5.1. La Digesti\u00f3n<br \/>\n5.2. Trastornos Digestivos<br \/>\n5.3. \u2026<br \/>\nIdeas Clave<\/p>\n<p>M\u00d3DULO 2: LOS NUTRIENTES<\/p>\n<p>Introducci\u00f3n<\/p>\n<p>1. Nutrientes Energ\u00e9ticos<br \/>\n1.1. Definici\u00f3n<br \/>\n1.2. Prote\u00ednas<br \/>\n1.2.1. Clasificaci\u00f3n<br \/>\n1.2.2. Funci\u00f3n de las Prote\u00ednas<br \/>\n1.2.3. \u2026<br \/>\n1.3. L\u00edpidos<br \/>\n1.3.1. Clasificaci\u00f3n<br \/>\n1.3.2. Funci\u00f3n de los L\u00edpidos<br \/>\n1.3.3. \u2026<br \/>\n1.4. Hidratos de Carbono<br \/>\n1.4.1. Clasificaci\u00f3n<br \/>\n1.4.2. Funci\u00f3n de los Hidratos de Carbono<br \/>\n1.4.3. \u2026<\/p>\n<p>2. Nutrientes No Energ\u00e9ticos<br \/>\n2.1. Definici\u00f3n<br \/>\n2.2. Vitaminas<br \/>\n2.2.1. Clasificaci\u00f3n y Funci\u00f3n de las Vitaminas<br \/>\n2.2.2. Necesidades<br \/>\n2.3. Minerales<br \/>\n2.3.1. Funciones Generales<br \/>\n2.3.2. Macroelementos<br \/>\n2.3.3. \u2026<\/p>\n<p>3. Valores Nutritivos de los Principales Grupos de Alimentos<br \/>\n3.1. Valor nutritivo seg\u00fan su origen<br \/>\n3.1.1. De Origen Animal<br \/>\n3.1.2. De Origen Vegetal<br \/>\n3.1.3. \u2026<br \/>\nIdeas Clave<\/p>\n<p>M\u00d3DULO 3. ALIMENTACI\u00d3N Y NUTRICI\u00d3N A LO LARGO DE LA VIDA<\/p>\n<p>Introducci\u00f3n<\/p>\n<p>1. Diet\u00e9tica<br \/>\n1.1. Definici\u00f3n<br \/>\n1.2. Calor\u00edas<br \/>\n1.2.1. Necesidades<br \/>\n1.2.2. Metabolismo Basal<br \/>\n1.2.3. \u2026<\/p>\n<p>2. Dieta Equilibrada<br \/>\n2.1. Dieta Equilibrada<br \/>\n2.2. Mitos en Nutrici\u00f3n y Diet\u00e9tica<br \/>\n2.3. Dieta Mediterr\u00e1nea<br \/>\n2.4. La Importancia del Estado Nutricional<\/p>\n<p>3. Nutrici\u00f3n Durante la Gestaci\u00f3n, Primer A\u00f1o de Vida e Infancia<br \/>\n3.1. Alimentaci\u00f3n Durante la Gestaci\u00f3n y la Lactancia<br \/>\n3.1.1. Gestaci\u00f3n<br \/>\n3.1.2. Lactancia<br \/>\n3.2. Alimentaci\u00f3n Durante el Primer A\u00f1o de Vida<br \/>\n3.2.1. Tipos de Lactancia<br \/>\n3.2.2. \u2026<\/p>\n<p>4. Nutrici\u00f3n Durante la Adolescencia y la Edad Adulta<br \/>\n4.1. Alimentaci\u00f3n Durante la Adolescencia<br \/>\n4.1.1. Aspectos Fundamentales<br \/>\n4.1.2. H\u00e1bitos Saludables<br \/>\n4.1.3. \u2026<\/p>\n<p>5. Nutrici\u00f3n Durante Menopausia\/Andropausia y la Tercera Edad<br \/>\n5.1. Alimentaci\u00f3n Durante la Menopausia\/Andropausia<br \/>\n5.1.1. Requerimientos Nutricionales y H\u00e1bitos Saludables<br \/>\n5.2. Alimentaci\u00f3n Durante la Tercera Edad<br \/>\n5.2.1. \u2026<br \/>\nIdeas Clave<\/p>\n<p>M\u00d3DULO 4. DIETOTERAPIA<\/p>\n<p>Introducci\u00f3n<\/p>\n<p>1. Consejos de Elaboraci\u00f3n de Dietas Especiales I<br \/>\n1.1. Definici\u00f3n de Dietoterapia<br \/>\n1.2. H\u00e1bitos Alimenticios Saludables<br \/>\n1.3. \u2026<\/p>\n<p>2. Consejos de Elaboraci\u00f3n de Dietas Especiales II<br \/>\n2.1. Los Trastornos Gastrointestinales<br \/>\n2.2. Enfermedades Cardiovasculares<br \/>\n2.3. \u2026<\/p>\n<p>3. Consejos de Elaboraci\u00f3n de Dietas Especiales III<br \/>\n3.1. La Insuficiencia Renal<br \/>\n3.2. Las Alergias e Intolerancias<br \/>\n3.3. \u2026<br \/>\nIdeas Clave<\/p>\n<p>Tema 3: COMUNICACI\u00d3N EFICAZ CON PROGRAMACI\u00d3N NEUROLING\u00dc\u00cdSTICA (PNL)<\/p>\n<p>1. INTRODUCCI\u00d3N<br \/>\n1.1. Definici\u00f3n y Elementos de la Comunicaci\u00f3n<br \/>\n1.2. Comunicaci\u00f3n Verbal y No verbal<br \/>\n1.3. Las grandes aportaciones de la PNL a la Comunicaci\u00f3n<br \/>\n1.4. \u2026<\/p>\n<p>2. HISTORIA BREVE DE LA PNL<\/p>\n<p>3. COMPONENTES DE LA PNL<br \/>\n3.1. Programaci\u00f3n<br \/>\n3.2. Neuro<br \/>\n3.3. Ling\u00fc\u00edstica<\/p>\n<p>4. LAS CLAVES DE LA BUENA COMUNICACI\u00d3N EN PNL<br \/>\n4.1. Introducci\u00f3n<br \/>\n4.2. Las 10 reglas de la buena comunicaci\u00f3n<\/p>\n<p>5. PREMISA B\u00c1SICA DE LA PNL: EL MAPA NO ES EL TERRITORIO<br \/>\n5.1. Introducci\u00f3n<br \/>\n5.2. \u00bfCu\u00e1ndo sabemos si nuestro mapa es \u00fatil o no?<br \/>\n5.3. \u00bfPor qu\u00e9 tenemos distintos mapas del territorio?<br \/>\n5.4. \u2026<\/p>\n<p>6. IGUALANDO LOS MAPAS: CREANDO RAPPORT, EMPAT\u00cdA O \u201cFEELING\u201d PARA DESPU\u00c9S DIRIGIR O LIDERAR<br \/>\n6.1. Creando Rapport con nuestro lenguaje no verbal<br \/>\n6.2. \u00bfC\u00f3mo acompa\u00f1amos nuestros movimientos a los de la otra persona?<br \/>\n6.3. \u2026<\/p>\n<p>7. SISTEMAS DE REPRESENTACI\u00d3N SENSORIAL<br \/>\n7.1. Personas visuales, auditivas y cinest\u00e9sicas<br \/>\n7.2. Las claves de acceso<br \/>\n7.3. Predicados de los tres sistemas de representaci\u00f3n<\/p>\n<p>8. CLAVE DE ACCESO: MOVIMIENTOS OCULARES<\/p>\n<p>9. VENCER LAS RESISTENCIAS EN LA CONVERSACI\u00d3N<br \/>\n9.1. Conversaci\u00f3n y Flexibilidad<br \/>\n9.2. Los borradores universales<br \/>\n9.3. Marco del como si: ampliando opciones para la persona<br \/>\n9.4. \u2026<\/p>\n<p>10. EL METAMODELO<br \/>\n10.1. Definici\u00f3n<br \/>\n10.2. Preguntas para encontrar informaci\u00f3n<\/p>\n<p>11. LAS PRESUPOSICIONES<br \/>\n11.1. Las presuposiciones en nuestro lenguaje<br \/>\n11.2. La importancia de las presuposiciones<br \/>\n11.3. \u2026<\/p>\n<p>12. EL REENCUADRE<br \/>\n12.1. El significado del reencuadre<br \/>\n12.2. Formas de cambiar la percepci\u00f3n respecto a algo. Tipos de Reencuadre<\/p>\n<p>13. LOS METAPROGRAMAS<br \/>\n13.1. Definici\u00f3n<br \/>\n13.2. Tipos de metaprogramas<\/p>\n<p><strong><em>Experto monitor de trx-crosstraining<\/em><\/strong><\/p>\n<hr \/>\n","protected":false},"excerpt":{"rendered":"<p><a href=\"https:\/\/centro-cee.com\/web\/formaciones\/\">Atr\u00e1s<\/a><\/p>\n<p>\u00a1In\u00edciate como un experto en TRX-Crosstraining y Nutrici\u00f3n form\u00e1ndote de la mano de uno de los centros m\u00e1s reconocidos en Espa\u00f1a y desde la comodidad de tu hogar!<\/p>\n<p>Gracias a la actualizada oferta formativa disponible en Emagister, ahora podr\u00e1s formarte como experto en TRX- Crosstraining y Nutrici\u00f3n, especializ\u00e1ndote con contenidos actualizados impartidos por expertos en el sector y con amplia experiencia laboral en el mismo.<\/p>\n<p>Conoce y perfecciona todos los aspectos relacionados con el crosstraining con TRX, as\u00ed como trabajar con el propio peso del deportista y a trav\u00e9s de la cinta TRX para poder realizar ejercicios espec\u00edficos y sacar todo el potencial de las personas que quieran contar con tus servicios.<\/p>\n","protected":false},"featured_media":1168,"comment_status":"closed","ping_status":"closed","template":"","meta":[],"product_brand":[],"product_cat":[2047,1798,34],"product_tag":[1268,1265,1269,1273,1267,1266,1272,1274,1271,1270],"class_list":{"0":"post-1167","1":"product","2":"type-product","3":"status-publish","4":"has-post-thumbnail","6":"product_cat-cursos-online-deporte","7":"product_cat-cursos-fef","8":"product_cat-tecnicos","9":"product_tag-certificacion-en-trx-y-crosstraining","10":"product_tag-curso-de-monitor-de-trx","11":"product_tag-curso-online-de-fitness-y-entrenamiento","12":"product_tag-entrenamiento-personalizado-en-trx","13":"product_tag-especializacion-en-entrenamiento-funcional","14":"product_tag-formacion-en-crosstraining","15":"product_tag-mejora-de-la-fuerza-y-resistencia","16":"product_tag-metodologias-de-entrenamiento-en-grupo","17":"product_tag-programas-de-crosstraining","18":"product_tag-tecnicas-de-entrenamiento-en-suspension","20":"first","21":"instock","22":"sale","23":"shipping-taxable","24":"purchasable","25":"product-type-simple"},"yoast_head":"<!-- This site is optimized with the Yoast SEO plugin v27.4 - https:\/\/yoast.com\/product\/yoast-seo-wordpress\/ -->\n<title>Experto monitor de trx-crosstraining<\/title>\n<meta name=\"description\" content=\"El curso de experto monitor de TRX-CrossTraining es una formaci\u00f3n avanzada para el uso del sistema de entrenamiento funcional TRX para la pr\u00e1ctica.\" \/>\n<meta name=\"robots\" content=\"index, follow, max-snippet:-1, max-image-preview:large, max-video-preview:-1\" \/>\n<link rel=\"canonical\" href=\"https:\/\/centro-cee.com\/web\/producto\/experto-monitor-de-trx-crosstraining\/\" \/>\n<meta property=\"og:locale\" content=\"es_ES\" \/>\n<meta property=\"og:type\" content=\"article\" \/>\n<meta property=\"og:title\" content=\"Experto monitor de trx-crosstraining\" \/>\n<meta property=\"og:description\" content=\"El curso de experto monitor de TRX-CrossTraining es una formaci\u00f3n avanzada para el uso del sistema de entrenamiento funcional TRX para la pr\u00e1ctica.\" \/>\n<meta property=\"og:url\" content=\"https:\/\/centro-cee.com\/web\/producto\/experto-monitor-de-trx-crosstraining\/\" \/>\n<meta property=\"og:site_name\" content=\"CEE Centro Europeo E-learning - Cursos online\" \/>\n<meta property=\"article:modified_time\" content=\"2026-03-13T16:45:44+00:00\" \/>\n<meta property=\"og:image\" content=\"https:\/\/centro-cee.com\/web\/wp-content\/uploads\/2023\/03\/imagen_2023-03-14_132244334.png\" \/>\n\t<meta property=\"og:image:width\" content=\"696\" \/>\n\t<meta property=\"og:image:height\" content=\"465\" \/>\n\t<meta property=\"og:image:type\" content=\"image\/png\" \/>\n<meta name=\"twitter:card\" content=\"summary_large_image\" \/>\n<meta name=\"twitter:label1\" content=\"Tiempo de lectura\" \/>\n\t<meta name=\"twitter:data1\" content=\"5 minutos\" \/>\n<script type=\"application\/ld+json\" class=\"yoast-schema-graph\">{\"@context\":\"https:\\\/\\\/schema.org\",\"@graph\":[{\"@type\":\"WebPage\",\"@id\":\"https:\\\/\\\/centro-cee.com\\\/web\\\/producto\\\/experto-monitor-de-trx-crosstraining\\\/\",\"url\":\"https:\\\/\\\/centro-cee.com\\\/web\\\/producto\\\/experto-monitor-de-trx-crosstraining\\\/\",\"name\":\"Experto monitor de trx-crosstraining\",\"isPartOf\":{\"@id\":\"https:\\\/\\\/centro-cee.com\\\/web\\\/#website\"},\"primaryImageOfPage\":{\"@id\":\"https:\\\/\\\/centro-cee.com\\\/web\\\/producto\\\/experto-monitor-de-trx-crosstraining\\\/#primaryimage\"},\"image\":{\"@id\":\"https:\\\/\\\/centro-cee.com\\\/web\\\/producto\\\/experto-monitor-de-trx-crosstraining\\\/#primaryimage\"},\"thumbnailUrl\":\"https:\\\/\\\/centro-cee.com\\\/web\\\/wp-content\\\/uploads\\\/2023\\\/03\\\/imagen_2023-03-14_132244334.png\",\"datePublished\":\"2023-03-14T12:23:30+00:00\",\"dateModified\":\"2026-03-13T16:45:44+00:00\",\"description\":\"El curso de experto monitor de TRX-CrossTraining es una formaci\u00f3n avanzada para el uso del sistema de entrenamiento funcional TRX para la pr\u00e1ctica.\",\"breadcrumb\":{\"@id\":\"https:\\\/\\\/centro-cee.com\\\/web\\\/producto\\\/experto-monitor-de-trx-crosstraining\\\/#breadcrumb\"},\"inLanguage\":\"es\",\"potentialAction\":[{\"@type\":\"ReadAction\",\"target\":[\"https:\\\/\\\/centro-cee.com\\\/web\\\/producto\\\/experto-monitor-de-trx-crosstraining\\\/\"]}]},{\"@type\":\"ImageObject\",\"inLanguage\":\"es\",\"@id\":\"https:\\\/\\\/centro-cee.com\\\/web\\\/producto\\\/experto-monitor-de-trx-crosstraining\\\/#primaryimage\",\"url\":\"https:\\\/\\\/centro-cee.com\\\/web\\\/wp-content\\\/uploads\\\/2023\\\/03\\\/imagen_2023-03-14_132244334.png\",\"contentUrl\":\"https:\\\/\\\/centro-cee.com\\\/web\\\/wp-content\\\/uploads\\\/2023\\\/03\\\/imagen_2023-03-14_132244334.png\",\"width\":696,\"height\":465,\"caption\":\"EXPERTO MONITOR DE TRX-CROSSTRAINING\"},{\"@type\":\"BreadcrumbList\",\"@id\":\"https:\\\/\\\/centro-cee.com\\\/web\\\/producto\\\/experto-monitor-de-trx-crosstraining\\\/#breadcrumb\",\"itemListElement\":[{\"@type\":\"ListItem\",\"position\":1,\"name\":\"Portada\",\"item\":\"https:\\\/\\\/centro-cee.com\\\/web\\\/\"},{\"@type\":\"ListItem\",\"position\":2,\"name\":\"Experto monitor de trx-crosstraining\"}]},{\"@type\":\"WebSite\",\"@id\":\"https:\\\/\\\/centro-cee.com\\\/web\\\/#website\",\"url\":\"https:\\\/\\\/centro-cee.com\\\/web\\\/\",\"name\":\"Centro Europeo E-learning\",\"description\":\"CEE Formaci\u00f3n Online\",\"publisher\":{\"@id\":\"https:\\\/\\\/centro-cee.com\\\/web\\\/#organization\"},\"alternateName\":\"Centro Online de Formaci\u00f3n\",\"potentialAction\":[{\"@type\":\"SearchAction\",\"target\":{\"@type\":\"EntryPoint\",\"urlTemplate\":\"https:\\\/\\\/centro-cee.com\\\/web\\\/?s={search_term_string}\"},\"query-input\":{\"@type\":\"PropertyValueSpecification\",\"valueRequired\":true,\"valueName\":\"search_term_string\"}}],\"inLanguage\":\"es\"},{\"@type\":\"Organization\",\"@id\":\"https:\\\/\\\/centro-cee.com\\\/web\\\/#organization\",\"name\":\"Centro Europeo E-learning CEE\",\"url\":\"https:\\\/\\\/centro-cee.com\\\/web\\\/\",\"logo\":{\"@type\":\"ImageObject\",\"inLanguage\":\"es\",\"@id\":\"https:\\\/\\\/centro-cee.com\\\/web\\\/#\\\/schema\\\/logo\\\/image\\\/\",\"url\":\"https:\\\/\\\/centro-cee.com\\\/web\\\/wp-content\\\/uploads\\\/2022\\\/12\\\/cropped-logo_educa.png\",\"contentUrl\":\"https:\\\/\\\/centro-cee.com\\\/web\\\/wp-content\\\/uploads\\\/2022\\\/12\\\/cropped-logo_educa.png\",\"width\":157,\"height\":63,\"caption\":\"Centro Europeo E-learning CEE\"},\"image\":{\"@id\":\"https:\\\/\\\/centro-cee.com\\\/web\\\/#\\\/schema\\\/logo\\\/image\\\/\"},\"sameAs\":[\"https:\\\/\\\/www.instagram.com\\\/centroeuropeo_cee\"]}]}<\/script>\n<!-- \/ Yoast SEO plugin. -->","yoast_head_json":{"title":"Experto monitor de trx-crosstraining","description":"El curso de experto monitor de TRX-CrossTraining es una formaci\u00f3n avanzada para el uso del sistema de entrenamiento funcional TRX para la pr\u00e1ctica.","robots":{"index":"index","follow":"follow","max-snippet":"max-snippet:-1","max-image-preview":"max-image-preview:large","max-video-preview":"max-video-preview:-1"},"canonical":"https:\/\/centro-cee.com\/web\/producto\/experto-monitor-de-trx-crosstraining\/","og_locale":"es_ES","og_type":"article","og_title":"Experto monitor de trx-crosstraining","og_description":"El curso de experto monitor de TRX-CrossTraining es una formaci\u00f3n avanzada para el uso del sistema de entrenamiento funcional TRX para la pr\u00e1ctica.","og_url":"https:\/\/centro-cee.com\/web\/producto\/experto-monitor-de-trx-crosstraining\/","og_site_name":"CEE Centro Europeo E-learning - Cursos online","article_modified_time":"2026-03-13T16:45:44+00:00","og_image":[{"width":696,"height":465,"url":"https:\/\/centro-cee.com\/web\/wp-content\/uploads\/2023\/03\/imagen_2023-03-14_132244334.png","type":"image\/png"}],"twitter_card":"summary_large_image","twitter_misc":{"Tiempo de lectura":"5 minutos"},"schema":{"@context":"https:\/\/schema.org","@graph":[{"@type":"WebPage","@id":"https:\/\/centro-cee.com\/web\/producto\/experto-monitor-de-trx-crosstraining\/","url":"https:\/\/centro-cee.com\/web\/producto\/experto-monitor-de-trx-crosstraining\/","name":"Experto monitor de trx-crosstraining","isPartOf":{"@id":"https:\/\/centro-cee.com\/web\/#website"},"primaryImageOfPage":{"@id":"https:\/\/centro-cee.com\/web\/producto\/experto-monitor-de-trx-crosstraining\/#primaryimage"},"image":{"@id":"https:\/\/centro-cee.com\/web\/producto\/experto-monitor-de-trx-crosstraining\/#primaryimage"},"thumbnailUrl":"https:\/\/centro-cee.com\/web\/wp-content\/uploads\/2023\/03\/imagen_2023-03-14_132244334.png","datePublished":"2023-03-14T12:23:30+00:00","dateModified":"2026-03-13T16:45:44+00:00","description":"El curso de experto monitor de TRX-CrossTraining es una formaci\u00f3n avanzada para el uso del sistema de entrenamiento funcional TRX para la pr\u00e1ctica.","breadcrumb":{"@id":"https:\/\/centro-cee.com\/web\/producto\/experto-monitor-de-trx-crosstraining\/#breadcrumb"},"inLanguage":"es","potentialAction":[{"@type":"ReadAction","target":["https:\/\/centro-cee.com\/web\/producto\/experto-monitor-de-trx-crosstraining\/"]}]},{"@type":"ImageObject","inLanguage":"es","@id":"https:\/\/centro-cee.com\/web\/producto\/experto-monitor-de-trx-crosstraining\/#primaryimage","url":"https:\/\/centro-cee.com\/web\/wp-content\/uploads\/2023\/03\/imagen_2023-03-14_132244334.png","contentUrl":"https:\/\/centro-cee.com\/web\/wp-content\/uploads\/2023\/03\/imagen_2023-03-14_132244334.png","width":696,"height":465,"caption":"EXPERTO MONITOR DE TRX-CROSSTRAINING"},{"@type":"BreadcrumbList","@id":"https:\/\/centro-cee.com\/web\/producto\/experto-monitor-de-trx-crosstraining\/#breadcrumb","itemListElement":[{"@type":"ListItem","position":1,"name":"Portada","item":"https:\/\/centro-cee.com\/web\/"},{"@type":"ListItem","position":2,"name":"Experto monitor de trx-crosstraining"}]},{"@type":"WebSite","@id":"https:\/\/centro-cee.com\/web\/#website","url":"https:\/\/centro-cee.com\/web\/","name":"Centro Europeo E-learning","description":"CEE Formaci\u00f3n Online","publisher":{"@id":"https:\/\/centro-cee.com\/web\/#organization"},"alternateName":"Centro Online de Formaci\u00f3n","potentialAction":[{"@type":"SearchAction","target":{"@type":"EntryPoint","urlTemplate":"https:\/\/centro-cee.com\/web\/?s={search_term_string}"},"query-input":{"@type":"PropertyValueSpecification","valueRequired":true,"valueName":"search_term_string"}}],"inLanguage":"es"},{"@type":"Organization","@id":"https:\/\/centro-cee.com\/web\/#organization","name":"Centro Europeo E-learning CEE","url":"https:\/\/centro-cee.com\/web\/","logo":{"@type":"ImageObject","inLanguage":"es","@id":"https:\/\/centro-cee.com\/web\/#\/schema\/logo\/image\/","url":"https:\/\/centro-cee.com\/web\/wp-content\/uploads\/2022\/12\/cropped-logo_educa.png","contentUrl":"https:\/\/centro-cee.com\/web\/wp-content\/uploads\/2022\/12\/cropped-logo_educa.png","width":157,"height":63,"caption":"Centro Europeo E-learning CEE"},"image":{"@id":"https:\/\/centro-cee.com\/web\/#\/schema\/logo\/image\/"},"sameAs":["https:\/\/www.instagram.com\/centroeuropeo_cee"]}]}},"_links":{"self":[{"href":"https:\/\/centro-cee.com\/web\/wp-json\/wp\/v2\/product\/1167","targetHints":{"allow":["GET"]}}],"collection":[{"href":"https:\/\/centro-cee.com\/web\/wp-json\/wp\/v2\/product"}],"about":[{"href":"https:\/\/centro-cee.com\/web\/wp-json\/wp\/v2\/types\/product"}],"replies":[{"embeddable":true,"href":"https:\/\/centro-cee.com\/web\/wp-json\/wp\/v2\/comments?post=1167"}],"wp:featuredmedia":[{"embeddable":true,"href":"https:\/\/centro-cee.com\/web\/wp-json\/wp\/v2\/media\/1168"}],"wp:attachment":[{"href":"https:\/\/centro-cee.com\/web\/wp-json\/wp\/v2\/media?parent=1167"}],"wp:term":[{"taxonomy":"product_brand","embeddable":true,"href":"https:\/\/centro-cee.com\/web\/wp-json\/wp\/v2\/product_brand?post=1167"},{"taxonomy":"product_cat","embeddable":true,"href":"https:\/\/centro-cee.com\/web\/wp-json\/wp\/v2\/product_cat?post=1167"},{"taxonomy":"product_tag","embeddable":true,"href":"https:\/\/centro-cee.com\/web\/wp-json\/wp\/v2\/product_tag?post=1167"}],"curies":[{"name":"wp","href":"https:\/\/api.w.org\/{rel}","templated":true}]}}