{"id":1112,"date":"2023-02-16T12:16:02","date_gmt":"2023-02-16T12:16:02","guid":{"rendered":"https:\/\/centro-cee.com\/web\/?post_type=product&#038;p=1112"},"modified":"2026-03-13T16:46:16","modified_gmt":"2026-03-13T16:46:16","slug":"master-en-responsabilidad-societaria-y-blanqueo-de-capitales","status":"publish","type":"product","link":"https:\/\/centro-cee.com\/web\/producto\/master-en-responsabilidad-societaria-y-blanqueo-de-capitales\/","title":{"rendered":"M\u00e1ster en responsabilidad societaria y blanqueo de capitales"},"content":{"rendered":"<p><a href=\"https:\/\/centro-cee.com\/web\/formaciones\/\">Atr\u00e1s<\/a><\/p>\n<p><em><strong>M\u00e1ster en responsabilidad societaria y blanqueo de capitales<\/strong><\/em><\/p>\n<p>Toda esta informaci\u00f3n se realiza 100% online en nuestro campus online de formaci\u00f3n.<\/p>\n<p>Las tutorias se realizan directamente desde el campus de estudio con la opci\u00f3n de mensajer\u00eda a profesores. Las tutorias son \u201ca demanda\u201d, cuando necesites soporte nos lo pides.<\/p>\n<p>Los t\u00edtulos de Centro CEE est\u00e1n autenticados por la firma de notario que valida contenidos y autenticidad a nivel internacional. Nuestra organizaci\u00f3n pertenece a la Asociaci\u00f3n Espa\u00f1ola de Calidad, organizaci\u00f3n Espa\u00f1ola de referencia para la calidad\u00a0en la formaci\u00f3n de auxiliar de enfermer\u00eda. La certificaci\u00f3n se puede apostillar por la Haya para cualquier pa\u00eds firmante del convenio de la Haya.<\/p>\n<p>Se puede pagar a plazos.<\/p>\n<p>Carga horaria de la formaci\u00f3n: 500h<\/p>\n<h2>Temario<\/h2>\n<hr \/>\n<p>&nbsp;<\/p>\n<p><strong>1: RESPONSABILIDAD SOCIAL CORPORATIVO<\/strong><\/p>\n<p>1. LA RESPONSABILIDAD SOCIAL<br \/>\n1.1. Qu\u00e9 es una organizaci\u00f3n responsable socialmente<br \/>\n1.2. Por qu\u00e9 implantar la responsabilidad social en las organizaciones<br \/>\n1.3. \u00c1reas que componen las pol\u00edticas de responsabilidad social<br \/>\n1.3.1. \u00c9tica, cultura y valores en la organizaci\u00f3n<br \/>\n1.3.2. Actuaciones en la cadena de valor<br \/>\n1.3.3. \u2026<\/p>\n<p>2. ORGANISMOS INTERNACIONALES Y BUENAS PR\u00c1CTICAS EN RSE<br \/>\n2.1. Elecci\u00f3n de un est\u00e1ndar\u00a0 u organismo internacional para la difusi\u00f3n de las pr\u00e1cticas de RSE en la empresa<br \/>\n2.2. El Pacto Mundial de las Naciones Unidas<br \/>\n2.2.1. Contenido<br \/>\n2.2.2. Principios<br \/>\n2.2.3. Pacto Mundial como organizaci\u00f3n<br \/>\n2.3. \u2026<\/p>\n<p>3. EST\u00c1NDARES INTERNACIONALES Y SISTEMAS DE GESTI\u00d3N<br \/>\n3.1. Introducci\u00f3n<br \/>\n3.2. Institute of social and ethical accountability (Norma AA1000)<br \/>\n3.2.1. El ISEA<br \/>\n3.2.2. Norma AA1000<br \/>\n3.2.3. \u2026<br \/>\n3.3. Global Reporting Initiative (Normas GRI)<br \/>\n3.3.1. El GRI<br \/>\n3.3.2. Las gu\u00edas GRI<br \/>\n3.3.3. La elaboraci\u00f3n de memorias de sostenibilidad<br \/>\n3.3.4. \u2026<br \/>\n3.4. ISO 26000<br \/>\n3.4.1. Caracter\u00edsticas<br \/>\n3.4.2. C\u00f3mo aplicar la ISO 26000<br \/>\n3.4.3. ..<br \/>\n3.5. SGE21: Sistema de Gesti\u00f3n \u00c9tica y Socialmente Responsable de For\u00e9tica<br \/>\n3.5.1. Contenido de la norma SGE21<br \/>\n3.5.2. Ventajas<br \/>\n3.5.3. Certificaci\u00f3n<br \/>\n3.6. AENOR: Norma UNE 165010 EX, \u201c\u00c9tica. Sistema de gesti\u00f3n de Responsabilidad Social de la Empresa\u201d<br \/>\n3.7. AENOR: Certificaci\u00f3n Gesti\u00f3n de la Responsabilidad Social. SR10 IQNET<br \/>\n3.8. AENOR: Empresa Familiarmente Responsable (EFR)<br \/>\n3.8.1. Contenido del modelo EFR<br \/>\n3.9. \u2026.<\/p>\n<p>4. CASOS DE \u00c9XITO EN LA IMPLANTACI\u00d3N DE POL\u00cdTICAS DE RSE<br \/>\n4.1. Introducci\u00f3n<br \/>\n4.2. \u201cGarrotxa Lider\u201d y ADRINOC: Elaboraci\u00f3n de un Informe seg\u00fan las normas GRI<br \/>\n4.3. Aceite de oliva ecol\u00f3gico extra virgen LUQUE: Proyecto \u201cCO2 Verificado\u201d<br \/>\n4.4. \u2026<\/p>\n<p>5. SITUACI\u00d3N ACTUAL DE LA RESPONSABILIDAD SOCIAL<br \/>\n5.1. Espa\u00f1a<br \/>\n5.1.1. Evoluci\u00f3n de la RSE en Espa\u00f1a<br \/>\n5.1.2. Estrategia Espa\u00f1ola de Responsabilidad Social de las Empresas (2014-2020)<br \/>\n5.1.3. La RSE en grandes empresas<br \/>\n5.1.4. \u2026<br \/>\n5.2. Europa<br \/>\n5.2.1. ..<br \/>\n5.3. Estados Unidos<br \/>\n5.4. Hispanoam\u00e9rica<\/p>\n<p>6. EL DESARROLLO SOSTENIBLE Y MEDIOAMBIENTE<br \/>\n6.1. El desarrollo sostenible<br \/>\n6.2. Actores b\u00e1sicos del desarrollo sostenible<br \/>\n6.3. Instrumentos utilizados por la empresa para el logro de un desarrollo sostenible y la protecci\u00f3n ambiental<br \/>\n6.4. \u2026<\/p>\n<p>7. FUTURO Y TENDENCIAS<br \/>\n7.1. Impacto de la Responsabilidad Social en el crecimiento econ\u00f3mico<br \/>\n7.2. Los beneficios de la sostenibilidad<br \/>\n7.3. \u2026<\/p>\n<p><strong>\u00a0<\/strong><br \/>\n<strong>2: GESTI\u00d3N EFICAZ DEL TIEMPO<\/strong><\/p>\n<p>1.\u00a0\u00a0\u00a0 EL TIEMPO COMO RECURSO<br \/>\n1.1.\u00a0\u00a0\u00a0 Introducci\u00f3n<br \/>\n1.2.\u00a0\u00a0\u00a0 Mitos sobre el tiempo<br \/>\n1.3.\u00a0\u00a0\u00a0 ..<\/p>\n<p>2.\u00a0\u00a0\u00a0 LA GESTI\u00d3N EFICAZ DEL TIEMPO<br \/>\n2.1.\u00a0\u00a0\u00a0 Gesti\u00f3n reactiva, activa y proactiva<br \/>\n2.2.\u00a0\u00a0\u00a0 Factores que influyen en la gesti\u00f3n eficaz del tiempo<br \/>\n2.3.\u00a0\u00a0\u00a0 ..<\/p>\n<p>3.\u00a0\u00a0\u00a0 LAS INTERRUPCIONES Y SUS SOLUCIONES: LOS LADRONES DE TIEMPO<br \/>\n3.1.\u00a0\u00a0\u00a0 Introducci\u00f3n<br \/>\n3.2.\u00a0\u00a0\u00a0 Visitas inoportunas<br \/>\n3.3.\u00a0\u00a0\u00a0 \u2026<\/p>\n<p>4.\u00a0\u00a0\u00a0 PROGRAMAR SU TIEMPO. LA AGENDA<br \/>\n4.1.\u00a0\u00a0\u00a0 Planificar<br \/>\n4.2.\u00a0\u00a0\u00a0 La agenda<br \/>\n4.3.\u00a0\u00a0 \u2026<\/p>\n<p><strong>3: LIDERAZGO<\/strong><\/p>\n<p>1. MEDIATIZADORES DEL ESTILO DE DIRECCI\u00d3N<br \/>\n1.1. Introducci\u00f3n<br \/>\n1.2. Persona<br \/>\n1.3. \u2026<\/p>\n<p>2. LOS SEIS ESTILOS DE DIRECCI\u00d3N<br \/>\n2.1. Introducci\u00f3n<br \/>\n2.2. Estilo Coercitivo<br \/>\n2.3. Estilo Orientativo<br \/>\n2.4. \u2026<\/p>\n<p>3. LIDERAZGO<br \/>\n3.1. El liderazgo<br \/>\n3.2. Enfoques Sustancialistas<br \/>\n3.3. Enfoques Comportamentales<br \/>\n3.4. \u2026.<\/p>\n<p>4. DESARROLLO DE LOS ESTILOS DE DIRECCI\u00d3N<br \/>\n4.1. Introducci\u00f3n<br \/>\n4.2. 360\u00ba Feedback<br \/>\n4.3. Coaching<br \/>\n4.4. \u2026<\/p>\n<p><strong>4: PREVENCI\u00d3N DEL BLANQUEO DE CAPITALES<\/strong><\/p>\n<p>1. INTRODUCCI\u00d3N<br \/>\n1.1. Antecedentes de la ley 10\/2010<br \/>\n1.1.1. Grupo de Acci\u00f3n financiera<br \/>\n1.1.2. \u2026<br \/>\n1.2. Concepto\u00a0 de delito de Blanqueo de Capitales y Financiaci\u00f3n del\u00a0 Terrorismo<br \/>\n1.2.1. Concepto de blanqueo de capitales<br \/>\n1.2.2. Bienes procedentes del blanqueo de capitales<br \/>\n1.2.3. \u2026<br \/>\n1.3. T\u00e9cnicas de lavado de dinero<br \/>\n1.3.1. \u2026<br \/>\n1.4. Tipolog\u00eda de operaciones por sectores<br \/>\n1.4.1. Sector inmobiliario<br \/>\n1.4.2. Sistemas de compensaci\u00f3n en los circuitos financieros<br \/>\n1.4.3. Utilizaci\u00f3n de dinero en efectivo<br \/>\n1.4.4. Carruseles de IVA<br \/>\n1.4.5. Banca corresponsal<br \/>\n1.4.6. \u2026.<\/p>\n<p>2. MEDIDAS DE DILIGENCIA DEBIDA<br \/>\n2.1. Objeto, definiciones y \u00e1mbito de aplicaci\u00f3n<br \/>\n2.1.1. Objeto<br \/>\n2.1.2. Definici\u00f3n de sujeto obligado<br \/>\n2.1.3. \u2026<br \/>\n2.2. Medidas normales de diligencia debida<br \/>\n2.2.1. Identificaci\u00f3n formal<br \/>\n2.2.2.\u00a0 Identificaci\u00f3n y comprobaci\u00f3n del titular real de la operaci\u00f3n (Art.9 RD 304\/2014)<br \/>\n2.2.3. Prop\u00f3sito e \u00edndole de la relaci\u00f3n de negocios<br \/>\n2.2.4. \u2026<br \/>\n2.3. Medidas simplificadas de diligencia<br \/>\n2.3.1. Medidas simplificadas de diligencia debida respecto de clientes<br \/>\n2.3.2. Medidas simplificadas de diligencia debida respecto de productos u operaciones<br \/>\n2.4. Medidas reforzadas de diligencia debida<br \/>\n2.4.1. Relaciones de negocio y operaciones no presenciales<br \/>\n2.4.2. Corresponsal\u00eda bancaria transfronteriza<br \/>\n2.4.3. \u2026<\/p>\n<p>3. OBLIGACIONES DE INFORMACI\u00d3N<br \/>\n3.1. Examen especial<br \/>\n3.1.1. Concepto<br \/>\n3.2. Comunicaci\u00f3n por indicio<br \/>\n3.2.1. Esquema de comunicaciones con el SEPBLAC<br \/>\n3.2.2. \u2026<br \/>\n3.3. Abstenci\u00f3n de ejecuci\u00f3n<br \/>\n3.4. Comunicaci\u00f3n sistem\u00e1tica<br \/>\n3.4.1. Operaciones objeto de comunicaci\u00f3n sistem\u00e1tica (Art. 20 de la Ley 10\/2010)<br \/>\n3.4.2. Procedimiento para realizar la Comunicaci\u00f3n sistem\u00e1tica de las operaciones<br \/>\n3.5. Colaboraci\u00f3n con la comisi\u00f3n de prevenci\u00f3n del blanqueo de capitales<br \/>\n3.6. \u2026<\/p>\n<p>4. CONTROL INTERNO<br \/>\n4.1. Medidas de control interno<br \/>\n4.1.1. Designaci\u00f3n de un representante ante el Servicio Ejecutivo de la Comisi\u00f3n<br \/>\n4.1.2. Creaci\u00f3n de un \u00f3rgano de control interno y comunicaci\u00f3n o unidad de control interno<br \/>\n4.1.3. \u2026<br \/>\n4.2. \u00d3rganos Centralizados de Prevenci\u00f3n<br \/>\n4.2.1. \u2026<br \/>\n4.3. Sucursales y filiales en terceros pa\u00edses<br \/>\n4.4. Protecci\u00f3n de datos de car\u00e1cter personal<br \/>\n4.5. Intercambio de informaci\u00f3n<\/p>\n<p>5. INFRACCIONES Y SANCIONES<br \/>\n5.1. Clases de infracciones y sus correspondientes sanciones. Infracciones muy graves<br \/>\n5.1.1. Infracciones muy graves<br \/>\n5.1.2. Sanciones correspondientes a infracciones muy graves<br \/>\n5.1.3. \u2026<br \/>\n5.2. Infracciones\u00a0 graves y sanciones correspondientes<br \/>\n5.2.1. Infracciones graves<br \/>\n5.2.2. Sanciones por infracciones graves<br \/>\n5.3. Infracciones leves y\u00a0 sanciones correspondientes<br \/>\n5.3.1. Tipos de infracciones leves<br \/>\n5.3.2. Sanciones por infracciones leves<br \/>\n5.4. Graduaci\u00f3n de las sanciones<br \/>\n5.5. Responsabilidad de administradores, directivos y personas jur\u00eddicas<br \/>\n5.5.1. Responsabilidad de administradores y directivos<br \/>\n5.5.2. La responsabilidad penal de las personas jur\u00eddicas en delitos de blanqueo de capitales<\/p>\n<p><strong>5: COMUNICACI\u00d3N INTERNA<\/strong><\/p>\n<p>1. COMUNICACI\u00d3N<br \/>\n1.1. Concepto de comunicaci\u00f3n<br \/>\n1.2. Tipos de comunicaci\u00f3n<br \/>\n1.3. La Comunicaci\u00f3n Empresarial<\/p>\n<p>2. LA COMUNICACI\u00d3N INTERNA DE LA EMPRESA<br \/>\n2.1. Importancia de la comunicaci\u00f3n interna<br \/>\n2.2. Objetivos<br \/>\n2.3. Funciones<br \/>\n2.4. Comunicaci\u00f3n descendiente<br \/>\n2.5. Comunicaci\u00f3n ascendente<br \/>\n2.6. Comunicaci\u00f3n horizontal<br \/>\n2.7. &#8230;.<\/p>\n<p>3. LA COMUNICACI\u00d3N EN EL SIGLO XXI<br \/>\n3.1. La comunicaci\u00f3n en las organizaciones multinacionales<br \/>\n3.2. Las organizaciones virtuales<br \/>\n3.3. El teletrabajo<br \/>\n3.4. &#8230;.<\/p>\n<p><em><strong>M\u00e1ster en responsabilidad societaria y blanqueo de capitales<\/strong><\/em><\/p>\n<hr \/>\n","protected":false},"excerpt":{"rendered":"<p><a href=\"https:\/\/centro-cee.com\/web\/formaciones\/\">Atr\u00e1s<\/a><\/p>\n<p>\u00a1Escala un nivel en el \u00e1rea de la administraci\u00f3n de empresas y aprende todos los aspectos relacionados con la Responsabilidad Societaria!<\/p>\n<p>Las actualizaciones y los cambios de normativas y legislaci\u00f3n hacen necesario que los profesionales que quieran asesorar a las empresas en esta \u00e1rea, se encuentren en la obligaci\u00f3n de actualizar sus conocimientos.<\/p>\n<p>Debido a los beneficios que conlleva tener una formaci\u00f3n online, podr\u00e1s seguir tus clases virtuales desde la comodidad de casa, s\u00f3lo necesitar\u00e1s un ordenador o tablet con conexi\u00f3n a internet. El centro ha puesto mucho \u00e9nfasis en crear contenidos multimedia, interactivos y con audio, para evitar el exceso de contenidos de texto y as\u00ed hacer tu formaci\u00f3n mucho m\u00e1s din\u00e1mica.<\/p>\n","protected":false},"featured_media":1113,"comment_status":"closed","ping_status":"closed","template":"","meta":[],"product_brand":[],"product_cat":[2050,17],"product_tag":[1309,1304,1306,1307,1308,1310,1305,1311,1312,1303],"class_list":{"0":"post-1112","1":"product","2":"type-product","3":"status-publish","4":"has-post-thumbnail","6":"product_cat-cursos-online-empresa","7":"product_cat-master","8":"product_tag-auditoria-y-control-interno","9":"product_tag-blanqueo-de-capitales","10":"product_tag-certificacion-en-prevencion-de-blanqueo-de-capitales","11":"product_tag-curso-online-de-responsabilidad-corporativa","12":"product_tag-estrategias-de-cumplimiento-legal","13":"product_tag-etica-empresarial-y-responsabilidad-social","14":"product_tag-formacion-en-cumplimiento-normativo","15":"product_tag-gestion-de-riesgos-en-empresas","16":"product_tag-legislacion-sobre-blanqueo-de-capitales","17":"product_tag-master-en-responsabilidad-societaria","19":"first","20":"instock","21":"sale","22":"shipping-taxable","23":"purchasable","24":"product-type-simple"},"yoast_head":"<!-- This site is optimized with the Yoast SEO plugin v27.5 - https:\/\/yoast.com\/product\/yoast-seo-wordpress\/ -->\n<title>M\u00e1ster en responsabilidad societaria y blanqueo de capitales<\/title>\n<meta name=\"description\" content=\"El M\u00e1ster en Responsabilidad Societaria y Blanqueo de Capitales ofrece una formaci\u00f3n especializada en responsabilidad corporativa.\" \/>\n<meta name=\"robots\" content=\"index, follow, max-snippet:-1, max-image-preview:large, max-video-preview:-1\" \/>\n<link rel=\"canonical\" href=\"https:\/\/centro-cee.com\/web\/producto\/master-en-responsabilidad-societaria-y-blanqueo-de-capitales\/\" \/>\n<meta property=\"og:locale\" content=\"es_ES\" \/>\n<meta property=\"og:type\" content=\"article\" \/>\n<meta property=\"og:title\" content=\"M\u00e1ster en responsabilidad societaria y blanqueo de capitales\" \/>\n<meta property=\"og:description\" content=\"El M\u00e1ster en Responsabilidad Societaria y Blanqueo de Capitales ofrece una formaci\u00f3n especializada en responsabilidad corporativa.\" \/>\n<meta property=\"og:url\" content=\"https:\/\/centro-cee.com\/web\/producto\/master-en-responsabilidad-societaria-y-blanqueo-de-capitales\/\" \/>\n<meta property=\"og:site_name\" content=\"CEE Centro Europeo E-learning - Cursos online\" \/>\n<meta property=\"article:modified_time\" content=\"2026-03-13T16:46:16+00:00\" \/>\n<meta property=\"og:image\" content=\"https:\/\/centro-cee.com\/web\/wp-content\/uploads\/2023\/02\/imagen_2023-02-16_131512114.png\" \/>\n\t<meta property=\"og:image:width\" content=\"960\" \/>\n\t<meta property=\"og:image:height\" content=\"640\" \/>\n\t<meta property=\"og:image:type\" content=\"image\/png\" \/>\n<meta name=\"twitter:card\" content=\"summary_large_image\" \/>\n<meta name=\"twitter:label1\" content=\"Tiempo de lectura\" \/>\n\t<meta name=\"twitter:data1\" content=\"5 minutos\" \/>\n<script type=\"application\/ld+json\" class=\"yoast-schema-graph\">{\"@context\":\"https:\\\/\\\/schema.org\",\"@graph\":[{\"@type\":\"WebPage\",\"@id\":\"https:\\\/\\\/centro-cee.com\\\/web\\\/producto\\\/master-en-responsabilidad-societaria-y-blanqueo-de-capitales\\\/\",\"url\":\"https:\\\/\\\/centro-cee.com\\\/web\\\/producto\\\/master-en-responsabilidad-societaria-y-blanqueo-de-capitales\\\/\",\"name\":\"M\u00e1ster en responsabilidad societaria y blanqueo de capitales\",\"isPartOf\":{\"@id\":\"https:\\\/\\\/centro-cee.com\\\/web\\\/#website\"},\"primaryImageOfPage\":{\"@id\":\"https:\\\/\\\/centro-cee.com\\\/web\\\/producto\\\/master-en-responsabilidad-societaria-y-blanqueo-de-capitales\\\/#primaryimage\"},\"image\":{\"@id\":\"https:\\\/\\\/centro-cee.com\\\/web\\\/producto\\\/master-en-responsabilidad-societaria-y-blanqueo-de-capitales\\\/#primaryimage\"},\"thumbnailUrl\":\"https:\\\/\\\/centro-cee.com\\\/web\\\/wp-content\\\/uploads\\\/2023\\\/02\\\/imagen_2023-02-16_131512114.png\",\"datePublished\":\"2023-02-16T12:16:02+00:00\",\"dateModified\":\"2026-03-13T16:46:16+00:00\",\"description\":\"El M\u00e1ster en Responsabilidad Societaria y Blanqueo de Capitales ofrece una formaci\u00f3n especializada en responsabilidad corporativa.\",\"breadcrumb\":{\"@id\":\"https:\\\/\\\/centro-cee.com\\\/web\\\/producto\\\/master-en-responsabilidad-societaria-y-blanqueo-de-capitales\\\/#breadcrumb\"},\"inLanguage\":\"es\",\"potentialAction\":[{\"@type\":\"ReadAction\",\"target\":[\"https:\\\/\\\/centro-cee.com\\\/web\\\/producto\\\/master-en-responsabilidad-societaria-y-blanqueo-de-capitales\\\/\"]}]},{\"@type\":\"ImageObject\",\"inLanguage\":\"es\",\"@id\":\"https:\\\/\\\/centro-cee.com\\\/web\\\/producto\\\/master-en-responsabilidad-societaria-y-blanqueo-de-capitales\\\/#primaryimage\",\"url\":\"https:\\\/\\\/centro-cee.com\\\/web\\\/wp-content\\\/uploads\\\/2023\\\/02\\\/imagen_2023-02-16_131512114.png\",\"contentUrl\":\"https:\\\/\\\/centro-cee.com\\\/web\\\/wp-content\\\/uploads\\\/2023\\\/02\\\/imagen_2023-02-16_131512114.png\",\"width\":960,\"height\":640,\"caption\":\"M\u00c1STER EN RESPONSABILIDAD SOCIETARIA Y BLANQUEO DE CAPITALES\"},{\"@type\":\"BreadcrumbList\",\"@id\":\"https:\\\/\\\/centro-cee.com\\\/web\\\/producto\\\/master-en-responsabilidad-societaria-y-blanqueo-de-capitales\\\/#breadcrumb\",\"itemListElement\":[{\"@type\":\"ListItem\",\"position\":1,\"name\":\"Portada\",\"item\":\"https:\\\/\\\/centro-cee.com\\\/web\\\/\"},{\"@type\":\"ListItem\",\"position\":2,\"name\":\"M\u00e1ster en responsabilidad societaria y blanqueo de capitales\"}]},{\"@type\":\"WebSite\",\"@id\":\"https:\\\/\\\/centro-cee.com\\\/web\\\/#website\",\"url\":\"https:\\\/\\\/centro-cee.com\\\/web\\\/\",\"name\":\"Centro Europeo E-learning\",\"description\":\"CEE Formaci\u00f3n Online\",\"publisher\":{\"@id\":\"https:\\\/\\\/centro-cee.com\\\/web\\\/#organization\"},\"alternateName\":\"Centro Online de Formaci\u00f3n\",\"potentialAction\":[{\"@type\":\"SearchAction\",\"target\":{\"@type\":\"EntryPoint\",\"urlTemplate\":\"https:\\\/\\\/centro-cee.com\\\/web\\\/?s={search_term_string}\"},\"query-input\":{\"@type\":\"PropertyValueSpecification\",\"valueRequired\":true,\"valueName\":\"search_term_string\"}}],\"inLanguage\":\"es\"},{\"@type\":\"Organization\",\"@id\":\"https:\\\/\\\/centro-cee.com\\\/web\\\/#organization\",\"name\":\"Centro Europeo E-learning CEE\",\"url\":\"https:\\\/\\\/centro-cee.com\\\/web\\\/\",\"logo\":{\"@type\":\"ImageObject\",\"inLanguage\":\"es\",\"@id\":\"https:\\\/\\\/centro-cee.com\\\/web\\\/#\\\/schema\\\/logo\\\/image\\\/\",\"url\":\"https:\\\/\\\/centro-cee.com\\\/web\\\/wp-content\\\/uploads\\\/2022\\\/12\\\/cropped-logo_educa.png\",\"contentUrl\":\"https:\\\/\\\/centro-cee.com\\\/web\\\/wp-content\\\/uploads\\\/2022\\\/12\\\/cropped-logo_educa.png\",\"width\":157,\"height\":63,\"caption\":\"Centro Europeo E-learning CEE\"},\"image\":{\"@id\":\"https:\\\/\\\/centro-cee.com\\\/web\\\/#\\\/schema\\\/logo\\\/image\\\/\"},\"sameAs\":[\"https:\\\/\\\/www.instagram.com\\\/centroeuropeo_cee\"]}]}<\/script>\n<!-- \/ Yoast SEO plugin. -->","yoast_head_json":{"title":"M\u00e1ster en responsabilidad societaria y blanqueo de capitales","description":"El M\u00e1ster en Responsabilidad Societaria y Blanqueo de Capitales ofrece una formaci\u00f3n especializada en responsabilidad corporativa.","robots":{"index":"index","follow":"follow","max-snippet":"max-snippet:-1","max-image-preview":"max-image-preview:large","max-video-preview":"max-video-preview:-1"},"canonical":"https:\/\/centro-cee.com\/web\/producto\/master-en-responsabilidad-societaria-y-blanqueo-de-capitales\/","og_locale":"es_ES","og_type":"article","og_title":"M\u00e1ster en responsabilidad societaria y blanqueo de capitales","og_description":"El M\u00e1ster en Responsabilidad Societaria y Blanqueo de Capitales ofrece una formaci\u00f3n especializada en responsabilidad corporativa.","og_url":"https:\/\/centro-cee.com\/web\/producto\/master-en-responsabilidad-societaria-y-blanqueo-de-capitales\/","og_site_name":"CEE Centro Europeo E-learning - Cursos online","article_modified_time":"2026-03-13T16:46:16+00:00","og_image":[{"width":960,"height":640,"url":"https:\/\/centro-cee.com\/web\/wp-content\/uploads\/2023\/02\/imagen_2023-02-16_131512114.png","type":"image\/png"}],"twitter_card":"summary_large_image","twitter_misc":{"Tiempo de lectura":"5 minutos"},"schema":{"@context":"https:\/\/schema.org","@graph":[{"@type":"WebPage","@id":"https:\/\/centro-cee.com\/web\/producto\/master-en-responsabilidad-societaria-y-blanqueo-de-capitales\/","url":"https:\/\/centro-cee.com\/web\/producto\/master-en-responsabilidad-societaria-y-blanqueo-de-capitales\/","name":"M\u00e1ster en responsabilidad societaria y blanqueo de capitales","isPartOf":{"@id":"https:\/\/centro-cee.com\/web\/#website"},"primaryImageOfPage":{"@id":"https:\/\/centro-cee.com\/web\/producto\/master-en-responsabilidad-societaria-y-blanqueo-de-capitales\/#primaryimage"},"image":{"@id":"https:\/\/centro-cee.com\/web\/producto\/master-en-responsabilidad-societaria-y-blanqueo-de-capitales\/#primaryimage"},"thumbnailUrl":"https:\/\/centro-cee.com\/web\/wp-content\/uploads\/2023\/02\/imagen_2023-02-16_131512114.png","datePublished":"2023-02-16T12:16:02+00:00","dateModified":"2026-03-13T16:46:16+00:00","description":"El M\u00e1ster en Responsabilidad Societaria y Blanqueo de Capitales ofrece una formaci\u00f3n especializada en responsabilidad corporativa.","breadcrumb":{"@id":"https:\/\/centro-cee.com\/web\/producto\/master-en-responsabilidad-societaria-y-blanqueo-de-capitales\/#breadcrumb"},"inLanguage":"es","potentialAction":[{"@type":"ReadAction","target":["https:\/\/centro-cee.com\/web\/producto\/master-en-responsabilidad-societaria-y-blanqueo-de-capitales\/"]}]},{"@type":"ImageObject","inLanguage":"es","@id":"https:\/\/centro-cee.com\/web\/producto\/master-en-responsabilidad-societaria-y-blanqueo-de-capitales\/#primaryimage","url":"https:\/\/centro-cee.com\/web\/wp-content\/uploads\/2023\/02\/imagen_2023-02-16_131512114.png","contentUrl":"https:\/\/centro-cee.com\/web\/wp-content\/uploads\/2023\/02\/imagen_2023-02-16_131512114.png","width":960,"height":640,"caption":"M\u00c1STER EN RESPONSABILIDAD SOCIETARIA Y BLANQUEO DE CAPITALES"},{"@type":"BreadcrumbList","@id":"https:\/\/centro-cee.com\/web\/producto\/master-en-responsabilidad-societaria-y-blanqueo-de-capitales\/#breadcrumb","itemListElement":[{"@type":"ListItem","position":1,"name":"Portada","item":"https:\/\/centro-cee.com\/web\/"},{"@type":"ListItem","position":2,"name":"M\u00e1ster en responsabilidad societaria y blanqueo de capitales"}]},{"@type":"WebSite","@id":"https:\/\/centro-cee.com\/web\/#website","url":"https:\/\/centro-cee.com\/web\/","name":"Centro Europeo E-learning","description":"CEE Formaci\u00f3n Online","publisher":{"@id":"https:\/\/centro-cee.com\/web\/#organization"},"alternateName":"Centro Online de Formaci\u00f3n","potentialAction":[{"@type":"SearchAction","target":{"@type":"EntryPoint","urlTemplate":"https:\/\/centro-cee.com\/web\/?s={search_term_string}"},"query-input":{"@type":"PropertyValueSpecification","valueRequired":true,"valueName":"search_term_string"}}],"inLanguage":"es"},{"@type":"Organization","@id":"https:\/\/centro-cee.com\/web\/#organization","name":"Centro Europeo E-learning CEE","url":"https:\/\/centro-cee.com\/web\/","logo":{"@type":"ImageObject","inLanguage":"es","@id":"https:\/\/centro-cee.com\/web\/#\/schema\/logo\/image\/","url":"https:\/\/centro-cee.com\/web\/wp-content\/uploads\/2022\/12\/cropped-logo_educa.png","contentUrl":"https:\/\/centro-cee.com\/web\/wp-content\/uploads\/2022\/12\/cropped-logo_educa.png","width":157,"height":63,"caption":"Centro Europeo E-learning CEE"},"image":{"@id":"https:\/\/centro-cee.com\/web\/#\/schema\/logo\/image\/"},"sameAs":["https:\/\/www.instagram.com\/centroeuropeo_cee"]}]}},"_links":{"self":[{"href":"https:\/\/centro-cee.com\/web\/wp-json\/wp\/v2\/product\/1112","targetHints":{"allow":["GET"]}}],"collection":[{"href":"https:\/\/centro-cee.com\/web\/wp-json\/wp\/v2\/product"}],"about":[{"href":"https:\/\/centro-cee.com\/web\/wp-json\/wp\/v2\/types\/product"}],"replies":[{"embeddable":true,"href":"https:\/\/centro-cee.com\/web\/wp-json\/wp\/v2\/comments?post=1112"}],"wp:featuredmedia":[{"embeddable":true,"href":"https:\/\/centro-cee.com\/web\/wp-json\/wp\/v2\/media\/1113"}],"wp:attachment":[{"href":"https:\/\/centro-cee.com\/web\/wp-json\/wp\/v2\/media?parent=1112"}],"wp:term":[{"taxonomy":"product_brand","embeddable":true,"href":"https:\/\/centro-cee.com\/web\/wp-json\/wp\/v2\/product_brand?post=1112"},{"taxonomy":"product_cat","embeddable":true,"href":"https:\/\/centro-cee.com\/web\/wp-json\/wp\/v2\/product_cat?post=1112"},{"taxonomy":"product_tag","embeddable":true,"href":"https:\/\/centro-cee.com\/web\/wp-json\/wp\/v2\/product_tag?post=1112"}],"curies":[{"name":"wp","href":"https:\/\/api.w.org\/{rel}","templated":true}]}}