{"id":1110,"date":"2023-02-16T11:41:58","date_gmt":"2023-02-16T11:41:58","guid":{"rendered":"https:\/\/centro-cee.com\/web\/?post_type=product&#038;p=1110"},"modified":"2024-10-18T11:05:31","modified_gmt":"2024-10-18T11:05:31","slug":"master-en-criminologia-y-toma-de-decisiones","status":"publish","type":"product","link":"https:\/\/centro-cee.com\/web\/producto\/master-en-criminologia-y-toma-de-decisiones\/","title":{"rendered":"M\u00e1ster en criminolog\u00eda y toma de decisiones"},"content":{"rendered":"<p><a href=\"https:\/\/centro-cee.com\/web\/formaciones\/\">Atr\u00e1s<\/a><\/p>\n<p><em><strong>M\u00e1ster en criminolog\u00eda y toma de decisiones<\/strong><\/em><\/p>\n<p>Toda esta informaci\u00f3n se realiza 100% online en nuestro campus online de formaci\u00f3n.<\/p>\n<p>Las tutorias se realizan directamente desde el campus de estudio con la opci\u00f3n de mensajer\u00eda a profesores. Las tutorias son \u201ca demanda\u201d, cuando necesites soporte nos lo pides.<\/p>\n<p>Los t\u00edtulos de Centro CEE est\u00e1n autenticados por la firma de notario que valida contenidos y autenticidad a nivel internacional. Nuestra organizaci\u00f3n pertenece a la Asociaci\u00f3n Espa\u00f1ola de Calidad, organizaci\u00f3n Espa\u00f1ola de referencia para la calidad\u00a0en la formaci\u00f3n de auxiliar de enfermer\u00eda. La certificaci\u00f3n se puede apostillar por la Haya para cualquier pa\u00eds firmante del convenio de la Haya.<\/p>\n<p>Se puede pagar a plazos.<\/p>\n<p>Carga horaria de la formaci\u00f3n: 600h<\/p>\n<h2>Temario<\/h2>\n<hr \/>\n<p>&nbsp;<\/p>\n<p><strong>TEMA 1: EXPERTO EN CRIMINOLOG\u00cdA<\/strong><br \/>\n1. INTRODUCCI\u00d3N A LAS CIENCIAS PENALES<br \/>\n1. Enciclopedia de las Ciencias Penales<br \/>\n2. Dogm\u00e1tica<br \/>\n3. Pol\u00edtica y Sociolog\u00eda Criminal<br \/>\n4. Psicolog\u00eda Criminal<\/p>\n<p>2. LA CRIMINOLOG\u00cdA Y EL DERECHO PENAL<br \/>\n1. La Criminolog\u00eda como Ciencia Penal<br \/>\n2. Criminolog\u00eda<br \/>\n3. Derecho Penal<\/p>\n<p>3. EL DELITO<br \/>\n1. Concepto de Delito<br \/>\n2. Elementos del delito<br \/>\n3. Tipos de Delito por la forma de acci\u00f3n<\/p>\n<p>4. EL DELINCUENTE<br \/>\n1. Conceptualizaci\u00f3n del t\u00e9rmino<br \/>\n2. El Delincuente<br \/>\n3. Personas criminalmente responsables<\/p>\n<p>5. TRASTORNOS PSICOL\u00d3GICOS<br \/>\n1. Introducci\u00f3n<br \/>\n2. Clasificaci\u00f3n de los trastornos mentales seg\u00fan el DSM IV<\/p>\n<p>6. MENORES DELINCUENTES<br \/>\n1. Antecedentes de la justicia de menores en Espa\u00f1a<br \/>\n2. Responsabilidad Penal seg\u00fan la Ley Org\u00e1nica 5\/2000<br \/>\n3. Variables de los menores, adolescentes y j\u00f3venes como autores de infracciones penales<\/p>\n<p>7. LA V\u00cdCTIMA<br \/>\n1. Concepto y Factores de la Victimolog\u00eda<br \/>\n2. Tipolog\u00eda de V\u00edctimas<br \/>\n3. Victimizaci\u00f3n Infantil<\/p>\n<p>8. PREVENCI\u00d3N DE LA DELINCUENCIA<br \/>\n1. Miedo e inseguridad ciudadana<br \/>\n2. Control Social<br \/>\n3. Prevenci\u00f3n del delito<\/p>\n<p><strong>TEMA 2: TOMA DE DECISIONES<\/strong><br \/>\n1. INTRODUCCI\u00d3N<br \/>\n1.1. La importancia de la toma de decisiones<br \/>\n1.2. Conceptos b\u00e1sicos<\/p>\n<p>2. TOMA DE DECISI\u00d3N INDIVIDUAL Y EN GRUPO<br \/>\n2.1. Toma de decisi\u00f3n individual<br \/>\n2.2. Fases en la toma de decisi\u00f3n individual<\/p>\n<p>3. T\u00c9CNICAS DE TRABAJO EN GRUPO<br \/>\n3.1. Introducci\u00f3n<br \/>\n3.2. Brainstorming o tormenta de ideas<br \/>\n3.3. Grupo Nominal<br \/>\n3.4. Delphi<\/p>\n<p>4. SEGUIMIENTO Y CONTROL<br \/>\n4.1. Funci\u00f3n de Control<br \/>\n4.2. Requisitos previos<\/p>\n<p><strong>TEMA 3: GESTI\u00d3N DE ESTR\u00c9S<\/strong><\/p>\n<p>1. EL ESTR\u00c9S Y SUS CARACTER\u00cdSTICAS<br \/>\n1.1. Introducci\u00f3n<br \/>\n1.2. Definiciones<br \/>\n1.3. Tipos de estr\u00e9s<\/p>\n<p>2. EL ESTR\u00c9S LABORAL<br \/>\n2.1. Factores psicosociales<br \/>\n2.2. Diferencia entre presi\u00f3n de trabajo y estr\u00e9s<br \/>\n2.3. S\u00edntomas del estr\u00e9s laboral<\/p>\n<p>3. T\u00c9CNICAS PERSONALES DE CONTROL DE ESTR\u00c9S<br \/>\n3.1. T\u00e9cnicas de respiraci\u00f3n<br \/>\n3.1.1. En pie y respirando<br \/>\n3.1.2. Nadi Shodhana<\/p>\n<p>3.2. Consejos para evitar el estr\u00e9s<br \/>\n3.2.1. Habit\u00faate a<br \/>\n3.2.2. Anal\u00edzate<br \/>\n3.2.3. En el trabajo<br \/>\n3.2.4. Tiempo libre y ocio<br \/>\n3.3. T\u00e9cnicas para dominar el estr\u00e9s<br \/>\n3.3.1. Identificando nuestros s\u00edntomas de relajaci\u00f3n<br \/>\n3.3.2. Un ant\u00eddoto para el desaliento<br \/>\n3.3.3. La concentraci\u00f3n: una respiraci\u00f3n en nueve rondas<\/p>\n<p>Anexo: Comprueba tu nivel de estr\u00e9s<\/p>\n<p>4. T\u00c9CNICA DE AFRONTAMIENTO DEL ESTR\u00c9S<br \/>\n4.1. Introducci\u00f3n<br \/>\n4.2. Desarrollo de la t\u00e9cnica<br \/>\n4.2.1. Desarrollo de una relajaci\u00f3n efectiva<br \/>\n4.2.2. Realizaci\u00f3n de una jerarqu\u00eda de sucesos estresantes<\/p>\n<p>&nbsp;<\/p>\n<p><em><strong>M\u00e1ster en criminolog\u00eda y toma de decisiones<\/strong><\/em><\/p>\n<hr \/>\n<p>&nbsp;<\/p>\n","protected":false},"excerpt":{"rendered":"<p><a href=\"https:\/\/centro-cee.com\/web\/formaciones\/\">Atr\u00e1s<\/a><\/p>\n<p>A lo largo de esta formaci\u00f3n aprender\u00e1s sobre el concepto de criminolog\u00eda, la psicolog\u00eda criminal, el derecho penal, los tipos de v\u00edctimas que existen y la prevenci\u00f3n de la delincuencia. Adem\u00e1s de profundizar en el tema de la toma de decisiones y la gesti\u00f3n de las emociones bajo estr\u00e9s. Tambi\u00e9n aprender\u00e1s a trabajar en equipo y a compartir opiniones. As\u00ed que podr\u00e1s asumir funciones de responsabilidad media o alta en \u00e1reas de la criminolog\u00eda.<\/p>\n<p>Si este \u00e1mbito te apasiona y quieres dedicarte a ello, esta es la oportunidad que estabas buscando. Antes de matricularte en esta maestr\u00eda, te aconsejamos que te pongas en contacto con nosotros para aclarar cualquier duda o inquietud que tengas gracias a nuestro servicio de asesoramiento. \u00a1Que nada te detenga y alcanza tus metas!<\/p>\n","protected":false},"featured_media":1111,"comment_status":"closed","ping_status":"closed","template":"","meta":[],"product_brand":[],"product_cat":[17],"product_tag":[1318,1316,1317,1319,1315,1322,1313,1320,1321,1314],"class_list":{"0":"post-1110","1":"product","2":"type-product","3":"status-publish","4":"has-post-thumbnail","6":"product_cat-master","7":"product_tag-analisis-del-comportamiento-criminal","8":"product_tag-certificacion-en-criminologia","9":"product_tag-curso-online-de-criminologia","10":"product_tag-estrategias-de-investigacion-criminal","11":"product_tag-formacion-en-ciencias-forenses","12":"product_tag-gestion-de-la-seguridad-y-justicia-penal","13":"product_tag-master-en-criminologia","14":"product_tag-prevencion-del-delito","15":"product_tag-psicologia-del-crimen","16":"product_tag-toma-de-decisiones-en-criminologia","18":"first","19":"instock","20":"sale","21":"shipping-taxable","22":"purchasable","23":"product-type-simple"},"yoast_head":"<!-- This site is optimized with the Yoast SEO plugin v27.4 - https:\/\/yoast.com\/product\/yoast-seo-wordpress\/ -->\n<title>M\u00e1ster en criminolog\u00eda y toma de decisiones<\/title>\n<meta name=\"description\" content=\"El M\u00e1ster en Criminolog\u00eda y Toma de Decisiones es un programa de formaci\u00f3n avanzado que combina los conocimientos te\u00f3ricos y pr\u00e1cticos de la criminolog\u00eda.\" \/>\n<meta name=\"robots\" content=\"index, follow, max-snippet:-1, max-image-preview:large, max-video-preview:-1\" \/>\n<link rel=\"canonical\" href=\"https:\/\/centro-cee.com\/web\/producto\/master-en-criminologia-y-toma-de-decisiones\/\" \/>\n<meta property=\"og:locale\" content=\"es_ES\" \/>\n<meta property=\"og:type\" content=\"article\" \/>\n<meta property=\"og:title\" content=\"M\u00e1ster en criminolog\u00eda y toma de decisiones\" \/>\n<meta property=\"og:description\" content=\"El M\u00e1ster en Criminolog\u00eda y Toma de Decisiones es un programa de formaci\u00f3n avanzado que combina los conocimientos te\u00f3ricos y pr\u00e1cticos de la criminolog\u00eda.\" \/>\n<meta property=\"og:url\" content=\"https:\/\/centro-cee.com\/web\/producto\/master-en-criminologia-y-toma-de-decisiones\/\" \/>\n<meta property=\"og:site_name\" content=\"CEE Centro Europeo E-learning - Cursos online\" \/>\n<meta property=\"article:modified_time\" content=\"2024-10-18T11:05:31+00:00\" \/>\n<meta property=\"og:image\" content=\"https:\/\/centro-cee.com\/web\/wp-content\/uploads\/2023\/02\/imagen_2023-02-16_124128492.png\" \/>\n\t<meta property=\"og:image:width\" content=\"702\" \/>\n\t<meta property=\"og:image:height\" content=\"468\" \/>\n\t<meta property=\"og:image:type\" content=\"image\/png\" \/>\n<meta name=\"twitter:card\" content=\"summary_large_image\" \/>\n<meta name=\"twitter:label1\" content=\"Tiempo de lectura\" \/>\n\t<meta name=\"twitter:data1\" content=\"3 minutos\" \/>\n<script type=\"application\/ld+json\" class=\"yoast-schema-graph\">{\"@context\":\"https:\\\/\\\/schema.org\",\"@graph\":[{\"@type\":\"WebPage\",\"@id\":\"https:\\\/\\\/centro-cee.com\\\/web\\\/producto\\\/master-en-criminologia-y-toma-de-decisiones\\\/\",\"url\":\"https:\\\/\\\/centro-cee.com\\\/web\\\/producto\\\/master-en-criminologia-y-toma-de-decisiones\\\/\",\"name\":\"M\u00e1ster en criminolog\u00eda y toma de decisiones\",\"isPartOf\":{\"@id\":\"https:\\\/\\\/centro-cee.com\\\/web\\\/#website\"},\"primaryImageOfPage\":{\"@id\":\"https:\\\/\\\/centro-cee.com\\\/web\\\/producto\\\/master-en-criminologia-y-toma-de-decisiones\\\/#primaryimage\"},\"image\":{\"@id\":\"https:\\\/\\\/centro-cee.com\\\/web\\\/producto\\\/master-en-criminologia-y-toma-de-decisiones\\\/#primaryimage\"},\"thumbnailUrl\":\"https:\\\/\\\/centro-cee.com\\\/web\\\/wp-content\\\/uploads\\\/2023\\\/02\\\/imagen_2023-02-16_124128492.png\",\"datePublished\":\"2023-02-16T11:41:58+00:00\",\"dateModified\":\"2024-10-18T11:05:31+00:00\",\"description\":\"El M\u00e1ster en Criminolog\u00eda y Toma de Decisiones es un programa de formaci\u00f3n avanzado que combina los conocimientos te\u00f3ricos y pr\u00e1cticos de la criminolog\u00eda.\",\"breadcrumb\":{\"@id\":\"https:\\\/\\\/centro-cee.com\\\/web\\\/producto\\\/master-en-criminologia-y-toma-de-decisiones\\\/#breadcrumb\"},\"inLanguage\":\"es\",\"potentialAction\":[{\"@type\":\"ReadAction\",\"target\":[\"https:\\\/\\\/centro-cee.com\\\/web\\\/producto\\\/master-en-criminologia-y-toma-de-decisiones\\\/\"]}]},{\"@type\":\"ImageObject\",\"inLanguage\":\"es\",\"@id\":\"https:\\\/\\\/centro-cee.com\\\/web\\\/producto\\\/master-en-criminologia-y-toma-de-decisiones\\\/#primaryimage\",\"url\":\"https:\\\/\\\/centro-cee.com\\\/web\\\/wp-content\\\/uploads\\\/2023\\\/02\\\/imagen_2023-02-16_124128492.png\",\"contentUrl\":\"https:\\\/\\\/centro-cee.com\\\/web\\\/wp-content\\\/uploads\\\/2023\\\/02\\\/imagen_2023-02-16_124128492.png\",\"width\":702,\"height\":468,\"caption\":\"M\u00c1STER EN CRIMINOLOG\u00cdA Y TOMA DE DECISIONES\"},{\"@type\":\"BreadcrumbList\",\"@id\":\"https:\\\/\\\/centro-cee.com\\\/web\\\/producto\\\/master-en-criminologia-y-toma-de-decisiones\\\/#breadcrumb\",\"itemListElement\":[{\"@type\":\"ListItem\",\"position\":1,\"name\":\"Portada\",\"item\":\"https:\\\/\\\/centro-cee.com\\\/web\\\/\"},{\"@type\":\"ListItem\",\"position\":2,\"name\":\"M\u00e1ster en criminolog\u00eda y toma de decisiones\"}]},{\"@type\":\"WebSite\",\"@id\":\"https:\\\/\\\/centro-cee.com\\\/web\\\/#website\",\"url\":\"https:\\\/\\\/centro-cee.com\\\/web\\\/\",\"name\":\"Centro Europeo E-learning\",\"description\":\"CEE Formaci\u00f3n Online\",\"publisher\":{\"@id\":\"https:\\\/\\\/centro-cee.com\\\/web\\\/#organization\"},\"alternateName\":\"Centro Online de Formaci\u00f3n\",\"potentialAction\":[{\"@type\":\"SearchAction\",\"target\":{\"@type\":\"EntryPoint\",\"urlTemplate\":\"https:\\\/\\\/centro-cee.com\\\/web\\\/?s={search_term_string}\"},\"query-input\":{\"@type\":\"PropertyValueSpecification\",\"valueRequired\":true,\"valueName\":\"search_term_string\"}}],\"inLanguage\":\"es\"},{\"@type\":\"Organization\",\"@id\":\"https:\\\/\\\/centro-cee.com\\\/web\\\/#organization\",\"name\":\"Centro Europeo E-learning CEE\",\"url\":\"https:\\\/\\\/centro-cee.com\\\/web\\\/\",\"logo\":{\"@type\":\"ImageObject\",\"inLanguage\":\"es\",\"@id\":\"https:\\\/\\\/centro-cee.com\\\/web\\\/#\\\/schema\\\/logo\\\/image\\\/\",\"url\":\"https:\\\/\\\/centro-cee.com\\\/web\\\/wp-content\\\/uploads\\\/2022\\\/12\\\/cropped-logo_educa.png\",\"contentUrl\":\"https:\\\/\\\/centro-cee.com\\\/web\\\/wp-content\\\/uploads\\\/2022\\\/12\\\/cropped-logo_educa.png\",\"width\":157,\"height\":63,\"caption\":\"Centro Europeo E-learning CEE\"},\"image\":{\"@id\":\"https:\\\/\\\/centro-cee.com\\\/web\\\/#\\\/schema\\\/logo\\\/image\\\/\"},\"sameAs\":[\"https:\\\/\\\/www.instagram.com\\\/centroeuropeo_cee\"]}]}<\/script>\n<!-- \/ Yoast SEO plugin. -->","yoast_head_json":{"title":"M\u00e1ster en criminolog\u00eda y toma de decisiones","description":"El M\u00e1ster en Criminolog\u00eda y Toma de Decisiones es un programa de formaci\u00f3n avanzado que combina los conocimientos te\u00f3ricos y pr\u00e1cticos de la criminolog\u00eda.","robots":{"index":"index","follow":"follow","max-snippet":"max-snippet:-1","max-image-preview":"max-image-preview:large","max-video-preview":"max-video-preview:-1"},"canonical":"https:\/\/centro-cee.com\/web\/producto\/master-en-criminologia-y-toma-de-decisiones\/","og_locale":"es_ES","og_type":"article","og_title":"M\u00e1ster en criminolog\u00eda y toma de decisiones","og_description":"El M\u00e1ster en Criminolog\u00eda y Toma de Decisiones es un programa de formaci\u00f3n avanzado que combina los conocimientos te\u00f3ricos y pr\u00e1cticos de la criminolog\u00eda.","og_url":"https:\/\/centro-cee.com\/web\/producto\/master-en-criminologia-y-toma-de-decisiones\/","og_site_name":"CEE Centro Europeo E-learning - Cursos online","article_modified_time":"2024-10-18T11:05:31+00:00","og_image":[{"width":702,"height":468,"url":"https:\/\/centro-cee.com\/web\/wp-content\/uploads\/2023\/02\/imagen_2023-02-16_124128492.png","type":"image\/png"}],"twitter_card":"summary_large_image","twitter_misc":{"Tiempo de lectura":"3 minutos"},"schema":{"@context":"https:\/\/schema.org","@graph":[{"@type":"WebPage","@id":"https:\/\/centro-cee.com\/web\/producto\/master-en-criminologia-y-toma-de-decisiones\/","url":"https:\/\/centro-cee.com\/web\/producto\/master-en-criminologia-y-toma-de-decisiones\/","name":"M\u00e1ster en criminolog\u00eda y toma de decisiones","isPartOf":{"@id":"https:\/\/centro-cee.com\/web\/#website"},"primaryImageOfPage":{"@id":"https:\/\/centro-cee.com\/web\/producto\/master-en-criminologia-y-toma-de-decisiones\/#primaryimage"},"image":{"@id":"https:\/\/centro-cee.com\/web\/producto\/master-en-criminologia-y-toma-de-decisiones\/#primaryimage"},"thumbnailUrl":"https:\/\/centro-cee.com\/web\/wp-content\/uploads\/2023\/02\/imagen_2023-02-16_124128492.png","datePublished":"2023-02-16T11:41:58+00:00","dateModified":"2024-10-18T11:05:31+00:00","description":"El M\u00e1ster en Criminolog\u00eda y Toma de Decisiones es un programa de formaci\u00f3n avanzado que combina los conocimientos te\u00f3ricos y pr\u00e1cticos de la criminolog\u00eda.","breadcrumb":{"@id":"https:\/\/centro-cee.com\/web\/producto\/master-en-criminologia-y-toma-de-decisiones\/#breadcrumb"},"inLanguage":"es","potentialAction":[{"@type":"ReadAction","target":["https:\/\/centro-cee.com\/web\/producto\/master-en-criminologia-y-toma-de-decisiones\/"]}]},{"@type":"ImageObject","inLanguage":"es","@id":"https:\/\/centro-cee.com\/web\/producto\/master-en-criminologia-y-toma-de-decisiones\/#primaryimage","url":"https:\/\/centro-cee.com\/web\/wp-content\/uploads\/2023\/02\/imagen_2023-02-16_124128492.png","contentUrl":"https:\/\/centro-cee.com\/web\/wp-content\/uploads\/2023\/02\/imagen_2023-02-16_124128492.png","width":702,"height":468,"caption":"M\u00c1STER EN CRIMINOLOG\u00cdA Y TOMA DE DECISIONES"},{"@type":"BreadcrumbList","@id":"https:\/\/centro-cee.com\/web\/producto\/master-en-criminologia-y-toma-de-decisiones\/#breadcrumb","itemListElement":[{"@type":"ListItem","position":1,"name":"Portada","item":"https:\/\/centro-cee.com\/web\/"},{"@type":"ListItem","position":2,"name":"M\u00e1ster en criminolog\u00eda y toma de decisiones"}]},{"@type":"WebSite","@id":"https:\/\/centro-cee.com\/web\/#website","url":"https:\/\/centro-cee.com\/web\/","name":"Centro Europeo E-learning","description":"CEE Formaci\u00f3n Online","publisher":{"@id":"https:\/\/centro-cee.com\/web\/#organization"},"alternateName":"Centro Online de Formaci\u00f3n","potentialAction":[{"@type":"SearchAction","target":{"@type":"EntryPoint","urlTemplate":"https:\/\/centro-cee.com\/web\/?s={search_term_string}"},"query-input":{"@type":"PropertyValueSpecification","valueRequired":true,"valueName":"search_term_string"}}],"inLanguage":"es"},{"@type":"Organization","@id":"https:\/\/centro-cee.com\/web\/#organization","name":"Centro Europeo E-learning CEE","url":"https:\/\/centro-cee.com\/web\/","logo":{"@type":"ImageObject","inLanguage":"es","@id":"https:\/\/centro-cee.com\/web\/#\/schema\/logo\/image\/","url":"https:\/\/centro-cee.com\/web\/wp-content\/uploads\/2022\/12\/cropped-logo_educa.png","contentUrl":"https:\/\/centro-cee.com\/web\/wp-content\/uploads\/2022\/12\/cropped-logo_educa.png","width":157,"height":63,"caption":"Centro Europeo E-learning CEE"},"image":{"@id":"https:\/\/centro-cee.com\/web\/#\/schema\/logo\/image\/"},"sameAs":["https:\/\/www.instagram.com\/centroeuropeo_cee"]}]}},"_links":{"self":[{"href":"https:\/\/centro-cee.com\/web\/wp-json\/wp\/v2\/product\/1110","targetHints":{"allow":["GET"]}}],"collection":[{"href":"https:\/\/centro-cee.com\/web\/wp-json\/wp\/v2\/product"}],"about":[{"href":"https:\/\/centro-cee.com\/web\/wp-json\/wp\/v2\/types\/product"}],"replies":[{"embeddable":true,"href":"https:\/\/centro-cee.com\/web\/wp-json\/wp\/v2\/comments?post=1110"}],"wp:featuredmedia":[{"embeddable":true,"href":"https:\/\/centro-cee.com\/web\/wp-json\/wp\/v2\/media\/1111"}],"wp:attachment":[{"href":"https:\/\/centro-cee.com\/web\/wp-json\/wp\/v2\/media?parent=1110"}],"wp:term":[{"taxonomy":"product_brand","embeddable":true,"href":"https:\/\/centro-cee.com\/web\/wp-json\/wp\/v2\/product_brand?post=1110"},{"taxonomy":"product_cat","embeddable":true,"href":"https:\/\/centro-cee.com\/web\/wp-json\/wp\/v2\/product_cat?post=1110"},{"taxonomy":"product_tag","embeddable":true,"href":"https:\/\/centro-cee.com\/web\/wp-json\/wp\/v2\/product_tag?post=1110"}],"curies":[{"name":"wp","href":"https:\/\/api.w.org\/{rel}","templated":true}]}}