{"id":1107,"date":"2023-02-16T11:31:55","date_gmt":"2023-02-16T11:31:55","guid":{"rendered":"https:\/\/centro-cee.com\/web\/?post_type=product&#038;p=1107"},"modified":"2024-10-18T11:05:55","modified_gmt":"2024-10-18T11:05:55","slug":"curso-wedding-planner-atencion-al-cliente","status":"publish","type":"product","link":"https:\/\/centro-cee.com\/web\/producto\/curso-wedding-planner-atencion-al-cliente\/","title":{"rendered":"Curso wedding planner + atenci\u00f3n al cliente"},"content":{"rendered":"<p><a href=\"https:\/\/centro-cee.com\/web\/formaciones\/\">3 2Atr\u00e1s<\/a><\/p>\n<p><em><strong>Curso wedding planner + atenci\u00f3n al cliente<\/strong><\/em><\/p>\n<p>Toda esta informaci\u00f3n se realiza 100% online en nuestro campus online de formaci\u00f3n.<\/p>\n<p>Las tutorias se realizan directamente desde el campus de estudio con la opci\u00f3n de mensajer\u00eda a profesores. Las tutorias son \u201ca demanda\u201d, cuando necesites soporte nos lo pides.<\/p>\n<p>Los t\u00edtulos de Centro CEE est\u00e1n autenticados por la firma de notario que valida contenidos y autenticidad a nivel internacional. Nuestra organizaci\u00f3n pertenece a la Asociaci\u00f3n Espa\u00f1ola de Calidad, organizaci\u00f3n Espa\u00f1ola de referencia para la calidad\u00a0en la formaci\u00f3n de auxiliar de enfermer\u00eda. La certificaci\u00f3n se puede apostillar por la Haya para cualquier pa\u00eds firmante del convenio de la Haya.<\/p>\n<p>Se puede pagar a plazos.<\/p>\n<p>Carga horaria de la formaci\u00f3n: 600h<\/p>\n<h2>Temario<\/h2>\n<hr \/>\n<h2>CURSO WEDDING PLANNER + ATENCI\u00d3N AL CLIENTE<\/h2>\n<p><strong>1: WEDDING PLANNER<\/strong><br \/>\n1. Wedding Planner<br \/>\n1.1. Perfil del Wedding Planner.<br \/>\n1.2. Caracter\u00edsticas del Wedding Planner.<br \/>\n2. Organizaci\u00f3n de la boda<br \/>\n2.1. Objetivos, elecci\u00f3n del lugar, fecha, estilo de boda, etc.<br \/>\n2.2. Organizaci\u00f3n de la boda paso a paso.<br \/>\n2.3. Timming de una boda.<br \/>\n2.4. Las invitaciones: elecci\u00f3n.<br \/>\n2.5. Presupuesto de la boda.<br \/>\n3. Vista legal y social de las bodas<br \/>\n3.1. Introducci\u00f3n.<br \/>\n3.2. Definici\u00f3n y principales tradiciones vinculadas el matrimonio.<br \/>\n3.3. Tr\u00e1mites legales necesarios seg\u00fan el tipo de boda. documentaci\u00f3n, tr\u00e1mites y desarrollo de la ceremonia.<br \/>\n4. Tipos de bodas.<br \/>\n4.1. Caracter\u00edsticas principales.<br \/>\n4.2. Tipos de ceremonias religiosas,<br \/>\n4.3. Ceremonias cristiana<br \/>\n4.4. Ceremonia griega.<br \/>\n4.5. Ceremonia jud\u00eda.<br \/>\n4.6. Ceremonia musulmana.<br \/>\n5. Ceremonias civiles<br \/>\n5.1. Tr\u00e1mites legales necesarios. Documentaci\u00f3n y desarrollo.<br \/>\n6. Estilos y escenarios de bodas:<br \/>\n6.1. Preparativos de una boda Rom\u00e1ntica.<br \/>\n6.2. Preparativos de una boda Vintage.<br \/>\n6.3. Preparativos de una boda Marinera.<br \/>\n6.4. Preparativos de una boda con color<br \/>\n7. Protocolo y Decoraci\u00f3n<br \/>\n7.1. Las invitaciones: elecci\u00f3n y redacci\u00f3n.<br \/>\n7.2. Decoraci\u00f3n y organizaci\u00f3n de la ceremonia.<br \/>\n7.3. Decoraci\u00f3n y organizaci\u00f3n del banquete. Distribuci\u00f3n de invitados y protocolo en la mesa.<br \/>\n7.4. Los regalos: protocolo, listas de boda y otros detalles.<br \/>\n8. Organizaci\u00f3n de los espacios:<br \/>\n8.1. Protocolo de actuaci\u00f3n en las distintas ceremonias.<br \/>\n8.2. Organizaci\u00f3n y decoraci\u00f3n del banquete.<br \/>\n8.3. Distribuci\u00f3n de invitados y protocolo en la mesa.<br \/>\n8.4. Elecci\u00f3n del Catering.<br \/>\n8.5. M\u00fasica, primer baile, etc.<br \/>\n8.6. Para los ni\u00f1os.<br \/>\n8.7. Fotos y v\u00eddeo.<br \/>\n9. Los Novios<br \/>\n9.1. Elecci\u00f3n del traje del novio.<br \/>\n9.2. Complementos del novio: Zapatos, corbatas, chalecos, boutoniers, etc.<br \/>\n9.3. Elecci\u00f3n del traje de la novia.<br \/>\n9.4. Complementos de la novia: Ramo, velo, zapatos, el peinado, etc.<br \/>\n9.5. Padrinos, testigos, damas de honor y pajes. Protocolo en el vestir.<br \/>\n10. Para la novia<br \/>\n10.1. Traje corto.<br \/>\n10.2. Traje c\u00f3ctel.<br \/>\n10.3. Vestido largo.<br \/>\n11. Para el novio<br \/>\n11.1. Chaqu\u00e9.<br \/>\n11.2. Esmoquin.<br \/>\n11.3. Frac.<br \/>\n12. Despu\u00e9s de la Boda<br \/>\n12.1. Fiesta post-boda.<br \/>\n12.2. Luna de miel.<br \/>\n12.3. Agradecimiento a los invitados.<\/p>\n<p><strong>2: T\u00c9CNICAS DE IMAGEN PERSONAL<\/strong><br \/>\n1. El rostro<br \/>\n* fisonom\u00eda<br \/>\n2. Partes del ojo<br \/>\n3. La nariz<br \/>\n4. Maquillaje (automaquillaje)<br \/>\n5. Pinceles<br \/>\n6. Brochas<br \/>\n7. Correcciones<br \/>\n8. Labios<br \/>\n9. Maquillaje &#8211; paso a paso:<br \/>\n1 maquillaje d\u00eda<br \/>\n2 maquillaje tarde<br \/>\n3 maquillaje de fiesta<br \/>\n10. \u00datiles y accesorios<br \/>\n11. Higiene<br \/>\n12. El resultado final<br \/>\n13. Documentaci\u00f3n de resumen<\/p>\n<p><strong>3: ATENCI\u00d3N AL CLIENTE<\/strong><br \/>\n1. LA ATENCI\u00d3N AL CLIENTE<br \/>\n2. EL TRATO CON EL CLIENTE<br \/>\n3. EL TRABAJO EN EQUIPO<br \/>\n4. LOS CLIENTES<br \/>\n5. T\u00c9CNICAS DE COMUNICACI\u00d3N<br \/>\n6. EL PROCESO DE VENTA<br \/>\n7. LA CALIDAD DEL SERVICIO<\/p>\n","protected":false},"excerpt":{"rendered":"<p><a href=\"https:\/\/centro-cee.com\/web\/formaciones\/\">Atr\u00e1s<\/a><\/p>\n<p>Como parte del temario de este curso, los alumnos podr\u00e1n asumir funciones para la organizaci\u00f3n de bodas y asesorar a sus clientes en temas relacionados con la imagen personal.<\/p>\n<p>Asimismo, aprender\u00e1n las mejores t\u00e9cnicas de atenci\u00f3n al cliente y tambi\u00e9n las mejores t\u00e9cnicas para poder autogestionar su presencia en internet.<\/p>\n<p>Se trata de una formaci\u00f3n online, que podr\u00e1s seguir desde la comodidad de casa, utilizando un ordenador o tablet con conexi\u00f3n a internet. Los contenidos son multimedia, interactivos y con audio, en general se evita el exceso de contenidos de texto.<\/p>\n","protected":false},"featured_media":1108,"comment_status":"closed","ping_status":"closed","template":"","meta":[],"product_brand":[],"product_cat":[34],"product_tag":[1324,1325,1330,1323,1326,1331,763,1328,1329,1327],"class_list":{"0":"post-1107","1":"product","2":"type-product","3":"status-publish","4":"has-post-thumbnail","6":"product_cat-tecnicos","7":"product_tag-atencion-al-cliente-en-eventos","8":"product_tag-certificacion-en-organizacion-de-bodas","9":"product_tag-creatividad-en-diseno-de-bodas","10":"product_tag-curso-de-wedding-planner","11":"product_tag-curso-online-de-wedding-planner","12":"product_tag-estrategias-de-comunicacion-con-clientes","13":"product_tag-formacion-en-planificacion-de-bodas","14":"product_tag-protocolo-y-logistica-de-bodas","15":"product_tag-servicio-al-cliente-en-planificacion-de-eventos","16":"product_tag-tecnicas-de-gestion-de-eventos","18":"first","19":"instock","20":"sale","21":"shipping-taxable","22":"purchasable","23":"product-type-simple"},"yoast_head":"<!-- This site is optimized with the Yoast SEO plugin v27.4 - https:\/\/yoast.com\/product\/yoast-seo-wordpress\/ -->\n<title>Curso wedding planner + atenci\u00f3n al cliente<\/title>\n<meta name=\"description\" content=\"El curso de wedding planner + atenci\u00f3n al cliente es ideal para convertirse en expertos en la planificaci\u00f3n de bodas y eventos nupciales.\" \/>\n<meta name=\"robots\" content=\"index, follow, max-snippet:-1, max-image-preview:large, max-video-preview:-1\" \/>\n<link rel=\"canonical\" href=\"https:\/\/centro-cee.com\/web\/producto\/curso-wedding-planner-atencion-al-cliente\/\" \/>\n<meta property=\"og:locale\" content=\"es_ES\" \/>\n<meta property=\"og:type\" content=\"article\" \/>\n<meta property=\"og:title\" content=\"Curso wedding planner + atenci\u00f3n al cliente\" \/>\n<meta property=\"og:description\" content=\"El curso de wedding planner + atenci\u00f3n al cliente es ideal para convertirse en expertos en la planificaci\u00f3n de bodas y eventos nupciales.\" \/>\n<meta property=\"og:url\" content=\"https:\/\/centro-cee.com\/web\/producto\/curso-wedding-planner-atencion-al-cliente\/\" \/>\n<meta property=\"og:site_name\" content=\"CEE Centro Europeo E-learning - Cursos online\" \/>\n<meta property=\"article:modified_time\" content=\"2024-10-18T11:05:55+00:00\" \/>\n<meta property=\"og:image\" content=\"https:\/\/centro-cee.com\/web\/wp-content\/uploads\/2023\/02\/imagen_2023-02-16_123109427.png\" \/>\n\t<meta property=\"og:image:width\" content=\"800\" \/>\n\t<meta property=\"og:image:height\" content=\"800\" \/>\n\t<meta property=\"og:image:type\" content=\"image\/png\" \/>\n<meta name=\"twitter:card\" content=\"summary_large_image\" \/>\n<meta name=\"twitter:label1\" content=\"Tiempo de lectura\" \/>\n\t<meta name=\"twitter:data1\" content=\"3 minutos\" \/>\n<script type=\"application\/ld+json\" class=\"yoast-schema-graph\">{\"@context\":\"https:\\\/\\\/schema.org\",\"@graph\":[{\"@type\":\"WebPage\",\"@id\":\"https:\\\/\\\/centro-cee.com\\\/web\\\/producto\\\/curso-wedding-planner-atencion-al-cliente\\\/\",\"url\":\"https:\\\/\\\/centro-cee.com\\\/web\\\/producto\\\/curso-wedding-planner-atencion-al-cliente\\\/\",\"name\":\"Curso wedding planner + atenci\u00f3n al cliente\",\"isPartOf\":{\"@id\":\"https:\\\/\\\/centro-cee.com\\\/web\\\/#website\"},\"primaryImageOfPage\":{\"@id\":\"https:\\\/\\\/centro-cee.com\\\/web\\\/producto\\\/curso-wedding-planner-atencion-al-cliente\\\/#primaryimage\"},\"image\":{\"@id\":\"https:\\\/\\\/centro-cee.com\\\/web\\\/producto\\\/curso-wedding-planner-atencion-al-cliente\\\/#primaryimage\"},\"thumbnailUrl\":\"https:\\\/\\\/centro-cee.com\\\/web\\\/wp-content\\\/uploads\\\/2023\\\/02\\\/imagen_2023-02-16_123109427.png\",\"datePublished\":\"2023-02-16T11:31:55+00:00\",\"dateModified\":\"2024-10-18T11:05:55+00:00\",\"description\":\"El curso de wedding planner + atenci\u00f3n al cliente es ideal para convertirse en expertos en la planificaci\u00f3n de bodas y eventos nupciales.\",\"breadcrumb\":{\"@id\":\"https:\\\/\\\/centro-cee.com\\\/web\\\/producto\\\/curso-wedding-planner-atencion-al-cliente\\\/#breadcrumb\"},\"inLanguage\":\"es\",\"potentialAction\":[{\"@type\":\"ReadAction\",\"target\":[\"https:\\\/\\\/centro-cee.com\\\/web\\\/producto\\\/curso-wedding-planner-atencion-al-cliente\\\/\"]}]},{\"@type\":\"ImageObject\",\"inLanguage\":\"es\",\"@id\":\"https:\\\/\\\/centro-cee.com\\\/web\\\/producto\\\/curso-wedding-planner-atencion-al-cliente\\\/#primaryimage\",\"url\":\"https:\\\/\\\/centro-cee.com\\\/web\\\/wp-content\\\/uploads\\\/2023\\\/02\\\/imagen_2023-02-16_123109427.png\",\"contentUrl\":\"https:\\\/\\\/centro-cee.com\\\/web\\\/wp-content\\\/uploads\\\/2023\\\/02\\\/imagen_2023-02-16_123109427.png\",\"width\":800,\"height\":800,\"caption\":\"CURSO WEDDING PLANNER + ATENCI\u00d3N AL CLIENTE\"},{\"@type\":\"BreadcrumbList\",\"@id\":\"https:\\\/\\\/centro-cee.com\\\/web\\\/producto\\\/curso-wedding-planner-atencion-al-cliente\\\/#breadcrumb\",\"itemListElement\":[{\"@type\":\"ListItem\",\"position\":1,\"name\":\"Portada\",\"item\":\"https:\\\/\\\/centro-cee.com\\\/web\\\/\"},{\"@type\":\"ListItem\",\"position\":2,\"name\":\"Curso wedding planner + atenci\u00f3n al cliente\"}]},{\"@type\":\"WebSite\",\"@id\":\"https:\\\/\\\/centro-cee.com\\\/web\\\/#website\",\"url\":\"https:\\\/\\\/centro-cee.com\\\/web\\\/\",\"name\":\"Centro Europeo E-learning\",\"description\":\"CEE Formaci\u00f3n Online\",\"publisher\":{\"@id\":\"https:\\\/\\\/centro-cee.com\\\/web\\\/#organization\"},\"alternateName\":\"Centro Online de Formaci\u00f3n\",\"potentialAction\":[{\"@type\":\"SearchAction\",\"target\":{\"@type\":\"EntryPoint\",\"urlTemplate\":\"https:\\\/\\\/centro-cee.com\\\/web\\\/?s={search_term_string}\"},\"query-input\":{\"@type\":\"PropertyValueSpecification\",\"valueRequired\":true,\"valueName\":\"search_term_string\"}}],\"inLanguage\":\"es\"},{\"@type\":\"Organization\",\"@id\":\"https:\\\/\\\/centro-cee.com\\\/web\\\/#organization\",\"name\":\"Centro Europeo E-learning CEE\",\"url\":\"https:\\\/\\\/centro-cee.com\\\/web\\\/\",\"logo\":{\"@type\":\"ImageObject\",\"inLanguage\":\"es\",\"@id\":\"https:\\\/\\\/centro-cee.com\\\/web\\\/#\\\/schema\\\/logo\\\/image\\\/\",\"url\":\"https:\\\/\\\/centro-cee.com\\\/web\\\/wp-content\\\/uploads\\\/2022\\\/12\\\/cropped-logo_educa.png\",\"contentUrl\":\"https:\\\/\\\/centro-cee.com\\\/web\\\/wp-content\\\/uploads\\\/2022\\\/12\\\/cropped-logo_educa.png\",\"width\":157,\"height\":63,\"caption\":\"Centro Europeo E-learning CEE\"},\"image\":{\"@id\":\"https:\\\/\\\/centro-cee.com\\\/web\\\/#\\\/schema\\\/logo\\\/image\\\/\"},\"sameAs\":[\"https:\\\/\\\/www.instagram.com\\\/centroeuropeo_cee\"]}]}<\/script>\n<!-- \/ Yoast SEO plugin. -->","yoast_head_json":{"title":"Curso wedding planner + atenci\u00f3n al cliente","description":"El curso de wedding planner + atenci\u00f3n al cliente es ideal para convertirse en expertos en la planificaci\u00f3n de bodas y eventos nupciales.","robots":{"index":"index","follow":"follow","max-snippet":"max-snippet:-1","max-image-preview":"max-image-preview:large","max-video-preview":"max-video-preview:-1"},"canonical":"https:\/\/centro-cee.com\/web\/producto\/curso-wedding-planner-atencion-al-cliente\/","og_locale":"es_ES","og_type":"article","og_title":"Curso wedding planner + atenci\u00f3n al cliente","og_description":"El curso de wedding planner + atenci\u00f3n al cliente es ideal para convertirse en expertos en la planificaci\u00f3n de bodas y eventos nupciales.","og_url":"https:\/\/centro-cee.com\/web\/producto\/curso-wedding-planner-atencion-al-cliente\/","og_site_name":"CEE Centro Europeo E-learning - Cursos online","article_modified_time":"2024-10-18T11:05:55+00:00","og_image":[{"width":800,"height":800,"url":"https:\/\/centro-cee.com\/web\/wp-content\/uploads\/2023\/02\/imagen_2023-02-16_123109427.png","type":"image\/png"}],"twitter_card":"summary_large_image","twitter_misc":{"Tiempo de lectura":"3 minutos"},"schema":{"@context":"https:\/\/schema.org","@graph":[{"@type":"WebPage","@id":"https:\/\/centro-cee.com\/web\/producto\/curso-wedding-planner-atencion-al-cliente\/","url":"https:\/\/centro-cee.com\/web\/producto\/curso-wedding-planner-atencion-al-cliente\/","name":"Curso wedding planner + atenci\u00f3n al cliente","isPartOf":{"@id":"https:\/\/centro-cee.com\/web\/#website"},"primaryImageOfPage":{"@id":"https:\/\/centro-cee.com\/web\/producto\/curso-wedding-planner-atencion-al-cliente\/#primaryimage"},"image":{"@id":"https:\/\/centro-cee.com\/web\/producto\/curso-wedding-planner-atencion-al-cliente\/#primaryimage"},"thumbnailUrl":"https:\/\/centro-cee.com\/web\/wp-content\/uploads\/2023\/02\/imagen_2023-02-16_123109427.png","datePublished":"2023-02-16T11:31:55+00:00","dateModified":"2024-10-18T11:05:55+00:00","description":"El curso de wedding planner + atenci\u00f3n al cliente es ideal para convertirse en expertos en la planificaci\u00f3n de bodas y eventos nupciales.","breadcrumb":{"@id":"https:\/\/centro-cee.com\/web\/producto\/curso-wedding-planner-atencion-al-cliente\/#breadcrumb"},"inLanguage":"es","potentialAction":[{"@type":"ReadAction","target":["https:\/\/centro-cee.com\/web\/producto\/curso-wedding-planner-atencion-al-cliente\/"]}]},{"@type":"ImageObject","inLanguage":"es","@id":"https:\/\/centro-cee.com\/web\/producto\/curso-wedding-planner-atencion-al-cliente\/#primaryimage","url":"https:\/\/centro-cee.com\/web\/wp-content\/uploads\/2023\/02\/imagen_2023-02-16_123109427.png","contentUrl":"https:\/\/centro-cee.com\/web\/wp-content\/uploads\/2023\/02\/imagen_2023-02-16_123109427.png","width":800,"height":800,"caption":"CURSO WEDDING PLANNER + ATENCI\u00d3N AL CLIENTE"},{"@type":"BreadcrumbList","@id":"https:\/\/centro-cee.com\/web\/producto\/curso-wedding-planner-atencion-al-cliente\/#breadcrumb","itemListElement":[{"@type":"ListItem","position":1,"name":"Portada","item":"https:\/\/centro-cee.com\/web\/"},{"@type":"ListItem","position":2,"name":"Curso wedding planner + atenci\u00f3n al cliente"}]},{"@type":"WebSite","@id":"https:\/\/centro-cee.com\/web\/#website","url":"https:\/\/centro-cee.com\/web\/","name":"Centro Europeo E-learning","description":"CEE Formaci\u00f3n Online","publisher":{"@id":"https:\/\/centro-cee.com\/web\/#organization"},"alternateName":"Centro Online de Formaci\u00f3n","potentialAction":[{"@type":"SearchAction","target":{"@type":"EntryPoint","urlTemplate":"https:\/\/centro-cee.com\/web\/?s={search_term_string}"},"query-input":{"@type":"PropertyValueSpecification","valueRequired":true,"valueName":"search_term_string"}}],"inLanguage":"es"},{"@type":"Organization","@id":"https:\/\/centro-cee.com\/web\/#organization","name":"Centro Europeo E-learning CEE","url":"https:\/\/centro-cee.com\/web\/","logo":{"@type":"ImageObject","inLanguage":"es","@id":"https:\/\/centro-cee.com\/web\/#\/schema\/logo\/image\/","url":"https:\/\/centro-cee.com\/web\/wp-content\/uploads\/2022\/12\/cropped-logo_educa.png","contentUrl":"https:\/\/centro-cee.com\/web\/wp-content\/uploads\/2022\/12\/cropped-logo_educa.png","width":157,"height":63,"caption":"Centro Europeo E-learning CEE"},"image":{"@id":"https:\/\/centro-cee.com\/web\/#\/schema\/logo\/image\/"},"sameAs":["https:\/\/www.instagram.com\/centroeuropeo_cee"]}]}},"_links":{"self":[{"href":"https:\/\/centro-cee.com\/web\/wp-json\/wp\/v2\/product\/1107","targetHints":{"allow":["GET"]}}],"collection":[{"href":"https:\/\/centro-cee.com\/web\/wp-json\/wp\/v2\/product"}],"about":[{"href":"https:\/\/centro-cee.com\/web\/wp-json\/wp\/v2\/types\/product"}],"replies":[{"embeddable":true,"href":"https:\/\/centro-cee.com\/web\/wp-json\/wp\/v2\/comments?post=1107"}],"wp:featuredmedia":[{"embeddable":true,"href":"https:\/\/centro-cee.com\/web\/wp-json\/wp\/v2\/media\/1108"}],"wp:attachment":[{"href":"https:\/\/centro-cee.com\/web\/wp-json\/wp\/v2\/media?parent=1107"}],"wp:term":[{"taxonomy":"product_brand","embeddable":true,"href":"https:\/\/centro-cee.com\/web\/wp-json\/wp\/v2\/product_brand?post=1107"},{"taxonomy":"product_cat","embeddable":true,"href":"https:\/\/centro-cee.com\/web\/wp-json\/wp\/v2\/product_cat?post=1107"},{"taxonomy":"product_tag","embeddable":true,"href":"https:\/\/centro-cee.com\/web\/wp-json\/wp\/v2\/product_tag?post=1107"}],"curies":[{"name":"wp","href":"https:\/\/api.w.org\/{rel}","templated":true}]}}