{"id":1092,"date":"2023-02-13T11:10:57","date_gmt":"2023-02-13T11:10:57","guid":{"rendered":"https:\/\/centro-cee.com\/web\/?post_type=product&#038;p=1092"},"modified":"2024-10-18T11:06:22","modified_gmt":"2024-10-18T11:06:22","slug":"master-en-escritura-narrativa-y-creativa-herramientas-de-edicion","status":"publish","type":"product","link":"https:\/\/centro-cee.com\/web\/producto\/master-en-escritura-narrativa-y-creativa-herramientas-de-edicion\/","title":{"rendered":"M\u00e1ster en escritura narrativa y creativa + herramientas de edici\u00f3n"},"content":{"rendered":"<hr \/>\n<p><a href=\"https:\/\/centro-cee.com\/web\/formaciones\/\">Atr\u00e1s<\/a><\/p>\n<p><em><strong>M\u00e1ster en escritura narrativa y creativa <\/strong><\/em><\/p>\n<p>Toda esta formaci\u00f3n se realiza 100% online en nuestro campus online de formaci\u00f3n.<\/p>\n<p>Las tutorias se realizan directamente desde el campus de estudio con la opci\u00f3n de mensajer\u00eda a profesores\u00a0 y son \u201ca demanda\u201d, cuando necesites soporte nos lo pides.<\/p>\n<p>Adem\u00e1s los t\u00edtulos de Centro CEE est\u00e1n autenticados por la firma de notario que valida contenidos y autenticidad a nivel internacional.<\/p>\n<p>Nuestra organizaci\u00f3n pertenece a la Asociaci\u00f3n Espa\u00f1ola de Calidad, organizaci\u00f3n Espa\u00f1ola de referencia para la calidad en la formaci\u00f3n.<\/p>\n<p>La certificaci\u00f3n se puede apostillar por la Haya para cualquier pa\u00eds firmante del convenio.<\/p>\n<p>Se puede pagar a plazos.<\/p>\n<p>Carga horaria de la formaci\u00f3n: 400h<\/p>\n<p>&nbsp;<\/p>\n<h2>Temario<\/h2>\n<hr \/>\n<p>&nbsp;<\/p>\n<p><strong>MASTER EN ESCRITURA CREATIVA y M\u00c1STER EN EDICI\u00d3N Y MAQUETACI\u00d3N<\/strong><\/p>\n<p><strong>1: NARRACI\u00d3N Y ESCRITURA CREATIVA<\/strong><br \/>\n1. EL ESCRITOR. LAS HERRAMIENTAS DE LA ESCRITURA<br \/>\n2. LA NARRATIVA. INTRODUCCI\u00d3N A LA ESTRUCTURA DE LA NARRACI\u00d3N<br \/>\n3. CREATIVIDAD<br \/>\n4. CREATIVIDAD LITERARIA<br \/>\n5. ELABORACI\u00d3N DE UNA NARRACI\u00d3N CREATIVA<br \/>\n6. REGLAS GENERALES DE ORTOGRAF\u00cdA Y ACENTUACI\u00d3N<br \/>\n7. LAS ORACIONES Y SU COMPOSICI\u00d3N<br \/>\n8. LOS SIGNOS DE PUNTUACI\u00d3N<br \/>\n9. CORRECCI\u00d3N DE LOS TEXTOS CREATIVOS SEG\u00daN LA TEM\u00c1TICA Y EL SOPORTE<br \/>\n10. CORRECCI\u00d3N DE ESTILO Y PRESENTACI\u00d3N DE LOS TEXTOS CREATIVOS<\/p>\n<p><strong>2: MICROSOFT WORD<\/strong><\/p>\n<p>1. INTRODUCCI\u00d3N<br \/>\n2. INTERFACE<br \/>\n3. FORMATOS<br \/>\n3.1. FUENTE<br \/>\n3.2. P\u00c1RRAFO<br \/>\n4. INSERTAR OBJETOS<br \/>\n5. ELEMENTOS DE P\u00c1GINA<br \/>\n6. TABLAS<br \/>\n7. FORMATO AVANZADO DE LISTAS Y ESQUEMAS<br \/>\n8. ESTILOS Y PROPIEDADES<br \/>\n9. SALTOS E \u00cdNDICES<br \/>\n10. PROTEGER DOCUMENTOS<br \/>\n11. FUNCIONES AVANZADAS<br \/>\n12. INTERNET<\/p>\n<p><strong>3: ILUSTRATOR<\/strong><br \/>\n1. APARIENCIA DEL PROGRAMA<br \/>\n2. NUEVO DOCUMENTO<br \/>\n3. HERRAMIENTAS DE DIBUJO I<br \/>\n4. HERRAMIENTAS DE DIBUJO II<br \/>\n5. HERRAMIENTAS DE GRADIENTES<br \/>\n6. HERRAMIENTAS DE GR\u00c1FICO<br \/>\n7. REPASO OPCIONES DE MEN\u00da<br \/>\n8. HERRAMIENTAS MODIFICADORES<br \/>\n9. HERRAMIENTAS DE TEXTO I<br \/>\n10. HERRAMIENTAS DE TEXTO II<br \/>\n11. CAPAS<br \/>\n12. EFECTOS ESPECIALES<br \/>\n13. ESTILOS, PERFIL Y OBJETOS<br \/>\n14. OPCIONES DE IMPRESI\u00d3N<br \/>\n15. EJEMPLO<\/p>\n<p><strong>4: ADOBE PHOTOSHOP<\/strong><\/p>\n<p>1. ENTORNO DE TRABAJO<br \/>\n2. IM\u00c1GENES<br \/>\n3. MANEJO DE ARCHIVOS<br \/>\n4. HERRAMIENTAS DE SELECCI\u00d3N<br \/>\n5. RECORTES Y PINCELES<br \/>\n6. PINCELES CORRECTORES Y HERRAMIENTA TAMPON<br \/>\n7. COLOREAR<br \/>\n8. TEXTOS Y TRAZOS<br \/>\n9. TRABAJO CON CAPAS<br \/>\n10. BORRAR Y TRANSFORMAR<br \/>\n11. ENFOCAR Y SOBREEXPONER<br \/>\n12. IMPRESI\u00d3N Y WEB<\/p>\n<p>&nbsp;<\/p>\n<p><em><strong>M\u00e1ster en escritura narrativa y creativa <\/strong><\/em><\/p>\n<hr \/>\n","protected":false},"excerpt":{"rendered":"<p><a href=\"https:\/\/centro-cee.com\/web\/formaciones\/\">Atr\u00e1s<\/a><\/p>\n<p>\u00bfQuieres dar un paso adelante en tu futuro profesional? \u00bfTe gustar\u00eda aprender a escribir y maquetar obras? Si es as\u00ed, Emagister te presenta este M\u00e1ster Online en Escritura Creativa y M\u00e1ster en Edici\u00f3n y Maquetaci\u00f3n, impartido por el CEE Centro Europeo E-learning.<\/p>\n<p>Con esta formaci\u00f3n te formar\u00e1s en todos los aspectos relacionados con la escritura narrativa y creativa, con contenidos actualizados. La formaci\u00f3n obtenida es de alto nivel y con gran cantidad de contenidos que dotaran a las\/los alumnas\/os de unos conocimientos excelentes.<\/p>\n<p>Por otro lado, un M\u00e1ster de edici\u00f3n y maquetaci\u00f3n, sin duda conocimientos necesarios para cualquier persona que quiera dedicarse ya sea a la escritura, o al dise\u00f1o editorial para maquetaci\u00f3n y correcci\u00f3n de textos.<\/p>\n","protected":false},"featured_media":1093,"comment_status":"closed","ping_status":"closed","template":"","meta":[],"product_brand":[],"product_cat":[17],"product_tag":[1339,1335,1338,1336,1340,1333,1334,1332,1341,1337],"class_list":{"0":"post-1092","1":"product","2":"type-product","3":"status-publish","4":"has-post-thumbnail","6":"product_cat-master","7":"product_tag-analisis-y-critica-literaria","8":"product_tag-certificacion-en-escritura-y-edicion","9":"product_tag-creacion-literaria","10":"product_tag-curso-online-de-narrativa-y-edicion","11":"product_tag-desarrollo-de-personajes-y-tramas","12":"product_tag-formacion-en-escritura-creativa","13":"product_tag-herramientas-de-edicion-de-texto","14":"product_tag-master-en-escritura-narrativa","15":"product_tag-proceso-de-edicion-de-manuscritos","16":"product_tag-tecnicas-de-escritura-narrativa","18":"first","19":"instock","20":"sale","21":"shipping-taxable","22":"purchasable","23":"product-type-simple"},"yoast_head":"<!-- This site is optimized with the Yoast SEO plugin v27.4 - https:\/\/yoast.com\/product\/yoast-seo-wordpress\/ -->\n<title>M\u00e1ster en escritura narrativa y creativa<\/title>\n<meta name=\"description\" content=\"El M\u00e1ster en Escritura Narrativa y Creativa es un programa intensivo que te brinda las t\u00e9cnicas para desarrollar tus habilidades en la escritura.\" \/>\n<meta name=\"robots\" content=\"index, follow, max-snippet:-1, max-image-preview:large, max-video-preview:-1\" \/>\n<link rel=\"canonical\" href=\"https:\/\/centro-cee.com\/web\/producto\/master-en-escritura-narrativa-y-creativa-herramientas-de-edicion\/\" \/>\n<meta property=\"og:locale\" content=\"es_ES\" \/>\n<meta property=\"og:type\" content=\"article\" \/>\n<meta property=\"og:title\" content=\"M\u00e1ster en escritura narrativa y creativa\" \/>\n<meta property=\"og:description\" content=\"El M\u00e1ster en Escritura Narrativa y Creativa es un programa intensivo que te brinda las t\u00e9cnicas para desarrollar tus habilidades en la escritura.\" \/>\n<meta property=\"og:url\" content=\"https:\/\/centro-cee.com\/web\/producto\/master-en-escritura-narrativa-y-creativa-herramientas-de-edicion\/\" \/>\n<meta property=\"og:site_name\" content=\"CEE Centro Europeo E-learning - Cursos online\" \/>\n<meta property=\"article:modified_time\" content=\"2024-10-18T11:06:22+00:00\" \/>\n<meta property=\"og:image\" content=\"https:\/\/centro-cee.com\/web\/wp-content\/uploads\/2023\/02\/imagen_2023-02-13_120827749.png\" \/>\n\t<meta property=\"og:image:width\" content=\"1380\" \/>\n\t<meta property=\"og:image:height\" content=\"927\" \/>\n\t<meta property=\"og:image:type\" content=\"image\/png\" \/>\n<meta name=\"twitter:card\" content=\"summary_large_image\" \/>\n<meta name=\"twitter:label1\" content=\"Tiempo de lectura\" \/>\n\t<meta name=\"twitter:data1\" content=\"2 minutos\" \/>\n<script type=\"application\/ld+json\" class=\"yoast-schema-graph\">{\"@context\":\"https:\\\/\\\/schema.org\",\"@graph\":[{\"@type\":\"WebPage\",\"@id\":\"https:\\\/\\\/centro-cee.com\\\/web\\\/producto\\\/master-en-escritura-narrativa-y-creativa-herramientas-de-edicion\\\/\",\"url\":\"https:\\\/\\\/centro-cee.com\\\/web\\\/producto\\\/master-en-escritura-narrativa-y-creativa-herramientas-de-edicion\\\/\",\"name\":\"M\u00e1ster en escritura narrativa y creativa\",\"isPartOf\":{\"@id\":\"https:\\\/\\\/centro-cee.com\\\/web\\\/#website\"},\"primaryImageOfPage\":{\"@id\":\"https:\\\/\\\/centro-cee.com\\\/web\\\/producto\\\/master-en-escritura-narrativa-y-creativa-herramientas-de-edicion\\\/#primaryimage\"},\"image\":{\"@id\":\"https:\\\/\\\/centro-cee.com\\\/web\\\/producto\\\/master-en-escritura-narrativa-y-creativa-herramientas-de-edicion\\\/#primaryimage\"},\"thumbnailUrl\":\"https:\\\/\\\/centro-cee.com\\\/web\\\/wp-content\\\/uploads\\\/2023\\\/02\\\/imagen_2023-02-13_120827749.png\",\"datePublished\":\"2023-02-13T11:10:57+00:00\",\"dateModified\":\"2024-10-18T11:06:22+00:00\",\"description\":\"El M\u00e1ster en Escritura Narrativa y Creativa es un programa intensivo que te brinda las t\u00e9cnicas para desarrollar tus habilidades en la escritura.\",\"breadcrumb\":{\"@id\":\"https:\\\/\\\/centro-cee.com\\\/web\\\/producto\\\/master-en-escritura-narrativa-y-creativa-herramientas-de-edicion\\\/#breadcrumb\"},\"inLanguage\":\"es\",\"potentialAction\":[{\"@type\":\"ReadAction\",\"target\":[\"https:\\\/\\\/centro-cee.com\\\/web\\\/producto\\\/master-en-escritura-narrativa-y-creativa-herramientas-de-edicion\\\/\"]}]},{\"@type\":\"ImageObject\",\"inLanguage\":\"es\",\"@id\":\"https:\\\/\\\/centro-cee.com\\\/web\\\/producto\\\/master-en-escritura-narrativa-y-creativa-herramientas-de-edicion\\\/#primaryimage\",\"url\":\"https:\\\/\\\/centro-cee.com\\\/web\\\/wp-content\\\/uploads\\\/2023\\\/02\\\/imagen_2023-02-13_120827749.png\",\"contentUrl\":\"https:\\\/\\\/centro-cee.com\\\/web\\\/wp-content\\\/uploads\\\/2023\\\/02\\\/imagen_2023-02-13_120827749.png\",\"width\":1380,\"height\":927,\"caption\":\"M\u00e1ster en escritura narrativa y creativa\"},{\"@type\":\"BreadcrumbList\",\"@id\":\"https:\\\/\\\/centro-cee.com\\\/web\\\/producto\\\/master-en-escritura-narrativa-y-creativa-herramientas-de-edicion\\\/#breadcrumb\",\"itemListElement\":[{\"@type\":\"ListItem\",\"position\":1,\"name\":\"Portada\",\"item\":\"https:\\\/\\\/centro-cee.com\\\/web\\\/\"},{\"@type\":\"ListItem\",\"position\":2,\"name\":\"M\u00e1ster en escritura narrativa y creativa + herramientas de edici\u00f3n\"}]},{\"@type\":\"WebSite\",\"@id\":\"https:\\\/\\\/centro-cee.com\\\/web\\\/#website\",\"url\":\"https:\\\/\\\/centro-cee.com\\\/web\\\/\",\"name\":\"Centro Europeo E-learning\",\"description\":\"CEE Formaci\u00f3n Online\",\"publisher\":{\"@id\":\"https:\\\/\\\/centro-cee.com\\\/web\\\/#organization\"},\"alternateName\":\"Centro Online de Formaci\u00f3n\",\"potentialAction\":[{\"@type\":\"SearchAction\",\"target\":{\"@type\":\"EntryPoint\",\"urlTemplate\":\"https:\\\/\\\/centro-cee.com\\\/web\\\/?s={search_term_string}\"},\"query-input\":{\"@type\":\"PropertyValueSpecification\",\"valueRequired\":true,\"valueName\":\"search_term_string\"}}],\"inLanguage\":\"es\"},{\"@type\":\"Organization\",\"@id\":\"https:\\\/\\\/centro-cee.com\\\/web\\\/#organization\",\"name\":\"Centro Europeo E-learning CEE\",\"url\":\"https:\\\/\\\/centro-cee.com\\\/web\\\/\",\"logo\":{\"@type\":\"ImageObject\",\"inLanguage\":\"es\",\"@id\":\"https:\\\/\\\/centro-cee.com\\\/web\\\/#\\\/schema\\\/logo\\\/image\\\/\",\"url\":\"https:\\\/\\\/centro-cee.com\\\/web\\\/wp-content\\\/uploads\\\/2022\\\/12\\\/cropped-logo_educa.png\",\"contentUrl\":\"https:\\\/\\\/centro-cee.com\\\/web\\\/wp-content\\\/uploads\\\/2022\\\/12\\\/cropped-logo_educa.png\",\"width\":157,\"height\":63,\"caption\":\"Centro Europeo E-learning CEE\"},\"image\":{\"@id\":\"https:\\\/\\\/centro-cee.com\\\/web\\\/#\\\/schema\\\/logo\\\/image\\\/\"},\"sameAs\":[\"https:\\\/\\\/www.instagram.com\\\/centroeuropeo_cee\"]}]}<\/script>\n<!-- \/ Yoast SEO plugin. -->","yoast_head_json":{"title":"M\u00e1ster en escritura narrativa y creativa","description":"El M\u00e1ster en Escritura Narrativa y Creativa es un programa intensivo que te brinda las t\u00e9cnicas para desarrollar tus habilidades en la escritura.","robots":{"index":"index","follow":"follow","max-snippet":"max-snippet:-1","max-image-preview":"max-image-preview:large","max-video-preview":"max-video-preview:-1"},"canonical":"https:\/\/centro-cee.com\/web\/producto\/master-en-escritura-narrativa-y-creativa-herramientas-de-edicion\/","og_locale":"es_ES","og_type":"article","og_title":"M\u00e1ster en escritura narrativa y creativa","og_description":"El M\u00e1ster en Escritura Narrativa y Creativa es un programa intensivo que te brinda las t\u00e9cnicas para desarrollar tus habilidades en la escritura.","og_url":"https:\/\/centro-cee.com\/web\/producto\/master-en-escritura-narrativa-y-creativa-herramientas-de-edicion\/","og_site_name":"CEE Centro Europeo E-learning - Cursos online","article_modified_time":"2024-10-18T11:06:22+00:00","og_image":[{"width":1380,"height":927,"url":"https:\/\/centro-cee.com\/web\/wp-content\/uploads\/2023\/02\/imagen_2023-02-13_120827749.png","type":"image\/png"}],"twitter_card":"summary_large_image","twitter_misc":{"Tiempo de lectura":"2 minutos"},"schema":{"@context":"https:\/\/schema.org","@graph":[{"@type":"WebPage","@id":"https:\/\/centro-cee.com\/web\/producto\/master-en-escritura-narrativa-y-creativa-herramientas-de-edicion\/","url":"https:\/\/centro-cee.com\/web\/producto\/master-en-escritura-narrativa-y-creativa-herramientas-de-edicion\/","name":"M\u00e1ster en escritura narrativa y creativa","isPartOf":{"@id":"https:\/\/centro-cee.com\/web\/#website"},"primaryImageOfPage":{"@id":"https:\/\/centro-cee.com\/web\/producto\/master-en-escritura-narrativa-y-creativa-herramientas-de-edicion\/#primaryimage"},"image":{"@id":"https:\/\/centro-cee.com\/web\/producto\/master-en-escritura-narrativa-y-creativa-herramientas-de-edicion\/#primaryimage"},"thumbnailUrl":"https:\/\/centro-cee.com\/web\/wp-content\/uploads\/2023\/02\/imagen_2023-02-13_120827749.png","datePublished":"2023-02-13T11:10:57+00:00","dateModified":"2024-10-18T11:06:22+00:00","description":"El M\u00e1ster en Escritura Narrativa y Creativa es un programa intensivo que te brinda las t\u00e9cnicas para desarrollar tus habilidades en la escritura.","breadcrumb":{"@id":"https:\/\/centro-cee.com\/web\/producto\/master-en-escritura-narrativa-y-creativa-herramientas-de-edicion\/#breadcrumb"},"inLanguage":"es","potentialAction":[{"@type":"ReadAction","target":["https:\/\/centro-cee.com\/web\/producto\/master-en-escritura-narrativa-y-creativa-herramientas-de-edicion\/"]}]},{"@type":"ImageObject","inLanguage":"es","@id":"https:\/\/centro-cee.com\/web\/producto\/master-en-escritura-narrativa-y-creativa-herramientas-de-edicion\/#primaryimage","url":"https:\/\/centro-cee.com\/web\/wp-content\/uploads\/2023\/02\/imagen_2023-02-13_120827749.png","contentUrl":"https:\/\/centro-cee.com\/web\/wp-content\/uploads\/2023\/02\/imagen_2023-02-13_120827749.png","width":1380,"height":927,"caption":"M\u00e1ster en escritura narrativa y creativa"},{"@type":"BreadcrumbList","@id":"https:\/\/centro-cee.com\/web\/producto\/master-en-escritura-narrativa-y-creativa-herramientas-de-edicion\/#breadcrumb","itemListElement":[{"@type":"ListItem","position":1,"name":"Portada","item":"https:\/\/centro-cee.com\/web\/"},{"@type":"ListItem","position":2,"name":"M\u00e1ster en escritura narrativa y creativa + herramientas de edici\u00f3n"}]},{"@type":"WebSite","@id":"https:\/\/centro-cee.com\/web\/#website","url":"https:\/\/centro-cee.com\/web\/","name":"Centro Europeo E-learning","description":"CEE Formaci\u00f3n Online","publisher":{"@id":"https:\/\/centro-cee.com\/web\/#organization"},"alternateName":"Centro Online de Formaci\u00f3n","potentialAction":[{"@type":"SearchAction","target":{"@type":"EntryPoint","urlTemplate":"https:\/\/centro-cee.com\/web\/?s={search_term_string}"},"query-input":{"@type":"PropertyValueSpecification","valueRequired":true,"valueName":"search_term_string"}}],"inLanguage":"es"},{"@type":"Organization","@id":"https:\/\/centro-cee.com\/web\/#organization","name":"Centro Europeo E-learning CEE","url":"https:\/\/centro-cee.com\/web\/","logo":{"@type":"ImageObject","inLanguage":"es","@id":"https:\/\/centro-cee.com\/web\/#\/schema\/logo\/image\/","url":"https:\/\/centro-cee.com\/web\/wp-content\/uploads\/2022\/12\/cropped-logo_educa.png","contentUrl":"https:\/\/centro-cee.com\/web\/wp-content\/uploads\/2022\/12\/cropped-logo_educa.png","width":157,"height":63,"caption":"Centro Europeo E-learning CEE"},"image":{"@id":"https:\/\/centro-cee.com\/web\/#\/schema\/logo\/image\/"},"sameAs":["https:\/\/www.instagram.com\/centroeuropeo_cee"]}]}},"_links":{"self":[{"href":"https:\/\/centro-cee.com\/web\/wp-json\/wp\/v2\/product\/1092","targetHints":{"allow":["GET"]}}],"collection":[{"href":"https:\/\/centro-cee.com\/web\/wp-json\/wp\/v2\/product"}],"about":[{"href":"https:\/\/centro-cee.com\/web\/wp-json\/wp\/v2\/types\/product"}],"replies":[{"embeddable":true,"href":"https:\/\/centro-cee.com\/web\/wp-json\/wp\/v2\/comments?post=1092"}],"wp:featuredmedia":[{"embeddable":true,"href":"https:\/\/centro-cee.com\/web\/wp-json\/wp\/v2\/media\/1093"}],"wp:attachment":[{"href":"https:\/\/centro-cee.com\/web\/wp-json\/wp\/v2\/media?parent=1092"}],"wp:term":[{"taxonomy":"product_brand","embeddable":true,"href":"https:\/\/centro-cee.com\/web\/wp-json\/wp\/v2\/product_brand?post=1092"},{"taxonomy":"product_cat","embeddable":true,"href":"https:\/\/centro-cee.com\/web\/wp-json\/wp\/v2\/product_cat?post=1092"},{"taxonomy":"product_tag","embeddable":true,"href":"https:\/\/centro-cee.com\/web\/wp-json\/wp\/v2\/product_tag?post=1092"}],"curies":[{"name":"wp","href":"https:\/\/api.w.org\/{rel}","templated":true}]}}