{"id":1072,"date":"2023-02-09T10:34:38","date_gmt":"2023-02-09T10:34:38","guid":{"rendered":"https:\/\/centro-cee.com\/web\/?post_type=product&#038;p=1072"},"modified":"2026-03-13T16:38:24","modified_gmt":"2026-03-13T16:38:24","slug":"master-en-administracion-y-direccion-de-empresas-experto-creacion-de-negocios","status":"publish","type":"product","link":"https:\/\/centro-cee.com\/web\/producto\/master-en-administracion-y-direccion-de-empresas-experto-creacion-de-negocios\/","title":{"rendered":"M\u00e1ster en administraci\u00f3n y direcci\u00f3n de empresas + experto creaci\u00f3n de negocios"},"content":{"rendered":"<p><a href=\"https:\/\/centro-cee.com\/web\/formaciones\/\">Atr\u00e1s<\/a><\/p>\n<p><em><strong>M\u00e1ster en administraci\u00f3n y direcci\u00f3n de empresas<\/strong><\/em><\/p>\n<p><em><strong>\u00a0<\/strong><\/em><\/p>\n<p>Toda esta informaci\u00f3n se realiza 100% online en nuestro campus online de formaci\u00f3n.<\/p>\n<p>Las tutorias se realizan directamente desde el campus de estudio con la opci\u00f3n de mensajer\u00eda a profesores. Las tutorias son \u201ca demanda\u201d, cuando necesites soporte nos lo pides.<\/p>\n<p>Los t\u00edtulos de Centro CEE est\u00e1n autenticados por la firma de notario que valida contenidos y autenticidad a nivel internacional. Nuestra organizaci\u00f3n pertenece a la Asociaci\u00f3n Espa\u00f1ola de Calidad, organizaci\u00f3n Espa\u00f1ola de referencia para la calidad\u00a0en la formaci\u00f3n de auxiliar de enfermer\u00eda. La certificaci\u00f3n se puede apostillar por la Haya para cualquier pa\u00eds firmante del convenio de la Haya.<\/p>\n<p>Se puede pagar a plazos.<\/p>\n<p>Carga horaria de la formaci\u00f3n: 650h<\/p>\n<h2>Temario<\/h2>\n<hr \/>\n<p>&nbsp;<\/p>\n<p><strong>M\u00c1STER EN ADMINISTRACI\u00d3N Y DIRECCI\u00d3N DE EMPRESAS<br \/>\n<\/strong><br \/>\n<strong>UNIDAD 1: DIRECCI\u00d3N ESTRAT\u00c9GICA<\/strong><\/p>\n<p>1. Competitividad Y Management Estrat\u00e9gico<br \/>\n2. Organizaci\u00f3n Y Estructura Estrat\u00e9gica<br \/>\n3. An\u00e1lisis Del Entorno General De La Empresa Y El Entorno Espec\u00edfico<br \/>\n4. Diagn\u00f3stico Interno Y Diagn\u00f3stico Estrat\u00e9gico<br \/>\n5. Pol\u00edticas De Crecimiento Y Desarrollo Empresarial<br \/>\n6. Herramientas Estrat\u00e9gicas De Gesti\u00f3n<\/p>\n<p><strong>UNIDAD 2:\u00a0 BALANCED SCORECARD: CUADRO DE MANDO INTEGRAL<\/strong><\/p>\n<p>1. Introducci\u00f3n Al Cuadro De Mando Integral<br \/>\n2. Las Perspectivas Del Cuadro De Mando Integral<br \/>\n3. El Cuadro De Mando Integral Como Instrumento Para Implantar La Estrategia En La Empresa<br \/>\n4. Implantaci\u00f3n De Un Programa De Gesti\u00f3n De Cuadro De Mando Integral<br \/>\n5. Indicadores Y Ratios<br \/>\n6. Aplicaciones Inform\u00e1ticas Para La Elaboraci\u00f3n Del Cuadro De Mando Integral<\/p>\n<p><strong>UNIDAD 3: RESPONSABILIDAD SOCIAL (nueva versi\u00f3n)<\/strong><\/p>\n<p>1. La Responsabilidad Social<br \/>\n2. Organismos Internacionales Y Buenas Pr\u00e1cticas En Rse<br \/>\n3. Est\u00e1ndares Internacionales Y Sistemas De Gesti\u00f3n<br \/>\n4. Casos De \u00c9xito En La Implantaci\u00f3n De Pol\u00edticas De Rse<br \/>\n5. Situaci\u00f3n Actual De La Responsabilidad Social<br \/>\n6. El Desarrollo Sostenible Y Medioambiente<br \/>\n7. Futuro Y Tendencias<\/p>\n<p><strong>UNIDAD 4: PREVENCI\u00d3N DEL BLANQUEO DE CAPITALES<\/strong><\/p>\n<p>1. Introducci\u00f3n<br \/>\n2. Medidas De Diligencia Debida<br \/>\n3. Obligaciones De Informaci\u00f3n<br \/>\n4. Control Interno<br \/>\n5. Infracciones Y Sanciones<\/p>\n<p><strong>UNIDAD 5: DISE\u00d1O ORGANIZACIONAL<\/strong><\/p>\n<p>1. Estructura, Funciones Y Procesos En Una Organizaci\u00f3n<br \/>\n2. Dise\u00f1o Organizativo, Modelos Estructurales Y Ciclos De Vida<\/p>\n<p><strong>UNIDAD 6: COACHING Y MENTORING<\/strong><\/p>\n<p>1. Introducci\u00f3n<br \/>\n2. El Proceso De Coaching<br \/>\n3. Tipos De Coaching<br \/>\n4. Competencias Del Coach<br \/>\n5. Herramientas E Instrumentos<br \/>\n6. Acreditaci\u00f3n Del Coach<br \/>\n7. Orientaci\u00f3n Profesional O Mentoring<\/p>\n<p><strong>UNIDAD 7: REUNIONES EFICACES<\/strong><\/p>\n<p>1. \u00bfQu\u00e9 Es Una Reuni\u00f3n?<br \/>\n2. Elementos De Una Reuni\u00f3n<br \/>\n3. Tipos De Reuniones<br \/>\n4. Fases De Una Reuni\u00f3n<\/p>\n<p><strong>UNIDAD 8: DELEGACI\u00d3N COMO HABILIDAD DIRECTIVA CLAVE<\/strong><\/p>\n<p>1.\u00a0\u00a0\u00a0 \u00a0\u00bfQu\u00e9 Es La Delegaci\u00f3n?<br \/>\n2. \u00a0\u00a0\u00a0 Ventajas Y Obst\u00e1culos A La Delegaci\u00f3n<br \/>\n3. \u00a0\u00a0\u00a0 Proceso De La Delegaci\u00f3n<br \/>\n4. \u00a0\u00a0\u00a0 Compruebe Su Capacidad Para Delegar<\/p>\n<p><strong>UNIDAD 9: DIRECCI\u00d3N COMERCIAL<\/strong><\/p>\n<p>1. Organizaci\u00f3n Del Equipo De Ventas<br \/>\n2. Perfil Y Captaci\u00f3n De Vendedores<br \/>\n3. Selecci\u00f3n, Socializaci\u00f3n Y Formaci\u00f3n Del Equipo De Ventas<br \/>\n4. El Proceso De Venta<br \/>\n5. Previsi\u00f3n De Demanda Y Territorios De Venta<\/p>\n<p><strong>INSTRUMENTOS DE FINANCIACI\u00d3N<\/strong><\/p>\n<p>1. Introducci\u00f3n<br \/>\n1.1. Introducci\u00f3n<br \/>\n1.2. El presupuesto de tesorer\u00eda<br \/>\n1.3. Datos relevantes de la\u00a0 cuenta de p\u00e9rdidas y ganancias y del balance<br \/>\n1.3.1. Preparaci\u00f3n de los datos de la Cuenta de P\u00e9rdidas y Ganancias<br \/>\n1.4. \u2026.<\/p>\n<p>2. Financiaci\u00f3n a Corto y a Largo Plazo<br \/>\n2.1. Financiaci\u00f3n a corto plazo<br \/>\n2.1.1. Pr\u00e9stamo y cr\u00e9dito<br \/>\n2.1.2. Descuento<br \/>\n2.1.3. Factoring<br \/>\n2.1.4. Renting<br \/>\n2.1.5. \u2026.<\/p>\n<p>3. Financiaci\u00f3n de operaciones con el exterior<br \/>\n3.1. Riesgos en las operaciones de comercio exterior<br \/>\n3.2. Instrumentos de financiaci\u00f3n de operaciones de comercio exterior. Medios de pago.<br \/>\n3.2.1. Transferencia internacional<br \/>\n3.2.2. Remesa documentaria y remesa simple<br \/>\n3.2.3. \u2026.<\/p>\n<p>4. Financiaci\u00f3n del Patrimonio Neto<br \/>\n4.1. Financiaci\u00f3n del capital<br \/>\n4.2. Ayudas y subvenciones del sector p\u00fablico<br \/>\n4.3. \u2026.<\/p>\n<p>5. Otras v\u00edas de financiaci\u00f3n<br \/>\n5.1. Proveedores<br \/>\n5.2. Banca \u00e9tica y microcr\u00e9ditos<br \/>\n5.3. \u2026<\/p>\n<p>&nbsp;<\/p>\n<p><strong>CREACI\u00d3N DE EMPRESAS. EL PLAN DE NEGOCIO<\/strong><\/p>\n<p><strong>1. ELEMENTOS B\u00c1SICOS DE LA ACTIVIDAD EMPRENDEDORA: EL EMPRENDEDOR, LA OPORTUNIDAD Y EL PLAN DE NEGOCIO<\/strong><br \/>\n1.1. El emprendedor y la cultura emprendedora<br \/>\n1.1.1. Concepto de Emprendedor<br \/>\n1.1.2. La empresa en sus inicios: Tipos de empresas seg\u00fan su nivel de crecimiento<br \/>\n1.1.3. Factores que propician el \u00e9xito de un proyecto empresarial<br \/>\n1.2. Oportunidades de negocios<br \/>\n1.2.1. Introducci\u00f3n<br \/>\n1.2.2. C\u00f3mo se descubren las oportunidades de negocios<br \/>\n1.3. Concepto de Plan de Negocio<br \/>\n1.3.1. Introducci\u00f3n<br \/>\n1.3.2. \u00bfPor qu\u00e9 es necesario elaborar un Plan de Negocio para la creaci\u00f3n de una nueva empresa?<br \/>\n1.3.3. \u2026..<br \/>\n1.3.8. \u00bfC\u00f3mo presentar el proyecto?<br \/>\n1.4. Estructura del Plan de Negocio y fases para su elaboraci\u00f3n<br \/>\n1.4.1. Definici\u00f3n<br \/>\n1.4.2. \u2026.<\/p>\n<p><strong>2. DEFINICI\u00d3N DEL PROYECTO EMPRESARIAL<\/strong><br \/>\n2.1. Proyecto empresarial, actividad: producto o servicio, y presentaci\u00f3n de los emprendedores<br \/>\n2.1.1. Presentaci\u00f3n de los emprendedores<br \/>\n2.1.2. Proyecto Empresarial<br \/>\n2.1.3. A\u2026.<\/p>\n<p><strong>3. AN\u00c1LISIS DEL ENTORNO DE LA EMPRESA E INVESTIGACI\u00d3N DE MERCADO<\/strong><br \/>\n3.1. An\u00e1lisis del entorno<br \/>\n3.1.1. Introducci\u00f3n<br \/>\n3.1.2. \u2026<br \/>\n3.2. An\u00e1lisis de fuerzas y debilidades: DAFO<br \/>\n3.3. Investigaci\u00f3n de mercado y de la Competencia<br \/>\n3.3.1. La Competencia<br \/>\n3.3.2. \u2026<\/p>\n<p><strong>4. PLAN DE MARKETING<\/strong><br \/>\n4.1. El Plan de Marketing. Estructura<br \/>\n4.2. Marketing Mix: pol\u00edtica de producto<br \/>\n4.3. Marketing Mix: pol\u00edtica de precios<br \/>\n4.3.1. Introducci\u00f3n<br \/>\n4.3.2. Estrategias de precio en funci\u00f3n de la competencia<br \/>\n4.3.3. \u2026<br \/>\n4.4. Marketing Mix: promoci\u00f3n, ventas y comunicaci\u00f3n<br \/>\n4.4.1. Promociones<br \/>\n4.4.2. Ventas directas<br \/>\n4.4.3. Comunicaci\u00f3n y publicidad<br \/>\n4.5. Marketing Mix: distribuci\u00f3n<br \/>\n4.5.1. Introducci\u00f3n<br \/>\n4.5.2. Criterios para seleccionar un canal de distribuci\u00f3n<br \/>\nIdeas Clave<\/p>\n<p><strong>5. PLAN DE INVERSIONES<\/strong><br \/>\n5.1. Introducci\u00f3n<br \/>\n5.2. Plan de Inversiones<br \/>\n5.2.1. Ubicaci\u00f3n de la Empresa<br \/>\n5.2.2. \u2026<\/p>\n<p><strong>6. PLAN DE OPERACIONES<\/strong><br \/>\n6.1. Elementos del Plan de Operaciones<br \/>\n6.2. El presupuesto de ventas y los ingresos por \u00e1reas de negocio<br \/>\n6.2.1. El presupuesto de ventas<br \/>\n6.2.2. \u2026.<br \/>\n6.3.1. Elecci\u00f3n del\u00a0 proceso de producci\u00f3n o prestaci\u00f3n del servicio<br \/>\n6.3.2\u2026.<br \/>\n6.4. Presupuesto de compras<br \/>\n6.4.1. Previsi\u00f3n de Consumo<br \/>\n6.4.2. \u2026.<\/p>\n<p><strong>7. PLAN DE RECURSOS HUMANOS<\/strong><br \/>\n7.1. Recursos humanos, organigrama<br \/>\n7.1.1. Introducci\u00f3n<br \/>\n7.1.2. Elaboraci\u00f3n del organigrama de la empresa<br \/>\n7.2. \u2026.<\/p>\n<p><strong>8. PLAN FINANCIERO<\/strong><br \/>\n8.1. Elecci\u00f3n de fuentes de financiaci\u00f3n<br \/>\n8.1.1. Introducci\u00f3n<br \/>\n8.1.2. Criterios utilizados a la hora de elegir una fuente de financiaci\u00f3n<br \/>\n8.2. Fuentes de financiaci\u00f3n de capital<br \/>\n8.2.1. Introducci\u00f3n<br \/>\n8.2.2. Clasificaci\u00f3n de fuentes de financiaci\u00f3n de capital<br \/>\n8.3. Financiaci\u00f3n del circulante<br \/>\n8.3.1. Introducci\u00f3n<br \/>\n8.3.2\u2026<\/p>\n<p><strong>9. EVALUACI\u00d3N ECON\u00d3MICA Y FINANCIERA DEL PROYECTO: PLAN ECON\u00d3MICO FINANCIERO<\/strong><br \/>\n9.1. Introducci\u00f3n al Plan Econ\u00f3mico Financiero<br \/>\n9.1.1. \u00bfEn qu\u00e9 consiste el Plan Econ\u00f3mico-Financiero?<br \/>\n9.1.2. \u00bfQu\u00e9 son los estados contables previsionales?<br \/>\n9.1.3. \u00bfC\u00f3mo se elaboran los estados contables\u00a0 previsionales?<br \/>\n9.2. Previsi\u00f3n de la Cuenta de P\u00e9rdidas y Ganancias y Presupuesto de Tesorer\u00eda<br \/>\n9.2.1. \u2026<br \/>\n9.3. Previsi\u00f3n de balances<br \/>\n9.3.1. Ejemplo de c\u00e1lculo del Balance previsional de la futura empresa<br \/>\n9.4. Rentabilidad del proyecto<br \/>\n9.4.1. Introducci\u00f3n<br \/>\n9.4.2. \u2026<\/p>\n<p><strong>10. PLAN JUR\u00cdDICO MERCANTIL<\/strong><br \/>\n10.1. Elecci\u00f3n de la forma jur\u00eddica<br \/>\n10.1.1. \u00bfEmpresario Individual-Aut\u00f3nomo (persona f\u00edsica), o Sociedad (persona jur\u00eddica)?<br \/>\n10.1.2. Clasificaci\u00f3n de las formas jur\u00eddicas de una empresa<br \/>\n10.1.3. \u2026.<br \/>\n10.2. Tr\u00e1mites administrativos<br \/>\n10.2.1 Tr\u00e1mites para la constituci\u00f3n y puesta en marcha de la empresa<br \/>\n10.2.2. Tr\u00e1mites en las entidades locales y otros organismos<br \/>\n10.2.3. C\u00f3mo simplificar todos estos tr\u00e1mites<br \/>\n10.3. Denominaci\u00f3n social, nombre comercial, patentes, marcas y licencias<br \/>\n10.3.1. Denominaci\u00f3n Social, Nombre Comercial<br \/>\n10.3.2. \u2026<\/p>\n<p><strong>11. PRESENTACI\u00d3N DEL PROYECTO<\/strong><br \/>\n11.1. El Resumen ejecutivo<br \/>\n11.2. Preparaci\u00f3n de la presentaci\u00f3n<br \/>\n11.3. \u2026<br \/>\n11.4. Organismos privados: El Capital Riesgo y los inversores privados Business Angels<br \/>\n11.4.1. \u2026.<br \/>\n11.5. Presentaci\u00f3n del proyecto y entidades bancarias<br \/>\n11.5.1. Introducci\u00f3n<br \/>\n11.5.2. Factores clave para obtener financiaci\u00f3n<br \/>\n11.5.3. Documentaci\u00f3n exigida por las entidades bancarias<br \/>\n11.5.4. \u2026.<\/p>\n<p><em><strong>M\u00e1ster en administraci\u00f3n y direcci\u00f3n de empresas<\/strong><\/em><\/p>\n<hr \/>\n","protected":false},"excerpt":{"rendered":"<p><a href=\"https:\/\/centro-cee.com\/web\/formaciones\/\">Atr\u00e1s<\/a><\/p>\n<p>Si te llama la atenci\u00f3n el campo de la creaci\u00f3n de nuevas empresas, es necesario que te asegures de tener las herramientas necesarias para llevar a cabo un emprendimiento de manera exitosa, de manera que, CEE Centro Europeo E-learning ofrece el M\u00e1ster en MBA Experto Creaci\u00f3n de Negocios, en el cual aprender\u00e1s todo lo necesario sobre la administraci\u00f3n y direcci\u00f3n de empresas.<\/p>\n<p>En esta especializaci\u00f3n aprender\u00e1s sobre direcci\u00f3n estrat\u00e9gica, cuadro de mando integral, responsabilidad social, prevenci\u00f3n de blanqueo de capitales, dise\u00f1o organizacional, coaching y mentoring, delegaci\u00f3n como habilidad directiva clave, direcci\u00f3n comercial, entre otros conocimientos requeridos para ser un emprendedor de calidad a la altura del mercado y su competitividad.<\/p>\n","protected":false},"featured_media":1073,"comment_status":"closed","ping_status":"closed","template":"","meta":[],"product_brand":[],"product_cat":[2050,17],"product_tag":[1393,1394,1391,1395,1392,980,1397,1398,381,1396],"class_list":{"0":"post-1072","1":"product","2":"type-product","3":"status-publish","4":"has-post-thumbnail","6":"product_cat-cursos-online-empresa","7":"product_cat-master","8":"product_tag-certificacion-en-gestion-empresarial","9":"product_tag-curso-online-de-administracion-de-empresas","10":"product_tag-direccion-de-empresas","11":"product_tag-estrategias-de-desarrollo-empresarial","12":"product_tag-experto-en-creacion-de-negocios","13":"product_tag-formacion-en-emprendimiento","14":"product_tag-gestion-financiera-y-recursos-humanos","15":"product_tag-innovacion-y-sostenibilidad-en-negocios","16":"product_tag-master-en-administracion-de-empresas","17":"product_tag-planificacion-y-gestion-de-negocios","19":"first","20":"instock","21":"sale","22":"shipping-taxable","23":"purchasable","24":"product-type-simple"},"yoast_head":"<!-- This site is optimized with the Yoast SEO plugin v27.4 - https:\/\/yoast.com\/product\/yoast-seo-wordpress\/ -->\n<title>M\u00e1ster en administraci\u00f3n y direcci\u00f3n de empresas<\/title>\n<meta name=\"description\" content=\"Desarrolla tus habilidades en administraci\u00f3n y direcci\u00f3n empresarial con el M\u00e1ster en Administraci\u00f3n y Direcci\u00f3n de Empresas.\" \/>\n<meta name=\"robots\" content=\"index, follow, max-snippet:-1, max-image-preview:large, max-video-preview:-1\" \/>\n<link rel=\"canonical\" href=\"https:\/\/centro-cee.com\/web\/producto\/master-en-administracion-y-direccion-de-empresas-experto-creacion-de-negocios\/\" \/>\n<meta property=\"og:locale\" content=\"es_ES\" \/>\n<meta property=\"og:type\" content=\"article\" \/>\n<meta property=\"og:title\" content=\"M\u00e1ster en administraci\u00f3n y direcci\u00f3n de empresas\" \/>\n<meta property=\"og:description\" content=\"Desarrolla tus habilidades en administraci\u00f3n y direcci\u00f3n empresarial con el M\u00e1ster en Administraci\u00f3n y Direcci\u00f3n de Empresas.\" \/>\n<meta property=\"og:url\" content=\"https:\/\/centro-cee.com\/web\/producto\/master-en-administracion-y-direccion-de-empresas-experto-creacion-de-negocios\/\" \/>\n<meta property=\"og:site_name\" content=\"CEE Centro Europeo E-learning - Cursos online\" \/>\n<meta property=\"article:modified_time\" content=\"2026-03-13T16:38:24+00:00\" \/>\n<meta property=\"og:image\" content=\"https:\/\/centro-cee.com\/web\/wp-content\/uploads\/2023\/02\/master-en-administracion-y-direccion-de-empresar-experto-creacion-de-negocios.jpg\" \/>\n\t<meta property=\"og:image:width\" content=\"800\" \/>\n\t<meta property=\"og:image:height\" content=\"800\" \/>\n\t<meta property=\"og:image:type\" content=\"image\/jpeg\" \/>\n<meta name=\"twitter:card\" content=\"summary_large_image\" \/>\n<meta name=\"twitter:label1\" content=\"Tiempo de lectura\" \/>\n\t<meta name=\"twitter:data1\" content=\"6 minutos\" \/>\n<script type=\"application\/ld+json\" class=\"yoast-schema-graph\">{\"@context\":\"https:\\\/\\\/schema.org\",\"@graph\":[{\"@type\":\"WebPage\",\"@id\":\"https:\\\/\\\/centro-cee.com\\\/web\\\/producto\\\/master-en-administracion-y-direccion-de-empresas-experto-creacion-de-negocios\\\/\",\"url\":\"https:\\\/\\\/centro-cee.com\\\/web\\\/producto\\\/master-en-administracion-y-direccion-de-empresas-experto-creacion-de-negocios\\\/\",\"name\":\"M\u00e1ster en administraci\u00f3n y direcci\u00f3n de empresas\",\"isPartOf\":{\"@id\":\"https:\\\/\\\/centro-cee.com\\\/web\\\/#website\"},\"primaryImageOfPage\":{\"@id\":\"https:\\\/\\\/centro-cee.com\\\/web\\\/producto\\\/master-en-administracion-y-direccion-de-empresas-experto-creacion-de-negocios\\\/#primaryimage\"},\"image\":{\"@id\":\"https:\\\/\\\/centro-cee.com\\\/web\\\/producto\\\/master-en-administracion-y-direccion-de-empresas-experto-creacion-de-negocios\\\/#primaryimage\"},\"thumbnailUrl\":\"https:\\\/\\\/centro-cee.com\\\/web\\\/wp-content\\\/uploads\\\/2023\\\/02\\\/master-en-administracion-y-direccion-de-empresar-experto-creacion-de-negocios.jpg\",\"datePublished\":\"2023-02-09T10:34:38+00:00\",\"dateModified\":\"2026-03-13T16:38:24+00:00\",\"description\":\"Desarrolla tus habilidades en administraci\u00f3n y direcci\u00f3n empresarial con el M\u00e1ster en Administraci\u00f3n y Direcci\u00f3n de Empresas.\",\"breadcrumb\":{\"@id\":\"https:\\\/\\\/centro-cee.com\\\/web\\\/producto\\\/master-en-administracion-y-direccion-de-empresas-experto-creacion-de-negocios\\\/#breadcrumb\"},\"inLanguage\":\"es\",\"potentialAction\":[{\"@type\":\"ReadAction\",\"target\":[\"https:\\\/\\\/centro-cee.com\\\/web\\\/producto\\\/master-en-administracion-y-direccion-de-empresas-experto-creacion-de-negocios\\\/\"]}]},{\"@type\":\"ImageObject\",\"inLanguage\":\"es\",\"@id\":\"https:\\\/\\\/centro-cee.com\\\/web\\\/producto\\\/master-en-administracion-y-direccion-de-empresas-experto-creacion-de-negocios\\\/#primaryimage\",\"url\":\"https:\\\/\\\/centro-cee.com\\\/web\\\/wp-content\\\/uploads\\\/2023\\\/02\\\/master-en-administracion-y-direccion-de-empresar-experto-creacion-de-negocios.jpg\",\"contentUrl\":\"https:\\\/\\\/centro-cee.com\\\/web\\\/wp-content\\\/uploads\\\/2023\\\/02\\\/master-en-administracion-y-direccion-de-empresar-experto-creacion-de-negocios.jpg\",\"width\":800,\"height\":800,\"caption\":\"M\u00e1ster en administraci\u00f3n y direcci\u00f3n de empresas\"},{\"@type\":\"BreadcrumbList\",\"@id\":\"https:\\\/\\\/centro-cee.com\\\/web\\\/producto\\\/master-en-administracion-y-direccion-de-empresas-experto-creacion-de-negocios\\\/#breadcrumb\",\"itemListElement\":[{\"@type\":\"ListItem\",\"position\":1,\"name\":\"Portada\",\"item\":\"https:\\\/\\\/centro-cee.com\\\/web\\\/\"},{\"@type\":\"ListItem\",\"position\":2,\"name\":\"M\u00e1ster en administraci\u00f3n y direcci\u00f3n de empresas + experto creaci\u00f3n de negocios\"}]},{\"@type\":\"WebSite\",\"@id\":\"https:\\\/\\\/centro-cee.com\\\/web\\\/#website\",\"url\":\"https:\\\/\\\/centro-cee.com\\\/web\\\/\",\"name\":\"Centro Europeo E-learning\",\"description\":\"CEE Formaci\u00f3n Online\",\"publisher\":{\"@id\":\"https:\\\/\\\/centro-cee.com\\\/web\\\/#organization\"},\"alternateName\":\"Centro Online de Formaci\u00f3n\",\"potentialAction\":[{\"@type\":\"SearchAction\",\"target\":{\"@type\":\"EntryPoint\",\"urlTemplate\":\"https:\\\/\\\/centro-cee.com\\\/web\\\/?s={search_term_string}\"},\"query-input\":{\"@type\":\"PropertyValueSpecification\",\"valueRequired\":true,\"valueName\":\"search_term_string\"}}],\"inLanguage\":\"es\"},{\"@type\":\"Organization\",\"@id\":\"https:\\\/\\\/centro-cee.com\\\/web\\\/#organization\",\"name\":\"Centro Europeo E-learning CEE\",\"url\":\"https:\\\/\\\/centro-cee.com\\\/web\\\/\",\"logo\":{\"@type\":\"ImageObject\",\"inLanguage\":\"es\",\"@id\":\"https:\\\/\\\/centro-cee.com\\\/web\\\/#\\\/schema\\\/logo\\\/image\\\/\",\"url\":\"https:\\\/\\\/centro-cee.com\\\/web\\\/wp-content\\\/uploads\\\/2022\\\/12\\\/cropped-logo_educa.png\",\"contentUrl\":\"https:\\\/\\\/centro-cee.com\\\/web\\\/wp-content\\\/uploads\\\/2022\\\/12\\\/cropped-logo_educa.png\",\"width\":157,\"height\":63,\"caption\":\"Centro Europeo E-learning CEE\"},\"image\":{\"@id\":\"https:\\\/\\\/centro-cee.com\\\/web\\\/#\\\/schema\\\/logo\\\/image\\\/\"},\"sameAs\":[\"https:\\\/\\\/www.instagram.com\\\/centroeuropeo_cee\"]}]}<\/script>\n<!-- \/ Yoast SEO plugin. -->","yoast_head_json":{"title":"M\u00e1ster en administraci\u00f3n y direcci\u00f3n de empresas","description":"Desarrolla tus habilidades en administraci\u00f3n y direcci\u00f3n empresarial con el M\u00e1ster en Administraci\u00f3n y Direcci\u00f3n de Empresas.","robots":{"index":"index","follow":"follow","max-snippet":"max-snippet:-1","max-image-preview":"max-image-preview:large","max-video-preview":"max-video-preview:-1"},"canonical":"https:\/\/centro-cee.com\/web\/producto\/master-en-administracion-y-direccion-de-empresas-experto-creacion-de-negocios\/","og_locale":"es_ES","og_type":"article","og_title":"M\u00e1ster en administraci\u00f3n y direcci\u00f3n de empresas","og_description":"Desarrolla tus habilidades en administraci\u00f3n y direcci\u00f3n empresarial con el M\u00e1ster en Administraci\u00f3n y Direcci\u00f3n de Empresas.","og_url":"https:\/\/centro-cee.com\/web\/producto\/master-en-administracion-y-direccion-de-empresas-experto-creacion-de-negocios\/","og_site_name":"CEE Centro Europeo E-learning - Cursos online","article_modified_time":"2026-03-13T16:38:24+00:00","og_image":[{"width":800,"height":800,"url":"https:\/\/centro-cee.com\/web\/wp-content\/uploads\/2023\/02\/master-en-administracion-y-direccion-de-empresar-experto-creacion-de-negocios.jpg","type":"image\/jpeg"}],"twitter_card":"summary_large_image","twitter_misc":{"Tiempo de lectura":"6 minutos"},"schema":{"@context":"https:\/\/schema.org","@graph":[{"@type":"WebPage","@id":"https:\/\/centro-cee.com\/web\/producto\/master-en-administracion-y-direccion-de-empresas-experto-creacion-de-negocios\/","url":"https:\/\/centro-cee.com\/web\/producto\/master-en-administracion-y-direccion-de-empresas-experto-creacion-de-negocios\/","name":"M\u00e1ster en administraci\u00f3n y direcci\u00f3n de empresas","isPartOf":{"@id":"https:\/\/centro-cee.com\/web\/#website"},"primaryImageOfPage":{"@id":"https:\/\/centro-cee.com\/web\/producto\/master-en-administracion-y-direccion-de-empresas-experto-creacion-de-negocios\/#primaryimage"},"image":{"@id":"https:\/\/centro-cee.com\/web\/producto\/master-en-administracion-y-direccion-de-empresas-experto-creacion-de-negocios\/#primaryimage"},"thumbnailUrl":"https:\/\/centro-cee.com\/web\/wp-content\/uploads\/2023\/02\/master-en-administracion-y-direccion-de-empresar-experto-creacion-de-negocios.jpg","datePublished":"2023-02-09T10:34:38+00:00","dateModified":"2026-03-13T16:38:24+00:00","description":"Desarrolla tus habilidades en administraci\u00f3n y direcci\u00f3n empresarial con el M\u00e1ster en Administraci\u00f3n y Direcci\u00f3n de Empresas.","breadcrumb":{"@id":"https:\/\/centro-cee.com\/web\/producto\/master-en-administracion-y-direccion-de-empresas-experto-creacion-de-negocios\/#breadcrumb"},"inLanguage":"es","potentialAction":[{"@type":"ReadAction","target":["https:\/\/centro-cee.com\/web\/producto\/master-en-administracion-y-direccion-de-empresas-experto-creacion-de-negocios\/"]}]},{"@type":"ImageObject","inLanguage":"es","@id":"https:\/\/centro-cee.com\/web\/producto\/master-en-administracion-y-direccion-de-empresas-experto-creacion-de-negocios\/#primaryimage","url":"https:\/\/centro-cee.com\/web\/wp-content\/uploads\/2023\/02\/master-en-administracion-y-direccion-de-empresar-experto-creacion-de-negocios.jpg","contentUrl":"https:\/\/centro-cee.com\/web\/wp-content\/uploads\/2023\/02\/master-en-administracion-y-direccion-de-empresar-experto-creacion-de-negocios.jpg","width":800,"height":800,"caption":"M\u00e1ster en administraci\u00f3n y direcci\u00f3n de empresas"},{"@type":"BreadcrumbList","@id":"https:\/\/centro-cee.com\/web\/producto\/master-en-administracion-y-direccion-de-empresas-experto-creacion-de-negocios\/#breadcrumb","itemListElement":[{"@type":"ListItem","position":1,"name":"Portada","item":"https:\/\/centro-cee.com\/web\/"},{"@type":"ListItem","position":2,"name":"M\u00e1ster en administraci\u00f3n y direcci\u00f3n de empresas + experto creaci\u00f3n de negocios"}]},{"@type":"WebSite","@id":"https:\/\/centro-cee.com\/web\/#website","url":"https:\/\/centro-cee.com\/web\/","name":"Centro Europeo E-learning","description":"CEE Formaci\u00f3n Online","publisher":{"@id":"https:\/\/centro-cee.com\/web\/#organization"},"alternateName":"Centro Online de Formaci\u00f3n","potentialAction":[{"@type":"SearchAction","target":{"@type":"EntryPoint","urlTemplate":"https:\/\/centro-cee.com\/web\/?s={search_term_string}"},"query-input":{"@type":"PropertyValueSpecification","valueRequired":true,"valueName":"search_term_string"}}],"inLanguage":"es"},{"@type":"Organization","@id":"https:\/\/centro-cee.com\/web\/#organization","name":"Centro Europeo E-learning CEE","url":"https:\/\/centro-cee.com\/web\/","logo":{"@type":"ImageObject","inLanguage":"es","@id":"https:\/\/centro-cee.com\/web\/#\/schema\/logo\/image\/","url":"https:\/\/centro-cee.com\/web\/wp-content\/uploads\/2022\/12\/cropped-logo_educa.png","contentUrl":"https:\/\/centro-cee.com\/web\/wp-content\/uploads\/2022\/12\/cropped-logo_educa.png","width":157,"height":63,"caption":"Centro Europeo E-learning CEE"},"image":{"@id":"https:\/\/centro-cee.com\/web\/#\/schema\/logo\/image\/"},"sameAs":["https:\/\/www.instagram.com\/centroeuropeo_cee"]}]}},"_links":{"self":[{"href":"https:\/\/centro-cee.com\/web\/wp-json\/wp\/v2\/product\/1072","targetHints":{"allow":["GET"]}}],"collection":[{"href":"https:\/\/centro-cee.com\/web\/wp-json\/wp\/v2\/product"}],"about":[{"href":"https:\/\/centro-cee.com\/web\/wp-json\/wp\/v2\/types\/product"}],"replies":[{"embeddable":true,"href":"https:\/\/centro-cee.com\/web\/wp-json\/wp\/v2\/comments?post=1072"}],"wp:featuredmedia":[{"embeddable":true,"href":"https:\/\/centro-cee.com\/web\/wp-json\/wp\/v2\/media\/1073"}],"wp:attachment":[{"href":"https:\/\/centro-cee.com\/web\/wp-json\/wp\/v2\/media?parent=1072"}],"wp:term":[{"taxonomy":"product_brand","embeddable":true,"href":"https:\/\/centro-cee.com\/web\/wp-json\/wp\/v2\/product_brand?post=1072"},{"taxonomy":"product_cat","embeddable":true,"href":"https:\/\/centro-cee.com\/web\/wp-json\/wp\/v2\/product_cat?post=1072"},{"taxonomy":"product_tag","embeddable":true,"href":"https:\/\/centro-cee.com\/web\/wp-json\/wp\/v2\/product_tag?post=1072"}],"curies":[{"name":"wp","href":"https:\/\/api.w.org\/{rel}","templated":true}]}}