{"id":1069,"date":"2023-02-09T10:29:54","date_gmt":"2023-02-09T10:29:54","guid":{"rendered":"https:\/\/centro-cee.com\/web\/?post_type=product&#038;p=1069"},"modified":"2026-03-13T12:27:03","modified_gmt":"2026-03-13T12:27:03","slug":"especialista-en-optica-y-optometria","status":"publish","type":"product","link":"https:\/\/centro-cee.com\/web\/producto\/especialista-en-optica-y-optometria\/","title":{"rendered":"Especialista en \u00f3ptica y optometr\u00eda"},"content":{"rendered":"<p><a href=\"https:\/\/centro-cee.com\/web\/formaciones\/\">Atr\u00e1s<\/a><\/p>\n<p><em><strong>Especialista en \u00f3ptica y optometr\u00eda<\/strong><\/em><\/p>\n<p>Toda esta informaci\u00f3n se realiza 100% online en nuestro campus online de formaci\u00f3n.<\/p>\n<p>Las tutorias se realizan directamente desde el campus de estudio con la opci\u00f3n de mensajer\u00eda a profesores. Las tutorias son \u201ca demanda\u201d, cuando necesites soporte nos lo pides.<\/p>\n<p>Los t\u00edtulos de Centro CEE est\u00e1n autenticados por la firma de notario que valida contenidos y autenticidad a nivel internacional. Nuestra organizaci\u00f3n pertenece a la Asociaci\u00f3n Espa\u00f1ola de Calidad, organizaci\u00f3n Espa\u00f1ola de referencia para la calidad\u00a0en la formaci\u00f3n de auxiliar de enfermer\u00eda. La certificaci\u00f3n se puede apostillar por la Haya para cualquier pa\u00eds firmante del convenio de la Haya.<\/p>\n<p>Se puede pagar a plazos.<\/p>\n<p>Carga horaria de la formaci\u00f3n: 350h<\/p>\n<p>&nbsp;<\/p>\n<p>&nbsp;<\/p>\n<h2>Temario<\/h2>\n<hr \/>\n<p>1.<strong> INTRODUCCI\u00d3N A LA \u00d3PTICA Y OPTOMETR\u00cdA<\/strong><br \/>\n1. Conceptos generales de \u00d3ptica y Optometr\u00eda<br \/>\n2. Historia de la \u00f3ptica<br \/>\n3. C\u00f3digo Deontol\u00f3gico en \u00d3ptica y Optometr\u00eda<br \/>\n2. <strong>PARTES FUNDAMENTALES DEL OJO HUMANO<\/strong><br \/>\n1. Anatom\u00eda de las \u00f3rbitas y globo ocular<br \/>\n2. Anatom\u00eda de los p\u00e1rpados<br \/>\n3. Anatom\u00eda de la membrana conjuntiva<br \/>\n4. Anatom\u00eda del sistema lagrimal<br \/>\n5. Anatom\u00eda de la t\u00fanica fibrosa ocular<br \/>\n6. Anatom\u00eda de la t\u00fanica vascular ocular<br \/>\n7. Anatom\u00eda de la retina<br \/>\n8. Medios refringentes del ojo<br \/>\n9. Musculatura ocular extr\u00ednseca<br \/>\n3. <strong>LA VISI\u00d3N COMO PROCESO<\/strong><br \/>\n1. La luz como elemento natural<br \/>\n2. Proceso de visi\u00f3n humana<br \/>\n3. Agudeza visual<br \/>\n4. &#8211; Agudeza visual para distancia corta<br \/>\n5. &#8211; Agudeza visual para distancia larga<br \/>\n6. Optotipos de agudeza visual<br \/>\n7. &#8211; Optotipos de agudeza visual pedi\u00e1tricos<br \/>\n4. <strong>PRINCIPALES DEFECTOS EN LA VISI\u00d3N<\/strong><br \/>\n1. Importancia de la detecci\u00f3n temprana de los defectos visuales<br \/>\n2. Estados refractivos del ojo<br \/>\n3. Miop\u00eda<br \/>\n4. Hipermetrop\u00eda<br \/>\n5. Astigmatismo<br \/>\n6. Anisometrop\u00eda<br \/>\n7. Aniseicon\u00eda<br \/>\n8. Presbicia<br \/>\n9. Acomodaci\u00f3n del ojo<br \/>\n10. Binocularidad<br \/>\n5. <strong>EVALUACI\u00d3N OPTOM\u00c9TRICA<\/strong><br \/>\n1. Historia cl\u00ednica del paciente<br \/>\n2. Pruebas preliminares al examen optom\u00e9trico<br \/>\n3. Evaluaci\u00f3n de la refracci\u00f3n objetiva<br \/>\n4. Evaluaci\u00f3n de la refracci\u00f3n subjetiva<br \/>\n6. <strong>BUENAS PR\u00c1CTICAS CL\u00cdNICAS EN LA EVALUACI\u00d3N OPTOM\u00c9TRICA<\/strong><br \/>\n1. Examen de salud ocular<br \/>\n2. Examen visual rutinario<br \/>\n3. Examen visual pedi\u00e1trico<br \/>\n4. Examen visual geri\u00e1trico<br \/>\n5. Frecuencia de ex\u00e1menes visuales<br \/>\n7.<strong> INSTRUMENTOS PARA LA EVALUACI\u00d3N OPTOM\u00c9TRICA DE LA GRADUACI\u00d3N<\/strong><br \/>\n1. Concepto de graduaci\u00f3n y sistema de proyecci\u00f3n<br \/>\n2. Instrumentos y equipos para la evaluaci\u00f3n optom\u00e9trica<br \/>\n3. &#8211; Frontofoc\u00f3metro<br \/>\n4. &#8211; Lupa<br \/>\n5. &#8211; Oculares<br \/>\n6. &#8211; Microscopio<br \/>\n7. &#8211; Anteojos<br \/>\n8.<strong> EMPLEO DE LENTES OFT\u00c1LMICAS<\/strong><br \/>\n1. Concepto de lente oft\u00e1lmica<br \/>\n2. Clasificaci\u00f3n de las lentes en funci\u00f3n del material<br \/>\n3. Clasificaci\u00f3n de las lentes en funci\u00f3n del tipo de visi\u00f3n<br \/>\n4. Proceso de fabricaci\u00f3n de las lentes oft\u00e1lmicas<br \/>\n5. Tratamientos espec\u00edficos de las lentes oft\u00e1lmicas<br \/>\n9. <strong>EMPLEO DE MONTURAS \u00d3PTICAS<\/strong><br \/>\n1. Concepto de montura<br \/>\n2. Materiales de las monturas<br \/>\n3. Clasificaci\u00f3n de los tipos de monturas<br \/>\n4. &#8211; Tipolog\u00eda de rostros<br \/>\n5. &#8211; Elecci\u00f3n de la montura en funci\u00f3n del tipo de rostro<br \/>\n6. Proceso de fabricaci\u00f3n de las monturas<br \/>\n7. Tratamientos espec\u00edficos de las monturas \u00f3pticas<br \/>\n10. <strong>EMPLEO DE LENTES DE CONTACTO<\/strong><br \/>\n1. Concepto y evoluci\u00f3n de las lentes de contacto<br \/>\n2. Funcionamiento de las lentes de contacto<br \/>\n3. Clasificaci\u00f3n de los tipos de lentes de contacto<br \/>\n4. Proceso de fabricaci\u00f3n<br \/>\n5. Lentes de contacto ideales<\/p>\n<p>&nbsp;<\/p>\n<p>&nbsp;<\/p>\n<p><em><strong>Especialista en \u00f3ptica y optometr\u00eda<\/strong><\/em><\/p>\n<hr \/>\n","protected":false},"excerpt":{"rendered":"<p><a href=\"https:\/\/centro-cee.com\/web\/formaciones\/\">Atr\u00e1s<\/a><\/p>\n<p>La optometr\u00eda es la ciencia sanitaria no m\u00e9dica que estudia el sistema visual, de forma que el \u00f3ptico es el encargado de graduar la vista, adaptar las lentes o gafas, as\u00ed como de realizar terapia visual y ejercicios de baja visi\u00f3n a pacientes con disfunciones visuales.<\/p>\n<p>La formaci\u00f3n obtenida es de alto nivel y con gran cantidad de contenidos que dotaran a las\/los alumnas\/os de unos conocimientos excelentes.<\/p>\n","protected":false},"featured_media":1071,"comment_status":"closed","ping_status":"closed","template":"","meta":[],"product_brand":[],"product_cat":[2046,34],"product_tag":[1403,1401,1399,1092,1405,1400,1404,1402,1407,1406],"class_list":{"0":"post-1069","1":"product","2":"type-product","3":"status-publish","4":"has-post-thumbnail","6":"product_cat-cursos-salud","7":"product_cat-tecnicos","8":"product_tag-adaptacion-de-lentes-y-gafas","9":"product_tag-certificacion-en-optometria","10":"product_tag-curso-de-optica-y-optometria","11":"product_tag-curso-online-de-optica","12":"product_tag-diagnostico-de-problemas-visuales","13":"product_tag-formacion-en-salud-visual","14":"product_tag-gestion-de-clinicas-opticas","15":"product_tag-tecnicas-de-examen-visual","16":"product_tag-tecnologia-en-optometria","17":"product_tag-tratamientos-visuales-y-refraccion","19":"first","20":"instock","21":"sale","22":"shipping-taxable","23":"purchasable","24":"product-type-simple"},"yoast_head":"<!-- This site is optimized with the Yoast SEO plugin v27.5 - https:\/\/yoast.com\/product\/yoast-seo-wordpress\/ -->\n<title>Especialista en \u00f3ptica y optometr\u00eda<\/title>\n<meta name=\"description\" content=\"Convi\u00e9rtete en un Especialista en \u00d3ptica y Optometr\u00eda. Este curso te brinda una formaci\u00f3n completa en el campo de la \u00f3ptica y la optometr\u00eda\" \/>\n<meta name=\"robots\" content=\"index, follow, max-snippet:-1, max-image-preview:large, max-video-preview:-1\" \/>\n<link rel=\"canonical\" href=\"https:\/\/centro-cee.com\/web\/producto\/especialista-en-optica-y-optometria\/\" \/>\n<meta property=\"og:locale\" content=\"es_ES\" \/>\n<meta property=\"og:type\" content=\"article\" \/>\n<meta property=\"og:title\" content=\"Especialista en \u00f3ptica y optometr\u00eda\" \/>\n<meta property=\"og:description\" content=\"Convi\u00e9rtete en un Especialista en \u00d3ptica y Optometr\u00eda. Este curso te brinda una formaci\u00f3n completa en el campo de la \u00f3ptica y la optometr\u00eda\" \/>\n<meta property=\"og:url\" content=\"https:\/\/centro-cee.com\/web\/producto\/especialista-en-optica-y-optometria\/\" \/>\n<meta property=\"og:site_name\" content=\"CEE Centro Europeo E-learning - Cursos online\" \/>\n<meta property=\"article:modified_time\" content=\"2026-03-13T12:27:03+00:00\" \/>\n<meta property=\"og:image\" content=\"https:\/\/centro-cee.com\/web\/wp-content\/uploads\/2023\/02\/especialista-en-optica-y-optometria.jpg\" \/>\n\t<meta property=\"og:image:width\" content=\"800\" \/>\n\t<meta property=\"og:image:height\" content=\"800\" \/>\n\t<meta property=\"og:image:type\" content=\"image\/jpeg\" \/>\n<meta name=\"twitter:card\" content=\"summary_large_image\" \/>\n<meta name=\"twitter:label1\" content=\"Tiempo de lectura\" \/>\n\t<meta name=\"twitter:data1\" content=\"3 minutos\" \/>\n<script type=\"application\/ld+json\" class=\"yoast-schema-graph\">{\"@context\":\"https:\\\/\\\/schema.org\",\"@graph\":[{\"@type\":\"WebPage\",\"@id\":\"https:\\\/\\\/centro-cee.com\\\/web\\\/producto\\\/especialista-en-optica-y-optometria\\\/\",\"url\":\"https:\\\/\\\/centro-cee.com\\\/web\\\/producto\\\/especialista-en-optica-y-optometria\\\/\",\"name\":\"Especialista en \u00f3ptica y optometr\u00eda\",\"isPartOf\":{\"@id\":\"https:\\\/\\\/centro-cee.com\\\/web\\\/#website\"},\"primaryImageOfPage\":{\"@id\":\"https:\\\/\\\/centro-cee.com\\\/web\\\/producto\\\/especialista-en-optica-y-optometria\\\/#primaryimage\"},\"image\":{\"@id\":\"https:\\\/\\\/centro-cee.com\\\/web\\\/producto\\\/especialista-en-optica-y-optometria\\\/#primaryimage\"},\"thumbnailUrl\":\"https:\\\/\\\/centro-cee.com\\\/web\\\/wp-content\\\/uploads\\\/2023\\\/02\\\/especialista-en-optica-y-optometria.jpg\",\"datePublished\":\"2023-02-09T10:29:54+00:00\",\"dateModified\":\"2026-03-13T12:27:03+00:00\",\"description\":\"Convi\u00e9rtete en un Especialista en \u00d3ptica y Optometr\u00eda. Este curso te brinda una formaci\u00f3n completa en el campo de la \u00f3ptica y la optometr\u00eda\",\"breadcrumb\":{\"@id\":\"https:\\\/\\\/centro-cee.com\\\/web\\\/producto\\\/especialista-en-optica-y-optometria\\\/#breadcrumb\"},\"inLanguage\":\"es\",\"potentialAction\":[{\"@type\":\"ReadAction\",\"target\":[\"https:\\\/\\\/centro-cee.com\\\/web\\\/producto\\\/especialista-en-optica-y-optometria\\\/\"]}]},{\"@type\":\"ImageObject\",\"inLanguage\":\"es\",\"@id\":\"https:\\\/\\\/centro-cee.com\\\/web\\\/producto\\\/especialista-en-optica-y-optometria\\\/#primaryimage\",\"url\":\"https:\\\/\\\/centro-cee.com\\\/web\\\/wp-content\\\/uploads\\\/2023\\\/02\\\/especialista-en-optica-y-optometria.jpg\",\"contentUrl\":\"https:\\\/\\\/centro-cee.com\\\/web\\\/wp-content\\\/uploads\\\/2023\\\/02\\\/especialista-en-optica-y-optometria.jpg\",\"width\":800,\"height\":800,\"caption\":\"Especialista en \u00f3ptica y optometr\u00eda\"},{\"@type\":\"BreadcrumbList\",\"@id\":\"https:\\\/\\\/centro-cee.com\\\/web\\\/producto\\\/especialista-en-optica-y-optometria\\\/#breadcrumb\",\"itemListElement\":[{\"@type\":\"ListItem\",\"position\":1,\"name\":\"Portada\",\"item\":\"https:\\\/\\\/centro-cee.com\\\/web\\\/\"},{\"@type\":\"ListItem\",\"position\":2,\"name\":\"Especialista en \u00f3ptica y optometr\u00eda\"}]},{\"@type\":\"WebSite\",\"@id\":\"https:\\\/\\\/centro-cee.com\\\/web\\\/#website\",\"url\":\"https:\\\/\\\/centro-cee.com\\\/web\\\/\",\"name\":\"Centro Europeo E-learning\",\"description\":\"CEE Formaci\u00f3n Online\",\"publisher\":{\"@id\":\"https:\\\/\\\/centro-cee.com\\\/web\\\/#organization\"},\"alternateName\":\"Centro Online de Formaci\u00f3n\",\"potentialAction\":[{\"@type\":\"SearchAction\",\"target\":{\"@type\":\"EntryPoint\",\"urlTemplate\":\"https:\\\/\\\/centro-cee.com\\\/web\\\/?s={search_term_string}\"},\"query-input\":{\"@type\":\"PropertyValueSpecification\",\"valueRequired\":true,\"valueName\":\"search_term_string\"}}],\"inLanguage\":\"es\"},{\"@type\":\"Organization\",\"@id\":\"https:\\\/\\\/centro-cee.com\\\/web\\\/#organization\",\"name\":\"Centro Europeo E-learning CEE\",\"url\":\"https:\\\/\\\/centro-cee.com\\\/web\\\/\",\"logo\":{\"@type\":\"ImageObject\",\"inLanguage\":\"es\",\"@id\":\"https:\\\/\\\/centro-cee.com\\\/web\\\/#\\\/schema\\\/logo\\\/image\\\/\",\"url\":\"https:\\\/\\\/centro-cee.com\\\/web\\\/wp-content\\\/uploads\\\/2022\\\/12\\\/cropped-logo_educa.png\",\"contentUrl\":\"https:\\\/\\\/centro-cee.com\\\/web\\\/wp-content\\\/uploads\\\/2022\\\/12\\\/cropped-logo_educa.png\",\"width\":157,\"height\":63,\"caption\":\"Centro Europeo E-learning CEE\"},\"image\":{\"@id\":\"https:\\\/\\\/centro-cee.com\\\/web\\\/#\\\/schema\\\/logo\\\/image\\\/\"},\"sameAs\":[\"https:\\\/\\\/www.instagram.com\\\/centroeuropeo_cee\"]}]}<\/script>\n<!-- \/ Yoast SEO plugin. -->","yoast_head_json":{"title":"Especialista en \u00f3ptica y optometr\u00eda","description":"Convi\u00e9rtete en un Especialista en \u00d3ptica y Optometr\u00eda. Este curso te brinda una formaci\u00f3n completa en el campo de la \u00f3ptica y la optometr\u00eda","robots":{"index":"index","follow":"follow","max-snippet":"max-snippet:-1","max-image-preview":"max-image-preview:large","max-video-preview":"max-video-preview:-1"},"canonical":"https:\/\/centro-cee.com\/web\/producto\/especialista-en-optica-y-optometria\/","og_locale":"es_ES","og_type":"article","og_title":"Especialista en \u00f3ptica y optometr\u00eda","og_description":"Convi\u00e9rtete en un Especialista en \u00d3ptica y Optometr\u00eda. Este curso te brinda una formaci\u00f3n completa en el campo de la \u00f3ptica y la optometr\u00eda","og_url":"https:\/\/centro-cee.com\/web\/producto\/especialista-en-optica-y-optometria\/","og_site_name":"CEE Centro Europeo E-learning - Cursos online","article_modified_time":"2026-03-13T12:27:03+00:00","og_image":[{"width":800,"height":800,"url":"https:\/\/centro-cee.com\/web\/wp-content\/uploads\/2023\/02\/especialista-en-optica-y-optometria.jpg","type":"image\/jpeg"}],"twitter_card":"summary_large_image","twitter_misc":{"Tiempo de lectura":"3 minutos"},"schema":{"@context":"https:\/\/schema.org","@graph":[{"@type":"WebPage","@id":"https:\/\/centro-cee.com\/web\/producto\/especialista-en-optica-y-optometria\/","url":"https:\/\/centro-cee.com\/web\/producto\/especialista-en-optica-y-optometria\/","name":"Especialista en \u00f3ptica y optometr\u00eda","isPartOf":{"@id":"https:\/\/centro-cee.com\/web\/#website"},"primaryImageOfPage":{"@id":"https:\/\/centro-cee.com\/web\/producto\/especialista-en-optica-y-optometria\/#primaryimage"},"image":{"@id":"https:\/\/centro-cee.com\/web\/producto\/especialista-en-optica-y-optometria\/#primaryimage"},"thumbnailUrl":"https:\/\/centro-cee.com\/web\/wp-content\/uploads\/2023\/02\/especialista-en-optica-y-optometria.jpg","datePublished":"2023-02-09T10:29:54+00:00","dateModified":"2026-03-13T12:27:03+00:00","description":"Convi\u00e9rtete en un Especialista en \u00d3ptica y Optometr\u00eda. Este curso te brinda una formaci\u00f3n completa en el campo de la \u00f3ptica y la optometr\u00eda","breadcrumb":{"@id":"https:\/\/centro-cee.com\/web\/producto\/especialista-en-optica-y-optometria\/#breadcrumb"},"inLanguage":"es","potentialAction":[{"@type":"ReadAction","target":["https:\/\/centro-cee.com\/web\/producto\/especialista-en-optica-y-optometria\/"]}]},{"@type":"ImageObject","inLanguage":"es","@id":"https:\/\/centro-cee.com\/web\/producto\/especialista-en-optica-y-optometria\/#primaryimage","url":"https:\/\/centro-cee.com\/web\/wp-content\/uploads\/2023\/02\/especialista-en-optica-y-optometria.jpg","contentUrl":"https:\/\/centro-cee.com\/web\/wp-content\/uploads\/2023\/02\/especialista-en-optica-y-optometria.jpg","width":800,"height":800,"caption":"Especialista en \u00f3ptica y optometr\u00eda"},{"@type":"BreadcrumbList","@id":"https:\/\/centro-cee.com\/web\/producto\/especialista-en-optica-y-optometria\/#breadcrumb","itemListElement":[{"@type":"ListItem","position":1,"name":"Portada","item":"https:\/\/centro-cee.com\/web\/"},{"@type":"ListItem","position":2,"name":"Especialista en \u00f3ptica y optometr\u00eda"}]},{"@type":"WebSite","@id":"https:\/\/centro-cee.com\/web\/#website","url":"https:\/\/centro-cee.com\/web\/","name":"Centro Europeo E-learning","description":"CEE Formaci\u00f3n Online","publisher":{"@id":"https:\/\/centro-cee.com\/web\/#organization"},"alternateName":"Centro Online de Formaci\u00f3n","potentialAction":[{"@type":"SearchAction","target":{"@type":"EntryPoint","urlTemplate":"https:\/\/centro-cee.com\/web\/?s={search_term_string}"},"query-input":{"@type":"PropertyValueSpecification","valueRequired":true,"valueName":"search_term_string"}}],"inLanguage":"es"},{"@type":"Organization","@id":"https:\/\/centro-cee.com\/web\/#organization","name":"Centro Europeo E-learning CEE","url":"https:\/\/centro-cee.com\/web\/","logo":{"@type":"ImageObject","inLanguage":"es","@id":"https:\/\/centro-cee.com\/web\/#\/schema\/logo\/image\/","url":"https:\/\/centro-cee.com\/web\/wp-content\/uploads\/2022\/12\/cropped-logo_educa.png","contentUrl":"https:\/\/centro-cee.com\/web\/wp-content\/uploads\/2022\/12\/cropped-logo_educa.png","width":157,"height":63,"caption":"Centro Europeo E-learning CEE"},"image":{"@id":"https:\/\/centro-cee.com\/web\/#\/schema\/logo\/image\/"},"sameAs":["https:\/\/www.instagram.com\/centroeuropeo_cee"]}]}},"_links":{"self":[{"href":"https:\/\/centro-cee.com\/web\/wp-json\/wp\/v2\/product\/1069","targetHints":{"allow":["GET"]}}],"collection":[{"href":"https:\/\/centro-cee.com\/web\/wp-json\/wp\/v2\/product"}],"about":[{"href":"https:\/\/centro-cee.com\/web\/wp-json\/wp\/v2\/types\/product"}],"replies":[{"embeddable":true,"href":"https:\/\/centro-cee.com\/web\/wp-json\/wp\/v2\/comments?post=1069"}],"wp:featuredmedia":[{"embeddable":true,"href":"https:\/\/centro-cee.com\/web\/wp-json\/wp\/v2\/media\/1071"}],"wp:attachment":[{"href":"https:\/\/centro-cee.com\/web\/wp-json\/wp\/v2\/media?parent=1069"}],"wp:term":[{"taxonomy":"product_brand","embeddable":true,"href":"https:\/\/centro-cee.com\/web\/wp-json\/wp\/v2\/product_brand?post=1069"},{"taxonomy":"product_cat","embeddable":true,"href":"https:\/\/centro-cee.com\/web\/wp-json\/wp\/v2\/product_cat?post=1069"},{"taxonomy":"product_tag","embeddable":true,"href":"https:\/\/centro-cee.com\/web\/wp-json\/wp\/v2\/product_tag?post=1069"}],"curies":[{"name":"wp","href":"https:\/\/api.w.org\/{rel}","templated":true}]}}