{"id":1067,"date":"2023-02-09T10:25:27","date_gmt":"2023-02-09T10:25:27","guid":{"rendered":"https:\/\/centro-cee.com\/web\/?post_type=product&#038;p=1067"},"modified":"2026-03-13T12:27:13","modified_gmt":"2026-03-13T12:27:13","slug":"auxiliar-de-enfermeria-en-geriatria","status":"publish","type":"product","link":"https:\/\/centro-cee.com\/web\/producto\/auxiliar-de-enfermeria-en-geriatria\/","title":{"rendered":"Auxiliar de enfermer\u00eda en geriatr\u00eda"},"content":{"rendered":"<p><a href=\"https:\/\/centro-cee.com\/web\/formaciones\/\">Atr\u00e1s<\/a><\/p>\n<p><em><strong>Auxiliar de enfermer\u00eda en geriatr\u00eda<\/strong><\/em><\/p>\n<p>Toda esta informaci\u00f3n se realiza 100% online en nuestro campus online de formaci\u00f3n.<\/p>\n<p>Las tutorias se realizan directamente desde el campus de estudio con la opci\u00f3n de mensajer\u00eda a profesores. Las tutorias son \u201ca demanda\u201d, cuando necesites soporte nos lo pides.<\/p>\n<p>Los t\u00edtulos de Centro CEE est\u00e1n autenticados por la firma de notario que valida contenidos y autenticidad a nivel internacional. Nuestra organizaci\u00f3n pertenece a la Asociaci\u00f3n Espa\u00f1ola de Calidad, organizaci\u00f3n Espa\u00f1ola de referencia para la calidad\u00a0en la formaci\u00f3n de auxiliar de enfermer\u00eda. La certificaci\u00f3n se puede apostillar por la Haya para cualquier pa\u00eds firmante del convenio de la Haya.<\/p>\n<p>Se puede pagar a plazos.<\/p>\n<p>Carga horaria de la formaci\u00f3n: 350h<\/p>\n<p>&nbsp;<\/p>\n<p>&nbsp;<\/p>\n<h2>Temario<\/h2>\n<hr \/>\n<p>&nbsp;<\/p>\n<ol>\n<li>M\u00d3DULO 1. ORGANIZACI\u00d3N DE LOS RECURSOS MATERIALES, PERSONAL, FUNCIONAL Y ORG\u00c1NICA<br \/>\n1. FUNCIONALIDAD HOSPITALARIA<br \/>\n1. Tipos de centros sanitarios en el sistema sanitario espa\u00f1ol<br \/>\n2. Organizaci\u00f3n funcional y org\u00e1nica de los centros sanitarios<br \/>\n3. Tipos de documento en el \u00e1mbito sanitario<br \/>\n4. V\u00edas de atenci\u00f3n sanitaria al paciente<br \/>\n2. ORGANIZACI\u00d3N Y GESTI\u00d3N HOSPITALARIA<br \/>\n1. Archivo de la documentaci\u00f3n<br \/>\n2. Gesti\u00f3n personal en la unidad\/servicio<br \/>\n3. Gesti\u00f3n de los recursos materiales<br \/>\n4. Organizaci\u00f3n del almac\u00e9n<br \/>\n5. Formulaci\u00f3n de pedidos<br \/>\n6. La habitaci\u00f3n hospitalaria<br \/>\n7. M\u00d3DULO 2. CUIDADOS B\u00c1SICOS EN GERIATR\u00cdA<br \/>\n3. CLASIFICACI\u00d3N Y CUIDADOS B\u00c1SICOS DE GERIATR\u00cdA<br \/>\n1. Principales clasificaciones de las necesidades<br \/>\n2. Los cuidados b\u00e1sicos de enfermer\u00eda o plan de cuidados integral de enfermer\u00eda<br \/>\n4. PREVENCI\u00d3N DE LAS INFECCIONES<br \/>\n1. La piel del anciano<br \/>\n2. Epidemiolog\u00eda, cadena epidemiol\u00f3gica y transmisi\u00f3n de infecciones<br \/>\n3. Medidas para disminuir el riesgo de transmisi\u00f3n de infecciones<br \/>\n4. La piel como \u00f3rgano protector ante las infecciones<br \/>\n5. MEDIDAS DE HIGIENE HOSPITALARIA<br \/>\n1. El saneamiento en el medio sanitario<br \/>\n2. Limpieza y desinfecci\u00f3n del material<br \/>\n3. Etiquetado de productos qu\u00edmicos: s\u00edmbolos de peligrosidad<br \/>\n4. Residuos sanitarios. Concepto y clasificaci\u00f3n<br \/>\n6. CUIDADOS B\u00c1SICOS EN GERIATR\u00cdA<br \/>\n1. La higiene integral<br \/>\n2. Eliminaci\u00f3n urinaria e intestinal<br \/>\n3. Eliminaci\u00f3n intestinal<br \/>\n4. Sondaje vesical<br \/>\n5. Vendajes<br \/>\n6. Drenajes<br \/>\n7. Cuidados post-mortem<br \/>\n7. SISTEMA ALIMENTICIO I<br \/>\n1. El sistema gastrointestinal. La digesti\u00f3n de los alimentos<br \/>\n2. Modificaciones del sistema gastrointestinal asociadas al proceso de envejecimiento<br \/>\n3. Influencia de los h\u00e1bitos alimenticios en los estados de salud<br \/>\n8. SISTEMA ALIMENTICIO II<br \/>\n1. Toxiinfecci\u00f3n alimentaria y normas de manipulaci\u00f3n de alimentos<br \/>\n2. Nutrici\u00f3n enteral y nutrici\u00f3n parenteral<br \/>\n3. M\u00d3DULO 3. CUIDADOS TERAP\u00c9UTICOS EN GERIATR\u00cdA<br \/>\n9. RECOGIDA Y OBTENCI\u00d3N DE MUESTRAS BIOL\u00d3GICAS<br \/>\n1. Recogida de productos biol\u00f3gicos para analizar<br \/>\n2. Obtenci\u00f3n de muestras de productos biol\u00f3gicos para analizar<br \/>\n10. T\u00c9CNICAS Y PROCEDIMIENTOS EN GERIATR\u00cdA I<br \/>\n1. T\u00e9cnicas de asistencia en los cuidados de enfermer\u00eda<br \/>\n2. Movilizaci\u00f3n del paciente geri\u00e1trico<br \/>\n11. T\u00c9CNICAS Y PROCEDIMIENTOS EN GERIATR\u00cdA II<br \/>\n1. Medicamentos: presentaci\u00f3n y administraci\u00f3n<br \/>\n2. Procedimientos de enfermer\u00eda<br \/>\n3. Preparaci\u00f3n quir\u00fargica<br \/>\n4. M\u00d3DULO 4. ATENCI\u00d3N ESPECIALIZADA EN GERIATR\u00cdA<br \/>\n12. ATENCI\u00d3N Y ASISTENCIA EN GERONTOLOG\u00cdA Y GERIATR\u00cdA<br \/>\n1. Centros de atenci\u00f3n y asistencia al anciano<br \/>\n2. La gerontolog\u00eda<br \/>\n3. La geriatr\u00eda<br \/>\n4. M\u00d3DULO 5. ENFERMEDADES HABITUALES Y S\u00cdNDROMES GERI\u00c1TRICOS<br \/>\n13. DIVERSAS ENFERMEDADES GERI\u00c1TRICAS<br \/>\n1. Introducci\u00f3n<br \/>\n2. Enfermedades osteoarticulares<br \/>\n3. Hipertensi\u00f3n arterial<br \/>\n4. Diabetes mellitus<br \/>\n5. Los sentidos de la vista y del o\u00eddo<br \/>\n6. Temblor y parkinson<br \/>\n7. Accidentes cerebrovasculares<br \/>\n8. Depresi\u00f3n<br \/>\n9. El s\u00edndrome confusional<br \/>\n10. La demencia<\/li>\n<\/ol>\n<p><em><strong>Auxiliar de enfermer\u00eda en geriatr\u00eda<\/strong><\/em><\/p>\n<hr \/>\n","protected":false},"excerpt":{"rendered":"<p><a href=\"https:\/\/centro-cee.com\/web\/formaciones\/\">Atr\u00e1s<\/a><\/p>\n<p>\u00bfQuieres trabajar en el \u00e1mbito de la geriatr\u00eda? \u00bfTe gustar\u00eda especializarte en el cuidado de las personas de la tercera edad? Si es as\u00ed, Emagister te presenta este Curso de Auxiliar de Enfermer\u00eda en Geriatr\u00eda, impartido por el Centro Europeo E-learning (CEE).<\/p>\n<p>Esta formaci\u00f3n que impartimos en nuestra escuela online te va a permitir prepararte como auxiliar de enfermer\u00eda en la especialidad de geriatr\u00eda, esta especialidad te permitir\u00e1 poder trabajar en empresas de atenci\u00f3n sanitaria, centros de dia, residencias de 3\u00aa edad, hospitales, centros privados, atenci\u00f3n domiciliaria, etc. Es decir, un amplio abanico de posibilidades<\/p>\n","protected":false},"featured_media":1068,"comment_status":"closed","ping_status":"closed","template":"","meta":[],"product_brand":[],"product_cat":[2046,34],"product_tag":[1416,1409,1410,1415,1408,1411,1373,1413,1414,1412],"class_list":{"0":"post-1067","1":"product","2":"type-product","3":"status-publish","4":"has-post-thumbnail","6":"product_cat-cursos-salud","7":"product_cat-tecnicos","8":"product_tag-apoyo-emocional-en-geriatria","9":"product_tag-atencion-a-personas-mayores","10":"product_tag-certificacion-en-cuidados-geriatricos","11":"product_tag-comunicacion-efectiva-con-pacientes-mayores","12":"product_tag-curso-de-auxiliar-de-enfermeria","13":"product_tag-curso-online-de-auxiliar-de-enfermeria","14":"product_tag-formacion-en-geriatria","15":"product_tag-gestion-de-la-salud-en-ancianos","16":"product_tag-intervencion-en-enfermedades-cronicas","17":"product_tag-tecnicas-de-cuidado-en-geriatria","19":"first","20":"instock","21":"sale","22":"shipping-taxable","23":"purchasable","24":"product-type-simple"},"yoast_head":"<!-- This site is optimized with the Yoast SEO plugin v27.4 - https:\/\/yoast.com\/product\/yoast-seo-wordpress\/ -->\n<title>Auxiliar de enfermer\u00eda en geriatr\u00eda<\/title>\n<meta name=\"description\" content=\"Aprende los conocimientos y habilidades necesarios para desempe\u00f1arte como Auxiliar de enfermer\u00eda en geriatr\u00eda.\" \/>\n<meta name=\"robots\" content=\"index, follow, max-snippet:-1, max-image-preview:large, max-video-preview:-1\" \/>\n<link rel=\"canonical\" href=\"https:\/\/centro-cee.com\/web\/producto\/auxiliar-de-enfermeria-en-geriatria\/\" \/>\n<meta property=\"og:locale\" content=\"es_ES\" \/>\n<meta property=\"og:type\" content=\"article\" \/>\n<meta property=\"og:title\" content=\"Auxiliar de enfermer\u00eda en geriatr\u00eda\" \/>\n<meta property=\"og:description\" content=\"Aprende los conocimientos y habilidades necesarios para desempe\u00f1arte como Auxiliar de enfermer\u00eda en geriatr\u00eda.\" \/>\n<meta property=\"og:url\" content=\"https:\/\/centro-cee.com\/web\/producto\/auxiliar-de-enfermeria-en-geriatria\/\" \/>\n<meta property=\"og:site_name\" content=\"CEE Centro Europeo E-learning - Cursos online\" \/>\n<meta property=\"article:modified_time\" content=\"2026-03-13T12:27:13+00:00\" \/>\n<meta property=\"og:image\" content=\"https:\/\/centro-cee.com\/web\/wp-content\/uploads\/2023\/02\/auxiliar-de-enfermeria-en-geriatria-.jpg\" \/>\n\t<meta property=\"og:image:width\" content=\"800\" \/>\n\t<meta property=\"og:image:height\" content=\"800\" \/>\n\t<meta property=\"og:image:type\" content=\"image\/jpeg\" \/>\n<meta name=\"twitter:card\" content=\"summary_large_image\" \/>\n<meta name=\"twitter:label1\" content=\"Tiempo de lectura\" \/>\n\t<meta name=\"twitter:data1\" content=\"3 minutos\" \/>\n<script type=\"application\/ld+json\" class=\"yoast-schema-graph\">{\"@context\":\"https:\\\/\\\/schema.org\",\"@graph\":[{\"@type\":\"WebPage\",\"@id\":\"https:\\\/\\\/centro-cee.com\\\/web\\\/producto\\\/auxiliar-de-enfermeria-en-geriatria\\\/\",\"url\":\"https:\\\/\\\/centro-cee.com\\\/web\\\/producto\\\/auxiliar-de-enfermeria-en-geriatria\\\/\",\"name\":\"Auxiliar de enfermer\u00eda en geriatr\u00eda\",\"isPartOf\":{\"@id\":\"https:\\\/\\\/centro-cee.com\\\/web\\\/#website\"},\"primaryImageOfPage\":{\"@id\":\"https:\\\/\\\/centro-cee.com\\\/web\\\/producto\\\/auxiliar-de-enfermeria-en-geriatria\\\/#primaryimage\"},\"image\":{\"@id\":\"https:\\\/\\\/centro-cee.com\\\/web\\\/producto\\\/auxiliar-de-enfermeria-en-geriatria\\\/#primaryimage\"},\"thumbnailUrl\":\"https:\\\/\\\/centro-cee.com\\\/web\\\/wp-content\\\/uploads\\\/2023\\\/02\\\/auxiliar-de-enfermeria-en-geriatria-.jpg\",\"datePublished\":\"2023-02-09T10:25:27+00:00\",\"dateModified\":\"2026-03-13T12:27:13+00:00\",\"description\":\"Aprende los conocimientos y habilidades necesarios para desempe\u00f1arte como Auxiliar de enfermer\u00eda en geriatr\u00eda.\",\"breadcrumb\":{\"@id\":\"https:\\\/\\\/centro-cee.com\\\/web\\\/producto\\\/auxiliar-de-enfermeria-en-geriatria\\\/#breadcrumb\"},\"inLanguage\":\"es\",\"potentialAction\":[{\"@type\":\"ReadAction\",\"target\":[\"https:\\\/\\\/centro-cee.com\\\/web\\\/producto\\\/auxiliar-de-enfermeria-en-geriatria\\\/\"]}]},{\"@type\":\"ImageObject\",\"inLanguage\":\"es\",\"@id\":\"https:\\\/\\\/centro-cee.com\\\/web\\\/producto\\\/auxiliar-de-enfermeria-en-geriatria\\\/#primaryimage\",\"url\":\"https:\\\/\\\/centro-cee.com\\\/web\\\/wp-content\\\/uploads\\\/2023\\\/02\\\/auxiliar-de-enfermeria-en-geriatria-.jpg\",\"contentUrl\":\"https:\\\/\\\/centro-cee.com\\\/web\\\/wp-content\\\/uploads\\\/2023\\\/02\\\/auxiliar-de-enfermeria-en-geriatria-.jpg\",\"width\":800,\"height\":800,\"caption\":\"Auxiliar de enfermer\u00eda en geriatr\u00eda\"},{\"@type\":\"BreadcrumbList\",\"@id\":\"https:\\\/\\\/centro-cee.com\\\/web\\\/producto\\\/auxiliar-de-enfermeria-en-geriatria\\\/#breadcrumb\",\"itemListElement\":[{\"@type\":\"ListItem\",\"position\":1,\"name\":\"Portada\",\"item\":\"https:\\\/\\\/centro-cee.com\\\/web\\\/\"},{\"@type\":\"ListItem\",\"position\":2,\"name\":\"Auxiliar de enfermer\u00eda en geriatr\u00eda\"}]},{\"@type\":\"WebSite\",\"@id\":\"https:\\\/\\\/centro-cee.com\\\/web\\\/#website\",\"url\":\"https:\\\/\\\/centro-cee.com\\\/web\\\/\",\"name\":\"Centro Europeo E-learning\",\"description\":\"CEE Formaci\u00f3n Online\",\"publisher\":{\"@id\":\"https:\\\/\\\/centro-cee.com\\\/web\\\/#organization\"},\"alternateName\":\"Centro Online de Formaci\u00f3n\",\"potentialAction\":[{\"@type\":\"SearchAction\",\"target\":{\"@type\":\"EntryPoint\",\"urlTemplate\":\"https:\\\/\\\/centro-cee.com\\\/web\\\/?s={search_term_string}\"},\"query-input\":{\"@type\":\"PropertyValueSpecification\",\"valueRequired\":true,\"valueName\":\"search_term_string\"}}],\"inLanguage\":\"es\"},{\"@type\":\"Organization\",\"@id\":\"https:\\\/\\\/centro-cee.com\\\/web\\\/#organization\",\"name\":\"Centro Europeo E-learning CEE\",\"url\":\"https:\\\/\\\/centro-cee.com\\\/web\\\/\",\"logo\":{\"@type\":\"ImageObject\",\"inLanguage\":\"es\",\"@id\":\"https:\\\/\\\/centro-cee.com\\\/web\\\/#\\\/schema\\\/logo\\\/image\\\/\",\"url\":\"https:\\\/\\\/centro-cee.com\\\/web\\\/wp-content\\\/uploads\\\/2022\\\/12\\\/cropped-logo_educa.png\",\"contentUrl\":\"https:\\\/\\\/centro-cee.com\\\/web\\\/wp-content\\\/uploads\\\/2022\\\/12\\\/cropped-logo_educa.png\",\"width\":157,\"height\":63,\"caption\":\"Centro Europeo E-learning CEE\"},\"image\":{\"@id\":\"https:\\\/\\\/centro-cee.com\\\/web\\\/#\\\/schema\\\/logo\\\/image\\\/\"},\"sameAs\":[\"https:\\\/\\\/www.instagram.com\\\/centroeuropeo_cee\"]}]}<\/script>\n<!-- \/ Yoast SEO plugin. -->","yoast_head_json":{"title":"Auxiliar de enfermer\u00eda en geriatr\u00eda","description":"Aprende los conocimientos y habilidades necesarios para desempe\u00f1arte como Auxiliar de enfermer\u00eda en geriatr\u00eda.","robots":{"index":"index","follow":"follow","max-snippet":"max-snippet:-1","max-image-preview":"max-image-preview:large","max-video-preview":"max-video-preview:-1"},"canonical":"https:\/\/centro-cee.com\/web\/producto\/auxiliar-de-enfermeria-en-geriatria\/","og_locale":"es_ES","og_type":"article","og_title":"Auxiliar de enfermer\u00eda en geriatr\u00eda","og_description":"Aprende los conocimientos y habilidades necesarios para desempe\u00f1arte como Auxiliar de enfermer\u00eda en geriatr\u00eda.","og_url":"https:\/\/centro-cee.com\/web\/producto\/auxiliar-de-enfermeria-en-geriatria\/","og_site_name":"CEE Centro Europeo E-learning - Cursos online","article_modified_time":"2026-03-13T12:27:13+00:00","og_image":[{"width":800,"height":800,"url":"https:\/\/centro-cee.com\/web\/wp-content\/uploads\/2023\/02\/auxiliar-de-enfermeria-en-geriatria-.jpg","type":"image\/jpeg"}],"twitter_card":"summary_large_image","twitter_misc":{"Tiempo de lectura":"3 minutos"},"schema":{"@context":"https:\/\/schema.org","@graph":[{"@type":"WebPage","@id":"https:\/\/centro-cee.com\/web\/producto\/auxiliar-de-enfermeria-en-geriatria\/","url":"https:\/\/centro-cee.com\/web\/producto\/auxiliar-de-enfermeria-en-geriatria\/","name":"Auxiliar de enfermer\u00eda en geriatr\u00eda","isPartOf":{"@id":"https:\/\/centro-cee.com\/web\/#website"},"primaryImageOfPage":{"@id":"https:\/\/centro-cee.com\/web\/producto\/auxiliar-de-enfermeria-en-geriatria\/#primaryimage"},"image":{"@id":"https:\/\/centro-cee.com\/web\/producto\/auxiliar-de-enfermeria-en-geriatria\/#primaryimage"},"thumbnailUrl":"https:\/\/centro-cee.com\/web\/wp-content\/uploads\/2023\/02\/auxiliar-de-enfermeria-en-geriatria-.jpg","datePublished":"2023-02-09T10:25:27+00:00","dateModified":"2026-03-13T12:27:13+00:00","description":"Aprende los conocimientos y habilidades necesarios para desempe\u00f1arte como Auxiliar de enfermer\u00eda en geriatr\u00eda.","breadcrumb":{"@id":"https:\/\/centro-cee.com\/web\/producto\/auxiliar-de-enfermeria-en-geriatria\/#breadcrumb"},"inLanguage":"es","potentialAction":[{"@type":"ReadAction","target":["https:\/\/centro-cee.com\/web\/producto\/auxiliar-de-enfermeria-en-geriatria\/"]}]},{"@type":"ImageObject","inLanguage":"es","@id":"https:\/\/centro-cee.com\/web\/producto\/auxiliar-de-enfermeria-en-geriatria\/#primaryimage","url":"https:\/\/centro-cee.com\/web\/wp-content\/uploads\/2023\/02\/auxiliar-de-enfermeria-en-geriatria-.jpg","contentUrl":"https:\/\/centro-cee.com\/web\/wp-content\/uploads\/2023\/02\/auxiliar-de-enfermeria-en-geriatria-.jpg","width":800,"height":800,"caption":"Auxiliar de enfermer\u00eda en geriatr\u00eda"},{"@type":"BreadcrumbList","@id":"https:\/\/centro-cee.com\/web\/producto\/auxiliar-de-enfermeria-en-geriatria\/#breadcrumb","itemListElement":[{"@type":"ListItem","position":1,"name":"Portada","item":"https:\/\/centro-cee.com\/web\/"},{"@type":"ListItem","position":2,"name":"Auxiliar de enfermer\u00eda en geriatr\u00eda"}]},{"@type":"WebSite","@id":"https:\/\/centro-cee.com\/web\/#website","url":"https:\/\/centro-cee.com\/web\/","name":"Centro Europeo E-learning","description":"CEE Formaci\u00f3n Online","publisher":{"@id":"https:\/\/centro-cee.com\/web\/#organization"},"alternateName":"Centro Online de Formaci\u00f3n","potentialAction":[{"@type":"SearchAction","target":{"@type":"EntryPoint","urlTemplate":"https:\/\/centro-cee.com\/web\/?s={search_term_string}"},"query-input":{"@type":"PropertyValueSpecification","valueRequired":true,"valueName":"search_term_string"}}],"inLanguage":"es"},{"@type":"Organization","@id":"https:\/\/centro-cee.com\/web\/#organization","name":"Centro Europeo E-learning CEE","url":"https:\/\/centro-cee.com\/web\/","logo":{"@type":"ImageObject","inLanguage":"es","@id":"https:\/\/centro-cee.com\/web\/#\/schema\/logo\/image\/","url":"https:\/\/centro-cee.com\/web\/wp-content\/uploads\/2022\/12\/cropped-logo_educa.png","contentUrl":"https:\/\/centro-cee.com\/web\/wp-content\/uploads\/2022\/12\/cropped-logo_educa.png","width":157,"height":63,"caption":"Centro Europeo E-learning CEE"},"image":{"@id":"https:\/\/centro-cee.com\/web\/#\/schema\/logo\/image\/"},"sameAs":["https:\/\/www.instagram.com\/centroeuropeo_cee"]}]}},"_links":{"self":[{"href":"https:\/\/centro-cee.com\/web\/wp-json\/wp\/v2\/product\/1067","targetHints":{"allow":["GET"]}}],"collection":[{"href":"https:\/\/centro-cee.com\/web\/wp-json\/wp\/v2\/product"}],"about":[{"href":"https:\/\/centro-cee.com\/web\/wp-json\/wp\/v2\/types\/product"}],"replies":[{"embeddable":true,"href":"https:\/\/centro-cee.com\/web\/wp-json\/wp\/v2\/comments?post=1067"}],"wp:featuredmedia":[{"embeddable":true,"href":"https:\/\/centro-cee.com\/web\/wp-json\/wp\/v2\/media\/1068"}],"wp:attachment":[{"href":"https:\/\/centro-cee.com\/web\/wp-json\/wp\/v2\/media?parent=1067"}],"wp:term":[{"taxonomy":"product_brand","embeddable":true,"href":"https:\/\/centro-cee.com\/web\/wp-json\/wp\/v2\/product_brand?post=1067"},{"taxonomy":"product_cat","embeddable":true,"href":"https:\/\/centro-cee.com\/web\/wp-json\/wp\/v2\/product_cat?post=1067"},{"taxonomy":"product_tag","embeddable":true,"href":"https:\/\/centro-cee.com\/web\/wp-json\/wp\/v2\/product_tag?post=1067"}],"curies":[{"name":"wp","href":"https:\/\/api.w.org\/{rel}","templated":true}]}}