{"id":1055,"date":"2023-02-07T10:58:01","date_gmt":"2023-02-07T10:58:01","guid":{"rendered":"https:\/\/centro-cee.com\/web\/?post_type=product&#038;p=1055"},"modified":"2026-03-13T16:39:56","modified_gmt":"2026-03-13T16:39:56","slug":"auxiliar-de-veterinaria","status":"publish","type":"product","link":"https:\/\/centro-cee.com\/web\/producto\/auxiliar-de-veterinaria\/","title":{"rendered":"Auxiliar de veterinaria"},"content":{"rendered":"<p><a href=\"https:\/\/centro-cee.com\/web\/formaciones\/\">Atr\u00e1s<\/a><\/p>\n<p><em><strong>Auxiliar de veterinaria<\/strong><\/em><\/p>\n<p>Toda esta informaci\u00f3n se realiza 100% online en nuestro campus online de formaci\u00f3n.<\/p>\n<p>Las tutorias se realizan directamente desde el campus de estudio con la opci\u00f3n de mensajer\u00eda a profesores. Las tutorias son \u201ca demanda\u201d, cuando necesites soporte nos lo pides.<\/p>\n<p>Los t\u00edtulos de Centro CEE est\u00e1n autenticados por la firma de notario que valida contenidos y autenticidad a nivel internacional. Nuestra organizaci\u00f3n pertenece a la Asociaci\u00f3n Espa\u00f1ola de Calidad, organizaci\u00f3n Espa\u00f1ola de referencia para la calidad\u00a0en la formaci\u00f3n de auxiliar de enfermer\u00eda. La certificaci\u00f3n se puede apostillar por la Haya para cualquier pa\u00eds firmante del convenio de la Haya.<\/p>\n<p>Se puede pagar a plazos.<\/p>\n<p>Carga horaria de la formaci\u00f3n: 350h<\/p>\n<h2>Temario<\/h2>\n<hr \/>\n<p>M\u00d3DULO 1. AUXILIAR DE VETERINARIA<br \/>\nUNIDAD DID\u00c1CTICA 1. INTRODUCCI\u00d3N A LA CL\u00cdNICA VETERINARIA<br \/>\n1. El equipo veterinario<br \/>\n2. La figura del auxiliar de veterinaria<br \/>\n3. Tareas y funciones del auxiliar veterinario<br \/>\n4. Calidad y atenci\u00f3n al cliente<br \/>\nUNIDAD DID\u00c1CTICA 2. ANATOM\u00cdA GENERAL<br \/>\n1. Neuroanatom\u00eda<br \/>\n2. Anatom\u00eda y fisiolog\u00eda card\u00edaca<br \/>\n3. Anatom\u00eda del aparato digestivo<br \/>\n4. Anatom\u00eda y fisiolog\u00eda del sistema urinario<br \/>\n5. El aparato reproductor<br \/>\n6. Anatom\u00eda y fisiolog\u00eda cut\u00e1nea<br \/>\n7. Anatom\u00eda y fisiolog\u00eda ocular<br \/>\n8. Sistema auditivo<br \/>\nUNIDAD DID\u00c1CTICA 3. PRINCIPIOS DE NUTRICI\u00d3N Y ALIMENTACI\u00d3N<br \/>\n1. Funcionamiento del aparato digestivo<br \/>\n2. Componentes b\u00e1sicos de los alimentos<br \/>\n3. Necesidades alimenticias de los estados fisiol\u00f3gicos<br \/>\nUNIDAD DID\u00c1CTICA 4. PATOLOG\u00cdAS NEUROL\u00d3GICAS<br \/>\n1. Introducci\u00f3n<br \/>\n2. An\u00e1lisis del l\u00edquido cefalorraqu\u00eddeo<br \/>\n3. Mielograf\u00eda<br \/>\n4. Intervenci\u00f3n quir\u00fargica en neurocirug\u00eda: instrumentos<br \/>\n5. Intervenci\u00f3n quir\u00fargica en neurocirug\u00eda: preparaci\u00f3n del paciente<br \/>\n6. Manejo post-quir\u00fargico de la cirug\u00eda de columna<br \/>\n7. Rehabilitaci\u00f3n en el paciente neurol\u00f3gico<br \/>\nUNIDAD DID\u00c1CTICA 5. PATOLOG\u00cdAS DEL SISTEMA CARDIOVASCULAR<br \/>\n1. Breve repaso sobre la anatom\u00eda del coraz\u00f3n<br \/>\n2. Exploraci\u00f3n y examen f\u00edsico<br \/>\n3. Patolog\u00edas card\u00edacas<br \/>\n4. La electrocardiograf\u00eda<br \/>\n5. Ecocardiograf\u00eda<br \/>\nUNIDAD DID\u00c1CTICA 6. PATOLOG\u00cdAS DEL APARATO RESPIRATORIO<br \/>\n1. Introducci\u00f3n<br \/>\n2. Datos cl\u00ednicos<br \/>\n3. Sistema defensivo del aparato respiratorio<br \/>\n4. Acondicionamiento y depuraci\u00f3n del aire inspirado<br \/>\n5. Disnea<br \/>\nUNIDAD DID\u00c1CTICA 7. PATOLOG\u00cdAS DEL APARATO DIGESTIVO<br \/>\n1. Introducci\u00f3n<br \/>\n2. Patolog\u00edas digestivas<br \/>\n3. Procedimientos<br \/>\nUNIDAD DID\u00c1CTICA 8. PATOLOG\u00cdAS DEL SISTEMA URINARIO<br \/>\n1. Introducci\u00f3n<br \/>\n2. Patolog\u00edas renales y urinarias<br \/>\n3. Toma de muestras y aplicaci\u00f3n cl\u00ednica<br \/>\n4. Par\u00e1metros biol\u00f3gicos de enfermedad renal y urinaria<br \/>\n5. Tratamiento<br \/>\nUNIDAD DID\u00c1CTICA 9. PATOLOG\u00cdAS DEL APARATO REPRODUCTOR<br \/>\n1. Introducci\u00f3n<br \/>\n2. T\u00e9cnicas de reproducci\u00f3n<br \/>\n3. Gestaci\u00f3n<br \/>\n4. Parto<br \/>\n5. Ces\u00e1rea<br \/>\nUNIDAD DID\u00c1CTICA 10. ONCOLOG\u00cdA<br \/>\n1. Introducci\u00f3n<br \/>\n2. Biolog\u00eda del c\u00e1ncer<br \/>\n3. Diagn\u00f3stico<br \/>\n4. Tipos de tratamientos de c\u00e1ncer<br \/>\nUNIDAD DID\u00c1CTICA 11. PATOLOG\u00cdAS DERMATOL\u00d3GICAS<br \/>\n1. Introducci\u00f3n<br \/>\n2. Historia del paciente<br \/>\n3. Examen dermatol\u00f3gico<br \/>\n4. Clasificaci\u00f3n de las lesiones<br \/>\n5. Enfermedades producidas por bacterias<br \/>\n6. Enfermedades producidas por hongos o micosis<br \/>\n7. Enfermedades producidas por par\u00e1sitos<br \/>\n8. Procesos al\u00e9rgicos<br \/>\n9. Dermatosis autoinmunes<br \/>\n10. Dermatosis endocrina<br \/>\n11. N\u00f3dulos cut\u00e1neos. Categor\u00edas<br \/>\n12. Dermatosis cong\u00e9nita y hereditaria<br \/>\n13. Des\u00f3rdenes de la queratizaci\u00f3n<br \/>\nUNIDAD DID\u00c1CTICA 12. OFTALMOLOG\u00cdA<br \/>\n1. La exploraci\u00f3n oftalmol\u00f3gica<br \/>\n2. Farmacolog\u00eda oftalmol\u00f3gica<br \/>\n3. Preparaci\u00f3n del campo quir\u00fargico<br \/>\nUNIDAD DID\u00c1CTICA 13. OTOLOG\u00cdA Y ETOLOG\u00cdA<br \/>\n1. Introducci\u00f3n<br \/>\n2. Otolog\u00eda<br \/>\n3. Etolog\u00eda<br \/>\nUNIDAD DID\u00c1CTICA 14. TRAUMATOLOG\u00cdA Y ORTOPEDIA<br \/>\n1. Principios generales<br \/>\n2. Las fracturas<br \/>\n3. Fundamentos articulares. Las pr\u00f3tesis<br \/>\nUNIDAD DID\u00c1CTICA 15. CUIDADO DE ANIMALES EX\u00d3TICOS<br \/>\n1. Conejos<br \/>\n2. Hurones<br \/>\n3. Roedores<br \/>\n4. Aves<br \/>\n5. Reptiles y anfibios<br \/>\n6. Erizos<br \/>\nUNIDAD DID\u00c1CTICA 16. LA EUTANASIA<br \/>\n1. \u00bfQu\u00e9 es la eutanasia?<br \/>\n2. Comunicar malas noticias<br \/>\n3. Pena y necesidades de los propietarios<br \/>\n4. Consentimiento informado<br \/>\n5. C\u00f3mo debe actuar el auxiliar frente a situaciones delicadas<br \/>\n6. M\u00e9todos aceptables de eutanasia<br \/>\n7. Clientes que se niegan a la eutanasia<br \/>\nUNIDAD DID\u00c1CTICA 17. ELABORACI\u00d3N DE DIAGN\u00d3STICOS<br \/>\n1. Elaboraci\u00f3n general de diagn\u00f3sticos<br \/>\n2. Elaboraci\u00f3n de diagn\u00f3sticos espec\u00edficos<br \/>\n3. Elaboraci\u00f3n de diagn\u00f3sticos por imagen<br \/>\nUNIDAD DID\u00c1CTICA 18. T\u00c9CNICAS DE EXPLORACI\u00d3N CL\u00cdNICA<br \/>\n1. Exploraci\u00f3n cl\u00ednica<br \/>\n2. T\u00e9cnicas de exploraci\u00f3n<br \/>\nUNIDAD DID\u00c1CTICA 19. MANEJO E INMOVILIZACI\u00d3N DE ANIMALES<br \/>\n1. Inmovilizaci\u00f3n y manejo del perro<br \/>\n2. Manejo e inmovilizaci\u00f3n de gatos<br \/>\n3. Inmovilizaci\u00f3n del caballo<br \/>\n4. Manejo e inmovilizaci\u00f3n de ovejas<br \/>\n5. Inmovilizaci\u00f3n de las cabras<br \/>\n6. Inmovilizaci\u00f3n y manejo de los cerdos<br \/>\nUNIDAD DID\u00c1CTICA 20. T\u00c9CNICAS DE LABORATORIO<br \/>\n1. Normas b\u00e1sicas de seguridad<br \/>\n2. Recogida de muestras<br \/>\n3. Equipo de laboratorio<br \/>\n4. Tipos de an\u00e1lisis<br \/>\nUNIDAD DID\u00c1CTICA 21. ATENCI\u00d3N A PACIENTES DE URGENCIAS<br \/>\n1. Triage telef\u00f3nico<br \/>\n2. El personal de urgencias<br \/>\n3. Estudio del paciente<br \/>\nUNIDAD DID\u00c1CTICA 22. INSTRUMENTAL Y PREPARACI\u00d3N QUIR\u00daRGICA<br \/>\n1. Material quir\u00fargico<br \/>\n2. Material de sutura<br \/>\n3. Mantenimiento<br \/>\n4. Preparaci\u00f3n del campo quir\u00fargico<br \/>\n5. Principios del tratamiento de heridas<br \/>\nUNIDAD DID\u00c1CTICA 23. LA HOSPITALIZACI\u00d3N<br \/>\n1. Cuidados del paciente<br \/>\n2. Fluidoterapia<br \/>\n3. Transfusiones<br \/>\n4. Oxigenoterapia<br \/>\n5. M\u00e9todos de medici\u00f3n de la presi\u00f3n arterial<br \/>\n6. M\u00e9todos de medici\u00f3n de gases en sangre<br \/>\n7. Manejo de grandes heridas<\/p>\n","protected":false},"excerpt":{"rendered":"<p>&nbsp;<\/p>\n<p>Esta especialidad est\u00e1 cada vez m\u00e1s demandan en el mercado laboral, ya que nuestra sociedad en \u00e1mbitos dom\u00e9sticos es muy habitual tener animales de compa\u00f1\u00eda y tambi\u00e9n a niveles productivos Espa\u00f1a tiene un sector ganadero de las m\u00e1s importantes de Europa. En ambos casos la figura del veterinario es imprescindible tanto para la salud de nuestras mascotas como para los animales destinados al consumo humano, por ello que el Auxiliar Veterinario, es indispensable en las consultas veterinarias para acompa\u00f1ar y realizar determinadas tareas para las que est\u00e1 cualificado.<\/p>\n<p>Si lo que quieres es potenciar tus habilidades no dudes en contactarnos y seguir con el proceso acad\u00e9mico, estamos disponibles para darte la informaci\u00f3n que necesitas y despejar las dudas que tengas, \u00a1No lo pienses m\u00e1s!<\/p>\n","protected":false},"featured_media":1056,"comment_status":"closed","ping_status":"closed","template":"","meta":[],"product_brand":[],"product_cat":[2051,34],"product_tag":[1422,1419,1426,1424,1417,1420,1418,1425,1423,1421],"class_list":{"0":"post-1055","1":"product","2":"type-product","3":"status-publish","4":"has-post-thumbnail","6":"product_cat-cursos-online-veterinaria","7":"product_cat-tecnicos","8":"product_tag-anatomia-y-fisiologia-animal","9":"product_tag-certificacion-en-asistencia-veterinaria","10":"product_tag-comunicacion-con-duenos-de-mascotas","11":"product_tag-cuidados-de-animales-domesticos","12":"product_tag-curso-de-auxiliar-de-veterinaria","13":"product_tag-curso-online-de-auxiliar-de-veterinaria","14":"product_tag-formacion-en-cuidados-animales","15":"product_tag-gestion-de-clinicas-veterinarias","16":"product_tag-intervencion-en-clinica-veterinaria","17":"product_tag-tecnicas-de-atencion-y-manejo-de-mascotas","19":"first","20":"instock","21":"sale","22":"shipping-taxable","23":"purchasable","24":"product-type-simple"},"yoast_head":"<!-- This site is optimized with the Yoast SEO plugin v27.4 - https:\/\/yoast.com\/product\/yoast-seo-wordpress\/ -->\n<title>Auxiliar de veterinaria<\/title>\n<meta name=\"description\" content=\"El curso de Auxiliar de Veterinaria es un curso en l\u00ednea que te brinda los conocimientos y habilidades necesarias para trabajar en una cl\u00ednica veterinaria.\" \/>\n<meta name=\"robots\" content=\"index, follow, max-snippet:-1, max-image-preview:large, max-video-preview:-1\" \/>\n<link rel=\"canonical\" href=\"https:\/\/centro-cee.com\/web\/producto\/auxiliar-de-veterinaria\/\" \/>\n<meta property=\"og:locale\" content=\"es_ES\" \/>\n<meta property=\"og:type\" content=\"article\" \/>\n<meta property=\"og:title\" content=\"Auxiliar de veterinaria\" \/>\n<meta property=\"og:description\" content=\"El curso de Auxiliar de Veterinaria es un curso en l\u00ednea que te brinda los conocimientos y habilidades necesarias para trabajar en una cl\u00ednica veterinaria.\" \/>\n<meta property=\"og:url\" content=\"https:\/\/centro-cee.com\/web\/producto\/auxiliar-de-veterinaria\/\" \/>\n<meta property=\"og:site_name\" content=\"CEE Centro Europeo E-learning - Cursos online\" \/>\n<meta property=\"article:modified_time\" content=\"2026-03-13T16:39:56+00:00\" \/>\n<meta property=\"og:image\" content=\"https:\/\/centro-cee.com\/web\/wp-content\/uploads\/2023\/02\/imagen_2023-02-07_115739297.png\" \/>\n\t<meta property=\"og:image:width\" content=\"600\" \/>\n\t<meta property=\"og:image:height\" content=\"400\" \/>\n\t<meta property=\"og:image:type\" content=\"image\/png\" \/>\n<meta name=\"twitter:card\" content=\"summary_large_image\" \/>\n<meta name=\"twitter:label1\" content=\"Tiempo de lectura\" \/>\n\t<meta name=\"twitter:data1\" content=\"4 minutos\" \/>\n<script type=\"application\/ld+json\" class=\"yoast-schema-graph\">{\"@context\":\"https:\\\/\\\/schema.org\",\"@graph\":[{\"@type\":\"WebPage\",\"@id\":\"https:\\\/\\\/centro-cee.com\\\/web\\\/producto\\\/auxiliar-de-veterinaria\\\/\",\"url\":\"https:\\\/\\\/centro-cee.com\\\/web\\\/producto\\\/auxiliar-de-veterinaria\\\/\",\"name\":\"Auxiliar de veterinaria\",\"isPartOf\":{\"@id\":\"https:\\\/\\\/centro-cee.com\\\/web\\\/#website\"},\"primaryImageOfPage\":{\"@id\":\"https:\\\/\\\/centro-cee.com\\\/web\\\/producto\\\/auxiliar-de-veterinaria\\\/#primaryimage\"},\"image\":{\"@id\":\"https:\\\/\\\/centro-cee.com\\\/web\\\/producto\\\/auxiliar-de-veterinaria\\\/#primaryimage\"},\"thumbnailUrl\":\"https:\\\/\\\/centro-cee.com\\\/web\\\/wp-content\\\/uploads\\\/2023\\\/02\\\/imagen_2023-02-07_115739297.png\",\"datePublished\":\"2023-02-07T10:58:01+00:00\",\"dateModified\":\"2026-03-13T16:39:56+00:00\",\"description\":\"El curso de Auxiliar de Veterinaria es un curso en l\u00ednea que te brinda los conocimientos y habilidades necesarias para trabajar en una cl\u00ednica veterinaria.\",\"breadcrumb\":{\"@id\":\"https:\\\/\\\/centro-cee.com\\\/web\\\/producto\\\/auxiliar-de-veterinaria\\\/#breadcrumb\"},\"inLanguage\":\"es\",\"potentialAction\":[{\"@type\":\"ReadAction\",\"target\":[\"https:\\\/\\\/centro-cee.com\\\/web\\\/producto\\\/auxiliar-de-veterinaria\\\/\"]}]},{\"@type\":\"ImageObject\",\"inLanguage\":\"es\",\"@id\":\"https:\\\/\\\/centro-cee.com\\\/web\\\/producto\\\/auxiliar-de-veterinaria\\\/#primaryimage\",\"url\":\"https:\\\/\\\/centro-cee.com\\\/web\\\/wp-content\\\/uploads\\\/2023\\\/02\\\/imagen_2023-02-07_115739297.png\",\"contentUrl\":\"https:\\\/\\\/centro-cee.com\\\/web\\\/wp-content\\\/uploads\\\/2023\\\/02\\\/imagen_2023-02-07_115739297.png\",\"width\":600,\"height\":400,\"caption\":\"Auxiliar de veterinaria\"},{\"@type\":\"BreadcrumbList\",\"@id\":\"https:\\\/\\\/centro-cee.com\\\/web\\\/producto\\\/auxiliar-de-veterinaria\\\/#breadcrumb\",\"itemListElement\":[{\"@type\":\"ListItem\",\"position\":1,\"name\":\"Portada\",\"item\":\"https:\\\/\\\/centro-cee.com\\\/web\\\/\"},{\"@type\":\"ListItem\",\"position\":2,\"name\":\"Auxiliar de veterinaria\"}]},{\"@type\":\"WebSite\",\"@id\":\"https:\\\/\\\/centro-cee.com\\\/web\\\/#website\",\"url\":\"https:\\\/\\\/centro-cee.com\\\/web\\\/\",\"name\":\"Centro Europeo E-learning\",\"description\":\"CEE Formaci\u00f3n Online\",\"publisher\":{\"@id\":\"https:\\\/\\\/centro-cee.com\\\/web\\\/#organization\"},\"alternateName\":\"Centro Online de Formaci\u00f3n\",\"potentialAction\":[{\"@type\":\"SearchAction\",\"target\":{\"@type\":\"EntryPoint\",\"urlTemplate\":\"https:\\\/\\\/centro-cee.com\\\/web\\\/?s={search_term_string}\"},\"query-input\":{\"@type\":\"PropertyValueSpecification\",\"valueRequired\":true,\"valueName\":\"search_term_string\"}}],\"inLanguage\":\"es\"},{\"@type\":\"Organization\",\"@id\":\"https:\\\/\\\/centro-cee.com\\\/web\\\/#organization\",\"name\":\"Centro Europeo E-learning CEE\",\"url\":\"https:\\\/\\\/centro-cee.com\\\/web\\\/\",\"logo\":{\"@type\":\"ImageObject\",\"inLanguage\":\"es\",\"@id\":\"https:\\\/\\\/centro-cee.com\\\/web\\\/#\\\/schema\\\/logo\\\/image\\\/\",\"url\":\"https:\\\/\\\/centro-cee.com\\\/web\\\/wp-content\\\/uploads\\\/2022\\\/12\\\/cropped-logo_educa.png\",\"contentUrl\":\"https:\\\/\\\/centro-cee.com\\\/web\\\/wp-content\\\/uploads\\\/2022\\\/12\\\/cropped-logo_educa.png\",\"width\":157,\"height\":63,\"caption\":\"Centro Europeo E-learning CEE\"},\"image\":{\"@id\":\"https:\\\/\\\/centro-cee.com\\\/web\\\/#\\\/schema\\\/logo\\\/image\\\/\"},\"sameAs\":[\"https:\\\/\\\/www.instagram.com\\\/centroeuropeo_cee\"]}]}<\/script>\n<!-- \/ Yoast SEO plugin. -->","yoast_head_json":{"title":"Auxiliar de veterinaria","description":"El curso de Auxiliar de Veterinaria es un curso en l\u00ednea que te brinda los conocimientos y habilidades necesarias para trabajar en una cl\u00ednica veterinaria.","robots":{"index":"index","follow":"follow","max-snippet":"max-snippet:-1","max-image-preview":"max-image-preview:large","max-video-preview":"max-video-preview:-1"},"canonical":"https:\/\/centro-cee.com\/web\/producto\/auxiliar-de-veterinaria\/","og_locale":"es_ES","og_type":"article","og_title":"Auxiliar de veterinaria","og_description":"El curso de Auxiliar de Veterinaria es un curso en l\u00ednea que te brinda los conocimientos y habilidades necesarias para trabajar en una cl\u00ednica veterinaria.","og_url":"https:\/\/centro-cee.com\/web\/producto\/auxiliar-de-veterinaria\/","og_site_name":"CEE Centro Europeo E-learning - Cursos online","article_modified_time":"2026-03-13T16:39:56+00:00","og_image":[{"width":600,"height":400,"url":"https:\/\/centro-cee.com\/web\/wp-content\/uploads\/2023\/02\/imagen_2023-02-07_115739297.png","type":"image\/png"}],"twitter_card":"summary_large_image","twitter_misc":{"Tiempo de lectura":"4 minutos"},"schema":{"@context":"https:\/\/schema.org","@graph":[{"@type":"WebPage","@id":"https:\/\/centro-cee.com\/web\/producto\/auxiliar-de-veterinaria\/","url":"https:\/\/centro-cee.com\/web\/producto\/auxiliar-de-veterinaria\/","name":"Auxiliar de veterinaria","isPartOf":{"@id":"https:\/\/centro-cee.com\/web\/#website"},"primaryImageOfPage":{"@id":"https:\/\/centro-cee.com\/web\/producto\/auxiliar-de-veterinaria\/#primaryimage"},"image":{"@id":"https:\/\/centro-cee.com\/web\/producto\/auxiliar-de-veterinaria\/#primaryimage"},"thumbnailUrl":"https:\/\/centro-cee.com\/web\/wp-content\/uploads\/2023\/02\/imagen_2023-02-07_115739297.png","datePublished":"2023-02-07T10:58:01+00:00","dateModified":"2026-03-13T16:39:56+00:00","description":"El curso de Auxiliar de Veterinaria es un curso en l\u00ednea que te brinda los conocimientos y habilidades necesarias para trabajar en una cl\u00ednica veterinaria.","breadcrumb":{"@id":"https:\/\/centro-cee.com\/web\/producto\/auxiliar-de-veterinaria\/#breadcrumb"},"inLanguage":"es","potentialAction":[{"@type":"ReadAction","target":["https:\/\/centro-cee.com\/web\/producto\/auxiliar-de-veterinaria\/"]}]},{"@type":"ImageObject","inLanguage":"es","@id":"https:\/\/centro-cee.com\/web\/producto\/auxiliar-de-veterinaria\/#primaryimage","url":"https:\/\/centro-cee.com\/web\/wp-content\/uploads\/2023\/02\/imagen_2023-02-07_115739297.png","contentUrl":"https:\/\/centro-cee.com\/web\/wp-content\/uploads\/2023\/02\/imagen_2023-02-07_115739297.png","width":600,"height":400,"caption":"Auxiliar de veterinaria"},{"@type":"BreadcrumbList","@id":"https:\/\/centro-cee.com\/web\/producto\/auxiliar-de-veterinaria\/#breadcrumb","itemListElement":[{"@type":"ListItem","position":1,"name":"Portada","item":"https:\/\/centro-cee.com\/web\/"},{"@type":"ListItem","position":2,"name":"Auxiliar de veterinaria"}]},{"@type":"WebSite","@id":"https:\/\/centro-cee.com\/web\/#website","url":"https:\/\/centro-cee.com\/web\/","name":"Centro Europeo E-learning","description":"CEE Formaci\u00f3n Online","publisher":{"@id":"https:\/\/centro-cee.com\/web\/#organization"},"alternateName":"Centro Online de Formaci\u00f3n","potentialAction":[{"@type":"SearchAction","target":{"@type":"EntryPoint","urlTemplate":"https:\/\/centro-cee.com\/web\/?s={search_term_string}"},"query-input":{"@type":"PropertyValueSpecification","valueRequired":true,"valueName":"search_term_string"}}],"inLanguage":"es"},{"@type":"Organization","@id":"https:\/\/centro-cee.com\/web\/#organization","name":"Centro Europeo E-learning CEE","url":"https:\/\/centro-cee.com\/web\/","logo":{"@type":"ImageObject","inLanguage":"es","@id":"https:\/\/centro-cee.com\/web\/#\/schema\/logo\/image\/","url":"https:\/\/centro-cee.com\/web\/wp-content\/uploads\/2022\/12\/cropped-logo_educa.png","contentUrl":"https:\/\/centro-cee.com\/web\/wp-content\/uploads\/2022\/12\/cropped-logo_educa.png","width":157,"height":63,"caption":"Centro Europeo E-learning CEE"},"image":{"@id":"https:\/\/centro-cee.com\/web\/#\/schema\/logo\/image\/"},"sameAs":["https:\/\/www.instagram.com\/centroeuropeo_cee"]}]}},"_links":{"self":[{"href":"https:\/\/centro-cee.com\/web\/wp-json\/wp\/v2\/product\/1055","targetHints":{"allow":["GET"]}}],"collection":[{"href":"https:\/\/centro-cee.com\/web\/wp-json\/wp\/v2\/product"}],"about":[{"href":"https:\/\/centro-cee.com\/web\/wp-json\/wp\/v2\/types\/product"}],"replies":[{"embeddable":true,"href":"https:\/\/centro-cee.com\/web\/wp-json\/wp\/v2\/comments?post=1055"}],"wp:featuredmedia":[{"embeddable":true,"href":"https:\/\/centro-cee.com\/web\/wp-json\/wp\/v2\/media\/1056"}],"wp:attachment":[{"href":"https:\/\/centro-cee.com\/web\/wp-json\/wp\/v2\/media?parent=1055"}],"wp:term":[{"taxonomy":"product_brand","embeddable":true,"href":"https:\/\/centro-cee.com\/web\/wp-json\/wp\/v2\/product_brand?post=1055"},{"taxonomy":"product_cat","embeddable":true,"href":"https:\/\/centro-cee.com\/web\/wp-json\/wp\/v2\/product_cat?post=1055"},{"taxonomy":"product_tag","embeddable":true,"href":"https:\/\/centro-cee.com\/web\/wp-json\/wp\/v2\/product_tag?post=1055"}],"curies":[{"name":"wp","href":"https:\/\/api.w.org\/{rel}","templated":true}]}}