{"id":1053,"date":"2023-02-07T10:01:54","date_gmt":"2023-02-07T10:01:54","guid":{"rendered":"https:\/\/centro-cee.com\/web\/?post_type=product&#038;p=1053"},"modified":"2026-03-13T12:27:26","modified_gmt":"2026-03-13T12:27:26","slug":"master-en-tratamientos-faciales-y-corporales-primeros-auxilios","status":"publish","type":"product","link":"https:\/\/centro-cee.com\/web\/producto\/master-en-tratamientos-faciales-y-corporales-primeros-auxilios\/","title":{"rendered":"M\u00e1ster en tratamientos faciales y corporales + Primeros auxilios"},"content":{"rendered":"<p><a href=\"https:\/\/centro-cee.com\/web\/formaciones\/\">Atr\u00e1s<\/a><\/p>\n<p><em><strong>M\u00e1ster en tratamientos faciales y corporales + Primeros auxilios<\/strong><\/em><\/p>\n<p>Toda esta informaci\u00f3n se realiza 100% online en nuestro campus online de formaci\u00f3n.<\/p>\n<p>Las tutorias se realizan directamente desde el campus de estudio con la opci\u00f3n de mensajer\u00eda a profesores. Las tutorias son \u201ca demanda\u201d, cuando necesites soporte nos lo pides.<\/p>\n<p>Los t\u00edtulos de Centro CEE est\u00e1n autenticados por la firma de notario que valida contenidos y autenticidad a nivel internacional. Nuestra organizaci\u00f3n pertenece a la Asociaci\u00f3n Espa\u00f1ola de Calidad, organizaci\u00f3n Espa\u00f1ola de referencia para la calidad\u00a0en la formaci\u00f3n de auxiliar de enfermer\u00eda. La certificaci\u00f3n se puede apostillar por la Haya para cualquier pa\u00eds firmante del convenio de la Haya.<\/p>\n<p>Se puede pagar a plazos.<\/p>\n<p>Carga horaria de la formaci\u00f3n: 600h<\/p>\n<h2>Temario<\/h2>\n<hr \/>\n<p>TEMA 1: M\u00c1STER EN TRATAMIENTOS CORPORALES<br \/>\nUNIDAD DID\u00c1CTICA 1. DEPILACI\u00d3N PERMANENTE<br \/>\n1. Conceptos b\u00e1sicos de la depilaci\u00f3n permanente<br \/>\n2. Clasificaci\u00f3n del l\u00e1ser en funci\u00f3n de la potencia<br \/>\n3. Fundamentos de la depilaci\u00f3n l\u00e1ser<br \/>\n4. \u2026.<br \/>\nUNIDAD DID\u00c1CTICA 2. APLICACI\u00d3N DE LA T\u00c9CNICA DE DEPILACI\u00d3N L\u00c1SER Y FOTODEPILACI\u00d3N<br \/>\n1. Objetivos de la depilaci\u00f3n l\u00e1ser<br \/>\n2. Procedimiento de realizaci\u00f3n de la depilaci\u00f3n l\u00e1ser<br \/>\n3. Primera visita<br \/>\n4. &#8211; Informaci\u00f3n del cliente<br \/>\n5. &#8211; Datos de la ficha t\u00e9cnica y de seguimiento<br \/>\n6. &#8211; Consentimiento informado<br \/>\n7. Programaci\u00f3n de equipos<br \/>\n8. Procedimiento de la t\u00e9cnica<br \/>\n9. &#8211; Limpieza, rasurado y desinfecci\u00f3n<br \/>\n10. &#8211; \u2026<br \/>\nUNIDAD DID\u00c1CTICA 3. APARATOLOG\u00cdA EMPLEADA EN EL DIAGN\u00d3STICO EST\u00c9TICO<br \/>\n1. Clasificaci\u00f3n, descripci\u00f3n y caracter\u00edsticas de los equipos empleados en diagn\u00f3stico est\u00e9tico<br \/>\n2. &#8211; Lupas<br \/>\n3. &#8211; Micro-c\u00e1maras<br \/>\n4. &#8211; Seb\u00f3metro<br \/>\n5. \u2026<br \/>\nUNIDAD DID\u00c1CTICA 4.LA CELULITIS<br \/>\n1. Concepto de celulitis<br \/>\n2. Factores desencadenantes de la celulitis<br \/>\n3. \u2026<br \/>\nUNIDAD DID\u00c1CTICA 5. ESTR\u00cdAS Y CICATRICES<br \/>\n1. Concepto, etapas y tipos de estr\u00edas<br \/>\n2. Tratamiento de las estr\u00edas<br \/>\n3. Las cicatrices<br \/>\n4. \u2026<br \/>\nUNIDAD DID\u00c1CTICA 6. ADIPOSIDAD LOCALIZADA Y FLACIDEZ<br \/>\n1. Adiposidad localizada: concepto y tipos<br \/>\n2. Lip\u00f3lisis y lipog\u00e9nesis<br \/>\n3. Tratamiento de la adiposidad localizada<br \/>\n4. La flacidez<br \/>\nUNIDAD DID\u00c1CTICA 7. FLEBOLINFOLOG\u00cdA EN MEDICINA EST\u00c9TICA<br \/>\n1. Patolog\u00eda venosa superficial<br \/>\n2. &#8211; Cuadro cl\u00ednico<br \/>\n3. &#8211; Diagn\u00f3stico<br \/>\n4. \u2026<br \/>\nUNIDAD DID\u00c1CTICA 8. PRINCIPIOS Y FUNDAMENTOS DEL MASAJE EST\u00c9TICO<br \/>\n1. Generalidades del masaje est\u00e9tico y terap\u00e9utico<br \/>\n2. &#8211; El masaje est\u00e9tico<br \/>\n3. La piel: estructura y funciones. Aspectos relacionados con la aplicaci\u00f3n de masajes est\u00e9ticos<br \/>\n4. \u2026<br \/>\nUNIDAD DID\u00c1CTICA 9. MANIOBRAS DE REALIZACI\u00d3N DEL MASAJE EST\u00c9TICO<br \/>\n1. Clasificaci\u00f3n y caracter\u00edsticas de los diferentes tipos de masaje est\u00e9tico<br \/>\n2. Efectos, indicaciones, precauciones y contraindicaciones de las maniobras de masaje est\u00e9tico<br \/>\n3. Par\u00e1metros de aplicaci\u00f3n de las maniobras de masaje<br \/>\n4. \u2026<br \/>\nUNIDAD DID\u00c1CTICA 10. T\u00c9CNICAS Y EQUIPOS DE APLICACI\u00d3N DE MASAJES EST\u00c9TICOS<br \/>\n1. Caracter\u00edsticas, maniobras y par\u00e1metros de aplicaci\u00f3n del masaje corporal: maniobras, par\u00e1metros de aplicaci\u00f3n<br \/>\n2. T\u00e9cnicas de masaje corporal<br \/>\n3. El masaje est\u00e9tico con equipos de efecto mec\u00e1nico<br \/>\n4. \u2026<\/p>\n<p>TEMA 2: MEDICINA EST\u00c9TICA: TRATAMIENTOS FACIALES<\/p>\n<p>UNIDAD DID\u00c1CTICA 1. GENERALIDADES DE LA COSM\u00c9TICA FACIAL<br \/>\n1. Cosm\u00e9ticos faciales<br \/>\n2. Tratamientos faciales<br \/>\nUNIDAD DID\u00c1CTICA 2. COSM\u00c9TICOS EMPLEADOS EN LAS T\u00c9CNICAS DE HIGIENE, HIDRATACI\u00d3N Y DEPILACI\u00d3N<br \/>\n1. Cosm\u00e9ticos de higiene e hidrataci\u00f3n facial y corporal<br \/>\n2. Cosm\u00e9ticos exfoliantes<br \/>\n3. Cosm\u00e9ticos hidratantes y tonificantes<br \/>\n4. \u2026<br \/>\nUNIDAD DID\u00c1CTICA 3. RELLENOS O FILLLERS FACIALES<br \/>\n1. Introducci\u00f3n a los rellenos faciales<br \/>\n2. Sustancias empleadas en los rellenos faciales<br \/>\n3. T\u00e9cnicas de aplicaci\u00f3n de rellenos<br \/>\nUNIDAD DID\u00c1CTICA 4. TOXINA BOTUL\u00cdNICA<br \/>\n1. Concepto de botox o toxina botul\u00ednica<br \/>\n2. Anatom\u00eda de la musculatura facial<br \/>\n3. Qu\u00edmica, preparaci\u00f3n, aplicaciones y tratamiento de la toxina botul\u00ednica<br \/>\nUNIDAD DID\u00c1CTICA 5. BIOPLASTIA<br \/>\n1. Introducci\u00f3n a la bioplastia<br \/>\n2. Procedimiento de la bioplastia<br \/>\n3. Zonas de aplicaci\u00f3n de la bioplastia<br \/>\n4. Elementos y materiales espec\u00edficos. Modelaci\u00f3n del rostro con bioplastia<br \/>\nUNIDAD DID\u00c1CTICA 6.HILOS DE SUSTENTACI\u00d3N<br \/>\n1. Introducci\u00f3n a los hilos tensores<br \/>\n2. Hilos Tensores No Reabsorbibles<br \/>\n3. Hilos Tensores Mixtos<br \/>\n4. \u2026<br \/>\nUNIDAD DID\u00c1CTICA 7. PEELINGS QU\u00cdMICOS<br \/>\n1. Conceptos b\u00e1sicos de los peelings qu\u00edmicos<br \/>\n2. Tipos de peelings qu\u00edmicos<br \/>\n3. Compuestos empleados en la realizaci\u00f3n de los peelings o exfoliaciones qu\u00edmicas<br \/>\n4. \u2026<br \/>\nUNIDAD DID\u00c1CTICA 8. MESOTERAPIA Y ELECTROPORACI\u00d3N<br \/>\n1. Mesoterapia facial<br \/>\n2. Mesoterapia en el envejecimiento cut\u00e1neo<br \/>\n3. Tipos de mesoterapia cut\u00e1nea<br \/>\n4. \u2026<br \/>\nUNIDAD DID\u00c1CTICA 9. REJUVENECIMIENTO FACIAL<br \/>\n1. Conceptos clave del envejecimiento de la piel<br \/>\n2. Causas internas y externas del envejecimiento<br \/>\n3. Fotoenvejecimiento y envejecimiento cut\u00e1neo<br \/>\n4. \u2026<br \/>\nUNIDAD DID\u00c1CTICA 10. OTROS TRATAMIENTOS DE MEDICINA EST\u00c9TICA FACIAL<br \/>\n1. Rinomodelaci\u00f3n y Mentoplastia<br \/>\n2. Carboxiterapia facial<br \/>\n3. Plasma rico en plaquetas (PRP)<br \/>\n4. \u2026<\/p>\n<p>PRIMEROS AUXILIOS<\/p>\n<p>1. LOS PRIMEROS AUXILIOS. EL BOTIQU\u00cdN<br \/>\n1.1. Deber de atender<br \/>\n1.2. PAS<br \/>\n1.3. \u2026<\/p>\n<p>2. RCP B\u00c1SICA Y MANIOBRA DE HEIMLICH<br \/>\n2.1. La parada cardio-respiratoria<br \/>\n2.2. RCP en ni\u00f1os<br \/>\n2\u2026.<\/p>\n<p>3. PRIMEROS AUXILIOS EN DIFERENTES SITUACIONES<br \/>\n3.1. Ahogamiento<br \/>\n3.2. Heridas y hemorragias<br \/>\n3.3. \u2026<\/p>\n<p>4. SIGNOS DE ALARMA<br \/>\n4.1. Las reacciones al\u00e9rgicas<br \/>\n4.2. Golpe de calor<br \/>\n4.3. S\u00edncope<br \/>\n4.4. \u2026<\/p>\n<p><em><strong>M\u00e1ster en tratamientos faciales y corporales + Primeros auxilios<\/strong><\/em><\/p>\n<p><a href=\"https:\/\/centro-cee.com\/web\/formaciones\/\">Atr\u00e1s<\/a><\/p>\n","protected":false},"excerpt":{"rendered":"<p><a href=\"https:\/\/centro-cee.com\/web\/formaciones\/\">Atr\u00e1s<\/a><\/p>\n<p>En la actualidad este tipo de medicina est\u00e9tica est\u00e1 al alza en nuestra sociedad, ya que las personas quieren estar mejor\u00a0 y no se duda en acudir a profesionales para mejorar su aspecto f\u00edsico, es por ello que el mercado demanda profesionales del sector para cubrir puestos de trabajo que cada d\u00eda oferta el sector.<\/p>\n<p>El sector de la medicina en todas sus especialidades son profesiones de futuro ya que siempre van a ser demandadas por nuevos clientes, y el avance en este tipo de especialidad hace que sea m\u00e1s f\u00e1cil y asequible acceder a estos tratamientos.<\/p>\n<p>En resumen, la formaci\u00f3n obtenida es de alto nivel y con gran cantidad de contenidos que dotaran a las\/los alumnas\/os de unos conocimientos excelentes.<\/p>\n","protected":false},"featured_media":1054,"comment_status":"closed","ping_status":"closed","template":"","meta":[],"product_brand":[],"product_cat":[2046,17],"product_tag":[1430,1428,1431,1433,1429,1435,1434,1427,1432,1436],"class_list":{"0":"post-1053","1":"product","2":"type-product","3":"status-publish","4":"has-post-thumbnail","6":"product_cat-cursos-salud","7":"product_cat-master","8":"product_tag-certificacion-en-tecnicas-esteticas","9":"product_tag-curso-de-tratamientos-corporales","10":"product_tag-curso-online-de-tratamientos-de-belleza","11":"product_tag-estetica-facial-y-corporal","12":"product_tag-formacion-en-estetica-y-belleza","13":"product_tag-gestion-de-centros-de-estetica","14":"product_tag-intervencion-en-tratamientos-de-bienestar","15":"product_tag-master-en-tratamientos-faciales","16":"product_tag-tecnicas-de-masaje-y-cuidado-de-la-piel","17":"product_tag-tendencias-en-tratamientos-de-belleza","19":"first","20":"instock","21":"sale","22":"shipping-taxable","23":"purchasable","24":"product-type-simple"},"yoast_head":"<!-- This site is optimized with the Yoast SEO plugin v27.4 - https:\/\/yoast.com\/product\/yoast-seo-wordpress\/ -->\n<title>M\u00e1ster en tratamientos faciales y corporales + Primeros auxilios<\/title>\n<meta name=\"description\" content=\"El M\u00e1ster en tratamientos faciales y corporales + Primeros auxilios es un m\u00e1ster en l\u00ednea completo que te ense\u00f1a t\u00e9cnicas avanzadas de belleza.\" \/>\n<meta name=\"robots\" content=\"index, follow, max-snippet:-1, max-image-preview:large, max-video-preview:-1\" \/>\n<link rel=\"canonical\" href=\"https:\/\/centro-cee.com\/web\/producto\/master-en-tratamientos-faciales-y-corporales-primeros-auxilios\/\" \/>\n<meta property=\"og:locale\" content=\"es_ES\" \/>\n<meta property=\"og:type\" content=\"article\" \/>\n<meta property=\"og:title\" content=\"M\u00e1ster en tratamientos faciales y corporales + Primeros auxilios\" \/>\n<meta property=\"og:description\" content=\"El M\u00e1ster en tratamientos faciales y corporales + Primeros auxilios es un m\u00e1ster en l\u00ednea completo que te ense\u00f1a t\u00e9cnicas avanzadas de belleza.\" \/>\n<meta property=\"og:url\" content=\"https:\/\/centro-cee.com\/web\/producto\/master-en-tratamientos-faciales-y-corporales-primeros-auxilios\/\" \/>\n<meta property=\"og:site_name\" content=\"CEE Centro Europeo E-learning - Cursos online\" \/>\n<meta property=\"article:modified_time\" content=\"2026-03-13T12:27:26+00:00\" \/>\n<meta property=\"og:image\" content=\"https:\/\/centro-cee.com\/web\/wp-content\/uploads\/2023\/02\/imagen_2023-02-07_110137191.png\" \/>\n\t<meta property=\"og:image:width\" content=\"800\" \/>\n\t<meta property=\"og:image:height\" content=\"800\" \/>\n\t<meta property=\"og:image:type\" content=\"image\/png\" \/>\n<meta name=\"twitter:card\" content=\"summary_large_image\" \/>\n<meta name=\"twitter:label1\" content=\"Tiempo de lectura\" \/>\n\t<meta name=\"twitter:data1\" content=\"4 minutos\" \/>\n<script type=\"application\/ld+json\" class=\"yoast-schema-graph\">{\"@context\":\"https:\\\/\\\/schema.org\",\"@graph\":[{\"@type\":\"WebPage\",\"@id\":\"https:\\\/\\\/centro-cee.com\\\/web\\\/producto\\\/master-en-tratamientos-faciales-y-corporales-primeros-auxilios\\\/\",\"url\":\"https:\\\/\\\/centro-cee.com\\\/web\\\/producto\\\/master-en-tratamientos-faciales-y-corporales-primeros-auxilios\\\/\",\"name\":\"M\u00e1ster en tratamientos faciales y corporales + Primeros auxilios\",\"isPartOf\":{\"@id\":\"https:\\\/\\\/centro-cee.com\\\/web\\\/#website\"},\"primaryImageOfPage\":{\"@id\":\"https:\\\/\\\/centro-cee.com\\\/web\\\/producto\\\/master-en-tratamientos-faciales-y-corporales-primeros-auxilios\\\/#primaryimage\"},\"image\":{\"@id\":\"https:\\\/\\\/centro-cee.com\\\/web\\\/producto\\\/master-en-tratamientos-faciales-y-corporales-primeros-auxilios\\\/#primaryimage\"},\"thumbnailUrl\":\"https:\\\/\\\/centro-cee.com\\\/web\\\/wp-content\\\/uploads\\\/2023\\\/02\\\/imagen_2023-02-07_110137191.png\",\"datePublished\":\"2023-02-07T10:01:54+00:00\",\"dateModified\":\"2026-03-13T12:27:26+00:00\",\"description\":\"El M\u00e1ster en tratamientos faciales y corporales + Primeros auxilios es un m\u00e1ster en l\u00ednea completo que te ense\u00f1a t\u00e9cnicas avanzadas de belleza.\",\"breadcrumb\":{\"@id\":\"https:\\\/\\\/centro-cee.com\\\/web\\\/producto\\\/master-en-tratamientos-faciales-y-corporales-primeros-auxilios\\\/#breadcrumb\"},\"inLanguage\":\"es\",\"potentialAction\":[{\"@type\":\"ReadAction\",\"target\":[\"https:\\\/\\\/centro-cee.com\\\/web\\\/producto\\\/master-en-tratamientos-faciales-y-corporales-primeros-auxilios\\\/\"]}]},{\"@type\":\"ImageObject\",\"inLanguage\":\"es\",\"@id\":\"https:\\\/\\\/centro-cee.com\\\/web\\\/producto\\\/master-en-tratamientos-faciales-y-corporales-primeros-auxilios\\\/#primaryimage\",\"url\":\"https:\\\/\\\/centro-cee.com\\\/web\\\/wp-content\\\/uploads\\\/2023\\\/02\\\/imagen_2023-02-07_110137191.png\",\"contentUrl\":\"https:\\\/\\\/centro-cee.com\\\/web\\\/wp-content\\\/uploads\\\/2023\\\/02\\\/imagen_2023-02-07_110137191.png\",\"width\":800,\"height\":800,\"caption\":\"M\u00c1STER EN TRATAMIENTOS FACIALES Y CORPORALES + PRIMEROS AUXILIOS\"},{\"@type\":\"BreadcrumbList\",\"@id\":\"https:\\\/\\\/centro-cee.com\\\/web\\\/producto\\\/master-en-tratamientos-faciales-y-corporales-primeros-auxilios\\\/#breadcrumb\",\"itemListElement\":[{\"@type\":\"ListItem\",\"position\":1,\"name\":\"Portada\",\"item\":\"https:\\\/\\\/centro-cee.com\\\/web\\\/\"},{\"@type\":\"ListItem\",\"position\":2,\"name\":\"M\u00e1ster en tratamientos faciales y corporales + Primeros auxilios\"}]},{\"@type\":\"WebSite\",\"@id\":\"https:\\\/\\\/centro-cee.com\\\/web\\\/#website\",\"url\":\"https:\\\/\\\/centro-cee.com\\\/web\\\/\",\"name\":\"Centro Europeo E-learning\",\"description\":\"CEE Formaci\u00f3n Online\",\"publisher\":{\"@id\":\"https:\\\/\\\/centro-cee.com\\\/web\\\/#organization\"},\"alternateName\":\"Centro Online de Formaci\u00f3n\",\"potentialAction\":[{\"@type\":\"SearchAction\",\"target\":{\"@type\":\"EntryPoint\",\"urlTemplate\":\"https:\\\/\\\/centro-cee.com\\\/web\\\/?s={search_term_string}\"},\"query-input\":{\"@type\":\"PropertyValueSpecification\",\"valueRequired\":true,\"valueName\":\"search_term_string\"}}],\"inLanguage\":\"es\"},{\"@type\":\"Organization\",\"@id\":\"https:\\\/\\\/centro-cee.com\\\/web\\\/#organization\",\"name\":\"Centro Europeo E-learning CEE\",\"url\":\"https:\\\/\\\/centro-cee.com\\\/web\\\/\",\"logo\":{\"@type\":\"ImageObject\",\"inLanguage\":\"es\",\"@id\":\"https:\\\/\\\/centro-cee.com\\\/web\\\/#\\\/schema\\\/logo\\\/image\\\/\",\"url\":\"https:\\\/\\\/centro-cee.com\\\/web\\\/wp-content\\\/uploads\\\/2022\\\/12\\\/cropped-logo_educa.png\",\"contentUrl\":\"https:\\\/\\\/centro-cee.com\\\/web\\\/wp-content\\\/uploads\\\/2022\\\/12\\\/cropped-logo_educa.png\",\"width\":157,\"height\":63,\"caption\":\"Centro Europeo E-learning CEE\"},\"image\":{\"@id\":\"https:\\\/\\\/centro-cee.com\\\/web\\\/#\\\/schema\\\/logo\\\/image\\\/\"},\"sameAs\":[\"https:\\\/\\\/www.instagram.com\\\/centroeuropeo_cee\"]}]}<\/script>\n<!-- \/ Yoast SEO plugin. -->","yoast_head_json":{"title":"M\u00e1ster en tratamientos faciales y corporales + Primeros auxilios","description":"El M\u00e1ster en tratamientos faciales y corporales + Primeros auxilios es un m\u00e1ster en l\u00ednea completo que te ense\u00f1a t\u00e9cnicas avanzadas de belleza.","robots":{"index":"index","follow":"follow","max-snippet":"max-snippet:-1","max-image-preview":"max-image-preview:large","max-video-preview":"max-video-preview:-1"},"canonical":"https:\/\/centro-cee.com\/web\/producto\/master-en-tratamientos-faciales-y-corporales-primeros-auxilios\/","og_locale":"es_ES","og_type":"article","og_title":"M\u00e1ster en tratamientos faciales y corporales + Primeros auxilios","og_description":"El M\u00e1ster en tratamientos faciales y corporales + Primeros auxilios es un m\u00e1ster en l\u00ednea completo que te ense\u00f1a t\u00e9cnicas avanzadas de belleza.","og_url":"https:\/\/centro-cee.com\/web\/producto\/master-en-tratamientos-faciales-y-corporales-primeros-auxilios\/","og_site_name":"CEE Centro Europeo E-learning - Cursos online","article_modified_time":"2026-03-13T12:27:26+00:00","og_image":[{"width":800,"height":800,"url":"https:\/\/centro-cee.com\/web\/wp-content\/uploads\/2023\/02\/imagen_2023-02-07_110137191.png","type":"image\/png"}],"twitter_card":"summary_large_image","twitter_misc":{"Tiempo de lectura":"4 minutos"},"schema":{"@context":"https:\/\/schema.org","@graph":[{"@type":"WebPage","@id":"https:\/\/centro-cee.com\/web\/producto\/master-en-tratamientos-faciales-y-corporales-primeros-auxilios\/","url":"https:\/\/centro-cee.com\/web\/producto\/master-en-tratamientos-faciales-y-corporales-primeros-auxilios\/","name":"M\u00e1ster en tratamientos faciales y corporales + Primeros auxilios","isPartOf":{"@id":"https:\/\/centro-cee.com\/web\/#website"},"primaryImageOfPage":{"@id":"https:\/\/centro-cee.com\/web\/producto\/master-en-tratamientos-faciales-y-corporales-primeros-auxilios\/#primaryimage"},"image":{"@id":"https:\/\/centro-cee.com\/web\/producto\/master-en-tratamientos-faciales-y-corporales-primeros-auxilios\/#primaryimage"},"thumbnailUrl":"https:\/\/centro-cee.com\/web\/wp-content\/uploads\/2023\/02\/imagen_2023-02-07_110137191.png","datePublished":"2023-02-07T10:01:54+00:00","dateModified":"2026-03-13T12:27:26+00:00","description":"El M\u00e1ster en tratamientos faciales y corporales + Primeros auxilios es un m\u00e1ster en l\u00ednea completo que te ense\u00f1a t\u00e9cnicas avanzadas de belleza.","breadcrumb":{"@id":"https:\/\/centro-cee.com\/web\/producto\/master-en-tratamientos-faciales-y-corporales-primeros-auxilios\/#breadcrumb"},"inLanguage":"es","potentialAction":[{"@type":"ReadAction","target":["https:\/\/centro-cee.com\/web\/producto\/master-en-tratamientos-faciales-y-corporales-primeros-auxilios\/"]}]},{"@type":"ImageObject","inLanguage":"es","@id":"https:\/\/centro-cee.com\/web\/producto\/master-en-tratamientos-faciales-y-corporales-primeros-auxilios\/#primaryimage","url":"https:\/\/centro-cee.com\/web\/wp-content\/uploads\/2023\/02\/imagen_2023-02-07_110137191.png","contentUrl":"https:\/\/centro-cee.com\/web\/wp-content\/uploads\/2023\/02\/imagen_2023-02-07_110137191.png","width":800,"height":800,"caption":"M\u00c1STER EN TRATAMIENTOS FACIALES Y CORPORALES + PRIMEROS AUXILIOS"},{"@type":"BreadcrumbList","@id":"https:\/\/centro-cee.com\/web\/producto\/master-en-tratamientos-faciales-y-corporales-primeros-auxilios\/#breadcrumb","itemListElement":[{"@type":"ListItem","position":1,"name":"Portada","item":"https:\/\/centro-cee.com\/web\/"},{"@type":"ListItem","position":2,"name":"M\u00e1ster en tratamientos faciales y corporales + Primeros auxilios"}]},{"@type":"WebSite","@id":"https:\/\/centro-cee.com\/web\/#website","url":"https:\/\/centro-cee.com\/web\/","name":"Centro Europeo E-learning","description":"CEE Formaci\u00f3n Online","publisher":{"@id":"https:\/\/centro-cee.com\/web\/#organization"},"alternateName":"Centro Online de Formaci\u00f3n","potentialAction":[{"@type":"SearchAction","target":{"@type":"EntryPoint","urlTemplate":"https:\/\/centro-cee.com\/web\/?s={search_term_string}"},"query-input":{"@type":"PropertyValueSpecification","valueRequired":true,"valueName":"search_term_string"}}],"inLanguage":"es"},{"@type":"Organization","@id":"https:\/\/centro-cee.com\/web\/#organization","name":"Centro Europeo E-learning CEE","url":"https:\/\/centro-cee.com\/web\/","logo":{"@type":"ImageObject","inLanguage":"es","@id":"https:\/\/centro-cee.com\/web\/#\/schema\/logo\/image\/","url":"https:\/\/centro-cee.com\/web\/wp-content\/uploads\/2022\/12\/cropped-logo_educa.png","contentUrl":"https:\/\/centro-cee.com\/web\/wp-content\/uploads\/2022\/12\/cropped-logo_educa.png","width":157,"height":63,"caption":"Centro Europeo E-learning CEE"},"image":{"@id":"https:\/\/centro-cee.com\/web\/#\/schema\/logo\/image\/"},"sameAs":["https:\/\/www.instagram.com\/centroeuropeo_cee"]}]}},"_links":{"self":[{"href":"https:\/\/centro-cee.com\/web\/wp-json\/wp\/v2\/product\/1053","targetHints":{"allow":["GET"]}}],"collection":[{"href":"https:\/\/centro-cee.com\/web\/wp-json\/wp\/v2\/product"}],"about":[{"href":"https:\/\/centro-cee.com\/web\/wp-json\/wp\/v2\/types\/product"}],"replies":[{"embeddable":true,"href":"https:\/\/centro-cee.com\/web\/wp-json\/wp\/v2\/comments?post=1053"}],"wp:featuredmedia":[{"embeddable":true,"href":"https:\/\/centro-cee.com\/web\/wp-json\/wp\/v2\/media\/1054"}],"wp:attachment":[{"href":"https:\/\/centro-cee.com\/web\/wp-json\/wp\/v2\/media?parent=1053"}],"wp:term":[{"taxonomy":"product_brand","embeddable":true,"href":"https:\/\/centro-cee.com\/web\/wp-json\/wp\/v2\/product_brand?post=1053"},{"taxonomy":"product_cat","embeddable":true,"href":"https:\/\/centro-cee.com\/web\/wp-json\/wp\/v2\/product_cat?post=1053"},{"taxonomy":"product_tag","embeddable":true,"href":"https:\/\/centro-cee.com\/web\/wp-json\/wp\/v2\/product_tag?post=1053"}],"curies":[{"name":"wp","href":"https:\/\/api.w.org\/{rel}","templated":true}]}}