{"id":1051,"date":"2023-02-07T09:51:52","date_gmt":"2023-02-07T09:51:52","guid":{"rendered":"https:\/\/centro-cee.com\/web\/?post_type=product&#038;p=1051"},"modified":"2026-03-13T16:40:18","modified_gmt":"2026-03-13T16:40:18","slug":"nutricion-para-la-practica-deportiva-coaching-deportivo","status":"publish","type":"product","link":"https:\/\/centro-cee.com\/web\/producto\/nutricion-para-la-practica-deportiva-coaching-deportivo\/","title":{"rendered":"Nutrici\u00f3n para la pr\u00e1ctica deportiva + Coaching deportivo"},"content":{"rendered":"<p><a href=\"https:\/\/centro-cee.com\/web\/formaciones\/\">Atr\u00e1s<\/a><\/p>\n<p><em><strong>Nutrici\u00f3n deportiva y Coaching deportivo<\/strong><\/em><\/p>\n<p>Toda esta informaci\u00f3n se realiza 100% online en nuestro campus online de formaci\u00f3n.<\/p>\n<p>Las tutorias se realizan directamente desde el campus de estudio con la opci\u00f3n de mensajer\u00eda a profesores. Las tutorias son \u201ca demanda\u201d, cuando necesites soporte nos lo pides.<\/p>\n<p>Los t\u00edtulos de Centro CEE est\u00e1n autenticados por la firma de notario que valida contenidos y autenticidad a nivel internacional. Nuestra organizaci\u00f3n pertenece a la Asociaci\u00f3n Espa\u00f1ola de Calidad, organizaci\u00f3n Espa\u00f1ola de referencia para la calidad\u00a0en la formaci\u00f3n de auxiliar de enfermer\u00eda. La certificaci\u00f3n se puede apostillar por la Haya para cualquier pa\u00eds firmante del convenio de la Haya.<\/p>\n<p>Se puede pagar a plazos.<\/p>\n<p>Carga horaria de la formaci\u00f3n: 600h<\/p>\n<p><em><strong>Nutrici\u00f3n deportiva y Coaching deportivo<\/strong><\/em><\/p>\n<h2>Temario Nutrici\u00f3n deportiva y Coaching deportivo<\/h2>\n<hr \/>\n<p>NUTRICI\u00d3N DEPORTIVA<br \/>\nUNIDAD DID\u00c1CTICA 1. MIOLOG\u00cdA APLICADA<br \/>\n1. Introducci\u00f3n a la Miolog\u00eda<br \/>\n2. Tipos de Tejido Muscular<br \/>\n3. Caracter\u00edsticas del tejido muscular<br \/>\n4. \u2026.<br \/>\nUNIDAD DID\u00c1CTICA 2. UTILIZACI\u00d3N DE NUTRIENTES EN EL EJERCICIO<br \/>\n1. Utilizaci\u00f3n de energ\u00eda por el m\u00fasculo<br \/>\n2. Utilizaci\u00f3n de los hidratos de carbono en el ejercicio<br \/>\n3. Utilizaci\u00f3n de la grasa en el ejercicio<br \/>\n4. \u2026<br \/>\nUNIDAD DID\u00c1CTICA 3. FISIOLOG\u00cdA DEL EJERCICIO F\u00cdSICO<br \/>\n1. Introducci\u00f3n a la fisiolog\u00eda del ejercicio<br \/>\n2. Ejercicio f\u00edsico<br \/>\n3. Adaptaciones org\u00e1nicas en el ejercicio<br \/>\n4. \u2026<br \/>\nUNIDAD DID\u00c1CTICA 4. HIDRATACI\u00d3N Y DEPORTE<br \/>\n1. Introducci\u00f3n<br \/>\n2. Formas de ingresar y eliminar agua del organismo<br \/>\n3. Funciones del agua en el organismo relacionadas con la actividad f\u00edsica<br \/>\n4. \u2026<br \/>\nUNIDAD DID\u00c1CTICA 5. AYUDAS ERGOG\u00c9NICAS Y DOPAJE<br \/>\n1. Concepto<br \/>\n2. Ayudas ergog\u00e9nicas de tipo lip\u00eddico y sustancias relacionadas<br \/>\n3. Ayudas ergog\u00e9nicas de tipo proteico, amino\u00e1cidos y otras sustancias nitrogenadas<br \/>\n4. \u2026<br \/>\nUNIDAD DID\u00c1CTICA 6. PAUTAS NUTRICIONALES EN EL DEPORTE<br \/>\n1. Introducci\u00f3n<br \/>\n2. Gasto cal\u00f3rico<br \/>\n3. Hidratos de carbono<br \/>\n4. \u2026<br \/>\nUNIDAD DID\u00c1CTICA 7. ACTIVIDAD F\u00cdSICA EN LAS DISTINTAS ETAPAS DE LA VIDA<br \/>\n1. Actividad f\u00edsica en la ni\u00f1ez<br \/>\n2. Actividad f\u00edsica en la adolescencia<br \/>\n3. Actividad f\u00edsica en la edad adulta<br \/>\n4. \u2026<\/p>\n<p>M\u00c1STER EN COACHING<br \/>\n1. INTRODUCCI\u00d3N<br \/>\n1.1. Origen del coaching<br \/>\n1.2. Coaching ejecutivo<br \/>\n1.3. Definici\u00f3n de los conceptos de Coaching y Mentoring<br \/>\n1.3.1. Coaching<br \/>\n1.3.2. Mentoring<br \/>\n1.4. Diferencias entre coaching y mentoring y con otros conceptos relacionados<br \/>\n1.4.1. Diferencias entre coaching y mentoring<br \/>\n1.5. \u2026.<\/p>\n<p>2. EL PROCESO DE COACHING<br \/>\n2.1. Por qu\u00e9 iniciar un proceso de coaching<br \/>\n2.2. El proceso de coaching. Sesiones b\u00e1sicas<br \/>\n2.2.1. Contrato entre dos partes<br \/>\n2.2.2. Elecci\u00f3n de los directivos<br \/>\n2.2.3. Primeras entrevistas y cuestionarios<br \/>\n2.2.4. \u2026<\/p>\n<p>3. TIPOS DE COACHING<br \/>\n3.1. Clasificaciones<br \/>\n3.1.1. Seg\u00fan su \u00e1mbito de aplicaci\u00f3n<br \/>\n3.1.2. Seg\u00fan la modalidad de las sesiones<br \/>\n3.1.3. Seg\u00fan la metodolog\u00eda aplicada<br \/>\n3.1.4. \u2026<\/p>\n<p>4. COMPETENCIAS DEL COACH<br \/>\n4.1. El coach y la empat\u00eda<br \/>\n4.2. Competencias b\u00e1sicas del Coach<br \/>\n4.2.1. Establecer confianza e intimidad con el cliente<br \/>\n4.2.2. Presencia del coaching<br \/>\n4.2.3. Escucha activa<br \/>\n4.2.4. Preguntas poderosas<br \/>\n4.3. \u2026<\/p>\n<p>5. HERRAMIENTAS E INSTRUMENTOS<br \/>\n5.1. Herramientas<br \/>\n5.1.1. Introducci\u00f3n<br \/>\n5.1.2. Evaluar necesidades<br \/>\n5.1.3. Conocer al coachee<br \/>\n5.1.4. Aumentar la autoconciencia<br \/>\n5.1.5. Aumentar el abanico de opciones<br \/>\n5.2. \u2026<\/p>\n<p>6. ACREDITACI\u00d3N DEL COACH<br \/>\n6.1. Introducci\u00f3n<br \/>\n6.2. C\u00f3mo se acredita un Coach<br \/>\n6.3. Competencias b\u00e1sicas para obtener la acreditaci\u00f3n de la ICF<br \/>\n6.3.1. \u2026<\/p>\n<p>7. ORIENTACI\u00d3N PROFESIONAL O MENTORING<br \/>\n7.1. Definici\u00f3n de mentoring<br \/>\n7.2. Tipos de mentoring<br \/>\n7.3. El proceso de mentoring<br \/>\n7.4. El mentee<br \/>\n7.5. \u2026<\/p>\n<p>Tema 2: Coaching Deportivo<\/p>\n<p>1. M\u00d3DULO I. INTRODUCCI\u00d3N AL COACHING<br \/>\nTEMA 1. \u00bfQU\u00c9 ES EL COACHING?<br \/>\n1. El cambio, la crisis y la construcci\u00f3n de la identidad<br \/>\n2. Concepto de coaching<br \/>\n3. Etimolog\u00eda del coaching<br \/>\n4. Influencias del coaching<br \/>\n5. &#8230;<br \/>\nTEMA 2. IMPORTANCIA DEL COACHING<br \/>\n1. \u00bfPor qu\u00e9 es importante el coaching?<br \/>\n2. Principios y valores<br \/>\n3. &#8230;<br \/>\nTEMA 3. ASPECTOS FUNDAMENTALES DEL COACHING (I)<br \/>\n1. Introducci\u00f3n: los elementos claves para el \u00e9xito<br \/>\n2. Motivaci\u00f3n<br \/>\n3. Autoestima<br \/>\n4. Autoconfianza<br \/>\nTEMA 4. ASPECTOS FUNDAMENTALES DEL COACHING (II)<br \/>\n1. Responsabilidad y compromiso<br \/>\n2. Acci\u00f3n<br \/>\n3. Creatividad<br \/>\n4. &#8230;<br \/>\nTEMA 5. \u00c9TICA Y COACHING<br \/>\n1. Liderazgo, poder y \u00e9tica<br \/>\n2. Confidencialidad del Proceso<br \/>\n3. \u00c9tica y Deontolog\u00eda del coach<br \/>\n4. &#8230;<br \/>\n6. M\u00d3DULO II. EL PROCESO DE COACHING<br \/>\nTEMA 6. COACHING, CAMBIO Y APRENDIZAJE<br \/>\n1. La superaci\u00f3n de los bloqueos<br \/>\n2. El deseo de avanzar<br \/>\n3. Coaching y aprendizaje<br \/>\n4. &#8230;<br \/>\nTEMA 7. EL PROCESO DE COACHING: ASPECTOS GENERALES<br \/>\n1. Coaching \u00bfherramienta o proceso?<br \/>\n2. Motivaci\u00f3n en el proceso<br \/>\n3. La voluntad como requisito del inicio del proceso<br \/>\n4. &#8230;<br \/>\nTEMA 8. HABILIDADES RELACIONADAS CON EL PROCESO<br \/>\n1. Introducci\u00f3n<br \/>\n2. Escucha<br \/>\n3. &#8230;<br \/>\nTEMA 9. FASES EN EL PROCESO DE COACHING<br \/>\n1. Primera fase: establecer la relaci\u00f3n de coaching<br \/>\n2. Segunda fase: planificaci\u00f3n de la acci\u00f3n<br \/>\n3. &#8230;<br \/>\nTEMA 10. EVALUACI\u00d3N (I)<br \/>\n1. \u00bfPor qu\u00e9 es necesaria la evaluaci\u00f3n?<br \/>\n2. Beneficios de los programas de evaluaci\u00f3n de coaching<br \/>\n3. Factores que pueden interferir en la evaluaci\u00f3n<br \/>\n4. \u00bfC\u00f3mo evaluar?<br \/>\n5. Herramientas de medida para la evaluaci\u00f3n de resultados<br \/>\nTEMA 11. EVALUACI\u00d3N (II)<br \/>\n1. El final de la evaluaci\u00f3n<br \/>\n2. Evaluaci\u00f3n externa<br \/>\n3. &#8230;<br \/>\n6. M\u00d3DULO III. COACH Y COACHEE<br \/>\nTEMA 12. EL COACH<br \/>\n1. La figura del coach<br \/>\n2. Tipos de coach<br \/>\n3. Papel del coach en el proceso de coaching ejecutivo<br \/>\nTEMA 13. COMPETENCIAS DEL COACH<br \/>\n1. Competencias clave y actuaci\u00f3n del coach<br \/>\n2. Las caracter\u00edsticas del coach efectivo para el desarrollo de competencias<br \/>\n3. Dos competencias clave para el desarrollo de una empresa liberadora<br \/>\nTEMA 14. LA PREPARACI\u00d3N DE UN BUEN COACH<br \/>\n1. Preparaci\u00f3n t\u00e9cnica: formaci\u00f3n y experiencia empresarial<br \/>\n2. Errores m\u00e1s comunes del coach<br \/>\n3. Capacitaci\u00f3n para conducir las sesiones de coaching<br \/>\nTEMA 15. LA FIGURA DEL COACHEE<br \/>\n1. La figura del coachee<br \/>\n2. Caracter\u00edsticas del destinatario del coaching<br \/>\n3. &#8230;<br \/>\n5. M\u00d3DULO IV. COACHING Y DEPORTE<br \/>\nTEMA 16. COACHING Y DEPORTE<br \/>\n1. El origen del coaching<br \/>\n2. La estrategia deportiva<br \/>\n3. Coaching deportivo: aprender a fluir<br \/>\nTEMA 17. VALORES DEL DEPORTE<br \/>\n1. El deporte: crisol de valores<br \/>\n2. La sana competitividad<br \/>\n3. Beneficios del deporte<br \/>\n4. &#8230;<br \/>\nTEMA 18. EL ENTRENADOR: COACH<br \/>\n1. Descripci\u00f3n del buen entrenador<br \/>\n2. Objetivos, misi\u00f3n y valores del entrenador<br \/>\n3. &#8230;<br \/>\nTEMA 19. EL ENTRENAMIENTO<br \/>\n1. \u00bfQu\u00e9 significa entrenar?<br \/>\n2. Claves para un buen entrenamiento<br \/>\n3. Tipos de entrenamiento<br \/>\n4. &#8230;<br \/>\n5. M\u00d3DULO V. ELEMENTOS NECESARIOS PARA LA PR\u00c1CTICA DEPORTIVA<br \/>\nTEMA 20. CONCIENCIA PERSONAL<br \/>\n1. El deportista: concentraci\u00f3n<br \/>\n2. Regulaci\u00f3n emocional en el deporte y las atribuciones<br \/>\n3. Autoestima y autoconfianza<br \/>\n4. &#8230;<br \/>\nTEMA 21. CONCIENCIA GRUPAL<br \/>\n1. El equipo: sinergia grupal<br \/>\n2. Grupo vs. Equipo<br \/>\n3. El \u00e9xito colectivo<br \/>\nTEMA 22. GESTI\u00d3N DE LAS EMOCIONES<br \/>\n1. Mantener una actitud positiva<br \/>\n2. Motivaci\u00f3n<br \/>\n3. &#8230;<br \/>\nTEMA 23. EL CUERPO, LA MENTE Y EL DEPORTE<br \/>\n1. Cuerpo<br \/>\n2. Mente<br \/>\n3. Equilibrio cuerpo y mente<br \/>\nTEMA 24. L\u00cdDER Y LIDERAZGO<br \/>\n1. El l\u00edder<br \/>\n2. Liderazgo<br \/>\n3. Enfoques centrados en el l\u00edder<br \/>\n4. &#8230;<br \/>\n6. M\u00d3DULO VI. T\u00c9CNICAS<br \/>\nTEMA 25. T\u00c9CNICAS DEPORTIVAS<br \/>\n1. Introducci\u00f3n a las t\u00e9cnicas de coaching en positivo<br \/>\n2. Visualizaci\u00f3n<br \/>\n3. Relajaci\u00f3n<br \/>\n4. Concentraci\u00f3n<br \/>\nTEMA 26. T\u00c9CNICAS DE EQUIPO<br \/>\n1. Definici\u00f3n y clasificaci\u00f3n<br \/>\n2. T\u00e9cnicas de grupo grande<br \/>\n3. Grupo mediano<br \/>\n4. &#8230;<br \/>\n7. M\u00d3DULO VII. ESTABLECIMIENTO DE METAS<br \/>\nTEMA 27. LAS METAS EN EL DEPORTE<br \/>\n1. \u00bfQu\u00e9 entendemos por meta?<br \/>\n2. Pautas para establecer una buena meta<br \/>\n3. Dise\u00f1o de un sistema de establecimiento de metas<br \/>\nTEMA 28. ESTABLECER OBJETIVOS<br \/>\n1. Diferencia entre objetivo y meta<br \/>\n2. Pautas para enunciar objetivos<br \/>\n3. Fases para establecer objetivos<br \/>\nTEMA 29. PREPARACI\u00d3N PARA ALCANZAR LA META<br \/>\n1. Plantear las metas<br \/>\n2. Conseguir las metas<br \/>\n3. M\u00d3DULO VIII. COACHING DEPORTIVO Y OTRAS DISCIPLINAS<br \/>\nTEMA 30. COACHING, PSICOLOG\u00cdA DEL DEPORTE Y DEPORTE<br \/>\n1. \u00bfQu\u00e9 es la psicolog\u00eda del deporte?<br \/>\n2. Herramientas, ejercicios y principios de la psicolog\u00eda del deporte<br \/>\n3. Aportaciones de la psicolog\u00eda al deporte<br \/>\nTEMA 31. COACHING, MENTORING Y DEPORTE<br \/>\n1. \u00bfQu\u00e9 es el mentoring?<br \/>\n2. Semejanzas y diferencias entre coaching y mentoring<br \/>\n3. &#8230;<br \/>\nTEMA 32. COACHING, INTELIGENCIA EMOCIONAL Y DEPORTE<br \/>\n1. \u00bfQu\u00e9 es la Inteligencia Emocional?<br \/>\n2. Componentes de la inteligencia emocional<br \/>\n3. &#8230;<br \/>\nTEMA 33. COACHING, PNL Y DEPORTE<br \/>\n1. \u00bfQu\u00e9 es la Programaci\u00f3n Neuroling\u00fc\u00edstica?<br \/>\n2. Principios de la PNL<br \/>\n3. &#8230;<\/p>\n<p><em><strong>Nutrici\u00f3n deportiva y Coaching deportivo<\/strong><\/em><\/p>\n<p><a href=\"https:\/\/centro-cee.com\/web\/formaciones\/\">Atr\u00e1s<\/a><\/p>\n","protected":false},"excerpt":{"rendered":"<p><a href=\"https:\/\/centro-cee.com\/web\/formaciones\/\">Atr\u00e1s<\/a><\/p>\n<p>Recibe el certificado como especialista y combina los conocimientos en Nutrici\u00f3n para la Pr\u00e1ctica Deportiva + Coaching. Dentro de la nutrici\u00f3n existen varias ramas, concretamente esta especialidad es la nutrici\u00f3n deportiva, ya que los contenidos est\u00e1n fundamentados en conocer la alimentaci\u00f3n, nutrientes, vitaminas, suplementos, etc., para dise\u00f1ar la mejor dieta para la pr\u00e1ctica deportiva.<\/p>\n<p>Ahora que estas interesado da click en pedir informaci\u00f3n y con gusto te asesoramos en las inquietudes que tengas y te guiaremos en el proceso de inscripci\u00f3n.<\/p>\n","protected":false},"featured_media":1052,"comment_status":"closed","ping_status":"closed","template":"","meta":[],"product_brand":[],"product_cat":[2047,1798,34],"product_tag":[1438,206,1439,1440,1437,1441,205,1443,1444,1442],"class_list":{"0":"post-1051","1":"product","2":"type-product","3":"status-publish","4":"has-post-thumbnail","6":"product_cat-cursos-online-deporte","7":"product_cat-cursos-fef","8":"product_cat-tecnicos","9":"product_tag-certificacion-en-nutricion-deportiva","10":"product_tag-coaching-deportivo","11":"product_tag-curso-online-de-nutricion-y-coaching","12":"product_tag-estrategias-de-alimentacion-para-deportistas","13":"product_tag-formacion-en-nutricion-y-deporte","14":"product_tag-mejora-del-rendimiento-deportivo","15":"product_tag-nutricion-deportiva","16":"product_tag-planificacion-de-dietas-para-atletas","17":"product_tag-salud-y-bienestar-en-la-actividad-fisica","18":"product_tag-tecnicas-de-motivacion-en-el-deporte","20":"first","21":"instock","22":"sale","23":"shipping-taxable","24":"purchasable","25":"product-type-simple"},"yoast_head":"<!-- This site is optimized with the Yoast SEO plugin v27.4 - https:\/\/yoast.com\/product\/yoast-seo-wordpress\/ -->\n<title>Nutrici\u00f3n deportiva y Coaching deportivo<\/title>\n<meta name=\"description\" content=\"Aprende los conceptos clave de la Nutrici\u00f3n deportiva y Coaching deportivo c\u00f3mo aplicarlos en el coaching deportivo en este curso en l\u00ednea\" \/>\n<meta name=\"robots\" content=\"index, follow, max-snippet:-1, max-image-preview:large, max-video-preview:-1\" \/>\n<link rel=\"canonical\" href=\"https:\/\/centro-cee.com\/web\/producto\/nutricion-para-la-practica-deportiva-coaching-deportivo\/\" \/>\n<meta property=\"og:locale\" content=\"es_ES\" \/>\n<meta property=\"og:type\" content=\"article\" \/>\n<meta property=\"og:title\" content=\"Nutrici\u00f3n deportiva y Coaching deportivo\" \/>\n<meta property=\"og:description\" content=\"Aprende los conceptos clave de la Nutrici\u00f3n deportiva y Coaching deportivo c\u00f3mo aplicarlos en el coaching deportivo en este curso en l\u00ednea\" \/>\n<meta property=\"og:url\" content=\"https:\/\/centro-cee.com\/web\/producto\/nutricion-para-la-practica-deportiva-coaching-deportivo\/\" \/>\n<meta property=\"og:site_name\" content=\"CEE Centro Europeo E-learning - Cursos online\" \/>\n<meta property=\"article:modified_time\" content=\"2026-03-13T16:40:18+00:00\" \/>\n<meta property=\"og:image\" content=\"https:\/\/centro-cee.com\/web\/wp-content\/uploads\/2023\/02\/imagen_2023-02-07_105128640.png\" \/>\n\t<meta property=\"og:image:width\" content=\"800\" \/>\n\t<meta property=\"og:image:height\" content=\"800\" \/>\n\t<meta property=\"og:image:type\" content=\"image\/png\" \/>\n<meta name=\"twitter:card\" content=\"summary_large_image\" \/>\n<meta name=\"twitter:label1\" content=\"Tiempo de lectura\" \/>\n\t<meta name=\"twitter:data1\" content=\"6 minutos\" \/>\n<script type=\"application\/ld+json\" class=\"yoast-schema-graph\">{\"@context\":\"https:\\\/\\\/schema.org\",\"@graph\":[{\"@type\":\"WebPage\",\"@id\":\"https:\\\/\\\/centro-cee.com\\\/web\\\/producto\\\/nutricion-para-la-practica-deportiva-coaching-deportivo\\\/\",\"url\":\"https:\\\/\\\/centro-cee.com\\\/web\\\/producto\\\/nutricion-para-la-practica-deportiva-coaching-deportivo\\\/\",\"name\":\"Nutrici\u00f3n deportiva y Coaching deportivo\",\"isPartOf\":{\"@id\":\"https:\\\/\\\/centro-cee.com\\\/web\\\/#website\"},\"primaryImageOfPage\":{\"@id\":\"https:\\\/\\\/centro-cee.com\\\/web\\\/producto\\\/nutricion-para-la-practica-deportiva-coaching-deportivo\\\/#primaryimage\"},\"image\":{\"@id\":\"https:\\\/\\\/centro-cee.com\\\/web\\\/producto\\\/nutricion-para-la-practica-deportiva-coaching-deportivo\\\/#primaryimage\"},\"thumbnailUrl\":\"https:\\\/\\\/centro-cee.com\\\/web\\\/wp-content\\\/uploads\\\/2023\\\/02\\\/imagen_2023-02-07_105128640.png\",\"datePublished\":\"2023-02-07T09:51:52+00:00\",\"dateModified\":\"2026-03-13T16:40:18+00:00\",\"description\":\"Aprende los conceptos clave de la Nutrici\u00f3n deportiva y Coaching deportivo c\u00f3mo aplicarlos en el coaching deportivo en este curso en l\u00ednea\",\"breadcrumb\":{\"@id\":\"https:\\\/\\\/centro-cee.com\\\/web\\\/producto\\\/nutricion-para-la-practica-deportiva-coaching-deportivo\\\/#breadcrumb\"},\"inLanguage\":\"es\",\"potentialAction\":[{\"@type\":\"ReadAction\",\"target\":[\"https:\\\/\\\/centro-cee.com\\\/web\\\/producto\\\/nutricion-para-la-practica-deportiva-coaching-deportivo\\\/\"]}]},{\"@type\":\"ImageObject\",\"inLanguage\":\"es\",\"@id\":\"https:\\\/\\\/centro-cee.com\\\/web\\\/producto\\\/nutricion-para-la-practica-deportiva-coaching-deportivo\\\/#primaryimage\",\"url\":\"https:\\\/\\\/centro-cee.com\\\/web\\\/wp-content\\\/uploads\\\/2023\\\/02\\\/imagen_2023-02-07_105128640.png\",\"contentUrl\":\"https:\\\/\\\/centro-cee.com\\\/web\\\/wp-content\\\/uploads\\\/2023\\\/02\\\/imagen_2023-02-07_105128640.png\",\"width\":800,\"height\":800,\"caption\":\"NUTRICI\u00d3N DEPORTIVA y COACHING DEPORTIVO\"},{\"@type\":\"BreadcrumbList\",\"@id\":\"https:\\\/\\\/centro-cee.com\\\/web\\\/producto\\\/nutricion-para-la-practica-deportiva-coaching-deportivo\\\/#breadcrumb\",\"itemListElement\":[{\"@type\":\"ListItem\",\"position\":1,\"name\":\"Portada\",\"item\":\"https:\\\/\\\/centro-cee.com\\\/web\\\/\"},{\"@type\":\"ListItem\",\"position\":2,\"name\":\"Nutrici\u00f3n para la pr\u00e1ctica deportiva + Coaching deportivo\"}]},{\"@type\":\"WebSite\",\"@id\":\"https:\\\/\\\/centro-cee.com\\\/web\\\/#website\",\"url\":\"https:\\\/\\\/centro-cee.com\\\/web\\\/\",\"name\":\"Centro Europeo E-learning\",\"description\":\"CEE Formaci\u00f3n Online\",\"publisher\":{\"@id\":\"https:\\\/\\\/centro-cee.com\\\/web\\\/#organization\"},\"alternateName\":\"Centro Online de Formaci\u00f3n\",\"potentialAction\":[{\"@type\":\"SearchAction\",\"target\":{\"@type\":\"EntryPoint\",\"urlTemplate\":\"https:\\\/\\\/centro-cee.com\\\/web\\\/?s={search_term_string}\"},\"query-input\":{\"@type\":\"PropertyValueSpecification\",\"valueRequired\":true,\"valueName\":\"search_term_string\"}}],\"inLanguage\":\"es\"},{\"@type\":\"Organization\",\"@id\":\"https:\\\/\\\/centro-cee.com\\\/web\\\/#organization\",\"name\":\"Centro Europeo E-learning CEE\",\"url\":\"https:\\\/\\\/centro-cee.com\\\/web\\\/\",\"logo\":{\"@type\":\"ImageObject\",\"inLanguage\":\"es\",\"@id\":\"https:\\\/\\\/centro-cee.com\\\/web\\\/#\\\/schema\\\/logo\\\/image\\\/\",\"url\":\"https:\\\/\\\/centro-cee.com\\\/web\\\/wp-content\\\/uploads\\\/2022\\\/12\\\/cropped-logo_educa.png\",\"contentUrl\":\"https:\\\/\\\/centro-cee.com\\\/web\\\/wp-content\\\/uploads\\\/2022\\\/12\\\/cropped-logo_educa.png\",\"width\":157,\"height\":63,\"caption\":\"Centro Europeo E-learning CEE\"},\"image\":{\"@id\":\"https:\\\/\\\/centro-cee.com\\\/web\\\/#\\\/schema\\\/logo\\\/image\\\/\"},\"sameAs\":[\"https:\\\/\\\/www.instagram.com\\\/centroeuropeo_cee\"]}]}<\/script>\n<!-- \/ Yoast SEO plugin. -->","yoast_head_json":{"title":"Nutrici\u00f3n deportiva y Coaching deportivo","description":"Aprende los conceptos clave de la Nutrici\u00f3n deportiva y Coaching deportivo c\u00f3mo aplicarlos en el coaching deportivo en este curso en l\u00ednea","robots":{"index":"index","follow":"follow","max-snippet":"max-snippet:-1","max-image-preview":"max-image-preview:large","max-video-preview":"max-video-preview:-1"},"canonical":"https:\/\/centro-cee.com\/web\/producto\/nutricion-para-la-practica-deportiva-coaching-deportivo\/","og_locale":"es_ES","og_type":"article","og_title":"Nutrici\u00f3n deportiva y Coaching deportivo","og_description":"Aprende los conceptos clave de la Nutrici\u00f3n deportiva y Coaching deportivo c\u00f3mo aplicarlos en el coaching deportivo en este curso en l\u00ednea","og_url":"https:\/\/centro-cee.com\/web\/producto\/nutricion-para-la-practica-deportiva-coaching-deportivo\/","og_site_name":"CEE Centro Europeo E-learning - Cursos online","article_modified_time":"2026-03-13T16:40:18+00:00","og_image":[{"width":800,"height":800,"url":"https:\/\/centro-cee.com\/web\/wp-content\/uploads\/2023\/02\/imagen_2023-02-07_105128640.png","type":"image\/png"}],"twitter_card":"summary_large_image","twitter_misc":{"Tiempo de lectura":"6 minutos"},"schema":{"@context":"https:\/\/schema.org","@graph":[{"@type":"WebPage","@id":"https:\/\/centro-cee.com\/web\/producto\/nutricion-para-la-practica-deportiva-coaching-deportivo\/","url":"https:\/\/centro-cee.com\/web\/producto\/nutricion-para-la-practica-deportiva-coaching-deportivo\/","name":"Nutrici\u00f3n deportiva y Coaching deportivo","isPartOf":{"@id":"https:\/\/centro-cee.com\/web\/#website"},"primaryImageOfPage":{"@id":"https:\/\/centro-cee.com\/web\/producto\/nutricion-para-la-practica-deportiva-coaching-deportivo\/#primaryimage"},"image":{"@id":"https:\/\/centro-cee.com\/web\/producto\/nutricion-para-la-practica-deportiva-coaching-deportivo\/#primaryimage"},"thumbnailUrl":"https:\/\/centro-cee.com\/web\/wp-content\/uploads\/2023\/02\/imagen_2023-02-07_105128640.png","datePublished":"2023-02-07T09:51:52+00:00","dateModified":"2026-03-13T16:40:18+00:00","description":"Aprende los conceptos clave de la Nutrici\u00f3n deportiva y Coaching deportivo c\u00f3mo aplicarlos en el coaching deportivo en este curso en l\u00ednea","breadcrumb":{"@id":"https:\/\/centro-cee.com\/web\/producto\/nutricion-para-la-practica-deportiva-coaching-deportivo\/#breadcrumb"},"inLanguage":"es","potentialAction":[{"@type":"ReadAction","target":["https:\/\/centro-cee.com\/web\/producto\/nutricion-para-la-practica-deportiva-coaching-deportivo\/"]}]},{"@type":"ImageObject","inLanguage":"es","@id":"https:\/\/centro-cee.com\/web\/producto\/nutricion-para-la-practica-deportiva-coaching-deportivo\/#primaryimage","url":"https:\/\/centro-cee.com\/web\/wp-content\/uploads\/2023\/02\/imagen_2023-02-07_105128640.png","contentUrl":"https:\/\/centro-cee.com\/web\/wp-content\/uploads\/2023\/02\/imagen_2023-02-07_105128640.png","width":800,"height":800,"caption":"NUTRICI\u00d3N DEPORTIVA y COACHING DEPORTIVO"},{"@type":"BreadcrumbList","@id":"https:\/\/centro-cee.com\/web\/producto\/nutricion-para-la-practica-deportiva-coaching-deportivo\/#breadcrumb","itemListElement":[{"@type":"ListItem","position":1,"name":"Portada","item":"https:\/\/centro-cee.com\/web\/"},{"@type":"ListItem","position":2,"name":"Nutrici\u00f3n para la pr\u00e1ctica deportiva + Coaching deportivo"}]},{"@type":"WebSite","@id":"https:\/\/centro-cee.com\/web\/#website","url":"https:\/\/centro-cee.com\/web\/","name":"Centro Europeo E-learning","description":"CEE Formaci\u00f3n Online","publisher":{"@id":"https:\/\/centro-cee.com\/web\/#organization"},"alternateName":"Centro Online de Formaci\u00f3n","potentialAction":[{"@type":"SearchAction","target":{"@type":"EntryPoint","urlTemplate":"https:\/\/centro-cee.com\/web\/?s={search_term_string}"},"query-input":{"@type":"PropertyValueSpecification","valueRequired":true,"valueName":"search_term_string"}}],"inLanguage":"es"},{"@type":"Organization","@id":"https:\/\/centro-cee.com\/web\/#organization","name":"Centro Europeo E-learning CEE","url":"https:\/\/centro-cee.com\/web\/","logo":{"@type":"ImageObject","inLanguage":"es","@id":"https:\/\/centro-cee.com\/web\/#\/schema\/logo\/image\/","url":"https:\/\/centro-cee.com\/web\/wp-content\/uploads\/2022\/12\/cropped-logo_educa.png","contentUrl":"https:\/\/centro-cee.com\/web\/wp-content\/uploads\/2022\/12\/cropped-logo_educa.png","width":157,"height":63,"caption":"Centro Europeo E-learning CEE"},"image":{"@id":"https:\/\/centro-cee.com\/web\/#\/schema\/logo\/image\/"},"sameAs":["https:\/\/www.instagram.com\/centroeuropeo_cee"]}]}},"_links":{"self":[{"href":"https:\/\/centro-cee.com\/web\/wp-json\/wp\/v2\/product\/1051","targetHints":{"allow":["GET"]}}],"collection":[{"href":"https:\/\/centro-cee.com\/web\/wp-json\/wp\/v2\/product"}],"about":[{"href":"https:\/\/centro-cee.com\/web\/wp-json\/wp\/v2\/types\/product"}],"replies":[{"embeddable":true,"href":"https:\/\/centro-cee.com\/web\/wp-json\/wp\/v2\/comments?post=1051"}],"wp:featuredmedia":[{"embeddable":true,"href":"https:\/\/centro-cee.com\/web\/wp-json\/wp\/v2\/media\/1052"}],"wp:attachment":[{"href":"https:\/\/centro-cee.com\/web\/wp-json\/wp\/v2\/media?parent=1051"}],"wp:term":[{"taxonomy":"product_brand","embeddable":true,"href":"https:\/\/centro-cee.com\/web\/wp-json\/wp\/v2\/product_brand?post=1051"},{"taxonomy":"product_cat","embeddable":true,"href":"https:\/\/centro-cee.com\/web\/wp-json\/wp\/v2\/product_cat?post=1051"},{"taxonomy":"product_tag","embeddable":true,"href":"https:\/\/centro-cee.com\/web\/wp-json\/wp\/v2\/product_tag?post=1051"}],"curies":[{"name":"wp","href":"https:\/\/api.w.org\/{rel}","templated":true}]}}