{"id":1046,"date":"2023-02-06T11:27:50","date_gmt":"2023-02-06T11:27:50","guid":{"rendered":"https:\/\/centro-cee.com\/web\/?post_type=product&#038;p=1046"},"modified":"2026-03-13T16:40:35","modified_gmt":"2026-03-13T16:40:35","slug":"monitor-a-de-pilates","status":"publish","type":"product","link":"https:\/\/centro-cee.com\/web\/producto\/monitor-a-de-pilates\/","title":{"rendered":"Monitor\/a de Pilates"},"content":{"rendered":"<p><a href=\"https:\/\/centro-cee.com\/web\/formaciones\/\">Atr\u00e1s<\/a><\/p>\n<p><strong>Monitor\/a de Pilates<\/strong><\/p>\n<p>Toda esta formaci\u00f3n se realiza 100% online en nuestro campus online de formaci\u00f3n.<\/p>\n<p>Las tutorias se realizan directamente desde el campus de estudio con la opci\u00f3n de mensajer\u00eda a profesores. Las tutorias son \u201ca demanda\u201d, cuando necesites soporte nos lo pides.<\/p>\n<p>Los t\u00edtulos de Centro CEE est\u00e1n autenticados por la firma de notario que valida contenidos y autenticidad a nivel internacional. Nuestra organizaci\u00f3n pertenece a la Asociaci\u00f3n Espa\u00f1ola de Calidad, organizaci\u00f3n Espa\u00f1ola de referencia para la calidad en la formaci\u00f3n. La certificaci\u00f3n se puede apostillar por la Haya para cualquier pa\u00eds firmante del convenio de la Haya.<\/p>\n<p>Se puede pagar a plazos.<\/p>\n<p>Carga horaria de la formaci\u00f3n: 450h<\/p>\n<p>&nbsp;<\/p>\n<h3>Temario<\/h3>\n<hr \/>\n<p><strong>1. APROXIMACI\u00d3N Y BREVE HISTORIA DEL PILATES<\/strong><br \/>\n1. Inicio y Aproximaci\u00f3n Hist\u00f3rica del M\u00e9todo Pilates<br \/>\n2. Pilates : Principios B\u00e1sicos y Fundamentales<br \/>\n3. Los Aspectos Beneficiosos del M\u00e9todo Pilates<br \/>\n4. \u2026<\/p>\n<p><strong>2. PILATES : ANATOM\u00cdA Y FISIOLOG\u00cdA DEL MOVIMIENTO<\/strong><br \/>\n1. Conceptos b\u00e1sicos en fisioterapia<br \/>\n2. El movimiento: los principios fundamentales anat\u00f3micos<\/p>\n<p><strong>3. APARATO LOCOMOTOR: SISTEMA \u00d3SEO<\/strong><br \/>\n1. La morfolog\u00eda y fisiolog\u00eda \u00f3sea<br \/>\n2. Composici\u00f3n del esqueleto<br \/>\n3. \u2026<\/p>\n<p><strong>4. APARATO LOCOMOTOR: SISTEMA MUSCULAR<\/strong><br \/>\n1. Fisiolog\u00eda muscular<br \/>\n2. Tejido muscular<br \/>\n3. Clasificaci\u00f3n muscular<br \/>\n4. Ligamentos<br \/>\n5. \u2026<\/p>\n<p><strong>5. APARATO RESPIRATORIO<\/strong><br \/>\n1. El sistema respiratorio<br \/>\n2. Fisiolog\u00eda de la respiraci\u00f3n<\/p>\n<p><strong>6. INSTALACI\u00d3N, RECURSOS Y MATERIALES PARA LA INSTRUCCI\u00d3N EN PILATES<\/strong><br \/>\n1. Tipos y caracter\u00edsticas de las instalaciones o sala para la pr\u00e1ctica del Pilates<br \/>\n2. Normativa de construcci\u00f3n y mantenimiento de las instalaciones deportivas habituales para la impartici\u00f3n del Pilates<br \/>\n3. La accesibilidad en las instalaciones deportivas habituales para la impartici\u00f3n del Pilates: barreras arquitect\u00f3nicas y medidas de adaptaci\u00f3n de instalaciones<br \/>\n4. Plan de mantenimiento de las instalaciones deportivas habituales para la impartici\u00f3n del Pilates, sus equipamientos, equipos y materiales<br \/>\n5. \u2026<\/p>\n<p><strong>7. METODOLOG\u00cdA DE INSTRUCCI\u00d3N APLICADA A LAS ACTIVIDADES DE PILATES<\/strong><br \/>\n1. Teor\u00eda y bases fundamentales del aprendizaje y desarrollo motor aplicados al Pilates<br \/>\n2. Metodolog\u00eda did\u00e1ctica y estilos de ense\u00f1anza: adaptaci\u00f3n a la instrucci\u00f3n en Pilates para los diferentes tipos de practicantes<br \/>\n5. Dise\u00f1o y desarrollo de la sesi\u00f3n de Pilates, para su adecuaci\u00f3n a las necesidades \u2026<\/p>\n<p><strong>8. EJERCICIOS EN PILATES<\/strong><br \/>\n1. Sesiones de Pilates<br \/>\n2. Modalidades del M\u00e9todo Pilates<br \/>\n3. \u2026<\/p>\n<p><strong>9. CASOS ESPECIALES EN PILATES<\/strong><br \/>\n1. Embarazadas<br \/>\n2. Artrosis<br \/>\n3. Osteoporosis<br \/>\n4. \u2026<\/p>\n<p><strong>10. NORMALIZACI\u00d3N E INTEGRACI\u00d3N DE LAS PERSONAS CON DISCAPACIDAD EN LAS ACTIVIDADES DE PILATES<\/strong><br \/>\n1. Identificaci\u00f3n de los diferentes tipos de discapacidad<br \/>\n2. Adaptaciones generales de las personas con discapacidad a las actividades de Pilates<br \/>\n3. Adaptaci\u00f3n de las habilidades b\u00e1sicas y espec\u00edficas de las actividades de Pilates a las diferentes capacidades<br \/>\n4. Criterios para la organizaci\u00f3n de las actividades de Pilates adaptadas a las diferentes discapacidades<br \/>\n5. \u2026<\/p>\n<p><strong>11. ALIMENTACI\u00d3N Y NUTRICI\u00d3N EN PILATES<\/strong><br \/>\n1. Conceptos: Salud, enfermedad, alimentaci\u00f3n y nutrici\u00f3n<br \/>\n2. Conceptos asociados<br \/>\n3. Clasificaci\u00f3n de los alimentos<br \/>\n4. Clasificaci\u00f3n de los nutrientes<br \/>\n5. Necesidades de nutrientes: Pir\u00e1mide nutricional<\/p>\n<p><strong>12. LESIONES Y PREVENCI\u00d3N EN PILATES<\/strong><br \/>\n1. Introducci\u00f3n a las lesiones deportivas<br \/>\n2. Definici\u00f3n<br \/>\n3. La prevenci\u00f3n<br \/>\n4. Tratamiento<br \/>\n5. Lesiones deportivas frecuentes<br \/>\n6. \u2026<\/p>\n<p><strong>13. PRIMEROS AUXILIOS<\/strong><br \/>\n1. Introducci\u00f3n a los primeros auxilios<br \/>\n2. Actuaciones en primeros auxilios<br \/>\n3. \u2026<\/p>\n<p><strong>14. PERFIL DEL MONITOR DE PILATES Y SU TRATO CON EL CLIENTE<\/strong><br \/>\n1. El monitor de Pilates<br \/>\n2. Capacidades del monitor de Pilates<br \/>\n3. Comunicaci\u00f3n entre el monitor y el cliente<br \/>\n4. Claves para el \u00e9xito del monitor de Pilates<\/p>\n<p><strong>PILATES MULTIMEDIA<\/strong><\/p>\n<p><strong>1. INTRODUCCI\u00d3N AL M\u00c9TODO PILATES.<\/strong><br \/>\n<strong>2. PALABRAS CLAVE.<\/strong><br \/>\n1. Palabras Clave. Parte I.<br \/>\n2. Palabras Clave. Parte II.<\/p>\n<p><strong>3. EJERCICIOS DE CONCIENCIACI\u00d3N CORPORAL<\/strong><br \/>\n1. La respiraci\u00f3n<br \/>\n2. Control p\u00e9lvico<br \/>\n3. Control escapular<br \/>\n4. Elongaci\u00f3n axial<\/p>\n<p><strong>4. EJERCICIOS B\u00c1SICOS PARA PRINCIPIANTES.<\/strong><br \/>\n1. Hundred (El cien)<br \/>\n2. Half Roll Down (Rodar hasta la mitad)<br \/>\n3. Single Leg Strech (Extensi\u00f3n individual de pierna)<br \/>\n4. Double Leg Strech (Estiramiento doble de piernas)<br \/>\n5. Scissors (Tijeras)<br \/>\n6. Lower Lift (Elevaciones de piernas)<br \/>\n7. \u2026<\/p>\n<p><strong>3. CURSO MULTIMEDIA PILATES AVANZADO<\/strong><br \/>\n<strong>1. INTRODUCCI\u00d3N AL NIVEL AVANZADO.<\/strong><br \/>\n<strong>2. CALENTAMIENTO.<\/strong><br \/>\n1. Movilidad articular<br \/>\n2. Brazos y hombros.<br \/>\n3. Mitad inferior.<\/p>\n<p><strong>3. EJERCICIOS AVANZADOS<\/strong><br \/>\n1. Hundred<br \/>\n2. Half Roll Down<br \/>\n3. One Leg Circle<br \/>\n4. Single Leg Stretch<br \/>\n5. Double Leg Stretch<br \/>\n6. Scissors<br \/>\n7. Lower Lift<br \/>\n8. \u2026<\/p>\n<p>&nbsp;<\/p>\n<p><strong>Monitor\/a de Pilates<\/strong><\/p>\n<hr \/>\n<p>&nbsp;<\/p>\n","protected":false},"excerpt":{"rendered":"<p><a href=\"https:\/\/centro-cee.com\/web\/formaciones\/\">Atr\u00e1s<\/a><\/p>\n<p><span data-offset-key=\"428if-270-0\">La<\/span><span data-offset-key=\"428if-271-0\"> demand<\/span><span data-offset-key=\"428if-272-0\">a<\/span><span data-offset-key=\"428if-273-0\"> de<\/span><span data-offset-key=\"428if-274-0\"> act<\/span><span data-offset-key=\"428if-275-0\">ivid<\/span><span data-offset-key=\"428if-276-0\">ad<\/span><span data-offset-key=\"428if-277-0\"> f<\/span><span data-offset-key=\"428if-278-0\">\u00eds<\/span><span data-offset-key=\"428if-279-0\">ica<\/span><span data-offset-key=\"428if-280-0\"> ha<\/span><span data-offset-key=\"428if-281-0\"> id<\/span><span data-offset-key=\"428if-282-0\">o<\/span><span data-offset-key=\"428if-283-0\"> a<\/span><span data-offset-key=\"428if-284-0\">ument<\/span><span data-offset-key=\"428if-285-0\">ando<\/span><span data-offset-key=\"428if-286-0\"> con<\/span><span data-offset-key=\"428if-287-0\"> el<\/span><span data-offset-key=\"428if-288-0\"> pas<\/span><span data-offset-key=\"428if-289-0\">o<\/span><span data-offset-key=\"428if-290-0\"> de<\/span><span data-offset-key=\"428if-291-0\"> los<\/span><span data-offset-key=\"428if-292-0\"> a<\/span><span data-offset-key=\"428if-293-0\">\u00f1<\/span><span data-offset-key=\"428if-294-0\">os<\/span><span data-offset-key=\"428if-295-0\">,<\/span><span data-offset-key=\"428if-296-0\"> a<\/span><span data-offset-key=\"428if-297-0\"> med<\/span><span data-offset-key=\"428if-298-0\">ida<\/span><span data-offset-key=\"428if-299-0\"> que<\/span><span data-offset-key=\"428if-300-0\"> la<\/span><span data-offset-key=\"428if-301-0\"> g<\/span><span data-offset-key=\"428if-302-0\">ente<\/span><span data-offset-key=\"428if-303-0\"> se<\/span><span data-offset-key=\"428if-304-0\"> ha<\/span><span data-offset-key=\"428if-305-0\"> con<\/span><span data-offset-key=\"428if-306-0\">cient<\/span><span data-offset-key=\"428if-307-0\">iz<\/span><span data-offset-key=\"428if-308-0\">ado<\/span><span data-offset-key=\"428if-309-0\"> so<\/span><span data-offset-key=\"428if-310-0\">bre<\/span><span data-offset-key=\"428if-311-0\"> la<\/span><span data-offset-key=\"428if-312-0\"> import<\/span><span data-offset-key=\"428if-313-0\">anc<\/span><span data-offset-key=\"428if-314-0\">ia<\/span><span data-offset-key=\"428if-315-0\"> de<\/span><span data-offset-key=\"428if-316-0\"> mant<\/span><span data-offset-key=\"428if-317-0\">ener<\/span><span data-offset-key=\"428if-318-0\"> un<\/span><span data-offset-key=\"428if-319-0\"> est<\/span><span data-offset-key=\"428if-320-0\">ilo<\/span><span data-offset-key=\"428if-321-0\"> de<\/span><span data-offset-key=\"428if-322-0\"> v<\/span><span data-offset-key=\"428if-323-0\">ida<\/span><span data-offset-key=\"428if-324-0\"> sal<\/span><span data-offset-key=\"428if-325-0\">ud<\/span><span data-offset-key=\"428if-326-0\">able<\/span><span data-offset-key=\"428if-327-0\">.<\/span><\/p>\n<p><span data-offset-key=\"428if-328-0\">El<\/span><span data-offset-key=\"428if-329-0\"> Pil<\/span><span data-offset-key=\"428if-330-0\">ates<\/span><span data-offset-key=\"428if-331-0\"> se<\/span><span data-offset-key=\"428if-332-0\"> ha<\/span><span data-offset-key=\"428if-333-0\"> convert<\/span><span data-offset-key=\"428if-334-0\">ido<\/span><span data-offset-key=\"428if-335-0\"> en<\/span><span data-offset-key=\"428if-336-0\"> un<\/span><span data-offset-key=\"428if-337-0\">a<\/span><span data-offset-key=\"428if-338-0\"> discipl<\/span><span data-offset-key=\"428if-339-0\">ina<\/span><span data-offset-key=\"428if-340-0\"> m<\/span><span data-offset-key=\"428if-341-0\">uy<\/span><span data-offset-key=\"428if-342-0\"> popular<\/span><span data-offset-key=\"428if-343-0\"> que<\/span><span data-offset-key=\"428if-344-0\"> ay<\/span><span data-offset-key=\"428if-345-0\">uda<\/span><span data-offset-key=\"428if-346-0\"> a<\/span><span data-offset-key=\"428if-347-0\"> me<\/span><span data-offset-key=\"428if-348-0\">j<\/span><span data-offset-key=\"428if-349-0\">or<\/span><span data-offset-key=\"428if-350-0\">ar<\/span><span data-offset-key=\"428if-351-0\"> la<\/span><span data-offset-key=\"428if-352-0\"> post<\/span><span data-offset-key=\"428if-353-0\">ura<\/span><span data-offset-key=\"428if-354-0\">,<\/span><span data-offset-key=\"428if-355-0\"> el<\/span><span data-offset-key=\"428if-356-0\"> equ<\/span><span data-offset-key=\"428if-357-0\">ilib<\/span><span data-offset-key=\"428if-358-0\">rio<\/span><span data-offset-key=\"428if-359-0\">,<\/span><span data-offset-key=\"428if-360-0\"> la<\/span><span data-offset-key=\"428if-361-0\"> estab<\/span><span data-offset-key=\"428if-362-0\">il<\/span><span data-offset-key=\"428if-363-0\">idad<\/span><span data-offset-key=\"428if-364-0\"> y<\/span><span data-offset-key=\"428if-365-0\"> a<\/span><span data-offset-key=\"428if-366-0\"> redu<\/span><span data-offset-key=\"428if-367-0\">c<\/span><span data-offset-key=\"428if-368-0\">ir<\/span><span data-offset-key=\"428if-369-0\"> los<\/span><span data-offset-key=\"428if-370-0\"> d<\/span><span data-offset-key=\"428if-371-0\">ol<\/span><span data-offset-key=\"428if-372-0\">ores<\/span><span data-offset-key=\"428if-373-0\"> de<\/span><span data-offset-key=\"428if-374-0\"> esp<\/span><span data-offset-key=\"428if-375-0\">ald<\/span><span data-offset-key=\"428if-376-0\">a<\/span><span data-offset-key=\"428if-377-0\">.<\/span><\/p>\n<p><span data-offset-key=\"428if-378-0\">Est<\/span><span data-offset-key=\"428if-379-0\">a<\/span><span data-offset-key=\"428if-380-0\"> form<\/span><span data-offset-key=\"428if-381-0\">aci<\/span><span data-offset-key=\"428if-382-0\">\u00f3n<\/span><span data-offset-key=\"428if-383-0\"> of<\/span><span data-offset-key=\"428if-384-0\">re<\/span><span data-offset-key=\"428if-385-0\">ce<\/span><span data-offset-key=\"428if-386-0\"> un<\/span><span data-offset-key=\"428if-387-0\"> al<\/span><span data-offset-key=\"428if-388-0\">to<\/span><span data-offset-key=\"428if-389-0\"> n<\/span><span data-offset-key=\"428if-390-0\">ive<\/span><span data-offset-key=\"428if-391-0\">l<\/span><span data-offset-key=\"428if-392-0\"> de<\/span><span data-offset-key=\"428if-393-0\"> cont<\/span><span data-offset-key=\"428if-394-0\">en<\/span><span data-offset-key=\"428if-395-0\">ido<\/span><span data-offset-key=\"428if-396-0\"> que<\/span><span data-offset-key=\"428if-397-0\"> le<\/span><span data-offset-key=\"428if-398-0\"> da<\/span><span data-offset-key=\"428if-399-0\"> al<\/span><span data-offset-key=\"428if-400-0\"> est<\/span><span data-offset-key=\"428if-401-0\">ud<\/span><span data-offset-key=\"428if-402-0\">iant<\/span><span data-offset-key=\"428if-403-0\">e<\/span><span data-offset-key=\"428if-404-0\"> un<\/span><span data-offset-key=\"428if-405-0\"> con<\/span><span data-offset-key=\"428if-406-0\">oc<\/span><span data-offset-key=\"428if-407-0\">im<\/span><span data-offset-key=\"428if-408-0\">ient<\/span><span data-offset-key=\"428if-409-0\">o<\/span><span data-offset-key=\"428if-410-0\"> excel<\/span><span data-offset-key=\"428if-411-0\">ente<\/span><span data-offset-key=\"428if-412-0\">.<\/span><span data-offset-key=\"428if-413-0\"> Los<\/span><span data-offset-key=\"428if-414-0\"> prof<\/span><span data-offset-key=\"428if-415-0\">es<\/span><span data-offset-key=\"428if-416-0\">ional<\/span><span data-offset-key=\"428if-417-0\">es<\/span><span data-offset-key=\"428if-418-0\"> de<\/span><span data-offset-key=\"428if-419-0\"> est<\/span><span data-offset-key=\"428if-420-0\">a<\/span><span data-offset-key=\"428if-421-0\"> \u00e1<\/span><span data-offset-key=\"428if-422-0\">rea<\/span><span data-offset-key=\"428if-423-0\"> t<\/span><span data-offset-key=\"428if-424-0\">ien<\/span><span data-offset-key=\"428if-425-0\">en<\/span><span data-offset-key=\"428if-426-0\"> la<\/span><span data-offset-key=\"428if-427-0\"> pos<\/span><span data-offset-key=\"428if-428-0\">ib<\/span><span data-offset-key=\"428if-429-0\">il<\/span><span data-offset-key=\"428if-430-0\">idad<\/span><span data-offset-key=\"428if-431-0\"> de<\/span><span data-offset-key=\"428if-432-0\"> tr<\/span><span data-offset-key=\"428if-433-0\">ab<\/span><span data-offset-key=\"428if-434-0\">aj<\/span><span data-offset-key=\"428if-435-0\">ar<\/span><span data-offset-key=\"428if-436-0\"> en<\/span><span data-offset-key=\"428if-437-0\"> cent<\/span><span data-offset-key=\"428if-438-0\">ros<\/span><span data-offset-key=\"428if-439-0\"> deport<\/span><span data-offset-key=\"428if-440-0\">iv<\/span><span data-offset-key=\"428if-441-0\">os<\/span><span data-offset-key=\"428if-442-0\">,<\/span><span data-offset-key=\"428if-443-0\"> g<\/span><span data-offset-key=\"428if-444-0\">im<\/span><span data-offset-key=\"428if-445-0\">nas<\/span><span data-offset-key=\"428if-446-0\">ios<\/span><span data-offset-key=\"428if-447-0\">,<\/span><span data-offset-key=\"428if-448-0\"> etc<\/span><span data-offset-key=\"428if-449-0\">.<\/span><\/p>\n","protected":false},"featured_media":1047,"comment_status":"closed","ping_status":"closed","template":"","meta":[],"product_brand":[],"product_cat":[2047,1798,34],"product_tag":[1455,1458,1452,1450,1454,1459,1451,1457,1456,1453],"class_list":{"0":"post-1046","1":"product","2":"type-product","3":"status-publish","4":"has-post-thumbnail","6":"product_cat-cursos-online-deporte","7":"product_cat-cursos-fef","8":"product_cat-tecnicos","9":"product_tag-anatomia-y-fisiologia-en-pilates","10":"product_tag-beneficios-del-pilates-para-la-salud","11":"product_tag-certificacion-en-pilates","12":"product_tag-curso-de-monitor-de-pilates","13":"product_tag-curso-online-de-fitness-y-pilates","14":"product_tag-entrenamiento-personal-y-grupal-en-pilates","15":"product_tag-formacion-en-pilates","16":"product_tag-metodologia-de-clases-de-pilates","17":"product_tag-programas-de-entrenamiento-de-pilates","18":"product_tag-tecnicas-de-ensenanza-de-pilates","20":"first","21":"instock","22":"sale","23":"shipping-taxable","24":"purchasable","25":"product-type-simple"},"yoast_head":"<!-- This site is optimized with the Yoast SEO plugin v27.4 - https:\/\/yoast.com\/product\/yoast-seo-wordpress\/ -->\n<title>Monitor\/a de Pilates - CEE Centro Europeo E-learning - Cursos online<\/title>\n<meta name=\"description\" content=\"Monitor\/a de pilates - Centro CEE, Aprende todo lo que necesitas para ser un monitor\/a de Pilates, curso certificado por la Federaci\u00f3n Espa\u00f1ola de Fitness\" \/>\n<meta name=\"robots\" content=\"index, follow, max-snippet:-1, max-image-preview:large, max-video-preview:-1\" \/>\n<link rel=\"canonical\" href=\"https:\/\/centro-cee.com\/web\/producto\/monitor-a-de-pilates\/\" \/>\n<meta property=\"og:locale\" content=\"es_ES\" \/>\n<meta property=\"og:type\" content=\"article\" \/>\n<meta property=\"og:title\" content=\"Monitor\/a de Pilates - CEE Centro Europeo E-learning - Cursos online\" \/>\n<meta property=\"og:description\" content=\"Monitor\/a de pilates - Centro CEE, Aprende todo lo que necesitas para ser un monitor\/a de Pilates, curso certificado por la Federaci\u00f3n Espa\u00f1ola de Fitness\" \/>\n<meta property=\"og:url\" content=\"https:\/\/centro-cee.com\/web\/producto\/monitor-a-de-pilates\/\" \/>\n<meta property=\"og:site_name\" content=\"CEE Centro Europeo E-learning - Cursos online\" \/>\n<meta property=\"article:modified_time\" content=\"2026-03-13T16:40:35+00:00\" \/>\n<meta property=\"og:image\" content=\"https:\/\/centro-cee.com\/web\/wp-content\/uploads\/2023\/02\/pila.jpg\" \/>\n\t<meta property=\"og:image:width\" content=\"1860\" \/>\n\t<meta property=\"og:image:height\" content=\"1200\" \/>\n\t<meta property=\"og:image:type\" content=\"image\/jpeg\" \/>\n<meta name=\"twitter:card\" content=\"summary_large_image\" \/>\n<meta name=\"twitter:label1\" content=\"Tiempo de lectura\" \/>\n\t<meta name=\"twitter:data1\" content=\"4 minutos\" \/>\n<script type=\"application\/ld+json\" class=\"yoast-schema-graph\">{\"@context\":\"https:\\\/\\\/schema.org\",\"@graph\":[{\"@type\":\"WebPage\",\"@id\":\"https:\\\/\\\/centro-cee.com\\\/web\\\/producto\\\/monitor-a-de-pilates\\\/\",\"url\":\"https:\\\/\\\/centro-cee.com\\\/web\\\/producto\\\/monitor-a-de-pilates\\\/\",\"name\":\"Monitor\\\/a de Pilates - CEE Centro Europeo E-learning - Cursos online\",\"isPartOf\":{\"@id\":\"https:\\\/\\\/centro-cee.com\\\/web\\\/#website\"},\"primaryImageOfPage\":{\"@id\":\"https:\\\/\\\/centro-cee.com\\\/web\\\/producto\\\/monitor-a-de-pilates\\\/#primaryimage\"},\"image\":{\"@id\":\"https:\\\/\\\/centro-cee.com\\\/web\\\/producto\\\/monitor-a-de-pilates\\\/#primaryimage\"},\"thumbnailUrl\":\"https:\\\/\\\/centro-cee.com\\\/web\\\/wp-content\\\/uploads\\\/2023\\\/02\\\/pila.jpg\",\"datePublished\":\"2023-02-06T11:27:50+00:00\",\"dateModified\":\"2026-03-13T16:40:35+00:00\",\"description\":\"Monitor\\\/a de pilates - Centro CEE, Aprende todo lo que necesitas para ser un monitor\\\/a de Pilates, curso certificado por la Federaci\u00f3n Espa\u00f1ola de Fitness\",\"breadcrumb\":{\"@id\":\"https:\\\/\\\/centro-cee.com\\\/web\\\/producto\\\/monitor-a-de-pilates\\\/#breadcrumb\"},\"inLanguage\":\"es\",\"potentialAction\":[{\"@type\":\"ReadAction\",\"target\":[\"https:\\\/\\\/centro-cee.com\\\/web\\\/producto\\\/monitor-a-de-pilates\\\/\"]}]},{\"@type\":\"ImageObject\",\"inLanguage\":\"es\",\"@id\":\"https:\\\/\\\/centro-cee.com\\\/web\\\/producto\\\/monitor-a-de-pilates\\\/#primaryimage\",\"url\":\"https:\\\/\\\/centro-cee.com\\\/web\\\/wp-content\\\/uploads\\\/2023\\\/02\\\/pila.jpg\",\"contentUrl\":\"https:\\\/\\\/centro-cee.com\\\/web\\\/wp-content\\\/uploads\\\/2023\\\/02\\\/pila.jpg\",\"width\":1860,\"height\":1200,\"caption\":\"Monitor\\\/a Pilates - Centro CEE\"},{\"@type\":\"BreadcrumbList\",\"@id\":\"https:\\\/\\\/centro-cee.com\\\/web\\\/producto\\\/monitor-a-de-pilates\\\/#breadcrumb\",\"itemListElement\":[{\"@type\":\"ListItem\",\"position\":1,\"name\":\"Portada\",\"item\":\"https:\\\/\\\/centro-cee.com\\\/web\\\/\"},{\"@type\":\"ListItem\",\"position\":2,\"name\":\"Monitor\\\/a de Pilates\"}]},{\"@type\":\"WebSite\",\"@id\":\"https:\\\/\\\/centro-cee.com\\\/web\\\/#website\",\"url\":\"https:\\\/\\\/centro-cee.com\\\/web\\\/\",\"name\":\"Centro Europeo E-learning\",\"description\":\"CEE Formaci\u00f3n Online\",\"publisher\":{\"@id\":\"https:\\\/\\\/centro-cee.com\\\/web\\\/#organization\"},\"alternateName\":\"Centro Online de Formaci\u00f3n\",\"potentialAction\":[{\"@type\":\"SearchAction\",\"target\":{\"@type\":\"EntryPoint\",\"urlTemplate\":\"https:\\\/\\\/centro-cee.com\\\/web\\\/?s={search_term_string}\"},\"query-input\":{\"@type\":\"PropertyValueSpecification\",\"valueRequired\":true,\"valueName\":\"search_term_string\"}}],\"inLanguage\":\"es\"},{\"@type\":\"Organization\",\"@id\":\"https:\\\/\\\/centro-cee.com\\\/web\\\/#organization\",\"name\":\"Centro Europeo E-learning CEE\",\"url\":\"https:\\\/\\\/centro-cee.com\\\/web\\\/\",\"logo\":{\"@type\":\"ImageObject\",\"inLanguage\":\"es\",\"@id\":\"https:\\\/\\\/centro-cee.com\\\/web\\\/#\\\/schema\\\/logo\\\/image\\\/\",\"url\":\"https:\\\/\\\/centro-cee.com\\\/web\\\/wp-content\\\/uploads\\\/2022\\\/12\\\/cropped-logo_educa.png\",\"contentUrl\":\"https:\\\/\\\/centro-cee.com\\\/web\\\/wp-content\\\/uploads\\\/2022\\\/12\\\/cropped-logo_educa.png\",\"width\":157,\"height\":63,\"caption\":\"Centro Europeo E-learning CEE\"},\"image\":{\"@id\":\"https:\\\/\\\/centro-cee.com\\\/web\\\/#\\\/schema\\\/logo\\\/image\\\/\"},\"sameAs\":[\"https:\\\/\\\/www.instagram.com\\\/centroeuropeo_cee\"]}]}<\/script>\n<!-- \/ Yoast SEO plugin. -->","yoast_head_json":{"title":"Monitor\/a de Pilates - CEE Centro Europeo E-learning - Cursos online","description":"Monitor\/a de pilates - Centro CEE, Aprende todo lo que necesitas para ser un monitor\/a de Pilates, curso certificado por la Federaci\u00f3n Espa\u00f1ola de Fitness","robots":{"index":"index","follow":"follow","max-snippet":"max-snippet:-1","max-image-preview":"max-image-preview:large","max-video-preview":"max-video-preview:-1"},"canonical":"https:\/\/centro-cee.com\/web\/producto\/monitor-a-de-pilates\/","og_locale":"es_ES","og_type":"article","og_title":"Monitor\/a de Pilates - CEE Centro Europeo E-learning - Cursos online","og_description":"Monitor\/a de pilates - Centro CEE, Aprende todo lo que necesitas para ser un monitor\/a de Pilates, curso certificado por la Federaci\u00f3n Espa\u00f1ola de Fitness","og_url":"https:\/\/centro-cee.com\/web\/producto\/monitor-a-de-pilates\/","og_site_name":"CEE Centro Europeo E-learning - Cursos online","article_modified_time":"2026-03-13T16:40:35+00:00","og_image":[{"width":1860,"height":1200,"url":"https:\/\/centro-cee.com\/web\/wp-content\/uploads\/2023\/02\/pila.jpg","type":"image\/jpeg"}],"twitter_card":"summary_large_image","twitter_misc":{"Tiempo de lectura":"4 minutos"},"schema":{"@context":"https:\/\/schema.org","@graph":[{"@type":"WebPage","@id":"https:\/\/centro-cee.com\/web\/producto\/monitor-a-de-pilates\/","url":"https:\/\/centro-cee.com\/web\/producto\/monitor-a-de-pilates\/","name":"Monitor\/a de Pilates - CEE Centro Europeo E-learning - Cursos online","isPartOf":{"@id":"https:\/\/centro-cee.com\/web\/#website"},"primaryImageOfPage":{"@id":"https:\/\/centro-cee.com\/web\/producto\/monitor-a-de-pilates\/#primaryimage"},"image":{"@id":"https:\/\/centro-cee.com\/web\/producto\/monitor-a-de-pilates\/#primaryimage"},"thumbnailUrl":"https:\/\/centro-cee.com\/web\/wp-content\/uploads\/2023\/02\/pila.jpg","datePublished":"2023-02-06T11:27:50+00:00","dateModified":"2026-03-13T16:40:35+00:00","description":"Monitor\/a de pilates - Centro CEE, Aprende todo lo que necesitas para ser un monitor\/a de Pilates, curso certificado por la Federaci\u00f3n Espa\u00f1ola de Fitness","breadcrumb":{"@id":"https:\/\/centro-cee.com\/web\/producto\/monitor-a-de-pilates\/#breadcrumb"},"inLanguage":"es","potentialAction":[{"@type":"ReadAction","target":["https:\/\/centro-cee.com\/web\/producto\/monitor-a-de-pilates\/"]}]},{"@type":"ImageObject","inLanguage":"es","@id":"https:\/\/centro-cee.com\/web\/producto\/monitor-a-de-pilates\/#primaryimage","url":"https:\/\/centro-cee.com\/web\/wp-content\/uploads\/2023\/02\/pila.jpg","contentUrl":"https:\/\/centro-cee.com\/web\/wp-content\/uploads\/2023\/02\/pila.jpg","width":1860,"height":1200,"caption":"Monitor\/a Pilates - Centro CEE"},{"@type":"BreadcrumbList","@id":"https:\/\/centro-cee.com\/web\/producto\/monitor-a-de-pilates\/#breadcrumb","itemListElement":[{"@type":"ListItem","position":1,"name":"Portada","item":"https:\/\/centro-cee.com\/web\/"},{"@type":"ListItem","position":2,"name":"Monitor\/a de Pilates"}]},{"@type":"WebSite","@id":"https:\/\/centro-cee.com\/web\/#website","url":"https:\/\/centro-cee.com\/web\/","name":"Centro Europeo E-learning","description":"CEE Formaci\u00f3n Online","publisher":{"@id":"https:\/\/centro-cee.com\/web\/#organization"},"alternateName":"Centro Online de Formaci\u00f3n","potentialAction":[{"@type":"SearchAction","target":{"@type":"EntryPoint","urlTemplate":"https:\/\/centro-cee.com\/web\/?s={search_term_string}"},"query-input":{"@type":"PropertyValueSpecification","valueRequired":true,"valueName":"search_term_string"}}],"inLanguage":"es"},{"@type":"Organization","@id":"https:\/\/centro-cee.com\/web\/#organization","name":"Centro Europeo E-learning CEE","url":"https:\/\/centro-cee.com\/web\/","logo":{"@type":"ImageObject","inLanguage":"es","@id":"https:\/\/centro-cee.com\/web\/#\/schema\/logo\/image\/","url":"https:\/\/centro-cee.com\/web\/wp-content\/uploads\/2022\/12\/cropped-logo_educa.png","contentUrl":"https:\/\/centro-cee.com\/web\/wp-content\/uploads\/2022\/12\/cropped-logo_educa.png","width":157,"height":63,"caption":"Centro Europeo E-learning CEE"},"image":{"@id":"https:\/\/centro-cee.com\/web\/#\/schema\/logo\/image\/"},"sameAs":["https:\/\/www.instagram.com\/centroeuropeo_cee"]}]}},"_links":{"self":[{"href":"https:\/\/centro-cee.com\/web\/wp-json\/wp\/v2\/product\/1046","targetHints":{"allow":["GET"]}}],"collection":[{"href":"https:\/\/centro-cee.com\/web\/wp-json\/wp\/v2\/product"}],"about":[{"href":"https:\/\/centro-cee.com\/web\/wp-json\/wp\/v2\/types\/product"}],"replies":[{"embeddable":true,"href":"https:\/\/centro-cee.com\/web\/wp-json\/wp\/v2\/comments?post=1046"}],"wp:featuredmedia":[{"embeddable":true,"href":"https:\/\/centro-cee.com\/web\/wp-json\/wp\/v2\/media\/1047"}],"wp:attachment":[{"href":"https:\/\/centro-cee.com\/web\/wp-json\/wp\/v2\/media?parent=1046"}],"wp:term":[{"taxonomy":"product_brand","embeddable":true,"href":"https:\/\/centro-cee.com\/web\/wp-json\/wp\/v2\/product_brand?post=1046"},{"taxonomy":"product_cat","embeddable":true,"href":"https:\/\/centro-cee.com\/web\/wp-json\/wp\/v2\/product_cat?post=1046"},{"taxonomy":"product_tag","embeddable":true,"href":"https:\/\/centro-cee.com\/web\/wp-json\/wp\/v2\/product_tag?post=1046"}],"curies":[{"name":"wp","href":"https:\/\/api.w.org\/{rel}","templated":true}]}}