{"id":1039,"date":"2023-02-06T11:01:25","date_gmt":"2023-02-06T11:01:25","guid":{"rendered":"https:\/\/centro-cee.com\/web\/?post_type=product&#038;p=1039"},"modified":"2026-03-13T16:40:47","modified_gmt":"2026-03-13T16:40:47","slug":"mba-administracion-y-direccion-de-empresas","status":"publish","type":"product","link":"https:\/\/centro-cee.com\/web\/producto\/mba-administracion-y-direccion-de-empresas\/","title":{"rendered":"MBA Administraci\u00f3n y Direcci\u00f3n de Empresas"},"content":{"rendered":"<p><a href=\"https:\/\/centro-cee.com\/web\/formaciones\/\">Atr\u00e1s<\/a><\/p>\n<p><em><strong>MBA Administraci\u00f3n y Direcci\u00f3n de Empresas<\/strong><\/em><\/p>\n<p>Toda esta informaci\u00f3n en el curso de auxiliar de enfermer\u00eda se realiza 100% online en nuestro campus online de formaci\u00f3n.<\/p>\n<p>Las tutorias se realizan directamente desde el campus de estudio con la opci\u00f3n de mensajer\u00eda a profesores. Las tutorias son \u201ca demanda\u201d, cuando necesites soporte nos lo pides.<\/p>\n<p>Los t\u00edtulos de Centro CEE est\u00e1n autenticados por la firma de notario que valida contenidos y autenticidad a nivel internacional. Nuestra organizaci\u00f3n pertenece a la Asociaci\u00f3n Espa\u00f1ola de Calidad, organizaci\u00f3n Espa\u00f1ola de referencia para la calidad\u00a0en la formaci\u00f3n de auxiliar de enfermer\u00eda. La certificaci\u00f3n se puede apostillar por la Haya para cualquier pa\u00eds firmante del convenio de la Haya.<\/p>\n<p>Se puede pagar a plazos.<\/p>\n<p>Carga horaria de la formaci\u00f3n: 600h<\/p>\n<h2>Temario<\/h2>\n<hr \/>\n<p>M\u00c1STER EN ADMINISTRACI\u00d3N Y DIRECCI\u00d3N DE EMPRESAS<\/p>\n<p>UNIDAD 1:INICIACI\u00d3N A LAS FINANZAS<br \/>\n1.INTRODUCCI\u00d3N<br \/>\n2.BALANCE DE SITUACI\u00d3N<br \/>\n3.CICLO CONTABLE<br \/>\n4.CUENTA DE P\u00c9RDIDAS Y GANANCIAS<br \/>\n5.AN\u00c1LISIS DE LA INFORMACI\u00d3N ECON\u00d3MICO FINANCIERA<br \/>\n6.CONTABILIDAD DE COSTES<br \/>\n7.FINANCIACI\u00d3N<\/p>\n<p>UNIDAD 2:IMPUESTO DE SOCIEDADES<\/p>\n<p>1.INTRODUCCI\u00d3N<br \/>\n2.BASE IMPONIBLE<br \/>\n3.CORRECCIONES DE VALOR: AMORTIZACIONES<br \/>\n4.CORRECCIONES DE VALOR: P\u00c9RDIDA DE VALOR DE LOS ELEMENTOS PATRIMONIALES Y PROVISIONES<br \/>\n5.DEUDA TRIBUTARIA<br \/>\n6.LIQUIDACI\u00d3N Y PAGO DEL IMPUESTO<\/p>\n<p>UNIDAD 3: IMPUESTO SOBRE EL VALOR A\u00d1ADIDO (IVA)<\/p>\n<p>1.Introducci\u00f3n<br \/>\n2.Operaciones interiores: Hecho Imponible y Exenciones<br \/>\n3.Operaciones intracomunitarias e importaciones: Hecho Imponible y Exenciones<br \/>\n4.Devengo del Impuesto<br \/>\n5.Base Imponible, sujeto pasivo y tipo impositivo<br \/>\n6.Deducciones y devoluciones<br \/>\n7.Reg\u00edmenes especiales<br \/>\n8.Gesti\u00f3n del Impuesto y obligaciones formales de los sujetos pasivos<\/p>\n<p>UNIDAD 4: INICIACI\u00d3N A LA CONTABILIDAD<\/p>\n<p>1.LA EMPRESA Y LA CONTABILIDAD<br \/>\n2.EL PATRIMONIO DE LA EMPRESA<br \/>\n3.PRINCIPIOS B\u00c1SICOS DE LA CONTABILIDAD<br \/>\n4.EL PLAN GENERAL DE CONTABILIDAD<br \/>\n5.ASPECTOS CONTABLES DE LAS EXISTENCIAS<br \/>\n6.EL IMPUESTO SOBRE EL VALOR A\u00d1ADIDO EN OPERACIONES DE CIRCULANTE<br \/>\n7.OPERACIONES DEL TR\u00c1FICO MERCANTIL<br \/>\n8.LOS EFECTOS COMERCIALES<\/p>\n<p>UNIDAD 5: CONTABILIDAD DE COSTES<\/p>\n<p>1.INTRODUCCI\u00d3N<br \/>\n2.CLASIFICACI\u00d3N DE COSTES<br \/>\n3.SISTEMAS DE COSTES PARCIALES<br \/>\n4.SISTEMAS DE COSTES COMPLETOS<br \/>\n5.SISTEMAS DE COSTES ABC<\/p>\n<p>UNIDAD 6: DIRECCI\u00d3N DE MARKETING<\/p>\n<p>1.EL MARKETING DENTRO DE LA ESTRATEGIA EMPRESARIAL<br \/>\n2.EL MARKETING Y LA DIRECCI\u00d3N COMERCIAL DE UNA EMPRESA<br \/>\n3.INVESTIGACI\u00d3N COMERCIAL Y SEGMENTACI\u00d3N<br \/>\n4.POL\u00cdTICAS DE PRODUCTO Y PRECIO<br \/>\n5.LA POL\u00cdTICA DE DISTRIBUCI\u00d3N COMERCIAL<br \/>\n6.POL\u00cdTICA DE COMUNICACI\u00d3N<br \/>\n7.ORGANIZACI\u00d3N DE VENTAS Y PLAN DE MARKETING<br \/>\n8.APLICACIONES DEL MARKETING<\/p>\n<p>UNIDAD 7: MARKETING ESTRAT\u00c9GICO<\/p>\n<p>1. FUNDAMENTOS DEL MARKETING ESTRAT\u00c9GICO<br \/>\n2. DIFERENCIACI\u00d3N COMPETITIVA Y ESTRATEGIAS DE CICLO DE VIDA DEL PRODUCTO<br \/>\n3. POSICIONAMIENTO<br \/>\n4. MARKETING INTERNACIONAL<\/p>\n<p>UNIDAD 8:INTRODUCCI\u00d3N AL MARKETING<\/p>\n<p>1.MARKETING<br \/>\n2.DETERMINANTES DEL MARKETING<br \/>\n3.INSTRUMENTOS DEL MARKETING: PRODUCTO Y PRECIO<br \/>\n4.INSTRUMENTOS DEL MARKETING: PROMOCI\u00d3N Y DISTRIBUCI\u00d3N<br \/>\n5.DIRECCI\u00d3N DE MARKETING<br \/>\n6.PLANES OPERATIVOS<\/p>\n<p>UNIDAD 9: DIRECCI\u00d3N DE RECURSOS HUMANOS<\/p>\n<p>1. SELECCI\u00d3N<br \/>\n2. FORMACI\u00d3N Y DESARROLLO<br \/>\n3. RETRIBUCI\u00d3N Y DESEMPE\u00d1O<br \/>\n4. MOTIVACI\u00d3N<br \/>\n5. COMUNICACI\u00d3N. GESTI\u00d3N DEL CONOCIMIENTO<br \/>\n6. ESTRUCTURA ORGANIZATIVA<\/p>\n<p>UNIDAD 10: DIRECCI\u00d3N ESTRAT\u00c9GICA<br \/>\n1. COMPETITIVIDAD Y MANAGEMENT ESTRAT\u00c9GICO<br \/>\n2. ORGANIZACI\u00d3N Y ESTRUCTURA ESTRAT\u00c9GICA<br \/>\n3. AN\u00c1LISIS DEL ENTORNO GENERAL DE LA EMPRESA Y EL ENTORNO ESPEC\u00cdFICO<br \/>\n4. DIAGN\u00d3STICO INTERNO Y DIAGN\u00d3STICO ESTRAT\u00c9GICO<br \/>\n5. POL\u00cdTICAS DE CRECIMIENTO Y DESARROLLO EMPRESARIAL<br \/>\n6. HERRAMIENTAS ESTRAT\u00c9GICAS DE GESTI\u00d3N<\/p>\n<p>UNIDAD 11: BALANCED SCORECARD: CUADRO DE MANDO INTEGRAL<br \/>\n1.INTRODUCCI\u00d3N AL CUADRO DE MANDO INTEGRAL<br \/>\n2.LAS PERSPECTIVAS DEL CUADRO DE MANDO INTEGRAL<br \/>\n3.EL CUADRO DE MANDO INTEGRAL COMO INSTRUMENTO PARA IMPLANTAR LA ESTRATEGIA EN LA EMPRESA<br \/>\n4.IMPLANTACI\u00d3N DE UN PROGRAMA DE GESTI\u00d3N DE CUADRO DE MANDO INTEGRAL<br \/>\n5.INDICADORES Y RATIOS<br \/>\n6.APLICACIONES INFORM\u00c1TICAS PARA LA ELABORACI\u00d3N DEL CUADRO DE MANDO INTEGRAL<\/p>\n<p>UNIDAD 12: RESPONSABILIDAD SOCIAL (nueva versi\u00f3n)<br \/>\n1.LA RESPONSABILIDAD SOCIAL<br \/>\n2.ORGANISMOS INTERNACIONALES Y BUENAS PR\u00c1CTICAS EN RSE<br \/>\n3.EST\u00c1NDARES INTERNACIONALES Y SISTEMAS DE GESTI\u00d3N<br \/>\n4.CASOS DE \u00c9XITO EN LA IMPLANTACI\u00d3N DE POL\u00cdTICAS DE RSE<br \/>\n5.SITUACI\u00d3N ACTUAL DE LA RESPONSABILIDAD SOCIAL<br \/>\n6.EL DESARROLLO SOSTENIBLE Y MEDIOAMBIENTE<br \/>\n7.FUTURO Y TENDENCIAS<\/p>\n<p>UNIDAD 13: PREVENCI\u00d3N DEL BLANQUEO DE CAPITALES<br \/>\n1.INTRODUCCI\u00d3N<br \/>\n2.MEDIDAS DE DILIGENCIA DEBIDA<br \/>\n3.OBLIGACIONES DE INFORMACI\u00d3N<br \/>\n4.CONTROL INTERNO<br \/>\n5.INFRACCIONES Y SANCIONES<\/p>\n<p>UNIDAD 14: DISE\u00d1O ORGANIZACIONAL<br \/>\n1. ESTRUCTURA, FUNCIONES Y PROCESOS EN UNA ORGANIZACI\u00d3N<br \/>\n2. DISE\u00d1O ORGANIZATIVO, MODELOS ESTRUCTURALES Y CICLOS DE VIDA<\/p>\n<p>UNIDAD 15: COACHING Y MENTORING<br \/>\n1.INTRODUCCI\u00d3N<br \/>\n2.EL PROCESO DE COACHING<br \/>\n3.TIPOS DE COACHING<br \/>\n4.COMPETENCIAS DEL COACH<br \/>\n5.HERRAMIENTAS E INSTRUMENTOS<br \/>\n6.ACREDITACI\u00d3N DEL COACH<br \/>\n7.ORIENTACI\u00d3N PROFESIONAL O MENTORING<\/p>\n<p>UNIDAD 16: REUNIONES EFICACES<br \/>\n1. \u00bfQU\u00c9 ES UNA REUNI\u00d3N?<br \/>\n2. ELEMENTOS DE UNA REUNI\u00d3N<br \/>\n3. TIPOS DE REUNIONES<br \/>\n4. FASES DE UNA REUNI\u00d3N<\/p>\n<p>UNIDAD 17: DELEGACI\u00d3N COMO HABILIDAD DIRECTIVA CLAVE<br \/>\n1.\u00bfQU\u00c9 ES LA DELEGACI\u00d3N?<br \/>\n2.VENTAJAS Y OBST\u00c1CULOS A LA DELEGACI\u00d3N<br \/>\n3.PROCESO DE LA DELEGACI\u00d3N<br \/>\n4.COMPRUEBE SU CAPACIDAD PARA DELEGAR<\/p>\n<p>UNIDAD 18: DIRECCI\u00d3N COMERCIAL<br \/>\n1. ORGANIZACI\u00d3N DEL EQUIPO DE VENTAS<br \/>\n2. PERFIL Y CAPTACI\u00d3N DE VENDEDORES<br \/>\n3. SELECCI\u00d3N, SOCIALIZACI\u00d3N Y FORMACI\u00d3N DEL EQUIPO DE VENTAS<br \/>\n4. EL PROCESO DE VENTA<br \/>\n5. PREVISI\u00d3N DE DEMANDA Y TERRITORIOS DE VENTA<\/p>\n<p>&nbsp;<\/p>\n<p><strong><em>MBA Administraci\u00f3n y Direcci\u00f3n de Empresas<\/em><\/strong><\/p>\n<hr \/>\n<p>&nbsp;<\/p>\n","protected":false},"excerpt":{"rendered":"<p><a href=\"https:\/\/centro-cee.com\/web\/formaciones\/\">Atr\u00e1s<\/a><\/p>\n<p>Con esta formaci\u00f3n aprender\u00e1s todos los aspectos relacionados con la direcci\u00f3n y administraci\u00f3n de empresas, donde conocer\u00e1s sobre el balance de la situaci\u00f3n, el ciclo contable, la cuenta de p\u00e9rdidas y ganancias. Adem\u00e1s, aprender\u00e1s el an\u00e1lisis de la informaci\u00f3n econ\u00f3mico-financiera, el impuesto de sociedades, la p\u00e9rdida de valor de los elementos patrimoniales y provisiones. Asimismo, conocer\u00e1s sobre la base imponible, sujeto pasivo y tipo impositivo. Por otra parte, aprender\u00e1s el impuesto sobre el valor a\u00f1adido en operaciones de circulante. Tambi\u00e9n conocer\u00e1s el marketing estrat\u00e9gico, direcci\u00f3n de recursos humanos y comunicaci\u00f3n.<\/p>\n","protected":false},"featured_media":1040,"comment_status":"closed","ping_status":"closed","template":"","meta":[],"product_brand":[],"product_cat":[2050,17],"product_tag":[1053,1394,1391,1470,1469,1397,1473,1471,1472,1047],"class_list":{"0":"post-1039","1":"product","2":"type-product","3":"status-publish","4":"has-post-thumbnail","6":"product_cat-cursos-online-empresa","7":"product_cat-master","8":"product_tag-certificacion-en-mba","9":"product_tag-curso-online-de-administracion-de-empresas","10":"product_tag-direccion-de-empresas","11":"product_tag-estrategias-de-negocio","12":"product_tag-formacion-en-gestion-empresarial","13":"product_tag-gestion-financiera-y-recursos-humanos","14":"product_tag-innovacion-y-emprendimiento","15":"product_tag-liderazgo-y-desarrollo-organizacional","16":"product_tag-marketing-y-ventas","17":"product_tag-mba-en-administracion-de-empresas","19":"first","20":"instock","21":"sale","22":"shipping-taxable","23":"purchasable","24":"product-type-simple"},"yoast_head":"<!-- This site is optimized with the Yoast SEO plugin v27.4 - https:\/\/yoast.com\/product\/yoast-seo-wordpress\/ -->\n<title>MBA Administraci\u00f3n y Direcci\u00f3n de Empresas<\/title>\n<meta name=\"description\" content=\"MBA en Administraci\u00f3n y Direcci\u00f3n de Empresas aprender\u00e1s sobre liderazgo y la toma de decisiones para desarrollar habilidades en la direcci\u00f3n de empresas.\" \/>\n<meta name=\"robots\" content=\"index, follow, max-snippet:-1, max-image-preview:large, max-video-preview:-1\" \/>\n<link rel=\"canonical\" href=\"https:\/\/centro-cee.com\/web\/producto\/mba-administracion-y-direccion-de-empresas\/\" \/>\n<meta property=\"og:locale\" content=\"es_ES\" \/>\n<meta property=\"og:type\" content=\"article\" \/>\n<meta property=\"og:title\" content=\"MBA Administraci\u00f3n y Direcci\u00f3n de Empresas\" \/>\n<meta property=\"og:description\" content=\"MBA en Administraci\u00f3n y Direcci\u00f3n de Empresas aprender\u00e1s sobre liderazgo y la toma de decisiones para desarrollar habilidades en la direcci\u00f3n de empresas.\" \/>\n<meta property=\"og:url\" content=\"https:\/\/centro-cee.com\/web\/producto\/mba-administracion-y-direccion-de-empresas\/\" \/>\n<meta property=\"og:site_name\" content=\"CEE Centro Europeo E-learning - Cursos online\" \/>\n<meta property=\"article:modified_time\" content=\"2026-03-13T16:40:47+00:00\" \/>\n<meta property=\"og:image\" content=\"https:\/\/centro-cee.com\/web\/wp-content\/uploads\/2023\/02\/mba-administracion-y-direccion-de-empresas.jpg\" \/>\n\t<meta property=\"og:image:width\" content=\"800\" \/>\n\t<meta property=\"og:image:height\" content=\"800\" \/>\n\t<meta property=\"og:image:type\" content=\"image\/jpeg\" \/>\n<meta name=\"twitter:card\" content=\"summary_large_image\" \/>\n<meta name=\"twitter:label1\" content=\"Tiempo de lectura\" \/>\n\t<meta name=\"twitter:data1\" content=\"4 minutos\" \/>\n<script type=\"application\/ld+json\" class=\"yoast-schema-graph\">{\"@context\":\"https:\\\/\\\/schema.org\",\"@graph\":[{\"@type\":\"WebPage\",\"@id\":\"https:\\\/\\\/centro-cee.com\\\/web\\\/producto\\\/mba-administracion-y-direccion-de-empresas\\\/\",\"url\":\"https:\\\/\\\/centro-cee.com\\\/web\\\/producto\\\/mba-administracion-y-direccion-de-empresas\\\/\",\"name\":\"MBA Administraci\u00f3n y Direcci\u00f3n de Empresas\",\"isPartOf\":{\"@id\":\"https:\\\/\\\/centro-cee.com\\\/web\\\/#website\"},\"primaryImageOfPage\":{\"@id\":\"https:\\\/\\\/centro-cee.com\\\/web\\\/producto\\\/mba-administracion-y-direccion-de-empresas\\\/#primaryimage\"},\"image\":{\"@id\":\"https:\\\/\\\/centro-cee.com\\\/web\\\/producto\\\/mba-administracion-y-direccion-de-empresas\\\/#primaryimage\"},\"thumbnailUrl\":\"https:\\\/\\\/centro-cee.com\\\/web\\\/wp-content\\\/uploads\\\/2023\\\/02\\\/mba-administracion-y-direccion-de-empresas.jpg\",\"datePublished\":\"2023-02-06T11:01:25+00:00\",\"dateModified\":\"2026-03-13T16:40:47+00:00\",\"description\":\"MBA en Administraci\u00f3n y Direcci\u00f3n de Empresas aprender\u00e1s sobre liderazgo y la toma de decisiones para desarrollar habilidades en la direcci\u00f3n de empresas.\",\"breadcrumb\":{\"@id\":\"https:\\\/\\\/centro-cee.com\\\/web\\\/producto\\\/mba-administracion-y-direccion-de-empresas\\\/#breadcrumb\"},\"inLanguage\":\"es\",\"potentialAction\":[{\"@type\":\"ReadAction\",\"target\":[\"https:\\\/\\\/centro-cee.com\\\/web\\\/producto\\\/mba-administracion-y-direccion-de-empresas\\\/\"]}]},{\"@type\":\"ImageObject\",\"inLanguage\":\"es\",\"@id\":\"https:\\\/\\\/centro-cee.com\\\/web\\\/producto\\\/mba-administracion-y-direccion-de-empresas\\\/#primaryimage\",\"url\":\"https:\\\/\\\/centro-cee.com\\\/web\\\/wp-content\\\/uploads\\\/2023\\\/02\\\/mba-administracion-y-direccion-de-empresas.jpg\",\"contentUrl\":\"https:\\\/\\\/centro-cee.com\\\/web\\\/wp-content\\\/uploads\\\/2023\\\/02\\\/mba-administracion-y-direccion-de-empresas.jpg\",\"width\":800,\"height\":800,\"caption\":\"mba-administracion-y-direccion-de-empresas\"},{\"@type\":\"BreadcrumbList\",\"@id\":\"https:\\\/\\\/centro-cee.com\\\/web\\\/producto\\\/mba-administracion-y-direccion-de-empresas\\\/#breadcrumb\",\"itemListElement\":[{\"@type\":\"ListItem\",\"position\":1,\"name\":\"Portada\",\"item\":\"https:\\\/\\\/centro-cee.com\\\/web\\\/\"},{\"@type\":\"ListItem\",\"position\":2,\"name\":\"MBA Administraci\u00f3n y Direcci\u00f3n de Empresas\"}]},{\"@type\":\"WebSite\",\"@id\":\"https:\\\/\\\/centro-cee.com\\\/web\\\/#website\",\"url\":\"https:\\\/\\\/centro-cee.com\\\/web\\\/\",\"name\":\"Centro Europeo E-learning\",\"description\":\"CEE Formaci\u00f3n Online\",\"publisher\":{\"@id\":\"https:\\\/\\\/centro-cee.com\\\/web\\\/#organization\"},\"alternateName\":\"Centro Online de Formaci\u00f3n\",\"potentialAction\":[{\"@type\":\"SearchAction\",\"target\":{\"@type\":\"EntryPoint\",\"urlTemplate\":\"https:\\\/\\\/centro-cee.com\\\/web\\\/?s={search_term_string}\"},\"query-input\":{\"@type\":\"PropertyValueSpecification\",\"valueRequired\":true,\"valueName\":\"search_term_string\"}}],\"inLanguage\":\"es\"},{\"@type\":\"Organization\",\"@id\":\"https:\\\/\\\/centro-cee.com\\\/web\\\/#organization\",\"name\":\"Centro Europeo E-learning CEE\",\"url\":\"https:\\\/\\\/centro-cee.com\\\/web\\\/\",\"logo\":{\"@type\":\"ImageObject\",\"inLanguage\":\"es\",\"@id\":\"https:\\\/\\\/centro-cee.com\\\/web\\\/#\\\/schema\\\/logo\\\/image\\\/\",\"url\":\"https:\\\/\\\/centro-cee.com\\\/web\\\/wp-content\\\/uploads\\\/2022\\\/12\\\/cropped-logo_educa.png\",\"contentUrl\":\"https:\\\/\\\/centro-cee.com\\\/web\\\/wp-content\\\/uploads\\\/2022\\\/12\\\/cropped-logo_educa.png\",\"width\":157,\"height\":63,\"caption\":\"Centro Europeo E-learning CEE\"},\"image\":{\"@id\":\"https:\\\/\\\/centro-cee.com\\\/web\\\/#\\\/schema\\\/logo\\\/image\\\/\"},\"sameAs\":[\"https:\\\/\\\/www.instagram.com\\\/centroeuropeo_cee\"]}]}<\/script>\n<!-- \/ Yoast SEO plugin. -->","yoast_head_json":{"title":"MBA Administraci\u00f3n y Direcci\u00f3n de Empresas","description":"MBA en Administraci\u00f3n y Direcci\u00f3n de Empresas aprender\u00e1s sobre liderazgo y la toma de decisiones para desarrollar habilidades en la direcci\u00f3n de empresas.","robots":{"index":"index","follow":"follow","max-snippet":"max-snippet:-1","max-image-preview":"max-image-preview:large","max-video-preview":"max-video-preview:-1"},"canonical":"https:\/\/centro-cee.com\/web\/producto\/mba-administracion-y-direccion-de-empresas\/","og_locale":"es_ES","og_type":"article","og_title":"MBA Administraci\u00f3n y Direcci\u00f3n de Empresas","og_description":"MBA en Administraci\u00f3n y Direcci\u00f3n de Empresas aprender\u00e1s sobre liderazgo y la toma de decisiones para desarrollar habilidades en la direcci\u00f3n de empresas.","og_url":"https:\/\/centro-cee.com\/web\/producto\/mba-administracion-y-direccion-de-empresas\/","og_site_name":"CEE Centro Europeo E-learning - Cursos online","article_modified_time":"2026-03-13T16:40:47+00:00","og_image":[{"width":800,"height":800,"url":"https:\/\/centro-cee.com\/web\/wp-content\/uploads\/2023\/02\/mba-administracion-y-direccion-de-empresas.jpg","type":"image\/jpeg"}],"twitter_card":"summary_large_image","twitter_misc":{"Tiempo de lectura":"4 minutos"},"schema":{"@context":"https:\/\/schema.org","@graph":[{"@type":"WebPage","@id":"https:\/\/centro-cee.com\/web\/producto\/mba-administracion-y-direccion-de-empresas\/","url":"https:\/\/centro-cee.com\/web\/producto\/mba-administracion-y-direccion-de-empresas\/","name":"MBA Administraci\u00f3n y Direcci\u00f3n de Empresas","isPartOf":{"@id":"https:\/\/centro-cee.com\/web\/#website"},"primaryImageOfPage":{"@id":"https:\/\/centro-cee.com\/web\/producto\/mba-administracion-y-direccion-de-empresas\/#primaryimage"},"image":{"@id":"https:\/\/centro-cee.com\/web\/producto\/mba-administracion-y-direccion-de-empresas\/#primaryimage"},"thumbnailUrl":"https:\/\/centro-cee.com\/web\/wp-content\/uploads\/2023\/02\/mba-administracion-y-direccion-de-empresas.jpg","datePublished":"2023-02-06T11:01:25+00:00","dateModified":"2026-03-13T16:40:47+00:00","description":"MBA en Administraci\u00f3n y Direcci\u00f3n de Empresas aprender\u00e1s sobre liderazgo y la toma de decisiones para desarrollar habilidades en la direcci\u00f3n de empresas.","breadcrumb":{"@id":"https:\/\/centro-cee.com\/web\/producto\/mba-administracion-y-direccion-de-empresas\/#breadcrumb"},"inLanguage":"es","potentialAction":[{"@type":"ReadAction","target":["https:\/\/centro-cee.com\/web\/producto\/mba-administracion-y-direccion-de-empresas\/"]}]},{"@type":"ImageObject","inLanguage":"es","@id":"https:\/\/centro-cee.com\/web\/producto\/mba-administracion-y-direccion-de-empresas\/#primaryimage","url":"https:\/\/centro-cee.com\/web\/wp-content\/uploads\/2023\/02\/mba-administracion-y-direccion-de-empresas.jpg","contentUrl":"https:\/\/centro-cee.com\/web\/wp-content\/uploads\/2023\/02\/mba-administracion-y-direccion-de-empresas.jpg","width":800,"height":800,"caption":"mba-administracion-y-direccion-de-empresas"},{"@type":"BreadcrumbList","@id":"https:\/\/centro-cee.com\/web\/producto\/mba-administracion-y-direccion-de-empresas\/#breadcrumb","itemListElement":[{"@type":"ListItem","position":1,"name":"Portada","item":"https:\/\/centro-cee.com\/web\/"},{"@type":"ListItem","position":2,"name":"MBA Administraci\u00f3n y Direcci\u00f3n de Empresas"}]},{"@type":"WebSite","@id":"https:\/\/centro-cee.com\/web\/#website","url":"https:\/\/centro-cee.com\/web\/","name":"Centro Europeo E-learning","description":"CEE Formaci\u00f3n Online","publisher":{"@id":"https:\/\/centro-cee.com\/web\/#organization"},"alternateName":"Centro Online de Formaci\u00f3n","potentialAction":[{"@type":"SearchAction","target":{"@type":"EntryPoint","urlTemplate":"https:\/\/centro-cee.com\/web\/?s={search_term_string}"},"query-input":{"@type":"PropertyValueSpecification","valueRequired":true,"valueName":"search_term_string"}}],"inLanguage":"es"},{"@type":"Organization","@id":"https:\/\/centro-cee.com\/web\/#organization","name":"Centro Europeo E-learning CEE","url":"https:\/\/centro-cee.com\/web\/","logo":{"@type":"ImageObject","inLanguage":"es","@id":"https:\/\/centro-cee.com\/web\/#\/schema\/logo\/image\/","url":"https:\/\/centro-cee.com\/web\/wp-content\/uploads\/2022\/12\/cropped-logo_educa.png","contentUrl":"https:\/\/centro-cee.com\/web\/wp-content\/uploads\/2022\/12\/cropped-logo_educa.png","width":157,"height":63,"caption":"Centro Europeo E-learning CEE"},"image":{"@id":"https:\/\/centro-cee.com\/web\/#\/schema\/logo\/image\/"},"sameAs":["https:\/\/www.instagram.com\/centroeuropeo_cee"]}]}},"_links":{"self":[{"href":"https:\/\/centro-cee.com\/web\/wp-json\/wp\/v2\/product\/1039","targetHints":{"allow":["GET"]}}],"collection":[{"href":"https:\/\/centro-cee.com\/web\/wp-json\/wp\/v2\/product"}],"about":[{"href":"https:\/\/centro-cee.com\/web\/wp-json\/wp\/v2\/types\/product"}],"replies":[{"embeddable":true,"href":"https:\/\/centro-cee.com\/web\/wp-json\/wp\/v2\/comments?post=1039"}],"wp:featuredmedia":[{"embeddable":true,"href":"https:\/\/centro-cee.com\/web\/wp-json\/wp\/v2\/media\/1040"}],"wp:attachment":[{"href":"https:\/\/centro-cee.com\/web\/wp-json\/wp\/v2\/media?parent=1039"}],"wp:term":[{"taxonomy":"product_brand","embeddable":true,"href":"https:\/\/centro-cee.com\/web\/wp-json\/wp\/v2\/product_brand?post=1039"},{"taxonomy":"product_cat","embeddable":true,"href":"https:\/\/centro-cee.com\/web\/wp-json\/wp\/v2\/product_cat?post=1039"},{"taxonomy":"product_tag","embeddable":true,"href":"https:\/\/centro-cee.com\/web\/wp-json\/wp\/v2\/product_tag?post=1039"}],"curies":[{"name":"wp","href":"https:\/\/api.w.org\/{rel}","templated":true}]}}