{"id":1003,"date":"2023-01-30T10:23:52","date_gmt":"2023-01-30T10:23:52","guid":{"rendered":"https:\/\/centro-cee.com\/web\/?post_type=product&#038;p=1003"},"modified":"2026-03-13T16:41:12","modified_gmt":"2026-03-13T16:41:12","slug":"master-mtc-en-acupuntura","status":"publish","type":"product","link":"https:\/\/centro-cee.com\/web\/producto\/master-mtc-en-acupuntura\/","title":{"rendered":"M\u00e1ster MTC en acupuntura"},"content":{"rendered":"<hr \/>\n<p><a href=\"https:\/\/centro-cee.com\/web\/formaciones\/\">Atras<\/a><\/p>\n<h5><em>M\u00e1ster MTC en acupuntura<\/em><\/h5>\n<p>Toda esta formaci\u00f3n se realiza 100% online en nuestro campus online de formaci\u00f3n.<\/p>\n<p>Las tutorias se realizan directamente desde el campus de estudio con la opci\u00f3n de mensajer\u00eda a profesores. Las tutorias son \u201ca demanda\u201d, cuando necesites soporte nos lo pides.<\/p>\n<p>Los t\u00edtulos de Centro CEE est\u00e1n autenticados por la firma de notario que valida contenidos y autenticidad a nivel internacional. Nuestra organizaci\u00f3n pertenece a la Asociaci\u00f3n Espa\u00f1ola de Calidad, organizaci\u00f3n Espa\u00f1ola de referencia para la calidad en la formaci\u00f3n. La certificaci\u00f3n se puede apostillar por la Haya para cualquier pa\u00eds firmante del convenio de la Haya.<\/p>\n<p>Se puede pagar a plazos.<\/p>\n<p>Carga horaria de la formaci\u00f3n: 350h<\/p>\n<h1>Temario<\/h1>\n<hr \/>\n<p>1. M\u00d3DULO 1. T\u00c9CNICO EN ACUPUNTURA<br \/>\nUNIDAD DID\u00c1CTICA 1. APLICACI\u00d3N DE LOS FUNDAMENTOS DE ANATOM\u00cdA, FISIOLOG\u00cdA Y PATOLOG\u00cdA<br \/>\n1. Los Tejidos<br \/>\n2. Anatom\u00eda, fisiolog\u00eda y patolog\u00eda de los principales \u00f3rganos, aparatos y sistemas del cuerpo humano relacionados con t\u00e9cnicas de acupuntura<br \/>\n3. \u2026<br \/>\nUNIDAD DID\u00c1CTICA 2. INTRODUCCI\u00d3N A LA ACUPUNTURA<br \/>\n1. Concepto y origen de la acupuntura<br \/>\n2. La acupuntura: bases de la disciplina terap\u00e9utica<br \/>\n3. \u2026<br \/>\nUNIDAD DID\u00c1CTICA 3. PRINCIPIOS FUNDAMENTALES DE LA MEDICINA CHINA TRADICIONAL<br \/>\n1. Teor\u00eda del Yin Yang<br \/>\n2. Teor\u00eda de los Cinco Movimientos o Elementos<br \/>\n3. \u2026<br \/>\nUNIDAD DID\u00c1CTICA 4. T\u00c9CNICAS DE ACUPUNTURA Y APLICACI\u00d3N<br \/>\n1. T\u00e9cnicas de acupuntura<br \/>\n2. Meridianos y puntos de acupuntura, concepto y localizaci\u00f3n<br \/>\n3. ..<br \/>\nUNIDAD DID\u00c1CTICA 5. LOS MEDIOS, EL PROFESIONAL Y EL CLIENTE EN ACUPUNTURA<br \/>\n1. Medidas de higiene y desinfecci\u00f3n relacionadas con la pr\u00e1ctica de la acupuntura<br \/>\n2. Preparaci\u00f3n de profesional<br \/>\n3. Ergonom\u00eda<br \/>\n4. \u2026<br \/>\nUNIDAD DID\u00c1CTICA 6. CALIDAD DEL SERVICIO OFRECIDO<br \/>\n1. Par\u00e1metros que definen la calidad del servicio<br \/>\n2. T\u00e9cnicas para evaluar el servicio y el grado de satisfacci\u00f3n del cliente en los servicios terapias corporales<br \/>\n3. \u2026<\/p>\n<p><strong>GESTI\u00d3N DE ESTR\u00c9S<\/strong><\/p>\n<p>1. EL ESTR\u00c9S Y SUS CARACTER\u00cdSTICAS<br \/>\n1.1. Introducci\u00f3n<br \/>\n1.2. Definiciones<br \/>\n1.3. Tipos de estr\u00e9s<br \/>\n1.4. \u2026<\/p>\n<p>2. EL ESTR\u00c9S LABORAL<br \/>\n2.1. Factores psicosociales<br \/>\n2.2. Diferencia entre presi\u00f3n de trabajo y estr\u00e9s<br \/>\n2.3. S\u00edntomas del estr\u00e9s laboral<br \/>\n2.4. Medidas Organizacionales<br \/>\n2.5. \u2026<\/p>\n<p>3. T\u00c9CNICAS PERSONALES DE CONTROL DE ESTR\u00c9S<br \/>\n3.1. T\u00e9cnicas de respiraci\u00f3n<br \/>\n3.1.1. En pie y respirando<br \/>\n3.1.2. Nadi Shodhana<br \/>\n3.1.3. \u2026<br \/>\n3.2. Consejos para evitar el estr\u00e9s<br \/>\n3.2.1. Habit\u00faate a<br \/>\n3.2.2. Anal\u00edzate<br \/>\n3.2.3. En el trabajo<br \/>\n3.2.4. Tiempo libre y ocio<br \/>\n3.2.5. \u2026<br \/>\n3.3. T\u00e9cnicas para dominar el estr\u00e9s<br \/>\n3.3.1. Identificando nuestros s\u00edntomas de relajaci\u00f3n<br \/>\n3.3.2. Un ant\u00eddoto para el desaliento<br \/>\n3.3.3. La concentraci\u00f3n: una respiraci\u00f3n en nueve rondas<br \/>\n3.3.4. \u2026<br \/>\nAnexo: Comprueba tu nivel de estr\u00e9s<\/p>\n<p>4. T\u00c9CNICA DE AFRONTAMIENTO DEL ESTR\u00c9S<br \/>\n4.1. Introducci\u00f3n<br \/>\n4.2. Desarrollo de la t\u00e9cnica<br \/>\n4.2.1. Desarrollo de una relajaci\u00f3n efectiva<br \/>\n4.2.2. \u2026<\/p>\n<p>&nbsp;<\/p>\n<h5><em>M\u00e1ster MTC en acupuntura<\/em><\/h5>\n<hr \/>\n<p><em>\u00a0<\/em><\/p>\n","protected":false},"excerpt":{"rendered":"<p><a href=\"https:\/\/centro-cee.com\/web\/formaciones\/\">Atras<\/a><\/p>\n<p>Formate y especializate en TODOS los aspectos relacionados con la acupuntura, con contenidos actualizados. La acupuntura es una terapia milenaria originaria de China, que con la aplicaci\u00f3n de agujas en puntos espec\u00edficos del cuerpo permite tratar ciertas enfermedades.<\/p>\n<p>Estas agujas cuando se aplican sobre algunas regiones espec\u00edficas son capaces de tratar diversas enfermedades f\u00edsicas o emocionales como por ejemplo la sinusitis, el asma, la migra\u00f1a o la artritis, adem\u00e1s de mejorar el sistema inmunitario.<\/p>\n<p>La formaci\u00f3n obtenida es de alto nivel y con gran cantidad de contenidos que dotaran a las\/los alumnas\/os de unos conocimientos excelentes. Formaci\u00f3n avalada por <strong>APENB<\/strong>.<\/p>\n","protected":false},"featured_media":1004,"comment_status":"closed","ping_status":"closed","template":"","meta":[],"product_brand":[],"product_cat":[2049,17],"product_tag":[1495,757,1496,1498,1494,1492,1493,755,1497,756],"class_list":{"0":"post-1003","1":"product","2":"type-product","3":"status-publish","4":"has-post-thumbnail","6":"product_cat-cursos-online-terapias-naturales","7":"product_cat-master","8":"product_tag-certificacion-en-mtc","9":"product_tag-curso-online-de-acupuntura","10":"product_tag-diagnostico-en-medicina-china","11":"product_tag-equilibrio-energetico-y-salud","12":"product_tag-formacion-en-acupuntura","13":"product_tag-master-en-acupuntura","14":"product_tag-medicina-tradicional-china","15":"product_tag-tecnicas-de-acupuntura","16":"product_tag-terapias-complementarias","17":"product_tag-tratamientos-con-acupuntura","19":"first","20":"instock","21":"sale","22":"shipping-taxable","23":"purchasable","24":"product-type-simple"},"yoast_head":"<!-- This site is optimized with the Yoast SEO plugin v27.4 - https:\/\/yoast.com\/product\/yoast-seo-wordpress\/ -->\n<title>M\u00e1ster MTC en acupuntura - CEE Centro Europeo E-learning - Cursos online<\/title>\n<meta name=\"description\" content=\"M\u00e1ster MTC en acupuntura, te permite conocer a fondo esta milenaria t\u00e9cnica de la m\u00e9dicina china que proporciona bienestar y salud.\" \/>\n<meta name=\"robots\" content=\"index, follow, max-snippet:-1, max-image-preview:large, max-video-preview:-1\" \/>\n<link rel=\"canonical\" href=\"https:\/\/centro-cee.com\/web\/producto\/master-mtc-en-acupuntura\/\" \/>\n<meta property=\"og:locale\" content=\"es_ES\" \/>\n<meta property=\"og:type\" content=\"article\" \/>\n<meta property=\"og:title\" content=\"M\u00e1ster MTC en acupuntura - CEE Centro Europeo E-learning - Cursos online\" \/>\n<meta property=\"og:description\" content=\"M\u00e1ster MTC en acupuntura, te permite conocer a fondo esta milenaria t\u00e9cnica de la m\u00e9dicina china que proporciona bienestar y salud.\" \/>\n<meta property=\"og:url\" content=\"https:\/\/centro-cee.com\/web\/producto\/master-mtc-en-acupuntura\/\" \/>\n<meta property=\"og:site_name\" content=\"CEE Centro Europeo E-learning - Cursos online\" \/>\n<meta property=\"article:modified_time\" content=\"2026-03-13T16:41:12+00:00\" \/>\n<meta property=\"og:image\" content=\"https:\/\/centro-cee.com\/web\/wp-content\/uploads\/2023\/01\/acu2.jpg\" \/>\n\t<meta property=\"og:image:width\" content=\"468\" \/>\n\t<meta property=\"og:image:height\" content=\"336\" \/>\n\t<meta property=\"og:image:type\" content=\"image\/jpeg\" \/>\n<meta name=\"twitter:card\" content=\"summary_large_image\" \/>\n<meta name=\"twitter:label1\" content=\"Tiempo de lectura\" \/>\n\t<meta name=\"twitter:data1\" content=\"2 minutos\" \/>\n<script type=\"application\/ld+json\" class=\"yoast-schema-graph\">{\"@context\":\"https:\\\/\\\/schema.org\",\"@graph\":[{\"@type\":\"WebPage\",\"@id\":\"https:\\\/\\\/centro-cee.com\\\/web\\\/producto\\\/master-mtc-en-acupuntura\\\/\",\"url\":\"https:\\\/\\\/centro-cee.com\\\/web\\\/producto\\\/master-mtc-en-acupuntura\\\/\",\"name\":\"M\u00e1ster MTC en acupuntura - CEE Centro Europeo E-learning - Cursos online\",\"isPartOf\":{\"@id\":\"https:\\\/\\\/centro-cee.com\\\/web\\\/#website\"},\"primaryImageOfPage\":{\"@id\":\"https:\\\/\\\/centro-cee.com\\\/web\\\/producto\\\/master-mtc-en-acupuntura\\\/#primaryimage\"},\"image\":{\"@id\":\"https:\\\/\\\/centro-cee.com\\\/web\\\/producto\\\/master-mtc-en-acupuntura\\\/#primaryimage\"},\"thumbnailUrl\":\"https:\\\/\\\/centro-cee.com\\\/web\\\/wp-content\\\/uploads\\\/2023\\\/01\\\/acu2.jpg\",\"datePublished\":\"2023-01-30T10:23:52+00:00\",\"dateModified\":\"2026-03-13T16:41:12+00:00\",\"description\":\"M\u00e1ster MTC en acupuntura, te permite conocer a fondo esta milenaria t\u00e9cnica de la m\u00e9dicina china que proporciona bienestar y salud.\",\"breadcrumb\":{\"@id\":\"https:\\\/\\\/centro-cee.com\\\/web\\\/producto\\\/master-mtc-en-acupuntura\\\/#breadcrumb\"},\"inLanguage\":\"es\",\"potentialAction\":[{\"@type\":\"ReadAction\",\"target\":[\"https:\\\/\\\/centro-cee.com\\\/web\\\/producto\\\/master-mtc-en-acupuntura\\\/\"]}]},{\"@type\":\"ImageObject\",\"inLanguage\":\"es\",\"@id\":\"https:\\\/\\\/centro-cee.com\\\/web\\\/producto\\\/master-mtc-en-acupuntura\\\/#primaryimage\",\"url\":\"https:\\\/\\\/centro-cee.com\\\/web\\\/wp-content\\\/uploads\\\/2023\\\/01\\\/acu2.jpg\",\"contentUrl\":\"https:\\\/\\\/centro-cee.com\\\/web\\\/wp-content\\\/uploads\\\/2023\\\/01\\\/acu2.jpg\",\"width\":468,\"height\":336,\"caption\":\"Acupuntura Centro CEE\"},{\"@type\":\"BreadcrumbList\",\"@id\":\"https:\\\/\\\/centro-cee.com\\\/web\\\/producto\\\/master-mtc-en-acupuntura\\\/#breadcrumb\",\"itemListElement\":[{\"@type\":\"ListItem\",\"position\":1,\"name\":\"Portada\",\"item\":\"https:\\\/\\\/centro-cee.com\\\/web\\\/\"},{\"@type\":\"ListItem\",\"position\":2,\"name\":\"M\u00e1ster MTC en acupuntura\"}]},{\"@type\":\"WebSite\",\"@id\":\"https:\\\/\\\/centro-cee.com\\\/web\\\/#website\",\"url\":\"https:\\\/\\\/centro-cee.com\\\/web\\\/\",\"name\":\"Centro Europeo E-learning\",\"description\":\"CEE Formaci\u00f3n Online\",\"publisher\":{\"@id\":\"https:\\\/\\\/centro-cee.com\\\/web\\\/#organization\"},\"alternateName\":\"Centro Online de Formaci\u00f3n\",\"potentialAction\":[{\"@type\":\"SearchAction\",\"target\":{\"@type\":\"EntryPoint\",\"urlTemplate\":\"https:\\\/\\\/centro-cee.com\\\/web\\\/?s={search_term_string}\"},\"query-input\":{\"@type\":\"PropertyValueSpecification\",\"valueRequired\":true,\"valueName\":\"search_term_string\"}}],\"inLanguage\":\"es\"},{\"@type\":\"Organization\",\"@id\":\"https:\\\/\\\/centro-cee.com\\\/web\\\/#organization\",\"name\":\"Centro Europeo E-learning CEE\",\"url\":\"https:\\\/\\\/centro-cee.com\\\/web\\\/\",\"logo\":{\"@type\":\"ImageObject\",\"inLanguage\":\"es\",\"@id\":\"https:\\\/\\\/centro-cee.com\\\/web\\\/#\\\/schema\\\/logo\\\/image\\\/\",\"url\":\"https:\\\/\\\/centro-cee.com\\\/web\\\/wp-content\\\/uploads\\\/2022\\\/12\\\/cropped-logo_educa.png\",\"contentUrl\":\"https:\\\/\\\/centro-cee.com\\\/web\\\/wp-content\\\/uploads\\\/2022\\\/12\\\/cropped-logo_educa.png\",\"width\":157,\"height\":63,\"caption\":\"Centro Europeo E-learning CEE\"},\"image\":{\"@id\":\"https:\\\/\\\/centro-cee.com\\\/web\\\/#\\\/schema\\\/logo\\\/image\\\/\"},\"sameAs\":[\"https:\\\/\\\/www.instagram.com\\\/centroeuropeo_cee\"]}]}<\/script>\n<!-- \/ Yoast SEO plugin. -->","yoast_head_json":{"title":"M\u00e1ster MTC en acupuntura - CEE Centro Europeo E-learning - Cursos online","description":"M\u00e1ster MTC en acupuntura, te permite conocer a fondo esta milenaria t\u00e9cnica de la m\u00e9dicina china que proporciona bienestar y salud.","robots":{"index":"index","follow":"follow","max-snippet":"max-snippet:-1","max-image-preview":"max-image-preview:large","max-video-preview":"max-video-preview:-1"},"canonical":"https:\/\/centro-cee.com\/web\/producto\/master-mtc-en-acupuntura\/","og_locale":"es_ES","og_type":"article","og_title":"M\u00e1ster MTC en acupuntura - CEE Centro Europeo E-learning - Cursos online","og_description":"M\u00e1ster MTC en acupuntura, te permite conocer a fondo esta milenaria t\u00e9cnica de la m\u00e9dicina china que proporciona bienestar y salud.","og_url":"https:\/\/centro-cee.com\/web\/producto\/master-mtc-en-acupuntura\/","og_site_name":"CEE Centro Europeo E-learning - Cursos online","article_modified_time":"2026-03-13T16:41:12+00:00","og_image":[{"width":468,"height":336,"url":"https:\/\/centro-cee.com\/web\/wp-content\/uploads\/2023\/01\/acu2.jpg","type":"image\/jpeg"}],"twitter_card":"summary_large_image","twitter_misc":{"Tiempo de lectura":"2 minutos"},"schema":{"@context":"https:\/\/schema.org","@graph":[{"@type":"WebPage","@id":"https:\/\/centro-cee.com\/web\/producto\/master-mtc-en-acupuntura\/","url":"https:\/\/centro-cee.com\/web\/producto\/master-mtc-en-acupuntura\/","name":"M\u00e1ster MTC en acupuntura - CEE Centro Europeo E-learning - Cursos online","isPartOf":{"@id":"https:\/\/centro-cee.com\/web\/#website"},"primaryImageOfPage":{"@id":"https:\/\/centro-cee.com\/web\/producto\/master-mtc-en-acupuntura\/#primaryimage"},"image":{"@id":"https:\/\/centro-cee.com\/web\/producto\/master-mtc-en-acupuntura\/#primaryimage"},"thumbnailUrl":"https:\/\/centro-cee.com\/web\/wp-content\/uploads\/2023\/01\/acu2.jpg","datePublished":"2023-01-30T10:23:52+00:00","dateModified":"2026-03-13T16:41:12+00:00","description":"M\u00e1ster MTC en acupuntura, te permite conocer a fondo esta milenaria t\u00e9cnica de la m\u00e9dicina china que proporciona bienestar y salud.","breadcrumb":{"@id":"https:\/\/centro-cee.com\/web\/producto\/master-mtc-en-acupuntura\/#breadcrumb"},"inLanguage":"es","potentialAction":[{"@type":"ReadAction","target":["https:\/\/centro-cee.com\/web\/producto\/master-mtc-en-acupuntura\/"]}]},{"@type":"ImageObject","inLanguage":"es","@id":"https:\/\/centro-cee.com\/web\/producto\/master-mtc-en-acupuntura\/#primaryimage","url":"https:\/\/centro-cee.com\/web\/wp-content\/uploads\/2023\/01\/acu2.jpg","contentUrl":"https:\/\/centro-cee.com\/web\/wp-content\/uploads\/2023\/01\/acu2.jpg","width":468,"height":336,"caption":"Acupuntura Centro CEE"},{"@type":"BreadcrumbList","@id":"https:\/\/centro-cee.com\/web\/producto\/master-mtc-en-acupuntura\/#breadcrumb","itemListElement":[{"@type":"ListItem","position":1,"name":"Portada","item":"https:\/\/centro-cee.com\/web\/"},{"@type":"ListItem","position":2,"name":"M\u00e1ster MTC en acupuntura"}]},{"@type":"WebSite","@id":"https:\/\/centro-cee.com\/web\/#website","url":"https:\/\/centro-cee.com\/web\/","name":"Centro Europeo E-learning","description":"CEE Formaci\u00f3n Online","publisher":{"@id":"https:\/\/centro-cee.com\/web\/#organization"},"alternateName":"Centro Online de Formaci\u00f3n","potentialAction":[{"@type":"SearchAction","target":{"@type":"EntryPoint","urlTemplate":"https:\/\/centro-cee.com\/web\/?s={search_term_string}"},"query-input":{"@type":"PropertyValueSpecification","valueRequired":true,"valueName":"search_term_string"}}],"inLanguage":"es"},{"@type":"Organization","@id":"https:\/\/centro-cee.com\/web\/#organization","name":"Centro Europeo E-learning CEE","url":"https:\/\/centro-cee.com\/web\/","logo":{"@type":"ImageObject","inLanguage":"es","@id":"https:\/\/centro-cee.com\/web\/#\/schema\/logo\/image\/","url":"https:\/\/centro-cee.com\/web\/wp-content\/uploads\/2022\/12\/cropped-logo_educa.png","contentUrl":"https:\/\/centro-cee.com\/web\/wp-content\/uploads\/2022\/12\/cropped-logo_educa.png","width":157,"height":63,"caption":"Centro Europeo E-learning CEE"},"image":{"@id":"https:\/\/centro-cee.com\/web\/#\/schema\/logo\/image\/"},"sameAs":["https:\/\/www.instagram.com\/centroeuropeo_cee"]}]}},"_links":{"self":[{"href":"https:\/\/centro-cee.com\/web\/wp-json\/wp\/v2\/product\/1003","targetHints":{"allow":["GET"]}}],"collection":[{"href":"https:\/\/centro-cee.com\/web\/wp-json\/wp\/v2\/product"}],"about":[{"href":"https:\/\/centro-cee.com\/web\/wp-json\/wp\/v2\/types\/product"}],"replies":[{"embeddable":true,"href":"https:\/\/centro-cee.com\/web\/wp-json\/wp\/v2\/comments?post=1003"}],"wp:featuredmedia":[{"embeddable":true,"href":"https:\/\/centro-cee.com\/web\/wp-json\/wp\/v2\/media\/1004"}],"wp:attachment":[{"href":"https:\/\/centro-cee.com\/web\/wp-json\/wp\/v2\/media?parent=1003"}],"wp:term":[{"taxonomy":"product_brand","embeddable":true,"href":"https:\/\/centro-cee.com\/web\/wp-json\/wp\/v2\/product_brand?post=1003"},{"taxonomy":"product_cat","embeddable":true,"href":"https:\/\/centro-cee.com\/web\/wp-json\/wp\/v2\/product_cat?post=1003"},{"taxonomy":"product_tag","embeddable":true,"href":"https:\/\/centro-cee.com\/web\/wp-json\/wp\/v2\/product_tag?post=1003"}],"curies":[{"name":"wp","href":"https:\/\/api.w.org\/{rel}","templated":true}]}}