{"id":94,"date":"2022-12-29T11:23:40","date_gmt":"2022-12-29T11:23:40","guid":{"rendered":"https:\/\/centro-cee.com\/web\/home\/"},"modified":"2026-03-10T14:28:39","modified_gmt":"2026-03-10T14:28:39","slug":"cee-centro-europeo-e-learning-cursos-online","status":"publish","type":"page","link":"https:\/\/centro-cee.com\/web\/","title":{"rendered":"CEE Centro Europeo E-learning &#8211; Cursos Online"},"content":{"rendered":"<p><script type=\"application\/ld+json\">\n{\n  \"@context\": \"https:\/\/schema.org\",\n  \"@type\": \"EducationalOrganization\",\n  \"@id\": \"https:\/\/centro-cee.com\/web#organization\",\n  \"name\": \"Centro Europeo e-Learning (CEE)\",\n  \"alternateName\": [\n    \"CEE\",\n    \"CEE Formaci\u00f3n Online\",\n    \"Centro CEE\"\n  ],\n  \"url\": \"https:\/\/centro-cee.com\/web\",\n  \"telephone\": \"+34 919031512\",\n  \"description\": \"Centro Europeo e-Learning (CEE) es una escuela especializada en formaci\u00f3n online que ofrece cursos y m\u00e1steres en distintas \u00e1reas profesionales mediante metodolog\u00eda e-learning.\",\n  \"contactPoint\": [\n    {\n      \"@type\": \"ContactPoint\",\n      \"contactType\": \"atenci\u00f3n al cliente\",\n      \"telephone\": \"+34 919031512\",\n      \"availableLanguage\": [\"es\"]\n    },\n    {\n      \"@type\": \"ContactPoint\",\n      \"contactType\": \"WhatsApp\",\n      \"telephone\": \"+34 623013373\",\n      \"email\": \"info@centro-cee.com\",\n      \"availableLanguage\": [\"es\"]\n    }\n  ]\n}\n<\/script><\/p>\n","protected":false},"excerpt":{"rendered":"","protected":false},"author":1,"featured_media":0,"parent":0,"menu_order":0,"comment_status":"closed","ping_status":"closed","template":"templates\/template-homepage.php","meta":{"footnotes":""},"class_list":["post-94","page","type-page","status-publish","hentry"],"yoast_head":"<!-- This site is optimized with the Yoast SEO plugin v27.5 - https:\/\/yoast.com\/product\/yoast-seo-wordpress\/ -->\n<title>CEE Centro Europeo E-learning - Cursos Online<\/title>\n<meta name=\"description\" content=\"CEE Centro Europeo E-learning - Cursos Online. Formaci\u00f3n entrenador personal, psicolog\u00eda hol\u00edstica, medicina est\u00e9tica....te esperamos\" \/>\n<meta name=\"robots\" content=\"index, follow, max-snippet:-1, max-image-preview:large, max-video-preview:-1\" \/>\n<link rel=\"canonical\" href=\"https:\/\/centro-cee.com\/web\/\" \/>\n<meta property=\"og:locale\" content=\"es_ES\" \/>\n<meta property=\"og:type\" content=\"article\" \/>\n<meta property=\"og:title\" content=\"CEE Centro Europeo E-learning - Cursos Online\" \/>\n<meta property=\"og:description\" content=\"CEE Centro Europeo E-learning - Cursos Online. Formaci\u00f3n entrenador personal, psicolog\u00eda hol\u00edstica, medicina est\u00e9tica....te esperamos\" \/>\n<meta property=\"og:url\" content=\"https:\/\/centro-cee.com\/web\/\" \/>\n<meta property=\"og:site_name\" content=\"CEE Centro Europeo E-learning - Cursos online\" \/>\n<meta property=\"article:modified_time\" content=\"2026-03-10T14:28:39+00:00\" \/>\n<meta property=\"og:image\" content=\"https:\/\/centro-cee.com\/web\/wp-content\/uploads\/2022\/12\/cropped-logo_educa.png\" \/>\n\t<meta property=\"og:image:width\" content=\"157\" \/>\n\t<meta property=\"og:image:height\" content=\"63\" \/>\n\t<meta property=\"og:image:type\" content=\"image\/png\" \/>\n<meta name=\"twitter:card\" content=\"summary_large_image\" \/>\n<script type=\"application\/ld+json\" class=\"yoast-schema-graph\">{\"@context\":\"https:\\\/\\\/schema.org\",\"@graph\":[{\"@type\":\"WebPage\",\"@id\":\"https:\\\/\\\/centro-cee.com\\\/web\\\/\",\"url\":\"https:\\\/\\\/centro-cee.com\\\/web\\\/\",\"name\":\"CEE Centro Europeo E-learning - Cursos Online\",\"isPartOf\":{\"@id\":\"https:\\\/\\\/centro-cee.com\\\/web\\\/#website\"},\"datePublished\":\"2022-12-29T11:23:40+00:00\",\"dateModified\":\"2026-03-10T14:28:39+00:00\",\"description\":\"CEE Centro Europeo E-learning - Cursos Online. Formaci\u00f3n entrenador personal, psicolog\u00eda hol\u00edstica, medicina est\u00e9tica....te esperamos\",\"breadcrumb\":{\"@id\":\"https:\\\/\\\/centro-cee.com\\\/web\\\/#breadcrumb\"},\"inLanguage\":\"es\",\"potentialAction\":[{\"@type\":\"ReadAction\",\"target\":[\"https:\\\/\\\/centro-cee.com\\\/web\\\/\"]}]},{\"@type\":\"BreadcrumbList\",\"@id\":\"https:\\\/\\\/centro-cee.com\\\/web\\\/#breadcrumb\",\"itemListElement\":[{\"@type\":\"ListItem\",\"position\":1,\"name\":\"Portada\",\"item\":\"https:\\\/\\\/centro-cee.com\\\/web\\\/\"},{\"@type\":\"ListItem\",\"position\":2,\"name\":\"CEE Centro Europeo E-learning &#8211; Cursos Online\"}]},{\"@type\":\"WebSite\",\"@id\":\"https:\\\/\\\/centro-cee.com\\\/web\\\/#website\",\"url\":\"https:\\\/\\\/centro-cee.com\\\/web\\\/\",\"name\":\"Centro Europeo E-learning\",\"description\":\"CEE Formaci\u00f3n Online\",\"publisher\":{\"@id\":\"https:\\\/\\\/centro-cee.com\\\/web\\\/#organization\"},\"alternateName\":\"Centro Online de Formaci\u00f3n\",\"potentialAction\":[{\"@type\":\"SearchAction\",\"target\":{\"@type\":\"EntryPoint\",\"urlTemplate\":\"https:\\\/\\\/centro-cee.com\\\/web\\\/?s={search_term_string}\"},\"query-input\":{\"@type\":\"PropertyValueSpecification\",\"valueRequired\":true,\"valueName\":\"search_term_string\"}}],\"inLanguage\":\"es\"},{\"@type\":\"Organization\",\"@id\":\"https:\\\/\\\/centro-cee.com\\\/web\\\/#organization\",\"name\":\"Centro Europeo E-learning CEE\",\"url\":\"https:\\\/\\\/centro-cee.com\\\/web\\\/\",\"logo\":{\"@type\":\"ImageObject\",\"inLanguage\":\"es\",\"@id\":\"https:\\\/\\\/centro-cee.com\\\/web\\\/#\\\/schema\\\/logo\\\/image\\\/\",\"url\":\"https:\\\/\\\/centro-cee.com\\\/web\\\/wp-content\\\/uploads\\\/2022\\\/12\\\/cropped-logo_educa.png\",\"contentUrl\":\"https:\\\/\\\/centro-cee.com\\\/web\\\/wp-content\\\/uploads\\\/2022\\\/12\\\/cropped-logo_educa.png\",\"width\":157,\"height\":63,\"caption\":\"Centro Europeo E-learning CEE\"},\"image\":{\"@id\":\"https:\\\/\\\/centro-cee.com\\\/web\\\/#\\\/schema\\\/logo\\\/image\\\/\"},\"sameAs\":[\"https:\\\/\\\/www.instagram.com\\\/centroeuropeo_cee\"]}]}<\/script>\n<!-- \/ Yoast SEO plugin. -->","yoast_head_json":{"title":"CEE Centro Europeo E-learning - Cursos Online","description":"CEE Centro Europeo E-learning - Cursos Online. Formaci\u00f3n entrenador personal, psicolog\u00eda hol\u00edstica, medicina est\u00e9tica....te esperamos","robots":{"index":"index","follow":"follow","max-snippet":"max-snippet:-1","max-image-preview":"max-image-preview:large","max-video-preview":"max-video-preview:-1"},"canonical":"https:\/\/centro-cee.com\/web\/","og_locale":"es_ES","og_type":"article","og_title":"CEE Centro Europeo E-learning - Cursos Online","og_description":"CEE Centro Europeo E-learning - Cursos Online. Formaci\u00f3n entrenador personal, psicolog\u00eda hol\u00edstica, medicina est\u00e9tica....te esperamos","og_url":"https:\/\/centro-cee.com\/web\/","og_site_name":"CEE Centro Europeo E-learning - Cursos online","article_modified_time":"2026-03-10T14:28:39+00:00","og_image":[{"width":157,"height":63,"url":"https:\/\/centro-cee.com\/web\/wp-content\/uploads\/2022\/12\/cropped-logo_educa.png","type":"image\/png"}],"twitter_card":"summary_large_image","schema":{"@context":"https:\/\/schema.org","@graph":[{"@type":"WebPage","@id":"https:\/\/centro-cee.com\/web\/","url":"https:\/\/centro-cee.com\/web\/","name":"CEE Centro Europeo E-learning - Cursos Online","isPartOf":{"@id":"https:\/\/centro-cee.com\/web\/#website"},"datePublished":"2022-12-29T11:23:40+00:00","dateModified":"2026-03-10T14:28:39+00:00","description":"CEE Centro Europeo E-learning - Cursos Online. Formaci\u00f3n entrenador personal, psicolog\u00eda hol\u00edstica, medicina est\u00e9tica....te esperamos","breadcrumb":{"@id":"https:\/\/centro-cee.com\/web\/#breadcrumb"},"inLanguage":"es","potentialAction":[{"@type":"ReadAction","target":["https:\/\/centro-cee.com\/web\/"]}]},{"@type":"BreadcrumbList","@id":"https:\/\/centro-cee.com\/web\/#breadcrumb","itemListElement":[{"@type":"ListItem","position":1,"name":"Portada","item":"https:\/\/centro-cee.com\/web\/"},{"@type":"ListItem","position":2,"name":"CEE Centro Europeo E-learning &#8211; Cursos Online"}]},{"@type":"WebSite","@id":"https:\/\/centro-cee.com\/web\/#website","url":"https:\/\/centro-cee.com\/web\/","name":"Centro Europeo E-learning","description":"CEE Formaci\u00f3n Online","publisher":{"@id":"https:\/\/centro-cee.com\/web\/#organization"},"alternateName":"Centro Online de Formaci\u00f3n","potentialAction":[{"@type":"SearchAction","target":{"@type":"EntryPoint","urlTemplate":"https:\/\/centro-cee.com\/web\/?s={search_term_string}"},"query-input":{"@type":"PropertyValueSpecification","valueRequired":true,"valueName":"search_term_string"}}],"inLanguage":"es"},{"@type":"Organization","@id":"https:\/\/centro-cee.com\/web\/#organization","name":"Centro Europeo E-learning CEE","url":"https:\/\/centro-cee.com\/web\/","logo":{"@type":"ImageObject","inLanguage":"es","@id":"https:\/\/centro-cee.com\/web\/#\/schema\/logo\/image\/","url":"https:\/\/centro-cee.com\/web\/wp-content\/uploads\/2022\/12\/cropped-logo_educa.png","contentUrl":"https:\/\/centro-cee.com\/web\/wp-content\/uploads\/2022\/12\/cropped-logo_educa.png","width":157,"height":63,"caption":"Centro Europeo E-learning CEE"},"image":{"@id":"https:\/\/centro-cee.com\/web\/#\/schema\/logo\/image\/"},"sameAs":["https:\/\/www.instagram.com\/centroeuropeo_cee"]}]}},"_links":{"self":[{"href":"https:\/\/centro-cee.com\/web\/wp-json\/wp\/v2\/pages\/94","targetHints":{"allow":["GET"]}}],"collection":[{"href":"https:\/\/centro-cee.com\/web\/wp-json\/wp\/v2\/pages"}],"about":[{"href":"https:\/\/centro-cee.com\/web\/wp-json\/wp\/v2\/types\/page"}],"author":[{"embeddable":true,"href":"https:\/\/centro-cee.com\/web\/wp-json\/wp\/v2\/users\/1"}],"replies":[{"embeddable":true,"href":"https:\/\/centro-cee.com\/web\/wp-json\/wp\/v2\/comments?post=94"}],"version-history":[{"count":4,"href":"https:\/\/centro-cee.com\/web\/wp-json\/wp\/v2\/pages\/94\/revisions"}],"predecessor-version":[{"id":2614,"href":"https:\/\/centro-cee.com\/web\/wp-json\/wp\/v2\/pages\/94\/revisions\/2614"}],"wp:attachment":[{"href":"https:\/\/centro-cee.com\/web\/wp-json\/wp\/v2\/media?parent=94"}],"curies":[{"name":"wp","href":"https:\/\/api.w.org\/{rel}","templated":true}]}}