{"id":1323,"date":"2023-07-03T14:00:32","date_gmt":"2023-07-03T14:00:32","guid":{"rendered":"https:\/\/centro-cee.com\/web\/?page_id=1323"},"modified":"2025-05-08T15:57:02","modified_gmt":"2025-05-08T15:57:02","slug":"universidad-clea","status":"publish","type":"page","link":"https:\/\/centro-cee.com\/web\/universidad-clea\/","title":{"rendered":"Universidad CLEA"},"content":{"rendered":"<p><center><img decoding=\"async\" class=\"wp-image-1325 aligncenter\" src=\"https:\/\/centro-cee.com\/web\/wp-content\/uploads\/2023\/06\/escudo-clea-color-291x300.png\" alt=\"\" width=\"120\" height=\"124\" \/><\/center><\/p>\n<p style=\"text-align: center;\"><strong>UNIVERSIDAD CLEA<br \/>\n<\/strong><\/p>\n<p>Centro Europeo E-learning CEE, ha formalizado convenio de colaboraci\u00f3n con la Universidad CLEA Espa\u00f1a por el cual parte de nuestras acciones formativas van a poder ser certificadas por dicha universidad con el reconocimiento de cr\u00e9ditos de estudio.<\/p>\n<p>Como centro acreditado podemos jerarquizar nuestras formaciones privadas en funci\u00f3n de la duraci\u00f3n de los estudios, con la siguiente distribuci\u00f3n,<\/p>\n<ol>\n<li style=\"list-style-type: none;\">\n<ol>\n<li style=\"list-style-type: none;\">\n<ol>\n<li style=\"list-style-type: none;\">\n<ol>\n<li>Cursos<\/li>\n<li>Experto universitario<\/li>\n<li>Especialista universitario<\/li>\n<li>M\u00e1ster universitario<\/li>\n<\/ol>\n<\/li>\n<\/ol>\n<\/li>\n<\/ol>\n<\/li>\n<\/ol>\n<p><span style=\"font-size: medium;\">Todas estas formaciones son de extensi\u00f3n universitaria o formaci\u00f3n permanente, dependiente del departamento de Postgrado de la Universidad CLEA. La universidad con el mayor cat\u00e1logo de titulaciones propias del mundo.<\/span><\/p>\n<p>Tambi\u00e9n remarcar que estas certificaciones permiten que la\u00a0 <strong>Formaci\u00f3n sea baremable en oposiciones y bolsas de empleo p\u00fablico*.<\/strong><\/p>\n<p style=\"font-size: 75%;\"><em><strong>*En apartado de m\u00e9ritos, siempre que se especifique el otorgamiento de puntos se realizar\u00e1 sobre formaciones dependientes o expedidas por universidades\u201d.<\/strong><\/em><\/p>\n<p>&nbsp;<\/p>\n<p>Se trata, de formaciones con car\u00e1cter profesional y programas con un alto componente pr\u00e1ctico.<\/p>\n<p><a href=\"https:\/\/www.centro-cee.com\/clea_d.jpg\"><img decoding=\"async\" class=\" wp-image-2031 aligncenter\" src=\"https:\/\/centro-cee.com\/web\/wp-content\/uploads\/2025\/05\/clea_d-212x300.jpg\" alt=\"\" width=\"100\" height=\"100\" srcset=\"https:\/\/centro-cee.com\/web\/wp-content\/uploads\/2025\/05\/clea_d-150x150.jpg 150w, https:\/\/centro-cee.com\/web\/wp-content\/uploads\/2025\/05\/clea_d-300x300.jpg 300w, https:\/\/centro-cee.com\/web\/wp-content\/uploads\/2025\/05\/clea_d-100x100.jpg 100w\" sizes=\"(max-width: 100px) 100vw, 100px\" \/><\/a><\/p>\n<p style=\"text-align: center;\"><a href=\"https:\/\/centro-cee.com\/web\/categoria-producto\/universidad-clea\/\">Cursos Certificados por Universidad CLEA<\/a><\/p>\n","protected":false},"excerpt":{"rendered":"<p>UNIVERSIDAD CLEA Centro Europeo E-learning CEE, ha formalizado convenio de colaboraci\u00f3n con la Universidad CLEA Espa\u00f1a por el cual parte de nuestras acciones formativas van a poder ser certificadas por dicha universidad con el reconocimiento de cr\u00e9ditos de estudio. Como centro acreditado podemos jerarquizar nuestras formaciones privadas en funci\u00f3n de la duraci\u00f3n de los estudios, [&hellip;]<\/p>\n","protected":false},"author":1,"featured_media":0,"parent":0,"menu_order":0,"comment_status":"closed","ping_status":"closed","template":"","meta":{"footnotes":""},"class_list":["post-1323","page","type-page","status-publish","hentry"],"yoast_head":"<!-- This site is optimized with the Yoast SEO plugin v27.6 - https:\/\/yoast.com\/product\/yoast-seo-wordpress\/ -->\n<title>Universidad CLEA - CEE Centro Europeo E-learning - Cursos online<\/title>\n<meta name=\"description\" content=\"UNIVERSIDAD CLEA M\u00c9XICO, convenio de reconocimiento de cr\u00e9ditos universitarios con Centro Europeo E-learning CEE\" \/>\n<meta name=\"robots\" content=\"index, follow, max-snippet:-1, max-image-preview:large, max-video-preview:-1\" \/>\n<link rel=\"canonical\" href=\"https:\/\/centro-cee.com\/web\/universidad-clea\/\" \/>\n<meta property=\"og:locale\" content=\"es_ES\" \/>\n<meta property=\"og:type\" content=\"article\" \/>\n<meta property=\"og:title\" content=\"Universidad CLEA - CEE Centro Europeo E-learning - Cursos online\" \/>\n<meta property=\"og:description\" content=\"UNIVERSIDAD CLEA M\u00c9XICO, convenio de reconocimiento de cr\u00e9ditos universitarios con Centro Europeo E-learning CEE\" \/>\n<meta property=\"og:url\" content=\"https:\/\/centro-cee.com\/web\/universidad-clea\/\" \/>\n<meta property=\"og:site_name\" content=\"CEE Centro Europeo E-learning - Cursos online\" \/>\n<meta property=\"article:modified_time\" content=\"2025-05-08T15:57:02+00:00\" \/>\n<meta property=\"og:image\" content=\"https:\/\/centro-cee.com\/web\/wp-content\/uploads\/2023\/06\/escudo-clea-color-e1688570281313.png\" \/>\n\t<meta property=\"og:image:width\" content=\"300\" \/>\n\t<meta property=\"og:image:height\" content=\"309\" \/>\n\t<meta property=\"og:image:type\" content=\"image\/png\" \/>\n<meta name=\"twitter:card\" content=\"summary_large_image\" \/>\n<meta name=\"twitter:label1\" content=\"Tiempo de lectura\" \/>\n\t<meta name=\"twitter:data1\" content=\"2 minutos\" \/>\n<script type=\"application\/ld+json\" class=\"yoast-schema-graph\">{\"@context\":\"https:\\\/\\\/schema.org\",\"@graph\":[{\"@type\":\"WebPage\",\"@id\":\"https:\\\/\\\/centro-cee.com\\\/web\\\/universidad-clea\\\/\",\"url\":\"https:\\\/\\\/centro-cee.com\\\/web\\\/universidad-clea\\\/\",\"name\":\"Universidad CLEA - CEE Centro Europeo E-learning - Cursos online\",\"isPartOf\":{\"@id\":\"https:\\\/\\\/centro-cee.com\\\/web\\\/#website\"},\"primaryImageOfPage\":{\"@id\":\"https:\\\/\\\/centro-cee.com\\\/web\\\/universidad-clea\\\/#primaryimage\"},\"image\":{\"@id\":\"https:\\\/\\\/centro-cee.com\\\/web\\\/universidad-clea\\\/#primaryimage\"},\"thumbnailUrl\":\"https:\\\/\\\/centro-cee.com\\\/web\\\/wp-content\\\/uploads\\\/2023\\\/06\\\/escudo-clea-color-291x300.png\",\"datePublished\":\"2023-07-03T14:00:32+00:00\",\"dateModified\":\"2025-05-08T15:57:02+00:00\",\"description\":\"UNIVERSIDAD CLEA M\u00c9XICO, convenio de reconocimiento de cr\u00e9ditos universitarios con Centro Europeo E-learning CEE\",\"breadcrumb\":{\"@id\":\"https:\\\/\\\/centro-cee.com\\\/web\\\/universidad-clea\\\/#breadcrumb\"},\"inLanguage\":\"es\",\"potentialAction\":[{\"@type\":\"ReadAction\",\"target\":[\"https:\\\/\\\/centro-cee.com\\\/web\\\/universidad-clea\\\/\"]}]},{\"@type\":\"ImageObject\",\"inLanguage\":\"es\",\"@id\":\"https:\\\/\\\/centro-cee.com\\\/web\\\/universidad-clea\\\/#primaryimage\",\"url\":\"https:\\\/\\\/centro-cee.com\\\/web\\\/wp-content\\\/uploads\\\/2023\\\/06\\\/escudo-clea-color-e1688570281313.png\",\"contentUrl\":\"https:\\\/\\\/centro-cee.com\\\/web\\\/wp-content\\\/uploads\\\/2023\\\/06\\\/escudo-clea-color-e1688570281313.png\",\"width\":300,\"height\":309},{\"@type\":\"BreadcrumbList\",\"@id\":\"https:\\\/\\\/centro-cee.com\\\/web\\\/universidad-clea\\\/#breadcrumb\",\"itemListElement\":[{\"@type\":\"ListItem\",\"position\":1,\"name\":\"Portada\",\"item\":\"https:\\\/\\\/centro-cee.com\\\/web\\\/\"},{\"@type\":\"ListItem\",\"position\":2,\"name\":\"Universidad CLEA\"}]},{\"@type\":\"WebSite\",\"@id\":\"https:\\\/\\\/centro-cee.com\\\/web\\\/#website\",\"url\":\"https:\\\/\\\/centro-cee.com\\\/web\\\/\",\"name\":\"Centro Europeo E-learning\",\"description\":\"CEE Formaci\u00f3n Online\",\"publisher\":{\"@id\":\"https:\\\/\\\/centro-cee.com\\\/web\\\/#organization\"},\"alternateName\":\"Centro Online de Formaci\u00f3n\",\"potentialAction\":[{\"@type\":\"SearchAction\",\"target\":{\"@type\":\"EntryPoint\",\"urlTemplate\":\"https:\\\/\\\/centro-cee.com\\\/web\\\/?s={search_term_string}\"},\"query-input\":{\"@type\":\"PropertyValueSpecification\",\"valueRequired\":true,\"valueName\":\"search_term_string\"}}],\"inLanguage\":\"es\"},{\"@type\":\"Organization\",\"@id\":\"https:\\\/\\\/centro-cee.com\\\/web\\\/#organization\",\"name\":\"Centro Europeo E-learning CEE\",\"url\":\"https:\\\/\\\/centro-cee.com\\\/web\\\/\",\"logo\":{\"@type\":\"ImageObject\",\"inLanguage\":\"es\",\"@id\":\"https:\\\/\\\/centro-cee.com\\\/web\\\/#\\\/schema\\\/logo\\\/image\\\/\",\"url\":\"https:\\\/\\\/centro-cee.com\\\/web\\\/wp-content\\\/uploads\\\/2022\\\/12\\\/cropped-logo_educa.png\",\"contentUrl\":\"https:\\\/\\\/centro-cee.com\\\/web\\\/wp-content\\\/uploads\\\/2022\\\/12\\\/cropped-logo_educa.png\",\"width\":157,\"height\":63,\"caption\":\"Centro Europeo E-learning CEE\"},\"image\":{\"@id\":\"https:\\\/\\\/centro-cee.com\\\/web\\\/#\\\/schema\\\/logo\\\/image\\\/\"},\"sameAs\":[\"https:\\\/\\\/www.instagram.com\\\/centroeuropeo_cee\"]}]}<\/script>\n<!-- \/ Yoast SEO plugin. -->","yoast_head_json":{"title":"Universidad CLEA - CEE Centro Europeo E-learning - Cursos online","description":"UNIVERSIDAD CLEA M\u00c9XICO, convenio de reconocimiento de cr\u00e9ditos universitarios con Centro Europeo E-learning CEE","robots":{"index":"index","follow":"follow","max-snippet":"max-snippet:-1","max-image-preview":"max-image-preview:large","max-video-preview":"max-video-preview:-1"},"canonical":"https:\/\/centro-cee.com\/web\/universidad-clea\/","og_locale":"es_ES","og_type":"article","og_title":"Universidad CLEA - CEE Centro Europeo E-learning - Cursos online","og_description":"UNIVERSIDAD CLEA M\u00c9XICO, convenio de reconocimiento de cr\u00e9ditos universitarios con Centro Europeo E-learning CEE","og_url":"https:\/\/centro-cee.com\/web\/universidad-clea\/","og_site_name":"CEE Centro Europeo E-learning - Cursos online","article_modified_time":"2025-05-08T15:57:02+00:00","og_image":[{"width":300,"height":309,"url":"https:\/\/centro-cee.com\/web\/wp-content\/uploads\/2023\/06\/escudo-clea-color-e1688570281313.png","type":"image\/png"}],"twitter_card":"summary_large_image","twitter_misc":{"Tiempo de lectura":"2 minutos"},"schema":{"@context":"https:\/\/schema.org","@graph":[{"@type":"WebPage","@id":"https:\/\/centro-cee.com\/web\/universidad-clea\/","url":"https:\/\/centro-cee.com\/web\/universidad-clea\/","name":"Universidad CLEA - CEE Centro Europeo E-learning - Cursos online","isPartOf":{"@id":"https:\/\/centro-cee.com\/web\/#website"},"primaryImageOfPage":{"@id":"https:\/\/centro-cee.com\/web\/universidad-clea\/#primaryimage"},"image":{"@id":"https:\/\/centro-cee.com\/web\/universidad-clea\/#primaryimage"},"thumbnailUrl":"https:\/\/centro-cee.com\/web\/wp-content\/uploads\/2023\/06\/escudo-clea-color-291x300.png","datePublished":"2023-07-03T14:00:32+00:00","dateModified":"2025-05-08T15:57:02+00:00","description":"UNIVERSIDAD CLEA M\u00c9XICO, convenio de reconocimiento de cr\u00e9ditos universitarios con Centro Europeo E-learning CEE","breadcrumb":{"@id":"https:\/\/centro-cee.com\/web\/universidad-clea\/#breadcrumb"},"inLanguage":"es","potentialAction":[{"@type":"ReadAction","target":["https:\/\/centro-cee.com\/web\/universidad-clea\/"]}]},{"@type":"ImageObject","inLanguage":"es","@id":"https:\/\/centro-cee.com\/web\/universidad-clea\/#primaryimage","url":"https:\/\/centro-cee.com\/web\/wp-content\/uploads\/2023\/06\/escudo-clea-color-e1688570281313.png","contentUrl":"https:\/\/centro-cee.com\/web\/wp-content\/uploads\/2023\/06\/escudo-clea-color-e1688570281313.png","width":300,"height":309},{"@type":"BreadcrumbList","@id":"https:\/\/centro-cee.com\/web\/universidad-clea\/#breadcrumb","itemListElement":[{"@type":"ListItem","position":1,"name":"Portada","item":"https:\/\/centro-cee.com\/web\/"},{"@type":"ListItem","position":2,"name":"Universidad CLEA"}]},{"@type":"WebSite","@id":"https:\/\/centro-cee.com\/web\/#website","url":"https:\/\/centro-cee.com\/web\/","name":"Centro Europeo E-learning","description":"CEE Formaci\u00f3n Online","publisher":{"@id":"https:\/\/centro-cee.com\/web\/#organization"},"alternateName":"Centro Online de Formaci\u00f3n","potentialAction":[{"@type":"SearchAction","target":{"@type":"EntryPoint","urlTemplate":"https:\/\/centro-cee.com\/web\/?s={search_term_string}"},"query-input":{"@type":"PropertyValueSpecification","valueRequired":true,"valueName":"search_term_string"}}],"inLanguage":"es"},{"@type":"Organization","@id":"https:\/\/centro-cee.com\/web\/#organization","name":"Centro Europeo E-learning CEE","url":"https:\/\/centro-cee.com\/web\/","logo":{"@type":"ImageObject","inLanguage":"es","@id":"https:\/\/centro-cee.com\/web\/#\/schema\/logo\/image\/","url":"https:\/\/centro-cee.com\/web\/wp-content\/uploads\/2022\/12\/cropped-logo_educa.png","contentUrl":"https:\/\/centro-cee.com\/web\/wp-content\/uploads\/2022\/12\/cropped-logo_educa.png","width":157,"height":63,"caption":"Centro Europeo E-learning CEE"},"image":{"@id":"https:\/\/centro-cee.com\/web\/#\/schema\/logo\/image\/"},"sameAs":["https:\/\/www.instagram.com\/centroeuropeo_cee"]}]}},"_links":{"self":[{"href":"https:\/\/centro-cee.com\/web\/wp-json\/wp\/v2\/pages\/1323","targetHints":{"allow":["GET"]}}],"collection":[{"href":"https:\/\/centro-cee.com\/web\/wp-json\/wp\/v2\/pages"}],"about":[{"href":"https:\/\/centro-cee.com\/web\/wp-json\/wp\/v2\/types\/page"}],"author":[{"embeddable":true,"href":"https:\/\/centro-cee.com\/web\/wp-json\/wp\/v2\/users\/1"}],"replies":[{"embeddable":true,"href":"https:\/\/centro-cee.com\/web\/wp-json\/wp\/v2\/comments?post=1323"}],"version-history":[{"count":22,"href":"https:\/\/centro-cee.com\/web\/wp-json\/wp\/v2\/pages\/1323\/revisions"}],"predecessor-version":[{"id":1357,"href":"https:\/\/centro-cee.com\/web\/wp-json\/wp\/v2\/pages\/1323\/revisions\/1357"}],"wp:attachment":[{"href":"https:\/\/centro-cee.com\/web\/wp-json\/wp\/v2\/media?parent=1323"}],"curies":[{"name":"wp","href":"https:\/\/api.w.org\/{rel}","templated":true}]}}